{"id":5238,"date":"2022-02-20T22:26:29","date_gmt":"2022-02-20T22:26:29","guid":{"rendered":"https:\/\/medicinasinc.com\/es\/?post_type=product&#038;p=5238"},"modified":"2022-03-22T00:52:38","modified_gmt":"2022-03-22T00:52:38","slug":"comprar-lortab-10-325mg","status":"publish","type":"product","link":"https:\/\/medicinasinc.com\/es\/product\/comprar-lortab-10-325mg\/","title":{"rendered":"Comprar Lortab 10\/325mg"},"content":{"rendered":"<p>Las p\u00edldoras Lortab de 10\/325 mg se pueden comprar en l\u00ednea.<br \/> Lortab: \u00bfqu\u00e9 es?<br \/> Riesgos de Lortab<\/p>\n<p>Este medicamento combinado se usa para tratar el dolor que var\u00eda de leve a intenso. Comprende un analg\u00e9sico opioide (hidrocodona) as\u00ed como un analg\u00e9sico no opioide (paracetamol). La hidrocodona altera la forma en que su cuerpo percibe y responde al dolor al actuar sobre el cerebro. El paracetamol tambi\u00e9n puede ayudar a reducir la fiebre.<\/p>\n<p>Este producto no se recomienda para ni\u00f1os menores de seis a\u00f1os debido a un mayor riesgo de efectos adversos graves (como respiraci\u00f3n superficial\/lenta).<\/p>\n","protected":false},"excerpt":{"rendered":"<div class=\"woocommerce-product-details__short-description\">\n<p>Comprar pastillas de Lortab 10\/325 mg se pueden comprar en l\u00ednea. compra online de analg\u00e9sicos, compra online de analg\u00e9sicos, compra online de analg\u00e9sicos fuertes<\/p>\n<p>Lortab 10\/325mg pastillas a la venta en Reino Unido y Europa. compre analg\u00e9sicos en l\u00ednea, compre analg\u00e9sicos en l\u00ednea, sin receta, oxicodona en l\u00ednea, pastillas para el dolor, analg\u00e9sicos, pastillas ADD\/ADHD, pastillas de esteroides, pastillas contra la ansiedad, pastillas contra la depresi\u00f3n, pastillas para bajar de peso.<\/p>\n<p>Comprar lortab tabletas de acetaminof\u00e9n de 5 mg, 7,5 mg, 10 mg con la impresi\u00f3n m367 legalmente de una farmacia en l\u00ednea acreditada que ofrece entrega al d\u00eda siguiente.<\/p>\n<\/p><\/div>\n","protected":false},"featured_media":5256,"comment_status":"open","ping_status":"closed","template":"","meta":[],"product_brand":[],"product_cat":[1117],"product_tag":[1474,1473,1486,1487,1470,1488,1471,1489,1500,1497,1498,1501,1475,1320,1476,1477,1479,1478,1480,1481,1482,1485,1483,1484,1513,1503,1502,1496,1499,1472,1493,1494,1507,1495,1491,1492,1504,1505,1509,1508,1490,1512,1511,1510,1506],"class_list":{"0":"post-5238","1":"product","2":"type-product","3":"status-publish","4":"has-post-thumbnail","6":"product_cat-compre-pastillas-para-el-dolor-el-sueno-y-el-sexo","7":"product_tag-cuanto-tiempo-permanece-lortab-en-la-orina","8":"product_tag-cuanto-tiempo-permanece-lortab-en-su-sistema","9":"product_tag-lortab-adicciones","10":"product_tag-adicin-de-lortab","11":"product_tag-buying-lortab-online","12":"product_tag-lortab-clasificacin","13":"product_tag-diferencia-entre-lortab-y-percocet","14":"product_tag-dosis-de-lortab","15":"product_tag-lortab-efectos-secundarios","16":"product_tag-lortab-pic","17":"product_tag-lortab-imagen","18":"product_tag-lortab-fuerza","19":"product_tag-hidrocodona-lortab","20":"product_tag-lortab","21":"product_tag-lortab-10","22":"product_tag-lortab-10-325-calle-valor","23":"product_tag-lortab-10-imgenes","24":"product_tag-lortab-10-mg","25":"product_tag-lortab-5","26":"product_tag-lortab-5-mg","27":"product_tag-lortab-5-325","28":"product_tag-lortab-7-5-mg","29":"product_tag-lortab-7-5","30":"product_tag-lortab-7-5-325","31":"product_tag-amarillo-lortab-10","32":"product_tag-lortab-vs-norco","33":"product_tag-lortab-diez","34":"product_tag-lortab-en-linea","35":"product_tag-lortab-fotos","36":"product_tag-genrico-lortab","37":"product_tag-lortab-ingredient","38":"product_tag-lortab-ingredients","39":"product_tag-m366-lortab","40":"product_tag-lortab-m367","41":"product_tag-lortab-nombre-genrico","42":"product_tag-lortab-nombres-genricos","43":"product_tag-lortab-vs-oxycodone","44":"product_tag-lortab-vs-vicodina","45":"product_tag-norco-vs-lortab","46":"product_tag-norcolor-lortab","47":"product_tag-elixir-de-ottenab","48":"product_tag-que-es-lortab","49":"product_tag-que-es-un-lortab","50":"product_tag-que-son-lortab","51":"product_tag-retiro-de-lortab","53":"first","54":"instock","55":"shipping-taxable","56":"purchasable","57":"product-type-variable","58":"has-default-attributes"},"yoast_head":"<!-- This site is optimized with the Yoast SEO plugin v27.3 - https:\/\/yoast.com\/product\/yoast-seo-wordpress\/ -->\n<title>Comprar Lortab 10\/325mg - Best Best Global Meds<\/title>\n<meta name=\"description\" content=\"Compre pastillas de Lortab 10\/325 mg para la venta en el Reino Unido, Europa. compre analg\u00e9sicos en l\u00ednea, compre analg\u00e9sicos en l\u00ednea, lista de analg\u00e9sicos fuertes, sin receta, oxicodona en l\u00ednea, analg\u00e9sicos, analg\u00e9sicos, p\u00edldoras ADD \/ ADHD, p\u00edldoras de esteroides, p\u00edldoras contra la ansiedad, p\u00edldoras contra la depresi\u00f3n, p\u00edldoras para bajar de peso.\" \/>\n<meta name=\"robots\" content=\"index, follow, max-snippet:-1, max-image-preview:large, max-video-preview:-1\" \/>\n<link rel=\"canonical\" href=\"https:\/\/medicinasinc.com\/es\/product\/comprar-lortab-10-325mg\/\" \/>\n<meta property=\"og:locale\" content=\"es_ES\" \/>\n<meta property=\"og:type\" content=\"article\" \/>\n<meta property=\"og:title\" content=\"Comprar Lortab 10\/325mg - Best Best Global Meds\" \/>\n<meta property=\"og:description\" content=\"Compre pastillas de Lortab 10\/325 mg para la venta en el Reino Unido, Europa. compre analg\u00e9sicos en l\u00ednea, compre analg\u00e9sicos en l\u00ednea, lista de analg\u00e9sicos fuertes, sin receta, oxicodona en l\u00ednea, analg\u00e9sicos, analg\u00e9sicos, p\u00edldoras ADD \/ ADHD, p\u00edldoras de esteroides, p\u00edldoras contra la ansiedad, p\u00edldoras contra la depresi\u00f3n, p\u00edldoras para bajar de peso.\" \/>\n<meta property=\"og:url\" content=\"https:\/\/medicinasinc.com\/es\/product\/comprar-lortab-10-325mg\/\" \/>\n<meta property=\"og:site_name\" content=\"Medicinas Inc\" \/>\n<meta property=\"article:modified_time\" content=\"2022-03-22T00:52:38+00:00\" \/>\n<meta property=\"og:image\" content=\"https:\/\/medicinasinc.com\/es\/wp-content\/uploads\/sites\/15\/2022\/02\/buy-lortab-10-325mg-pills-online.jpg\" \/>\n\t<meta property=\"og:image:width\" content=\"600\" \/>\n\t<meta property=\"og:image:height\" content=\"600\" \/>\n\t<meta property=\"og:image:type\" content=\"image\/jpeg\" \/>\n<meta name=\"twitter:card\" content=\"summary_large_image\" \/>\n<meta name=\"twitter:label1\" content=\"Tiempo de lectura\" \/>\n\t<meta name=\"twitter:data1\" content=\"1 minuto\" \/>\n<script type=\"application\/ld+json\" class=\"yoast-schema-graph\">{\"@context\":\"https:\\\/\\\/schema.org\",\"@graph\":[{\"@type\":\"WebPage\",\"@id\":\"https:\\\/\\\/medicinasinc.com\\\/es\\\/product\\\/comprar-lortab-10-325mg\\\/\",\"url\":\"https:\\\/\\\/medicinasinc.com\\\/es\\\/product\\\/comprar-lortab-10-325mg\\\/\",\"name\":\"Comprar Lortab 10\\\/325mg - Best Best Global Meds\",\"isPartOf\":{\"@id\":\"https:\\\/\\\/medicinasinc.com\\\/es\\\/#website\"},\"primaryImageOfPage\":{\"@id\":\"https:\\\/\\\/medicinasinc.com\\\/es\\\/product\\\/comprar-lortab-10-325mg\\\/#primaryimage\"},\"image\":{\"@id\":\"https:\\\/\\\/medicinasinc.com\\\/es\\\/product\\\/comprar-lortab-10-325mg\\\/#primaryimage\"},\"thumbnailUrl\":\"https:\\\/\\\/medicinasinc.com\\\/es\\\/wp-content\\\/uploads\\\/sites\\\/15\\\/2022\\\/02\\\/buy-lortab-10-325mg-pills-online.jpg\",\"datePublished\":\"2022-02-20T22:26:29+00:00\",\"dateModified\":\"2022-03-22T00:52:38+00:00\",\"description\":\"Compre pastillas de Lortab 10\\\/325 mg para la venta en el Reino Unido, Europa. compre analg\u00e9sicos en l\u00ednea, compre analg\u00e9sicos en l\u00ednea, lista de analg\u00e9sicos fuertes, sin receta, oxicodona en l\u00ednea, analg\u00e9sicos, analg\u00e9sicos, p\u00edldoras ADD \\\/ ADHD, p\u00edldoras de esteroides, p\u00edldoras contra la ansiedad, p\u00edldoras contra la depresi\u00f3n, p\u00edldoras para bajar de peso.\",\"breadcrumb\":{\"@id\":\"https:\\\/\\\/medicinasinc.com\\\/es\\\/product\\\/comprar-lortab-10-325mg\\\/#breadcrumb\"},\"inLanguage\":\"es\",\"potentialAction\":[{\"@type\":\"ReadAction\",\"target\":[\"https:\\\/\\\/medicinasinc.com\\\/es\\\/product\\\/comprar-lortab-10-325mg\\\/\"]}]},{\"@type\":\"ImageObject\",\"inLanguage\":\"es\",\"@id\":\"https:\\\/\\\/medicinasinc.com\\\/es\\\/product\\\/comprar-lortab-10-325mg\\\/#primaryimage\",\"url\":\"https:\\\/\\\/medicinasinc.com\\\/es\\\/wp-content\\\/uploads\\\/sites\\\/15\\\/2022\\\/02\\\/buy-lortab-10-325mg-pills-online.jpg\",\"contentUrl\":\"https:\\\/\\\/medicinasinc.com\\\/es\\\/wp-content\\\/uploads\\\/sites\\\/15\\\/2022\\\/02\\\/buy-lortab-10-325mg-pills-online.jpg\",\"width\":600,\"height\":600},{\"@type\":\"BreadcrumbList\",\"@id\":\"https:\\\/\\\/medicinasinc.com\\\/es\\\/product\\\/comprar-lortab-10-325mg\\\/#breadcrumb\",\"itemListElement\":[{\"@type\":\"ListItem\",\"position\":1,\"name\":\"Tienda\",\"item\":\"https:\\\/\\\/medicinasinc.com\\\/es\\\/tienda\\\/\"},{\"@type\":\"ListItem\",\"position\":2,\"name\":\"Comprar Lortab 10\\\/325mg\"}]},{\"@type\":\"WebSite\",\"@id\":\"https:\\\/\\\/medicinasinc.com\\\/es\\\/#website\",\"url\":\"https:\\\/\\\/medicinasinc.com\\\/es\\\/\",\"name\":\"Medicinas Inc\",\"description\":\"Cl\u00ednica M\u00e9dica de Salud\",\"potentialAction\":[{\"@type\":\"SearchAction\",\"target\":{\"@type\":\"EntryPoint\",\"urlTemplate\":\"https:\\\/\\\/medicinasinc.com\\\/es\\\/?s={search_term_string}\"},\"query-input\":{\"@type\":\"PropertyValueSpecification\",\"valueRequired\":true,\"valueName\":\"search_term_string\"}}],\"inLanguage\":\"es\"}]}<\/script>\n<!-- \/ Yoast SEO plugin. -->","yoast_head_json":{"title":"Comprar Lortab 10\/325mg - Best Best Global Meds","description":"Compre pastillas de Lortab 10\/325 mg para la venta en el Reino Unido, Europa. compre analg\u00e9sicos en l\u00ednea, compre analg\u00e9sicos en l\u00ednea, lista de analg\u00e9sicos fuertes, sin receta, oxicodona en l\u00ednea, analg\u00e9sicos, analg\u00e9sicos, p\u00edldoras ADD \/ ADHD, p\u00edldoras de esteroides, p\u00edldoras contra la ansiedad, p\u00edldoras contra la depresi\u00f3n, p\u00edldoras para bajar de peso.","robots":{"index":"index","follow":"follow","max-snippet":"max-snippet:-1","max-image-preview":"max-image-preview:large","max-video-preview":"max-video-preview:-1"},"canonical":"https:\/\/medicinasinc.com\/es\/product\/comprar-lortab-10-325mg\/","og_locale":"es_ES","og_type":"article","og_title":"Comprar Lortab 10\/325mg - Best Best Global Meds","og_description":"Compre pastillas de Lortab 10\/325 mg para la venta en el Reino Unido, Europa. compre analg\u00e9sicos en l\u00ednea, compre analg\u00e9sicos en l\u00ednea, lista de analg\u00e9sicos fuertes, sin receta, oxicodona en l\u00ednea, analg\u00e9sicos, analg\u00e9sicos, p\u00edldoras ADD \/ ADHD, p\u00edldoras de esteroides, p\u00edldoras contra la ansiedad, p\u00edldoras contra la depresi\u00f3n, p\u00edldoras para bajar de peso.","og_url":"https:\/\/medicinasinc.com\/es\/product\/comprar-lortab-10-325mg\/","og_site_name":"Medicinas Inc","article_modified_time":"2022-03-22T00:52:38+00:00","og_image":[{"width":600,"height":600,"url":"https:\/\/medicinasinc.com\/es\/wp-content\/uploads\/sites\/15\/2022\/02\/buy-lortab-10-325mg-pills-online.jpg","type":"image\/jpeg"}],"twitter_card":"summary_large_image","twitter_misc":{"Tiempo de lectura":"1 minuto"},"schema":{"@context":"https:\/\/schema.org","@graph":[{"@type":"WebPage","@id":"https:\/\/medicinasinc.com\/es\/product\/comprar-lortab-10-325mg\/","url":"https:\/\/medicinasinc.com\/es\/product\/comprar-lortab-10-325mg\/","name":"Comprar Lortab 10\/325mg - Best Best Global Meds","isPartOf":{"@id":"https:\/\/medicinasinc.com\/es\/#website"},"primaryImageOfPage":{"@id":"https:\/\/medicinasinc.com\/es\/product\/comprar-lortab-10-325mg\/#primaryimage"},"image":{"@id":"https:\/\/medicinasinc.com\/es\/product\/comprar-lortab-10-325mg\/#primaryimage"},"thumbnailUrl":"https:\/\/medicinasinc.com\/es\/wp-content\/uploads\/sites\/15\/2022\/02\/buy-lortab-10-325mg-pills-online.jpg","datePublished":"2022-02-20T22:26:29+00:00","dateModified":"2022-03-22T00:52:38+00:00","description":"Compre pastillas de Lortab 10\/325 mg para la venta en el Reino Unido, Europa. compre analg\u00e9sicos en l\u00ednea, compre analg\u00e9sicos en l\u00ednea, lista de analg\u00e9sicos fuertes, sin receta, oxicodona en l\u00ednea, analg\u00e9sicos, analg\u00e9sicos, p\u00edldoras ADD \/ ADHD, p\u00edldoras de esteroides, p\u00edldoras contra la ansiedad, p\u00edldoras contra la depresi\u00f3n, p\u00edldoras para bajar de peso.","breadcrumb":{"@id":"https:\/\/medicinasinc.com\/es\/product\/comprar-lortab-10-325mg\/#breadcrumb"},"inLanguage":"es","potentialAction":[{"@type":"ReadAction","target":["https:\/\/medicinasinc.com\/es\/product\/comprar-lortab-10-325mg\/"]}]},{"@type":"ImageObject","inLanguage":"es","@id":"https:\/\/medicinasinc.com\/es\/product\/comprar-lortab-10-325mg\/#primaryimage","url":"https:\/\/medicinasinc.com\/es\/wp-content\/uploads\/sites\/15\/2022\/02\/buy-lortab-10-325mg-pills-online.jpg","contentUrl":"https:\/\/medicinasinc.com\/es\/wp-content\/uploads\/sites\/15\/2022\/02\/buy-lortab-10-325mg-pills-online.jpg","width":600,"height":600},{"@type":"BreadcrumbList","@id":"https:\/\/medicinasinc.com\/es\/product\/comprar-lortab-10-325mg\/#breadcrumb","itemListElement":[{"@type":"ListItem","position":1,"name":"Tienda","item":"https:\/\/medicinasinc.com\/es\/tienda\/"},{"@type":"ListItem","position":2,"name":"Comprar Lortab 10\/325mg"}]},{"@type":"WebSite","@id":"https:\/\/medicinasinc.com\/es\/#website","url":"https:\/\/medicinasinc.com\/es\/","name":"Medicinas Inc","description":"Cl\u00ednica M\u00e9dica de Salud","potentialAction":[{"@type":"SearchAction","target":{"@type":"EntryPoint","urlTemplate":"https:\/\/medicinasinc.com\/es\/?s={search_term_string}"},"query-input":{"@type":"PropertyValueSpecification","valueRequired":true,"valueName":"search_term_string"}}],"inLanguage":"es"}]}},"_links":{"self":[{"href":"https:\/\/medicinasinc.com\/es\/wp-json\/wp\/v2\/product\/5238","targetHints":{"allow":["GET"]}}],"collection":[{"href":"https:\/\/medicinasinc.com\/es\/wp-json\/wp\/v2\/product"}],"about":[{"href":"https:\/\/medicinasinc.com\/es\/wp-json\/wp\/v2\/types\/product"}],"replies":[{"embeddable":true,"href":"https:\/\/medicinasinc.com\/es\/wp-json\/wp\/v2\/comments?post=5238"}],"wp:featuredmedia":[{"embeddable":true,"href":"https:\/\/medicinasinc.com\/es\/wp-json\/wp\/v2\/media\/5256"}],"wp:attachment":[{"href":"https:\/\/medicinasinc.com\/es\/wp-json\/wp\/v2\/media?parent=5238"}],"wp:term":[{"taxonomy":"product_brand","embeddable":true,"href":"https:\/\/medicinasinc.com\/es\/wp-json\/wp\/v2\/product_brand?post=5238"},{"taxonomy":"product_cat","embeddable":true,"href":"https:\/\/medicinasinc.com\/es\/wp-json\/wp\/v2\/product_cat?post=5238"},{"taxonomy":"product_tag","embeddable":true,"href":"https:\/\/medicinasinc.com\/es\/wp-json\/wp\/v2\/product_tag?post=5238"}],"curies":[{"name":"wp","href":"https:\/\/api.w.org\/{rel}","templated":true}]}}