{"id":5237,"date":"2022-02-20T22:24:46","date_gmt":"2022-02-20T22:24:46","guid":{"rendered":"https:\/\/medicinasinc.com\/es\/?post_type=product&#038;p=5237"},"modified":"2022-03-22T00:52:49","modified_gmt":"2022-03-22T00:52:49","slug":"comprar-lioresal-baclofeno-25mg-pastillas","status":"publish","type":"product","link":"https:\/\/medicinasinc.com\/es\/product\/comprar-lioresal-baclofeno-25mg-pastillas\/","title":{"rendered":"Comprar Lioresal Baclofen 25mg pastillas"},"content":{"rendered":"<p>Las pastillas Lioresal Baclofen 25mg se pueden comprar online.<\/p>\n<p>INDICACIONES<\/p>\n<p>Lioresal (Baclofen) es un antiespasm\u00f3dico y relajante muscular.<\/p>\n<p>Baclofen se usa para tratar espasmos musculares, malestar y rigidez asociados con la esclerosis m\u00faltiple.<\/p>\n<p>El baclofeno se puede usar para condiciones adicionales no incluidas en esta gu\u00eda de medicamentos.<\/p>\n<p>INDICACIONES<\/p>\n<p>Tome exactamente seg\u00fan las indicaciones de su m\u00e9dico. No consuma m\u00e1s o menos de la cantidad sugerida o por m\u00e1s tiempo del recomendado. Cumpla con las instrucciones especificadas en la etiqueta de su medicamento.<\/p>\n<p>Su m\u00e9dico puede ajustar ocasionalmente su dosis para garantizar que obtenga los mejores resultados posibles.<br \/> Consulte a su m\u00e9dico si sus molestias musculares persisten despu\u00e9s de dos semanas de tratamiento con este medicamento. No suspenda este medicamento sin antes consultar a su m\u00e9dico. Cuando deja de tomar baclofeno despu\u00e9s de un per\u00edodo prolongado de uso, puede tener s\u00edntomas de abstinencia como convulsiones o alucinaciones. Es posible que necesite usar el medicamento cada vez menos hasta que lo suspenda por completo.<\/p>\n<p>DOSIFICACI\u00d3N<\/p>\n<p>Tome el medicamento exactamente como se lo recet\u00f3 su m\u00e9dico.<\/p>\n<p>Pacientes adultos con espasticidad de la m\u00e9dula espinal: despu\u00e9s de las primeras 24 horas, la dosis diaria para pacientes adultos debe aumentarse gradualmente en incrementos de 10 a 30 % y solo una vez cada 24 horas, hasta obtener el efecto terap\u00e9utico deseado.<\/p>\n<p>Adultos con Espasticidad Cerebral: Despu\u00e9s de las primeras 24 horas, la dosis diaria debe incrementarse gradualmente en un 5-15% cada 24 horas, hasta obtener el efecto terap\u00e9utico deseado.<\/p>\n<p>Despu\u00e9s de las primeras 24 horas, la dosis diaria debe aumentarse gradualmente en un 5-15 por ciento cada 24 horas, hasta obtener el efecto terap\u00e9utico deseado. Si un aumento en la dosis diaria no produce una respuesta cl\u00ednica significativa, verifique el buen funcionamiento de la bomba y la permeabilidad del cat\u00e9ter. Durante la fase de selecci\u00f3n y el per\u00edodo de titulaci\u00f3n de la dosis inmediatamente despu\u00e9s del implante, los pacientes deben ser monitoreados regularmente en un entorno bien equipado y con personal. El equipo de reanimaci\u00f3n debe estar f\u00e1cilmente disponible en caso de efectos adversos potencialmente mortales o inaceptables.<\/p>\n<p>ALMACENAMIENTO<\/p>\n<p>No se requiere refrigeraci\u00f3n.<\/p>\n<p>Almacenar por debajo de 86 \u00b0F ( 30\u00b0C).<\/p>\n<p>Evitar la congelaci\u00f3n.<\/p>\n<p>Evitar la esterilizaci\u00f3n por calor.<\/p>\n<p>INFORMACI\u00d3N ADICIONAL:<\/p>\n<p>El baclofeno es el componente activo.<\/p>\n<p>Lioresal es un analg\u00e9sico. Disminuye significativamente la frecuencia e intensidad de los espasmos musculares causados \u200b\u200bpor enfermedades neurol\u00f3gicas como la esclerosis m\u00faltiple.<\/p>\n<p>INFORMACI\u00d3N DE SEGURIDAD IMPORTANTE<\/p>\n<p>Si es al\u00e9rgico al baclofeno, debe evitar su uso.<\/p>\n<p>Informe a su m\u00e9dico si tiene cualquiera de las siguientes condiciones adicionales para asegurarse de que puede tomar baclofeno de manera segura:<\/p>\n<p>enfermedad de los ri\u00f1ones<\/p>\n<p>una enfermedad convulsiva como epilepsia; o<\/p>\n<p>antecedentes personales o familiares de accidente cerebrovascular o co\u00e1gulos sangu\u00edneos.<\/p>\n<p>El uso de baclofeno puede aumentar el riesgo de desarrollar un quiste ov\u00e1rico. Consulte a su m\u00e9dico con respecto a su riesgo espec\u00edfico. Clasificaci\u00f3n C del embarazo por la FDA. No se sabe si el baclofeno es t\u00f3xico para el feto. Informe a su m\u00e9dico si est\u00e1 embarazada o desea quedar embarazada mientras toma este medicamento. Se desconoce si el baclofeno pasa a la leche materna o si es perjudicial para los lactantes. Se debe evitar la lactancia cuando se toma baclofeno. Nunca administre este medicamento a un ni\u00f1o menor de 12 a\u00f1os. Las personas mayores pueden ser m\u00e1s susceptibles a los efectos de este medicamento.<\/p>\n<p>Informaci\u00f3n de seguridad cr\u00edtica<\/p>\n<p>Este medicamento tiene el potencial de afectar su pensamiento y reacciones. Tenga cuidado si conduce o hace cualquier otra cosa que requiera estar alerta. El consumo de alcohol puede exacerbar ciertos efectos adversos del baclofeno. Evite el uso de baclofeno durante los momentos en que se requiere tono muscular para el equilibrio y la movilidad adecuados durante actividades espec\u00edficas. En algunas circunstancias, estar en un estado de bajo tono muscular puede poner en peligro su seguridad f\u00edsica.<\/p>\n<div class=\"product-next-previous\">\n<div class=\"product-prev\">\n<p><strong>EFECTOS SECUNDARIOS<\/strong><\/p>\n<p>Busque ayuda m\u00e9dica de emergencia si tiene alguno de estos s\u00edntomas de una reacci\u00f3n al\u00e9rgica: urticaria; dificultad para respirar; hinchaz\u00f3n de la cara, los labios, la lengua o la garganta. Llame a su m\u00e9dico de inmediato si tiene un efecto secundario grave como:<\/p>\n<p>ataque (convulsiones);<\/p>\n<p>confusi\u00f3n, alucinaciones; o<\/p>\n<p>latidos irregulares del coraz\u00f3n.<\/p>\n<p>Efectos secundarios de menor gravedad pueden incluir:<\/p>\n<p>somnolencia, mareos, debilidad, sensaci\u00f3n de cansancio;<\/p>\n<p>dolor de cabeza ;<\/p>\n<p>problemas para dormir (insomnio);<\/p>\n<p>n\u00e1useas, estre\u00f1imiento; u<\/p>\n<p>orinar con m\u00e1s frecuencia de lo habitual.<\/p>\n<p>Esta no es una lista completa de los efectos secundarios y pueden ocurrir otros.<\/p>\n<p>Llame a su m\u00e9dico para recibir asesoramiento m\u00e9dico sobre los efectos secundarios. efectos.<\/p>\n<\/p><\/div><\/div>\n<div class=\"product-next-anterior\">\n<div class=\"product-prev\"><\/div><\/div>\n","protected":false},"excerpt":{"rendered":"<p>Compre en l\u00ednea Lioresal Baclofen de 25 mg en pastillas para la venta en Europa y el Reino Unido. Los comprimidos de Lioresal de f\u00f3rmula tridimensional de baclofeno se deben tragar enteros, con alimentos. La dosis inicial es de 5 mg tres veces al d\u00eda.<\/p>\n<p>Lioresal 25 mg Tablet (10 Tab) se puede comprar en l\u00ednea. BACLOFEN 25MG es el nombre gen\u00e9rico. Lioresal\u00a0&#8230; Cada comprimido de Lioresal de 25 mg no recubierto contiene 25 mg de baclofeno.<\/p>\n<p>uso de baclofeno en el Reino Unido pastillas de baclofeno \u00bfqu\u00e9 son? medicamento lioresal 25 mg baclofeno lioresal 10 mg comprimido<\/p>\n<p>10 mg baclofeno comprimido<\/p>\n","protected":false},"featured_media":5254,"comment_status":"open","ping_status":"closed","template":"","meta":[],"product_brand":[],"product_cat":[1117],"product_tag":[1439,1441,1442,1443,1448,1449,1450,1451,1440,1444,1445,1446,1447,1463,1453,1452,1454,1455,1456,1458,1467,1468,1459,1457,1462,1461,1464,1465,1466,1469,1460],"class_list":{"0":"post-5237","1":"product","2":"type-product","3":"status-publish","4":"has-post-thumbnail","6":"product_cat-compre-pastillas-para-el-dolor-el-sueno-y-el-sexo","7":"product_tag-an-unlabeled-use-for-baclofen-lioresal-is-for-treating","8":"product_tag-baclofen-lioresal-20mg","9":"product_tag-baclofen-lioresal-1-to-2-months","10":"product_tag-baclofen-lioresal-10-mg-oral-ta","11":"product_tag-baclofen-lioresal-10-mg","12":"product_tag-baclofen-lioresal-buy-mexico","13":"product_tag-baclofen-lioresal-drug-class","14":"product_tag-baclofen-lioresal-oral-intrathecal","15":"product_tag-baclofeno-lioresal","16":"product_tag-baclofen-lioresal-estimulante","17":"product_tag-baclofen-lioresal-efectos-secundarios","18":"product_tag-baclofeno-10-mg-genrico-para-lioresal-necesita-comer-antes","19":"product_tag-baclofeno-gablofeno-lioresal","20":"product_tag-lioresal-baclofeno","21":"product_tag-baclofen-lioresal-por-que-estoy-tan-cansado","22":"product_tag-baclofeno-lioresal-tizanidina-zanaflex","23":"product_tag-baclofeno-vs-lioresal","24":"product_tag-baclofeno","25":"product_tag-dantroleno-dantrium","26":"product_tag-dosificacin-de-lioresal-10-mg","27":"product_tag-dosis-de-lioresal","28":"product_tag-efectos-secundarios-lioresal","29":"product_tag-efectos-secundarios-lioresal-10-mg","30":"product_tag-lioresal-10-mg-baclofeno","31":"product_tag-efectos-secundarios-lioresal-25","32":"product_tag-lioresal-25-mg-baclofeno","33":"product_tag-lioresal-baclofen-10-mg","34":"product_tag-lioresal-baclofeno-25-mg","35":"product_tag-folleto-lioresal-baclofeno","36":"product_tag-tizanidina","37":"product_tag-usos-de-la-comprimido-de-lioresal-10-mg","39":"first","40":"instock","41":"shipping-taxable","42":"purchasable","43":"product-type-variable","44":"has-default-attributes"},"yoast_head":"<!-- This site is optimized with the Yoast SEO plugin v27.3 - https:\/\/yoast.com\/product\/yoast-seo-wordpress\/ -->\n<title>Comprar Lioresal Baclofen 25mg pastillas - Best Global Meds<\/title>\n<meta name=\"description\" content=\"Compre Lioresal Baclofen 25mg pastillas para la venta en Europa, Reino Unido en l\u00ednea. Los comprimidos de Baclofen 3d f\u00f3rmula Lioresal se deben tomar por v\u00eda oral, con alimentos. La dosis inicial es de 5 mg 3 veces al d\u00eda.\" \/>\n<meta name=\"robots\" content=\"index, follow, max-snippet:-1, max-image-preview:large, max-video-preview:-1\" \/>\n<link rel=\"canonical\" href=\"https:\/\/medicinasinc.com\/es\/product\/comprar-lioresal-baclofeno-25mg-pastillas\/\" \/>\n<meta property=\"og:locale\" content=\"es_ES\" \/>\n<meta property=\"og:type\" content=\"article\" \/>\n<meta property=\"og:title\" content=\"Comprar Lioresal Baclofen 25mg pastillas - Best Global Meds\" \/>\n<meta property=\"og:description\" content=\"Compre Lioresal Baclofen 25mg pastillas para la venta en Europa, Reino Unido en l\u00ednea. Los comprimidos de Baclofen 3d f\u00f3rmula Lioresal se deben tomar por v\u00eda oral, con alimentos. La dosis inicial es de 5 mg 3 veces al d\u00eda.\" \/>\n<meta property=\"og:url\" content=\"https:\/\/medicinasinc.com\/es\/product\/comprar-lioresal-baclofeno-25mg-pastillas\/\" \/>\n<meta property=\"og:site_name\" content=\"Medicinas Inc\" \/>\n<meta property=\"article:modified_time\" content=\"2022-03-22T00:52:49+00:00\" \/>\n<meta property=\"og:image\" content=\"https:\/\/medicinasinc.com\/es\/wp-content\/uploads\/sites\/15\/2022\/02\/Buy-Lioresal-Baclofen-25mg.jpg\" \/>\n\t<meta property=\"og:image:width\" content=\"1280\" \/>\n\t<meta property=\"og:image:height\" content=\"720\" \/>\n\t<meta property=\"og:image:type\" content=\"image\/jpeg\" \/>\n<meta name=\"twitter:card\" content=\"summary_large_image\" \/>\n<meta name=\"twitter:label1\" content=\"Tiempo de lectura\" \/>\n\t<meta name=\"twitter:data1\" content=\"3 minutos\" \/>\n<script type=\"application\/ld+json\" class=\"yoast-schema-graph\">{\"@context\":\"https:\\\/\\\/schema.org\",\"@graph\":[{\"@type\":\"WebPage\",\"@id\":\"https:\\\/\\\/medicinasinc.com\\\/es\\\/product\\\/comprar-lioresal-baclofeno-25mg-pastillas\\\/\",\"url\":\"https:\\\/\\\/medicinasinc.com\\\/es\\\/product\\\/comprar-lioresal-baclofeno-25mg-pastillas\\\/\",\"name\":\"Comprar Lioresal Baclofen 25mg pastillas - Best Global Meds\",\"isPartOf\":{\"@id\":\"https:\\\/\\\/medicinasinc.com\\\/es\\\/#website\"},\"primaryImageOfPage\":{\"@id\":\"https:\\\/\\\/medicinasinc.com\\\/es\\\/product\\\/comprar-lioresal-baclofeno-25mg-pastillas\\\/#primaryimage\"},\"image\":{\"@id\":\"https:\\\/\\\/medicinasinc.com\\\/es\\\/product\\\/comprar-lioresal-baclofeno-25mg-pastillas\\\/#primaryimage\"},\"thumbnailUrl\":\"https:\\\/\\\/medicinasinc.com\\\/es\\\/wp-content\\\/uploads\\\/sites\\\/15\\\/2022\\\/02\\\/Buy-Lioresal-Baclofen-25mg.jpg\",\"datePublished\":\"2022-02-20T22:24:46+00:00\",\"dateModified\":\"2022-03-22T00:52:49+00:00\",\"description\":\"Compre Lioresal Baclofen 25mg pastillas para la venta en Europa, Reino Unido en l\u00ednea. Los comprimidos de Baclofen 3d f\u00f3rmula Lioresal se deben tomar por v\u00eda oral, con alimentos. La dosis inicial es de 5 mg 3 veces al d\u00eda.\",\"breadcrumb\":{\"@id\":\"https:\\\/\\\/medicinasinc.com\\\/es\\\/product\\\/comprar-lioresal-baclofeno-25mg-pastillas\\\/#breadcrumb\"},\"inLanguage\":\"es\",\"potentialAction\":[{\"@type\":\"ReadAction\",\"target\":[\"https:\\\/\\\/medicinasinc.com\\\/es\\\/product\\\/comprar-lioresal-baclofeno-25mg-pastillas\\\/\"]}]},{\"@type\":\"ImageObject\",\"inLanguage\":\"es\",\"@id\":\"https:\\\/\\\/medicinasinc.com\\\/es\\\/product\\\/comprar-lioresal-baclofeno-25mg-pastillas\\\/#primaryimage\",\"url\":\"https:\\\/\\\/medicinasinc.com\\\/es\\\/wp-content\\\/uploads\\\/sites\\\/15\\\/2022\\\/02\\\/Buy-Lioresal-Baclofen-25mg.jpg\",\"contentUrl\":\"https:\\\/\\\/medicinasinc.com\\\/es\\\/wp-content\\\/uploads\\\/sites\\\/15\\\/2022\\\/02\\\/Buy-Lioresal-Baclofen-25mg.jpg\",\"width\":1280,\"height\":720},{\"@type\":\"BreadcrumbList\",\"@id\":\"https:\\\/\\\/medicinasinc.com\\\/es\\\/product\\\/comprar-lioresal-baclofeno-25mg-pastillas\\\/#breadcrumb\",\"itemListElement\":[{\"@type\":\"ListItem\",\"position\":1,\"name\":\"Tienda\",\"item\":\"https:\\\/\\\/medicinasinc.com\\\/es\\\/tienda\\\/\"},{\"@type\":\"ListItem\",\"position\":2,\"name\":\"Comprar Lioresal Baclofen 25mg pastillas\"}]},{\"@type\":\"WebSite\",\"@id\":\"https:\\\/\\\/medicinasinc.com\\\/es\\\/#website\",\"url\":\"https:\\\/\\\/medicinasinc.com\\\/es\\\/\",\"name\":\"Medicinas Inc\",\"description\":\"Cl\u00ednica M\u00e9dica de Salud\",\"potentialAction\":[{\"@type\":\"SearchAction\",\"target\":{\"@type\":\"EntryPoint\",\"urlTemplate\":\"https:\\\/\\\/medicinasinc.com\\\/es\\\/?s={search_term_string}\"},\"query-input\":{\"@type\":\"PropertyValueSpecification\",\"valueRequired\":true,\"valueName\":\"search_term_string\"}}],\"inLanguage\":\"es\"}]}<\/script>\n<!-- \/ Yoast SEO plugin. -->","yoast_head_json":{"title":"Comprar Lioresal Baclofen 25mg pastillas - Best Global Meds","description":"Compre Lioresal Baclofen 25mg pastillas para la venta en Europa, Reino Unido en l\u00ednea. Los comprimidos de Baclofen 3d f\u00f3rmula Lioresal se deben tomar por v\u00eda oral, con alimentos. La dosis inicial es de 5 mg 3 veces al d\u00eda.","robots":{"index":"index","follow":"follow","max-snippet":"max-snippet:-1","max-image-preview":"max-image-preview:large","max-video-preview":"max-video-preview:-1"},"canonical":"https:\/\/medicinasinc.com\/es\/product\/comprar-lioresal-baclofeno-25mg-pastillas\/","og_locale":"es_ES","og_type":"article","og_title":"Comprar Lioresal Baclofen 25mg pastillas - Best Global Meds","og_description":"Compre Lioresal Baclofen 25mg pastillas para la venta en Europa, Reino Unido en l\u00ednea. Los comprimidos de Baclofen 3d f\u00f3rmula Lioresal se deben tomar por v\u00eda oral, con alimentos. La dosis inicial es de 5 mg 3 veces al d\u00eda.","og_url":"https:\/\/medicinasinc.com\/es\/product\/comprar-lioresal-baclofeno-25mg-pastillas\/","og_site_name":"Medicinas Inc","article_modified_time":"2022-03-22T00:52:49+00:00","og_image":[{"width":1280,"height":720,"url":"https:\/\/medicinasinc.com\/es\/wp-content\/uploads\/sites\/15\/2022\/02\/Buy-Lioresal-Baclofen-25mg.jpg","type":"image\/jpeg"}],"twitter_card":"summary_large_image","twitter_misc":{"Tiempo de lectura":"3 minutos"},"schema":{"@context":"https:\/\/schema.org","@graph":[{"@type":"WebPage","@id":"https:\/\/medicinasinc.com\/es\/product\/comprar-lioresal-baclofeno-25mg-pastillas\/","url":"https:\/\/medicinasinc.com\/es\/product\/comprar-lioresal-baclofeno-25mg-pastillas\/","name":"Comprar Lioresal Baclofen 25mg pastillas - Best Global Meds","isPartOf":{"@id":"https:\/\/medicinasinc.com\/es\/#website"},"primaryImageOfPage":{"@id":"https:\/\/medicinasinc.com\/es\/product\/comprar-lioresal-baclofeno-25mg-pastillas\/#primaryimage"},"image":{"@id":"https:\/\/medicinasinc.com\/es\/product\/comprar-lioresal-baclofeno-25mg-pastillas\/#primaryimage"},"thumbnailUrl":"https:\/\/medicinasinc.com\/es\/wp-content\/uploads\/sites\/15\/2022\/02\/Buy-Lioresal-Baclofen-25mg.jpg","datePublished":"2022-02-20T22:24:46+00:00","dateModified":"2022-03-22T00:52:49+00:00","description":"Compre Lioresal Baclofen 25mg pastillas para la venta en Europa, Reino Unido en l\u00ednea. Los comprimidos de Baclofen 3d f\u00f3rmula Lioresal se deben tomar por v\u00eda oral, con alimentos. La dosis inicial es de 5 mg 3 veces al d\u00eda.","breadcrumb":{"@id":"https:\/\/medicinasinc.com\/es\/product\/comprar-lioresal-baclofeno-25mg-pastillas\/#breadcrumb"},"inLanguage":"es","potentialAction":[{"@type":"ReadAction","target":["https:\/\/medicinasinc.com\/es\/product\/comprar-lioresal-baclofeno-25mg-pastillas\/"]}]},{"@type":"ImageObject","inLanguage":"es","@id":"https:\/\/medicinasinc.com\/es\/product\/comprar-lioresal-baclofeno-25mg-pastillas\/#primaryimage","url":"https:\/\/medicinasinc.com\/es\/wp-content\/uploads\/sites\/15\/2022\/02\/Buy-Lioresal-Baclofen-25mg.jpg","contentUrl":"https:\/\/medicinasinc.com\/es\/wp-content\/uploads\/sites\/15\/2022\/02\/Buy-Lioresal-Baclofen-25mg.jpg","width":1280,"height":720},{"@type":"BreadcrumbList","@id":"https:\/\/medicinasinc.com\/es\/product\/comprar-lioresal-baclofeno-25mg-pastillas\/#breadcrumb","itemListElement":[{"@type":"ListItem","position":1,"name":"Tienda","item":"https:\/\/medicinasinc.com\/es\/tienda\/"},{"@type":"ListItem","position":2,"name":"Comprar Lioresal Baclofen 25mg pastillas"}]},{"@type":"WebSite","@id":"https:\/\/medicinasinc.com\/es\/#website","url":"https:\/\/medicinasinc.com\/es\/","name":"Medicinas Inc","description":"Cl\u00ednica M\u00e9dica de Salud","potentialAction":[{"@type":"SearchAction","target":{"@type":"EntryPoint","urlTemplate":"https:\/\/medicinasinc.com\/es\/?s={search_term_string}"},"query-input":{"@type":"PropertyValueSpecification","valueRequired":true,"valueName":"search_term_string"}}],"inLanguage":"es"}]}},"_links":{"self":[{"href":"https:\/\/medicinasinc.com\/es\/wp-json\/wp\/v2\/product\/5237","targetHints":{"allow":["GET"]}}],"collection":[{"href":"https:\/\/medicinasinc.com\/es\/wp-json\/wp\/v2\/product"}],"about":[{"href":"https:\/\/medicinasinc.com\/es\/wp-json\/wp\/v2\/types\/product"}],"replies":[{"embeddable":true,"href":"https:\/\/medicinasinc.com\/es\/wp-json\/wp\/v2\/comments?post=5237"}],"wp:featuredmedia":[{"embeddable":true,"href":"https:\/\/medicinasinc.com\/es\/wp-json\/wp\/v2\/media\/5254"}],"wp:attachment":[{"href":"https:\/\/medicinasinc.com\/es\/wp-json\/wp\/v2\/media?parent=5237"}],"wp:term":[{"taxonomy":"product_brand","embeddable":true,"href":"https:\/\/medicinasinc.com\/es\/wp-json\/wp\/v2\/product_brand?post=5237"},{"taxonomy":"product_cat","embeddable":true,"href":"https:\/\/medicinasinc.com\/es\/wp-json\/wp\/v2\/product_cat?post=5237"},{"taxonomy":"product_tag","embeddable":true,"href":"https:\/\/medicinasinc.com\/es\/wp-json\/wp\/v2\/product_tag?post=5237"}],"curies":[{"name":"wp","href":"https:\/\/api.w.org\/{rel}","templated":true}]}}