{"id":5236,"date":"2022-02-20T22:23:28","date_gmt":"2022-02-20T22:23:28","guid":{"rendered":"https:\/\/medicinasinc.com\/es\/?post_type=product&#038;p=5236"},"modified":"2022-03-22T00:52:59","modified_gmt":"2022-03-22T00:52:59","slug":"comprar-lexotanil-bromazepam-3mg-pastillas-online","status":"publish","type":"product","link":"https:\/\/medicinasinc.com\/es\/product\/comprar-lexotanil-bromazepam-3mg-pastillas-online\/","title":{"rendered":"Compre Lexotanil Bromazepam 3mg pastillas en l\u00ednea"},"content":{"rendered":"<p>Lexotanil Bromazepam 3mg comprimidos para comprar online<br \/> Lexotanil Bromazepam 3mg comprimidos online | lexotanil bromazepam<br \/> \u00bfCu\u00e1l es el prop\u00f3sito del bromazepam lexotanil 3 mg?<br \/> El bromazepam (nombre comercial Lexotan\u00ae) es una benzodiazepina. Se utiliza principalmente para ayudar en el tratamiento de los s\u00edntomas de ansiedad. Adem\u00e1s, se puede utilizar para aliviar los s\u00edntomas de p\u00e1nico y ansiedad social. Se fabrica en forma de tabletas.<\/p>\n<p>\u00bfCu\u00e1l es la dosis t\u00edpica de bromazepam?<\/p>\n<p>El bromazepam generalmente se prescribe en adultos para la ansiedad en una dosis de 3 a 18 mg por d\u00eda, com\u00fanmente repartida por todo el cuerpo. El dia. En adultos mayores, la dosis debe reducirse a la mitad, es decir, la mitad de la dosis del adulto.<\/p>\n<p>\u00bfC\u00f3mo y cu\u00e1ndo se debe tomar Lexotan lexotanil 3 mg?<\/p>\n<p>Sentado o de pie, tragar las pastillas con al menos medio vaso de agua. Esto asegura que llegue al est\u00f3mago y no se atasque en la garganta. Es seguro tomar bromazepam antes, con o despu\u00e9s de comer.<\/p>\n<p>\u00bfCu\u00e1nto tiempo tardar\u00e1 en hacer efecto el bromazepam?<br \/> El bromazepam a menudo comienza a funcionar despu\u00e9s de aproximadamente una hora. El efecto puede intensificarse en el transcurso de varios d\u00edas o semanas.<br \/> \u00bfCu\u00e1nto tiempo debo continuar tomando lexotanil 3 mg?<br \/> Esto variar\u00e1 seg\u00fan el prop\u00f3sito para el que lo est\u00e9 tomando. LEXOTANIL, a menudo escrito Lexotan<\/p>\n<p>\u00bfPuedo dejar de tomar bromazepam abruptamente?<\/p>\n<p>Si toma bromazepam diariamente durante m\u00e1s de 4 a 6 semanas aproximadamente, puede desarrollar una adicci\u00f3n a \u00e9l , pero esto no es una preocupaci\u00f3n si lo est\u00e1 tomando para la epilepsia. Si lo ha estado tomando regularmente, puede ser prudente disminuir gradualmente la dosis durante unos d\u00edas o semanas. Debe discutir esto en detalle con su m\u00e9dico, m\u00e9dico, enfermera o farmac\u00e9utico. Si lo toma \u00abseg\u00fan sea necesario\u00bb cada pocos d\u00edas, deber\u00eda poder suspenderlo cuando ya no lo necesite. 3 lexotanil<\/p>\n<p>\u00bfQu\u00e9 hago si olvido una dosis de LEXOTAN?<br \/> Tome la dosis que olvid\u00f3 tan pronto como se acuerde, a menos que falten menos de 4 horas para su pr\u00f3xima dosis.<br \/> Si recuerda haber seguido esto, simplemente tome su pr\u00f3xima dosis como de costumbre. No intente ponerse al d\u00eda tomando dos dosis al mismo tiempo, ya que esto puede resultar en un aumento de los efectos adversos.<br \/> \u00bfPuedo consumir alcohol cuando tomo bromazepam? Compre BROMAZEPAM LEXOTANIL, tambi\u00e9n conocido como Lexotan 3 MG.<br \/> Si bebe alcohol mientras toma LEXOTANIL, puede experimentar un aumento de la somnolencia. Esto es especialmente cr\u00edtico si va a conducir o usar maquinaria, y debe recibir asesoramiento al respecto.<\/p>\n<p>\u00bfQu\u00e9 tipo de efectos adversos puedo experimentar si tomo bromazepam? Compre BROMAZEPAM LEXOTANIL, tambi\u00e9n conocido como Lexotan 3 MG.<\/p>\n<p>Muchas personas obtienen: Solo unas pocas personas obtienen: Solo unas pocas personas seleccionadas obtienen:<br \/> Mareos<br \/> Somnolencia<br \/> El al d\u00eda siguiente, puede sentirse inestable sobre sus pies.<br \/> Dolor de cabeza<br \/> Confusi\u00f3n<br \/> Insomnio (olvidar cosas)<br \/> No se alarme por la siguiente lista de efectos adversos. Algunas personas no experimentan ning\u00fan efecto adverso, mientras que otras pueden experimentar algunos que no est\u00e1n incluidos aqu\u00ed. Si cree que puede estar experimentando un efecto secundario debido a su medicamento, consulte a su m\u00e9dico, enfermera o farmac\u00e9utico.<\/p>\n<p>\u00bfEs seguro para m\u00ed conducir o andar en bicicleta mientras tomo LEXOTANIL?<\/p>\n<p> El bromazepam puede afectar su capacidad para conducir e inducir mareos leves y aturdimiento.<\/p>\n<p>Tenga cuidado al conducir u operar maquinaria hasta que sepa c\u00f3mo le afecta el bromazepam. Debe tener cuidado, ya que puede hacer que su tiempo de reacci\u00f3n sea m\u00e1s lento.<\/p>\n","protected":false},"excerpt":{"rendered":"<p>Las tabletas de 3 mg de lexotanil bromazepam se pueden comprar en l\u00ednea. Bromazepam (Lexotanil) es un miembro de la clase de medicamentos de las benzodiazepinas, que incluye antidepresivos, agentes antip\u00e1nico y relajantes musculares.<\/p>\n<p>El bromazepam es una benzodiazepina de acci\u00f3n corta con un inicio lento que se usa con frecuencia&amp;# 8230; Tableta, 3 mg, oral, tabletas de 3 mg de alti-bromazepam, Best Global Meds<\/p>\n<p>Compre bromazepam en l\u00ednea sin receta | Compre Lexotan 6 mg en l\u00ednea sin receta<\/p>\n<p>Bromazepam (Lexotanil) es una benzodiazepina.<\/p>\n","protected":false},"featured_media":5252,"comment_status":"open","ping_status":"closed","template":"","meta":[],"product_brand":[],"product_cat":[1117],"product_tag":[1428,1419,1420,1421,1422,1423,1424,1427,1426,1429,1430,1431,1432,1433,1434,1436,1437,1435,1438,1425],"class_list":{"0":"post-5236","1":"product","2":"type-product","3":"status-publish","4":"has-post-thumbnail","6":"product_cat-compre-pastillas-para-el-dolor-el-sueno-y-el-sexo","7":"product_tag-te-puedes-sobredosis-de-lexapro","8":"product_tag-3-mg","9":"product_tag-3mg","10":"product_tag-3mg-klonopin","11":"product_tag-bromazepam","12":"product_tag-bromazepam-lexotanil","13":"product_tag-bromazepam-lexotanil-6mg-for-sale","14":"product_tag-buy-lexotanil-bromazepam-from-canada","15":"product_tag-comprar-lexotanil-bromazepam","16":"product_tag-es-lexapro-a-benzodiacepinas","17":"product_tag-lexapro-nombre-genrico","18":"product_tag-lexatina","19":"product_tag-lexomil","20":"product_tag-lexotn","21":"product_tag-lexotan-3mg","22":"product_tag-lexotanil-bromazepam","23":"product_tag-lexotanil-bromazepam-3mg","24":"product_tag-lexotanilo","25":"product_tag-pastillas-pastillas-medicamentos","26":"product_tag-bromazepam-lexotanil-para-la-venta","28":"first","29":"instock","30":"shipping-taxable","31":"purchasable","32":"product-type-variable","33":"has-default-attributes"},"yoast_head":"<!-- This site is optimized with the Yoast SEO plugin v27.3 - https:\/\/yoast.com\/product\/yoast-seo-wordpress\/ -->\n<title>Compre Lexotanil Bromazepam 3mg pastillas en l\u00ednea - Best Best Global Meds<\/title>\n<meta name=\"description\" content=\"Compre Lexotanil Bromazepam 3mg pastillas para la venta en l\u00ednea Reino Unido, Europa. Bromazepam (Lexotanil) pertenece al grupo de medicamentos conocidos como benzodiazepinas, una clase de antidepresivos, agentes antip\u00e1nico y relajantes musculares.\" \/>\n<meta name=\"robots\" content=\"index, follow, max-snippet:-1, max-image-preview:large, max-video-preview:-1\" \/>\n<link rel=\"canonical\" href=\"https:\/\/medicinasinc.com\/es\/product\/comprar-lexotanil-bromazepam-3mg-pastillas-online\/\" \/>\n<meta property=\"og:locale\" content=\"es_ES\" \/>\n<meta property=\"og:type\" content=\"article\" \/>\n<meta property=\"og:title\" content=\"Compre Lexotanil Bromazepam 3mg pastillas en l\u00ednea - Best Best Global Meds\" \/>\n<meta property=\"og:description\" content=\"Compre Lexotanil Bromazepam 3mg pastillas para la venta en l\u00ednea Reino Unido, Europa. Bromazepam (Lexotanil) pertenece al grupo de medicamentos conocidos como benzodiazepinas, una clase de antidepresivos, agentes antip\u00e1nico y relajantes musculares.\" \/>\n<meta property=\"og:url\" content=\"https:\/\/medicinasinc.com\/es\/product\/comprar-lexotanil-bromazepam-3mg-pastillas-online\/\" \/>\n<meta property=\"og:site_name\" content=\"Medicinas Inc\" \/>\n<meta property=\"article:modified_time\" content=\"2022-03-22T00:52:59+00:00\" \/>\n<meta property=\"og:image\" content=\"https:\/\/medicinasinc.com\/es\/wp-content\/uploads\/sites\/15\/2022\/02\/Buy-Lexotan-Bromazepam-3mg.jpg\" \/>\n\t<meta property=\"og:image:width\" content=\"600\" \/>\n\t<meta property=\"og:image:height\" content=\"600\" \/>\n\t<meta property=\"og:image:type\" content=\"image\/jpeg\" \/>\n<meta name=\"twitter:card\" content=\"summary_large_image\" \/>\n<meta name=\"twitter:label1\" content=\"Tiempo de lectura\" \/>\n\t<meta name=\"twitter:data1\" content=\"3 minutos\" \/>\n<script type=\"application\/ld+json\" class=\"yoast-schema-graph\">{\"@context\":\"https:\\\/\\\/schema.org\",\"@graph\":[{\"@type\":\"WebPage\",\"@id\":\"https:\\\/\\\/medicinasinc.com\\\/es\\\/product\\\/comprar-lexotanil-bromazepam-3mg-pastillas-online\\\/\",\"url\":\"https:\\\/\\\/medicinasinc.com\\\/es\\\/product\\\/comprar-lexotanil-bromazepam-3mg-pastillas-online\\\/\",\"name\":\"Compre Lexotanil Bromazepam 3mg pastillas en l\u00ednea - Best Best Global Meds\",\"isPartOf\":{\"@id\":\"https:\\\/\\\/medicinasinc.com\\\/es\\\/#website\"},\"primaryImageOfPage\":{\"@id\":\"https:\\\/\\\/medicinasinc.com\\\/es\\\/product\\\/comprar-lexotanil-bromazepam-3mg-pastillas-online\\\/#primaryimage\"},\"image\":{\"@id\":\"https:\\\/\\\/medicinasinc.com\\\/es\\\/product\\\/comprar-lexotanil-bromazepam-3mg-pastillas-online\\\/#primaryimage\"},\"thumbnailUrl\":\"https:\\\/\\\/medicinasinc.com\\\/es\\\/wp-content\\\/uploads\\\/sites\\\/15\\\/2022\\\/02\\\/Buy-Lexotan-Bromazepam-3mg.jpg\",\"datePublished\":\"2022-02-20T22:23:28+00:00\",\"dateModified\":\"2022-03-22T00:52:59+00:00\",\"description\":\"Compre Lexotanil Bromazepam 3mg pastillas para la venta en l\u00ednea Reino Unido, Europa. Bromazepam (Lexotanil) pertenece al grupo de medicamentos conocidos como benzodiazepinas, una clase de antidepresivos, agentes antip\u00e1nico y relajantes musculares.\",\"breadcrumb\":{\"@id\":\"https:\\\/\\\/medicinasinc.com\\\/es\\\/product\\\/comprar-lexotanil-bromazepam-3mg-pastillas-online\\\/#breadcrumb\"},\"inLanguage\":\"es\",\"potentialAction\":[{\"@type\":\"ReadAction\",\"target\":[\"https:\\\/\\\/medicinasinc.com\\\/es\\\/product\\\/comprar-lexotanil-bromazepam-3mg-pastillas-online\\\/\"]}]},{\"@type\":\"ImageObject\",\"inLanguage\":\"es\",\"@id\":\"https:\\\/\\\/medicinasinc.com\\\/es\\\/product\\\/comprar-lexotanil-bromazepam-3mg-pastillas-online\\\/#primaryimage\",\"url\":\"https:\\\/\\\/medicinasinc.com\\\/es\\\/wp-content\\\/uploads\\\/sites\\\/15\\\/2022\\\/02\\\/Buy-Lexotan-Bromazepam-3mg.jpg\",\"contentUrl\":\"https:\\\/\\\/medicinasinc.com\\\/es\\\/wp-content\\\/uploads\\\/sites\\\/15\\\/2022\\\/02\\\/Buy-Lexotan-Bromazepam-3mg.jpg\",\"width\":600,\"height\":600},{\"@type\":\"BreadcrumbList\",\"@id\":\"https:\\\/\\\/medicinasinc.com\\\/es\\\/product\\\/comprar-lexotanil-bromazepam-3mg-pastillas-online\\\/#breadcrumb\",\"itemListElement\":[{\"@type\":\"ListItem\",\"position\":1,\"name\":\"Tienda\",\"item\":\"https:\\\/\\\/medicinasinc.com\\\/es\\\/tienda\\\/\"},{\"@type\":\"ListItem\",\"position\":2,\"name\":\"Compre Lexotanil Bromazepam 3mg pastillas en l\u00ednea\"}]},{\"@type\":\"WebSite\",\"@id\":\"https:\\\/\\\/medicinasinc.com\\\/es\\\/#website\",\"url\":\"https:\\\/\\\/medicinasinc.com\\\/es\\\/\",\"name\":\"Medicinas Inc\",\"description\":\"Cl\u00ednica M\u00e9dica de Salud\",\"potentialAction\":[{\"@type\":\"SearchAction\",\"target\":{\"@type\":\"EntryPoint\",\"urlTemplate\":\"https:\\\/\\\/medicinasinc.com\\\/es\\\/?s={search_term_string}\"},\"query-input\":{\"@type\":\"PropertyValueSpecification\",\"valueRequired\":true,\"valueName\":\"search_term_string\"}}],\"inLanguage\":\"es\"}]}<\/script>\n<!-- \/ Yoast SEO plugin. -->","yoast_head_json":{"title":"Compre Lexotanil Bromazepam 3mg pastillas en l\u00ednea - Best Best Global Meds","description":"Compre Lexotanil Bromazepam 3mg pastillas para la venta en l\u00ednea Reino Unido, Europa. Bromazepam (Lexotanil) pertenece al grupo de medicamentos conocidos como benzodiazepinas, una clase de antidepresivos, agentes antip\u00e1nico y relajantes musculares.","robots":{"index":"index","follow":"follow","max-snippet":"max-snippet:-1","max-image-preview":"max-image-preview:large","max-video-preview":"max-video-preview:-1"},"canonical":"https:\/\/medicinasinc.com\/es\/product\/comprar-lexotanil-bromazepam-3mg-pastillas-online\/","og_locale":"es_ES","og_type":"article","og_title":"Compre Lexotanil Bromazepam 3mg pastillas en l\u00ednea - Best Best Global Meds","og_description":"Compre Lexotanil Bromazepam 3mg pastillas para la venta en l\u00ednea Reino Unido, Europa. Bromazepam (Lexotanil) pertenece al grupo de medicamentos conocidos como benzodiazepinas, una clase de antidepresivos, agentes antip\u00e1nico y relajantes musculares.","og_url":"https:\/\/medicinasinc.com\/es\/product\/comprar-lexotanil-bromazepam-3mg-pastillas-online\/","og_site_name":"Medicinas Inc","article_modified_time":"2022-03-22T00:52:59+00:00","og_image":[{"width":600,"height":600,"url":"https:\/\/medicinasinc.com\/es\/wp-content\/uploads\/sites\/15\/2022\/02\/Buy-Lexotan-Bromazepam-3mg.jpg","type":"image\/jpeg"}],"twitter_card":"summary_large_image","twitter_misc":{"Tiempo de lectura":"3 minutos"},"schema":{"@context":"https:\/\/schema.org","@graph":[{"@type":"WebPage","@id":"https:\/\/medicinasinc.com\/es\/product\/comprar-lexotanil-bromazepam-3mg-pastillas-online\/","url":"https:\/\/medicinasinc.com\/es\/product\/comprar-lexotanil-bromazepam-3mg-pastillas-online\/","name":"Compre Lexotanil Bromazepam 3mg pastillas en l\u00ednea - Best Best Global Meds","isPartOf":{"@id":"https:\/\/medicinasinc.com\/es\/#website"},"primaryImageOfPage":{"@id":"https:\/\/medicinasinc.com\/es\/product\/comprar-lexotanil-bromazepam-3mg-pastillas-online\/#primaryimage"},"image":{"@id":"https:\/\/medicinasinc.com\/es\/product\/comprar-lexotanil-bromazepam-3mg-pastillas-online\/#primaryimage"},"thumbnailUrl":"https:\/\/medicinasinc.com\/es\/wp-content\/uploads\/sites\/15\/2022\/02\/Buy-Lexotan-Bromazepam-3mg.jpg","datePublished":"2022-02-20T22:23:28+00:00","dateModified":"2022-03-22T00:52:59+00:00","description":"Compre Lexotanil Bromazepam 3mg pastillas para la venta en l\u00ednea Reino Unido, Europa. Bromazepam (Lexotanil) pertenece al grupo de medicamentos conocidos como benzodiazepinas, una clase de antidepresivos, agentes antip\u00e1nico y relajantes musculares.","breadcrumb":{"@id":"https:\/\/medicinasinc.com\/es\/product\/comprar-lexotanil-bromazepam-3mg-pastillas-online\/#breadcrumb"},"inLanguage":"es","potentialAction":[{"@type":"ReadAction","target":["https:\/\/medicinasinc.com\/es\/product\/comprar-lexotanil-bromazepam-3mg-pastillas-online\/"]}]},{"@type":"ImageObject","inLanguage":"es","@id":"https:\/\/medicinasinc.com\/es\/product\/comprar-lexotanil-bromazepam-3mg-pastillas-online\/#primaryimage","url":"https:\/\/medicinasinc.com\/es\/wp-content\/uploads\/sites\/15\/2022\/02\/Buy-Lexotan-Bromazepam-3mg.jpg","contentUrl":"https:\/\/medicinasinc.com\/es\/wp-content\/uploads\/sites\/15\/2022\/02\/Buy-Lexotan-Bromazepam-3mg.jpg","width":600,"height":600},{"@type":"BreadcrumbList","@id":"https:\/\/medicinasinc.com\/es\/product\/comprar-lexotanil-bromazepam-3mg-pastillas-online\/#breadcrumb","itemListElement":[{"@type":"ListItem","position":1,"name":"Tienda","item":"https:\/\/medicinasinc.com\/es\/tienda\/"},{"@type":"ListItem","position":2,"name":"Compre Lexotanil Bromazepam 3mg pastillas en l\u00ednea"}]},{"@type":"WebSite","@id":"https:\/\/medicinasinc.com\/es\/#website","url":"https:\/\/medicinasinc.com\/es\/","name":"Medicinas Inc","description":"Cl\u00ednica M\u00e9dica de Salud","potentialAction":[{"@type":"SearchAction","target":{"@type":"EntryPoint","urlTemplate":"https:\/\/medicinasinc.com\/es\/?s={search_term_string}"},"query-input":{"@type":"PropertyValueSpecification","valueRequired":true,"valueName":"search_term_string"}}],"inLanguage":"es"}]}},"_links":{"self":[{"href":"https:\/\/medicinasinc.com\/es\/wp-json\/wp\/v2\/product\/5236","targetHints":{"allow":["GET"]}}],"collection":[{"href":"https:\/\/medicinasinc.com\/es\/wp-json\/wp\/v2\/product"}],"about":[{"href":"https:\/\/medicinasinc.com\/es\/wp-json\/wp\/v2\/types\/product"}],"replies":[{"embeddable":true,"href":"https:\/\/medicinasinc.com\/es\/wp-json\/wp\/v2\/comments?post=5236"}],"wp:featuredmedia":[{"embeddable":true,"href":"https:\/\/medicinasinc.com\/es\/wp-json\/wp\/v2\/media\/5252"}],"wp:attachment":[{"href":"https:\/\/medicinasinc.com\/es\/wp-json\/wp\/v2\/media?parent=5236"}],"wp:term":[{"taxonomy":"product_brand","embeddable":true,"href":"https:\/\/medicinasinc.com\/es\/wp-json\/wp\/v2\/product_brand?post=5236"},{"taxonomy":"product_cat","embeddable":true,"href":"https:\/\/medicinasinc.com\/es\/wp-json\/wp\/v2\/product_cat?post=5236"},{"taxonomy":"product_tag","embeddable":true,"href":"https:\/\/medicinasinc.com\/es\/wp-json\/wp\/v2\/product_tag?post=5236"}],"curies":[{"name":"wp","href":"https:\/\/api.w.org\/{rel}","templated":true}]}}