{"id":5209,"date":"2022-02-20T21:59:55","date_gmt":"2022-02-20T21:59:55","guid":{"rendered":"https:\/\/medicinasinc.com\/es\/?post_type=product&#038;p=5209"},"modified":"2022-03-22T00:53:08","modified_gmt":"2022-03-22T00:53:08","slug":"comprar-clonopin-2-mg","status":"publish","type":"product","link":"https:\/\/medicinasinc.com\/es\/product\/comprar-clonopin-2-mg\/","title":{"rendered":"Comprar Klonopin 2 mg"},"content":{"rendered":"<p>En l\u00ednea, puedes comprar pastillas Klonopin 2 mg a la venta a un precio bajo.<\/p>\n<p>Klonopin es un verdadero elixir que te ayudar\u00e1 a lidiar con tus problemas. Tambi\u00e9n te har\u00e1 sentir mejor.<\/p>\n<p>Klonopin es un sedante y anticonvulsivo de benzodiazepina, y puede ayudar a las personas a relajarse y dejar de tener convulsiones. Se usa principalmente para tratar los trastornos de ansiedad, como el trastorno de p\u00e1nico.<\/p>\n<p>Eche un vistazo m\u00e1s de cerca a Klonopin ahora.<\/p>\n<p>Klonopin es la \u00fanica benzodiazepina que la FDA ha aprobado para tratar el trastorno de p\u00e1nico. . Mucha gente usa Klonopin para tratar la ansiedad, la agitaci\u00f3n, la man\u00eda aguda (en combinaci\u00f3n con otras drogas) y para detener las convulsiones r\u00e1pidamente. Uso: Se usa como un f\u00e1rmaco anticonvulsivo a largo plazo, como una pastilla para dormir, para tratar el dolor de los nervios.<\/p>\n<p>Pueden estar tranquilos, tal vez drogados y un poco cansados \u200b\u200bdespu\u00e9s de tomar Klonopin. Los efectos secundarios var\u00edan de persona a persona y se basan en la cantidad que toma. En la mayor\u00eda de los casos, Klonopin se administra dos veces al d\u00eda, alrededor de 0,25 mg a 2 mg. Las personas con epilepsia pueden tomar hasta 20 mg al d\u00eda.<\/p>\n<p>As\u00ed act\u00faa Klonopin: afecta al neurotransmisor GABA, que es un ant\u00eddoto. Debido a que Klonopin hace tantas cosas a la vez, ralentiza el cerebro al reducir la capacidad de los nervios para enviar impulsos. Como resultado de una menor actividad, las personas se vuelven menos ansiosas y la posibilidad de sufrir una convulsi\u00f3n tambi\u00e9n disminuye.<\/p>\n<p>En medicina, Klonopin se usa para tratar convulsiones y ataques de p\u00e1nico. Tambi\u00e9n se puede utilizar como hipn\u00f3tico para tratar los trastornos de ansiedad, el trastorno de p\u00e1nico y el dolor. Tomar benzodiazepina ayudar\u00e1 a detener la convulsi\u00f3n y restablecer la actividad cerebral a la normalidad. Esto tambi\u00e9n puede ayudar con el dolor, especialmente el dolor neurop\u00e1tico, porque dificulta que las neuronas env\u00eden se\u00f1ales de dolor, lo que las hace menos sensibles.<\/p>\n<p>Cosas que debe hablar con el m\u00e9dico antes de tomar Klonopin<\/p>\n<p>Debe informar a su m\u00e9dico si:<\/p>\n<p>Al menos una de estas condiciones:<\/p>\n<p>\u2022 problemas con el h\u00edgado<\/p>\n<p>\u2022 abuso de alcohol o drogas, ya sea actual o en el pasado;<\/p>\n<p>Personas que tienen asma, bronquitis, enfisema u otras enfermedades respiratorias;<\/p>\n<p>\u2022 Tristeza o pensamientos suicidas.<\/p>\n<p>A Muchas personas que tienen las enfermedades mencionadas anteriormente no pueden tomar Klonopin, o necesitar\u00e1n tomar una dosis m\u00e1s baja del medicamento y ser revisadas por su m\u00e9dico.<\/p>\n<p>Si tiene m\u00e1s de 60 a\u00f1os, las posibilidades de los efectos secundarios del medicamento son muy altos. Debido a esto, su dosis de Klonopin debe cambiarse seg\u00fan su estado de salud.<\/p>\n<p>Para usar:<\/p>\n<p>Klonopin solo debe tomarse de la manera que le indique el m\u00e9dico. P\u00f3ngase en contacto con su m\u00e9dico o farmac\u00e9utico para obtener consejos sobre c\u00f3mo usarlo. Cuando tome la p\u00edldora, debe beberla entera. No tome m\u00e1s de lo que le indic\u00f3 su m\u00e9dico. Antes de terminar de tomar el producto, hable con su m\u00e9dico.<\/p>\n<p>Eche un vistazo a lo que sucede cuando toma demasiado medicamento.<\/p>\n<p>En caso de sobredosis, llame a un m\u00e9dico inmediatamente de distancia.<\/p>\n<p>Signos de una sobredosis:<\/p>\n<p>somnolencia, mareos, confusi\u00f3n, latidos card\u00edacos lentos, s\u00edntomas parecidos al alcohol y p\u00e9rdida del conocimiento son signos de alcoholismo.<\/p>\n<p>Si alguien toma demasiado medicamento, se realiza un lavado g\u00e1strico y un tratamiento para los efectos secundarios.<\/p>\n<p>Cuando maneje, use maquinaria o realice otros trabajos que podr\u00edan ser peligrosos, tenga cuidado.<\/p>\n<p> p&gt; <\/p>\n<p>En caso de somnolencia o mareos, no se deben hacer este tipo de cosas.<\/p>\n<p>No se debe mezclar alcohol con Klonopin. El alcohol aumenta la probabilidad de que Klonopin cause efectos secundarios graves. Como resultado, existe una mayor probabilidad de tener convulsiones tambi\u00e9n.<\/p>\n<p>\u00bfKlonopin tiene qu\u00e9?<\/p>\n<p>alergia: dificultad para respirar, hinchaz\u00f3n de los labios, la cara, la lengua o sarpullido <\/p>\n<p>Tambi\u00e9n existe la posibilidad de que aparezcan otros efectos secundarios menos graves.<\/p>\n<p>Contin\u00fae tomando el medicamento e informe a su m\u00e9dico si tiene:<\/p>\n<p>Somnolencia ; mareos o movimientos extra\u00f1os; depresi\u00f3n; aturdimiento, n\u00e1usea, diarrea o estre\u00f1imiento; dificultad para orinar, pesadillas, dolores de cabeza, boca seca, disminuci\u00f3n del deseo sexual y cambios en el comportamiento son signos de depresi\u00f3n.<\/p>\n<p>Posolog\u00eda y modo de administraci\u00f3n<\/p>\n<p>La terapia con Klonopin comienza con dosis peque\u00f1as y las aumenta gradualmente para obtener los mejores resultados. Debido a que cada persona tiene una condici\u00f3n y una reacci\u00f3n corporal diferente al tomar un medicamento, la dosis se adapta a sus necesidades. La dosis m\u00e1s com\u00fan de Klonopin es de 0,5 mg tres veces al d\u00eda. Si no se logra el efecto terap\u00e9utico, se puede aumentar la dosis cada tercer d\u00eda de la terapia hasta que se logre.<\/p>\n<p>Cuando el medicamento se toma en dosis altas, especialmente durante un largo per\u00edodo de tiempo, puede causar problemas de articulaci\u00f3n, diplop\u00eda, nistagmo, reacciones parad\u00f3jicas (como excitaci\u00f3n repentina) y amnesia anter\u00f3grada. Algunas veces una persona tiene una reacci\u00f3n de hipersensibilidad, debilidad muscular o depresi\u00f3n. Las personas con algunos tipos de epilepsia pueden tener m\u00e1s convulsiones si reciben tratamiento durante mucho tiempo.<\/p>\n","protected":false},"excerpt":{"rendered":"<p>Compre pastillas de Klonopin de 2 mg para la venta en el Reino Unido, Europa y el resto del mundo. Klonopin (clonazepam) puede ayudar a las personas con convulsiones, trastorno de p\u00e1nico y ansiedad. Las benzodiazepinas son medicamentos que te hacen sentir tranquilo.<\/p>\n<p>Clonazepam klonopin 2mg se puede comprar online al mejor precio en el mejor sitio. Best Global Meds es una conocida farmacia en l\u00ednea que vende solo medicamentos legales. Cuando realiza un pedido en l\u00ednea, puede ahorrar dinero y tiempo.<\/p>\n<p>Reino Unido, Europa: Quiero Klonopin a la venta. Hay lugares en Europa donde puede comprar clonazepam en l\u00ednea y comprar tabletas de 2 mg de klonopin.<\/p>\n","protected":false},"featured_media":5228,"comment_status":"open","ping_status":"closed","template":"","meta":[],"product_brand":[],"product_cat":[1117],"product_tag":[1381,1380,1414,1415,1370,1392,1400,1371,1374,1375,1383,1379,1382,1378,1394,1404,1384,1385,1387,1388,1393,1372,1373,1395,1386,1397,1398,1376,1401,1396,1405,1406,1408,1409,1411,1412,1390,1389,1391,1407,1417,1403,1410,1416,1413,1402,1377,1399,1418],"class_list":{"0":"post-5209","1":"product","2":"type-product","3":"status-publish","4":"has-post-thumbnail","6":"product_cat-compre-pastillas-para-el-dolor-el-sueno-y-el-sexo","7":"product_tag-cuanto-tiempo-permanece-klonopin-en-la-orina","8":"product_tag-cuanto-tiempo-permanece-klonopin-en-su-sistema","9":"product_tag-como-se-ve-klonopin","10":"product_tag-que-es-una-dosis-alta-de-klonopin","11":"product_tag-1mg-clonopina","12":"product_tag-adiccin-a-klonopin","13":"product_tag-klonopin-alto","14":"product_tag-ativan-vs-klonopin","15":"product_tag-can-you-take-klonopin-for-life","16":"product_tag-clonazepam-klonopin-orange-pill-1-2","17":"product_tag-cuantas-horas-entre-dosis-de-klonopin","18":"product_tag-cuanto-dura-klonopin","19":"product_tag-cuanto-tarda-klonopin-en-funcionar","20":"product_tag-cunto-tarda-en-klonopin-para-hacer-efecto","21":"product_tag-dosis-de-klonopin","22":"product_tag-efectos-secundarios-de-klonopin","23":"product_tag-es-1mg-de-klonopin-una-dosis-baja","24":"product_tag-es-klonopin-a-benzo","25":"product_tag-is-klonopin-a-narcotic","26":"product_tag-klonopin","27":"product_tag-klonopin-and-alcohol","28":"product_tag-azul-klonopin","29":"product_tag-azul-clonopin-2mg","30":"product_tag-klonopin-doses","31":"product_tag-es-klonopin-una-sustancia-controlada","32":"product_tag-klonopin-for-sleep","33":"product_tag-klonopin-genrico","34":"product_tag-genrico-klonopin","35":"product_tag-klonopin-medication","36":"product_tag-klonopin-para-la-ansiedad","37":"product_tag-klonopin-uses","38":"product_tag-klonopin-vs-ativan","39":"product_tag-klonopin-vs-xanax","40":"product_tag-klonopin-vs-xanax-reddit","41":"product_tag-klonopin-withdrawal","42":"product_tag-klonopin-withdrawal-symptoms","43":"product_tag-klonopin-1mg","44":"product_tag-klonopin-10-mg","45":"product_tag-klonopin-2mg","46":"product_tag-klonopin-vs-valium","47":"product_tag-para-que-sirve-klonopin","48":"product_tag-klonopin-pldora","49":"product_tag-klonopin-prdida-de-peso","50":"product_tag-que-es-klonopin","51":"product_tag-side-effects-of-klonopin","52":"product_tag-sobredosis-de-klonopin","53":"product_tag-vida-media-de-klonopin","54":"product_tag-klonopin-vida-media","55":"product_tag-xanax-vs-klonopin","57":"first","58":"instock","59":"shipping-taxable","60":"purchasable","61":"product-type-variable","62":"has-default-attributes"},"yoast_head":"<!-- This site is optimized with the Yoast SEO plugin v27.3 - https:\/\/yoast.com\/product\/yoast-seo-wordpress\/ -->\n<title>Comprar Klonopin 2 mg - Venta en l\u00ednea de Klonopin - Best Best Global Meds<\/title>\n<meta name=\"description\" content=\"Compre Klonopin 2 mg a la venta en el Reino Unido, pastillas de Europa en l\u00ednea. Klonopin (clonazepam) trata las convulsiones, el trastorno de p\u00e1nico y la ansiedad. Este medicamento es una benzodiazepina.\" \/>\n<meta name=\"robots\" content=\"index, follow, max-snippet:-1, max-image-preview:large, max-video-preview:-1\" \/>\n<link rel=\"canonical\" href=\"https:\/\/medicinasinc.com\/es\/product\/comprar-clonopin-2-mg\/\" \/>\n<meta property=\"og:locale\" content=\"es_ES\" \/>\n<meta property=\"og:type\" content=\"article\" \/>\n<meta property=\"og:title\" content=\"Comprar Klonopin 2 mg - Venta en l\u00ednea de Klonopin - Best Best Global Meds\" \/>\n<meta property=\"og:description\" content=\"Compre Klonopin 2 mg a la venta en el Reino Unido, pastillas de Europa en l\u00ednea. Klonopin (clonazepam) trata las convulsiones, el trastorno de p\u00e1nico y la ansiedad. Este medicamento es una benzodiazepina.\" \/>\n<meta property=\"og:url\" content=\"https:\/\/medicinasinc.com\/es\/product\/comprar-clonopin-2-mg\/\" \/>\n<meta property=\"og:site_name\" content=\"Medicinas Inc\" \/>\n<meta property=\"article:modified_time\" content=\"2022-03-22T00:53:08+00:00\" \/>\n<meta property=\"og:image\" content=\"https:\/\/medicinasinc.com\/es\/wp-content\/uploads\/sites\/15\/2022\/02\/Buy-Klonopin-2-mg.jpeg\" \/>\n\t<meta property=\"og:image:width\" content=\"236\" \/>\n\t<meta property=\"og:image:height\" content=\"296\" \/>\n\t<meta property=\"og:image:type\" content=\"image\/jpeg\" \/>\n<meta name=\"twitter:card\" content=\"summary_large_image\" \/>\n<meta name=\"twitter:label1\" content=\"Tiempo de lectura\" \/>\n\t<meta name=\"twitter:data1\" content=\"4 minutos\" \/>\n<script type=\"application\/ld+json\" class=\"yoast-schema-graph\">{\"@context\":\"https:\\\/\\\/schema.org\",\"@graph\":[{\"@type\":\"WebPage\",\"@id\":\"https:\\\/\\\/medicinasinc.com\\\/es\\\/product\\\/comprar-clonopin-2-mg\\\/\",\"url\":\"https:\\\/\\\/medicinasinc.com\\\/es\\\/product\\\/comprar-clonopin-2-mg\\\/\",\"name\":\"Comprar Klonopin 2 mg - Venta en l\u00ednea de Klonopin - Best Best Global Meds\",\"isPartOf\":{\"@id\":\"https:\\\/\\\/medicinasinc.com\\\/es\\\/#website\"},\"primaryImageOfPage\":{\"@id\":\"https:\\\/\\\/medicinasinc.com\\\/es\\\/product\\\/comprar-clonopin-2-mg\\\/#primaryimage\"},\"image\":{\"@id\":\"https:\\\/\\\/medicinasinc.com\\\/es\\\/product\\\/comprar-clonopin-2-mg\\\/#primaryimage\"},\"thumbnailUrl\":\"https:\\\/\\\/medicinasinc.com\\\/es\\\/wp-content\\\/uploads\\\/sites\\\/15\\\/2022\\\/02\\\/Buy-Klonopin-2-mg.jpeg\",\"datePublished\":\"2022-02-20T21:59:55+00:00\",\"dateModified\":\"2022-03-22T00:53:08+00:00\",\"description\":\"Compre Klonopin 2 mg a la venta en el Reino Unido, pastillas de Europa en l\u00ednea. Klonopin (clonazepam) trata las convulsiones, el trastorno de p\u00e1nico y la ansiedad. Este medicamento es una benzodiazepina.\",\"breadcrumb\":{\"@id\":\"https:\\\/\\\/medicinasinc.com\\\/es\\\/product\\\/comprar-clonopin-2-mg\\\/#breadcrumb\"},\"inLanguage\":\"es\",\"potentialAction\":[{\"@type\":\"ReadAction\",\"target\":[\"https:\\\/\\\/medicinasinc.com\\\/es\\\/product\\\/comprar-clonopin-2-mg\\\/\"]}]},{\"@type\":\"ImageObject\",\"inLanguage\":\"es\",\"@id\":\"https:\\\/\\\/medicinasinc.com\\\/es\\\/product\\\/comprar-clonopin-2-mg\\\/#primaryimage\",\"url\":\"https:\\\/\\\/medicinasinc.com\\\/es\\\/wp-content\\\/uploads\\\/sites\\\/15\\\/2022\\\/02\\\/Buy-Klonopin-2-mg.jpeg\",\"contentUrl\":\"https:\\\/\\\/medicinasinc.com\\\/es\\\/wp-content\\\/uploads\\\/sites\\\/15\\\/2022\\\/02\\\/Buy-Klonopin-2-mg.jpeg\",\"width\":236,\"height\":296},{\"@type\":\"BreadcrumbList\",\"@id\":\"https:\\\/\\\/medicinasinc.com\\\/es\\\/product\\\/comprar-clonopin-2-mg\\\/#breadcrumb\",\"itemListElement\":[{\"@type\":\"ListItem\",\"position\":1,\"name\":\"Tienda\",\"item\":\"https:\\\/\\\/medicinasinc.com\\\/es\\\/tienda\\\/\"},{\"@type\":\"ListItem\",\"position\":2,\"name\":\"Comprar Klonopin 2 mg\"}]},{\"@type\":\"WebSite\",\"@id\":\"https:\\\/\\\/medicinasinc.com\\\/es\\\/#website\",\"url\":\"https:\\\/\\\/medicinasinc.com\\\/es\\\/\",\"name\":\"Medicinas Inc\",\"description\":\"Cl\u00ednica M\u00e9dica de Salud\",\"potentialAction\":[{\"@type\":\"SearchAction\",\"target\":{\"@type\":\"EntryPoint\",\"urlTemplate\":\"https:\\\/\\\/medicinasinc.com\\\/es\\\/?s={search_term_string}\"},\"query-input\":{\"@type\":\"PropertyValueSpecification\",\"valueRequired\":true,\"valueName\":\"search_term_string\"}}],\"inLanguage\":\"es\"}]}<\/script>\n<!-- \/ Yoast SEO plugin. -->","yoast_head_json":{"title":"Comprar Klonopin 2 mg - Venta en l\u00ednea de Klonopin - Best Best Global Meds","description":"Compre Klonopin 2 mg a la venta en el Reino Unido, pastillas de Europa en l\u00ednea. Klonopin (clonazepam) trata las convulsiones, el trastorno de p\u00e1nico y la ansiedad. Este medicamento es una benzodiazepina.","robots":{"index":"index","follow":"follow","max-snippet":"max-snippet:-1","max-image-preview":"max-image-preview:large","max-video-preview":"max-video-preview:-1"},"canonical":"https:\/\/medicinasinc.com\/es\/product\/comprar-clonopin-2-mg\/","og_locale":"es_ES","og_type":"article","og_title":"Comprar Klonopin 2 mg - Venta en l\u00ednea de Klonopin - Best Best Global Meds","og_description":"Compre Klonopin 2 mg a la venta en el Reino Unido, pastillas de Europa en l\u00ednea. Klonopin (clonazepam) trata las convulsiones, el trastorno de p\u00e1nico y la ansiedad. Este medicamento es una benzodiazepina.","og_url":"https:\/\/medicinasinc.com\/es\/product\/comprar-clonopin-2-mg\/","og_site_name":"Medicinas Inc","article_modified_time":"2022-03-22T00:53:08+00:00","og_image":[{"width":236,"height":296,"url":"https:\/\/medicinasinc.com\/es\/wp-content\/uploads\/sites\/15\/2022\/02\/Buy-Klonopin-2-mg.jpeg","type":"image\/jpeg"}],"twitter_card":"summary_large_image","twitter_misc":{"Tiempo de lectura":"4 minutos"},"schema":{"@context":"https:\/\/schema.org","@graph":[{"@type":"WebPage","@id":"https:\/\/medicinasinc.com\/es\/product\/comprar-clonopin-2-mg\/","url":"https:\/\/medicinasinc.com\/es\/product\/comprar-clonopin-2-mg\/","name":"Comprar Klonopin 2 mg - Venta en l\u00ednea de Klonopin - Best Best Global Meds","isPartOf":{"@id":"https:\/\/medicinasinc.com\/es\/#website"},"primaryImageOfPage":{"@id":"https:\/\/medicinasinc.com\/es\/product\/comprar-clonopin-2-mg\/#primaryimage"},"image":{"@id":"https:\/\/medicinasinc.com\/es\/product\/comprar-clonopin-2-mg\/#primaryimage"},"thumbnailUrl":"https:\/\/medicinasinc.com\/es\/wp-content\/uploads\/sites\/15\/2022\/02\/Buy-Klonopin-2-mg.jpeg","datePublished":"2022-02-20T21:59:55+00:00","dateModified":"2022-03-22T00:53:08+00:00","description":"Compre Klonopin 2 mg a la venta en el Reino Unido, pastillas de Europa en l\u00ednea. Klonopin (clonazepam) trata las convulsiones, el trastorno de p\u00e1nico y la ansiedad. Este medicamento es una benzodiazepina.","breadcrumb":{"@id":"https:\/\/medicinasinc.com\/es\/product\/comprar-clonopin-2-mg\/#breadcrumb"},"inLanguage":"es","potentialAction":[{"@type":"ReadAction","target":["https:\/\/medicinasinc.com\/es\/product\/comprar-clonopin-2-mg\/"]}]},{"@type":"ImageObject","inLanguage":"es","@id":"https:\/\/medicinasinc.com\/es\/product\/comprar-clonopin-2-mg\/#primaryimage","url":"https:\/\/medicinasinc.com\/es\/wp-content\/uploads\/sites\/15\/2022\/02\/Buy-Klonopin-2-mg.jpeg","contentUrl":"https:\/\/medicinasinc.com\/es\/wp-content\/uploads\/sites\/15\/2022\/02\/Buy-Klonopin-2-mg.jpeg","width":236,"height":296},{"@type":"BreadcrumbList","@id":"https:\/\/medicinasinc.com\/es\/product\/comprar-clonopin-2-mg\/#breadcrumb","itemListElement":[{"@type":"ListItem","position":1,"name":"Tienda","item":"https:\/\/medicinasinc.com\/es\/tienda\/"},{"@type":"ListItem","position":2,"name":"Comprar Klonopin 2 mg"}]},{"@type":"WebSite","@id":"https:\/\/medicinasinc.com\/es\/#website","url":"https:\/\/medicinasinc.com\/es\/","name":"Medicinas Inc","description":"Cl\u00ednica M\u00e9dica de Salud","potentialAction":[{"@type":"SearchAction","target":{"@type":"EntryPoint","urlTemplate":"https:\/\/medicinasinc.com\/es\/?s={search_term_string}"},"query-input":{"@type":"PropertyValueSpecification","valueRequired":true,"valueName":"search_term_string"}}],"inLanguage":"es"}]}},"_links":{"self":[{"href":"https:\/\/medicinasinc.com\/es\/wp-json\/wp\/v2\/product\/5209","targetHints":{"allow":["GET"]}}],"collection":[{"href":"https:\/\/medicinasinc.com\/es\/wp-json\/wp\/v2\/product"}],"about":[{"href":"https:\/\/medicinasinc.com\/es\/wp-json\/wp\/v2\/types\/product"}],"replies":[{"embeddable":true,"href":"https:\/\/medicinasinc.com\/es\/wp-json\/wp\/v2\/comments?post=5209"}],"wp:featuredmedia":[{"embeddable":true,"href":"https:\/\/medicinasinc.com\/es\/wp-json\/wp\/v2\/media\/5228"}],"wp:attachment":[{"href":"https:\/\/medicinasinc.com\/es\/wp-json\/wp\/v2\/media?parent=5209"}],"wp:term":[{"taxonomy":"product_brand","embeddable":true,"href":"https:\/\/medicinasinc.com\/es\/wp-json\/wp\/v2\/product_brand?post=5209"},{"taxonomy":"product_cat","embeddable":true,"href":"https:\/\/medicinasinc.com\/es\/wp-json\/wp\/v2\/product_cat?post=5209"},{"taxonomy":"product_tag","embeddable":true,"href":"https:\/\/medicinasinc.com\/es\/wp-json\/wp\/v2\/product_tag?post=5209"}],"curies":[{"name":"wp","href":"https:\/\/api.w.org\/{rel}","templated":true}]}}