{"id":5208,"date":"2022-02-20T21:58:44","date_gmt":"2022-02-20T21:58:44","guid":{"rendered":"https:\/\/medicinasinc.com\/es\/?post_type=product&#038;p=5208"},"modified":"2022-03-22T00:53:20","modified_gmt":"2022-03-22T00:53:20","slug":"comprar-imovane-zopiclona-7-5-mg","status":"publish","type":"product","link":"https:\/\/medicinasinc.com\/es\/product\/comprar-imovane-zopiclona-7-5-mg\/","title":{"rendered":"Comprar Imovane Zopiclone 7.5 mg"},"content":{"rendered":"<p>Las tabletas de Imovane Zopiclone se pueden comprar en l\u00ednea.<\/p>\n<p>Las tabletas de Imovane Zopiclone se pueden comprar en l\u00ednea.<\/p>\n<p>Imovane: Zopiclone pertenece a la clase de f\u00e1rmacos hipn\u00f3ticos sedantes. Se prescribe para el alivio sintom\u00e1tico de los problemas de sue\u00f1o a corto plazo.<\/p>\n","protected":false},"excerpt":{"rendered":"<div class=\"woocommerce-product-details__short-description\">\n<p>Compre tabletas de zopiclona de 7,5 mg en l\u00ednea, zopiclona de 7,5 mg en el Reino Unido, zopiclona en l\u00ednea, zopiclona en la UE, zopiclona en Singapur, zopiclona en el Reino Unido, zopiclona en el Amazonas, tabletas de zopiclona de 7,5 mg al d\u00eda siguiente entrega<\/p>\n<p>Las tabletas de Imovane Zopiclone se pueden comprar en l\u00ednea.<\/p>\n<p>Imovane: Zopiclone es un f\u00e1rmaco sedante-hipn\u00f3tico. Se usa para tratar problemas de sue\u00f1o a corto plazo y como tratamiento sintom\u00e1tico.<\/p>\n<p>Imovane (Zopiclone) se puede comprar en l\u00ednea con una receta australiana v\u00e1lida. Bestglobalmeds.com ofrece env\u00edo gratuito de todos los art\u00edculos recetados a Australia.<\/p>\n<p>Imovane (Zopiclone) es un f\u00e1rmaco hipn\u00f3tico sedante. Se utiliza para tratar problemas de sue\u00f1o a corto plazo y como tratamiento sintom\u00e1tico.<\/p>\n<\/p><\/div>\n","protected":false},"featured_media":5226,"comment_status":"open","ping_status":"closed","template":"","meta":[],"product_brand":[],"product_cat":[1117],"product_tag":[1364,1365,1366,1362,1363,1368,1367,1369],"class_list":{"0":"post-5208","1":"product","2":"type-product","3":"status-publish","4":"has-post-thumbnail","6":"product_cat-compre-pastillas-para-el-dolor-el-sueno-y-el-sexo","7":"product_tag-buy-zopiclone-7-5mg-uk","8":"product_tag-buy-zopiclone-eu","9":"product_tag-buy-zopiclone-online","10":"product_tag-comprar-zopiclona-7-5mg-tabletas-entrega-al-dia-siguiente","11":"product_tag-comprar-zopiclona-7-5mg-tabletas-online","12":"product_tag-comprar-zopiclona-es","13":"product_tag-comprar-zopiclona-singapur","14":"product_tag-zopiclona-amazon","16":"first","17":"instock","18":"shipping-taxable","19":"purchasable","20":"product-type-variable","21":"has-default-attributes"},"yoast_head":"<!-- This site is optimized with the Yoast SEO plugin v27.3 - https:\/\/yoast.com\/product\/yoast-seo-wordpress\/ -->\n<title>Compre Imovane Zopiclone 7.5mg - Best Best Global Meds<\/title>\n<meta name=\"description\" content=\"compre zopiclona 7.5mg tabletas en l\u00ednea, compre zopiclona 7.5mg uk, compre zopiclone en l\u00ednea, compre zopiclone eu, compre zopiclone singapur, compre zopiclone uk, zopiclone amazon, compre zopiclone 7.5mg tabletas entrega al d\u00eda siguiente,\" \/>\n<meta name=\"robots\" content=\"index, follow, max-snippet:-1, max-image-preview:large, max-video-preview:-1\" \/>\n<link rel=\"canonical\" href=\"https:\/\/medicinasinc.com\/es\/product\/comprar-imovane-zopiclona-7-5-mg\/\" \/>\n<meta property=\"og:locale\" content=\"es_ES\" \/>\n<meta property=\"og:type\" content=\"article\" \/>\n<meta property=\"og:title\" content=\"Compre Imovane Zopiclone 7.5mg - Best Best Global Meds\" \/>\n<meta property=\"og:description\" content=\"compre zopiclona 7.5mg tabletas en l\u00ednea, compre zopiclona 7.5mg uk, compre zopiclone en l\u00ednea, compre zopiclone eu, compre zopiclone singapur, compre zopiclone uk, zopiclone amazon, compre zopiclone 7.5mg tabletas entrega al d\u00eda siguiente,\" \/>\n<meta property=\"og:url\" content=\"https:\/\/medicinasinc.com\/es\/product\/comprar-imovane-zopiclona-7-5-mg\/\" \/>\n<meta property=\"og:site_name\" content=\"Medicinas Inc\" \/>\n<meta property=\"article:modified_time\" content=\"2022-03-22T00:53:20+00:00\" \/>\n<meta property=\"og:image\" content=\"https:\/\/medicinasinc.com\/es\/wp-content\/uploads\/sites\/15\/2022\/02\/Buy-Imovane-Zopiclone-7.5-mg.jpg\" \/>\n\t<meta property=\"og:image:width\" content=\"570\" \/>\n\t<meta property=\"og:image:height\" content=\"340\" \/>\n\t<meta property=\"og:image:type\" content=\"image\/jpeg\" \/>\n<meta name=\"twitter:card\" content=\"summary_large_image\" \/>\n<meta name=\"twitter:label1\" content=\"Tiempo de lectura\" \/>\n\t<meta name=\"twitter:data1\" content=\"1 minuto\" \/>\n<script type=\"application\/ld+json\" class=\"yoast-schema-graph\">{\"@context\":\"https:\\\/\\\/schema.org\",\"@graph\":[{\"@type\":\"WebPage\",\"@id\":\"https:\\\/\\\/medicinasinc.com\\\/es\\\/product\\\/comprar-imovane-zopiclona-7-5-mg\\\/\",\"url\":\"https:\\\/\\\/medicinasinc.com\\\/es\\\/product\\\/comprar-imovane-zopiclona-7-5-mg\\\/\",\"name\":\"Compre Imovane Zopiclone 7.5mg - Best Best Global Meds\",\"isPartOf\":{\"@id\":\"https:\\\/\\\/medicinasinc.com\\\/es\\\/#website\"},\"primaryImageOfPage\":{\"@id\":\"https:\\\/\\\/medicinasinc.com\\\/es\\\/product\\\/comprar-imovane-zopiclona-7-5-mg\\\/#primaryimage\"},\"image\":{\"@id\":\"https:\\\/\\\/medicinasinc.com\\\/es\\\/product\\\/comprar-imovane-zopiclona-7-5-mg\\\/#primaryimage\"},\"thumbnailUrl\":\"https:\\\/\\\/medicinasinc.com\\\/es\\\/wp-content\\\/uploads\\\/sites\\\/15\\\/2022\\\/02\\\/Buy-Imovane-Zopiclone-7.5-mg.jpg\",\"datePublished\":\"2022-02-20T21:58:44+00:00\",\"dateModified\":\"2022-03-22T00:53:20+00:00\",\"description\":\"compre zopiclona 7.5mg tabletas en l\u00ednea, compre zopiclona 7.5mg uk, compre zopiclone en l\u00ednea, compre zopiclone eu, compre zopiclone singapur, compre zopiclone uk, zopiclone amazon, compre zopiclone 7.5mg tabletas entrega al d\u00eda siguiente,\",\"breadcrumb\":{\"@id\":\"https:\\\/\\\/medicinasinc.com\\\/es\\\/product\\\/comprar-imovane-zopiclona-7-5-mg\\\/#breadcrumb\"},\"inLanguage\":\"es\",\"potentialAction\":[{\"@type\":\"ReadAction\",\"target\":[\"https:\\\/\\\/medicinasinc.com\\\/es\\\/product\\\/comprar-imovane-zopiclona-7-5-mg\\\/\"]}]},{\"@type\":\"ImageObject\",\"inLanguage\":\"es\",\"@id\":\"https:\\\/\\\/medicinasinc.com\\\/es\\\/product\\\/comprar-imovane-zopiclona-7-5-mg\\\/#primaryimage\",\"url\":\"https:\\\/\\\/medicinasinc.com\\\/es\\\/wp-content\\\/uploads\\\/sites\\\/15\\\/2022\\\/02\\\/Buy-Imovane-Zopiclone-7.5-mg.jpg\",\"contentUrl\":\"https:\\\/\\\/medicinasinc.com\\\/es\\\/wp-content\\\/uploads\\\/sites\\\/15\\\/2022\\\/02\\\/Buy-Imovane-Zopiclone-7.5-mg.jpg\",\"width\":570,\"height\":340},{\"@type\":\"BreadcrumbList\",\"@id\":\"https:\\\/\\\/medicinasinc.com\\\/es\\\/product\\\/comprar-imovane-zopiclona-7-5-mg\\\/#breadcrumb\",\"itemListElement\":[{\"@type\":\"ListItem\",\"position\":1,\"name\":\"Tienda\",\"item\":\"https:\\\/\\\/medicinasinc.com\\\/es\\\/tienda\\\/\"},{\"@type\":\"ListItem\",\"position\":2,\"name\":\"Comprar Imovane Zopiclone 7.5 mg\"}]},{\"@type\":\"WebSite\",\"@id\":\"https:\\\/\\\/medicinasinc.com\\\/es\\\/#website\",\"url\":\"https:\\\/\\\/medicinasinc.com\\\/es\\\/\",\"name\":\"Medicinas Inc\",\"description\":\"Cl\u00ednica M\u00e9dica de Salud\",\"potentialAction\":[{\"@type\":\"SearchAction\",\"target\":{\"@type\":\"EntryPoint\",\"urlTemplate\":\"https:\\\/\\\/medicinasinc.com\\\/es\\\/?s={search_term_string}\"},\"query-input\":{\"@type\":\"PropertyValueSpecification\",\"valueRequired\":true,\"valueName\":\"search_term_string\"}}],\"inLanguage\":\"es\"}]}<\/script>\n<!-- \/ Yoast SEO plugin. -->","yoast_head_json":{"title":"Compre Imovane Zopiclone 7.5mg - Best Best Global Meds","description":"compre zopiclona 7.5mg tabletas en l\u00ednea, compre zopiclona 7.5mg uk, compre zopiclone en l\u00ednea, compre zopiclone eu, compre zopiclone singapur, compre zopiclone uk, zopiclone amazon, compre zopiclone 7.5mg tabletas entrega al d\u00eda siguiente,","robots":{"index":"index","follow":"follow","max-snippet":"max-snippet:-1","max-image-preview":"max-image-preview:large","max-video-preview":"max-video-preview:-1"},"canonical":"https:\/\/medicinasinc.com\/es\/product\/comprar-imovane-zopiclona-7-5-mg\/","og_locale":"es_ES","og_type":"article","og_title":"Compre Imovane Zopiclone 7.5mg - Best Best Global Meds","og_description":"compre zopiclona 7.5mg tabletas en l\u00ednea, compre zopiclona 7.5mg uk, compre zopiclone en l\u00ednea, compre zopiclone eu, compre zopiclone singapur, compre zopiclone uk, zopiclone amazon, compre zopiclone 7.5mg tabletas entrega al d\u00eda siguiente,","og_url":"https:\/\/medicinasinc.com\/es\/product\/comprar-imovane-zopiclona-7-5-mg\/","og_site_name":"Medicinas Inc","article_modified_time":"2022-03-22T00:53:20+00:00","og_image":[{"width":570,"height":340,"url":"https:\/\/medicinasinc.com\/es\/wp-content\/uploads\/sites\/15\/2022\/02\/Buy-Imovane-Zopiclone-7.5-mg.jpg","type":"image\/jpeg"}],"twitter_card":"summary_large_image","twitter_misc":{"Tiempo de lectura":"1 minuto"},"schema":{"@context":"https:\/\/schema.org","@graph":[{"@type":"WebPage","@id":"https:\/\/medicinasinc.com\/es\/product\/comprar-imovane-zopiclona-7-5-mg\/","url":"https:\/\/medicinasinc.com\/es\/product\/comprar-imovane-zopiclona-7-5-mg\/","name":"Compre Imovane Zopiclone 7.5mg - Best Best Global Meds","isPartOf":{"@id":"https:\/\/medicinasinc.com\/es\/#website"},"primaryImageOfPage":{"@id":"https:\/\/medicinasinc.com\/es\/product\/comprar-imovane-zopiclona-7-5-mg\/#primaryimage"},"image":{"@id":"https:\/\/medicinasinc.com\/es\/product\/comprar-imovane-zopiclona-7-5-mg\/#primaryimage"},"thumbnailUrl":"https:\/\/medicinasinc.com\/es\/wp-content\/uploads\/sites\/15\/2022\/02\/Buy-Imovane-Zopiclone-7.5-mg.jpg","datePublished":"2022-02-20T21:58:44+00:00","dateModified":"2022-03-22T00:53:20+00:00","description":"compre zopiclona 7.5mg tabletas en l\u00ednea, compre zopiclona 7.5mg uk, compre zopiclone en l\u00ednea, compre zopiclone eu, compre zopiclone singapur, compre zopiclone uk, zopiclone amazon, compre zopiclone 7.5mg tabletas entrega al d\u00eda siguiente,","breadcrumb":{"@id":"https:\/\/medicinasinc.com\/es\/product\/comprar-imovane-zopiclona-7-5-mg\/#breadcrumb"},"inLanguage":"es","potentialAction":[{"@type":"ReadAction","target":["https:\/\/medicinasinc.com\/es\/product\/comprar-imovane-zopiclona-7-5-mg\/"]}]},{"@type":"ImageObject","inLanguage":"es","@id":"https:\/\/medicinasinc.com\/es\/product\/comprar-imovane-zopiclona-7-5-mg\/#primaryimage","url":"https:\/\/medicinasinc.com\/es\/wp-content\/uploads\/sites\/15\/2022\/02\/Buy-Imovane-Zopiclone-7.5-mg.jpg","contentUrl":"https:\/\/medicinasinc.com\/es\/wp-content\/uploads\/sites\/15\/2022\/02\/Buy-Imovane-Zopiclone-7.5-mg.jpg","width":570,"height":340},{"@type":"BreadcrumbList","@id":"https:\/\/medicinasinc.com\/es\/product\/comprar-imovane-zopiclona-7-5-mg\/#breadcrumb","itemListElement":[{"@type":"ListItem","position":1,"name":"Tienda","item":"https:\/\/medicinasinc.com\/es\/tienda\/"},{"@type":"ListItem","position":2,"name":"Comprar Imovane Zopiclone 7.5 mg"}]},{"@type":"WebSite","@id":"https:\/\/medicinasinc.com\/es\/#website","url":"https:\/\/medicinasinc.com\/es\/","name":"Medicinas Inc","description":"Cl\u00ednica M\u00e9dica de Salud","potentialAction":[{"@type":"SearchAction","target":{"@type":"EntryPoint","urlTemplate":"https:\/\/medicinasinc.com\/es\/?s={search_term_string}"},"query-input":{"@type":"PropertyValueSpecification","valueRequired":true,"valueName":"search_term_string"}}],"inLanguage":"es"}]}},"_links":{"self":[{"href":"https:\/\/medicinasinc.com\/es\/wp-json\/wp\/v2\/product\/5208","targetHints":{"allow":["GET"]}}],"collection":[{"href":"https:\/\/medicinasinc.com\/es\/wp-json\/wp\/v2\/product"}],"about":[{"href":"https:\/\/medicinasinc.com\/es\/wp-json\/wp\/v2\/types\/product"}],"replies":[{"embeddable":true,"href":"https:\/\/medicinasinc.com\/es\/wp-json\/wp\/v2\/comments?post=5208"}],"wp:featuredmedia":[{"embeddable":true,"href":"https:\/\/medicinasinc.com\/es\/wp-json\/wp\/v2\/media\/5226"}],"wp:attachment":[{"href":"https:\/\/medicinasinc.com\/es\/wp-json\/wp\/v2\/media?parent=5208"}],"wp:term":[{"taxonomy":"product_brand","embeddable":true,"href":"https:\/\/medicinasinc.com\/es\/wp-json\/wp\/v2\/product_brand?post=5208"},{"taxonomy":"product_cat","embeddable":true,"href":"https:\/\/medicinasinc.com\/es\/wp-json\/wp\/v2\/product_cat?post=5208"},{"taxonomy":"product_tag","embeddable":true,"href":"https:\/\/medicinasinc.com\/es\/wp-json\/wp\/v2\/product_tag?post=5208"}],"curies":[{"name":"wp","href":"https:\/\/api.w.org\/{rel}","templated":true}]}}