{"id":5207,"date":"2022-02-20T21:57:05","date_gmt":"2022-02-20T21:57:05","guid":{"rendered":"https:\/\/medicinasinc.com\/es\/?post_type=product&#038;p=5207"},"modified":"2022-03-22T00:53:30","modified_gmt":"2022-03-22T00:53:30","slug":"comprar-imitrex-sumatriptan-100-mg","status":"publish","type":"product","link":"https:\/\/medicinasinc.com\/es\/product\/comprar-imitrex-sumatriptan-100-mg\/","title":{"rendered":"Comprar imitrex sumatript\u00e1n 100 mg"},"content":{"rendered":"<div class=\"product-next-previous\">\n<div class=\"product-prev\">\n<p>Compre tabletas de Imitrex de 100 mg en l\u00ednea Informaci\u00f3n de Imitrex (marca y gen\u00e9rico)<\/p>\n<p>Bestglobalmeds.com\u00a0vende actualmente el marca Imitrex, com\u00fanmente conocida como Imigran, fabricada por GSK en Turqu\u00eda y Aspen en Australia. Adem\u00e1s, llevamos la marca GSK Imitrex de Canad\u00e1. Sumatript\u00e1n est\u00e1 disponible de forma gen\u00e9rica en Pharma Science en Canad\u00e1, Sun Pharma en India (Suminat) y Dexcel Pharma y Accord Pharma en el Reino Unido.<\/p>\n<p>Dosificaci\u00f3n<\/p>\n<p>Imitrex viene en una variedad de formulaciones y niveles de dosificaci\u00f3n. Imitrex y Sumatriptan est\u00e1n disponibles en formas de dosificaci\u00f3n de tabletas de 50 mg y 100 mg. Adem\u00e1s, proporcionamos tabletas gen\u00e9ricas de Imitrex de 25 mg. Adem\u00e1s, la marca Imitrex est\u00e1 disponible en paquetes de aerosol nasal de 20 mg, viales inyectables de 6 mg\/0,5 ml, kits de inicio de dosis inmediata y cartuchos de dosis inmediata.<\/p>\n<p>Uso<\/p>\n<p>Imitrex (sumatript\u00e1n) es un medicamento que se usa para tratar los dolores de cabeza por migra\u00f1a. Imitrex no previene las migra\u00f1as ni disminuye su frecuencia. Solo se usa para tratar los s\u00edntomas de migra\u00f1a que ya han comenzado. Ayuda en el alivio de dolores de cabeza, molestias y otros s\u00edntomas de migra\u00f1a como n\u00e1useas, v\u00f3mitos y sensibilidad a la luz o al sonido. Sumatriptan es un miembro de la clase de medicamentos triptan. Este medicamento act\u00faa interfiriendo con una sustancia qu\u00edmica natural (serotonina) que hace que las arterias sangu\u00edneas del cerebro se contraigan. Adem\u00e1s, aliviar\u00e1 el dolor al influir en nervios espec\u00edficos del cerebro.<\/p>\n<p>Consecuencias<\/p>\n<p>Consulte a su m\u00e9dico de inmediato si experimenta alguno de los siguientes efectos secundarios graves: dolor en el pecho, la mand\u00edbula o el dolor en el brazo; diarrea con sangre; desmayo; latidos card\u00edacos r\u00e1pidos, irregulares y fuertes; problemas mentales\/an\u00edmicos; dolor estomacal\/abdominal intenso; dolor de pecho severo; convulsiones; dificultad para hablar; cambios visuales. Los siguientes son algunos de los efectos adversos m\u00e1s frecuentes: \u2022 Mareos y somnolencia; \u2022 Sensaciones de hormigueo\/entumecimiento\/picaz\u00f3n\/calor; \u2022 Enrojecimiento.<br \/> \u2022 Presi\u00f3n arterial elevada: controle regularmente su presi\u00f3n arterial para garantizar la seguridad;<br \/> \u2022 Agotamiento; \u2022 Debilidad<\/p>\n<p>Contraindicaciones e interacciones<\/p>\n<p>Imitrex no debe usarse para tratar un dolor de cabeza por tensi\u00f3n com\u00fan o uno que resulte en la p\u00e9rdida de movimiento en un lado del cuerpo. Imitrex no debe usarse si es al\u00e9rgico al sumatript\u00e1n o si tiene las siguientes condiciones: \u2022 Antecedentes de ataque card\u00edaco o accidente cerebrovascular; \u2022 Ciertos trastornos del ritmo card\u00edaco; \u2022 Problemas de circulaci\u00f3n que resultan en una falta de suministro de sangre al cuerpo; \u2022 Problemas del coraz\u00f3n; \u2022 enfermedad hep\u00e1tica o renal; \u2022 Presi\u00f3n arterial alta no controlada;<\/p>\n<p>Imitrex no debe tomarse dentro de las 24 horas posteriores al uso de cualquier otro tratamiento para la migra\u00f1a. Informe a su m\u00e9dico sobre todos los medicamentos que est\u00e1 tomando actualmente, incluidos los medicamentos recetados, de venta libre y a base de hierbas, incluidos los IMAO, los inhibidores selectivos de la recaptaci\u00f3n de serotonina y los inhibidores de la recaptaci\u00f3n de norepinefrina. Sumatript\u00e1n puede causar mareos o somnolencia. El alcohol o la marihuana pueden aumentar los mareos o la somnolencia. Evite conducir, operar maquinaria o realizar cualquier otra actividad que requiera estar alerta. Consumir bebidas alcoh\u00f3licas con moderaci\u00f3n. No se sabe que Imitrex cause da\u00f1o al feto. Si est\u00e1 embarazada, consulte a su m\u00e9dico. Sumatript\u00e1n se excreta en la leche materna y puede causar da\u00f1o al lactante. Se debe evitar la lactancia durante 12 horas despu\u00e9s de usar Imitrex. No se recomienda el uso de Imitrex a menores de 18 a\u00f1os.<\/p>\n<p>Preguntas y respuestas<br \/> \u00bfPor qu\u00e9 Imitrex es menos costoso en Canad\u00e1 que en los Estados Unidos?<\/p>\n<p>En general , todos los precios de los medicamentos, no solo Imitrex, son m\u00e1s razonables cuando se compran en Canad\u00e1, ya que el gobierno regula el precio de los medicamentos gen\u00e9ricos y de marca. Adem\u00e1s, desde nuestros inicios en 2006, nuestro objetivo ha sido brindar medicamentos seguros y econ\u00f3micos a la poblaci\u00f3n de los Estados Unidos.<\/p>\n<p>\u00bfEs seguro comprar Imitrex en su farmacia?<\/p>\n<p>Nuestros productos provienen exclusivamente de instalaciones que han sido certificadas por autoridades de los pa\u00edses de donde se importan. CanadaPharmacyOnline.com emplea un riguroso procedimiento de selecci\u00f3n para nuestros socios a fin de garantizar que usted, nuestro cliente, reciba la medicaci\u00f3n m\u00e1s segura posible. Adem\u00e1s, somos una farmacia canadiense certificada que cumple con todas las leyes provinciales.<\/p>\n<p>\u00bfCu\u00e1nto cuesta el Imitrex gen\u00e9rico de 100 mg en su farmacia?<\/p>\n<p>El Imitrex gen\u00e9rico de 100 mg est\u00e1 disponible por tan solo como $28.99 por 12 tabletas, mientras que la dosis de 50 mg est\u00e1 disponible por tan solo $57.99 por 18 p\u00edldoras.<\/p>\n<p>\u00bfCu\u00e1nto cuesta una tableta?<\/p>\n<p>Imitrex 100 mg est\u00e1 disponible en forma gen\u00e9rica formulario por $2.27 por tableta y en forma de marca por $8.67 por tableta en nuestra farmacia.<\/p>\n<p>\u00bfCu\u00e1nto cuesta el env\u00edo?<\/p>\n<p>Nuestro precio de entrega de tarifa plana es de $10.00 por pedido. Nuestra farmacia se compromete a ofrecerle los precios m\u00e1s bajos posibles en art\u00edculos de alta calidad.<\/p>\n<p>\u00bfC\u00f3mo hago un pedido en su farmacia?<\/p>\n<p>Es muy f\u00e1cil pedirnos Imitrex . Puede realizar su pedido en l\u00ednea o por tel\u00e9fono con el Servicio de atenci\u00f3n al cliente. Visite nuestra p\u00e1gina C\u00f3mo hacer un pedido para obtener informaci\u00f3n adicional o para comenzar el proceso de pedido.<\/p>\n<p>\u00bfEs competitivo el precio de Imitrex?<\/p>\n<p>S\u00ed, nos enorgullece ofrecer algunos de los precios m\u00e1s bajos disponibles en farmacias canadienses. En raras situaciones, es posible que podamos igualar o superar los precios de nuestros competidores. Comun\u00edquese con nuestro amable servicio de atenci\u00f3n al cliente al 1866.920.3784.<\/p>\n<p>\u00bfPuedo comprar Imitrex sin receta m\u00e9dica?<\/p>\n<p>No, Imitrex solo est\u00e1 disponible con una receta v\u00e1lida de su m\u00e9dico. Sin una receta v\u00e1lida, no vendemos este producto.<\/p>\n<p>Imitrex 50 mg vs. Imitrex 100 mg: \u00bfCu\u00e1l es la diferencia?<\/p>\n<p>La diferencia de dosis refleja la cantidad de ingrediente(s) activo(s) ) incluido en el medicamento.<\/p>\n<p>Mecanismo de acci\u00f3n de Imitrex<\/p>\n<\/p><\/div><\/div>\n<div class=\"product-next-previous\">\n<div class=\"product-prev\"><\/div><\/div>\n","protected":false},"excerpt":{"rendered":"<div class=\"woocommerce-product-details__short-description\">\n<p>Las pastillas de imitrex sumatript\u00e1n de 100 mg se pueden comprar en l\u00ednea. IMITREX es un agonista del receptor de serotonina 5-HT1B\/1D (tript\u00e1n) aprobado para el tratamiento inmediato de migra\u00f1as en adultos con o sin aura.<\/p>\n<p>El sumatript\u00e1n se puede comprar en l\u00ednea a trav\u00e9s de nuestra farmacia en l\u00ednea registrada en el Reino Unido.<\/p>\n<p> p&gt; <\/p>\n<p>Sumatript\u00e1n es un medicamento para la migra\u00f1a con un inicio de acci\u00f3n r\u00e1pido. Precio m\u00e1s bajo garantizado en el Reino Unido.<\/p>\n<p>Las tabletas para aliviar la migra\u00f1a de sumatript\u00e1n se pueden comprar en l\u00ednea de forma segura en una farmacia del Reino Unido.<\/p>\n<p>Sumatript\u00e1n es una forma gen\u00e9rica de Imigran que es menos costosa. <\/p>\n<p>Compre Imitrex (Sumatript\u00e1n) con descuento en una farmacia autorizada de Best global meds&#8230;. 50mg100mg<\/p>\n<p>\u00a1Compre Imitrex en l\u00ednea hoy en nuestra farmacia canadiense!<\/p>\n<\/p><\/div>\n","protected":false},"featured_media":5224,"comment_status":"open","ping_status":"closed","template":"","meta":[],"product_brand":[],"product_cat":[1117],"product_tag":[1360,1339,1361,1356,1346,1341,1340,1342,1344,1345,1359,1353,1357,1343,1348,1349,1351,1350,1347,1352,1354,1355,1358,1338],"class_list":{"0":"post-5207","1":"product","2":"type-product","3":"status-publish","4":"has-post-thumbnail","6":"product_cat-compre-pastillas-para-el-dolor-el-sueno-y-el-sexo","7":"product_tag-cundo-se-debe-evitar-el-sumatriptn-imitrex","8":"product_tag-buy-sumatriptan-online-usa","9":"product_tag-donde-comprar-sumatriptan-de-venta-libre","10":"product_tag-efectos-secundarios-de-sumatriptan","11":"product_tag-is-sumatriptan-imitrex","12":"product_tag-imitrex-nasal-spray-sumatriptan","13":"product_tag-hace-imitrex-genrico-sumatriptn","14":"product_tag-imitrex-sumatriptn","15":"product_tag-imitrex-vs-sumatriptan","16":"product_tag-inyeccin-sumatriptan-imitrex","17":"product_tag-para-que-sirve-el-sumatriptan-100-mg","18":"product_tag-sumatriptn-imitrex-parche","19":"product_tag-sumatriptn-succinato-imitrex","20":"product_tag-imitrex-sumatriptn-succinato","21":"product_tag-sumatriptan-imitrex-50-mg-tablet-precio","22":"product_tag-sumatriptan-100-mg-online","23":"product_tag-sumatriptan-50mg","24":"product_tag-sumatriptan-50-mg-over-the-counter","25":"product_tag-es-sumatriptan-igual-que-imitrex","26":"product_tag-sumatriptan-imitrex","27":"product_tag-sumatriptn-imitrex-treximet","28":"product_tag-sumatriptan-over-the-counter-usa","29":"product_tag-sumatriptan-vs-imitrex","30":"product_tag-un-paciente-sufre-una-migrana-cual-es-la-accion-del-sumatriptan-imitrex","32":"first","33":"instock","34":"shipping-taxable","35":"purchasable","36":"product-type-variable","37":"has-default-attributes"},"yoast_head":"<!-- This site is optimized with the Yoast SEO plugin v27.3 - https:\/\/yoast.com\/product\/yoast-seo-wordpress\/ -->\n<title>Comprar imitrex sumatript\u00e1n 100 mg - Best Global Meds<\/title>\n<meta name=\"description\" content=\"Compre comprimidos para el alivio de la migra\u00f1a de imitrex sumatript\u00e1n de 100 mg de forma segura en una farmacia en l\u00ednea del Reino Unido. Sumatriptan\u00a0es una versi\u00f3n gen\u00e9rica y m\u00e1s barata de Imigran.\" \/>\n<meta name=\"robots\" content=\"index, follow, max-snippet:-1, max-image-preview:large, max-video-preview:-1\" \/>\n<link rel=\"canonical\" href=\"https:\/\/medicinasinc.com\/es\/product\/comprar-imitrex-sumatriptan-100-mg\/\" \/>\n<meta property=\"og:locale\" content=\"es_ES\" \/>\n<meta property=\"og:type\" content=\"article\" \/>\n<meta property=\"og:title\" content=\"Comprar imitrex sumatript\u00e1n 100 mg - Best Global Meds\" \/>\n<meta property=\"og:description\" content=\"Compre comprimidos para el alivio de la migra\u00f1a de imitrex sumatript\u00e1n de 100 mg de forma segura en una farmacia en l\u00ednea del Reino Unido. Sumatriptan\u00a0es una versi\u00f3n gen\u00e9rica y m\u00e1s barata de Imigran.\" \/>\n<meta property=\"og:url\" content=\"https:\/\/medicinasinc.com\/es\/product\/comprar-imitrex-sumatriptan-100-mg\/\" \/>\n<meta property=\"og:site_name\" content=\"Medicinas Inc\" \/>\n<meta property=\"article:modified_time\" content=\"2022-03-22T00:53:30+00:00\" \/>\n<meta property=\"og:image\" content=\"https:\/\/medicinasinc.com\/es\/wp-content\/uploads\/sites\/15\/2022\/02\/Buy-imitrex-Sumatriptan-100-mg.jpg\" \/>\n\t<meta property=\"og:image:width\" content=\"846\" \/>\n\t<meta property=\"og:image:height\" content=\"600\" \/>\n\t<meta property=\"og:image:type\" content=\"image\/jpeg\" \/>\n<meta name=\"twitter:card\" content=\"summary_large_image\" \/>\n<meta name=\"twitter:label1\" content=\"Tiempo de lectura\" \/>\n\t<meta name=\"twitter:data1\" content=\"4 minutos\" \/>\n<script type=\"application\/ld+json\" class=\"yoast-schema-graph\">{\"@context\":\"https:\\\/\\\/schema.org\",\"@graph\":[{\"@type\":\"WebPage\",\"@id\":\"https:\\\/\\\/medicinasinc.com\\\/es\\\/product\\\/comprar-imitrex-sumatriptan-100-mg\\\/\",\"url\":\"https:\\\/\\\/medicinasinc.com\\\/es\\\/product\\\/comprar-imitrex-sumatriptan-100-mg\\\/\",\"name\":\"Comprar imitrex sumatript\u00e1n 100 mg - Best Global Meds\",\"isPartOf\":{\"@id\":\"https:\\\/\\\/medicinasinc.com\\\/es\\\/#website\"},\"primaryImageOfPage\":{\"@id\":\"https:\\\/\\\/medicinasinc.com\\\/es\\\/product\\\/comprar-imitrex-sumatriptan-100-mg\\\/#primaryimage\"},\"image\":{\"@id\":\"https:\\\/\\\/medicinasinc.com\\\/es\\\/product\\\/comprar-imitrex-sumatriptan-100-mg\\\/#primaryimage\"},\"thumbnailUrl\":\"https:\\\/\\\/medicinasinc.com\\\/es\\\/wp-content\\\/uploads\\\/sites\\\/15\\\/2022\\\/02\\\/Buy-imitrex-Sumatriptan-100-mg.jpg\",\"datePublished\":\"2022-02-20T21:57:05+00:00\",\"dateModified\":\"2022-03-22T00:53:30+00:00\",\"description\":\"Compre comprimidos para el alivio de la migra\u00f1a de imitrex sumatript\u00e1n de 100 mg de forma segura en una farmacia en l\u00ednea del Reino Unido. Sumatriptan\u00a0es una versi\u00f3n gen\u00e9rica y m\u00e1s barata de Imigran.\",\"breadcrumb\":{\"@id\":\"https:\\\/\\\/medicinasinc.com\\\/es\\\/product\\\/comprar-imitrex-sumatriptan-100-mg\\\/#breadcrumb\"},\"inLanguage\":\"es\",\"potentialAction\":[{\"@type\":\"ReadAction\",\"target\":[\"https:\\\/\\\/medicinasinc.com\\\/es\\\/product\\\/comprar-imitrex-sumatriptan-100-mg\\\/\"]}]},{\"@type\":\"ImageObject\",\"inLanguage\":\"es\",\"@id\":\"https:\\\/\\\/medicinasinc.com\\\/es\\\/product\\\/comprar-imitrex-sumatriptan-100-mg\\\/#primaryimage\",\"url\":\"https:\\\/\\\/medicinasinc.com\\\/es\\\/wp-content\\\/uploads\\\/sites\\\/15\\\/2022\\\/02\\\/Buy-imitrex-Sumatriptan-100-mg.jpg\",\"contentUrl\":\"https:\\\/\\\/medicinasinc.com\\\/es\\\/wp-content\\\/uploads\\\/sites\\\/15\\\/2022\\\/02\\\/Buy-imitrex-Sumatriptan-100-mg.jpg\",\"width\":846,\"height\":600},{\"@type\":\"BreadcrumbList\",\"@id\":\"https:\\\/\\\/medicinasinc.com\\\/es\\\/product\\\/comprar-imitrex-sumatriptan-100-mg\\\/#breadcrumb\",\"itemListElement\":[{\"@type\":\"ListItem\",\"position\":1,\"name\":\"Tienda\",\"item\":\"https:\\\/\\\/medicinasinc.com\\\/es\\\/tienda\\\/\"},{\"@type\":\"ListItem\",\"position\":2,\"name\":\"Comprar imitrex sumatript\u00e1n 100 mg\"}]},{\"@type\":\"WebSite\",\"@id\":\"https:\\\/\\\/medicinasinc.com\\\/es\\\/#website\",\"url\":\"https:\\\/\\\/medicinasinc.com\\\/es\\\/\",\"name\":\"Medicinas Inc\",\"description\":\"Cl\u00ednica M\u00e9dica de Salud\",\"potentialAction\":[{\"@type\":\"SearchAction\",\"target\":{\"@type\":\"EntryPoint\",\"urlTemplate\":\"https:\\\/\\\/medicinasinc.com\\\/es\\\/?s={search_term_string}\"},\"query-input\":{\"@type\":\"PropertyValueSpecification\",\"valueRequired\":true,\"valueName\":\"search_term_string\"}}],\"inLanguage\":\"es\"}]}<\/script>\n<!-- \/ Yoast SEO plugin. -->","yoast_head_json":{"title":"Comprar imitrex sumatript\u00e1n 100 mg - Best Global Meds","description":"Compre comprimidos para el alivio de la migra\u00f1a de imitrex sumatript\u00e1n de 100 mg de forma segura en una farmacia en l\u00ednea del Reino Unido. Sumatriptan\u00a0es una versi\u00f3n gen\u00e9rica y m\u00e1s barata de Imigran.","robots":{"index":"index","follow":"follow","max-snippet":"max-snippet:-1","max-image-preview":"max-image-preview:large","max-video-preview":"max-video-preview:-1"},"canonical":"https:\/\/medicinasinc.com\/es\/product\/comprar-imitrex-sumatriptan-100-mg\/","og_locale":"es_ES","og_type":"article","og_title":"Comprar imitrex sumatript\u00e1n 100 mg - Best Global Meds","og_description":"Compre comprimidos para el alivio de la migra\u00f1a de imitrex sumatript\u00e1n de 100 mg de forma segura en una farmacia en l\u00ednea del Reino Unido. Sumatriptan\u00a0es una versi\u00f3n gen\u00e9rica y m\u00e1s barata de Imigran.","og_url":"https:\/\/medicinasinc.com\/es\/product\/comprar-imitrex-sumatriptan-100-mg\/","og_site_name":"Medicinas Inc","article_modified_time":"2022-03-22T00:53:30+00:00","og_image":[{"width":846,"height":600,"url":"https:\/\/medicinasinc.com\/es\/wp-content\/uploads\/sites\/15\/2022\/02\/Buy-imitrex-Sumatriptan-100-mg.jpg","type":"image\/jpeg"}],"twitter_card":"summary_large_image","twitter_misc":{"Tiempo de lectura":"4 minutos"},"schema":{"@context":"https:\/\/schema.org","@graph":[{"@type":"WebPage","@id":"https:\/\/medicinasinc.com\/es\/product\/comprar-imitrex-sumatriptan-100-mg\/","url":"https:\/\/medicinasinc.com\/es\/product\/comprar-imitrex-sumatriptan-100-mg\/","name":"Comprar imitrex sumatript\u00e1n 100 mg - Best Global Meds","isPartOf":{"@id":"https:\/\/medicinasinc.com\/es\/#website"},"primaryImageOfPage":{"@id":"https:\/\/medicinasinc.com\/es\/product\/comprar-imitrex-sumatriptan-100-mg\/#primaryimage"},"image":{"@id":"https:\/\/medicinasinc.com\/es\/product\/comprar-imitrex-sumatriptan-100-mg\/#primaryimage"},"thumbnailUrl":"https:\/\/medicinasinc.com\/es\/wp-content\/uploads\/sites\/15\/2022\/02\/Buy-imitrex-Sumatriptan-100-mg.jpg","datePublished":"2022-02-20T21:57:05+00:00","dateModified":"2022-03-22T00:53:30+00:00","description":"Compre comprimidos para el alivio de la migra\u00f1a de imitrex sumatript\u00e1n de 100 mg de forma segura en una farmacia en l\u00ednea del Reino Unido. Sumatriptan\u00a0es una versi\u00f3n gen\u00e9rica y m\u00e1s barata de Imigran.","breadcrumb":{"@id":"https:\/\/medicinasinc.com\/es\/product\/comprar-imitrex-sumatriptan-100-mg\/#breadcrumb"},"inLanguage":"es","potentialAction":[{"@type":"ReadAction","target":["https:\/\/medicinasinc.com\/es\/product\/comprar-imitrex-sumatriptan-100-mg\/"]}]},{"@type":"ImageObject","inLanguage":"es","@id":"https:\/\/medicinasinc.com\/es\/product\/comprar-imitrex-sumatriptan-100-mg\/#primaryimage","url":"https:\/\/medicinasinc.com\/es\/wp-content\/uploads\/sites\/15\/2022\/02\/Buy-imitrex-Sumatriptan-100-mg.jpg","contentUrl":"https:\/\/medicinasinc.com\/es\/wp-content\/uploads\/sites\/15\/2022\/02\/Buy-imitrex-Sumatriptan-100-mg.jpg","width":846,"height":600},{"@type":"BreadcrumbList","@id":"https:\/\/medicinasinc.com\/es\/product\/comprar-imitrex-sumatriptan-100-mg\/#breadcrumb","itemListElement":[{"@type":"ListItem","position":1,"name":"Tienda","item":"https:\/\/medicinasinc.com\/es\/tienda\/"},{"@type":"ListItem","position":2,"name":"Comprar imitrex sumatript\u00e1n 100 mg"}]},{"@type":"WebSite","@id":"https:\/\/medicinasinc.com\/es\/#website","url":"https:\/\/medicinasinc.com\/es\/","name":"Medicinas Inc","description":"Cl\u00ednica M\u00e9dica de Salud","potentialAction":[{"@type":"SearchAction","target":{"@type":"EntryPoint","urlTemplate":"https:\/\/medicinasinc.com\/es\/?s={search_term_string}"},"query-input":{"@type":"PropertyValueSpecification","valueRequired":true,"valueName":"search_term_string"}}],"inLanguage":"es"}]}},"_links":{"self":[{"href":"https:\/\/medicinasinc.com\/es\/wp-json\/wp\/v2\/product\/5207","targetHints":{"allow":["GET"]}}],"collection":[{"href":"https:\/\/medicinasinc.com\/es\/wp-json\/wp\/v2\/product"}],"about":[{"href":"https:\/\/medicinasinc.com\/es\/wp-json\/wp\/v2\/types\/product"}],"replies":[{"embeddable":true,"href":"https:\/\/medicinasinc.com\/es\/wp-json\/wp\/v2\/comments?post=5207"}],"wp:featuredmedia":[{"embeddable":true,"href":"https:\/\/medicinasinc.com\/es\/wp-json\/wp\/v2\/media\/5224"}],"wp:attachment":[{"href":"https:\/\/medicinasinc.com\/es\/wp-json\/wp\/v2\/media?parent=5207"}],"wp:term":[{"taxonomy":"product_brand","embeddable":true,"href":"https:\/\/medicinasinc.com\/es\/wp-json\/wp\/v2\/product_brand?post=5207"},{"taxonomy":"product_cat","embeddable":true,"href":"https:\/\/medicinasinc.com\/es\/wp-json\/wp\/v2\/product_cat?post=5207"},{"taxonomy":"product_tag","embeddable":true,"href":"https:\/\/medicinasinc.com\/es\/wp-json\/wp\/v2\/product_tag?post=5207"}],"curies":[{"name":"wp","href":"https:\/\/api.w.org\/{rel}","templated":true}]}}