{"id":5206,"date":"2022-02-20T21:56:11","date_gmt":"2022-02-20T21:56:11","guid":{"rendered":"https:\/\/medicinasinc.com\/es\/?post_type=product&#038;p=5206"},"modified":"2022-03-22T00:53:39","modified_gmt":"2022-03-22T00:53:39","slug":"comprar-hynidate-10-mg","status":"publish","type":"product","link":"https:\/\/medicinasinc.com\/es\/product\/comprar-hynidate-10-mg\/","title":{"rendered":"Comprar Hynidate 10 mg"},"content":{"rendered":"<p>Las pastillas de 10 mg de Hynidate se pueden comprar en l\u00ednea.<\/p>\n<p>Nuestro sitio web le permite comprar pastillas de 10 mg de Hynidate en l\u00ednea. Brindamos una variedad de tratamientos para tratar la depresi\u00f3n, incluidos Adderall y otros medicamentos. Aproveche los excelentes precios al por mayor en todos los pedidos. Visite nuestra tienda para ver m\u00e1s productos.<\/p>\n","protected":false},"excerpt":{"rendered":"<div class=\"woocommerce-product-details__short-description\">\n<p>Compre tabletas Hynidate de 10 mg en l\u00ednea. Es posible comprar Hynidate en l\u00ednea sin receta a un precio con descuento de hasta un 80 % en comparaci\u00f3n con el precio en los Estados Unidos, donde se vende.<\/p>\n<p>Hynidate 10mg Tablets para la venta en Internet.<\/p>\n<p>El trastorno por d\u00e9ficit de atenci\u00f3n con hiperactividad (TDAH) se trata con el f\u00e1rmaco hynidate (un trastorno del comportamiento)<\/p>\n<\/p><\/div>\n","protected":false},"featured_media":5222,"comment_status":"open","ping_status":"closed","template":"","meta":[],"product_brand":[],"product_cat":[1117],"product_tag":[],"class_list":{"0":"post-5206","1":"product","2":"type-product","3":"status-publish","4":"has-post-thumbnail","6":"product_cat-compre-pastillas-para-el-dolor-el-sueno-y-el-sexo","8":"first","9":"instock","10":"shipping-taxable","11":"purchasable","12":"product-type-variable","13":"has-default-attributes"},"yoast_head":"<!-- This site is optimized with the Yoast SEO plugin v27.3 - https:\/\/yoast.com\/product\/yoast-seo-wordpress\/ -->\n<title>Compre Hynidate 10 mg - Best Best Global Meds<\/title>\n<meta name=\"description\" content=\"Compre Hynidate 10 mg en pastillas para la venta en l\u00ednea. Compre Hynidate Online (Metilfenidato Clorhidrato U.S.P.) 10 Mg sin receta a un precio 80% menor que las farmacias de EE. UU.\" \/>\n<meta name=\"robots\" content=\"index, follow, max-snippet:-1, max-image-preview:large, max-video-preview:-1\" \/>\n<link rel=\"canonical\" href=\"https:\/\/medicinasinc.com\/es\/product\/comprar-hynidate-10-mg\/\" \/>\n<meta property=\"og:locale\" content=\"es_ES\" \/>\n<meta property=\"og:type\" content=\"article\" \/>\n<meta property=\"og:title\" content=\"Compre Hynidate 10 mg - Best Best Global Meds\" \/>\n<meta property=\"og:description\" content=\"Compre Hynidate 10 mg en pastillas para la venta en l\u00ednea. Compre Hynidate Online (Metilfenidato Clorhidrato U.S.P.) 10 Mg sin receta a un precio 80% menor que las farmacias de EE. UU.\" \/>\n<meta property=\"og:url\" content=\"https:\/\/medicinasinc.com\/es\/product\/comprar-hynidate-10-mg\/\" \/>\n<meta property=\"og:site_name\" content=\"Medicinas Inc\" \/>\n<meta property=\"article:modified_time\" content=\"2022-03-22T00:53:39+00:00\" \/>\n<meta property=\"og:image\" content=\"https:\/\/medicinasinc.com\/es\/wp-content\/uploads\/sites\/15\/2022\/02\/Buy-Hynidate-10-mg.jpg\" \/>\n\t<meta property=\"og:image:width\" content=\"750\" \/>\n\t<meta property=\"og:image:height\" content=\"609\" \/>\n\t<meta property=\"og:image:type\" content=\"image\/jpeg\" \/>\n<meta name=\"twitter:card\" content=\"summary_large_image\" \/>\n<meta name=\"twitter:label1\" content=\"Tiempo de lectura\" \/>\n\t<meta name=\"twitter:data1\" content=\"1 minuto\" \/>\n<script type=\"application\/ld+json\" class=\"yoast-schema-graph\">{\"@context\":\"https:\\\/\\\/schema.org\",\"@graph\":[{\"@type\":\"WebPage\",\"@id\":\"https:\\\/\\\/medicinasinc.com\\\/es\\\/product\\\/comprar-hynidate-10-mg\\\/\",\"url\":\"https:\\\/\\\/medicinasinc.com\\\/es\\\/product\\\/comprar-hynidate-10-mg\\\/\",\"name\":\"Compre Hynidate 10 mg - Best Best Global Meds\",\"isPartOf\":{\"@id\":\"https:\\\/\\\/medicinasinc.com\\\/es\\\/#website\"},\"primaryImageOfPage\":{\"@id\":\"https:\\\/\\\/medicinasinc.com\\\/es\\\/product\\\/comprar-hynidate-10-mg\\\/#primaryimage\"},\"image\":{\"@id\":\"https:\\\/\\\/medicinasinc.com\\\/es\\\/product\\\/comprar-hynidate-10-mg\\\/#primaryimage\"},\"thumbnailUrl\":\"https:\\\/\\\/medicinasinc.com\\\/es\\\/wp-content\\\/uploads\\\/sites\\\/15\\\/2022\\\/02\\\/Buy-Hynidate-10-mg.jpg\",\"datePublished\":\"2022-02-20T21:56:11+00:00\",\"dateModified\":\"2022-03-22T00:53:39+00:00\",\"description\":\"Compre Hynidate 10 mg en pastillas para la venta en l\u00ednea. Compre Hynidate Online (Metilfenidato Clorhidrato U.S.P.) 10 Mg sin receta a un precio 80% menor que las farmacias de EE. UU.\",\"breadcrumb\":{\"@id\":\"https:\\\/\\\/medicinasinc.com\\\/es\\\/product\\\/comprar-hynidate-10-mg\\\/#breadcrumb\"},\"inLanguage\":\"es\",\"potentialAction\":[{\"@type\":\"ReadAction\",\"target\":[\"https:\\\/\\\/medicinasinc.com\\\/es\\\/product\\\/comprar-hynidate-10-mg\\\/\"]}]},{\"@type\":\"ImageObject\",\"inLanguage\":\"es\",\"@id\":\"https:\\\/\\\/medicinasinc.com\\\/es\\\/product\\\/comprar-hynidate-10-mg\\\/#primaryimage\",\"url\":\"https:\\\/\\\/medicinasinc.com\\\/es\\\/wp-content\\\/uploads\\\/sites\\\/15\\\/2022\\\/02\\\/Buy-Hynidate-10-mg.jpg\",\"contentUrl\":\"https:\\\/\\\/medicinasinc.com\\\/es\\\/wp-content\\\/uploads\\\/sites\\\/15\\\/2022\\\/02\\\/Buy-Hynidate-10-mg.jpg\",\"width\":750,\"height\":609},{\"@type\":\"BreadcrumbList\",\"@id\":\"https:\\\/\\\/medicinasinc.com\\\/es\\\/product\\\/comprar-hynidate-10-mg\\\/#breadcrumb\",\"itemListElement\":[{\"@type\":\"ListItem\",\"position\":1,\"name\":\"Tienda\",\"item\":\"https:\\\/\\\/medicinasinc.com\\\/es\\\/tienda\\\/\"},{\"@type\":\"ListItem\",\"position\":2,\"name\":\"Comprar Hynidate 10 mg\"}]},{\"@type\":\"WebSite\",\"@id\":\"https:\\\/\\\/medicinasinc.com\\\/es\\\/#website\",\"url\":\"https:\\\/\\\/medicinasinc.com\\\/es\\\/\",\"name\":\"Medicinas Inc\",\"description\":\"Cl\u00ednica M\u00e9dica de Salud\",\"potentialAction\":[{\"@type\":\"SearchAction\",\"target\":{\"@type\":\"EntryPoint\",\"urlTemplate\":\"https:\\\/\\\/medicinasinc.com\\\/es\\\/?s={search_term_string}\"},\"query-input\":{\"@type\":\"PropertyValueSpecification\",\"valueRequired\":true,\"valueName\":\"search_term_string\"}}],\"inLanguage\":\"es\"}]}<\/script>\n<!-- \/ Yoast SEO plugin. -->","yoast_head_json":{"title":"Compre Hynidate 10 mg - Best Best Global Meds","description":"Compre Hynidate 10 mg en pastillas para la venta en l\u00ednea. Compre Hynidate Online (Metilfenidato Clorhidrato U.S.P.) 10 Mg sin receta a un precio 80% menor que las farmacias de EE. UU.","robots":{"index":"index","follow":"follow","max-snippet":"max-snippet:-1","max-image-preview":"max-image-preview:large","max-video-preview":"max-video-preview:-1"},"canonical":"https:\/\/medicinasinc.com\/es\/product\/comprar-hynidate-10-mg\/","og_locale":"es_ES","og_type":"article","og_title":"Compre Hynidate 10 mg - Best Best Global Meds","og_description":"Compre Hynidate 10 mg en pastillas para la venta en l\u00ednea. Compre Hynidate Online (Metilfenidato Clorhidrato U.S.P.) 10 Mg sin receta a un precio 80% menor que las farmacias de EE. UU.","og_url":"https:\/\/medicinasinc.com\/es\/product\/comprar-hynidate-10-mg\/","og_site_name":"Medicinas Inc","article_modified_time":"2022-03-22T00:53:39+00:00","og_image":[{"width":750,"height":609,"url":"https:\/\/medicinasinc.com\/es\/wp-content\/uploads\/sites\/15\/2022\/02\/Buy-Hynidate-10-mg.jpg","type":"image\/jpeg"}],"twitter_card":"summary_large_image","twitter_misc":{"Tiempo de lectura":"1 minuto"},"schema":{"@context":"https:\/\/schema.org","@graph":[{"@type":"WebPage","@id":"https:\/\/medicinasinc.com\/es\/product\/comprar-hynidate-10-mg\/","url":"https:\/\/medicinasinc.com\/es\/product\/comprar-hynidate-10-mg\/","name":"Compre Hynidate 10 mg - Best Best Global Meds","isPartOf":{"@id":"https:\/\/medicinasinc.com\/es\/#website"},"primaryImageOfPage":{"@id":"https:\/\/medicinasinc.com\/es\/product\/comprar-hynidate-10-mg\/#primaryimage"},"image":{"@id":"https:\/\/medicinasinc.com\/es\/product\/comprar-hynidate-10-mg\/#primaryimage"},"thumbnailUrl":"https:\/\/medicinasinc.com\/es\/wp-content\/uploads\/sites\/15\/2022\/02\/Buy-Hynidate-10-mg.jpg","datePublished":"2022-02-20T21:56:11+00:00","dateModified":"2022-03-22T00:53:39+00:00","description":"Compre Hynidate 10 mg en pastillas para la venta en l\u00ednea. Compre Hynidate Online (Metilfenidato Clorhidrato U.S.P.) 10 Mg sin receta a un precio 80% menor que las farmacias de EE. UU.","breadcrumb":{"@id":"https:\/\/medicinasinc.com\/es\/product\/comprar-hynidate-10-mg\/#breadcrumb"},"inLanguage":"es","potentialAction":[{"@type":"ReadAction","target":["https:\/\/medicinasinc.com\/es\/product\/comprar-hynidate-10-mg\/"]}]},{"@type":"ImageObject","inLanguage":"es","@id":"https:\/\/medicinasinc.com\/es\/product\/comprar-hynidate-10-mg\/#primaryimage","url":"https:\/\/medicinasinc.com\/es\/wp-content\/uploads\/sites\/15\/2022\/02\/Buy-Hynidate-10-mg.jpg","contentUrl":"https:\/\/medicinasinc.com\/es\/wp-content\/uploads\/sites\/15\/2022\/02\/Buy-Hynidate-10-mg.jpg","width":750,"height":609},{"@type":"BreadcrumbList","@id":"https:\/\/medicinasinc.com\/es\/product\/comprar-hynidate-10-mg\/#breadcrumb","itemListElement":[{"@type":"ListItem","position":1,"name":"Tienda","item":"https:\/\/medicinasinc.com\/es\/tienda\/"},{"@type":"ListItem","position":2,"name":"Comprar Hynidate 10 mg"}]},{"@type":"WebSite","@id":"https:\/\/medicinasinc.com\/es\/#website","url":"https:\/\/medicinasinc.com\/es\/","name":"Medicinas Inc","description":"Cl\u00ednica M\u00e9dica de Salud","potentialAction":[{"@type":"SearchAction","target":{"@type":"EntryPoint","urlTemplate":"https:\/\/medicinasinc.com\/es\/?s={search_term_string}"},"query-input":{"@type":"PropertyValueSpecification","valueRequired":true,"valueName":"search_term_string"}}],"inLanguage":"es"}]}},"_links":{"self":[{"href":"https:\/\/medicinasinc.com\/es\/wp-json\/wp\/v2\/product\/5206","targetHints":{"allow":["GET"]}}],"collection":[{"href":"https:\/\/medicinasinc.com\/es\/wp-json\/wp\/v2\/product"}],"about":[{"href":"https:\/\/medicinasinc.com\/es\/wp-json\/wp\/v2\/types\/product"}],"replies":[{"embeddable":true,"href":"https:\/\/medicinasinc.com\/es\/wp-json\/wp\/v2\/comments?post=5206"}],"wp:featuredmedia":[{"embeddable":true,"href":"https:\/\/medicinasinc.com\/es\/wp-json\/wp\/v2\/media\/5222"}],"wp:attachment":[{"href":"https:\/\/medicinasinc.com\/es\/wp-json\/wp\/v2\/media?parent=5206"}],"wp:term":[{"taxonomy":"product_brand","embeddable":true,"href":"https:\/\/medicinasinc.com\/es\/wp-json\/wp\/v2\/product_brand?post=5206"},{"taxonomy":"product_cat","embeddable":true,"href":"https:\/\/medicinasinc.com\/es\/wp-json\/wp\/v2\/product_cat?post=5206"},{"taxonomy":"product_tag","embeddable":true,"href":"https:\/\/medicinasinc.com\/es\/wp-json\/wp\/v2\/product_tag?post=5206"}],"curies":[{"name":"wp","href":"https:\/\/api.w.org\/{rel}","templated":true}]}}