{"id":5184,"date":"2022-02-20T21:36:32","date_gmt":"2022-02-20T21:36:32","guid":{"rendered":"https:\/\/medicinasinc.com\/es\/?post_type=product&#038;p=5184"},"modified":"2022-03-22T00:53:48","modified_gmt":"2022-03-22T00:53:48","slug":"comprar-hidrocodona-10-325mg","status":"publish","type":"product","link":"https:\/\/medicinasinc.com\/es\/product\/comprar-hidrocodona-10-325mg\/","title":{"rendered":"Comprar Hidrocodona 10\/325mg"},"content":{"rendered":"<p>\u00bfD\u00f3nde comprar hidrocodona 10\/325 mg?<\/p>\n<p>Dado que la hidrocodona es un potente analg\u00e9sico, puede obtenerla en l\u00ednea sin receta m\u00e9dica. La adormidera produce code\u00edna, que se usa para fabricar esta droga. Cuando la hidrocodona se produce a partir de code\u00edna, los efectos analg\u00e9sicos son m\u00e1s fuertes y duran m\u00e1s. Como resultado, los m\u00e9dicos a menudo recetan hidrocodona en lugar de code\u00edna para tratar el dolor intenso.<\/p>\n<p>En el cerebro, la hidrocodona altera el equilibrio qu\u00edmico, bloqueando la acci\u00f3n de los receptores del dolor y aliviando as\u00ed al usuario de cualquier percepci\u00f3n del dolor. <\/p>\n<p>Debido a la naturaleza aguda y cr\u00f3nica del dolor de fractura, la hidrocodona es una de las mejores opciones para tratarlo. Cuando las personas no pueden dormir por la noche debido al dolor, la hidrocodona puede ayudarlas a relajarse y permitirles descansar un poco durante algunas horas.<\/p>\n<p>La hidrocodona solo debe ser tomada por aquellos que experimentan dolor como un resultado de huesos fracturados, seg\u00fan opini\u00f3n m\u00e9dica. Aquellos con otros tipos de dolor, como espasmos, llagas o puntos de una cirug\u00eda, a\u00fan pueden tomarlo. La hidrocodona es uno de los analg\u00e9sicos m\u00e1s efectivos en cualquiera de estas situaciones.<\/p>\n<p>Las dosis de hidrocodona deben controlarse cuidadosamente. Este medicamento puede tener efectos secundarios graves si se usa en la cantidad incorrecta. La adicci\u00f3n a este medicamento es un efecto secundario com\u00fan de recibir dosis incorrectas. Debido a su gran potencial de abuso y dependencia, la hidrocodona debe usarse con moderaci\u00f3n y con poca frecuencia. Las personas que sufren de dolor cr\u00f3nico no deben tomar m\u00e1s de 20 mg de hidrocodona al d\u00eda. Es probable que cualquier dosis que exceda esto genere dependencia y eventualmente adicci\u00f3n.<\/p>\n<p>Las precauciones para la hidrocodona incluyen asegurarse de que se tome la dosis correcta en todo momento. Este medicamento puede causar efectos negativos graves si se toma en cantidades incorrectas. Las personas con asma o dificultades respiratorias no deben comprar hidrocodona porque promueve la respiraci\u00f3n superficial, lo que podr\u00eda ser un problema importante para ellos. Comience con dosis peque\u00f1as si compra hidrocodona en l\u00ednea sin receta para que pueda saber cu\u00e1nto necesita su cuerpo.<\/p>\n<p>Se sabe que la hidrocodona causa una variedad de efectos secundarios desagradables, que incluyen somnolencia, mareos y n\u00e1useas. Cuando compre hidrocodona en l\u00ednea sin receta y la tome, aseg\u00farese de llevar una dieta bien balanceada para evitar problemas digestivos e intestinales.<\/p>\n","protected":false},"excerpt":{"rendered":"<div class=\"woocommerce-product-details__short-description\">\n<p>El mejor lugar para comprar hidrocodona 10 325 mg en l\u00ednea. Los medicamentos legales se pueden encontrar en Best Global Meds, una farmacia en l\u00ednea de buena reputaci\u00f3n. Puede ahorrar tiempo y dinero haciendo su pedido en l\u00ednea.<\/p>\n<p>\u00bfD\u00f3nde obtener hidrocodona 10\/325 mg en l\u00ednea?<\/p>\n<p>Las mujeres embarazadas deben consultar con sus m\u00e9dicos antes de tomar este medicamento porque est\u00e1 en Clase B de embarazo por la FDA, lo que significa que no hay forma de determinar c\u00f3mo afectar\u00e1 a un feto oa una cr\u00eda.<\/p>\n<p>A la venta: Percocet 10\/325mg &#8211; Comprar sin receta&#8230;<\/p>\n<p>Farmacias en l\u00ednea recomendadas para comprar Vicodin.<\/p>\n<\/p><\/div>\n","protected":false},"featured_media":5203,"comment_status":"open","ping_status":"closed","template":"","meta":[],"product_brand":[],"product_cat":[1117],"product_tag":[1315,1297,1325,1321,1308,1298,1317,1316,1319,1318,1320,1302,1312,1336,1323,1322,1324,1334,1300,1311,1313,1326,1327,1328,1329,1330,1331,1332,1333,1310,1309,1299,1335,1337],"class_list":{"0":"post-5184","1":"product","2":"type-product","3":"status-publish","4":"has-post-thumbnail","6":"product_cat-compre-pastillas-para-el-dolor-el-sueno-y-el-sexo","7":"product_tag-buy-hydrocodone-online-bitcoins","8":"product_tag-buy-watson-online","9":"product_tag-compra-hidrocodona","10":"product_tag-online-comprar-watson-540-500-mg","11":"product_tag-dosificacin-watson","12":"product_tag-generic-pills-for-sale-in-usa","13":"product_tag-hidrocodona","14":"product_tag-hidrocodona-barata","15":"product_tag-hidrocodona-watson","16":"product_tag-hydrocodone-pills","17":"product_tag-lortab","18":"product_tag-medicamentos-sin-receta","19":"product_tag-watson-medicacin","20":"product_tag-medicina-watson","21":"product_tag-orden-hidrocodona-online","22":"product_tag-order-hydrocodone","23":"product_tag-order-online-watson-540-500-mg","24":"product_tag-watson-853-pastilla-blanca","25":"product_tag-pastillas-watson-genricas-a-la-venta-en-ee-uu","26":"product_tag-watson-hydrocodone-pain-loss-pills","27":"product_tag-watson-alivio-del-dolor-tableta","28":"product_tag-watson","29":"product_tag-watson-325-mg","30":"product_tag-watson-325mg","31":"product_tag-watson-540","32":"product_tag-watson-540-500-mg-comprar-online","33":"product_tag-watson-853-hidrocodona-10-325-mg","34":"product_tag-watson-853-hydrocodone-10-325-mg-es-un-comprimido-de-color-blanco-y-forma-de-capsula-diseado-para-el-tratamiento-del-dolor","35":"product_tag-watson-853-hidrocodona-online","36":"product_tag-watson-a-la-venta-en-ee-uu","37":"product_tag-watson-en-venta-en-reino-unido","38":"product_tag-watson-genrico","39":"product_tag-watson-lortab","40":"product_tag-watson-pastillas-sin-receta-compartir","42":"first","43":"instock","44":"shipping-taxable","45":"purchasable","46":"product-type-variable","47":"has-default-attributes"},"yoast_head":"<!-- This site is optimized with the Yoast SEO plugin v27.3 - https:\/\/yoast.com\/product\/yoast-seo-wordpress\/ -->\n<title>Compre hidrocodona 10\/325 mg - Best Best Global Meds<\/title>\n<meta name=\"description\" content=\"Compre Hydrocodone 10 325mg para la venta en el Reino Unido, Europa en l\u00ednea al mejor precio. Best Global Meds es una farmacia en l\u00ednea confiable con medicamentos legales. Ordene en l\u00ednea y asegure su tiempo y dinero.\" \/>\n<meta name=\"robots\" content=\"index, follow, max-snippet:-1, max-image-preview:large, max-video-preview:-1\" \/>\n<link rel=\"canonical\" href=\"https:\/\/medicinasinc.com\/es\/product\/comprar-hidrocodona-10-325mg\/\" \/>\n<meta property=\"og:locale\" content=\"es_ES\" \/>\n<meta property=\"og:type\" content=\"article\" \/>\n<meta property=\"og:title\" content=\"Compre hidrocodona 10\/325 mg - Best Best Global Meds\" \/>\n<meta property=\"og:description\" content=\"Compre Hydrocodone 10 325mg para la venta en el Reino Unido, Europa en l\u00ednea al mejor precio. Best Global Meds es una farmacia en l\u00ednea confiable con medicamentos legales. Ordene en l\u00ednea y asegure su tiempo y dinero.\" \/>\n<meta property=\"og:url\" content=\"https:\/\/medicinasinc.com\/es\/product\/comprar-hidrocodona-10-325mg\/\" \/>\n<meta property=\"og:site_name\" content=\"Medicinas Inc\" \/>\n<meta property=\"article:modified_time\" content=\"2022-03-22T00:53:48+00:00\" \/>\n<meta property=\"og:image\" content=\"https:\/\/medicinasinc.com\/es\/wp-content\/uploads\/sites\/15\/2022\/02\/buy-hydrocodone-10-325mg-online.jpg\" \/>\n\t<meta property=\"og:image:width\" content=\"600\" \/>\n\t<meta property=\"og:image:height\" content=\"600\" \/>\n\t<meta property=\"og:image:type\" content=\"image\/jpeg\" \/>\n<meta name=\"twitter:card\" content=\"summary_large_image\" \/>\n<meta name=\"twitter:label1\" content=\"Tiempo de lectura\" \/>\n\t<meta name=\"twitter:data1\" content=\"2 minutos\" \/>\n<script type=\"application\/ld+json\" class=\"yoast-schema-graph\">{\"@context\":\"https:\\\/\\\/schema.org\",\"@graph\":[{\"@type\":\"WebPage\",\"@id\":\"https:\\\/\\\/medicinasinc.com\\\/es\\\/product\\\/comprar-hidrocodona-10-325mg\\\/\",\"url\":\"https:\\\/\\\/medicinasinc.com\\\/es\\\/product\\\/comprar-hidrocodona-10-325mg\\\/\",\"name\":\"Compre hidrocodona 10\\\/325 mg - Best Best Global Meds\",\"isPartOf\":{\"@id\":\"https:\\\/\\\/medicinasinc.com\\\/es\\\/#website\"},\"primaryImageOfPage\":{\"@id\":\"https:\\\/\\\/medicinasinc.com\\\/es\\\/product\\\/comprar-hidrocodona-10-325mg\\\/#primaryimage\"},\"image\":{\"@id\":\"https:\\\/\\\/medicinasinc.com\\\/es\\\/product\\\/comprar-hidrocodona-10-325mg\\\/#primaryimage\"},\"thumbnailUrl\":\"https:\\\/\\\/medicinasinc.com\\\/es\\\/wp-content\\\/uploads\\\/sites\\\/15\\\/2022\\\/02\\\/buy-hydrocodone-10-325mg-online.jpg\",\"datePublished\":\"2022-02-20T21:36:32+00:00\",\"dateModified\":\"2022-03-22T00:53:48+00:00\",\"description\":\"Compre Hydrocodone 10 325mg para la venta en el Reino Unido, Europa en l\u00ednea al mejor precio. Best Global Meds es una farmacia en l\u00ednea confiable con medicamentos legales. Ordene en l\u00ednea y asegure su tiempo y dinero.\",\"breadcrumb\":{\"@id\":\"https:\\\/\\\/medicinasinc.com\\\/es\\\/product\\\/comprar-hidrocodona-10-325mg\\\/#breadcrumb\"},\"inLanguage\":\"es\",\"potentialAction\":[{\"@type\":\"ReadAction\",\"target\":[\"https:\\\/\\\/medicinasinc.com\\\/es\\\/product\\\/comprar-hidrocodona-10-325mg\\\/\"]}]},{\"@type\":\"ImageObject\",\"inLanguage\":\"es\",\"@id\":\"https:\\\/\\\/medicinasinc.com\\\/es\\\/product\\\/comprar-hidrocodona-10-325mg\\\/#primaryimage\",\"url\":\"https:\\\/\\\/medicinasinc.com\\\/es\\\/wp-content\\\/uploads\\\/sites\\\/15\\\/2022\\\/02\\\/buy-hydrocodone-10-325mg-online.jpg\",\"contentUrl\":\"https:\\\/\\\/medicinasinc.com\\\/es\\\/wp-content\\\/uploads\\\/sites\\\/15\\\/2022\\\/02\\\/buy-hydrocodone-10-325mg-online.jpg\",\"width\":600,\"height\":600},{\"@type\":\"BreadcrumbList\",\"@id\":\"https:\\\/\\\/medicinasinc.com\\\/es\\\/product\\\/comprar-hidrocodona-10-325mg\\\/#breadcrumb\",\"itemListElement\":[{\"@type\":\"ListItem\",\"position\":1,\"name\":\"Tienda\",\"item\":\"https:\\\/\\\/medicinasinc.com\\\/es\\\/tienda\\\/\"},{\"@type\":\"ListItem\",\"position\":2,\"name\":\"Comprar Hidrocodona 10\\\/325mg\"}]},{\"@type\":\"WebSite\",\"@id\":\"https:\\\/\\\/medicinasinc.com\\\/es\\\/#website\",\"url\":\"https:\\\/\\\/medicinasinc.com\\\/es\\\/\",\"name\":\"Medicinas Inc\",\"description\":\"Cl\u00ednica M\u00e9dica de Salud\",\"potentialAction\":[{\"@type\":\"SearchAction\",\"target\":{\"@type\":\"EntryPoint\",\"urlTemplate\":\"https:\\\/\\\/medicinasinc.com\\\/es\\\/?s={search_term_string}\"},\"query-input\":{\"@type\":\"PropertyValueSpecification\",\"valueRequired\":true,\"valueName\":\"search_term_string\"}}],\"inLanguage\":\"es\"}]}<\/script>\n<!-- \/ Yoast SEO plugin. -->","yoast_head_json":{"title":"Compre hidrocodona 10\/325 mg - Best Best Global Meds","description":"Compre Hydrocodone 10 325mg para la venta en el Reino Unido, Europa en l\u00ednea al mejor precio. Best Global Meds es una farmacia en l\u00ednea confiable con medicamentos legales. Ordene en l\u00ednea y asegure su tiempo y dinero.","robots":{"index":"index","follow":"follow","max-snippet":"max-snippet:-1","max-image-preview":"max-image-preview:large","max-video-preview":"max-video-preview:-1"},"canonical":"https:\/\/medicinasinc.com\/es\/product\/comprar-hidrocodona-10-325mg\/","og_locale":"es_ES","og_type":"article","og_title":"Compre hidrocodona 10\/325 mg - Best Best Global Meds","og_description":"Compre Hydrocodone 10 325mg para la venta en el Reino Unido, Europa en l\u00ednea al mejor precio. Best Global Meds es una farmacia en l\u00ednea confiable con medicamentos legales. Ordene en l\u00ednea y asegure su tiempo y dinero.","og_url":"https:\/\/medicinasinc.com\/es\/product\/comprar-hidrocodona-10-325mg\/","og_site_name":"Medicinas Inc","article_modified_time":"2022-03-22T00:53:48+00:00","og_image":[{"width":600,"height":600,"url":"https:\/\/medicinasinc.com\/es\/wp-content\/uploads\/sites\/15\/2022\/02\/buy-hydrocodone-10-325mg-online.jpg","type":"image\/jpeg"}],"twitter_card":"summary_large_image","twitter_misc":{"Tiempo de lectura":"2 minutos"},"schema":{"@context":"https:\/\/schema.org","@graph":[{"@type":"WebPage","@id":"https:\/\/medicinasinc.com\/es\/product\/comprar-hidrocodona-10-325mg\/","url":"https:\/\/medicinasinc.com\/es\/product\/comprar-hidrocodona-10-325mg\/","name":"Compre hidrocodona 10\/325 mg - Best Best Global Meds","isPartOf":{"@id":"https:\/\/medicinasinc.com\/es\/#website"},"primaryImageOfPage":{"@id":"https:\/\/medicinasinc.com\/es\/product\/comprar-hidrocodona-10-325mg\/#primaryimage"},"image":{"@id":"https:\/\/medicinasinc.com\/es\/product\/comprar-hidrocodona-10-325mg\/#primaryimage"},"thumbnailUrl":"https:\/\/medicinasinc.com\/es\/wp-content\/uploads\/sites\/15\/2022\/02\/buy-hydrocodone-10-325mg-online.jpg","datePublished":"2022-02-20T21:36:32+00:00","dateModified":"2022-03-22T00:53:48+00:00","description":"Compre Hydrocodone 10 325mg para la venta en el Reino Unido, Europa en l\u00ednea al mejor precio. Best Global Meds es una farmacia en l\u00ednea confiable con medicamentos legales. Ordene en l\u00ednea y asegure su tiempo y dinero.","breadcrumb":{"@id":"https:\/\/medicinasinc.com\/es\/product\/comprar-hidrocodona-10-325mg\/#breadcrumb"},"inLanguage":"es","potentialAction":[{"@type":"ReadAction","target":["https:\/\/medicinasinc.com\/es\/product\/comprar-hidrocodona-10-325mg\/"]}]},{"@type":"ImageObject","inLanguage":"es","@id":"https:\/\/medicinasinc.com\/es\/product\/comprar-hidrocodona-10-325mg\/#primaryimage","url":"https:\/\/medicinasinc.com\/es\/wp-content\/uploads\/sites\/15\/2022\/02\/buy-hydrocodone-10-325mg-online.jpg","contentUrl":"https:\/\/medicinasinc.com\/es\/wp-content\/uploads\/sites\/15\/2022\/02\/buy-hydrocodone-10-325mg-online.jpg","width":600,"height":600},{"@type":"BreadcrumbList","@id":"https:\/\/medicinasinc.com\/es\/product\/comprar-hidrocodona-10-325mg\/#breadcrumb","itemListElement":[{"@type":"ListItem","position":1,"name":"Tienda","item":"https:\/\/medicinasinc.com\/es\/tienda\/"},{"@type":"ListItem","position":2,"name":"Comprar Hidrocodona 10\/325mg"}]},{"@type":"WebSite","@id":"https:\/\/medicinasinc.com\/es\/#website","url":"https:\/\/medicinasinc.com\/es\/","name":"Medicinas Inc","description":"Cl\u00ednica M\u00e9dica de Salud","potentialAction":[{"@type":"SearchAction","target":{"@type":"EntryPoint","urlTemplate":"https:\/\/medicinasinc.com\/es\/?s={search_term_string}"},"query-input":{"@type":"PropertyValueSpecification","valueRequired":true,"valueName":"search_term_string"}}],"inLanguage":"es"}]}},"_links":{"self":[{"href":"https:\/\/medicinasinc.com\/es\/wp-json\/wp\/v2\/product\/5184","targetHints":{"allow":["GET"]}}],"collection":[{"href":"https:\/\/medicinasinc.com\/es\/wp-json\/wp\/v2\/product"}],"about":[{"href":"https:\/\/medicinasinc.com\/es\/wp-json\/wp\/v2\/types\/product"}],"replies":[{"embeddable":true,"href":"https:\/\/medicinasinc.com\/es\/wp-json\/wp\/v2\/comments?post=5184"}],"wp:featuredmedia":[{"embeddable":true,"href":"https:\/\/medicinasinc.com\/es\/wp-json\/wp\/v2\/media\/5203"}],"wp:attachment":[{"href":"https:\/\/medicinasinc.com\/es\/wp-json\/wp\/v2\/media?parent=5184"}],"wp:term":[{"taxonomy":"product_brand","embeddable":true,"href":"https:\/\/medicinasinc.com\/es\/wp-json\/wp\/v2\/product_brand?post=5184"},{"taxonomy":"product_cat","embeddable":true,"href":"https:\/\/medicinasinc.com\/es\/wp-json\/wp\/v2\/product_cat?post=5184"},{"taxonomy":"product_tag","embeddable":true,"href":"https:\/\/medicinasinc.com\/es\/wp-json\/wp\/v2\/product_tag?post=5184"}],"curies":[{"name":"wp","href":"https:\/\/api.w.org\/{rel}","templated":true}]}}