{"id":5183,"date":"2022-02-20T21:35:10","date_gmt":"2022-02-20T21:35:10","guid":{"rendered":"https:\/\/medicinasinc.com\/es\/?post_type=product&#038;p=5183"},"modified":"2022-03-22T00:53:59","modified_gmt":"2022-03-22T00:53:59","slug":"hidrocodona-10-500mg","status":"publish","type":"product","link":"https:\/\/medicinasinc.com\/es\/product\/hidrocodona-10-500mg\/","title":{"rendered":"Hidrocodona 10\/500mg"},"content":{"rendered":"<div class=\"product-next-previous\">\n<div class=\"product-prev\">\n<p>Las p\u00edldoras de hidrocodona de 10\/500 mg est\u00e1n disponibles para comprar en l\u00ednea en este momento.<\/p>\n<p>Combinaci\u00f3n de alta calidad medicamento para el manejo del dolor moderado a intenso, Watson 540 (hidrocodona) 500 mg es Watson 540 (hidrocodona). El acetaminofeno y la hidrocodona se utilizan en la formulaci\u00f3n de hidrocodona para la venta. Tanto el paracetamol no opioide como la hidrocodona opioide son analg\u00e9sicos.<\/p>\n<p>En el cerebro, este medicamento altera la forma en que el cuerpo responde y experimenta el dolor. La temperatura de una persona tambi\u00e9n puede reducirse con el uso de este medicamento.<\/p>\n<p>Debido a los efectos adversos significativos de la respiraci\u00f3n superficial\/lenta que pueden ocurrir cuando compra hidrocodona en l\u00ednea, no se recomienda para ni\u00f1os menores de 6 a\u00f1os. a\u00f1os de edad.<\/p>\n<p>Antes de comenzar a tomar este medicamento, aseg\u00farese de leer el Folleto de informaci\u00f3n para el paciente que le entreg\u00f3 su m\u00e9dico.<\/p>\n<p>Comprar hidrocodona se puede tomar por v\u00eda oral, con o sin comidas , dependiendo de la preferencia del usuario. Consulte a su m\u00e9dico o proveedor de atenci\u00f3n m\u00e9dica antes de tomar el medicamento si tiene n\u00e1useas.<\/p>\n<p>\u00bfQu\u00e9 contiene cada tableta de Watson 540?<\/p>\n<p>Estearato de sodio de magnesio<br \/> Celulosa microcristalina<br \/> CrospovidonasCroscarmelosa Est\u00e1 hecho de estearato de sodio<br \/>AlmidonesPovidona<br \/>\u00d3xido de tereftalato de polietileno<br \/>Contiene COLOR POWDER No. 10 D&amp;C Yellow<\/p>\n<p>&nbsp;<\/p>\n<p>Dependiendo de la respuesta general y la condici\u00f3n m\u00e9dica del paciente, la dosis de este medicamento puede variar. Nunca intente aumentar la dosis del medicamento, y solo deje de tomarlo si su m\u00e9dico se lo indica.<\/p>\n<p>La interrupci\u00f3n brusca del medicamento puede conducir a la abstinencia. Para evitar los s\u00edntomas de abstinencia, siga las instrucciones de su m\u00e9dico para reducir gradualmente la dosis de su medicamento.<\/p>\n<p>Las compras en l\u00ednea de hidrocodona pueden generar dependencia en ocasiones. Se recomienda no exceder la dosis especificada del medicamento para prevenir la drogodependencia.<\/p>\n<p>Alergia:<\/p>\n<p>Pregunte a su m\u00e9dico o proveedor de atenci\u00f3n m\u00e9dica si puede usar este medicamento porque usted es al\u00e9rgico a los ingredientes acetaminof\u00e9n e hidrocodona. La reacci\u00f3n de una persona a este producto podr\u00eda verse afectada negativamente por la presencia de sustancias activas en su formulaci\u00f3n.<\/p>\n<p>Somnolencia:<\/p>\n<p>Pueden presentarse somnolencia o mareos como efecto secundario de este medicamento. Se debe evitar conducir, usar maquinaria o cualquier otra actividad que requiera atenci\u00f3n o estado de alerta total. Abst\u00e9ngase de participar en cualquiera de estas actividades hasta que est\u00e9 seguro de que puede hacerlo sin encontrar ninguna dificultad.<\/p>\n<p>Embarazo:<\/p>\n<p>Se recomienda a las mujeres embarazadas que no tomen este medicamento. Solo use este medicamento si es absolutamente necesario. Consulte a su m\u00e9dico o farmac\u00e9utico para conocer las ventajas y desventajas de tomar este medicamento durante el embarazo.<\/p>\n<p>Lactancia materna<\/p>\n<p>Tomar este medicamento durante la lactancia puede tener efectos adversos en la salud del beb\u00e9. Se debe consultar r\u00e1pidamente a los m\u00e9dicos si su beb\u00e9 presenta s\u00edntomas extra\u00f1os, como dificultad para respirar o letargo, as\u00ed como problemas para comer.<\/p>\n<p>Se pueden producir v\u00f3mitos, mareos, somnolencia y estre\u00f1imiento como resultado del uso de hidrocodona. A medida que se contin\u00faa con el medicamento, algunos de estos efectos adversos pueden disminuir en gravedad con el tiempo. Si alguno de estos s\u00edntomas empeora, debe buscar atenci\u00f3n m\u00e9dica de emergencia para encontrar una soluci\u00f3n.<\/p>\n<p>Debe consumir mucha fibra y beber mucha agua para evitar el estre\u00f1imiento. Toma un laxante para aliviar los s\u00edntomas del estre\u00f1imiento si lo necesitas. Debe buscar el consejo de su m\u00e9dico antes de tomar un laxante.<\/p>\n<p>Debe levantarse lentamente de una postura acostada o sentada si desea minimizar los s\u00edntomas de aturdimiento y mareos.<\/p>\n<\/p><\/div><\/div>\n","protected":false},"excerpt":{"rendered":"<div class=\"woocommerce-product-details__short-description\">\n<p>Comprar pastillas de hidrocodona de 10\/500 mg para la venta en el Reino Unido, la UE y Europa se pueden comprar en l\u00ednea desde nuestro sitio web. La dihidrocodeinona (hidrocodona) es un opioide semielaborado derivado de la code\u00edna y la teba\u00edna, dos sedantes comunes.<\/p>\n<p>Para el dolor moderado a intenso, el ingrediente activo de Watson 540 (hidrocodona) es 500 mg de hidrocodona. El acetaminofeno y la hidrocodona se utilizan en la formulaci\u00f3n de hidrocodona para la venta. La hidroxicodona es un analg\u00e9sico opioide, mientras que el paracetamol no es un opioide.<\/p>\n<\/p><\/div>\n","protected":false},"featured_media":5201,"comment_status":"open","ping_status":"closed","template":"","meta":[],"product_brand":[],"product_cat":[1117],"product_tag":[1297,1308,1298,1302,1312,1307,1300,1314,1311,1313,1301,1303,1304,1305,1306,1310,1309,1299],"class_list":{"0":"post-5183","1":"product","2":"type-product","3":"status-publish","4":"has-post-thumbnail","6":"product_cat-compre-pastillas-para-el-dolor-el-sueno-y-el-sexo","7":"product_tag-buy-watson-online","8":"product_tag-dosificacin-watson","9":"product_tag-generic-pills-for-sale-in-usa","10":"product_tag-medicamentos-sin-receta","11":"product_tag-watson-medicacin","12":"product_tag-watson-540-medicina","13":"product_tag-pastillas-watson-genricas-a-la-venta-en-ee-uu","14":"product_tag-watson-pastillas-sin-receta","15":"product_tag-watson-hydrocodone-pain-loss-pills","16":"product_tag-watson-alivio-del-dolor-tableta","17":"product_tag-hidrocodona-para-la-venta","18":"product_tag-watson-500-mg","19":"product_tag-watson-500mg","20":"product_tag-watson-540-hidrocodona-500-mg","21":"product_tag-watson-540-hidrocodona-online","22":"product_tag-watson-a-la-venta-en-ee-uu","23":"product_tag-watson-en-venta-en-reino-unido","24":"product_tag-watson-genrico","26":"first","27":"instock","28":"shipping-taxable","29":"purchasable","30":"product-type-variable","31":"has-default-attributes"},"yoast_head":"<!-- This site is optimized with the Yoast SEO plugin v27.3 - https:\/\/yoast.com\/product\/yoast-seo-wordpress\/ -->\n<title>Compre hidrocodona 10\/500 mg - Best Best Global Meds<\/title>\n<meta name=\"description\" content=\"Compre pastillas de hidrocodona de 10\/500 mg para la venta en el Reino Unido, la UE y Europa en l\u00ednea. La hidrocodona o dihidrocodeinona es un opioide semielaborado que se deduce de dos de los sedantes comunes, la code\u00edna y la teba\u00edna.\" \/>\n<meta name=\"robots\" content=\"index, follow, max-snippet:-1, max-image-preview:large, max-video-preview:-1\" \/>\n<link rel=\"canonical\" href=\"https:\/\/medicinasinc.com\/es\/product\/hidrocodona-10-500mg\/\" \/>\n<meta property=\"og:locale\" content=\"es_ES\" \/>\n<meta property=\"og:type\" content=\"article\" \/>\n<meta property=\"og:title\" content=\"Compre hidrocodona 10\/500 mg - Best Best Global Meds\" \/>\n<meta property=\"og:description\" content=\"Compre pastillas de hidrocodona de 10\/500 mg para la venta en el Reino Unido, la UE y Europa en l\u00ednea. La hidrocodona o dihidrocodeinona es un opioide semielaborado que se deduce de dos de los sedantes comunes, la code\u00edna y la teba\u00edna.\" \/>\n<meta property=\"og:url\" content=\"https:\/\/medicinasinc.com\/es\/product\/hidrocodona-10-500mg\/\" \/>\n<meta property=\"og:site_name\" content=\"Medicinas Inc\" \/>\n<meta property=\"article:modified_time\" content=\"2022-03-22T00:53:59+00:00\" \/>\n<meta property=\"og:image\" content=\"https:\/\/medicinasinc.com\/es\/wp-content\/uploads\/sites\/15\/2022\/02\/buy-hydrocodone-10-500mg-pills-online.jpg\" \/>\n\t<meta property=\"og:image:width\" content=\"600\" \/>\n\t<meta property=\"og:image:height\" content=\"600\" \/>\n\t<meta property=\"og:image:type\" content=\"image\/jpeg\" \/>\n<meta name=\"twitter:card\" content=\"summary_large_image\" \/>\n<meta name=\"twitter:label1\" content=\"Tiempo de lectura\" \/>\n\t<meta name=\"twitter:data1\" content=\"3 minutos\" \/>\n<script type=\"application\/ld+json\" class=\"yoast-schema-graph\">{\"@context\":\"https:\\\/\\\/schema.org\",\"@graph\":[{\"@type\":\"WebPage\",\"@id\":\"https:\\\/\\\/medicinasinc.com\\\/es\\\/product\\\/hidrocodona-10-500mg\\\/\",\"url\":\"https:\\\/\\\/medicinasinc.com\\\/es\\\/product\\\/hidrocodona-10-500mg\\\/\",\"name\":\"Compre hidrocodona 10\\\/500 mg - Best Best Global Meds\",\"isPartOf\":{\"@id\":\"https:\\\/\\\/medicinasinc.com\\\/es\\\/#website\"},\"primaryImageOfPage\":{\"@id\":\"https:\\\/\\\/medicinasinc.com\\\/es\\\/product\\\/hidrocodona-10-500mg\\\/#primaryimage\"},\"image\":{\"@id\":\"https:\\\/\\\/medicinasinc.com\\\/es\\\/product\\\/hidrocodona-10-500mg\\\/#primaryimage\"},\"thumbnailUrl\":\"https:\\\/\\\/medicinasinc.com\\\/es\\\/wp-content\\\/uploads\\\/sites\\\/15\\\/2022\\\/02\\\/buy-hydrocodone-10-500mg-pills-online.jpg\",\"datePublished\":\"2022-02-20T21:35:10+00:00\",\"dateModified\":\"2022-03-22T00:53:59+00:00\",\"description\":\"Compre pastillas de hidrocodona de 10\\\/500 mg para la venta en el Reino Unido, la UE y Europa en l\u00ednea. La hidrocodona o dihidrocodeinona es un opioide semielaborado que se deduce de dos de los sedantes comunes, la code\u00edna y la teba\u00edna.\",\"breadcrumb\":{\"@id\":\"https:\\\/\\\/medicinasinc.com\\\/es\\\/product\\\/hidrocodona-10-500mg\\\/#breadcrumb\"},\"inLanguage\":\"es\",\"potentialAction\":[{\"@type\":\"ReadAction\",\"target\":[\"https:\\\/\\\/medicinasinc.com\\\/es\\\/product\\\/hidrocodona-10-500mg\\\/\"]}]},{\"@type\":\"ImageObject\",\"inLanguage\":\"es\",\"@id\":\"https:\\\/\\\/medicinasinc.com\\\/es\\\/product\\\/hidrocodona-10-500mg\\\/#primaryimage\",\"url\":\"https:\\\/\\\/medicinasinc.com\\\/es\\\/wp-content\\\/uploads\\\/sites\\\/15\\\/2022\\\/02\\\/buy-hydrocodone-10-500mg-pills-online.jpg\",\"contentUrl\":\"https:\\\/\\\/medicinasinc.com\\\/es\\\/wp-content\\\/uploads\\\/sites\\\/15\\\/2022\\\/02\\\/buy-hydrocodone-10-500mg-pills-online.jpg\",\"width\":600,\"height\":600},{\"@type\":\"BreadcrumbList\",\"@id\":\"https:\\\/\\\/medicinasinc.com\\\/es\\\/product\\\/hidrocodona-10-500mg\\\/#breadcrumb\",\"itemListElement\":[{\"@type\":\"ListItem\",\"position\":1,\"name\":\"Tienda\",\"item\":\"https:\\\/\\\/medicinasinc.com\\\/es\\\/tienda\\\/\"},{\"@type\":\"ListItem\",\"position\":2,\"name\":\"Hidrocodona 10\\\/500mg\"}]},{\"@type\":\"WebSite\",\"@id\":\"https:\\\/\\\/medicinasinc.com\\\/es\\\/#website\",\"url\":\"https:\\\/\\\/medicinasinc.com\\\/es\\\/\",\"name\":\"Medicinas Inc\",\"description\":\"Cl\u00ednica M\u00e9dica de Salud\",\"potentialAction\":[{\"@type\":\"SearchAction\",\"target\":{\"@type\":\"EntryPoint\",\"urlTemplate\":\"https:\\\/\\\/medicinasinc.com\\\/es\\\/?s={search_term_string}\"},\"query-input\":{\"@type\":\"PropertyValueSpecification\",\"valueRequired\":true,\"valueName\":\"search_term_string\"}}],\"inLanguage\":\"es\"}]}<\/script>\n<!-- \/ Yoast SEO plugin. -->","yoast_head_json":{"title":"Compre hidrocodona 10\/500 mg - Best Best Global Meds","description":"Compre pastillas de hidrocodona de 10\/500 mg para la venta en el Reino Unido, la UE y Europa en l\u00ednea. La hidrocodona o dihidrocodeinona es un opioide semielaborado que se deduce de dos de los sedantes comunes, la code\u00edna y la teba\u00edna.","robots":{"index":"index","follow":"follow","max-snippet":"max-snippet:-1","max-image-preview":"max-image-preview:large","max-video-preview":"max-video-preview:-1"},"canonical":"https:\/\/medicinasinc.com\/es\/product\/hidrocodona-10-500mg\/","og_locale":"es_ES","og_type":"article","og_title":"Compre hidrocodona 10\/500 mg - Best Best Global Meds","og_description":"Compre pastillas de hidrocodona de 10\/500 mg para la venta en el Reino Unido, la UE y Europa en l\u00ednea. La hidrocodona o dihidrocodeinona es un opioide semielaborado que se deduce de dos de los sedantes comunes, la code\u00edna y la teba\u00edna.","og_url":"https:\/\/medicinasinc.com\/es\/product\/hidrocodona-10-500mg\/","og_site_name":"Medicinas Inc","article_modified_time":"2022-03-22T00:53:59+00:00","og_image":[{"width":600,"height":600,"url":"https:\/\/medicinasinc.com\/es\/wp-content\/uploads\/sites\/15\/2022\/02\/buy-hydrocodone-10-500mg-pills-online.jpg","type":"image\/jpeg"}],"twitter_card":"summary_large_image","twitter_misc":{"Tiempo de lectura":"3 minutos"},"schema":{"@context":"https:\/\/schema.org","@graph":[{"@type":"WebPage","@id":"https:\/\/medicinasinc.com\/es\/product\/hidrocodona-10-500mg\/","url":"https:\/\/medicinasinc.com\/es\/product\/hidrocodona-10-500mg\/","name":"Compre hidrocodona 10\/500 mg - Best Best Global Meds","isPartOf":{"@id":"https:\/\/medicinasinc.com\/es\/#website"},"primaryImageOfPage":{"@id":"https:\/\/medicinasinc.com\/es\/product\/hidrocodona-10-500mg\/#primaryimage"},"image":{"@id":"https:\/\/medicinasinc.com\/es\/product\/hidrocodona-10-500mg\/#primaryimage"},"thumbnailUrl":"https:\/\/medicinasinc.com\/es\/wp-content\/uploads\/sites\/15\/2022\/02\/buy-hydrocodone-10-500mg-pills-online.jpg","datePublished":"2022-02-20T21:35:10+00:00","dateModified":"2022-03-22T00:53:59+00:00","description":"Compre pastillas de hidrocodona de 10\/500 mg para la venta en el Reino Unido, la UE y Europa en l\u00ednea. La hidrocodona o dihidrocodeinona es un opioide semielaborado que se deduce de dos de los sedantes comunes, la code\u00edna y la teba\u00edna.","breadcrumb":{"@id":"https:\/\/medicinasinc.com\/es\/product\/hidrocodona-10-500mg\/#breadcrumb"},"inLanguage":"es","potentialAction":[{"@type":"ReadAction","target":["https:\/\/medicinasinc.com\/es\/product\/hidrocodona-10-500mg\/"]}]},{"@type":"ImageObject","inLanguage":"es","@id":"https:\/\/medicinasinc.com\/es\/product\/hidrocodona-10-500mg\/#primaryimage","url":"https:\/\/medicinasinc.com\/es\/wp-content\/uploads\/sites\/15\/2022\/02\/buy-hydrocodone-10-500mg-pills-online.jpg","contentUrl":"https:\/\/medicinasinc.com\/es\/wp-content\/uploads\/sites\/15\/2022\/02\/buy-hydrocodone-10-500mg-pills-online.jpg","width":600,"height":600},{"@type":"BreadcrumbList","@id":"https:\/\/medicinasinc.com\/es\/product\/hidrocodona-10-500mg\/#breadcrumb","itemListElement":[{"@type":"ListItem","position":1,"name":"Tienda","item":"https:\/\/medicinasinc.com\/es\/tienda\/"},{"@type":"ListItem","position":2,"name":"Hidrocodona 10\/500mg"}]},{"@type":"WebSite","@id":"https:\/\/medicinasinc.com\/es\/#website","url":"https:\/\/medicinasinc.com\/es\/","name":"Medicinas Inc","description":"Cl\u00ednica M\u00e9dica de Salud","potentialAction":[{"@type":"SearchAction","target":{"@type":"EntryPoint","urlTemplate":"https:\/\/medicinasinc.com\/es\/?s={search_term_string}"},"query-input":{"@type":"PropertyValueSpecification","valueRequired":true,"valueName":"search_term_string"}}],"inLanguage":"es"}]}},"_links":{"self":[{"href":"https:\/\/medicinasinc.com\/es\/wp-json\/wp\/v2\/product\/5183","targetHints":{"allow":["GET"]}}],"collection":[{"href":"https:\/\/medicinasinc.com\/es\/wp-json\/wp\/v2\/product"}],"about":[{"href":"https:\/\/medicinasinc.com\/es\/wp-json\/wp\/v2\/types\/product"}],"replies":[{"embeddable":true,"href":"https:\/\/medicinasinc.com\/es\/wp-json\/wp\/v2\/comments?post=5183"}],"wp:featuredmedia":[{"embeddable":true,"href":"https:\/\/medicinasinc.com\/es\/wp-json\/wp\/v2\/media\/5201"}],"wp:attachment":[{"href":"https:\/\/medicinasinc.com\/es\/wp-json\/wp\/v2\/media?parent=5183"}],"wp:term":[{"taxonomy":"product_brand","embeddable":true,"href":"https:\/\/medicinasinc.com\/es\/wp-json\/wp\/v2\/product_brand?post=5183"},{"taxonomy":"product_cat","embeddable":true,"href":"https:\/\/medicinasinc.com\/es\/wp-json\/wp\/v2\/product_cat?post=5183"},{"taxonomy":"product_tag","embeddable":true,"href":"https:\/\/medicinasinc.com\/es\/wp-json\/wp\/v2\/product_tag?post=5183"}],"curies":[{"name":"wp","href":"https:\/\/api.w.org\/{rel}","templated":true}]}}