{"id":5182,"date":"2022-02-20T21:32:53","date_gmt":"2022-02-20T21:32:53","guid":{"rendered":"https:\/\/medicinasinc.com\/es\/?post_type=product&#038;p=5182"},"modified":"2022-03-22T00:54:09","modified_gmt":"2022-03-22T00:54:09","slug":"comprar-fentanyl-transdermal-system-parche","status":"publish","type":"product","link":"https:\/\/medicinasinc.com\/es\/product\/comprar-fentanyl-transdermal-system-parche\/","title":{"rendered":"Compre el parche del sistema transd\u00e9rmico de fentanilo"},"content":{"rendered":"<div class=\"product-next-previous\">\n<div class=\"product-prev\">\n<p>Los parches transd\u00e9rmicos de fentanilo est\u00e1n disponibles para comprar<br \/> \u00bfQu\u00e9 es el cofentanilo?<\/p>\n<p>Opioides son una clase de medicamentos que incluyen fentanilo. Si sufre de dolor intenso cr\u00f3nico (a largo plazo) y ya est\u00e1 tomando un medicamento opioide (narc\u00f3tico), puede beneficiarse del uso de fentanilo.<\/p>\n<p>\u00bfCu\u00e1l es el precio del cofentanilo?<\/p>\n<p>PocketPills ofrece Co Fentanyl sin costo alguno. Si su seguro cubre el costo de Co Fentanyl, es posible que pueda obtenerlo a un precio reducido. Los costos de dispensaci\u00f3n y entrega deben tenerse en cuenta en el costo final de su compra de Co Fentanyl.<\/p>\n<p>\u00bfCu\u00e1nto es la tarifa de dispensaci\u00f3n de Co Fentanyl?<\/p>\n<p>Pedirnos Co Fentanyl viene con una tarifa de dispensaci\u00f3n de solo $0. Si est\u00e1 buscando el precio m\u00e1s barato de Co-Fentanilo en Canad\u00e1, Pocketpills est\u00e1 aqu\u00ed para ayudarlo.<br \/> Aseg\u00farese de aprovechar nuestra oferta de env\u00edo gratis en Canad\u00e1.<\/p>\n<p>Nombre del medicamento: Co-Fentanilo <\/p>\n<p>Toxicidades<\/p>\n<p>Una variedad de medicamentos tienen el potencial de inducir consecuencias indeseables.<\/p>\n<p>Cuando un medicamento se usa seg\u00fan lo prescrito, pueden ocurrir efectos secundarios que no se esperan . Es posible que los efectos secundarios sean leves o graves, as\u00ed como duraderos o de corta duraci\u00f3n.<\/p>\n<p>No todas las personas que toman cofentanilo experimentan los siguientes efectos secundarios (fentanilo transd\u00e9rmico).<\/p>\n<p>Hable con su m\u00e9dico si le preocupan los efectos secundarios del cofentanilo (fentanilo transd\u00e9rmico).<\/p>\n<p>Al menos el 1 % de los usuarios de cofentanilo han tenido los siguientes efectos adversos (fentanilo transd\u00e9rmico) . Es posible que algunos de estos efectos adversos desaparezcan por s\u00ed solos con el tiempo.<\/p>\n<p>Si nota alguno de estos efectos adversos y son molestos o graves, comun\u00edquese con su m\u00e9dico. Si tiene problemas con los efectos secundarios, pida ayuda a su farmac\u00e9utico.<\/p>\n<p>confusi\u00f3n<br \/> estre\u00f1imiento<br \/> estre\u00f1imiento dificultad para concentrarse somnolencia y mareos por la noche<br \/> sensaci\u00f3n de ansiedad, rubor , y tener dolor de cabeza son todos s\u00edntomas de sequedad de boca.<br \/> falta de memoria<br \/> malestar o picaz\u00f3n en el lugar de aplicaci\u00f3n<\/p>\n<p>Preguntas frecuentes sobre Co Fentanyl<br \/> Para comprar Co Fentanyl Online, necesitar\u00e1 saber c\u00f3mo hacerlo.<\/p>\n<p>Si tiene una receta v\u00e1lida de su m\u00e9dico, puede comprar Co Fentanyl online en PocketPills. Puede comenzar cargando su receta, comprando una recarga o chateando con uno de nuestros m\u00e9dicos canadienses para recibir una receta en l\u00ednea transfiriendo cualquier receta existente a nuestra farmacia. Una receta para el cofentanilo: \u00bfA d\u00f3nde debo ir desde aqu\u00ed?<\/p>\n<p>En pocketpills.com, puede hablar con un m\u00e9dico canadiense a trav\u00e9s de Internet. Durante su cita, nuestros m\u00e9dicos pueden recetarle medicamentos a trav\u00e9s de Internet. Sin costo adicional, puede recibir su receta en su hogar discretamente y en su empaque original despu\u00e9s de recibirla.<\/p>\n<p>\u00bfQu\u00e9 tan pronto puedo recibir mi paquete?<\/p>\n<p>\u00a1S\u00ed! En algunos lugares, podemos ofrecer la entrega el mismo d\u00eda. Adem\u00e1s de la entrega al d\u00eda siguiente, tambi\u00e9n proporcionamos env\u00edo al d\u00eda siguiente.<br \/> \u00bfCu\u00e1nto cuesta el env\u00edo de Co Fentanyl a Canad\u00e1?<br \/> Los costos de env\u00edo de Co Fentanyl a usted en Canad\u00e1 son completamente gratuitos. Las tarifas de dispensaci\u00f3n reducidas y el env\u00edo gratuito que ofrece Pocketpills facilitan que los canadienses reciban el medicamento que necesitan.<br \/> \u00bfEntrega de cofentanilo a mi casa?<br \/> Si nos solicit\u00f3 medicamentos recetados en Canad\u00e1 con un receta, podemos enviar Co Fentanyl a su puerta. Comun\u00edquese con nosotros si no est\u00e1 seguro si realizamos env\u00edos en su regi\u00f3n.<br \/> \u00bfD\u00f3nde puedo obtener cofentanilo gratis en Canad\u00e1?<br \/> Si tiene un plan de seguro m\u00e9dico que cubre cofentanilo, puede obtenerlo gratis en Canad\u00e1. Averig\u00fce si es elegible para Co Fentanyl gratis comunic\u00e1ndose con su proveedor o con nosotros.<br \/> \u00bfD\u00f3nde puedo encontrar un m\u00e9dico para obtener Co Fentanyl?<br \/> S\u00ed. Para averiguar si es elegible para una receta de cofentanilo, puede programar una consulta en l\u00ednea con un m\u00e9dico canadiense a trav\u00e9s de Best Global Meds.<br \/> Sin receta, \u00bfpuedo comprar Co Fentanyl?<br \/> Para comprar Co Fentanyl de nosotros, debe tener una receta v\u00e1lida. Si necesita una receta, p\u00f3ngase en contacto con nosotros. Puede comunicarse con uno de nuestros m\u00e9dicos cuando sea conveniente para usted.<\/p>\n<p>&nbsp;<\/p>\n<p>Este medicamento se usa para tratar el dolor cr\u00f3nico (como el causado por el c\u00e1ncer). Los analg\u00e9sicos opioides (narc\u00f3ticos), de los cuales el fentanilo es un miembro, son un tipo com\u00fan de analg\u00e9sico. Altera la forma en que su cuerpo percibe y reacciona al dolor al actuar sobre el cerebro.<\/p>\n<p>La forma de parche de fentanilo no debe usarse para tratar el dolor leve o de corta duraci\u00f3n. \u00abcomo\u00bb no es un t\u00e9rmino apropiado para este medicamento.<\/p>\n<\/p><\/div><\/div>\n","protected":false},"excerpt":{"rendered":"<p>En el Reino Unido, es posible comprar parches de fentanilo en l\u00ednea, as\u00ed como fentanilo en general, as\u00ed como parches de fentanilo a la venta all\u00ed.<\/p>\n<p>Los parches de fentanilo se usan para tratar el dolor cr\u00f3nico&amp;#8230 ;. Mientras recolecta recetas u obtiene medicamentos adicionales, mencione el parche que usa a su farmac\u00e9utico.<\/p>\n","protected":false},"featured_media":5199,"comment_status":"open","ping_status":"closed","template":"","meta":[],"product_brand":[],"product_cat":[1117],"product_tag":[1281,1294,1249,1254,1283,1284,1286,1285,1287,1282,1291,1295,1296,1268,1269,1255,1277,1253,1267,1250,1256,1257,1262,1263,1264,1265,1270,1271,1272,1273,1274,1280,1292,1288,1289,1266,1251,1258,1259,1260,1261,1247,1252,1275,1290,1248,1276,1279,1278,1293],"class_list":{"0":"post-5182","1":"product","2":"type-product","3":"status-publish","4":"has-post-thumbnail","6":"product_cat-compre-pastillas-para-el-dolor-el-sueno-y-el-sexo","7":"product_tag-cunto-tiempo-permanece-un-parche-de-fentanilo-en-su-sistema","8":"product_tag-que-son-los-parches-de-fentanilo","9":"product_tag-12-microgram-fentanyl-patch","10":"product_tag-best-way-to-get-high-on-fentanyl-patch","11":"product_tag-cmo-aplicar-el-parche-de-fentanilo","12":"product_tag-cmo-descomponer-el-parche-de-fentanilo","13":"product_tag-cmo-disminuir-el-parche-de-fentanilo-sin-retiro","14":"product_tag-como-fumar-un-parche-de-fentanilo","15":"product_tag-cmo-usar-fentanilo-parche","16":"product_tag-cuanto-tarda-en-hacer-efecto-un-parche-de-fentanilo","17":"product_tag-disparar-fentanilo-parche","18":"product_tag-dnde-colocar-el-parche-de-fentanilo","19":"product_tag-donde-poner-fentanilo-parche","20":"product_tag-dosis-de-parche-de-fentanilo","21":"product_tag-fentanilo-parche-dosis-12-mcg","22":"product_tag-eating-fentanyl-patch","23":"product_tag-efectos-secundarios-del-parche-de-fentanilo","24":"product_tag-mejor-lugar-para-poner-fentanilo-parche","25":"product_tag-eliminacin-del-parche-de-fentanilo","26":"product_tag-25-mcg-fentanyl-parche-equivalente","27":"product_tag-fentanyl-gel-patch","28":"product_tag-fentanyl-pain-patch","29":"product_tag-fentanyl-patch-50-mcg","30":"product_tag-fentanyl-patch-75-mcg","31":"product_tag-fentanyl-patch-application","32":"product_tag-fentanyl-patch-brands","33":"product_tag-fentanyl-patch-dosage-chart","34":"product_tag-fentanyl-patch-dosages","35":"product_tag-fentanyl-patch-doses","36":"product_tag-fentanyl-patch-doses-12-mcg","37":"product_tag-fentanyl-patch-dosing","38":"product_tag-fentanyl-transdermal-patch","39":"product_tag-fumar-fentanilo-parche","40":"product_tag-inyectar-fentanilo-parche","41":"product_tag-mallinckrodt-fentanyl-patch-extraction","42":"product_tag-mascar-parche-de-fentanilo","43":"product_tag-parche-de-50-mg-de-fentanilo","44":"product_tag-parche-de-fentanilo","45":"product_tag-parche-fentanilo-100-mcg","46":"product_tag-parche-fentanilo-100mcg","47":"product_tag-parche-fentanilo-25-mcg-calle-valor","48":"product_tag-parche-de-fentanilo-de-100-mg","49":"product_tag-parche-de-fentanilo-de-75-mg","50":"product_tag-venta-de-parches-de-fentanilo","51":"product_tag-sandoz-fentanyl-parche","52":"product_tag-100-mg-fentanyl-parche-precio-callejero","53":"product_tag-inserto-de-paquete-de-parche-de-fentanilo","54":"product_tag-retiradas-del-parche-de-fentanilo","55":"product_tag-usos-del-parche-de-fentanilo","56":"product_tag-valor-de-venta-al-pblico-del-parche-de-fentanilo","58":"first","59":"instock","60":"shipping-taxable","61":"purchasable","62":"product-type-variable","63":"has-default-attributes"},"yoast_head":"<!-- This site is optimized with the Yoast SEO plugin v27.3 - https:\/\/yoast.com\/product\/yoast-seo-wordpress\/ -->\n<title>Compre el parche del sistema transd\u00e9rmico de fentanilo - Best Best Global Meds<\/title>\n<meta name=\"description\" content=\"Compre parches de fentanilo en l\u00ednea en el Reino Unido, fentanilo en l\u00ednea en el Reino Unido, costo de los parches de fentanilo en el Reino Unido, compre parches de fentanilo en el Reino Unido, precio de venta al p\u00fablico de fentanilo en el Reino Unido, parche de fentanilo a la venta en el Reino Unido\" \/>\n<meta name=\"robots\" content=\"index, follow, max-snippet:-1, max-image-preview:large, max-video-preview:-1\" \/>\n<link rel=\"canonical\" href=\"https:\/\/medicinasinc.com\/es\/product\/comprar-fentanyl-transdermal-system-parche\/\" \/>\n<meta property=\"og:locale\" content=\"es_ES\" \/>\n<meta property=\"og:type\" content=\"article\" \/>\n<meta property=\"og:title\" content=\"Compre el parche del sistema transd\u00e9rmico de fentanilo - Best Best Global Meds\" \/>\n<meta property=\"og:description\" content=\"Compre parches de fentanilo en l\u00ednea en el Reino Unido, fentanilo en l\u00ednea en el Reino Unido, costo de los parches de fentanilo en el Reino Unido, compre parches de fentanilo en el Reino Unido, precio de venta al p\u00fablico de fentanilo en el Reino Unido, parche de fentanilo a la venta en el Reino Unido\" \/>\n<meta property=\"og:url\" content=\"https:\/\/medicinasinc.com\/es\/product\/comprar-fentanyl-transdermal-system-parche\/\" \/>\n<meta property=\"og:site_name\" content=\"Medicinas Inc\" \/>\n<meta property=\"article:modified_time\" content=\"2022-03-22T00:54:09+00:00\" \/>\n<meta property=\"og:image\" content=\"https:\/\/medicinasinc.com\/es\/wp-content\/uploads\/sites\/15\/2022\/02\/buy-fentanyl-transdermal-system-patch.jpg\" \/>\n\t<meta property=\"og:image:width\" content=\"600\" \/>\n\t<meta property=\"og:image:height\" content=\"600\" \/>\n\t<meta property=\"og:image:type\" content=\"image\/jpeg\" \/>\n<meta name=\"twitter:card\" content=\"summary_large_image\" \/>\n<meta name=\"twitter:label1\" content=\"Tiempo de lectura\" \/>\n\t<meta name=\"twitter:data1\" content=\"4 minutos\" \/>\n<script type=\"application\/ld+json\" class=\"yoast-schema-graph\">{\"@context\":\"https:\\\/\\\/schema.org\",\"@graph\":[{\"@type\":\"WebPage\",\"@id\":\"https:\\\/\\\/medicinasinc.com\\\/es\\\/product\\\/comprar-fentanyl-transdermal-system-parche\\\/\",\"url\":\"https:\\\/\\\/medicinasinc.com\\\/es\\\/product\\\/comprar-fentanyl-transdermal-system-parche\\\/\",\"name\":\"Compre el parche del sistema transd\u00e9rmico de fentanilo - Best Best Global Meds\",\"isPartOf\":{\"@id\":\"https:\\\/\\\/medicinasinc.com\\\/es\\\/#website\"},\"primaryImageOfPage\":{\"@id\":\"https:\\\/\\\/medicinasinc.com\\\/es\\\/product\\\/comprar-fentanyl-transdermal-system-parche\\\/#primaryimage\"},\"image\":{\"@id\":\"https:\\\/\\\/medicinasinc.com\\\/es\\\/product\\\/comprar-fentanyl-transdermal-system-parche\\\/#primaryimage\"},\"thumbnailUrl\":\"https:\\\/\\\/medicinasinc.com\\\/es\\\/wp-content\\\/uploads\\\/sites\\\/15\\\/2022\\\/02\\\/buy-fentanyl-transdermal-system-patch.jpg\",\"datePublished\":\"2022-02-20T21:32:53+00:00\",\"dateModified\":\"2022-03-22T00:54:09+00:00\",\"description\":\"Compre parches de fentanilo en l\u00ednea en el Reino Unido, fentanilo en l\u00ednea en el Reino Unido, costo de los parches de fentanilo en el Reino Unido, compre parches de fentanilo en el Reino Unido, precio de venta al p\u00fablico de fentanilo en el Reino Unido, parche de fentanilo a la venta en el Reino Unido\",\"breadcrumb\":{\"@id\":\"https:\\\/\\\/medicinasinc.com\\\/es\\\/product\\\/comprar-fentanyl-transdermal-system-parche\\\/#breadcrumb\"},\"inLanguage\":\"es\",\"potentialAction\":[{\"@type\":\"ReadAction\",\"target\":[\"https:\\\/\\\/medicinasinc.com\\\/es\\\/product\\\/comprar-fentanyl-transdermal-system-parche\\\/\"]}]},{\"@type\":\"ImageObject\",\"inLanguage\":\"es\",\"@id\":\"https:\\\/\\\/medicinasinc.com\\\/es\\\/product\\\/comprar-fentanyl-transdermal-system-parche\\\/#primaryimage\",\"url\":\"https:\\\/\\\/medicinasinc.com\\\/es\\\/wp-content\\\/uploads\\\/sites\\\/15\\\/2022\\\/02\\\/buy-fentanyl-transdermal-system-patch.jpg\",\"contentUrl\":\"https:\\\/\\\/medicinasinc.com\\\/es\\\/wp-content\\\/uploads\\\/sites\\\/15\\\/2022\\\/02\\\/buy-fentanyl-transdermal-system-patch.jpg\",\"width\":600,\"height\":600},{\"@type\":\"BreadcrumbList\",\"@id\":\"https:\\\/\\\/medicinasinc.com\\\/es\\\/product\\\/comprar-fentanyl-transdermal-system-parche\\\/#breadcrumb\",\"itemListElement\":[{\"@type\":\"ListItem\",\"position\":1,\"name\":\"Tienda\",\"item\":\"https:\\\/\\\/medicinasinc.com\\\/es\\\/tienda\\\/\"},{\"@type\":\"ListItem\",\"position\":2,\"name\":\"Compre el parche del sistema transd\u00e9rmico de fentanilo\"}]},{\"@type\":\"WebSite\",\"@id\":\"https:\\\/\\\/medicinasinc.com\\\/es\\\/#website\",\"url\":\"https:\\\/\\\/medicinasinc.com\\\/es\\\/\",\"name\":\"Medicinas Inc\",\"description\":\"Cl\u00ednica M\u00e9dica de Salud\",\"potentialAction\":[{\"@type\":\"SearchAction\",\"target\":{\"@type\":\"EntryPoint\",\"urlTemplate\":\"https:\\\/\\\/medicinasinc.com\\\/es\\\/?s={search_term_string}\"},\"query-input\":{\"@type\":\"PropertyValueSpecification\",\"valueRequired\":true,\"valueName\":\"search_term_string\"}}],\"inLanguage\":\"es\"}]}<\/script>\n<!-- \/ Yoast SEO plugin. -->","yoast_head_json":{"title":"Compre el parche del sistema transd\u00e9rmico de fentanilo - Best Best Global Meds","description":"Compre parches de fentanilo en l\u00ednea en el Reino Unido, fentanilo en l\u00ednea en el Reino Unido, costo de los parches de fentanilo en el Reino Unido, compre parches de fentanilo en el Reino Unido, precio de venta al p\u00fablico de fentanilo en el Reino Unido, parche de fentanilo a la venta en el Reino Unido","robots":{"index":"index","follow":"follow","max-snippet":"max-snippet:-1","max-image-preview":"max-image-preview:large","max-video-preview":"max-video-preview:-1"},"canonical":"https:\/\/medicinasinc.com\/es\/product\/comprar-fentanyl-transdermal-system-parche\/","og_locale":"es_ES","og_type":"article","og_title":"Compre el parche del sistema transd\u00e9rmico de fentanilo - Best Best Global Meds","og_description":"Compre parches de fentanilo en l\u00ednea en el Reino Unido, fentanilo en l\u00ednea en el Reino Unido, costo de los parches de fentanilo en el Reino Unido, compre parches de fentanilo en el Reino Unido, precio de venta al p\u00fablico de fentanilo en el Reino Unido, parche de fentanilo a la venta en el Reino Unido","og_url":"https:\/\/medicinasinc.com\/es\/product\/comprar-fentanyl-transdermal-system-parche\/","og_site_name":"Medicinas Inc","article_modified_time":"2022-03-22T00:54:09+00:00","og_image":[{"width":600,"height":600,"url":"https:\/\/medicinasinc.com\/es\/wp-content\/uploads\/sites\/15\/2022\/02\/buy-fentanyl-transdermal-system-patch.jpg","type":"image\/jpeg"}],"twitter_card":"summary_large_image","twitter_misc":{"Tiempo de lectura":"4 minutos"},"schema":{"@context":"https:\/\/schema.org","@graph":[{"@type":"WebPage","@id":"https:\/\/medicinasinc.com\/es\/product\/comprar-fentanyl-transdermal-system-parche\/","url":"https:\/\/medicinasinc.com\/es\/product\/comprar-fentanyl-transdermal-system-parche\/","name":"Compre el parche del sistema transd\u00e9rmico de fentanilo - Best Best Global Meds","isPartOf":{"@id":"https:\/\/medicinasinc.com\/es\/#website"},"primaryImageOfPage":{"@id":"https:\/\/medicinasinc.com\/es\/product\/comprar-fentanyl-transdermal-system-parche\/#primaryimage"},"image":{"@id":"https:\/\/medicinasinc.com\/es\/product\/comprar-fentanyl-transdermal-system-parche\/#primaryimage"},"thumbnailUrl":"https:\/\/medicinasinc.com\/es\/wp-content\/uploads\/sites\/15\/2022\/02\/buy-fentanyl-transdermal-system-patch.jpg","datePublished":"2022-02-20T21:32:53+00:00","dateModified":"2022-03-22T00:54:09+00:00","description":"Compre parches de fentanilo en l\u00ednea en el Reino Unido, fentanilo en l\u00ednea en el Reino Unido, costo de los parches de fentanilo en el Reino Unido, compre parches de fentanilo en el Reino Unido, precio de venta al p\u00fablico de fentanilo en el Reino Unido, parche de fentanilo a la venta en el Reino Unido","breadcrumb":{"@id":"https:\/\/medicinasinc.com\/es\/product\/comprar-fentanyl-transdermal-system-parche\/#breadcrumb"},"inLanguage":"es","potentialAction":[{"@type":"ReadAction","target":["https:\/\/medicinasinc.com\/es\/product\/comprar-fentanyl-transdermal-system-parche\/"]}]},{"@type":"ImageObject","inLanguage":"es","@id":"https:\/\/medicinasinc.com\/es\/product\/comprar-fentanyl-transdermal-system-parche\/#primaryimage","url":"https:\/\/medicinasinc.com\/es\/wp-content\/uploads\/sites\/15\/2022\/02\/buy-fentanyl-transdermal-system-patch.jpg","contentUrl":"https:\/\/medicinasinc.com\/es\/wp-content\/uploads\/sites\/15\/2022\/02\/buy-fentanyl-transdermal-system-patch.jpg","width":600,"height":600},{"@type":"BreadcrumbList","@id":"https:\/\/medicinasinc.com\/es\/product\/comprar-fentanyl-transdermal-system-parche\/#breadcrumb","itemListElement":[{"@type":"ListItem","position":1,"name":"Tienda","item":"https:\/\/medicinasinc.com\/es\/tienda\/"},{"@type":"ListItem","position":2,"name":"Compre el parche del sistema transd\u00e9rmico de fentanilo"}]},{"@type":"WebSite","@id":"https:\/\/medicinasinc.com\/es\/#website","url":"https:\/\/medicinasinc.com\/es\/","name":"Medicinas Inc","description":"Cl\u00ednica M\u00e9dica de Salud","potentialAction":[{"@type":"SearchAction","target":{"@type":"EntryPoint","urlTemplate":"https:\/\/medicinasinc.com\/es\/?s={search_term_string}"},"query-input":{"@type":"PropertyValueSpecification","valueRequired":true,"valueName":"search_term_string"}}],"inLanguage":"es"}]}},"_links":{"self":[{"href":"https:\/\/medicinasinc.com\/es\/wp-json\/wp\/v2\/product\/5182","targetHints":{"allow":["GET"]}}],"collection":[{"href":"https:\/\/medicinasinc.com\/es\/wp-json\/wp\/v2\/product"}],"about":[{"href":"https:\/\/medicinasinc.com\/es\/wp-json\/wp\/v2\/types\/product"}],"replies":[{"embeddable":true,"href":"https:\/\/medicinasinc.com\/es\/wp-json\/wp\/v2\/comments?post=5182"}],"wp:featuredmedia":[{"embeddable":true,"href":"https:\/\/medicinasinc.com\/es\/wp-json\/wp\/v2\/media\/5199"}],"wp:attachment":[{"href":"https:\/\/medicinasinc.com\/es\/wp-json\/wp\/v2\/media?parent=5182"}],"wp:term":[{"taxonomy":"product_brand","embeddable":true,"href":"https:\/\/medicinasinc.com\/es\/wp-json\/wp\/v2\/product_brand?post=5182"},{"taxonomy":"product_cat","embeddable":true,"href":"https:\/\/medicinasinc.com\/es\/wp-json\/wp\/v2\/product_cat?post=5182"},{"taxonomy":"product_tag","embeddable":true,"href":"https:\/\/medicinasinc.com\/es\/wp-json\/wp\/v2\/product_tag?post=5182"}],"curies":[{"name":"wp","href":"https:\/\/api.w.org\/{rel}","templated":true}]}}