{"id":5151,"date":"2022-02-20T21:07:35","date_gmt":"2022-02-20T21:07:35","guid":{"rendered":"https:\/\/medicinasinc.com\/es\/?post_type=product&#038;p=5151"},"modified":"2022-03-22T00:54:18","modified_gmt":"2022-03-22T00:54:18","slug":"comprar-diazepam-10-mg","status":"publish","type":"product","link":"https:\/\/medicinasinc.com\/es\/product\/comprar-diazepam-10-mg\/","title":{"rendered":"Comprar diazepam 10 mg"},"content":{"rendered":"<p>Compre 10 mg de Dextripam en l\u00ednea (Diazepam)<\/p>\n<p>Diazepam 10 mg para la venta en l\u00ednea en el Reino Unido, Europa al mejor precio est\u00e1 disponible aqu\u00ed. Los medicamentos legales est\u00e1n disponibles en bestglobalmeds.com, una farmacia en l\u00ednea confiable. Puede ahorrar tiempo y dinero haciendo su pedido en l\u00ednea.<\/p>\n<p>Las tabletas de Dextripam 10 mg se pueden comprar en l\u00ednea. El diazepam es un f\u00e1rmaco que se usa para tratar la ansiedad, los s\u00edntomas de abstinencia del alcohol o los calambres musculares.<\/p>\n<p>En el Reino Unido se puede comprar una dosis de 10 mg de diazepam. El diazepam (Valium 10 mg) se puede comprar en bestsleepingtablets.com. \u00a1Tenemos un buen suministro de pastillas de diazepam en existencia!<\/p>\n<p>Diazepam (Valium gen\u00e9rico) y otros&#8230; se pueden comparar, se pueden obtener cupones impresos y se pueden encontrar estrategias para ahorrar dinero. Puede realizar un pedido en l\u00ednea y recibirlo en su domicilio.<\/p>\n<div class=\"product-next-previous\">\n<div class=\"product-prev\"><\/div><\/div>\n","protected":false},"excerpt":{"rendered":"<p>Compre Diazepam 10 mg a la venta en l\u00ednea en el Reino Unido, Europa al mejor precio disponible aqu\u00ed. Los medicamentos legales est\u00e1n disponibles en bestglobalmeds.com, una farmacia en l\u00ednea confiable. Puede ahorrar tiempo y dinero haciendo su pedido en l\u00ednea.<\/p>\n<p>Las tabletas de Dextripam 10 mg se pueden comprar en l\u00ednea. El diazepam es un f\u00e1rmaco que se usa para tratar la ansiedad, los s\u00edntomas de abstinencia del alcohol o los calambres musculares.<\/p>\n<p>En el Reino Unido se puede comprar una dosis de 10 mg de diazepam. El diazepam (Valium 10 mg) se puede comprar en bestsleepingtablets.com. \u00a1Tenemos un buen suministro de pastillas de diazepam en stock!<\/p>\n<p>Diazepam (Valium gen\u00e9rico) y otros&#8230; se pueden comparar, se pueden obtener cupones impresos y se pueden encontrar estrategias para ahorrar dinero. Puede hacer un pedido en l\u00ednea y recibirlo en su puerta.<\/p>\n","protected":false},"featured_media":5170,"comment_status":"open","ping_status":"closed","template":"","meta":[],"product_brand":[],"product_cat":[1117],"product_tag":[],"class_list":{"0":"post-5151","1":"product","2":"type-product","3":"status-publish","4":"has-post-thumbnail","6":"product_cat-compre-pastillas-para-el-dolor-el-sueno-y-el-sexo","8":"first","9":"instock","10":"shipping-taxable","11":"purchasable","12":"product-type-variable","13":"has-default-attributes"},"yoast_head":"<!-- This site is optimized with the Yoast SEO plugin v27.3 - https:\/\/yoast.com\/product\/yoast-seo-wordpress\/ -->\n<title>Comprar diazepam 10 mg - Best Best Global Meds<\/title>\n<meta name=\"description\" content=\"Comprar Diazepam 10 mg a la venta Reino Unido, Europa online al mejor precio. bestglobalmeds.com es una farmacia en l\u00ednea confiable con medicamentos legales. Ordene en l\u00ednea y asegure su tiempo y dinero.\" \/>\n<meta name=\"robots\" content=\"index, follow, max-snippet:-1, max-image-preview:large, max-video-preview:-1\" \/>\n<link rel=\"canonical\" href=\"https:\/\/medicinasinc.com\/es\/product\/comprar-diazepam-10-mg\/\" \/>\n<meta property=\"og:locale\" content=\"es_ES\" \/>\n<meta property=\"og:type\" content=\"article\" \/>\n<meta property=\"og:title\" content=\"Comprar diazepam 10 mg - Best Best Global Meds\" \/>\n<meta property=\"og:description\" content=\"Comprar Diazepam 10 mg a la venta Reino Unido, Europa online al mejor precio. bestglobalmeds.com es una farmacia en l\u00ednea confiable con medicamentos legales. Ordene en l\u00ednea y asegure su tiempo y dinero.\" \/>\n<meta property=\"og:url\" content=\"https:\/\/medicinasinc.com\/es\/product\/comprar-diazepam-10-mg\/\" \/>\n<meta property=\"og:site_name\" content=\"Medicinas Inc\" \/>\n<meta property=\"article:modified_time\" content=\"2022-03-22T00:54:18+00:00\" \/>\n<meta property=\"og:image\" content=\"https:\/\/medicinasinc.com\/es\/wp-content\/uploads\/sites\/15\/2022\/02\/Buy-Diazepam-10-mg.jpg\" \/>\n\t<meta property=\"og:image:width\" content=\"400\" \/>\n\t<meta property=\"og:image:height\" content=\"400\" \/>\n\t<meta property=\"og:image:type\" content=\"image\/jpeg\" \/>\n<meta name=\"twitter:card\" content=\"summary_large_image\" \/>\n<meta name=\"twitter:label1\" content=\"Tiempo de lectura\" \/>\n\t<meta name=\"twitter:data1\" content=\"1 minuto\" \/>\n<script type=\"application\/ld+json\" class=\"yoast-schema-graph\">{\"@context\":\"https:\\\/\\\/schema.org\",\"@graph\":[{\"@type\":\"WebPage\",\"@id\":\"https:\\\/\\\/medicinasinc.com\\\/es\\\/product\\\/comprar-diazepam-10-mg\\\/\",\"url\":\"https:\\\/\\\/medicinasinc.com\\\/es\\\/product\\\/comprar-diazepam-10-mg\\\/\",\"name\":\"Comprar diazepam 10 mg - Best Best Global Meds\",\"isPartOf\":{\"@id\":\"https:\\\/\\\/medicinasinc.com\\\/es\\\/#website\"},\"primaryImageOfPage\":{\"@id\":\"https:\\\/\\\/medicinasinc.com\\\/es\\\/product\\\/comprar-diazepam-10-mg\\\/#primaryimage\"},\"image\":{\"@id\":\"https:\\\/\\\/medicinasinc.com\\\/es\\\/product\\\/comprar-diazepam-10-mg\\\/#primaryimage\"},\"thumbnailUrl\":\"https:\\\/\\\/medicinasinc.com\\\/es\\\/wp-content\\\/uploads\\\/sites\\\/15\\\/2022\\\/02\\\/Buy-Diazepam-10-mg.jpg\",\"datePublished\":\"2022-02-20T21:07:35+00:00\",\"dateModified\":\"2022-03-22T00:54:18+00:00\",\"description\":\"Comprar Diazepam 10 mg a la venta Reino Unido, Europa online al mejor precio. bestglobalmeds.com es una farmacia en l\u00ednea confiable con medicamentos legales. Ordene en l\u00ednea y asegure su tiempo y dinero.\",\"breadcrumb\":{\"@id\":\"https:\\\/\\\/medicinasinc.com\\\/es\\\/product\\\/comprar-diazepam-10-mg\\\/#breadcrumb\"},\"inLanguage\":\"es\",\"potentialAction\":[{\"@type\":\"ReadAction\",\"target\":[\"https:\\\/\\\/medicinasinc.com\\\/es\\\/product\\\/comprar-diazepam-10-mg\\\/\"]}]},{\"@type\":\"ImageObject\",\"inLanguage\":\"es\",\"@id\":\"https:\\\/\\\/medicinasinc.com\\\/es\\\/product\\\/comprar-diazepam-10-mg\\\/#primaryimage\",\"url\":\"https:\\\/\\\/medicinasinc.com\\\/es\\\/wp-content\\\/uploads\\\/sites\\\/15\\\/2022\\\/02\\\/Buy-Diazepam-10-mg.jpg\",\"contentUrl\":\"https:\\\/\\\/medicinasinc.com\\\/es\\\/wp-content\\\/uploads\\\/sites\\\/15\\\/2022\\\/02\\\/Buy-Diazepam-10-mg.jpg\",\"width\":400,\"height\":400},{\"@type\":\"BreadcrumbList\",\"@id\":\"https:\\\/\\\/medicinasinc.com\\\/es\\\/product\\\/comprar-diazepam-10-mg\\\/#breadcrumb\",\"itemListElement\":[{\"@type\":\"ListItem\",\"position\":1,\"name\":\"Tienda\",\"item\":\"https:\\\/\\\/medicinasinc.com\\\/es\\\/tienda\\\/\"},{\"@type\":\"ListItem\",\"position\":2,\"name\":\"Comprar diazepam 10 mg\"}]},{\"@type\":\"WebSite\",\"@id\":\"https:\\\/\\\/medicinasinc.com\\\/es\\\/#website\",\"url\":\"https:\\\/\\\/medicinasinc.com\\\/es\\\/\",\"name\":\"Medicinas Inc\",\"description\":\"Cl\u00ednica M\u00e9dica de Salud\",\"potentialAction\":[{\"@type\":\"SearchAction\",\"target\":{\"@type\":\"EntryPoint\",\"urlTemplate\":\"https:\\\/\\\/medicinasinc.com\\\/es\\\/?s={search_term_string}\"},\"query-input\":{\"@type\":\"PropertyValueSpecification\",\"valueRequired\":true,\"valueName\":\"search_term_string\"}}],\"inLanguage\":\"es\"}]}<\/script>\n<!-- \/ Yoast SEO plugin. -->","yoast_head_json":{"title":"Comprar diazepam 10 mg - Best Best Global Meds","description":"Comprar Diazepam 10 mg a la venta Reino Unido, Europa online al mejor precio. bestglobalmeds.com es una farmacia en l\u00ednea confiable con medicamentos legales. Ordene en l\u00ednea y asegure su tiempo y dinero.","robots":{"index":"index","follow":"follow","max-snippet":"max-snippet:-1","max-image-preview":"max-image-preview:large","max-video-preview":"max-video-preview:-1"},"canonical":"https:\/\/medicinasinc.com\/es\/product\/comprar-diazepam-10-mg\/","og_locale":"es_ES","og_type":"article","og_title":"Comprar diazepam 10 mg - Best Best Global Meds","og_description":"Comprar Diazepam 10 mg a la venta Reino Unido, Europa online al mejor precio. bestglobalmeds.com es una farmacia en l\u00ednea confiable con medicamentos legales. Ordene en l\u00ednea y asegure su tiempo y dinero.","og_url":"https:\/\/medicinasinc.com\/es\/product\/comprar-diazepam-10-mg\/","og_site_name":"Medicinas Inc","article_modified_time":"2022-03-22T00:54:18+00:00","og_image":[{"width":400,"height":400,"url":"https:\/\/medicinasinc.com\/es\/wp-content\/uploads\/sites\/15\/2022\/02\/Buy-Diazepam-10-mg.jpg","type":"image\/jpeg"}],"twitter_card":"summary_large_image","twitter_misc":{"Tiempo de lectura":"1 minuto"},"schema":{"@context":"https:\/\/schema.org","@graph":[{"@type":"WebPage","@id":"https:\/\/medicinasinc.com\/es\/product\/comprar-diazepam-10-mg\/","url":"https:\/\/medicinasinc.com\/es\/product\/comprar-diazepam-10-mg\/","name":"Comprar diazepam 10 mg - Best Best Global Meds","isPartOf":{"@id":"https:\/\/medicinasinc.com\/es\/#website"},"primaryImageOfPage":{"@id":"https:\/\/medicinasinc.com\/es\/product\/comprar-diazepam-10-mg\/#primaryimage"},"image":{"@id":"https:\/\/medicinasinc.com\/es\/product\/comprar-diazepam-10-mg\/#primaryimage"},"thumbnailUrl":"https:\/\/medicinasinc.com\/es\/wp-content\/uploads\/sites\/15\/2022\/02\/Buy-Diazepam-10-mg.jpg","datePublished":"2022-02-20T21:07:35+00:00","dateModified":"2022-03-22T00:54:18+00:00","description":"Comprar Diazepam 10 mg a la venta Reino Unido, Europa online al mejor precio. bestglobalmeds.com es una farmacia en l\u00ednea confiable con medicamentos legales. Ordene en l\u00ednea y asegure su tiempo y dinero.","breadcrumb":{"@id":"https:\/\/medicinasinc.com\/es\/product\/comprar-diazepam-10-mg\/#breadcrumb"},"inLanguage":"es","potentialAction":[{"@type":"ReadAction","target":["https:\/\/medicinasinc.com\/es\/product\/comprar-diazepam-10-mg\/"]}]},{"@type":"ImageObject","inLanguage":"es","@id":"https:\/\/medicinasinc.com\/es\/product\/comprar-diazepam-10-mg\/#primaryimage","url":"https:\/\/medicinasinc.com\/es\/wp-content\/uploads\/sites\/15\/2022\/02\/Buy-Diazepam-10-mg.jpg","contentUrl":"https:\/\/medicinasinc.com\/es\/wp-content\/uploads\/sites\/15\/2022\/02\/Buy-Diazepam-10-mg.jpg","width":400,"height":400},{"@type":"BreadcrumbList","@id":"https:\/\/medicinasinc.com\/es\/product\/comprar-diazepam-10-mg\/#breadcrumb","itemListElement":[{"@type":"ListItem","position":1,"name":"Tienda","item":"https:\/\/medicinasinc.com\/es\/tienda\/"},{"@type":"ListItem","position":2,"name":"Comprar diazepam 10 mg"}]},{"@type":"WebSite","@id":"https:\/\/medicinasinc.com\/es\/#website","url":"https:\/\/medicinasinc.com\/es\/","name":"Medicinas Inc","description":"Cl\u00ednica M\u00e9dica de Salud","potentialAction":[{"@type":"SearchAction","target":{"@type":"EntryPoint","urlTemplate":"https:\/\/medicinasinc.com\/es\/?s={search_term_string}"},"query-input":{"@type":"PropertyValueSpecification","valueRequired":true,"valueName":"search_term_string"}}],"inLanguage":"es"}]}},"_links":{"self":[{"href":"https:\/\/medicinasinc.com\/es\/wp-json\/wp\/v2\/product\/5151","targetHints":{"allow":["GET"]}}],"collection":[{"href":"https:\/\/medicinasinc.com\/es\/wp-json\/wp\/v2\/product"}],"about":[{"href":"https:\/\/medicinasinc.com\/es\/wp-json\/wp\/v2\/types\/product"}],"replies":[{"embeddable":true,"href":"https:\/\/medicinasinc.com\/es\/wp-json\/wp\/v2\/comments?post=5151"}],"wp:featuredmedia":[{"embeddable":true,"href":"https:\/\/medicinasinc.com\/es\/wp-json\/wp\/v2\/media\/5170"}],"wp:attachment":[{"href":"https:\/\/medicinasinc.com\/es\/wp-json\/wp\/v2\/media?parent=5151"}],"wp:term":[{"taxonomy":"product_brand","embeddable":true,"href":"https:\/\/medicinasinc.com\/es\/wp-json\/wp\/v2\/product_brand?post=5151"},{"taxonomy":"product_cat","embeddable":true,"href":"https:\/\/medicinasinc.com\/es\/wp-json\/wp\/v2\/product_cat?post=5151"},{"taxonomy":"product_tag","embeddable":true,"href":"https:\/\/medicinasinc.com\/es\/wp-json\/wp\/v2\/product_tag?post=5151"}],"curies":[{"name":"wp","href":"https:\/\/api.w.org\/{rel}","templated":true}]}}