{"id":5149,"date":"2022-02-20T21:05:49","date_gmt":"2022-02-20T21:05:49","guid":{"rendered":"https:\/\/medicinasinc.com\/es\/?post_type=product&#038;p=5149"},"modified":"2022-03-22T00:54:38","modified_gmt":"2022-03-22T00:54:38","slug":"comprar-codeina-sulfato-30-mg","status":"publish","type":"product","link":"https:\/\/medicinasinc.com\/es\/product\/comprar-codeina-sulfato-30-mg\/","title":{"rendered":"Comprar Code\u00edna Sulfato 30 mg"},"content":{"rendered":"<p>Compra online de 30 mg de fosfato de code\u00edna<\/p>\n<p>Code\u00edna\u00a0(fosfato)\u00a030\u00a0mg\u00a0pastillas\/tabletas:<\/p>\n<p>La code\u00edna\u00a0(fosfato) cura el dolor o la tos. Un analg\u00e9sico y para la tos en uno, este f\u00e1rmaco es un analg\u00e9sico narc\u00f3tico.<\/p>\n<p>Puede comprar Codeine Phosphate 30 mg en Internet y recibirlo en su domicilio al d\u00eda siguiente a trav\u00e9s de FedEx, sin necesidad de receta m\u00e9dica, ya que siempre y cuando est\u00e9 en los EE. UU.<\/p>\n<p>El fosfato de code\u00edna de 30 mg est\u00e1 disponible para su compra en l\u00ednea, con entrega r\u00e1pida, segura y rastreable para todas las compras. Ahora es el momento de comprar Fosfato de Code\u00edna online.<\/p>\n<p>Tabletas de Fosfato de Code\u00edna (30 mg). La code\u00edna es un potente analg\u00e9sico que solo puede obtenerse con receta m\u00e9dica. Un potente opi\u00e1ceo y narc\u00f3tico que funciona bien. Orden\u00a0..<\/p>\n<p>sedantes vendidos sin receta Actualmente en el mercado. La code\u00edna es un analg\u00e9sico que se puede usar para tratar o prevenir molestias de moderadas a graves. Tambi\u00e9n se puede utilizar para tratar una variedad de dolencias. La code\u00edna est\u00e1 disponible sin receta a un precio muy razonable en l\u00ednea.<\/p>\n","protected":false},"excerpt":{"rendered":"<p>Code\u00edna\u00a0(fosfato)\u00a030\u00a0mg\u00a0p\u00edldoras\/tabletas: la code\u00edna (fosfato) se usa para aliviar la tos y el dolor. Un analg\u00e9sico y para la tos en uno, este medicamento es un analg\u00e9sico narc\u00f3tico.<\/p>\n<p>Puede comprar Codeine Phosphate\u00a030 mg en Internet y recibirlo en su domicilio al d\u00eda siguiente a trav\u00e9s de FedEx, sin necesidad de receta m\u00e9dica, ya que siempre y cuando est\u00e9 en los EE. UU.<\/p>\n<p>El fosfato de code\u00edna de 30 mg est\u00e1 disponible para su compra en l\u00ednea, con entrega r\u00e1pida, segura y rastreable para todas las compras. Ahora es el momento de comprar Fosfato de Code\u00edna online.<\/p>\n<p>Tabletas de Fosfato de Code\u00edna (30 mg). La code\u00edna es un analg\u00e9sico potente que solo puede obtenerse con receta m\u00e9dica. Un potente opi\u00e1ceo y narc\u00f3tico que funciona bien. Orden\u00a0..<\/p>\n<p>sedantes vendidos sin receta Actualmente en el mercado. La code\u00edna es un analg\u00e9sico que se puede usar para tratar o prevenir molestias de moderadas a graves. Tambi\u00e9n se puede utilizar para tratar una variedad de dolencias. La code\u00edna est\u00e1 disponible sin receta a un precio muy razonable en l\u00ednea.<\/p>\n","protected":false},"featured_media":5166,"comment_status":"open","ping_status":"closed","template":"","meta":[],"product_brand":[],"product_cat":[1117],"product_tag":[],"class_list":{"0":"post-5149","1":"product","2":"type-product","3":"status-publish","4":"has-post-thumbnail","6":"product_cat-compre-pastillas-para-el-dolor-el-sueno-y-el-sexo","8":"first","9":"instock","10":"shipping-taxable","11":"purchasable","12":"product-type-variable","13":"has-default-attributes"},"yoast_head":"<!-- This site is optimized with the Yoast SEO plugin v27.3 - https:\/\/yoast.com\/product\/yoast-seo-wordpress\/ -->\n<title>Comprar sulfato de code\u00edna 30 mg - Best Best Global Meds<\/title>\n<meta name=\"description\" content=\"Compre sulfato de code\u00edna de 30 mg en l\u00ednea, env\u00edo al d\u00eda siguiente, medicamentos de marca, entrega a trav\u00e9s de FedEx, DPD sin receta, entrega en EE. UU., Reino Unido y Europa.\" \/>\n<meta name=\"robots\" content=\"index, follow, max-snippet:-1, max-image-preview:large, max-video-preview:-1\" \/>\n<link rel=\"canonical\" href=\"https:\/\/medicinasinc.com\/es\/product\/comprar-codeina-sulfato-30-mg\/\" \/>\n<meta property=\"og:locale\" content=\"es_ES\" \/>\n<meta property=\"og:type\" content=\"article\" \/>\n<meta property=\"og:title\" content=\"Comprar sulfato de code\u00edna 30 mg - Best Best Global Meds\" \/>\n<meta property=\"og:description\" content=\"Compre sulfato de code\u00edna de 30 mg en l\u00ednea, env\u00edo al d\u00eda siguiente, medicamentos de marca, entrega a trav\u00e9s de FedEx, DPD sin receta, entrega en EE. UU., Reino Unido y Europa.\" \/>\n<meta property=\"og:url\" content=\"https:\/\/medicinasinc.com\/es\/product\/comprar-codeina-sulfato-30-mg\/\" \/>\n<meta property=\"og:site_name\" content=\"Medicinas Inc\" \/>\n<meta property=\"article:modified_time\" content=\"2022-03-22T00:54:38+00:00\" \/>\n<meta property=\"og:image\" content=\"https:\/\/medicinasinc.com\/es\/wp-content\/uploads\/sites\/15\/2022\/02\/buy-codeine-sulfate-30mg-online.jpg\" \/>\n\t<meta property=\"og:image:width\" content=\"600\" \/>\n\t<meta property=\"og:image:height\" content=\"600\" \/>\n\t<meta property=\"og:image:type\" content=\"image\/jpeg\" \/>\n<meta name=\"twitter:card\" content=\"summary_large_image\" \/>\n<meta name=\"twitter:label1\" content=\"Tiempo de lectura\" \/>\n\t<meta name=\"twitter:data1\" content=\"1 minuto\" \/>\n<script type=\"application\/ld+json\" class=\"yoast-schema-graph\">{\"@context\":\"https:\\\/\\\/schema.org\",\"@graph\":[{\"@type\":\"WebPage\",\"@id\":\"https:\\\/\\\/medicinasinc.com\\\/es\\\/product\\\/comprar-codeina-sulfato-30-mg\\\/\",\"url\":\"https:\\\/\\\/medicinasinc.com\\\/es\\\/product\\\/comprar-codeina-sulfato-30-mg\\\/\",\"name\":\"Comprar sulfato de code\u00edna 30 mg - Best Best Global Meds\",\"isPartOf\":{\"@id\":\"https:\\\/\\\/medicinasinc.com\\\/es\\\/#website\"},\"primaryImageOfPage\":{\"@id\":\"https:\\\/\\\/medicinasinc.com\\\/es\\\/product\\\/comprar-codeina-sulfato-30-mg\\\/#primaryimage\"},\"image\":{\"@id\":\"https:\\\/\\\/medicinasinc.com\\\/es\\\/product\\\/comprar-codeina-sulfato-30-mg\\\/#primaryimage\"},\"thumbnailUrl\":\"https:\\\/\\\/medicinasinc.com\\\/es\\\/wp-content\\\/uploads\\\/sites\\\/15\\\/2022\\\/02\\\/buy-codeine-sulfate-30mg-online.jpg\",\"datePublished\":\"2022-02-20T21:05:49+00:00\",\"dateModified\":\"2022-03-22T00:54:38+00:00\",\"description\":\"Compre sulfato de code\u00edna de 30 mg en l\u00ednea, env\u00edo al d\u00eda siguiente, medicamentos de marca, entrega a trav\u00e9s de FedEx, DPD sin receta, entrega en EE. UU., Reino Unido y Europa.\",\"breadcrumb\":{\"@id\":\"https:\\\/\\\/medicinasinc.com\\\/es\\\/product\\\/comprar-codeina-sulfato-30-mg\\\/#breadcrumb\"},\"inLanguage\":\"es\",\"potentialAction\":[{\"@type\":\"ReadAction\",\"target\":[\"https:\\\/\\\/medicinasinc.com\\\/es\\\/product\\\/comprar-codeina-sulfato-30-mg\\\/\"]}]},{\"@type\":\"ImageObject\",\"inLanguage\":\"es\",\"@id\":\"https:\\\/\\\/medicinasinc.com\\\/es\\\/product\\\/comprar-codeina-sulfato-30-mg\\\/#primaryimage\",\"url\":\"https:\\\/\\\/medicinasinc.com\\\/es\\\/wp-content\\\/uploads\\\/sites\\\/15\\\/2022\\\/02\\\/buy-codeine-sulfate-30mg-online.jpg\",\"contentUrl\":\"https:\\\/\\\/medicinasinc.com\\\/es\\\/wp-content\\\/uploads\\\/sites\\\/15\\\/2022\\\/02\\\/buy-codeine-sulfate-30mg-online.jpg\",\"width\":600,\"height\":600},{\"@type\":\"BreadcrumbList\",\"@id\":\"https:\\\/\\\/medicinasinc.com\\\/es\\\/product\\\/comprar-codeina-sulfato-30-mg\\\/#breadcrumb\",\"itemListElement\":[{\"@type\":\"ListItem\",\"position\":1,\"name\":\"Tienda\",\"item\":\"https:\\\/\\\/medicinasinc.com\\\/es\\\/tienda\\\/\"},{\"@type\":\"ListItem\",\"position\":2,\"name\":\"Comprar Code\u00edna Sulfato 30 mg\"}]},{\"@type\":\"WebSite\",\"@id\":\"https:\\\/\\\/medicinasinc.com\\\/es\\\/#website\",\"url\":\"https:\\\/\\\/medicinasinc.com\\\/es\\\/\",\"name\":\"Medicinas Inc\",\"description\":\"Cl\u00ednica M\u00e9dica de Salud\",\"potentialAction\":[{\"@type\":\"SearchAction\",\"target\":{\"@type\":\"EntryPoint\",\"urlTemplate\":\"https:\\\/\\\/medicinasinc.com\\\/es\\\/?s={search_term_string}\"},\"query-input\":{\"@type\":\"PropertyValueSpecification\",\"valueRequired\":true,\"valueName\":\"search_term_string\"}}],\"inLanguage\":\"es\"}]}<\/script>\n<!-- \/ Yoast SEO plugin. -->","yoast_head_json":{"title":"Comprar sulfato de code\u00edna 30 mg - Best Best Global Meds","description":"Compre sulfato de code\u00edna de 30 mg en l\u00ednea, env\u00edo al d\u00eda siguiente, medicamentos de marca, entrega a trav\u00e9s de FedEx, DPD sin receta, entrega en EE. UU., Reino Unido y Europa.","robots":{"index":"index","follow":"follow","max-snippet":"max-snippet:-1","max-image-preview":"max-image-preview:large","max-video-preview":"max-video-preview:-1"},"canonical":"https:\/\/medicinasinc.com\/es\/product\/comprar-codeina-sulfato-30-mg\/","og_locale":"es_ES","og_type":"article","og_title":"Comprar sulfato de code\u00edna 30 mg - Best Best Global Meds","og_description":"Compre sulfato de code\u00edna de 30 mg en l\u00ednea, env\u00edo al d\u00eda siguiente, medicamentos de marca, entrega a trav\u00e9s de FedEx, DPD sin receta, entrega en EE. UU., Reino Unido y Europa.","og_url":"https:\/\/medicinasinc.com\/es\/product\/comprar-codeina-sulfato-30-mg\/","og_site_name":"Medicinas Inc","article_modified_time":"2022-03-22T00:54:38+00:00","og_image":[{"width":600,"height":600,"url":"https:\/\/medicinasinc.com\/es\/wp-content\/uploads\/sites\/15\/2022\/02\/buy-codeine-sulfate-30mg-online.jpg","type":"image\/jpeg"}],"twitter_card":"summary_large_image","twitter_misc":{"Tiempo de lectura":"1 minuto"},"schema":{"@context":"https:\/\/schema.org","@graph":[{"@type":"WebPage","@id":"https:\/\/medicinasinc.com\/es\/product\/comprar-codeina-sulfato-30-mg\/","url":"https:\/\/medicinasinc.com\/es\/product\/comprar-codeina-sulfato-30-mg\/","name":"Comprar sulfato de code\u00edna 30 mg - Best Best Global Meds","isPartOf":{"@id":"https:\/\/medicinasinc.com\/es\/#website"},"primaryImageOfPage":{"@id":"https:\/\/medicinasinc.com\/es\/product\/comprar-codeina-sulfato-30-mg\/#primaryimage"},"image":{"@id":"https:\/\/medicinasinc.com\/es\/product\/comprar-codeina-sulfato-30-mg\/#primaryimage"},"thumbnailUrl":"https:\/\/medicinasinc.com\/es\/wp-content\/uploads\/sites\/15\/2022\/02\/buy-codeine-sulfate-30mg-online.jpg","datePublished":"2022-02-20T21:05:49+00:00","dateModified":"2022-03-22T00:54:38+00:00","description":"Compre sulfato de code\u00edna de 30 mg en l\u00ednea, env\u00edo al d\u00eda siguiente, medicamentos de marca, entrega a trav\u00e9s de FedEx, DPD sin receta, entrega en EE. UU., Reino Unido y Europa.","breadcrumb":{"@id":"https:\/\/medicinasinc.com\/es\/product\/comprar-codeina-sulfato-30-mg\/#breadcrumb"},"inLanguage":"es","potentialAction":[{"@type":"ReadAction","target":["https:\/\/medicinasinc.com\/es\/product\/comprar-codeina-sulfato-30-mg\/"]}]},{"@type":"ImageObject","inLanguage":"es","@id":"https:\/\/medicinasinc.com\/es\/product\/comprar-codeina-sulfato-30-mg\/#primaryimage","url":"https:\/\/medicinasinc.com\/es\/wp-content\/uploads\/sites\/15\/2022\/02\/buy-codeine-sulfate-30mg-online.jpg","contentUrl":"https:\/\/medicinasinc.com\/es\/wp-content\/uploads\/sites\/15\/2022\/02\/buy-codeine-sulfate-30mg-online.jpg","width":600,"height":600},{"@type":"BreadcrumbList","@id":"https:\/\/medicinasinc.com\/es\/product\/comprar-codeina-sulfato-30-mg\/#breadcrumb","itemListElement":[{"@type":"ListItem","position":1,"name":"Tienda","item":"https:\/\/medicinasinc.com\/es\/tienda\/"},{"@type":"ListItem","position":2,"name":"Comprar Code\u00edna Sulfato 30 mg"}]},{"@type":"WebSite","@id":"https:\/\/medicinasinc.com\/es\/#website","url":"https:\/\/medicinasinc.com\/es\/","name":"Medicinas Inc","description":"Cl\u00ednica M\u00e9dica de Salud","potentialAction":[{"@type":"SearchAction","target":{"@type":"EntryPoint","urlTemplate":"https:\/\/medicinasinc.com\/es\/?s={search_term_string}"},"query-input":{"@type":"PropertyValueSpecification","valueRequired":true,"valueName":"search_term_string"}}],"inLanguage":"es"}]}},"_links":{"self":[{"href":"https:\/\/medicinasinc.com\/es\/wp-json\/wp\/v2\/product\/5149","targetHints":{"allow":["GET"]}}],"collection":[{"href":"https:\/\/medicinasinc.com\/es\/wp-json\/wp\/v2\/product"}],"about":[{"href":"https:\/\/medicinasinc.com\/es\/wp-json\/wp\/v2\/types\/product"}],"replies":[{"embeddable":true,"href":"https:\/\/medicinasinc.com\/es\/wp-json\/wp\/v2\/comments?post=5149"}],"wp:featuredmedia":[{"embeddable":true,"href":"https:\/\/medicinasinc.com\/es\/wp-json\/wp\/v2\/media\/5166"}],"wp:attachment":[{"href":"https:\/\/medicinasinc.com\/es\/wp-json\/wp\/v2\/media?parent=5149"}],"wp:term":[{"taxonomy":"product_brand","embeddable":true,"href":"https:\/\/medicinasinc.com\/es\/wp-json\/wp\/v2\/product_brand?post=5149"},{"taxonomy":"product_cat","embeddable":true,"href":"https:\/\/medicinasinc.com\/es\/wp-json\/wp\/v2\/product_cat?post=5149"},{"taxonomy":"product_tag","embeddable":true,"href":"https:\/\/medicinasinc.com\/es\/wp-json\/wp\/v2\/product_tag?post=5149"}],"curies":[{"name":"wp","href":"https:\/\/api.w.org\/{rel}","templated":true}]}}