{"id":5148,"date":"2022-02-20T21:04:44","date_gmt":"2022-02-20T21:04:44","guid":{"rendered":"https:\/\/medicinasinc.com\/es\/?post_type=product&#038;p=5148"},"modified":"2022-03-22T00:54:48","modified_gmt":"2022-03-22T00:54:48","slug":"comprar-bunex-0-2mg-buprenorfina","status":"publish","type":"product","link":"https:\/\/medicinasinc.com\/es\/product\/comprar-bunex-0-2mg-buprenorfina\/","title":{"rendered":"Comprar Bunex 0.2mg (Buprenorfina)"},"content":{"rendered":"<p>Las pastillas Buprenorphine de Bunex se pueden comprar por Internet.<\/p>\n<p>\u00bfD\u00f3nde puedo conseguir Buprenorphine? \u00bfD\u00f3nde puedo obtener buprenorfina sin receta?<\/p>\n<p>Es un analg\u00e9sico semisint\u00e9tico desarrollado a partir de los compuestos qu\u00edmicos naturales de la adormidera. La adormidera es la fuente de la teba\u00edna qu\u00edmica, que se utiliza para hacer buprenorfina. Debido a que la buprenorfina es semisint\u00e9tica, es un opioide sint\u00e9tico. Todas las drogas que se originan de la adormidera se denominan opioides en la comunidad m\u00e9dica. Los opi\u00e1ceos se encuentran entre los analg\u00e9sicos m\u00e1s efectivos disponibles, con efectos que superan con creces los de la mayor\u00eda de las otras drogas.<\/p>\n<p>\u00bfEn qu\u00e9 sentido funciona la droga buprenorfina? D\u00f3nde comprar buprenorfina<\/p>\n<p>Despu\u00e9s de ser absorbida por el torrente sangu\u00edneo, la buprenorfina tiene un efecto sobre el sistema nervioso. Esto ocurre cuando la buprenorfina ingresa al cerebro, donde bloquea las terminaciones nerviosas que transmiten el dolor. La buprenorfina no aborda la causa subyacente del malestar del paciente; m\u00e1s bien, reduce su percepci\u00f3n del mismo, lo que les permite relajarse.<\/p>\n<p>A las personas se les prescribe buprenorfina regularmente. El dolor de los espasmos musculares es la raz\u00f3n m\u00e1s com\u00fan por la que las personas toman buprenorfina. Si alguna vez experimenta un espasmo, considere comprar buprenorfina para ver si puede ayudarlo a sobrellevar la incomodidad.<br \/> Los m\u00e9dicos suelen recetar buprenorfina a los pacientes que se han sometido a una cirug\u00eda o que est\u00e1n lidiando con fracturas. La buprenorfina ayuda a estas personas a manejar sus dolores hasta que se hayan curado de la fuente subyacente de sus molestias.<\/p>\n<p>\u00bfEn qu\u00e9 sentido funciona la droga buprenorfina? D\u00f3nde comprar buprenorfina<\/p>\n<p>El nivel de malestar y fortaleza mental de una persona influye en gran medida en la dosis de buprenorfina. Por lo general, primero se debe probar una dosis baja de 8 mg y, si no funciona, se debe probar una dosis m\u00e1s alta de 16 mg. La buprenorfina se puede aumentar a 24 mg incluso si 16 mg no son efectivos. En general, si planea comprar buprenorfina en l\u00ednea sin receta, no exceda la dosis recomendada.<\/p>\n<p>\u00bfEn qu\u00e9 sentido funciona el medicamento Buprenorfina? D\u00f3nde Comprar Buprenorfina<\/p>\n<p>Para las mujeres embarazadas, la Buprenorfina no es un tratamiento adecuado porque tiene un impacto significativo en los sistemas reproductivos de las mujeres. Tomar buprenorfina puede ser peligroso para algunas personas sensibles a los opioides. Debido a los peligros de usar buprenorfina para pacientes con c\u00e1ncer, deben consultar a un m\u00e9dico antes de comprar buprenorfina en l\u00ednea.<\/p>\n<p>Adem\u00e1s de somnolencia, pereza, mareos, dolores de cabeza y n\u00e1useas, la buprenorfina puede causar una variedad de otros efectos adversos . Adem\u00e1s de esto, algunas personas pueden experimentar un cambio en su sentido del tacto, en cuyo caso deben buscar atenci\u00f3n m\u00e9dica.<\/p>\n<p>La acci\u00f3n de la buprenorfina<br \/> Aplicaciones de la buprenorfina<br \/> Reacciones adversas a Buprenorfina S\u00edntomas de la adicci\u00f3n a la buprenorfina<\/p>\n","protected":false},"excerpt":{"rendered":"<p>Compre Bunex 0,2 mg (buprenorfina) para la venta en el Reino Unido, la UE en l\u00ednea en la farmacia Bestglobalmeds.com.com a precios econ\u00f3micos y asequibles con env\u00edo seguro y r\u00e1pido<\/p>\n<p>Compre Bunex 0,2 mg (buprenorfina) en l\u00ednea &#8211; Desde Bestglobalmeds.com.com farmacia en l\u00ednea a precios econ\u00f3micos y asequibles con env\u00edo r\u00e1pido y seguro. Cont\u00e1ctenos en info@bestglobalmeds.com<\/p>\n<p>Compre Bunex 0.2mg (buprenorfina) en l\u00ednea<\/p>\n<p>Bunex 0.2 mg (buprenorfina) precios en l\u00ednea<\/p>\n<p>Bunex 0,2 mg (buprenorfina) precios<\/p>\n<p>&nbsp;<\/p>\n<p>comprar Bunex 0,2 mg (buprenorfina)<\/p>\n","protected":false},"featured_media":5164,"comment_status":"open","ping_status":"closed","template":"","meta":[],"product_brand":[],"product_cat":[1117],"product_tag":[1237,1238,1241,1242,1239,1240,1243,1245,1244,1246],"class_list":{"0":"post-5148","1":"product","2":"type-product","3":"status-publish","4":"has-post-thumbnail","6":"product_cat-compre-pastillas-para-el-dolor-el-sueno-y-el-sexo","7":"product_tag-bunex-buprenorfina-0-20mg","8":"product_tag-bunex-buprenorfina-0-20mg-y-esteroides","9":"product_tag-bunex-buprenorfina-8mg","10":"product_tag-bunex-buprenorfina-online","11":"product_tag-bunex-buprenorphine-0-20mg-online","12":"product_tag-bunex-buprenorphine-0-2mg-by-safe-pharma","13":"product_tag-bunex-buprenorfina","14":"product_tag-cbt-pharmaceuticals-shop-pain-killers-bunex-buprenorphine-20-mg","15":"product_tag-comprar-buprenorfina-bunex-0-20mg","16":"product_tag-tramapartramadol-hcl-paracetamol-precio-3-comprar-online-bunexbuprenorfina","18":"first","19":"instock","20":"shipping-taxable","21":"purchasable","22":"product-type-variable","23":"has-default-attributes"},"yoast_head":"<!-- This site is optimized with the Yoast SEO plugin v27.3 - https:\/\/yoast.com\/product\/yoast-seo-wordpress\/ -->\n<title>Comprar Bunex 0.2mg (Buprenorfina) - Researchem<\/title>\n<meta name=\"description\" content=\"Compre Bunex 0.2mg (buprenorfina) para la venta en el Reino Unido, la UE en l\u00ednea de la farmacia Bestglobalmeds.com.com a precios econ\u00f3micos y asequibles con env\u00edo r\u00e1pido y seguro\" \/>\n<meta name=\"robots\" content=\"index, follow, max-snippet:-1, max-image-preview:large, max-video-preview:-1\" \/>\n<link rel=\"canonical\" href=\"https:\/\/medicinasinc.com\/es\/product\/comprar-bunex-0-2mg-buprenorfina\/\" \/>\n<meta property=\"og:locale\" content=\"es_ES\" \/>\n<meta property=\"og:type\" content=\"article\" \/>\n<meta property=\"og:title\" content=\"Comprar Bunex 0.2mg (Buprenorfina) - Researchem\" \/>\n<meta property=\"og:description\" content=\"Compre Bunex 0.2mg (buprenorfina) para la venta en el Reino Unido, la UE en l\u00ednea de la farmacia Bestglobalmeds.com.com a precios econ\u00f3micos y asequibles con env\u00edo r\u00e1pido y seguro\" \/>\n<meta property=\"og:url\" content=\"https:\/\/medicinasinc.com\/es\/product\/comprar-bunex-0-2mg-buprenorfina\/\" \/>\n<meta property=\"og:site_name\" content=\"Medicinas Inc\" \/>\n<meta property=\"article:modified_time\" content=\"2022-03-22T00:54:48+00:00\" \/>\n<meta property=\"og:image\" content=\"https:\/\/medicinasinc.com\/es\/wp-content\/uploads\/sites\/15\/2022\/02\/Buy-Bunex-0.2mg.jpg\" \/>\n\t<meta property=\"og:image:width\" content=\"600\" \/>\n\t<meta property=\"og:image:height\" content=\"600\" \/>\n\t<meta property=\"og:image:type\" content=\"image\/jpeg\" \/>\n<meta name=\"twitter:card\" content=\"summary_large_image\" \/>\n<meta name=\"twitter:label1\" content=\"Tiempo de lectura\" \/>\n\t<meta name=\"twitter:data1\" content=\"2 minutos\" \/>\n<script type=\"application\/ld+json\" class=\"yoast-schema-graph\">{\"@context\":\"https:\\\/\\\/schema.org\",\"@graph\":[{\"@type\":\"WebPage\",\"@id\":\"https:\\\/\\\/medicinasinc.com\\\/es\\\/product\\\/comprar-bunex-0-2mg-buprenorfina\\\/\",\"url\":\"https:\\\/\\\/medicinasinc.com\\\/es\\\/product\\\/comprar-bunex-0-2mg-buprenorfina\\\/\",\"name\":\"Comprar Bunex 0.2mg (Buprenorfina) - Researchem\",\"isPartOf\":{\"@id\":\"https:\\\/\\\/medicinasinc.com\\\/es\\\/#website\"},\"primaryImageOfPage\":{\"@id\":\"https:\\\/\\\/medicinasinc.com\\\/es\\\/product\\\/comprar-bunex-0-2mg-buprenorfina\\\/#primaryimage\"},\"image\":{\"@id\":\"https:\\\/\\\/medicinasinc.com\\\/es\\\/product\\\/comprar-bunex-0-2mg-buprenorfina\\\/#primaryimage\"},\"thumbnailUrl\":\"https:\\\/\\\/medicinasinc.com\\\/es\\\/wp-content\\\/uploads\\\/sites\\\/15\\\/2022\\\/02\\\/Buy-Bunex-0.2mg.jpg\",\"datePublished\":\"2022-02-20T21:04:44+00:00\",\"dateModified\":\"2022-03-22T00:54:48+00:00\",\"description\":\"Compre Bunex 0.2mg (buprenorfina) para la venta en el Reino Unido, la UE en l\u00ednea de la farmacia Bestglobalmeds.com.com a precios econ\u00f3micos y asequibles con env\u00edo r\u00e1pido y seguro\",\"breadcrumb\":{\"@id\":\"https:\\\/\\\/medicinasinc.com\\\/es\\\/product\\\/comprar-bunex-0-2mg-buprenorfina\\\/#breadcrumb\"},\"inLanguage\":\"es\",\"potentialAction\":[{\"@type\":\"ReadAction\",\"target\":[\"https:\\\/\\\/medicinasinc.com\\\/es\\\/product\\\/comprar-bunex-0-2mg-buprenorfina\\\/\"]}]},{\"@type\":\"ImageObject\",\"inLanguage\":\"es\",\"@id\":\"https:\\\/\\\/medicinasinc.com\\\/es\\\/product\\\/comprar-bunex-0-2mg-buprenorfina\\\/#primaryimage\",\"url\":\"https:\\\/\\\/medicinasinc.com\\\/es\\\/wp-content\\\/uploads\\\/sites\\\/15\\\/2022\\\/02\\\/Buy-Bunex-0.2mg.jpg\",\"contentUrl\":\"https:\\\/\\\/medicinasinc.com\\\/es\\\/wp-content\\\/uploads\\\/sites\\\/15\\\/2022\\\/02\\\/Buy-Bunex-0.2mg.jpg\",\"width\":600,\"height\":600},{\"@type\":\"BreadcrumbList\",\"@id\":\"https:\\\/\\\/medicinasinc.com\\\/es\\\/product\\\/comprar-bunex-0-2mg-buprenorfina\\\/#breadcrumb\",\"itemListElement\":[{\"@type\":\"ListItem\",\"position\":1,\"name\":\"Tienda\",\"item\":\"https:\\\/\\\/medicinasinc.com\\\/es\\\/tienda\\\/\"},{\"@type\":\"ListItem\",\"position\":2,\"name\":\"Comprar Bunex 0.2mg (Buprenorfina)\"}]},{\"@type\":\"WebSite\",\"@id\":\"https:\\\/\\\/medicinasinc.com\\\/es\\\/#website\",\"url\":\"https:\\\/\\\/medicinasinc.com\\\/es\\\/\",\"name\":\"Medicinas Inc\",\"description\":\"Cl\u00ednica M\u00e9dica de Salud\",\"potentialAction\":[{\"@type\":\"SearchAction\",\"target\":{\"@type\":\"EntryPoint\",\"urlTemplate\":\"https:\\\/\\\/medicinasinc.com\\\/es\\\/?s={search_term_string}\"},\"query-input\":{\"@type\":\"PropertyValueSpecification\",\"valueRequired\":true,\"valueName\":\"search_term_string\"}}],\"inLanguage\":\"es\"}]}<\/script>\n<!-- \/ Yoast SEO plugin. -->","yoast_head_json":{"title":"Comprar Bunex 0.2mg (Buprenorfina) - Researchem","description":"Compre Bunex 0.2mg (buprenorfina) para la venta en el Reino Unido, la UE en l\u00ednea de la farmacia Bestglobalmeds.com.com a precios econ\u00f3micos y asequibles con env\u00edo r\u00e1pido y seguro","robots":{"index":"index","follow":"follow","max-snippet":"max-snippet:-1","max-image-preview":"max-image-preview:large","max-video-preview":"max-video-preview:-1"},"canonical":"https:\/\/medicinasinc.com\/es\/product\/comprar-bunex-0-2mg-buprenorfina\/","og_locale":"es_ES","og_type":"article","og_title":"Comprar Bunex 0.2mg (Buprenorfina) - Researchem","og_description":"Compre Bunex 0.2mg (buprenorfina) para la venta en el Reino Unido, la UE en l\u00ednea de la farmacia Bestglobalmeds.com.com a precios econ\u00f3micos y asequibles con env\u00edo r\u00e1pido y seguro","og_url":"https:\/\/medicinasinc.com\/es\/product\/comprar-bunex-0-2mg-buprenorfina\/","og_site_name":"Medicinas Inc","article_modified_time":"2022-03-22T00:54:48+00:00","og_image":[{"width":600,"height":600,"url":"https:\/\/medicinasinc.com\/es\/wp-content\/uploads\/sites\/15\/2022\/02\/Buy-Bunex-0.2mg.jpg","type":"image\/jpeg"}],"twitter_card":"summary_large_image","twitter_misc":{"Tiempo de lectura":"2 minutos"},"schema":{"@context":"https:\/\/schema.org","@graph":[{"@type":"WebPage","@id":"https:\/\/medicinasinc.com\/es\/product\/comprar-bunex-0-2mg-buprenorfina\/","url":"https:\/\/medicinasinc.com\/es\/product\/comprar-bunex-0-2mg-buprenorfina\/","name":"Comprar Bunex 0.2mg (Buprenorfina) - Researchem","isPartOf":{"@id":"https:\/\/medicinasinc.com\/es\/#website"},"primaryImageOfPage":{"@id":"https:\/\/medicinasinc.com\/es\/product\/comprar-bunex-0-2mg-buprenorfina\/#primaryimage"},"image":{"@id":"https:\/\/medicinasinc.com\/es\/product\/comprar-bunex-0-2mg-buprenorfina\/#primaryimage"},"thumbnailUrl":"https:\/\/medicinasinc.com\/es\/wp-content\/uploads\/sites\/15\/2022\/02\/Buy-Bunex-0.2mg.jpg","datePublished":"2022-02-20T21:04:44+00:00","dateModified":"2022-03-22T00:54:48+00:00","description":"Compre Bunex 0.2mg (buprenorfina) para la venta en el Reino Unido, la UE en l\u00ednea de la farmacia Bestglobalmeds.com.com a precios econ\u00f3micos y asequibles con env\u00edo r\u00e1pido y seguro","breadcrumb":{"@id":"https:\/\/medicinasinc.com\/es\/product\/comprar-bunex-0-2mg-buprenorfina\/#breadcrumb"},"inLanguage":"es","potentialAction":[{"@type":"ReadAction","target":["https:\/\/medicinasinc.com\/es\/product\/comprar-bunex-0-2mg-buprenorfina\/"]}]},{"@type":"ImageObject","inLanguage":"es","@id":"https:\/\/medicinasinc.com\/es\/product\/comprar-bunex-0-2mg-buprenorfina\/#primaryimage","url":"https:\/\/medicinasinc.com\/es\/wp-content\/uploads\/sites\/15\/2022\/02\/Buy-Bunex-0.2mg.jpg","contentUrl":"https:\/\/medicinasinc.com\/es\/wp-content\/uploads\/sites\/15\/2022\/02\/Buy-Bunex-0.2mg.jpg","width":600,"height":600},{"@type":"BreadcrumbList","@id":"https:\/\/medicinasinc.com\/es\/product\/comprar-bunex-0-2mg-buprenorfina\/#breadcrumb","itemListElement":[{"@type":"ListItem","position":1,"name":"Tienda","item":"https:\/\/medicinasinc.com\/es\/tienda\/"},{"@type":"ListItem","position":2,"name":"Comprar Bunex 0.2mg (Buprenorfina)"}]},{"@type":"WebSite","@id":"https:\/\/medicinasinc.com\/es\/#website","url":"https:\/\/medicinasinc.com\/es\/","name":"Medicinas Inc","description":"Cl\u00ednica M\u00e9dica de Salud","potentialAction":[{"@type":"SearchAction","target":{"@type":"EntryPoint","urlTemplate":"https:\/\/medicinasinc.com\/es\/?s={search_term_string}"},"query-input":{"@type":"PropertyValueSpecification","valueRequired":true,"valueName":"search_term_string"}}],"inLanguage":"es"}]}},"_links":{"self":[{"href":"https:\/\/medicinasinc.com\/es\/wp-json\/wp\/v2\/product\/5148","targetHints":{"allow":["GET"]}}],"collection":[{"href":"https:\/\/medicinasinc.com\/es\/wp-json\/wp\/v2\/product"}],"about":[{"href":"https:\/\/medicinasinc.com\/es\/wp-json\/wp\/v2\/types\/product"}],"replies":[{"embeddable":true,"href":"https:\/\/medicinasinc.com\/es\/wp-json\/wp\/v2\/comments?post=5148"}],"wp:featuredmedia":[{"embeddable":true,"href":"https:\/\/medicinasinc.com\/es\/wp-json\/wp\/v2\/media\/5164"}],"wp:attachment":[{"href":"https:\/\/medicinasinc.com\/es\/wp-json\/wp\/v2\/media?parent=5148"}],"wp:term":[{"taxonomy":"product_brand","embeddable":true,"href":"https:\/\/medicinasinc.com\/es\/wp-json\/wp\/v2\/product_brand?post=5148"},{"taxonomy":"product_cat","embeddable":true,"href":"https:\/\/medicinasinc.com\/es\/wp-json\/wp\/v2\/product_cat?post=5148"},{"taxonomy":"product_tag","embeddable":true,"href":"https:\/\/medicinasinc.com\/es\/wp-json\/wp\/v2\/product_tag?post=5148"}],"curies":[{"name":"wp","href":"https:\/\/api.w.org\/{rel}","templated":true}]}}