{"id":5125,"date":"2022-02-20T20:43:45","date_gmt":"2022-02-20T20:43:45","guid":{"rendered":"https:\/\/medicinasinc.com\/es\/?post_type=product&#038;p=5125"},"modified":"2022-03-22T00:54:59","modified_gmt":"2022-03-22T00:54:59","slug":"comprar-ativan-0-5mg-1mg-2mg","status":"publish","type":"product","link":"https:\/\/medicinasinc.com\/es\/product\/comprar-ativan-0-5mg-1mg-2mg\/","title":{"rendered":"Comprar Ativan 0.5mg, 1mg, 2mg"},"content":{"rendered":"<p>El mejor lugar para comprar Ativan es en Internet. \u00bfQu\u00e9 es exactamente el lorazepam y c\u00f3mo funciona?<br \/> Para comprar Ativan en l\u00ednea, haga clic aqu\u00ed. Las benzodiazepinas, de las que forma parte el lorazepam, son una clase de medicamentos. Al aumentar la actividad de determinados neurotransmisores cerebrales, se cree que el lorazepam es eficaz.<\/p>\n<p>Para aliviar la ansiedad y las convulsiones, se receta lorazepam.<\/p>\n<p>Comprar lorazepam en Internet o en un fuente fuera de los Estados Unidos est\u00e1 llena de peligros. Los medicamentos que se venden y distribuyen en pa\u00edses distintos de los Estados Unidos no cumplen con los requisitos de la FDA sobre uso seguro (FDA). Es posible que estas p\u00edldoras no provengan de una farmacia leg\u00edtima o que incluyan sustancias nocivas.<\/p>\n<p>Lea esto detenidamente.<br \/> Si tiene miastenia grave, glaucoma de \u00e1ngulo estrecho, insuficiencia respiratoria grave o una alergia al Valium oa un medicamento similar, debe evitar tomar lorazepam.<\/p>\n<p>Las mujeres embarazadas no deben tomar el medicamento lorazepam. Cuando se administra a un beb\u00e9, este medicamento tiene el potencial de inducir anomal\u00edas cong\u00e9nitas graves o s\u00edntomas de abstinencia potencialmente mortales.<\/p>\n<p>Solo deben tomarlo quienes reciben lorazepam, ya que puede crear h\u00e1bito. El abuso de drogas puede provocar adicci\u00f3n, sobredosis o la muerte si el medicamento se usa indebidamente de alguna manera. Cualquier persona con antecedentes de abuso o adicci\u00f3n a las drogas nunca debe recibir este medicamento. Aseg\u00farese de que el medicamento se guarde en un lugar seguro donde otros no puedan acceder a \u00e9l.<\/p>\n<p>Si usa lorazepam con alcohol, opioides u otros medicamentos que le provoquen somnolencia o respiraci\u00f3n lenta, puede experimentar s\u00edntomas fatales. efectos adversos.<\/p>\n<p>Antes de usar cualquier medicamento, consulte a su proveedor de atenci\u00f3n m\u00e9dica.<br \/> las siguientes condiciones requieren la interrupci\u00f3n inmediata del tratamiento con lorazepam<\/p>\n<p>glaucoma de \u00e1ngulo estrecho; o<\/p>\n<p>Antecedentes de alergias a las benzodiazepinas (diazepam, alprazolam, Ativan, Klonopin, Restoril, Tranxene, Valium, Versed, Xanax y otras).<\/p>\n<p>Si tiene alguno de los siguientes condiciones, no debe tomar lorazepam:<\/p>\n<p>EPOC (enfermedad pulmonar obstructiva cr\u00f3nica) o apnea del sue\u00f1o (respiraci\u00f3n que se detiene mientras duerme) son ejemplos de problemas respiratorios.<\/p>\n<p>adicci\u00f3n a las drogas o al alcohol <\/p>\n<p>s\u00edntomas de tristeza, bajo estado de \u00e1nimo o ideaci\u00f3n o acci\u00f3n suicida<\/p>\n<p>enfermedad de los ri\u00f1ones o el h\u00edgado<\/p>\n<p>convulsiones involuntarias<\/p>\n<p>glaucoma. <\/p>\n<p>Usar lorazepam durante el embarazo aumenta el riesgo de que su hijo se vuelva adicto al medicamento. Despu\u00e9s del nacimiento, el reci\u00e9n nacido puede experimentar s\u00edntomas de abstinencia potencialmente mortales como resultado de esto. Es posible que se requiera atenci\u00f3n m\u00e9dica durante varias semanas para los beb\u00e9s que nacen adictos a las drogas que crean h\u00e1bito.<\/p>\n<p>\u00bfDebo tomar el lorazepam de una manera espec\u00edfica?<br \/> El lorazepam debe usarse exactamente seg\u00fan lo recetado. Lea todas las recomendaciones e instrucciones de medicamentos en la etiqueta de la receta. Siempre siga las instrucciones de su m\u00e9dico cuando tome lorazepam. Cuanto m\u00e1s use este medicamento, m\u00e1s probable es que tenga que dec\u00edrselo a su m\u00e9dico.<\/p>\n<p>El lorazepam puede ser adictivo. El mal uso puede provocar adicci\u00f3n, sobredosis o incluso la muerte. Deseche el medicamento en un \u00e1rea fuera del alcance de los dem\u00e1s. Es un delito distribuir o vender este medicamento.<\/p>\n<p>Mida el medicamento l\u00edquido con cuidado. Obtenga un instrumento de medici\u00f3n de dosis o use la jeringa provista (no una cuchara de cocina).<\/p>\n<p>A menos que su m\u00e9dico le indique lo contrario, no tome lorazepam por m\u00e1s de cuatro meses seguidos. Si sus s\u00edntomas no mejoran o empeoran, comun\u00edquese con su m\u00e9dico.<\/p>\n<p>Cuando tome este medicamento a largo plazo, es posible que necesite ex\u00e1menes m\u00e9dicos regulares.<\/p>\n<p>Si deja de tomarlo repentinamente tomando este medicamento, corre el riesgo de experimentar efectos secundarios desagradables. Haga una cita con su m\u00e9dico para saber c\u00f3mo dejar de tomar este medicamento.<\/p>\n<p>No exponer a la humedad oa altas temperaturas; almacenar a temperatura ambiente.<\/p>\n<p>Refrigerar el l\u00edquido de lorazepam para almacenamiento a largo plazo. no guardes l\u00edquidos que no se hayan utilizado dentro de los 90 d\u00edas.<\/p>\n<p>Mantenga un registro de sus medicamentos. Debe estar atento a cualquier persona que abuse o haga un mal uso de \u00e9l.<\/p>\n","protected":false},"excerpt":{"rendered":"<p>Precios en l\u00ednea de lorazepam 0.5 mg, 1 mg, 2 mg, compre ativan 2 mg en l\u00ednea, compre tabletas de lorazepam en l\u00ednea.<\/p>\n<p>Tramadol 50 mg precio alto en l\u00ednea de lorazepam (Ativan) tableta de 2 mg. Tambi\u00e9n se emplea en el tratamiento de la ansiedad.<\/p>\n<p>Pastillas\/tabletas de Lorazepam (Ativan) 2 mg<\/p>\n<p>La ansiedad, la tristeza y el insomnio son efectos secundarios comunes del medicamento para la ansiedad Ativan ( Lorazepam) (problemas para dormir). Es un tipo de benzodiazepina.<\/p>\n<p>Sin receta, puede comprar tabletas de Lorazepam 2 mg en l\u00ednea (sin receta).<\/p>\n","protected":false},"featured_media":5144,"comment_status":"open","ping_status":"closed","template":"","meta":[],"product_brand":[],"product_cat":[1117],"product_tag":[1235,1234,1226,1225,1195,1197,1199,1200,1205,1206,1207,1208,1213,1214,1215,1219,1218,1216,1221,1222,1224,1196,1198,1220,1204,1209,1230,1201,1227,1233,1203,1202,1231,1211,1212,1232,1229,1210,1217,1228,1223,1236],"class_list":{"0":"post-5125","1":"product","2":"type-product","3":"status-publish","4":"has-post-thumbnail","6":"product_cat-compre-pastillas-para-el-dolor-el-sueno-y-el-sexo","7":"product_tag-que-parecen-las-tabletas-ativan","8":"product_tag-como-se-parecen-las-tabletas-ativan","9":"product_tag-can-ativan-tabletas-inyectables","10":"product_tag-can-ativan-tabletas-ser-trituradas","11":"product_tag-ativan-1-mg-tabletas-sublinguales","12":"product_tag-ativan-1-tab","13":"product_tag-ativan-1mg-tablet-side-effects","14":"product_tag-ativan-2-mg-tablets","15":"product_tag-ativan-2mg-tablet","16":"product_tag-ativan-2mg-tablet-in-hindi","17":"product_tag-ativan-2mg-tablet-online-order-amazon","18":"product_tag-ativan-dosage-2mg","19":"product_tag-ativan-tab-1mg-precio","20":"product_tag-ativan-tablet","21":"product_tag-ativan-tablet-0-5mg","22":"product_tag-ativan-tabletas-comprar","23":"product_tag-ativan-tabletas-australia","24":"product_tag-ativan-tablets-1mg","25":"product_tag-ativan-tablets-sublingual","26":"product_tag-ativan-tablets-uk","27":"product_tag-buy-ativan-online","28":"product_tag-ativan-1-mg-tabletas","29":"product_tag-ativan-1mg-tableta-dosis","30":"product_tag-ativan-tabletas-dosis","31":"product_tag-ativan-2mg-efectos-secundarios","32":"product_tag-ativan-farmacia","33":"product_tag-tab-ativan-1","34":"product_tag-ativan-2-tab","35":"product_tag-lorazepam-2-mg-tablet-online-delivery","36":"product_tag-para-que-sirven-las-tabletas-ativan","37":"product_tag-ativan-2mg-pastilla","38":"product_tag-ativan-2-5-mg-precio","39":"product_tag-tab-ativan-1mg-usos-en-hindi","40":"product_tag-ativan-tab-1mg","41":"product_tag-ativan-tab-1mg-50","42":"product_tag-tivan-2mg-tableta","43":"product_tag-pfizer-tableta-2mg","44":"product_tag-ativan-tab-0-5-mg","45":"product_tag-ativan-tabletas-2-5-mg","46":"product_tag-lorazepam-tabletas-ativan-2mg","47":"product_tag-ativan-tabletas-usos","48":"product_tag-what-is-ativan-tablets-used-for","50":"first","51":"instock","52":"shipping-taxable","53":"purchasable","54":"product-type-variable"},"yoast_head":"<!-- This site is optimized with the Yoast SEO plugin v27.3 - https:\/\/yoast.com\/product\/yoast-seo-wordpress\/ -->\n<title>Comprar Ativan 2mg - Comprar Ativan 1mg - Comprar Ativan 0.5mg - Best Global Meds<\/title>\n<meta name=\"description\" content=\"Compre tabletas de lorazepam en l\u00ednea, compre lorazepam en l\u00ednea, compre Ativan en l\u00ednea, Lorazepam 0.5 mg, 1 mg, 2 mg precios en l\u00ednea, compre ativan 2 mg en l\u00ednea Reino Unido, Europa\" \/>\n<meta name=\"robots\" content=\"index, follow, max-snippet:-1, max-image-preview:large, max-video-preview:-1\" \/>\n<link rel=\"canonical\" href=\"https:\/\/medicinasinc.com\/es\/product\/comprar-ativan-0-5mg-1mg-2mg\/\" \/>\n<meta property=\"og:locale\" content=\"es_ES\" \/>\n<meta property=\"og:type\" content=\"article\" \/>\n<meta property=\"og:title\" content=\"Comprar Ativan 2mg - Comprar Ativan 1mg - Comprar Ativan 0.5mg - Best Global Meds\" \/>\n<meta property=\"og:description\" content=\"Compre tabletas de lorazepam en l\u00ednea, compre lorazepam en l\u00ednea, compre Ativan en l\u00ednea, Lorazepam 0.5 mg, 1 mg, 2 mg precios en l\u00ednea, compre ativan 2 mg en l\u00ednea Reino Unido, Europa\" \/>\n<meta property=\"og:url\" content=\"https:\/\/medicinasinc.com\/es\/product\/comprar-ativan-0-5mg-1mg-2mg\/\" \/>\n<meta property=\"og:site_name\" content=\"Medicinas Inc\" \/>\n<meta property=\"article:modified_time\" content=\"2022-03-22T00:54:59+00:00\" \/>\n<meta property=\"og:image\" content=\"https:\/\/medicinasinc.com\/es\/wp-content\/uploads\/sites\/15\/2022\/02\/Buy-Ativan-Online-1.jpg\" \/>\n\t<meta property=\"og:image:width\" content=\"300\" \/>\n\t<meta property=\"og:image:height\" content=\"300\" \/>\n\t<meta property=\"og:image:type\" content=\"image\/jpeg\" \/>\n<meta name=\"twitter:card\" content=\"summary_large_image\" \/>\n<meta name=\"twitter:label1\" content=\"Tiempo de lectura\" \/>\n\t<meta name=\"twitter:data1\" content=\"3 minutos\" \/>\n<script type=\"application\/ld+json\" class=\"yoast-schema-graph\">{\"@context\":\"https:\\\/\\\/schema.org\",\"@graph\":[{\"@type\":\"WebPage\",\"@id\":\"https:\\\/\\\/medicinasinc.com\\\/es\\\/product\\\/comprar-ativan-0-5mg-1mg-2mg\\\/\",\"url\":\"https:\\\/\\\/medicinasinc.com\\\/es\\\/product\\\/comprar-ativan-0-5mg-1mg-2mg\\\/\",\"name\":\"Comprar Ativan 2mg - Comprar Ativan 1mg - Comprar Ativan 0.5mg - Best Global Meds\",\"isPartOf\":{\"@id\":\"https:\\\/\\\/medicinasinc.com\\\/es\\\/#website\"},\"primaryImageOfPage\":{\"@id\":\"https:\\\/\\\/medicinasinc.com\\\/es\\\/product\\\/comprar-ativan-0-5mg-1mg-2mg\\\/#primaryimage\"},\"image\":{\"@id\":\"https:\\\/\\\/medicinasinc.com\\\/es\\\/product\\\/comprar-ativan-0-5mg-1mg-2mg\\\/#primaryimage\"},\"thumbnailUrl\":\"https:\\\/\\\/medicinasinc.com\\\/es\\\/wp-content\\\/uploads\\\/sites\\\/15\\\/2022\\\/02\\\/Buy-Ativan-Online-1.jpg\",\"datePublished\":\"2022-02-20T20:43:45+00:00\",\"dateModified\":\"2022-03-22T00:54:59+00:00\",\"description\":\"Compre tabletas de lorazepam en l\u00ednea, compre lorazepam en l\u00ednea, compre Ativan en l\u00ednea, Lorazepam 0.5 mg, 1 mg, 2 mg precios en l\u00ednea, compre ativan 2 mg en l\u00ednea Reino Unido, Europa\",\"breadcrumb\":{\"@id\":\"https:\\\/\\\/medicinasinc.com\\\/es\\\/product\\\/comprar-ativan-0-5mg-1mg-2mg\\\/#breadcrumb\"},\"inLanguage\":\"es\",\"potentialAction\":[{\"@type\":\"ReadAction\",\"target\":[\"https:\\\/\\\/medicinasinc.com\\\/es\\\/product\\\/comprar-ativan-0-5mg-1mg-2mg\\\/\"]}]},{\"@type\":\"ImageObject\",\"inLanguage\":\"es\",\"@id\":\"https:\\\/\\\/medicinasinc.com\\\/es\\\/product\\\/comprar-ativan-0-5mg-1mg-2mg\\\/#primaryimage\",\"url\":\"https:\\\/\\\/medicinasinc.com\\\/es\\\/wp-content\\\/uploads\\\/sites\\\/15\\\/2022\\\/02\\\/Buy-Ativan-Online-1.jpg\",\"contentUrl\":\"https:\\\/\\\/medicinasinc.com\\\/es\\\/wp-content\\\/uploads\\\/sites\\\/15\\\/2022\\\/02\\\/Buy-Ativan-Online-1.jpg\",\"width\":300,\"height\":300},{\"@type\":\"BreadcrumbList\",\"@id\":\"https:\\\/\\\/medicinasinc.com\\\/es\\\/product\\\/comprar-ativan-0-5mg-1mg-2mg\\\/#breadcrumb\",\"itemListElement\":[{\"@type\":\"ListItem\",\"position\":1,\"name\":\"Tienda\",\"item\":\"https:\\\/\\\/medicinasinc.com\\\/es\\\/tienda\\\/\"},{\"@type\":\"ListItem\",\"position\":2,\"name\":\"Comprar Ativan 0.5mg, 1mg, 2mg\"}]},{\"@type\":\"WebSite\",\"@id\":\"https:\\\/\\\/medicinasinc.com\\\/es\\\/#website\",\"url\":\"https:\\\/\\\/medicinasinc.com\\\/es\\\/\",\"name\":\"Medicinas Inc\",\"description\":\"Cl\u00ednica M\u00e9dica de Salud\",\"potentialAction\":[{\"@type\":\"SearchAction\",\"target\":{\"@type\":\"EntryPoint\",\"urlTemplate\":\"https:\\\/\\\/medicinasinc.com\\\/es\\\/?s={search_term_string}\"},\"query-input\":{\"@type\":\"PropertyValueSpecification\",\"valueRequired\":true,\"valueName\":\"search_term_string\"}}],\"inLanguage\":\"es\"}]}<\/script>\n<!-- \/ Yoast SEO plugin. -->","yoast_head_json":{"title":"Comprar Ativan 2mg - Comprar Ativan 1mg - Comprar Ativan 0.5mg - Best Global Meds","description":"Compre tabletas de lorazepam en l\u00ednea, compre lorazepam en l\u00ednea, compre Ativan en l\u00ednea, Lorazepam 0.5 mg, 1 mg, 2 mg precios en l\u00ednea, compre ativan 2 mg en l\u00ednea Reino Unido, Europa","robots":{"index":"index","follow":"follow","max-snippet":"max-snippet:-1","max-image-preview":"max-image-preview:large","max-video-preview":"max-video-preview:-1"},"canonical":"https:\/\/medicinasinc.com\/es\/product\/comprar-ativan-0-5mg-1mg-2mg\/","og_locale":"es_ES","og_type":"article","og_title":"Comprar Ativan 2mg - Comprar Ativan 1mg - Comprar Ativan 0.5mg - Best Global Meds","og_description":"Compre tabletas de lorazepam en l\u00ednea, compre lorazepam en l\u00ednea, compre Ativan en l\u00ednea, Lorazepam 0.5 mg, 1 mg, 2 mg precios en l\u00ednea, compre ativan 2 mg en l\u00ednea Reino Unido, Europa","og_url":"https:\/\/medicinasinc.com\/es\/product\/comprar-ativan-0-5mg-1mg-2mg\/","og_site_name":"Medicinas Inc","article_modified_time":"2022-03-22T00:54:59+00:00","og_image":[{"width":300,"height":300,"url":"https:\/\/medicinasinc.com\/es\/wp-content\/uploads\/sites\/15\/2022\/02\/Buy-Ativan-Online-1.jpg","type":"image\/jpeg"}],"twitter_card":"summary_large_image","twitter_misc":{"Tiempo de lectura":"3 minutos"},"schema":{"@context":"https:\/\/schema.org","@graph":[{"@type":"WebPage","@id":"https:\/\/medicinasinc.com\/es\/product\/comprar-ativan-0-5mg-1mg-2mg\/","url":"https:\/\/medicinasinc.com\/es\/product\/comprar-ativan-0-5mg-1mg-2mg\/","name":"Comprar Ativan 2mg - Comprar Ativan 1mg - Comprar Ativan 0.5mg - Best Global Meds","isPartOf":{"@id":"https:\/\/medicinasinc.com\/es\/#website"},"primaryImageOfPage":{"@id":"https:\/\/medicinasinc.com\/es\/product\/comprar-ativan-0-5mg-1mg-2mg\/#primaryimage"},"image":{"@id":"https:\/\/medicinasinc.com\/es\/product\/comprar-ativan-0-5mg-1mg-2mg\/#primaryimage"},"thumbnailUrl":"https:\/\/medicinasinc.com\/es\/wp-content\/uploads\/sites\/15\/2022\/02\/Buy-Ativan-Online-1.jpg","datePublished":"2022-02-20T20:43:45+00:00","dateModified":"2022-03-22T00:54:59+00:00","description":"Compre tabletas de lorazepam en l\u00ednea, compre lorazepam en l\u00ednea, compre Ativan en l\u00ednea, Lorazepam 0.5 mg, 1 mg, 2 mg precios en l\u00ednea, compre ativan 2 mg en l\u00ednea Reino Unido, Europa","breadcrumb":{"@id":"https:\/\/medicinasinc.com\/es\/product\/comprar-ativan-0-5mg-1mg-2mg\/#breadcrumb"},"inLanguage":"es","potentialAction":[{"@type":"ReadAction","target":["https:\/\/medicinasinc.com\/es\/product\/comprar-ativan-0-5mg-1mg-2mg\/"]}]},{"@type":"ImageObject","inLanguage":"es","@id":"https:\/\/medicinasinc.com\/es\/product\/comprar-ativan-0-5mg-1mg-2mg\/#primaryimage","url":"https:\/\/medicinasinc.com\/es\/wp-content\/uploads\/sites\/15\/2022\/02\/Buy-Ativan-Online-1.jpg","contentUrl":"https:\/\/medicinasinc.com\/es\/wp-content\/uploads\/sites\/15\/2022\/02\/Buy-Ativan-Online-1.jpg","width":300,"height":300},{"@type":"BreadcrumbList","@id":"https:\/\/medicinasinc.com\/es\/product\/comprar-ativan-0-5mg-1mg-2mg\/#breadcrumb","itemListElement":[{"@type":"ListItem","position":1,"name":"Tienda","item":"https:\/\/medicinasinc.com\/es\/tienda\/"},{"@type":"ListItem","position":2,"name":"Comprar Ativan 0.5mg, 1mg, 2mg"}]},{"@type":"WebSite","@id":"https:\/\/medicinasinc.com\/es\/#website","url":"https:\/\/medicinasinc.com\/es\/","name":"Medicinas Inc","description":"Cl\u00ednica M\u00e9dica de Salud","potentialAction":[{"@type":"SearchAction","target":{"@type":"EntryPoint","urlTemplate":"https:\/\/medicinasinc.com\/es\/?s={search_term_string}"},"query-input":{"@type":"PropertyValueSpecification","valueRequired":true,"valueName":"search_term_string"}}],"inLanguage":"es"}]}},"_links":{"self":[{"href":"https:\/\/medicinasinc.com\/es\/wp-json\/wp\/v2\/product\/5125","targetHints":{"allow":["GET"]}}],"collection":[{"href":"https:\/\/medicinasinc.com\/es\/wp-json\/wp\/v2\/product"}],"about":[{"href":"https:\/\/medicinasinc.com\/es\/wp-json\/wp\/v2\/types\/product"}],"replies":[{"embeddable":true,"href":"https:\/\/medicinasinc.com\/es\/wp-json\/wp\/v2\/comments?post=5125"}],"wp:featuredmedia":[{"embeddable":true,"href":"https:\/\/medicinasinc.com\/es\/wp-json\/wp\/v2\/media\/5144"}],"wp:attachment":[{"href":"https:\/\/medicinasinc.com\/es\/wp-json\/wp\/v2\/media?parent=5125"}],"wp:term":[{"taxonomy":"product_brand","embeddable":true,"href":"https:\/\/medicinasinc.com\/es\/wp-json\/wp\/v2\/product_brand?post=5125"},{"taxonomy":"product_cat","embeddable":true,"href":"https:\/\/medicinasinc.com\/es\/wp-json\/wp\/v2\/product_cat?post=5125"},{"taxonomy":"product_tag","embeddable":true,"href":"https:\/\/medicinasinc.com\/es\/wp-json\/wp\/v2\/product_tag?post=5125"}],"curies":[{"name":"wp","href":"https:\/\/api.w.org\/{rel}","templated":true}]}}