{"id":5124,"date":"2022-02-20T20:42:48","date_gmt":"2022-02-20T20:42:48","guid":{"rendered":"https:\/\/medicinasinc.com\/es\/?post_type=product&#038;p=5124"},"modified":"2022-03-22T00:55:08","modified_gmt":"2022-03-22T00:55:08","slug":"comprar-ambien-10-mg","status":"publish","type":"product","link":"https:\/\/medicinasinc.com\/es\/product\/comprar-ambien-10-mg\/","title":{"rendered":"Comprar Ambien 10 mg"},"content":{"rendered":"<div class=\"ty-tabs cm-j-tabs clearfix\">\n<p>comprar Ambien 10 mg en l\u00ednea<\/p>\n<h2><a href=\"https:\/\/www.bestglobalmeds.com\/category\/blog\/\" target=\"_blank\" rel=\"noopener\">Comprar Ambien 10 mg entrega al d\u00eda siguiente<\/a><\/h2>\n<h2>Comprar Ambien 10 mg en l\u00ednea<\/h2>\n<p>El precio m\u00e1s bajo de EE.\u00a0UU. de\u00a0<em>Ambien<\/em>\u00a0(<em>Zolpidem<\/em>\u00a05mg &amp;\u00a0<em>10mg<\/em>) P\u00edldoras y el primer servicio de m\u00e9dico en l\u00ednea legalmente registrado de EE. UU. en ofrecerlo. Env\u00edo gratuito con seguimiento en el Reino Unido. Ambien, Zolpidem, ambien\u00a0<em>10 mg<\/em>, tartrato de zolpidem, comprar pastillas para dormir en l\u00ednea, comprar antiansiedad en l\u00ednea, antidepresivos,\u00a0<em>comprar ambien<\/em>\u00a0sin receta.<\/p>\n<ul class=\"ty-tabs__list\">\n<li id=\"descripci\u00f3n\" class=\"ty-tabs__item cm-js active\"><a class=\"ty-tabs__a\">Descripci\u00f3n<\/a><\/li>\n<li id=\"product_tab_9\" class=\"ty-tabs__item cm-js\"><a class=\"ty-tabs__a\">Informaci\u00f3n del paciente<\/a><\/li>\n<\/ul><\/div>\n<div id=\"tabs_content \" class=\"cm-tabs-content ty-tabs__content clearfix\">\n<div id=\"content_description\" class=\"ty-wysiwyg-content content-description active\">\n<div>\n<div class=\"product-description\">\n<h4>Duerme Con Zolpidem y Ambien<\/h4>\n<thead>\n<tr>\n<th>Zolpidem<\/th>\n<th>Cantidad<\/th>\n<th>Tipo<\/th>\n<th>Stock<\/th>\n<\/tr>\n<\/thead>\n<tbody>\n<tr>\n<th>Ambien<\/th>\n<th>5mg<\/th>\n<th>Tabletas<\/th>\n<th>Comprar US\u2713<\/th>\n<\/tr>\n<tr>\n<td>Zolpidem en tabletas<\/td>\n<td>5 mg<\/td>\n<td>Pastillas<\/td>\n<td>En l\u00ednea EE. UU. \u2713<\/td>\n<\/tr>\n<tr>\n<td>Ambien Comprimidos<\/td>\n<td>10mg<\/td>\n<td>Medicamento e<\/td>\n<td>US \u2713<\/td>\n<\/tr>\n<\/tbody>\n<\/table>\n<h4>Precauciones antes de tomar Zolpidem<\/h4>\n<p>Existen precauciones que se deben considerar antes de decidir tomar t\u00f3malo. En determinadas circunstancias, puede no ser la elecci\u00f3n de f\u00e1rmaco m\u00e1s adecuada. Preg\u00fantele a un m\u00e9dico acerca de su idoneidad de salud para tomarlo como tratamiento para el insomnio. Si tiene alguna de las siguientes circunstancias, busque atenci\u00f3n m\u00e9dica:<\/p>\n<ul>\n<li>Antecedentes de alcoholismo o abuso de drogas<\/li>\n<li>Embarazada o planeando estar embarazada<\/li>\n<li>Ha una afecci\u00f3n respiratoria (bronquitis, asma o enfisema)<\/li>\n<li>Antecedentes de enfermedad hep\u00e1tica o renal<\/li>\n<li>Tiene miastenia gravis (trastorno nervioso resultante del debilitamiento de los m\u00fasculos)<\/li>\n<li>Alergias a cualquiera de los componentes<\/li>\n<li>Tiene trastorno de personalidad recurrente o depresi\u00f3n<\/li>\n<li>Tiene apnea del sue\u00f1o<\/li>\n<li>Anciano<\/li>\n<\/ul>\n<p>En muy raras ocasiones En algunos casos, tomar Ambien puede provocar reacciones adversas, como hinchaz\u00f3n de los labios, la cara, la garganta y la lengua, o dificultad para respirar. Tambi\u00e9n se recomienda que no se use continuamente durante m\u00e1s de 4 semanas porque puede provocar s\u00edntomas de abstinencia como v\u00f3mitos, n\u00e1useas, ansiedad y calambres estomacales. Conocido como un <a href=\"https:\/\/globalhomemed.com\/\">tratamiento a corto plazo para el\u00a0insomnio<\/a>, existe la posibilidad de tener problemas para dormir una vez que deje de usarlo. Se llama \u00abinsomnio de rebote\u00bb que finalmente desaparece despu\u00e9s de uno o dos d\u00edas. Siempre consulte a su m\u00e9dico sobre el uso de este medicamento para dormir.<\/p>\n<h2>compre Ambien 10mg en l\u00ednea<\/h2>\n<\/p><\/div><\/div><\/div><\/div>\n","protected":false},"excerpt":{"rendered":"<p>Compre pastillas de Ambien de 10 mg en l\u00ednea. Ambien se utiliza para tratar un trastorno del sue\u00f1o. La tableta de descarga r\u00e1pida se utiliza para ayudarlo a quedarse dormido cuando se va al sof\u00e1 por primera vez.<\/p>\n<p>Ambien, Zolpidem, ambien\u00a0<em>10 mg<\/em>, Zolpidem Tartrate, compre pastillas para dormir en l\u00ednea, compre anti ansiedad online, antidepresivos,\u00a0<em>comprar ambien<\/em>\u00a0sin receta.<\/p>\n","protected":false},"featured_media":5142,"comment_status":"open","ping_status":"closed","template":"","meta":[],"product_brand":[],"product_cat":[1117],"product_tag":[],"class_list":{"0":"post-5124","1":"product","2":"type-product","3":"status-publish","4":"has-post-thumbnail","6":"product_cat-compre-pastillas-para-el-dolor-el-sueno-y-el-sexo","8":"first","9":"instock","10":"shipping-taxable","11":"purchasable","12":"product-type-variable","13":"has-default-attributes"},"yoast_head":"<!-- This site is optimized with the Yoast SEO plugin v27.3 - https:\/\/yoast.com\/product\/yoast-seo-wordpress\/ -->\n<title>Comprar Ambien 10 mg - Ambien 10 mg - Best Global Meds<\/title>\n<meta name=\"description\" content=\"Comprar Ambien 10 mg, Ambien, Zolpidem, ambien\u00a010mg, Zolpidem Tartrate, comprar somn\u00edferos online, comprar ansiol\u00edticos online, antidepresivos, comprar ambien sin receta.\" \/>\n<meta name=\"robots\" content=\"index, follow, max-snippet:-1, max-image-preview:large, max-video-preview:-1\" \/>\n<link rel=\"canonical\" href=\"https:\/\/medicinasinc.com\/es\/product\/comprar-ambien-10-mg\/\" \/>\n<meta property=\"og:locale\" content=\"es_ES\" \/>\n<meta property=\"og:type\" content=\"article\" \/>\n<meta property=\"og:title\" content=\"Comprar Ambien 10 mg - Ambien 10 mg - Best Global Meds\" \/>\n<meta property=\"og:description\" content=\"Comprar Ambien 10 mg, Ambien, Zolpidem, ambien\u00a010mg, Zolpidem Tartrate, comprar somn\u00edferos online, comprar ansiol\u00edticos online, antidepresivos, comprar ambien sin receta.\" \/>\n<meta property=\"og:url\" content=\"https:\/\/medicinasinc.com\/es\/product\/comprar-ambien-10-mg\/\" \/>\n<meta property=\"og:site_name\" content=\"Medicinas Inc\" \/>\n<meta property=\"article:modified_time\" content=\"2022-03-22T00:55:08+00:00\" \/>\n<meta property=\"og:image\" content=\"https:\/\/medicinasinc.com\/es\/wp-content\/uploads\/sites\/15\/2022\/02\/Buy-Ambien-10mg.jpg\" \/>\n\t<meta property=\"og:image:width\" content=\"225\" \/>\n\t<meta property=\"og:image:height\" content=\"225\" \/>\n\t<meta property=\"og:image:type\" content=\"image\/jpeg\" \/>\n<meta name=\"twitter:card\" content=\"summary_large_image\" \/>\n<meta name=\"twitter:label1\" content=\"Tiempo de lectura\" \/>\n\t<meta name=\"twitter:data1\" content=\"2 minutos\" \/>\n<script type=\"application\/ld+json\" class=\"yoast-schema-graph\">{\"@context\":\"https:\\\/\\\/schema.org\",\"@graph\":[{\"@type\":\"WebPage\",\"@id\":\"https:\\\/\\\/medicinasinc.com\\\/es\\\/product\\\/comprar-ambien-10-mg\\\/\",\"url\":\"https:\\\/\\\/medicinasinc.com\\\/es\\\/product\\\/comprar-ambien-10-mg\\\/\",\"name\":\"Comprar Ambien 10 mg - Ambien 10 mg - Best Global Meds\",\"isPartOf\":{\"@id\":\"https:\\\/\\\/medicinasinc.com\\\/es\\\/#website\"},\"primaryImageOfPage\":{\"@id\":\"https:\\\/\\\/medicinasinc.com\\\/es\\\/product\\\/comprar-ambien-10-mg\\\/#primaryimage\"},\"image\":{\"@id\":\"https:\\\/\\\/medicinasinc.com\\\/es\\\/product\\\/comprar-ambien-10-mg\\\/#primaryimage\"},\"thumbnailUrl\":\"https:\\\/\\\/medicinasinc.com\\\/es\\\/wp-content\\\/uploads\\\/sites\\\/15\\\/2022\\\/02\\\/Buy-Ambien-10mg.jpg\",\"datePublished\":\"2022-02-20T20:42:48+00:00\",\"dateModified\":\"2022-03-22T00:55:08+00:00\",\"description\":\"Comprar Ambien 10 mg, Ambien, Zolpidem, ambien\u00a010mg, Zolpidem Tartrate, comprar somn\u00edferos online, comprar ansiol\u00edticos online, antidepresivos, comprar ambien sin receta.\",\"breadcrumb\":{\"@id\":\"https:\\\/\\\/medicinasinc.com\\\/es\\\/product\\\/comprar-ambien-10-mg\\\/#breadcrumb\"},\"inLanguage\":\"es\",\"potentialAction\":[{\"@type\":\"ReadAction\",\"target\":[\"https:\\\/\\\/medicinasinc.com\\\/es\\\/product\\\/comprar-ambien-10-mg\\\/\"]}]},{\"@type\":\"ImageObject\",\"inLanguage\":\"es\",\"@id\":\"https:\\\/\\\/medicinasinc.com\\\/es\\\/product\\\/comprar-ambien-10-mg\\\/#primaryimage\",\"url\":\"https:\\\/\\\/medicinasinc.com\\\/es\\\/wp-content\\\/uploads\\\/sites\\\/15\\\/2022\\\/02\\\/Buy-Ambien-10mg.jpg\",\"contentUrl\":\"https:\\\/\\\/medicinasinc.com\\\/es\\\/wp-content\\\/uploads\\\/sites\\\/15\\\/2022\\\/02\\\/Buy-Ambien-10mg.jpg\",\"width\":225,\"height\":225},{\"@type\":\"BreadcrumbList\",\"@id\":\"https:\\\/\\\/medicinasinc.com\\\/es\\\/product\\\/comprar-ambien-10-mg\\\/#breadcrumb\",\"itemListElement\":[{\"@type\":\"ListItem\",\"position\":1,\"name\":\"Tienda\",\"item\":\"https:\\\/\\\/medicinasinc.com\\\/es\\\/tienda\\\/\"},{\"@type\":\"ListItem\",\"position\":2,\"name\":\"Comprar Ambien 10 mg\"}]},{\"@type\":\"WebSite\",\"@id\":\"https:\\\/\\\/medicinasinc.com\\\/es\\\/#website\",\"url\":\"https:\\\/\\\/medicinasinc.com\\\/es\\\/\",\"name\":\"Medicinas Inc\",\"description\":\"Cl\u00ednica M\u00e9dica de Salud\",\"potentialAction\":[{\"@type\":\"SearchAction\",\"target\":{\"@type\":\"EntryPoint\",\"urlTemplate\":\"https:\\\/\\\/medicinasinc.com\\\/es\\\/?s={search_term_string}\"},\"query-input\":{\"@type\":\"PropertyValueSpecification\",\"valueRequired\":true,\"valueName\":\"search_term_string\"}}],\"inLanguage\":\"es\"}]}<\/script>\n<!-- \/ Yoast SEO plugin. -->","yoast_head_json":{"title":"Comprar Ambien 10 mg - Ambien 10 mg - Best Global Meds","description":"Comprar Ambien 10 mg, Ambien, Zolpidem, ambien\u00a010mg, Zolpidem Tartrate, comprar somn\u00edferos online, comprar ansiol\u00edticos online, antidepresivos, comprar ambien sin receta.","robots":{"index":"index","follow":"follow","max-snippet":"max-snippet:-1","max-image-preview":"max-image-preview:large","max-video-preview":"max-video-preview:-1"},"canonical":"https:\/\/medicinasinc.com\/es\/product\/comprar-ambien-10-mg\/","og_locale":"es_ES","og_type":"article","og_title":"Comprar Ambien 10 mg - Ambien 10 mg - Best Global Meds","og_description":"Comprar Ambien 10 mg, Ambien, Zolpidem, ambien\u00a010mg, Zolpidem Tartrate, comprar somn\u00edferos online, comprar ansiol\u00edticos online, antidepresivos, comprar ambien sin receta.","og_url":"https:\/\/medicinasinc.com\/es\/product\/comprar-ambien-10-mg\/","og_site_name":"Medicinas Inc","article_modified_time":"2022-03-22T00:55:08+00:00","og_image":[{"width":225,"height":225,"url":"https:\/\/medicinasinc.com\/es\/wp-content\/uploads\/sites\/15\/2022\/02\/Buy-Ambien-10mg.jpg","type":"image\/jpeg"}],"twitter_card":"summary_large_image","twitter_misc":{"Tiempo de lectura":"2 minutos"},"schema":{"@context":"https:\/\/schema.org","@graph":[{"@type":"WebPage","@id":"https:\/\/medicinasinc.com\/es\/product\/comprar-ambien-10-mg\/","url":"https:\/\/medicinasinc.com\/es\/product\/comprar-ambien-10-mg\/","name":"Comprar Ambien 10 mg - Ambien 10 mg - Best Global Meds","isPartOf":{"@id":"https:\/\/medicinasinc.com\/es\/#website"},"primaryImageOfPage":{"@id":"https:\/\/medicinasinc.com\/es\/product\/comprar-ambien-10-mg\/#primaryimage"},"image":{"@id":"https:\/\/medicinasinc.com\/es\/product\/comprar-ambien-10-mg\/#primaryimage"},"thumbnailUrl":"https:\/\/medicinasinc.com\/es\/wp-content\/uploads\/sites\/15\/2022\/02\/Buy-Ambien-10mg.jpg","datePublished":"2022-02-20T20:42:48+00:00","dateModified":"2022-03-22T00:55:08+00:00","description":"Comprar Ambien 10 mg, Ambien, Zolpidem, ambien\u00a010mg, Zolpidem Tartrate, comprar somn\u00edferos online, comprar ansiol\u00edticos online, antidepresivos, comprar ambien sin receta.","breadcrumb":{"@id":"https:\/\/medicinasinc.com\/es\/product\/comprar-ambien-10-mg\/#breadcrumb"},"inLanguage":"es","potentialAction":[{"@type":"ReadAction","target":["https:\/\/medicinasinc.com\/es\/product\/comprar-ambien-10-mg\/"]}]},{"@type":"ImageObject","inLanguage":"es","@id":"https:\/\/medicinasinc.com\/es\/product\/comprar-ambien-10-mg\/#primaryimage","url":"https:\/\/medicinasinc.com\/es\/wp-content\/uploads\/sites\/15\/2022\/02\/Buy-Ambien-10mg.jpg","contentUrl":"https:\/\/medicinasinc.com\/es\/wp-content\/uploads\/sites\/15\/2022\/02\/Buy-Ambien-10mg.jpg","width":225,"height":225},{"@type":"BreadcrumbList","@id":"https:\/\/medicinasinc.com\/es\/product\/comprar-ambien-10-mg\/#breadcrumb","itemListElement":[{"@type":"ListItem","position":1,"name":"Tienda","item":"https:\/\/medicinasinc.com\/es\/tienda\/"},{"@type":"ListItem","position":2,"name":"Comprar Ambien 10 mg"}]},{"@type":"WebSite","@id":"https:\/\/medicinasinc.com\/es\/#website","url":"https:\/\/medicinasinc.com\/es\/","name":"Medicinas Inc","description":"Cl\u00ednica M\u00e9dica de Salud","potentialAction":[{"@type":"SearchAction","target":{"@type":"EntryPoint","urlTemplate":"https:\/\/medicinasinc.com\/es\/?s={search_term_string}"},"query-input":{"@type":"PropertyValueSpecification","valueRequired":true,"valueName":"search_term_string"}}],"inLanguage":"es"}]}},"_links":{"self":[{"href":"https:\/\/medicinasinc.com\/es\/wp-json\/wp\/v2\/product\/5124","targetHints":{"allow":["GET"]}}],"collection":[{"href":"https:\/\/medicinasinc.com\/es\/wp-json\/wp\/v2\/product"}],"about":[{"href":"https:\/\/medicinasinc.com\/es\/wp-json\/wp\/v2\/types\/product"}],"replies":[{"embeddable":true,"href":"https:\/\/medicinasinc.com\/es\/wp-json\/wp\/v2\/comments?post=5124"}],"wp:featuredmedia":[{"embeddable":true,"href":"https:\/\/medicinasinc.com\/es\/wp-json\/wp\/v2\/media\/5142"}],"wp:attachment":[{"href":"https:\/\/medicinasinc.com\/es\/wp-json\/wp\/v2\/media?parent=5124"}],"wp:term":[{"taxonomy":"product_brand","embeddable":true,"href":"https:\/\/medicinasinc.com\/es\/wp-json\/wp\/v2\/product_brand?post=5124"},{"taxonomy":"product_cat","embeddable":true,"href":"https:\/\/medicinasinc.com\/es\/wp-json\/wp\/v2\/product_cat?post=5124"},{"taxonomy":"product_tag","embeddable":true,"href":"https:\/\/medicinasinc.com\/es\/wp-json\/wp\/v2\/product_tag?post=5124"}],"curies":[{"name":"wp","href":"https:\/\/api.w.org\/{rel}","templated":true}]}}