{"id":5123,"date":"2022-02-20T20:39:42","date_gmt":"2022-02-20T20:39:42","guid":{"rendered":"https:\/\/medicinasinc.com\/es\/?post_type=product&#038;p=5123"},"modified":"2022-03-22T00:55:23","modified_gmt":"2022-03-22T00:55:23","slug":"comprar-alprox-2mg-xanax","status":"publish","type":"product","link":"https:\/\/medicinasinc.com\/es\/product\/comprar-alprox-2mg-xanax\/","title":{"rendered":"Comprar Alprox 2mg (Xanax)"},"content":{"rendered":"<p>\u00bfBusca XANAX 2 mg a la venta a un precio razonable? \u00a1Aproveche las bajas tarifas de Best Global Meds y la entrega r\u00e1pida de XANAX 2mg a su puerta!<\/p>\n<p>En el Reino Unido, puede comprar Alprazolam en l\u00ednea. Marca del Reino Unido\/UE de Alprazolam (Xanax) 2 mg&#8230; La tableta de 2 mg de medicamento para la ansiedad es m\u00e1s fuerte en el Reino Unido.<\/p>\n<p>\u00bfD\u00f3nde puedo comprar Xanax en l\u00ednea? \u00bfD\u00f3nde puedo comprar Xanax 2MG en l\u00ednea? \u00bfD\u00f3nde puedo comprar Xanax 1MG en l\u00ednea?<\/p>\n<p>Los efectos sedantes y sedantes son posibles con Xanax.<\/p>\n<p>Xanax 2Mg Comprar en l\u00ednea Reino Unido Es convulsivo ver Order Xanax Overnight morfol\u00f3gicamente. Waxier Wilburn desaf\u00eda Comprar Xanax en l\u00ednea Reddit sutilizando la oferta de una manera m\u00e1s exigente.<\/p>\n<p>Xanax sin receta se puede comprar en l\u00ednea a bajo precio. \u00bfD\u00f3nde puedo comprar fentermina al por mayor al precio m\u00e1s bajo? Im\u00e1genes de 2mg xanax generics<\/p>\n<p>Este medicamento se usa para tratar los trastornos de p\u00e1nico y los trastornos de ansiedad, como el miedo intenso inesperado y la tensi\u00f3n causada por el estr\u00e9s. Alprazolam es una tableta de 0.5 MG, 1 MG, 2 MG. Lo mejor es comenzar con una dosis baja e ir aumentando hasta llegar a una m\u00e1s grande. Para evitar s\u00edntomas de abstinencia como convulsiones, comportamiento agresivo, visi\u00f3n borrosa, etc. si deja de tomar este medicamento repentinamente.<\/p>\n<p>Alprazolam 0.5 MG Tablet puede tomarse con o sin alimentos, seg\u00fan sus preferencias. No exceda la dosis recomendada. Si nota alg\u00fan efecto secundario, haga una cita con su m\u00e9dico de inmediato. Para evitar cualquier s\u00edntoma de abstinencia, \u00a1no deje de tomar el medicamento sin visitar primero a su m\u00e9dico!<\/p>\n<p>Qu\u00e9 implica el proceso<br \/> La hiperpolarizaci\u00f3n y la estabilidad de la membrana neuronal se logran mediante la interacci\u00f3n de este medicamento con el cloruro. canales, lo que evita la excitaci\u00f3n celular adicional.<\/p>\n","protected":false},"excerpt":{"rendered":"<p>Las p\u00edldoras de 2 mg de Alprox se pueden comprar en l\u00ednea (Xanax). \u00bfQu\u00e9 es Alprox 2mg? \u00bfEs posible comprarlo en l\u00ednea? \u00bfAlprox 2mg est\u00e1 disponible sin receta?<\/p>\n<p>\u00a1Compre Alprazolam Xanax 2 mg Tablet en el Reino Unido, Europa en nuestra farmacia en l\u00ednea Best Global de medicamentos con entrega r\u00e1pida a nivel mundial! \u00a1Aqu\u00ed encontrar\u00e1 los mejores precios de tabletas de Alprazolam 2 MG!<\/p>\n<p>La tableta de Xanax 2 mg se usa para tratar los trastornos de p\u00e1nico y la ansiedad, como el temor intenso inesperado y la tensi\u00f3n causada por el estr\u00e9s. Comprar tableta Xanax 2 mg. Lo mejor es comenzar con una dosis baja y avanzar hasta llegar a una m\u00e1s grande. S\u00edntomas de abstinencia que incluyen convulsiones, comportamiento agresivo, visi\u00f3n borrosa y m\u00e1s pueden ocurrir si deja de tomar este medicamento repentinamente.<\/p>\n","protected":false},"featured_media":5140,"comment_status":"open","ping_status":"closed","template":"","meta":[],"product_brand":[],"product_cat":[703],"product_tag":[1183,1170,1165,1125,1126,1127,1128,1129,1166,1132,1133,1134,1145,1180,1138,1139,1149,1140,1141,1144,1146,1147,1187,1150,1142,1151,1153,1158,1159,1160,1161,1162,1163,1164,1131,1130,1169,1171,1182,1167,1189,1168,1135,1181,1172,1173,1174,1194,1137,1148,1192,1176,1177,1179,1178,1191,1184,1185,1186,1175,1188,1193,1136,1152,1154,1155,1156,1157,1190,1143],"class_list":{"0":"post-5123","1":"product","2":"type-product","3":"status-publish","4":"has-post-thumbnail","6":"product_cat-comprar-drogas-psicodelicas","7":"product_tag-es-alprazolam-una-sustancia-controlada","8":"product_tag-puede-alprazolam-colocarte","9":"product_tag-alprazolam-xr","10":"product_tag-alprazolam-25","11":"product_tag-alprazolam-25-para-gatos","12":"product_tag-alprazolam-0-25-mg","13":"product_tag-alprazolam-0-5-mg-price","14":"product_tag-alprazolam-1mg-azul","15":"product_tag-alprazolam-amarillo","16":"product_tag-alprazolam-azul","17":"product_tag-alprazolam-blue-pill","18":"product_tag-alprazolam-bottle","19":"product_tag-alprazolam-de-mexico","20":"product_tag-piedra-verde-alprazolam","21":"product_tag-alprazolam-dosis-para-dormir-profundamente","22":"product_tag-alprazolam-efectos-secundarios","23":"product_tag-alprazolam-online","24":"product_tag-alprazolam-for-dogs","25":"product_tag-alprazolam-for-dogs-online","26":"product_tag-alprazolam-for-sleep","27":"product_tag-alprazolam-intensol","28":"product_tag-alprazolam-interactions","29":"product_tag-mexicano-alprazolam-2mg","30":"product_tag-alprazolam-para-dormir","31":"product_tag-alprazolam-para-perros-efectos-secundarios","32":"product_tag-alprazolam-para-que-sirve","33":"product_tag-alprazolam-powder-for-sale","34":"product_tag-alprazolam-reviews","35":"product_tag-alprazolam-synthesis","36":"product_tag-alprazolam-urine-detection-time","37":"product_tag-alprazolam-use","38":"product_tag-alprazolam-vs-clonazepam","39":"product_tag-alprazolam-vs-lorazepam","40":"product_tag-alprazolam-xanax","41":"product_tag-alprazolam-y-alcohol","42":"product_tag-alprazolam-2mg-barras","43":"product_tag-buying-alprazolam","44":"product_tag-clonazepam-vs-alprazolam","45":"product_tag-como-comprar-alprazolam-online","46":"product_tag-comprar-alprazolam","47":"product_tag-compra-alprazolam-online","48":"product_tag-comprar-alprazolam-online","49":"product_tag-costo-de-alprazolam","50":"product_tag-cuanto-dura-el-alprazolam-en-la-orina-reddit","51":"product_tag-diazepam-vs-alprazolam","52":"product_tag-diferencia-entre-alprazolam-y-lorazepam","53":"product_tag-diferencia-entre-lorazepam-y-alprazolam","54":"product_tag-donde-comprar-alprazolam-online","55":"product_tag-alprazolam-dosis-para-perros","56":"product_tag-alprazolam-relajante-muscular-dosis","57":"product_tag-el-mejor-lugar-para-comprar-alprazolam-online","58":"product_tag-farmapram-alprazolam","59":"product_tag-farmapram-alprazolam-2mg","60":"product_tag-flualprazolam-vs-alprazolam","61":"product_tag-gripe-alprazolam","62":"product_tag-inhalar-alprazolam","63":"product_tag-liquid-alprazolam","64":"product_tag-lorazepam-vs-alprazolam","65":"product_tag-lorazepam-vs-alprazolam-reddit","66":"product_tag-medicos-que-recetan-alprazolam-cerca-de-mi","67":"product_tag-ordenar-alprazolam-online","68":"product_tag-para-que-se-utiliza-el-alprazolam-para-compartir","69":"product_tag-alprazolam-perros","70":"product_tag-polvo-de-alprazolam","71":"product_tag-precio-alprazolam","72":"product_tag-alprazolam-pronunciar","73":"product_tag-alprazolam-psiconauta","74":"product_tag-reglas-de-recarga-de-alprazolam","75":"product_tag-sandoz-alprazolam","76":"product_tag-venta-de-alprazolam","78":"first","79":"instock","80":"shipping-taxable","81":"purchasable","82":"product-type-variable"},"yoast_head":"<!-- This site is optimized with the Yoast SEO plugin v27.3 - https:\/\/yoast.com\/product\/yoast-seo-wordpress\/ -->\n<title>Compre Alprox 2mg (Xanax) - Ordene Xanax - Best Best Global Meds<\/title>\n<meta name=\"description\" content=\"Compre pastillas de 2 mg de Alprox en l\u00ednea (Xanax). compre Alprox en l\u00ednea, Alprox en l\u00ednea, compre en l\u00ednea alprox, compre xanax, compre Alprazolam Xanax 2 mg Tablet Reino Unido, Europa\" \/>\n<meta name=\"robots\" content=\"index, follow, max-snippet:-1, max-image-preview:large, max-video-preview:-1\" \/>\n<link rel=\"canonical\" href=\"https:\/\/medicinasinc.com\/es\/product\/comprar-alprox-2mg-xanax\/\" \/>\n<meta property=\"og:locale\" content=\"es_ES\" \/>\n<meta property=\"og:type\" content=\"article\" \/>\n<meta property=\"og:title\" content=\"Compre Alprox 2mg (Xanax) - Ordene Xanax - Best Best Global Meds\" \/>\n<meta property=\"og:description\" content=\"Compre pastillas de 2 mg de Alprox en l\u00ednea (Xanax). compre Alprox en l\u00ednea, Alprox en l\u00ednea, compre en l\u00ednea alprox, compre xanax, compre Alprazolam Xanax 2 mg Tablet Reino Unido, Europa\" \/>\n<meta property=\"og:url\" content=\"https:\/\/medicinasinc.com\/es\/product\/comprar-alprox-2mg-xanax\/\" \/>\n<meta property=\"og:site_name\" content=\"Medicinas Inc\" \/>\n<meta property=\"article:modified_time\" content=\"2022-03-22T00:55:23+00:00\" \/>\n<meta property=\"og:image\" content=\"https:\/\/medicinasinc.com\/es\/wp-content\/uploads\/sites\/15\/2022\/02\/Buy-Alprox-2mg.jpg\" \/>\n\t<meta property=\"og:image:width\" content=\"600\" \/>\n\t<meta property=\"og:image:height\" content=\"600\" \/>\n\t<meta property=\"og:image:type\" content=\"image\/jpeg\" \/>\n<meta name=\"twitter:card\" content=\"summary_large_image\" \/>\n<meta name=\"twitter:label1\" content=\"Tiempo de lectura\" \/>\n\t<meta name=\"twitter:data1\" content=\"2 minutos\" \/>\n<script type=\"application\/ld+json\" class=\"yoast-schema-graph\">{\"@context\":\"https:\\\/\\\/schema.org\",\"@graph\":[{\"@type\":\"WebPage\",\"@id\":\"https:\\\/\\\/medicinasinc.com\\\/es\\\/product\\\/comprar-alprox-2mg-xanax\\\/\",\"url\":\"https:\\\/\\\/medicinasinc.com\\\/es\\\/product\\\/comprar-alprox-2mg-xanax\\\/\",\"name\":\"Compre Alprox 2mg (Xanax) - Ordene Xanax - Best Best Global Meds\",\"isPartOf\":{\"@id\":\"https:\\\/\\\/medicinasinc.com\\\/es\\\/#website\"},\"primaryImageOfPage\":{\"@id\":\"https:\\\/\\\/medicinasinc.com\\\/es\\\/product\\\/comprar-alprox-2mg-xanax\\\/#primaryimage\"},\"image\":{\"@id\":\"https:\\\/\\\/medicinasinc.com\\\/es\\\/product\\\/comprar-alprox-2mg-xanax\\\/#primaryimage\"},\"thumbnailUrl\":\"https:\\\/\\\/medicinasinc.com\\\/es\\\/wp-content\\\/uploads\\\/sites\\\/15\\\/2022\\\/02\\\/Buy-Alprox-2mg.jpg\",\"datePublished\":\"2022-02-20T20:39:42+00:00\",\"dateModified\":\"2022-03-22T00:55:23+00:00\",\"description\":\"Compre pastillas de 2 mg de Alprox en l\u00ednea (Xanax). compre Alprox en l\u00ednea, Alprox en l\u00ednea, compre en l\u00ednea alprox, compre xanax, compre Alprazolam Xanax 2 mg Tablet Reino Unido, Europa\",\"breadcrumb\":{\"@id\":\"https:\\\/\\\/medicinasinc.com\\\/es\\\/product\\\/comprar-alprox-2mg-xanax\\\/#breadcrumb\"},\"inLanguage\":\"es\",\"potentialAction\":[{\"@type\":\"ReadAction\",\"target\":[\"https:\\\/\\\/medicinasinc.com\\\/es\\\/product\\\/comprar-alprox-2mg-xanax\\\/\"]}]},{\"@type\":\"ImageObject\",\"inLanguage\":\"es\",\"@id\":\"https:\\\/\\\/medicinasinc.com\\\/es\\\/product\\\/comprar-alprox-2mg-xanax\\\/#primaryimage\",\"url\":\"https:\\\/\\\/medicinasinc.com\\\/es\\\/wp-content\\\/uploads\\\/sites\\\/15\\\/2022\\\/02\\\/Buy-Alprox-2mg.jpg\",\"contentUrl\":\"https:\\\/\\\/medicinasinc.com\\\/es\\\/wp-content\\\/uploads\\\/sites\\\/15\\\/2022\\\/02\\\/Buy-Alprox-2mg.jpg\",\"width\":600,\"height\":600},{\"@type\":\"BreadcrumbList\",\"@id\":\"https:\\\/\\\/medicinasinc.com\\\/es\\\/product\\\/comprar-alprox-2mg-xanax\\\/#breadcrumb\",\"itemListElement\":[{\"@type\":\"ListItem\",\"position\":1,\"name\":\"Tienda\",\"item\":\"https:\\\/\\\/medicinasinc.com\\\/es\\\/tienda\\\/\"},{\"@type\":\"ListItem\",\"position\":2,\"name\":\"Comprar Alprox 2mg (Xanax)\"}]},{\"@type\":\"WebSite\",\"@id\":\"https:\\\/\\\/medicinasinc.com\\\/es\\\/#website\",\"url\":\"https:\\\/\\\/medicinasinc.com\\\/es\\\/\",\"name\":\"Medicinas Inc\",\"description\":\"Cl\u00ednica M\u00e9dica de Salud\",\"potentialAction\":[{\"@type\":\"SearchAction\",\"target\":{\"@type\":\"EntryPoint\",\"urlTemplate\":\"https:\\\/\\\/medicinasinc.com\\\/es\\\/?s={search_term_string}\"},\"query-input\":{\"@type\":\"PropertyValueSpecification\",\"valueRequired\":true,\"valueName\":\"search_term_string\"}}],\"inLanguage\":\"es\"}]}<\/script>\n<!-- \/ Yoast SEO plugin. -->","yoast_head_json":{"title":"Compre Alprox 2mg (Xanax) - Ordene Xanax - Best Best Global Meds","description":"Compre pastillas de 2 mg de Alprox en l\u00ednea (Xanax). compre Alprox en l\u00ednea, Alprox en l\u00ednea, compre en l\u00ednea alprox, compre xanax, compre Alprazolam Xanax 2 mg Tablet Reino Unido, Europa","robots":{"index":"index","follow":"follow","max-snippet":"max-snippet:-1","max-image-preview":"max-image-preview:large","max-video-preview":"max-video-preview:-1"},"canonical":"https:\/\/medicinasinc.com\/es\/product\/comprar-alprox-2mg-xanax\/","og_locale":"es_ES","og_type":"article","og_title":"Compre Alprox 2mg (Xanax) - Ordene Xanax - Best Best Global Meds","og_description":"Compre pastillas de 2 mg de Alprox en l\u00ednea (Xanax). compre Alprox en l\u00ednea, Alprox en l\u00ednea, compre en l\u00ednea alprox, compre xanax, compre Alprazolam Xanax 2 mg Tablet Reino Unido, Europa","og_url":"https:\/\/medicinasinc.com\/es\/product\/comprar-alprox-2mg-xanax\/","og_site_name":"Medicinas Inc","article_modified_time":"2022-03-22T00:55:23+00:00","og_image":[{"width":600,"height":600,"url":"https:\/\/medicinasinc.com\/es\/wp-content\/uploads\/sites\/15\/2022\/02\/Buy-Alprox-2mg.jpg","type":"image\/jpeg"}],"twitter_card":"summary_large_image","twitter_misc":{"Tiempo de lectura":"2 minutos"},"schema":{"@context":"https:\/\/schema.org","@graph":[{"@type":"WebPage","@id":"https:\/\/medicinasinc.com\/es\/product\/comprar-alprox-2mg-xanax\/","url":"https:\/\/medicinasinc.com\/es\/product\/comprar-alprox-2mg-xanax\/","name":"Compre Alprox 2mg (Xanax) - Ordene Xanax - Best Best Global Meds","isPartOf":{"@id":"https:\/\/medicinasinc.com\/es\/#website"},"primaryImageOfPage":{"@id":"https:\/\/medicinasinc.com\/es\/product\/comprar-alprox-2mg-xanax\/#primaryimage"},"image":{"@id":"https:\/\/medicinasinc.com\/es\/product\/comprar-alprox-2mg-xanax\/#primaryimage"},"thumbnailUrl":"https:\/\/medicinasinc.com\/es\/wp-content\/uploads\/sites\/15\/2022\/02\/Buy-Alprox-2mg.jpg","datePublished":"2022-02-20T20:39:42+00:00","dateModified":"2022-03-22T00:55:23+00:00","description":"Compre pastillas de 2 mg de Alprox en l\u00ednea (Xanax). compre Alprox en l\u00ednea, Alprox en l\u00ednea, compre en l\u00ednea alprox, compre xanax, compre Alprazolam Xanax 2 mg Tablet Reino Unido, Europa","breadcrumb":{"@id":"https:\/\/medicinasinc.com\/es\/product\/comprar-alprox-2mg-xanax\/#breadcrumb"},"inLanguage":"es","potentialAction":[{"@type":"ReadAction","target":["https:\/\/medicinasinc.com\/es\/product\/comprar-alprox-2mg-xanax\/"]}]},{"@type":"ImageObject","inLanguage":"es","@id":"https:\/\/medicinasinc.com\/es\/product\/comprar-alprox-2mg-xanax\/#primaryimage","url":"https:\/\/medicinasinc.com\/es\/wp-content\/uploads\/sites\/15\/2022\/02\/Buy-Alprox-2mg.jpg","contentUrl":"https:\/\/medicinasinc.com\/es\/wp-content\/uploads\/sites\/15\/2022\/02\/Buy-Alprox-2mg.jpg","width":600,"height":600},{"@type":"BreadcrumbList","@id":"https:\/\/medicinasinc.com\/es\/product\/comprar-alprox-2mg-xanax\/#breadcrumb","itemListElement":[{"@type":"ListItem","position":1,"name":"Tienda","item":"https:\/\/medicinasinc.com\/es\/tienda\/"},{"@type":"ListItem","position":2,"name":"Comprar Alprox 2mg (Xanax)"}]},{"@type":"WebSite","@id":"https:\/\/medicinasinc.com\/es\/#website","url":"https:\/\/medicinasinc.com\/es\/","name":"Medicinas Inc","description":"Cl\u00ednica M\u00e9dica de Salud","potentialAction":[{"@type":"SearchAction","target":{"@type":"EntryPoint","urlTemplate":"https:\/\/medicinasinc.com\/es\/?s={search_term_string}"},"query-input":{"@type":"PropertyValueSpecification","valueRequired":true,"valueName":"search_term_string"}}],"inLanguage":"es"}]}},"_links":{"self":[{"href":"https:\/\/medicinasinc.com\/es\/wp-json\/wp\/v2\/product\/5123","targetHints":{"allow":["GET"]}}],"collection":[{"href":"https:\/\/medicinasinc.com\/es\/wp-json\/wp\/v2\/product"}],"about":[{"href":"https:\/\/medicinasinc.com\/es\/wp-json\/wp\/v2\/types\/product"}],"replies":[{"embeddable":true,"href":"https:\/\/medicinasinc.com\/es\/wp-json\/wp\/v2\/comments?post=5123"}],"wp:featuredmedia":[{"embeddable":true,"href":"https:\/\/medicinasinc.com\/es\/wp-json\/wp\/v2\/media\/5140"}],"wp:attachment":[{"href":"https:\/\/medicinasinc.com\/es\/wp-json\/wp\/v2\/media?parent=5123"}],"wp:term":[{"taxonomy":"product_brand","embeddable":true,"href":"https:\/\/medicinasinc.com\/es\/wp-json\/wp\/v2\/product_brand?post=5123"},{"taxonomy":"product_cat","embeddable":true,"href":"https:\/\/medicinasinc.com\/es\/wp-json\/wp\/v2\/product_cat?post=5123"},{"taxonomy":"product_tag","embeddable":true,"href":"https:\/\/medicinasinc.com\/es\/wp-json\/wp\/v2\/product_tag?post=5123"}],"curies":[{"name":"wp","href":"https:\/\/api.w.org\/{rel}","templated":true}]}}