{"id":5122,"date":"2022-02-20T20:38:15","date_gmt":"2022-02-20T20:38:15","guid":{"rendered":"https:\/\/medicinasinc.com\/es\/?post_type=product&#038;p=5122"},"modified":"2022-03-22T00:55:34","modified_gmt":"2022-03-22T00:55:34","slug":"comprar-adderall-30-mg","status":"publish","type":"product","link":"https:\/\/medicinasinc.com\/es\/product\/comprar-adderall-30-mg\/","title":{"rendered":"Comprar Adderall 30 mg"},"content":{"rendered":"<p>Compre p\u00edldoras orales Adderall de 30 mg en l\u00ednea con Bitcoin. Adem\u00e1s, se usa para tratar el trastorno por d\u00e9ficit de atenci\u00f3n con hiperactividad (TDAH) y la narcolepsia.<\/p>\n<p>\u00a1Compre Adderall 30 mg en l\u00ednea con entrega global r\u00e1pida desde nuestra farmacia en l\u00ednea Global Med! \u00a1Encontrar\u00e1 el mejor Adderall 30 mg para comprar aqu\u00ed!<\/p>\n<p>Adderall 30 MG es un medicamento recetado que se crea mezclando y dextroanfetamina. Estos dos componentes act\u00faan como los principales estimulantes del sistema nervioso. Adem\u00e1s, estos estimulantes tienen un efecto sobre las sustancias qu\u00edmicas del cerebro y las neuronas que regulan el impulso y la hiperactividad. El medicamento se usa principalmente para tratar la narcolepsia y el trastorno por d\u00e9ficit de atenci\u00f3n con hiperactividad (TDAH). El consumo est\u00e1 permitido en un n\u00famero limitado de pa\u00edses, a saber, Canad\u00e1 y los Estados Unidos.<\/p>\n<p>El problema m\u00e1s serio con Buy Adderall 30Mg Online es esta palabra que comienza con W<\/p>\n<p>Cada hija o ni\u00f1o nace con bastante buena memoria.<\/p>\n<p>Comprar Adderall 30mg. No hay requisito de receta m\u00e9dica. El env\u00edo es completamente seguro y discreto. La entrega est\u00e1 disponible durante la noche. Reembolso de dinero garantizado.<\/p>\n<p>Puede comprar p\u00edldoras Adderall sin receta en l\u00ednea, Adderall en PC abierto y Puedo comprar Adderall en l\u00ednea.<\/p>\n<p>Precauciones de dosificaci\u00f3n:<\/p>\n<p> Aunque una persona puede requerir Adderall XR, debe visitar a un m\u00e9dico antes de la primera dosis si tiene tiroides hiperactiva, presi\u00f3n arterial alta de moderada a severa, glaucoma, cualquier enfermedad card\u00edaca o si anteriormente era adicto a las drogas o al alcohol. Adem\u00e1s, se insta a las personas a no abusar de la dosis del medicamento, ya que esto podr\u00eda provocar efectos negativos importantes en el coraz\u00f3n o, en el peor de los casos, la muerte.<\/p>\n<p>Resultado positivo:<\/p>\n<p>Al igual que con cualquier sustancia, comerla tiene una variedad de efectos, tanto positivos como negativos. Adem\u00e1s, Adderall 30 MG tiene. Se ha notado que utilizarlo por un per\u00edodo de tiempo m\u00e1s corto seg\u00fan lo recomendado por un m\u00e9dico tiene un efecto beneficioso sobre la salud de una persona al prevenir los s\u00edntomas del TDAH. Esto ocurre por las siguientes razones:<\/p>\n<p>Aumenta los niveles de neurotransmisores como la dopamina y la norepinefrina en nuestro cerebro. Adem\u00e1s, estos compuestos espec\u00edficos en el cerebro sirven para mejorar los niveles de energ\u00eda, el estado de alerta y la concentraci\u00f3n.<br \/> El medicamento puede acelerar el ritmo card\u00edaco y mantener el suministro de sangre a los m\u00fasculos.<br \/> El uso constante seg\u00fan lo prescrito por los m\u00e9dicos puede dan como resultado un aumento de energ\u00eda y vigor, que se considera comparable al consumo de coca\u00edna.<br \/> Resultado negativo:<\/p>\n<p>Debido al hecho de que Adderall 30 MG es un medicamento altamente sensible, consumirlo sin la aprobaci\u00f3n de un m\u00e9dico prescripci\u00f3n puede tener un efecto negativo en su salud.<\/p>\n<p>Irritabilidad<br \/> P\u00e9rdida de peso que no es saludable como resultado de la supresi\u00f3n del apetito<br \/> Insomnio y patrones de sue\u00f1o interrumpidos<br \/> Complicaciones card\u00edacas graves<\/p>\n<p>&nbsp;<\/p>\n<p>&nbsp;<\/p>\n<p>&nbsp;<\/p>\n<p>En caso de abuso:<\/p>\n<p>Los m\u00e9dicos siempre han aconsejado pacientes a usar la medicaci\u00f3n con cautela, y si se abus\u00f3 de Adderall 30 MG, result\u00f3 en un aumento de los niveles de energ\u00eda y una fuerte vigorizaci\u00f3n. Adem\u00e1s, el uso excesivo de esta \u00faltima sustancia puede provocar s\u00edntomas desagradables como:<\/p>\n<p>Reducci\u00f3n de la atenci\u00f3n en tareas espec\u00edficas<br \/> Depresi\u00f3n y lentitud<br \/> Tenga en cuenta estos puntos de fatiga:<\/p>\n<p>Adem\u00e1s, hay algunos elementos a considerar antes de usar Adderall 30 MG.<\/p>\n<p>Los investigadores recomendaron a las personas que no lo ingieran si hab\u00edan tomado inhibidores de la MAO como linezolid, inyecci\u00f3n de azul de metileno, isocarboxazida o rasagilina en los 14 d\u00edas anteriores, ya que esto podr\u00eda resultar en una interacci\u00f3n farmacol\u00f3gica severa, que seguramente no es saludable.<\/p>\n<p>Adem\u00e1s, una persona al\u00e9rgica a los medicamentos estimulantes debe evitarlos, o si ya est\u00e1 lidiando con el siguientes:<\/p>\n<p>Cualquier enfermedad grave de las arterias coronarias o del coraz\u00f3n<br \/> Hipertensi\u00f3n (normal a alta)<br \/> Ansiedad y estr\u00e9s en su punto m\u00e1s alto<br \/> Adicci\u00f3n a las drogas o al alcohol<br \/> \u00bfQu\u00e9 pasa si alguien es dependiente de Adderall XR?<\/p>\n<p>La dependencia de una sustancia de este tipo puede manifestarse de dos formas: psicol\u00f3gica y f\u00edsicamente.<\/p>\n<p>Si una persona la toma a diario y se arraiga en su vida, desarrollar\u00e1 una dependencia psicol\u00f3gica o adicci\u00f3n a ella. Adem\u00e1s, restringir el acceso a \u00e9l por cualquier motivo podr\u00eda ser angustiante, y las personas con adicci\u00f3n mental tendr\u00edan estr\u00e9s o dolores de cabeza con regularidad.<\/p>\n<p>Adem\u00e1s, para las personas con dependencia mental, el consumo con frecuencia aumenta a niveles peligrosos y se ven obligados a seguir bebi\u00e9ndola aun a riesgo de su vida. Sin embargo, una cura est\u00e1 disponible en este caso. Este patr\u00f3n de comportamiento puede modificarse mediante tratamiento psiqui\u00e1trico. Seg\u00fan los especialistas, una terapia llamada terapia cognitiva conductual puede ser beneficiosa.<\/p>\n<p>En segundo lugar, cuando una persona est\u00e1 acostumbrada a tener un mayor nivel de dopamina disponible en su cerebro, la reducci\u00f3n de Adderall XR puede resultar en una disminuci\u00f3n de la dopamina. niveles, lo que resulta en lo siguiente:<\/p>\n<p>&nbsp;<\/p>\n<p>Depresi\u00f3n o agotamiento<br \/> Dormir de forma poco natural o permanecer despierto durante per\u00edodos de tiempo inusualmente largos<\/p>\n<p>Es Es necesario enfatizar aqu\u00ed que la dependencia f\u00edsica puede provocar la necesidad de consumir m\u00e1s de la sustancia para mantener la satisfacci\u00f3n, lo que puede resultar en una variedad de efectos adversos y sobredosis.<\/p>\n<p>Sin embargo, ingerirlos solo con la gu\u00eda de un experto o con la m\u00e1xima prudencia puede proteger a las personas de consecuencias negativas.<\/p>\n","protected":false},"excerpt":{"rendered":"<p>\u00a1Compre Adderall 30 mg en el Reino Unido y Europa en nuestra farmacia en l\u00ednea Best Global Meds con entrega internacional r\u00e1pida! \u00a1Encontrar\u00e1 los mejores Adderall 30 mg para comprar aqu\u00ed!<\/p>\n<p>Compre Adderall 30 mg en l\u00ednea. Compre Adderall 30 mg en l\u00ednea de uno de los mejores comerciantes en l\u00ednea al mejor precio. Adderall tambi\u00e9n se conoce como anfetamina y dextroanfetamina y se usa para tratar el trastorno por d\u00e9ficit de atenci\u00f3n con hiperactividad (TDAH) (trastorno por d\u00e9ficit de atenci\u00f3n con hiperactividad).<\/p>\n<p>Adderall 30 MG es un medicamento recetado que se crea al mezclar y dextroanfetamina. Estos dos componentes act\u00faan como los principales estimulantes del sistema nervioso. Adem\u00e1s, estos estimulantes tienen un efecto sobre las sustancias qu\u00edmicas del cerebro y las neuronas que regulan el impulso y la hiperactividad.<\/p>\n","protected":false},"featured_media":5138,"comment_status":"open","ping_status":"closed","template":"","meta":[],"product_brand":[],"product_cat":[1117],"product_tag":[1118,1120,1119,1124,1123,1121,1122],"class_list":{"0":"post-5122","1":"product","2":"type-product","3":"status-publish","4":"has-post-thumbnail","6":"product_cat-compre-pastillas-para-el-dolor-el-sueno-y-el-sexo","7":"product_tag-adderall-30-mg-para-la-venta","8":"product_tag-como-comprar-adderall-30-mg-online","9":"product_tag-comprar-adderall-30-mg-online","10":"product_tag-donde-comprar-adderall-30-mg-online","11":"product_tag-el-mejor-lugar-para-comprar-adderall-30-mg-online","12":"product_tag-order-adderall-30-mg-online","13":"product_tag-purchase-adderall-30-mg-online","15":"first","16":"instock","17":"shipping-taxable","18":"purchasable","19":"product-type-variable","20":"has-default-attributes"},"yoast_head":"<!-- This site is optimized with the Yoast SEO plugin v27.2 - https:\/\/yoast.com\/product\/yoast-seo-wordpress\/ -->\n<title>Comprar Adderall 30 mg - Adderall 30 mg - Best Global Meds<\/title>\n<meta name=\"description\" content=\"Compre pastillas Adderall de 30 mg en l\u00ednea. Comprar Adderall online 30 mg de una de las mejores tiendas online al mejor precio. Adderall tambi\u00e9n se conoce como anfetamina y dextroanfetamina utilizada para el tratamiento del TDAH (trastorno por d\u00e9ficit de atenci\u00f3n con hiperactividad).\" \/>\n<meta name=\"robots\" content=\"index, follow, max-snippet:-1, max-image-preview:large, max-video-preview:-1\" \/>\n<link rel=\"canonical\" href=\"https:\/\/medicinasinc.com\/es\/product\/comprar-adderall-30-mg\/\" \/>\n<meta property=\"og:locale\" content=\"es_ES\" \/>\n<meta property=\"og:type\" content=\"article\" \/>\n<meta property=\"og:title\" content=\"Comprar Adderall 30 mg - Adderall 30 mg - Best Global Meds\" \/>\n<meta property=\"og:description\" content=\"Compre pastillas Adderall de 30 mg en l\u00ednea. Comprar Adderall online 30 mg de una de las mejores tiendas online al mejor precio. Adderall tambi\u00e9n se conoce como anfetamina y dextroanfetamina utilizada para el tratamiento del TDAH (trastorno por d\u00e9ficit de atenci\u00f3n con hiperactividad).\" \/>\n<meta property=\"og:url\" content=\"https:\/\/medicinasinc.com\/es\/product\/comprar-adderall-30-mg\/\" \/>\n<meta property=\"og:site_name\" content=\"Medicinas Inc\" \/>\n<meta property=\"article:modified_time\" content=\"2022-03-22T00:55:34+00:00\" \/>\n<meta property=\"og:image\" content=\"https:\/\/medicinasinc.com\/es\/wp-content\/uploads\/sites\/15\/2022\/02\/Buy-Adderall-30-MG.jpg\" \/>\n\t<meta property=\"og:image:width\" content=\"392\" \/>\n\t<meta property=\"og:image:height\" content=\"300\" \/>\n\t<meta property=\"og:image:type\" content=\"image\/jpeg\" \/>\n<meta name=\"twitter:card\" content=\"summary_large_image\" \/>\n<meta name=\"twitter:label1\" content=\"Tiempo de lectura\" \/>\n\t<meta name=\"twitter:data1\" content=\"4 minutos\" \/>\n<script type=\"application\/ld+json\" class=\"yoast-schema-graph\">{\"@context\":\"https:\/\/schema.org\",\"@graph\":[{\"@type\":\"WebPage\",\"@id\":\"https:\/\/medicinasinc.com\/es\/product\/comprar-adderall-30-mg\/\",\"url\":\"https:\/\/medicinasinc.com\/es\/product\/comprar-adderall-30-mg\/\",\"name\":\"Comprar Adderall 30 mg - Adderall 30 mg - Best Global Meds\",\"isPartOf\":{\"@id\":\"https:\/\/medicinasinc.com\/es\/#website\"},\"primaryImageOfPage\":{\"@id\":\"https:\/\/medicinasinc.com\/es\/product\/comprar-adderall-30-mg\/#primaryimage\"},\"image\":{\"@id\":\"https:\/\/medicinasinc.com\/es\/product\/comprar-adderall-30-mg\/#primaryimage\"},\"thumbnailUrl\":\"https:\/\/medicinasinc.com\/es\/wp-content\/uploads\/sites\/15\/2022\/02\/Buy-Adderall-30-MG.jpg\",\"datePublished\":\"2022-02-20T20:38:15+00:00\",\"dateModified\":\"2022-03-22T00:55:34+00:00\",\"description\":\"Compre pastillas Adderall de 30 mg en l\u00ednea. Comprar Adderall online 30 mg de una de las mejores tiendas online al mejor precio. Adderall tambi\u00e9n se conoce como anfetamina y dextroanfetamina utilizada para el tratamiento del TDAH (trastorno por d\u00e9ficit de atenci\u00f3n con hiperactividad).\",\"breadcrumb\":{\"@id\":\"https:\/\/medicinasinc.com\/es\/product\/comprar-adderall-30-mg\/#breadcrumb\"},\"inLanguage\":\"es\",\"potentialAction\":[{\"@type\":\"ReadAction\",\"target\":[\"https:\/\/medicinasinc.com\/es\/product\/comprar-adderall-30-mg\/\"]}]},{\"@type\":\"ImageObject\",\"inLanguage\":\"es\",\"@id\":\"https:\/\/medicinasinc.com\/es\/product\/comprar-adderall-30-mg\/#primaryimage\",\"url\":\"https:\/\/medicinasinc.com\/es\/wp-content\/uploads\/sites\/15\/2022\/02\/Buy-Adderall-30-MG.jpg\",\"contentUrl\":\"https:\/\/medicinasinc.com\/es\/wp-content\/uploads\/sites\/15\/2022\/02\/Buy-Adderall-30-MG.jpg\",\"width\":392,\"height\":300},{\"@type\":\"BreadcrumbList\",\"@id\":\"https:\/\/medicinasinc.com\/es\/product\/comprar-adderall-30-mg\/#breadcrumb\",\"itemListElement\":[{\"@type\":\"ListItem\",\"position\":1,\"name\":\"Tienda\",\"item\":\"https:\/\/medicinasinc.com\/es\/tienda\/\"},{\"@type\":\"ListItem\",\"position\":2,\"name\":\"Comprar Adderall 30 mg\"}]},{\"@type\":\"WebSite\",\"@id\":\"https:\/\/medicinasinc.com\/es\/#website\",\"url\":\"https:\/\/medicinasinc.com\/es\/\",\"name\":\"Medicinas Inc\",\"description\":\"Cl\u00ednica M\u00e9dica de Salud\",\"potentialAction\":[{\"@type\":\"SearchAction\",\"target\":{\"@type\":\"EntryPoint\",\"urlTemplate\":\"https:\/\/medicinasinc.com\/es\/?s={search_term_string}\"},\"query-input\":{\"@type\":\"PropertyValueSpecification\",\"valueRequired\":true,\"valueName\":\"search_term_string\"}}],\"inLanguage\":\"es\"}]}<\/script>\n<!-- \/ Yoast SEO plugin. -->","yoast_head_json":{"title":"Comprar Adderall 30 mg - Adderall 30 mg - Best Global Meds","description":"Compre pastillas Adderall de 30 mg en l\u00ednea. Comprar Adderall online 30 mg de una de las mejores tiendas online al mejor precio. Adderall tambi\u00e9n se conoce como anfetamina y dextroanfetamina utilizada para el tratamiento del TDAH (trastorno por d\u00e9ficit de atenci\u00f3n con hiperactividad).","robots":{"index":"index","follow":"follow","max-snippet":"max-snippet:-1","max-image-preview":"max-image-preview:large","max-video-preview":"max-video-preview:-1"},"canonical":"https:\/\/medicinasinc.com\/es\/product\/comprar-adderall-30-mg\/","og_locale":"es_ES","og_type":"article","og_title":"Comprar Adderall 30 mg - Adderall 30 mg - Best Global Meds","og_description":"Compre pastillas Adderall de 30 mg en l\u00ednea. Comprar Adderall online 30 mg de una de las mejores tiendas online al mejor precio. Adderall tambi\u00e9n se conoce como anfetamina y dextroanfetamina utilizada para el tratamiento del TDAH (trastorno por d\u00e9ficit de atenci\u00f3n con hiperactividad).","og_url":"https:\/\/medicinasinc.com\/es\/product\/comprar-adderall-30-mg\/","og_site_name":"Medicinas Inc","article_modified_time":"2022-03-22T00:55:34+00:00","og_image":[{"width":392,"height":300,"url":"https:\/\/medicinasinc.com\/es\/wp-content\/uploads\/sites\/15\/2022\/02\/Buy-Adderall-30-MG.jpg","type":"image\/jpeg"}],"twitter_card":"summary_large_image","twitter_misc":{"Tiempo de lectura":"4 minutos"},"schema":{"@context":"https:\/\/schema.org","@graph":[{"@type":"WebPage","@id":"https:\/\/medicinasinc.com\/es\/product\/comprar-adderall-30-mg\/","url":"https:\/\/medicinasinc.com\/es\/product\/comprar-adderall-30-mg\/","name":"Comprar Adderall 30 mg - Adderall 30 mg - Best Global Meds","isPartOf":{"@id":"https:\/\/medicinasinc.com\/es\/#website"},"primaryImageOfPage":{"@id":"https:\/\/medicinasinc.com\/es\/product\/comprar-adderall-30-mg\/#primaryimage"},"image":{"@id":"https:\/\/medicinasinc.com\/es\/product\/comprar-adderall-30-mg\/#primaryimage"},"thumbnailUrl":"https:\/\/medicinasinc.com\/es\/wp-content\/uploads\/sites\/15\/2022\/02\/Buy-Adderall-30-MG.jpg","datePublished":"2022-02-20T20:38:15+00:00","dateModified":"2022-03-22T00:55:34+00:00","description":"Compre pastillas Adderall de 30 mg en l\u00ednea. Comprar Adderall online 30 mg de una de las mejores tiendas online al mejor precio. Adderall tambi\u00e9n se conoce como anfetamina y dextroanfetamina utilizada para el tratamiento del TDAH (trastorno por d\u00e9ficit de atenci\u00f3n con hiperactividad).","breadcrumb":{"@id":"https:\/\/medicinasinc.com\/es\/product\/comprar-adderall-30-mg\/#breadcrumb"},"inLanguage":"es","potentialAction":[{"@type":"ReadAction","target":["https:\/\/medicinasinc.com\/es\/product\/comprar-adderall-30-mg\/"]}]},{"@type":"ImageObject","inLanguage":"es","@id":"https:\/\/medicinasinc.com\/es\/product\/comprar-adderall-30-mg\/#primaryimage","url":"https:\/\/medicinasinc.com\/es\/wp-content\/uploads\/sites\/15\/2022\/02\/Buy-Adderall-30-MG.jpg","contentUrl":"https:\/\/medicinasinc.com\/es\/wp-content\/uploads\/sites\/15\/2022\/02\/Buy-Adderall-30-MG.jpg","width":392,"height":300},{"@type":"BreadcrumbList","@id":"https:\/\/medicinasinc.com\/es\/product\/comprar-adderall-30-mg\/#breadcrumb","itemListElement":[{"@type":"ListItem","position":1,"name":"Tienda","item":"https:\/\/medicinasinc.com\/es\/tienda\/"},{"@type":"ListItem","position":2,"name":"Comprar Adderall 30 mg"}]},{"@type":"WebSite","@id":"https:\/\/medicinasinc.com\/es\/#website","url":"https:\/\/medicinasinc.com\/es\/","name":"Medicinas Inc","description":"Cl\u00ednica M\u00e9dica de Salud","potentialAction":[{"@type":"SearchAction","target":{"@type":"EntryPoint","urlTemplate":"https:\/\/medicinasinc.com\/es\/?s={search_term_string}"},"query-input":{"@type":"PropertyValueSpecification","valueRequired":true,"valueName":"search_term_string"}}],"inLanguage":"es"}]}},"_links":{"self":[{"href":"https:\/\/medicinasinc.com\/es\/wp-json\/wp\/v2\/product\/5122","targetHints":{"allow":["GET"]}}],"collection":[{"href":"https:\/\/medicinasinc.com\/es\/wp-json\/wp\/v2\/product"}],"about":[{"href":"https:\/\/medicinasinc.com\/es\/wp-json\/wp\/v2\/types\/product"}],"replies":[{"embeddable":true,"href":"https:\/\/medicinasinc.com\/es\/wp-json\/wp\/v2\/comments?post=5122"}],"wp:featuredmedia":[{"embeddable":true,"href":"https:\/\/medicinasinc.com\/es\/wp-json\/wp\/v2\/media\/5138"}],"wp:attachment":[{"href":"https:\/\/medicinasinc.com\/es\/wp-json\/wp\/v2\/media?parent=5122"}],"wp:term":[{"taxonomy":"product_brand","embeddable":true,"href":"https:\/\/medicinasinc.com\/es\/wp-json\/wp\/v2\/product_brand?post=5122"},{"taxonomy":"product_cat","embeddable":true,"href":"https:\/\/medicinasinc.com\/es\/wp-json\/wp\/v2\/product_cat?post=5122"},{"taxonomy":"product_tag","embeddable":true,"href":"https:\/\/medicinasinc.com\/es\/wp-json\/wp\/v2\/product_tag?post=5122"}],"curies":[{"name":"wp","href":"https:\/\/api.w.org\/{rel}","templated":true}]}}