{"id":5096,"date":"2022-02-20T20:15:06","date_gmt":"2022-02-20T20:15:06","guid":{"rendered":"https:\/\/medicinasinc.com\/es\/?post_type=product&#038;p=5096"},"modified":"2022-03-22T00:55:42","modified_gmt":"2022-03-22T00:55:42","slug":"cepa-de-hierba-de-pomelo","status":"publish","type":"product","link":"https:\/\/medicinasinc.com\/es\/product\/cepa-de-hierba-de-pomelo\/","title":{"rendered":"Cepa de hierba de pomelo"},"content":{"rendered":"<p><strong>Compra online de marihuana Grapefruit de alta calidad<\/strong><\/p>\n<p>Grapefruit es una variedad sativa casi pura. Se cre\u00f3 cruzando Cinderella 99 con una sativa desconocida con sabor a pomelo. Esta no es una variedad de marihuana recreativa; tambi\u00e9n ofrece una pl\u00e9tora de caracter\u00edsticas m\u00e9dicas. Despu\u00e9s de algunas caladas, te sentir\u00e1s menos estresado, deprimido y con menos dolor.<\/p>\n<p><strong>Sativa<\/strong>\u00a0\u2013 100 %<\/p>\n<p><strong>THC<\/strong>: 17-20 %<\/p>\n<h3><strong>Informaci\u00f3n de env\u00edo importante<\/strong><\/h3>\n<ul>\n<li><strong>Env\u00edo GRATIS para pedidos de $175 o m\u00e1s<\/strong><\/li>\n<li>Estamos ubicados en la costa oeste de Canad\u00e1<\/li>\n<li><strong>Los pedidos tardar\u00e1n aproximadamente 3 d\u00edas h\u00e1biles en llegar<\/strong>\u00a0despu\u00e9s de que Canada Post haya recibido el paquete *suponiendo que no haya demoras desde Canad\u00e1 Publicaci\u00f3n*<\/li>\n<li>Los paquetes se enviar\u00e1n en funci\u00f3n de la hora\u00a0<strong>cuando se recibe el pago<\/strong>\u00a0NO cuando se realiza el pedido.<\/li>\n<li>Los pedidos con pago se reciben entre las 12 a.\u00a0m. PST y las 12\u00a0p.\u00a0m. PST (medianoche a mediod\u00eda) se enviar\u00e1 el mismo d\u00eda.<\/li>\n<li>Los pedidos con pagos recibidos despu\u00e9s de las 12:00 p. m. PST (mediod\u00eda) se enviar\u00e1n al d\u00eda siguiente.<\/li>\n<\/ul>\n<div class=\" producto-siguiente-anterior\">\n<div class=\"producto-anterior\"><\/div><\/div>\n","protected":false},"excerpt":{"rendered":"<div class=\"woocommerce-product-details__short-description\">\n<p>Grapefruit es una variedad de marihuana sativa muy potente creada al cruzar Cinderella 99 con Grapefruit. El pomelo tiene propiedades revitalizantes e induce sentimientos de alegr\u00eda. Esta variedad tiene un perfil de sabor tropical y una fragancia de c\u00edtricos.<\/p>\n<p>Comprar variedad de marihuana Grapefruit es una variedad de marihuana sativa muy potente creada al cruzar Cinderella 99 con Grapefruit. Variedad de Marihuana Grapefruit en venta online<\/p>\n<p>Marihuana Grapefruit de la M\u00e1xima Calidad Disponible Online.<\/p>\n<p>La Cannabis Grapefruit es una variedad sativa. 70 % Sativa h\u00edbrida dominante\/30 % Indica THC: 20 %\u201325 %, CBN: 1 %<\/p>\n<\/p><\/div>\n","protected":false},"featured_media":5115,"comment_status":"open","ping_status":"closed","template":"","meta":[],"product_brand":[],"product_cat":[778],"product_tag":[1062,1063,1064,1065,1070,1071,1072,1073,1078,1079,1080,1081,1086,1087,1088,1089,1090,1095,1096,1097,1098,1103,1104,1105,1106,1111,1112,1113,1115,1060,1061,1066,1067,1085,1069,1074,1075,1076,1083,1084,1077,1099,1091,1092,1093,1094,1109,1100,1101,1102,1114,1107,1108,1110,1068,1082,1116],"class_list":{"0":"post-5096","1":"product","2":"type-product","3":"status-publish","4":"has-post-thumbnail","6":"product_cat-hierba-para-la-venta","7":"product_tag-buy-grapefruit-strain-online-in-belarus","8":"product_tag-buy-grapefruit-strain-online-in-bulgary","9":"product_tag-buy-grapefruit-strain-online-in-canada","10":"product_tag-buy-grapefruit-strain-online-in-china","11":"product_tag-buy-grapefruit-strain-online-in-france","12":"product_tag-buy-grapefruit-strain-online-in-germany","13":"product_tag-buy-grapefruit-strain-online-in-hungary","14":"product_tag-buy-grapefruit-strain-online-in-ireland","15":"product_tag-buy-grapefruit-strain-online-in-new-zealand","16":"product_tag-buy-grapefruit-strain-online-in-pillipines","17":"product_tag-buy-grapefruit-strain-online-in-russia","18":"product_tag-buy-grapefruit-strain-online-in-scotland","19":"product_tag-buy-grapefruit-strain-online-online-in-uk","20":"product_tag-buy-grapefruit-weed-strain-online","21":"product_tag-buy-weed-online-in-australia","22":"product_tag-buy-weed-online-in-austria","23":"product_tag-buy-weed-online-in-belarus","24":"product_tag-buy-weed-online-in-denmark","25":"product_tag-buy-weed-online-in-england","26":"product_tag-buy-weed-online-in-finland","27":"product_tag-buy-weed-online-in-france","28":"product_tag-buy-weed-online-in-japan","29":"product_tag-buy-weed-online-in-malta","30":"product_tag-buy-weed-online-in-mexico","31":"product_tag-buy-weed-online-in-new-zealand","32":"product_tag-buy-weed-online-in-switzerland","33":"product_tag-buy-weed-online-in-turkey","34":"product_tag-buy-weed-online-in-usa","35":"product_tag-cheap-grapefruit-marijuana-for-sale-online","36":"product_tag-comprar-variedad-de-pomelo-online-en-australia","37":"product_tag-comprar-variedad-de-pomelo-online-en-austria","38":"product_tag-comprar-variedad-de-pomelo-en-linea-en-croacia","39":"product_tag-comprar-variedad-de-pomelo-en-linea-en-dinamarca","40":"product_tag-comprar-variedad-de-pomelo-online-en-usa","41":"product_tag-comprar-variedad-de-pomelo-online-en-finlandia","42":"product_tag-comprar-variedad-de-pomelo-online-en-italia","43":"product_tag-comprar-variedad-de-pomelo-en-linea-en-japon","44":"product_tag-comprar-variedad-de-pomelo-online-en-malta","45":"product_tag-comprar-variedad-de-pomelo-online-en-suiza","46":"product_tag-comprar-variedad-de-pomelo-online-en-turquia","47":"product_tag-comprar-variedad-de-toronja-online-en-mexico","48":"product_tag-comprar-hierba-online-en-alemania","49":"product_tag-comprar-hierba-online-en-bulgary","50":"product_tag-comprar-hierba-online-en-canada","51":"product_tag-comprar-hierba-online-en-china","52":"product_tag-comprar-hierba-online-en-croacia","53":"product_tag-comprar-hierba-online-en-escocia","54":"product_tag-comprar-hierba-online-en-hungria","55":"product_tag-comprar-hierba-online-en-irlanda","56":"product_tag-comprar-hierba-online-en-italia","57":"product_tag-comprar-hierba-online-online-en-uk","58":"product_tag-comprar-hierba-online-en-pillipines","59":"product_tag-comprar-hierba-online-en-rusia","60":"product_tag-comprar-hierba-online-en-espana","61":"product_tag-comprar-variedad-de-pomelo-online-en-inglaterra","62":"product_tag-comprar-variedad-de-pomelo-online-en-espana","63":"product_tag-pomelo-hierba-en-venta-online","65":"first","66":"instock","67":"shipping-taxable","68":"purchasable","69":"product-type-variable","70":"has-default-attributes"},"yoast_head":"<!-- This site is optimized with the Yoast SEO plugin v27.2 - https:\/\/yoast.com\/product\/yoast-seo-wordpress\/ -->\n<title>Comprar Grapefruit Weed Strain - Best Best Global Meds<\/title>\n<meta name=\"description\" content=\"Comprar Grapefruit Weed Strain es una potente variedad de marihuana sativa hecha a trav\u00e9s de un cruce de Cinderella 99. Comprar Variedad de marihuana Grapefruit online\" \/>\n<meta name=\"robots\" content=\"index, follow, max-snippet:-1, max-image-preview:large, max-video-preview:-1\" \/>\n<link rel=\"canonical\" href=\"https:\/\/medicinasinc.com\/es\/product\/cepa-de-hierba-de-pomelo\/\" \/>\n<meta property=\"og:locale\" content=\"es_ES\" \/>\n<meta property=\"og:type\" content=\"article\" \/>\n<meta property=\"og:title\" content=\"Comprar Grapefruit Weed Strain - Best Best Global Meds\" \/>\n<meta property=\"og:description\" content=\"Comprar Grapefruit Weed Strain es una potente variedad de marihuana sativa hecha a trav\u00e9s de un cruce de Cinderella 99. Comprar Variedad de marihuana Grapefruit online\" \/>\n<meta property=\"og:url\" content=\"https:\/\/medicinasinc.com\/es\/product\/cepa-de-hierba-de-pomelo\/\" \/>\n<meta property=\"og:site_name\" content=\"Medicinas Inc\" \/>\n<meta property=\"article:modified_time\" content=\"2022-03-22T00:55:42+00:00\" \/>\n<meta property=\"og:image\" content=\"https:\/\/medicinasinc.com\/es\/wp-content\/uploads\/sites\/15\/2022\/02\/Buy-Grapefruit-Weed-Strain.jpg\" \/>\n\t<meta property=\"og:image:width\" content=\"600\" \/>\n\t<meta property=\"og:image:height\" content=\"600\" \/>\n\t<meta property=\"og:image:type\" content=\"image\/jpeg\" \/>\n<meta name=\"twitter:card\" content=\"summary_large_image\" \/>\n<meta name=\"twitter:label1\" content=\"Tiempo de lectura\" \/>\n\t<meta name=\"twitter:data1\" content=\"1 minuto\" \/>\n<script type=\"application\/ld+json\" class=\"yoast-schema-graph\">{\"@context\":\"https:\/\/schema.org\",\"@graph\":[{\"@type\":\"WebPage\",\"@id\":\"https:\/\/medicinasinc.com\/es\/product\/cepa-de-hierba-de-pomelo\/\",\"url\":\"https:\/\/medicinasinc.com\/es\/product\/cepa-de-hierba-de-pomelo\/\",\"name\":\"Comprar Grapefruit Weed Strain - Best Best Global Meds\",\"isPartOf\":{\"@id\":\"https:\/\/medicinasinc.com\/es\/#website\"},\"primaryImageOfPage\":{\"@id\":\"https:\/\/medicinasinc.com\/es\/product\/cepa-de-hierba-de-pomelo\/#primaryimage\"},\"image\":{\"@id\":\"https:\/\/medicinasinc.com\/es\/product\/cepa-de-hierba-de-pomelo\/#primaryimage\"},\"thumbnailUrl\":\"https:\/\/medicinasinc.com\/es\/wp-content\/uploads\/sites\/15\/2022\/02\/Buy-Grapefruit-Weed-Strain.jpg\",\"datePublished\":\"2022-02-20T20:15:06+00:00\",\"dateModified\":\"2022-03-22T00:55:42+00:00\",\"description\":\"Comprar Grapefruit Weed Strain es una potente variedad de marihuana sativa hecha a trav\u00e9s de un cruce de Cinderella 99. Comprar Variedad de marihuana Grapefruit online\",\"breadcrumb\":{\"@id\":\"https:\/\/medicinasinc.com\/es\/product\/cepa-de-hierba-de-pomelo\/#breadcrumb\"},\"inLanguage\":\"es\",\"potentialAction\":[{\"@type\":\"ReadAction\",\"target\":[\"https:\/\/medicinasinc.com\/es\/product\/cepa-de-hierba-de-pomelo\/\"]}]},{\"@type\":\"ImageObject\",\"inLanguage\":\"es\",\"@id\":\"https:\/\/medicinasinc.com\/es\/product\/cepa-de-hierba-de-pomelo\/#primaryimage\",\"url\":\"https:\/\/medicinasinc.com\/es\/wp-content\/uploads\/sites\/15\/2022\/02\/Buy-Grapefruit-Weed-Strain.jpg\",\"contentUrl\":\"https:\/\/medicinasinc.com\/es\/wp-content\/uploads\/sites\/15\/2022\/02\/Buy-Grapefruit-Weed-Strain.jpg\",\"width\":600,\"height\":600},{\"@type\":\"BreadcrumbList\",\"@id\":\"https:\/\/medicinasinc.com\/es\/product\/cepa-de-hierba-de-pomelo\/#breadcrumb\",\"itemListElement\":[{\"@type\":\"ListItem\",\"position\":1,\"name\":\"Tienda\",\"item\":\"https:\/\/medicinasinc.com\/es\/tienda\/\"},{\"@type\":\"ListItem\",\"position\":2,\"name\":\"Cepa de hierba de pomelo\"}]},{\"@type\":\"WebSite\",\"@id\":\"https:\/\/medicinasinc.com\/es\/#website\",\"url\":\"https:\/\/medicinasinc.com\/es\/\",\"name\":\"Medicinas Inc\",\"description\":\"Cl\u00ednica M\u00e9dica de Salud\",\"potentialAction\":[{\"@type\":\"SearchAction\",\"target\":{\"@type\":\"EntryPoint\",\"urlTemplate\":\"https:\/\/medicinasinc.com\/es\/?s={search_term_string}\"},\"query-input\":{\"@type\":\"PropertyValueSpecification\",\"valueRequired\":true,\"valueName\":\"search_term_string\"}}],\"inLanguage\":\"es\"}]}<\/script>\n<!-- \/ Yoast SEO plugin. -->","yoast_head_json":{"title":"Comprar Grapefruit Weed Strain - Best Best Global Meds","description":"Comprar Grapefruit Weed Strain es una potente variedad de marihuana sativa hecha a trav\u00e9s de un cruce de Cinderella 99. Comprar Variedad de marihuana Grapefruit online","robots":{"index":"index","follow":"follow","max-snippet":"max-snippet:-1","max-image-preview":"max-image-preview:large","max-video-preview":"max-video-preview:-1"},"canonical":"https:\/\/medicinasinc.com\/es\/product\/cepa-de-hierba-de-pomelo\/","og_locale":"es_ES","og_type":"article","og_title":"Comprar Grapefruit Weed Strain - Best Best Global Meds","og_description":"Comprar Grapefruit Weed Strain es una potente variedad de marihuana sativa hecha a trav\u00e9s de un cruce de Cinderella 99. Comprar Variedad de marihuana Grapefruit online","og_url":"https:\/\/medicinasinc.com\/es\/product\/cepa-de-hierba-de-pomelo\/","og_site_name":"Medicinas Inc","article_modified_time":"2022-03-22T00:55:42+00:00","og_image":[{"width":600,"height":600,"url":"https:\/\/medicinasinc.com\/es\/wp-content\/uploads\/sites\/15\/2022\/02\/Buy-Grapefruit-Weed-Strain.jpg","type":"image\/jpeg"}],"twitter_card":"summary_large_image","twitter_misc":{"Tiempo de lectura":"1 minuto"},"schema":{"@context":"https:\/\/schema.org","@graph":[{"@type":"WebPage","@id":"https:\/\/medicinasinc.com\/es\/product\/cepa-de-hierba-de-pomelo\/","url":"https:\/\/medicinasinc.com\/es\/product\/cepa-de-hierba-de-pomelo\/","name":"Comprar Grapefruit Weed Strain - Best Best Global Meds","isPartOf":{"@id":"https:\/\/medicinasinc.com\/es\/#website"},"primaryImageOfPage":{"@id":"https:\/\/medicinasinc.com\/es\/product\/cepa-de-hierba-de-pomelo\/#primaryimage"},"image":{"@id":"https:\/\/medicinasinc.com\/es\/product\/cepa-de-hierba-de-pomelo\/#primaryimage"},"thumbnailUrl":"https:\/\/medicinasinc.com\/es\/wp-content\/uploads\/sites\/15\/2022\/02\/Buy-Grapefruit-Weed-Strain.jpg","datePublished":"2022-02-20T20:15:06+00:00","dateModified":"2022-03-22T00:55:42+00:00","description":"Comprar Grapefruit Weed Strain es una potente variedad de marihuana sativa hecha a trav\u00e9s de un cruce de Cinderella 99. Comprar Variedad de marihuana Grapefruit online","breadcrumb":{"@id":"https:\/\/medicinasinc.com\/es\/product\/cepa-de-hierba-de-pomelo\/#breadcrumb"},"inLanguage":"es","potentialAction":[{"@type":"ReadAction","target":["https:\/\/medicinasinc.com\/es\/product\/cepa-de-hierba-de-pomelo\/"]}]},{"@type":"ImageObject","inLanguage":"es","@id":"https:\/\/medicinasinc.com\/es\/product\/cepa-de-hierba-de-pomelo\/#primaryimage","url":"https:\/\/medicinasinc.com\/es\/wp-content\/uploads\/sites\/15\/2022\/02\/Buy-Grapefruit-Weed-Strain.jpg","contentUrl":"https:\/\/medicinasinc.com\/es\/wp-content\/uploads\/sites\/15\/2022\/02\/Buy-Grapefruit-Weed-Strain.jpg","width":600,"height":600},{"@type":"BreadcrumbList","@id":"https:\/\/medicinasinc.com\/es\/product\/cepa-de-hierba-de-pomelo\/#breadcrumb","itemListElement":[{"@type":"ListItem","position":1,"name":"Tienda","item":"https:\/\/medicinasinc.com\/es\/tienda\/"},{"@type":"ListItem","position":2,"name":"Cepa de hierba de pomelo"}]},{"@type":"WebSite","@id":"https:\/\/medicinasinc.com\/es\/#website","url":"https:\/\/medicinasinc.com\/es\/","name":"Medicinas Inc","description":"Cl\u00ednica M\u00e9dica de Salud","potentialAction":[{"@type":"SearchAction","target":{"@type":"EntryPoint","urlTemplate":"https:\/\/medicinasinc.com\/es\/?s={search_term_string}"},"query-input":{"@type":"PropertyValueSpecification","valueRequired":true,"valueName":"search_term_string"}}],"inLanguage":"es"}]}},"_links":{"self":[{"href":"https:\/\/medicinasinc.com\/es\/wp-json\/wp\/v2\/product\/5096","targetHints":{"allow":["GET"]}}],"collection":[{"href":"https:\/\/medicinasinc.com\/es\/wp-json\/wp\/v2\/product"}],"about":[{"href":"https:\/\/medicinasinc.com\/es\/wp-json\/wp\/v2\/types\/product"}],"replies":[{"embeddable":true,"href":"https:\/\/medicinasinc.com\/es\/wp-json\/wp\/v2\/comments?post=5096"}],"wp:featuredmedia":[{"embeddable":true,"href":"https:\/\/medicinasinc.com\/es\/wp-json\/wp\/v2\/media\/5115"}],"wp:attachment":[{"href":"https:\/\/medicinasinc.com\/es\/wp-json\/wp\/v2\/media?parent=5096"}],"wp:term":[{"taxonomy":"product_brand","embeddable":true,"href":"https:\/\/medicinasinc.com\/es\/wp-json\/wp\/v2\/product_brand?post=5096"},{"taxonomy":"product_cat","embeddable":true,"href":"https:\/\/medicinasinc.com\/es\/wp-json\/wp\/v2\/product_cat?post=5096"},{"taxonomy":"product_tag","embeddable":true,"href":"https:\/\/medicinasinc.com\/es\/wp-json\/wp\/v2\/product_tag?post=5096"}],"curies":[{"name":"wp","href":"https:\/\/api.w.org\/{rel}","templated":true}]}}