{"id":5095,"date":"2022-02-20T20:14:14","date_gmt":"2022-02-20T20:14:14","guid":{"rendered":"https:\/\/medicinasinc.com\/es\/?post_type=product&#038;p=5095"},"modified":"2022-03-22T00:55:52","modified_gmt":"2022-03-22T00:55:52","slug":"atun-kush","status":"publish","type":"product","link":"https:\/\/medicinasinc.com\/es\/product\/atun-kush\/","title":{"rendered":"Tuna Kush"},"content":{"rendered":"<p><strong>Tama\u00f1o del cogollo: Mediano<\/strong><br \/> <strong>Textura: Ligeramente pegajosa \/ Ligeramente pegajosa<br \/> Sabor: Terroso \/ Amaderado \/ Picante<\/strong><\/p>\n<div class=\"product-next-previous\">\n<div class=\"product-prev\">Tuna Kush es un fen\u00f3meno de la Columbia Brit\u00e1nica que est\u00e1 volviendo a los mercados de cannabis medicinal de Am\u00e9rica del Norte. Esta raza ha sido calificada como una de las m\u00e1s potentes del mercado, generando cogollos compactos y gruesos que est\u00e1n densamente recubiertos de resina. Si bien la Tuna Kush no es conocida por tener altos rendimientos, lo que emerge de estos tallos m\u00e1s delgados ser\u00e1 potente y sabroso. Dicho esto, si esta variedad se abre paso en tu cultivo, es posible que desees mejorar tus filtros de carbono, \u00a1ya que este cogollo apesta! Espere una combinaci\u00f3n de mofeta picante, combustible y una dulzura delicada.<\/div><\/div>\n","protected":false},"excerpt":{"rendered":"<p>Buy Tuna Kush es una de las variedades de cannabis \u00edndica m\u00e1s potentes disponibles para la venta. Una calada inducir\u00e1 una profunda sensaci\u00f3n de euforia y relajaci\u00f3n.<\/p>\n<p>Bluefin Tuna Kush es una cepa h\u00edbrida Indica dominante que combina lo mejor de Blueberry y el famoso Tuna Kush de BC.<\/p>\n","protected":false},"featured_media":5113,"comment_status":"open","ping_status":"closed","template":"","meta":[],"product_brand":[],"product_cat":[778],"product_tag":[],"class_list":{"0":"post-5095","1":"product","2":"type-product","3":"status-publish","4":"has-post-thumbnail","6":"product_cat-hierba-para-la-venta","8":"first","9":"instock","10":"shipping-taxable","11":"purchasable","12":"product-type-variable","13":"has-default-attributes"},"yoast_head":"<!-- This site is optimized with the Yoast SEO plugin v27.2 - https:\/\/yoast.com\/product\/yoast-seo-wordpress\/ -->\n<title>Comprar Tuna Kush - Tuna Kush - Best Global Meds<\/title>\n<meta name=\"description\" content=\"Comprar La hierba Tuna Kush a la venta es una de las variedades de cannabis \u00edndica m\u00e1s potentes disponibles. Una calada te pondr\u00e1 en un profundo estado de euforia y relajaci\u00f3n.\" \/>\n<meta name=\"robots\" content=\"index, follow, max-snippet:-1, max-image-preview:large, max-video-preview:-1\" \/>\n<link rel=\"canonical\" href=\"https:\/\/medicinasinc.com\/es\/product\/atun-kush\/\" \/>\n<meta property=\"og:locale\" content=\"es_ES\" \/>\n<meta property=\"og:type\" content=\"article\" \/>\n<meta property=\"og:title\" content=\"Comprar Tuna Kush - Tuna Kush - Best Global Meds\" \/>\n<meta property=\"og:description\" content=\"Comprar La hierba Tuna Kush a la venta es una de las variedades de cannabis \u00edndica m\u00e1s potentes disponibles. Una calada te pondr\u00e1 en un profundo estado de euforia y relajaci\u00f3n.\" \/>\n<meta property=\"og:url\" content=\"https:\/\/medicinasinc.com\/es\/product\/atun-kush\/\" \/>\n<meta property=\"og:site_name\" content=\"Medicinas Inc\" \/>\n<meta property=\"article:modified_time\" content=\"2022-03-22T00:55:52+00:00\" \/>\n<meta property=\"og:image\" content=\"https:\/\/medicinasinc.com\/es\/wp-content\/uploads\/sites\/15\/2022\/02\/Buy-Tuna-Kush.jpg\" \/>\n\t<meta property=\"og:image:width\" content=\"1024\" \/>\n\t<meta property=\"og:image:height\" content=\"768\" \/>\n\t<meta property=\"og:image:type\" content=\"image\/jpeg\" \/>\n<meta name=\"twitter:card\" content=\"summary_large_image\" \/>\n<meta name=\"twitter:label1\" content=\"Tiempo de lectura\" \/>\n\t<meta name=\"twitter:data1\" content=\"1 minuto\" \/>\n<script type=\"application\/ld+json\" class=\"yoast-schema-graph\">{\"@context\":\"https:\/\/schema.org\",\"@graph\":[{\"@type\":\"WebPage\",\"@id\":\"https:\/\/medicinasinc.com\/es\/product\/atun-kush\/\",\"url\":\"https:\/\/medicinasinc.com\/es\/product\/atun-kush\/\",\"name\":\"Comprar Tuna Kush - Tuna Kush - Best Global Meds\",\"isPartOf\":{\"@id\":\"https:\/\/medicinasinc.com\/es\/#website\"},\"primaryImageOfPage\":{\"@id\":\"https:\/\/medicinasinc.com\/es\/product\/atun-kush\/#primaryimage\"},\"image\":{\"@id\":\"https:\/\/medicinasinc.com\/es\/product\/atun-kush\/#primaryimage\"},\"thumbnailUrl\":\"https:\/\/medicinasinc.com\/es\/wp-content\/uploads\/sites\/15\/2022\/02\/Buy-Tuna-Kush.jpg\",\"datePublished\":\"2022-02-20T20:14:14+00:00\",\"dateModified\":\"2022-03-22T00:55:52+00:00\",\"description\":\"Comprar La hierba Tuna Kush a la venta es una de las variedades de cannabis \u00edndica m\u00e1s potentes disponibles. Una calada te pondr\u00e1 en un profundo estado de euforia y relajaci\u00f3n.\",\"breadcrumb\":{\"@id\":\"https:\/\/medicinasinc.com\/es\/product\/atun-kush\/#breadcrumb\"},\"inLanguage\":\"es\",\"potentialAction\":[{\"@type\":\"ReadAction\",\"target\":[\"https:\/\/medicinasinc.com\/es\/product\/atun-kush\/\"]}]},{\"@type\":\"ImageObject\",\"inLanguage\":\"es\",\"@id\":\"https:\/\/medicinasinc.com\/es\/product\/atun-kush\/#primaryimage\",\"url\":\"https:\/\/medicinasinc.com\/es\/wp-content\/uploads\/sites\/15\/2022\/02\/Buy-Tuna-Kush.jpg\",\"contentUrl\":\"https:\/\/medicinasinc.com\/es\/wp-content\/uploads\/sites\/15\/2022\/02\/Buy-Tuna-Kush.jpg\",\"width\":1024,\"height\":768},{\"@type\":\"BreadcrumbList\",\"@id\":\"https:\/\/medicinasinc.com\/es\/product\/atun-kush\/#breadcrumb\",\"itemListElement\":[{\"@type\":\"ListItem\",\"position\":1,\"name\":\"Tienda\",\"item\":\"https:\/\/medicinasinc.com\/es\/tienda\/\"},{\"@type\":\"ListItem\",\"position\":2,\"name\":\"Tuna Kush\"}]},{\"@type\":\"WebSite\",\"@id\":\"https:\/\/medicinasinc.com\/es\/#website\",\"url\":\"https:\/\/medicinasinc.com\/es\/\",\"name\":\"Medicinas Inc\",\"description\":\"Cl\u00ednica M\u00e9dica de Salud\",\"potentialAction\":[{\"@type\":\"SearchAction\",\"target\":{\"@type\":\"EntryPoint\",\"urlTemplate\":\"https:\/\/medicinasinc.com\/es\/?s={search_term_string}\"},\"query-input\":{\"@type\":\"PropertyValueSpecification\",\"valueRequired\":true,\"valueName\":\"search_term_string\"}}],\"inLanguage\":\"es\"}]}<\/script>\n<!-- \/ Yoast SEO plugin. -->","yoast_head_json":{"title":"Comprar Tuna Kush - Tuna Kush - Best Global Meds","description":"Comprar La hierba Tuna Kush a la venta es una de las variedades de cannabis \u00edndica m\u00e1s potentes disponibles. Una calada te pondr\u00e1 en un profundo estado de euforia y relajaci\u00f3n.","robots":{"index":"index","follow":"follow","max-snippet":"max-snippet:-1","max-image-preview":"max-image-preview:large","max-video-preview":"max-video-preview:-1"},"canonical":"https:\/\/medicinasinc.com\/es\/product\/atun-kush\/","og_locale":"es_ES","og_type":"article","og_title":"Comprar Tuna Kush - Tuna Kush - Best Global Meds","og_description":"Comprar La hierba Tuna Kush a la venta es una de las variedades de cannabis \u00edndica m\u00e1s potentes disponibles. Una calada te pondr\u00e1 en un profundo estado de euforia y relajaci\u00f3n.","og_url":"https:\/\/medicinasinc.com\/es\/product\/atun-kush\/","og_site_name":"Medicinas Inc","article_modified_time":"2022-03-22T00:55:52+00:00","og_image":[{"width":1024,"height":768,"url":"https:\/\/medicinasinc.com\/es\/wp-content\/uploads\/sites\/15\/2022\/02\/Buy-Tuna-Kush.jpg","type":"image\/jpeg"}],"twitter_card":"summary_large_image","twitter_misc":{"Tiempo de lectura":"1 minuto"},"schema":{"@context":"https:\/\/schema.org","@graph":[{"@type":"WebPage","@id":"https:\/\/medicinasinc.com\/es\/product\/atun-kush\/","url":"https:\/\/medicinasinc.com\/es\/product\/atun-kush\/","name":"Comprar Tuna Kush - Tuna Kush - Best Global Meds","isPartOf":{"@id":"https:\/\/medicinasinc.com\/es\/#website"},"primaryImageOfPage":{"@id":"https:\/\/medicinasinc.com\/es\/product\/atun-kush\/#primaryimage"},"image":{"@id":"https:\/\/medicinasinc.com\/es\/product\/atun-kush\/#primaryimage"},"thumbnailUrl":"https:\/\/medicinasinc.com\/es\/wp-content\/uploads\/sites\/15\/2022\/02\/Buy-Tuna-Kush.jpg","datePublished":"2022-02-20T20:14:14+00:00","dateModified":"2022-03-22T00:55:52+00:00","description":"Comprar La hierba Tuna Kush a la venta es una de las variedades de cannabis \u00edndica m\u00e1s potentes disponibles. Una calada te pondr\u00e1 en un profundo estado de euforia y relajaci\u00f3n.","breadcrumb":{"@id":"https:\/\/medicinasinc.com\/es\/product\/atun-kush\/#breadcrumb"},"inLanguage":"es","potentialAction":[{"@type":"ReadAction","target":["https:\/\/medicinasinc.com\/es\/product\/atun-kush\/"]}]},{"@type":"ImageObject","inLanguage":"es","@id":"https:\/\/medicinasinc.com\/es\/product\/atun-kush\/#primaryimage","url":"https:\/\/medicinasinc.com\/es\/wp-content\/uploads\/sites\/15\/2022\/02\/Buy-Tuna-Kush.jpg","contentUrl":"https:\/\/medicinasinc.com\/es\/wp-content\/uploads\/sites\/15\/2022\/02\/Buy-Tuna-Kush.jpg","width":1024,"height":768},{"@type":"BreadcrumbList","@id":"https:\/\/medicinasinc.com\/es\/product\/atun-kush\/#breadcrumb","itemListElement":[{"@type":"ListItem","position":1,"name":"Tienda","item":"https:\/\/medicinasinc.com\/es\/tienda\/"},{"@type":"ListItem","position":2,"name":"Tuna Kush"}]},{"@type":"WebSite","@id":"https:\/\/medicinasinc.com\/es\/#website","url":"https:\/\/medicinasinc.com\/es\/","name":"Medicinas Inc","description":"Cl\u00ednica M\u00e9dica de Salud","potentialAction":[{"@type":"SearchAction","target":{"@type":"EntryPoint","urlTemplate":"https:\/\/medicinasinc.com\/es\/?s={search_term_string}"},"query-input":{"@type":"PropertyValueSpecification","valueRequired":true,"valueName":"search_term_string"}}],"inLanguage":"es"}]}},"_links":{"self":[{"href":"https:\/\/medicinasinc.com\/es\/wp-json\/wp\/v2\/product\/5095","targetHints":{"allow":["GET"]}}],"collection":[{"href":"https:\/\/medicinasinc.com\/es\/wp-json\/wp\/v2\/product"}],"about":[{"href":"https:\/\/medicinasinc.com\/es\/wp-json\/wp\/v2\/types\/product"}],"replies":[{"embeddable":true,"href":"https:\/\/medicinasinc.com\/es\/wp-json\/wp\/v2\/comments?post=5095"}],"wp:featuredmedia":[{"embeddable":true,"href":"https:\/\/medicinasinc.com\/es\/wp-json\/wp\/v2\/media\/5113"}],"wp:attachment":[{"href":"https:\/\/medicinasinc.com\/es\/wp-json\/wp\/v2\/media?parent=5095"}],"wp:term":[{"taxonomy":"product_brand","embeddable":true,"href":"https:\/\/medicinasinc.com\/es\/wp-json\/wp\/v2\/product_brand?post=5095"},{"taxonomy":"product_cat","embeddable":true,"href":"https:\/\/medicinasinc.com\/es\/wp-json\/wp\/v2\/product_cat?post=5095"},{"taxonomy":"product_tag","embeddable":true,"href":"https:\/\/medicinasinc.com\/es\/wp-json\/wp\/v2\/product_tag?post=5095"}],"curies":[{"name":"wp","href":"https:\/\/api.w.org\/{rel}","templated":true}]}}