{"id":5094,"date":"2022-02-20T20:12:57","date_gmt":"2022-02-20T20:12:57","guid":{"rendered":"https:\/\/medicinasinc.com\/es\/?post_type=product&#038;p=5094"},"modified":"2022-03-22T00:56:05","modified_gmt":"2022-03-22T00:56:05","slug":"comprar-pink-kush","status":"publish","type":"product","link":"https:\/\/medicinasinc.com\/es\/product\/comprar-pink-kush\/","title":{"rendered":"Comprar Pink Kush"},"content":{"rendered":"<p><strong>Compra en l\u00ednea de Pink Kush<\/strong><\/p>\n<p>Pink Kush, al igual que su hermano OG Kush, es un h\u00edbrido \u00edndica dominante muy buscado con potentes efectos centrados en el cuerpo. Los pelos rosados \u200b\u200bemergen de los cogollos de color verde brillante que apenas son visibles debajo de una capa de tricomas similares al az\u00facar, impartiendo una dulce fragancia a vainilla y caramelo. Se cree que la eficacia de esta cepa es abrumadora, e incluso se ha descubierto que peque\u00f1as dosis alivian el dolor, el insomnio y la p\u00e9rdida de apetito. La floraci\u00f3n de Pink Kush tarda de 10 a 11 semanas, pero los enormes rendimientos de los mejores cogollos hacen que la espera valga la pena.<\/p>\n<div class=\"product-next-previous\">\n<div class=\"product-prev\"><\/div><\/div>\n","protected":false},"excerpt":{"rendered":"<p>Compra cannabis Pink Kush y otras variedades de marihuana AAA+ en el dispensario en l\u00ednea favorito de Europa. \u00a1Haz tu pedido hoy y aprovecha la entrega gratuita en todos los pedidos superiores a $150!<\/p>\n<p>Pink Kush, al igual que su hermano OG Kush, es un h\u00edbrido \u00edndica dominante muy buscado con potentes efectos centrados en el cuerpo.<\/p>\n<div>\n<p class=\"percentage\"><span class=\"heading\">THC:\u00a0<\/span>25 %<\/p>\n<\/p><\/div>\n<div class=\"panel-heading\">Puede aliviar <i class=\"fa fa-info-circle\" data-toggle=\"tooltip\" data-placement=\"right\"><\/i><\/div>\n<div class=\"panel-body well tags-list\">P\u00e9rdida de apetito,\u00a0dolor cr\u00f3nico,\u00a0depresi\u00f3n,\u00a0insomnio,\u00a0n\u00e1useas<\/div>\n<ul>\n<li>\u00a1AAAAA representa lo mejor de lo mejor!<\/li>\n<li>Cont\u00e1ctenos para pedidos al por mayor<\/li>\n<li>Env\u00edo a todo el mundo.<\/li>\n<\/ul>\n","protected":false},"featured_media":5111,"comment_status":"open","ping_status":"closed","template":"","meta":[],"product_brand":[],"product_cat":[778],"product_tag":[1049,634,1050,1051,1058,1059,1052,1053,1055,1056,1057,1054],"class_list":{"0":"post-5094","1":"product","2":"type-product","3":"status-publish","4":"has-post-thumbnail","6":"product_cat-hierba-para-la-venta","7":"product_tag-comprar-cannabis-online-es","8":"product_tag-comprar-marihuana-online-es","9":"product_tag-comprar-marihuana-medicinal-online-es","10":"product_tag-comprar-nembutal","11":"product_tag-recreativo-marihuana-dispensario","12":"product_tag-hierba-a-la-venta-en-italia","13":"product_tag-hybrid-weed-strains","14":"product_tag-marijuana-strains-online","15":"product_tag-online-medical-marijuana-sales","16":"product_tag-oxycontin-80-mg","17":"product_tag-venta-de-pastillas-para-el-dolor","18":"product_tag-venta-de-marihuana-online","20":"first","21":"instock","22":"shipping-taxable","23":"purchasable","24":"product-type-variable","25":"has-default-attributes"},"yoast_head":"<!-- This site is optimized with the Yoast SEO plugin v27.3 - https:\/\/yoast.com\/product\/yoast-seo-wordpress\/ -->\n<title>Compre Pink Kush en l\u00ednea - Best Best Global Meds<\/title>\n<meta name=\"description\" content=\"Compra la variedad de hierba Pink Kush y m\u00e1s hierba AAA+ del dispensario en l\u00ednea favorito de Europa. \u00a1Haga su pedido hoy y disfrute del env\u00edo gratis en todos los pedidos superiores a $150!\" \/>\n<meta name=\"robots\" content=\"index, follow, max-snippet:-1, max-image-preview:large, max-video-preview:-1\" \/>\n<link rel=\"canonical\" href=\"https:\/\/medicinasinc.com\/es\/product\/comprar-pink-kush\/\" \/>\n<meta property=\"og:locale\" content=\"es_ES\" \/>\n<meta property=\"og:type\" content=\"article\" \/>\n<meta property=\"og:title\" content=\"Compre Pink Kush en l\u00ednea - Best Best Global Meds\" \/>\n<meta property=\"og:description\" content=\"Compra la variedad de hierba Pink Kush y m\u00e1s hierba AAA+ del dispensario en l\u00ednea favorito de Europa. \u00a1Haga su pedido hoy y disfrute del env\u00edo gratis en todos los pedidos superiores a $150!\" \/>\n<meta property=\"og:url\" content=\"https:\/\/medicinasinc.com\/es\/product\/comprar-pink-kush\/\" \/>\n<meta property=\"og:site_name\" content=\"Medicinas Inc\" \/>\n<meta property=\"article:modified_time\" content=\"2022-03-22T00:56:05+00:00\" \/>\n<meta property=\"og:image\" content=\"https:\/\/medicinasinc.com\/es\/wp-content\/uploads\/sites\/15\/2022\/02\/Buy-Pink-Kush.jpg\" \/>\n\t<meta property=\"og:image:width\" content=\"450\" \/>\n\t<meta property=\"og:image:height\" content=\"450\" \/>\n\t<meta property=\"og:image:type\" content=\"image\/jpeg\" \/>\n<meta name=\"twitter:card\" content=\"summary_large_image\" \/>\n<meta name=\"twitter:label1\" content=\"Tiempo de lectura\" \/>\n\t<meta name=\"twitter:data1\" content=\"1 minuto\" \/>\n<script type=\"application\/ld+json\" class=\"yoast-schema-graph\">{\"@context\":\"https:\\\/\\\/schema.org\",\"@graph\":[{\"@type\":\"WebPage\",\"@id\":\"https:\\\/\\\/medicinasinc.com\\\/es\\\/product\\\/comprar-pink-kush\\\/\",\"url\":\"https:\\\/\\\/medicinasinc.com\\\/es\\\/product\\\/comprar-pink-kush\\\/\",\"name\":\"Compre Pink Kush en l\u00ednea - Best Best Global Meds\",\"isPartOf\":{\"@id\":\"https:\\\/\\\/medicinasinc.com\\\/es\\\/#website\"},\"primaryImageOfPage\":{\"@id\":\"https:\\\/\\\/medicinasinc.com\\\/es\\\/product\\\/comprar-pink-kush\\\/#primaryimage\"},\"image\":{\"@id\":\"https:\\\/\\\/medicinasinc.com\\\/es\\\/product\\\/comprar-pink-kush\\\/#primaryimage\"},\"thumbnailUrl\":\"https:\\\/\\\/medicinasinc.com\\\/es\\\/wp-content\\\/uploads\\\/sites\\\/15\\\/2022\\\/02\\\/Buy-Pink-Kush.jpg\",\"datePublished\":\"2022-02-20T20:12:57+00:00\",\"dateModified\":\"2022-03-22T00:56:05+00:00\",\"description\":\"Compra la variedad de hierba Pink Kush y m\u00e1s hierba AAA+ del dispensario en l\u00ednea favorito de Europa. \u00a1Haga su pedido hoy y disfrute del env\u00edo gratis en todos los pedidos superiores a $150!\",\"breadcrumb\":{\"@id\":\"https:\\\/\\\/medicinasinc.com\\\/es\\\/product\\\/comprar-pink-kush\\\/#breadcrumb\"},\"inLanguage\":\"es\",\"potentialAction\":[{\"@type\":\"ReadAction\",\"target\":[\"https:\\\/\\\/medicinasinc.com\\\/es\\\/product\\\/comprar-pink-kush\\\/\"]}]},{\"@type\":\"ImageObject\",\"inLanguage\":\"es\",\"@id\":\"https:\\\/\\\/medicinasinc.com\\\/es\\\/product\\\/comprar-pink-kush\\\/#primaryimage\",\"url\":\"https:\\\/\\\/medicinasinc.com\\\/es\\\/wp-content\\\/uploads\\\/sites\\\/15\\\/2022\\\/02\\\/Buy-Pink-Kush.jpg\",\"contentUrl\":\"https:\\\/\\\/medicinasinc.com\\\/es\\\/wp-content\\\/uploads\\\/sites\\\/15\\\/2022\\\/02\\\/Buy-Pink-Kush.jpg\",\"width\":450,\"height\":450},{\"@type\":\"BreadcrumbList\",\"@id\":\"https:\\\/\\\/medicinasinc.com\\\/es\\\/product\\\/comprar-pink-kush\\\/#breadcrumb\",\"itemListElement\":[{\"@type\":\"ListItem\",\"position\":1,\"name\":\"Tienda\",\"item\":\"https:\\\/\\\/medicinasinc.com\\\/es\\\/tienda\\\/\"},{\"@type\":\"ListItem\",\"position\":2,\"name\":\"Comprar Pink Kush\"}]},{\"@type\":\"WebSite\",\"@id\":\"https:\\\/\\\/medicinasinc.com\\\/es\\\/#website\",\"url\":\"https:\\\/\\\/medicinasinc.com\\\/es\\\/\",\"name\":\"Medicinas Inc\",\"description\":\"Cl\u00ednica M\u00e9dica de Salud\",\"potentialAction\":[{\"@type\":\"SearchAction\",\"target\":{\"@type\":\"EntryPoint\",\"urlTemplate\":\"https:\\\/\\\/medicinasinc.com\\\/es\\\/?s={search_term_string}\"},\"query-input\":{\"@type\":\"PropertyValueSpecification\",\"valueRequired\":true,\"valueName\":\"search_term_string\"}}],\"inLanguage\":\"es\"}]}<\/script>\n<!-- \/ Yoast SEO plugin. -->","yoast_head_json":{"title":"Compre Pink Kush en l\u00ednea - Best Best Global Meds","description":"Compra la variedad de hierba Pink Kush y m\u00e1s hierba AAA+ del dispensario en l\u00ednea favorito de Europa. \u00a1Haga su pedido hoy y disfrute del env\u00edo gratis en todos los pedidos superiores a $150!","robots":{"index":"index","follow":"follow","max-snippet":"max-snippet:-1","max-image-preview":"max-image-preview:large","max-video-preview":"max-video-preview:-1"},"canonical":"https:\/\/medicinasinc.com\/es\/product\/comprar-pink-kush\/","og_locale":"es_ES","og_type":"article","og_title":"Compre Pink Kush en l\u00ednea - Best Best Global Meds","og_description":"Compra la variedad de hierba Pink Kush y m\u00e1s hierba AAA+ del dispensario en l\u00ednea favorito de Europa. \u00a1Haga su pedido hoy y disfrute del env\u00edo gratis en todos los pedidos superiores a $150!","og_url":"https:\/\/medicinasinc.com\/es\/product\/comprar-pink-kush\/","og_site_name":"Medicinas Inc","article_modified_time":"2022-03-22T00:56:05+00:00","og_image":[{"width":450,"height":450,"url":"https:\/\/medicinasinc.com\/es\/wp-content\/uploads\/sites\/15\/2022\/02\/Buy-Pink-Kush.jpg","type":"image\/jpeg"}],"twitter_card":"summary_large_image","twitter_misc":{"Tiempo de lectura":"1 minuto"},"schema":{"@context":"https:\/\/schema.org","@graph":[{"@type":"WebPage","@id":"https:\/\/medicinasinc.com\/es\/product\/comprar-pink-kush\/","url":"https:\/\/medicinasinc.com\/es\/product\/comprar-pink-kush\/","name":"Compre Pink Kush en l\u00ednea - Best Best Global Meds","isPartOf":{"@id":"https:\/\/medicinasinc.com\/es\/#website"},"primaryImageOfPage":{"@id":"https:\/\/medicinasinc.com\/es\/product\/comprar-pink-kush\/#primaryimage"},"image":{"@id":"https:\/\/medicinasinc.com\/es\/product\/comprar-pink-kush\/#primaryimage"},"thumbnailUrl":"https:\/\/medicinasinc.com\/es\/wp-content\/uploads\/sites\/15\/2022\/02\/Buy-Pink-Kush.jpg","datePublished":"2022-02-20T20:12:57+00:00","dateModified":"2022-03-22T00:56:05+00:00","description":"Compra la variedad de hierba Pink Kush y m\u00e1s hierba AAA+ del dispensario en l\u00ednea favorito de Europa. \u00a1Haga su pedido hoy y disfrute del env\u00edo gratis en todos los pedidos superiores a $150!","breadcrumb":{"@id":"https:\/\/medicinasinc.com\/es\/product\/comprar-pink-kush\/#breadcrumb"},"inLanguage":"es","potentialAction":[{"@type":"ReadAction","target":["https:\/\/medicinasinc.com\/es\/product\/comprar-pink-kush\/"]}]},{"@type":"ImageObject","inLanguage":"es","@id":"https:\/\/medicinasinc.com\/es\/product\/comprar-pink-kush\/#primaryimage","url":"https:\/\/medicinasinc.com\/es\/wp-content\/uploads\/sites\/15\/2022\/02\/Buy-Pink-Kush.jpg","contentUrl":"https:\/\/medicinasinc.com\/es\/wp-content\/uploads\/sites\/15\/2022\/02\/Buy-Pink-Kush.jpg","width":450,"height":450},{"@type":"BreadcrumbList","@id":"https:\/\/medicinasinc.com\/es\/product\/comprar-pink-kush\/#breadcrumb","itemListElement":[{"@type":"ListItem","position":1,"name":"Tienda","item":"https:\/\/medicinasinc.com\/es\/tienda\/"},{"@type":"ListItem","position":2,"name":"Comprar Pink Kush"}]},{"@type":"WebSite","@id":"https:\/\/medicinasinc.com\/es\/#website","url":"https:\/\/medicinasinc.com\/es\/","name":"Medicinas Inc","description":"Cl\u00ednica M\u00e9dica de Salud","potentialAction":[{"@type":"SearchAction","target":{"@type":"EntryPoint","urlTemplate":"https:\/\/medicinasinc.com\/es\/?s={search_term_string}"},"query-input":{"@type":"PropertyValueSpecification","valueRequired":true,"valueName":"search_term_string"}}],"inLanguage":"es"}]}},"_links":{"self":[{"href":"https:\/\/medicinasinc.com\/es\/wp-json\/wp\/v2\/product\/5094","targetHints":{"allow":["GET"]}}],"collection":[{"href":"https:\/\/medicinasinc.com\/es\/wp-json\/wp\/v2\/product"}],"about":[{"href":"https:\/\/medicinasinc.com\/es\/wp-json\/wp\/v2\/types\/product"}],"replies":[{"embeddable":true,"href":"https:\/\/medicinasinc.com\/es\/wp-json\/wp\/v2\/comments?post=5094"}],"wp:featuredmedia":[{"embeddable":true,"href":"https:\/\/medicinasinc.com\/es\/wp-json\/wp\/v2\/media\/5111"}],"wp:attachment":[{"href":"https:\/\/medicinasinc.com\/es\/wp-json\/wp\/v2\/media?parent=5094"}],"wp:term":[{"taxonomy":"product_brand","embeddable":true,"href":"https:\/\/medicinasinc.com\/es\/wp-json\/wp\/v2\/product_brand?post=5094"},{"taxonomy":"product_cat","embeddable":true,"href":"https:\/\/medicinasinc.com\/es\/wp-json\/wp\/v2\/product_cat?post=5094"},{"taxonomy":"product_tag","embeddable":true,"href":"https:\/\/medicinasinc.com\/es\/wp-json\/wp\/v2\/product_tag?post=5094"}],"curies":[{"name":"wp","href":"https:\/\/api.w.org\/{rel}","templated":true}]}}