{"id":5070,"date":"2022-02-20T19:52:54","date_gmt":"2022-02-20T19:52:54","guid":{"rendered":"https:\/\/medicinasinc.com\/es\/?post_type=product&#038;p=5070"},"modified":"2022-03-22T00:56:22","modified_gmt":"2022-03-22T00:56:22","slug":"comprar-super-sour-skunk","status":"publish","type":"product","link":"https:\/\/medicinasinc.com\/es\/product\/comprar-super-sour-skunk\/","title":{"rendered":"Comprar Super Sour Skunk"},"content":{"rendered":"<h1 class=\"product_title entry-title\">Compra online marihuana Super Sour Skunk Especificaciones para la cepa autofloreciente Super Sour Diesel<\/h1>\n<p>Tipo: Sativa dominante<br \/> Gen\u00e9tica Padres: Sour Diesel X Super Silver Haze<br \/> Per\u00edodo de floraci\u00f3n: 9 a 11 semanas<br \/> Clima: Soleado\/Mediterr\u00e1neo<br \/> Rendimiento: 315 g\/metro cuadrado en interior \/ 370 g\/planta en exterior<br \/> Sabores: Picante, Agrio, Diesel, Picante, Terroso <br \/> Nivel de THC: 18 %-24 %<br \/> Nivel de CBD: 1 %<br \/> Altura: alta<br \/> Per\u00edodo de cosecha: finales de octubre<br \/> Dificultad de cultivo: moderada<\/p>\n<div class=\"producto-siguiente-anterior\">\n<div class=\"producto-anterior\"><\/div><\/div>\n","protected":false},"excerpt":{"rendered":"<p>Marihuana Super Sour Skunk a la venta en Reino Unido y Europa al mejor precio. Realizamos env\u00edos internacionales seguros y protegidos.<\/p>\n<p>Compra Super Sour Skunk en tu zona. Haz un pedido en l\u00ednea. Recogida o entrega el mismo d\u00eda.<\/p>\n<p>Compre etiquetas de lata de at\u00fan Cali Super Sour Skunk Cali para envases de dispensario. Tenemos 1000&#8217;s en stock y listos para enviar. Adem\u00e1s, hay disponibles dise\u00f1os personalizados de Cali.<\/p>\n<p>.<\/p>\n","protected":false},"featured_media":5089,"comment_status":"open","ping_status":"closed","template":"","meta":[],"product_brand":[],"product_cat":[778],"product_tag":[1034,1036,1033,1035,1038,1037,1039,1040],"class_list":{"0":"post-5070","1":"product","2":"type-product","3":"status-publish","4":"has-post-thumbnail","6":"product_cat-hierba-para-la-venta","7":"product_tag-agrio-skunk-cdb","8":"product_tag-agrio-skunk-cepa-allbud","9":"product_tag-sour-skunk-auto","10":"product_tag-agrio-skunk-y-cepa","11":"product_tag-sour-skunk-cepa-hojas","12":"product_tag-sour-skunk-cepa-indica-o-sativa","13":"product_tag-sper-mofeta","14":"product_tag-super-sour-skunk-strain","16":"first","17":"instock","18":"shipping-taxable","19":"purchasable","20":"product-type-variable","21":"has-default-attributes"},"yoast_head":"<!-- This site is optimized with the Yoast SEO plugin v27.2 - https:\/\/yoast.com\/product\/yoast-seo-wordpress\/ -->\n<title>Comprar marihuana Super Sour Skunk online - Best Best Global Meds<\/title>\n<meta name=\"description\" content=\"Comprar marihuana Super Sour Skunk en venta Reino Unido, Europa online al mejor precio. Garantizamos env\u00edos seguros y protegidos a todo el mundo\" \/>\n<meta name=\"robots\" content=\"index, follow, max-snippet:-1, max-image-preview:large, max-video-preview:-1\" \/>\n<link rel=\"canonical\" href=\"https:\/\/medicinasinc.com\/es\/product\/comprar-super-sour-skunk\/\" \/>\n<meta property=\"og:locale\" content=\"es_ES\" \/>\n<meta property=\"og:type\" content=\"article\" \/>\n<meta property=\"og:title\" content=\"Comprar marihuana Super Sour Skunk online - Best Best Global Meds\" \/>\n<meta property=\"og:description\" content=\"Comprar marihuana Super Sour Skunk en venta Reino Unido, Europa online al mejor precio. Garantizamos env\u00edos seguros y protegidos a todo el mundo\" \/>\n<meta property=\"og:url\" content=\"https:\/\/medicinasinc.com\/es\/product\/comprar-super-sour-skunk\/\" \/>\n<meta property=\"og:site_name\" content=\"Medicinas Inc\" \/>\n<meta property=\"article:modified_time\" content=\"2022-03-22T00:56:22+00:00\" \/>\n<meta property=\"og:image\" content=\"https:\/\/medicinasinc.com\/es\/wp-content\/uploads\/sites\/15\/2022\/02\/Buy-Super-Sour-Skunk.jpg\" \/>\n\t<meta property=\"og:image:width\" content=\"667\" \/>\n\t<meta property=\"og:image:height\" content=\"1000\" \/>\n\t<meta property=\"og:image:type\" content=\"image\/jpeg\" \/>\n<meta name=\"twitter:card\" content=\"summary_large_image\" \/>\n<meta name=\"twitter:label1\" content=\"Tiempo de lectura\" \/>\n\t<meta name=\"twitter:data1\" content=\"1 minuto\" \/>\n<script type=\"application\/ld+json\" class=\"yoast-schema-graph\">{\"@context\":\"https:\/\/schema.org\",\"@graph\":[{\"@type\":\"WebPage\",\"@id\":\"https:\/\/medicinasinc.com\/es\/product\/comprar-super-sour-skunk\/\",\"url\":\"https:\/\/medicinasinc.com\/es\/product\/comprar-super-sour-skunk\/\",\"name\":\"Comprar marihuana Super Sour Skunk online - Best Best Global Meds\",\"isPartOf\":{\"@id\":\"https:\/\/medicinasinc.com\/es\/#website\"},\"primaryImageOfPage\":{\"@id\":\"https:\/\/medicinasinc.com\/es\/product\/comprar-super-sour-skunk\/#primaryimage\"},\"image\":{\"@id\":\"https:\/\/medicinasinc.com\/es\/product\/comprar-super-sour-skunk\/#primaryimage\"},\"thumbnailUrl\":\"https:\/\/medicinasinc.com\/es\/wp-content\/uploads\/sites\/15\/2022\/02\/Buy-Super-Sour-Skunk.jpg\",\"datePublished\":\"2022-02-20T19:52:54+00:00\",\"dateModified\":\"2022-03-22T00:56:22+00:00\",\"description\":\"Comprar marihuana Super Sour Skunk en venta Reino Unido, Europa online al mejor precio. Garantizamos env\u00edos seguros y protegidos a todo el mundo\",\"breadcrumb\":{\"@id\":\"https:\/\/medicinasinc.com\/es\/product\/comprar-super-sour-skunk\/#breadcrumb\"},\"inLanguage\":\"es\",\"potentialAction\":[{\"@type\":\"ReadAction\",\"target\":[\"https:\/\/medicinasinc.com\/es\/product\/comprar-super-sour-skunk\/\"]}]},{\"@type\":\"ImageObject\",\"inLanguage\":\"es\",\"@id\":\"https:\/\/medicinasinc.com\/es\/product\/comprar-super-sour-skunk\/#primaryimage\",\"url\":\"https:\/\/medicinasinc.com\/es\/wp-content\/uploads\/sites\/15\/2022\/02\/Buy-Super-Sour-Skunk.jpg\",\"contentUrl\":\"https:\/\/medicinasinc.com\/es\/wp-content\/uploads\/sites\/15\/2022\/02\/Buy-Super-Sour-Skunk.jpg\",\"width\":667,\"height\":1000},{\"@type\":\"BreadcrumbList\",\"@id\":\"https:\/\/medicinasinc.com\/es\/product\/comprar-super-sour-skunk\/#breadcrumb\",\"itemListElement\":[{\"@type\":\"ListItem\",\"position\":1,\"name\":\"Tienda\",\"item\":\"https:\/\/medicinasinc.com\/es\/tienda\/\"},{\"@type\":\"ListItem\",\"position\":2,\"name\":\"Comprar Super Sour Skunk\"}]},{\"@type\":\"WebSite\",\"@id\":\"https:\/\/medicinasinc.com\/es\/#website\",\"url\":\"https:\/\/medicinasinc.com\/es\/\",\"name\":\"Medicinas Inc\",\"description\":\"Cl\u00ednica M\u00e9dica de Salud\",\"potentialAction\":[{\"@type\":\"SearchAction\",\"target\":{\"@type\":\"EntryPoint\",\"urlTemplate\":\"https:\/\/medicinasinc.com\/es\/?s={search_term_string}\"},\"query-input\":{\"@type\":\"PropertyValueSpecification\",\"valueRequired\":true,\"valueName\":\"search_term_string\"}}],\"inLanguage\":\"es\"}]}<\/script>\n<!-- \/ Yoast SEO plugin. -->","yoast_head_json":{"title":"Comprar marihuana Super Sour Skunk online - Best Best Global Meds","description":"Comprar marihuana Super Sour Skunk en venta Reino Unido, Europa online al mejor precio. Garantizamos env\u00edos seguros y protegidos a todo el mundo","robots":{"index":"index","follow":"follow","max-snippet":"max-snippet:-1","max-image-preview":"max-image-preview:large","max-video-preview":"max-video-preview:-1"},"canonical":"https:\/\/medicinasinc.com\/es\/product\/comprar-super-sour-skunk\/","og_locale":"es_ES","og_type":"article","og_title":"Comprar marihuana Super Sour Skunk online - Best Best Global Meds","og_description":"Comprar marihuana Super Sour Skunk en venta Reino Unido, Europa online al mejor precio. Garantizamos env\u00edos seguros y protegidos a todo el mundo","og_url":"https:\/\/medicinasinc.com\/es\/product\/comprar-super-sour-skunk\/","og_site_name":"Medicinas Inc","article_modified_time":"2022-03-22T00:56:22+00:00","og_image":[{"width":667,"height":1000,"url":"https:\/\/medicinasinc.com\/es\/wp-content\/uploads\/sites\/15\/2022\/02\/Buy-Super-Sour-Skunk.jpg","type":"image\/jpeg"}],"twitter_card":"summary_large_image","twitter_misc":{"Tiempo de lectura":"1 minuto"},"schema":{"@context":"https:\/\/schema.org","@graph":[{"@type":"WebPage","@id":"https:\/\/medicinasinc.com\/es\/product\/comprar-super-sour-skunk\/","url":"https:\/\/medicinasinc.com\/es\/product\/comprar-super-sour-skunk\/","name":"Comprar marihuana Super Sour Skunk online - Best Best Global Meds","isPartOf":{"@id":"https:\/\/medicinasinc.com\/es\/#website"},"primaryImageOfPage":{"@id":"https:\/\/medicinasinc.com\/es\/product\/comprar-super-sour-skunk\/#primaryimage"},"image":{"@id":"https:\/\/medicinasinc.com\/es\/product\/comprar-super-sour-skunk\/#primaryimage"},"thumbnailUrl":"https:\/\/medicinasinc.com\/es\/wp-content\/uploads\/sites\/15\/2022\/02\/Buy-Super-Sour-Skunk.jpg","datePublished":"2022-02-20T19:52:54+00:00","dateModified":"2022-03-22T00:56:22+00:00","description":"Comprar marihuana Super Sour Skunk en venta Reino Unido, Europa online al mejor precio. Garantizamos env\u00edos seguros y protegidos a todo el mundo","breadcrumb":{"@id":"https:\/\/medicinasinc.com\/es\/product\/comprar-super-sour-skunk\/#breadcrumb"},"inLanguage":"es","potentialAction":[{"@type":"ReadAction","target":["https:\/\/medicinasinc.com\/es\/product\/comprar-super-sour-skunk\/"]}]},{"@type":"ImageObject","inLanguage":"es","@id":"https:\/\/medicinasinc.com\/es\/product\/comprar-super-sour-skunk\/#primaryimage","url":"https:\/\/medicinasinc.com\/es\/wp-content\/uploads\/sites\/15\/2022\/02\/Buy-Super-Sour-Skunk.jpg","contentUrl":"https:\/\/medicinasinc.com\/es\/wp-content\/uploads\/sites\/15\/2022\/02\/Buy-Super-Sour-Skunk.jpg","width":667,"height":1000},{"@type":"BreadcrumbList","@id":"https:\/\/medicinasinc.com\/es\/product\/comprar-super-sour-skunk\/#breadcrumb","itemListElement":[{"@type":"ListItem","position":1,"name":"Tienda","item":"https:\/\/medicinasinc.com\/es\/tienda\/"},{"@type":"ListItem","position":2,"name":"Comprar Super Sour Skunk"}]},{"@type":"WebSite","@id":"https:\/\/medicinasinc.com\/es\/#website","url":"https:\/\/medicinasinc.com\/es\/","name":"Medicinas Inc","description":"Cl\u00ednica M\u00e9dica de Salud","potentialAction":[{"@type":"SearchAction","target":{"@type":"EntryPoint","urlTemplate":"https:\/\/medicinasinc.com\/es\/?s={search_term_string}"},"query-input":{"@type":"PropertyValueSpecification","valueRequired":true,"valueName":"search_term_string"}}],"inLanguage":"es"}]}},"_links":{"self":[{"href":"https:\/\/medicinasinc.com\/es\/wp-json\/wp\/v2\/product\/5070","targetHints":{"allow":["GET"]}}],"collection":[{"href":"https:\/\/medicinasinc.com\/es\/wp-json\/wp\/v2\/product"}],"about":[{"href":"https:\/\/medicinasinc.com\/es\/wp-json\/wp\/v2\/types\/product"}],"replies":[{"embeddable":true,"href":"https:\/\/medicinasinc.com\/es\/wp-json\/wp\/v2\/comments?post=5070"}],"wp:featuredmedia":[{"embeddable":true,"href":"https:\/\/medicinasinc.com\/es\/wp-json\/wp\/v2\/media\/5089"}],"wp:attachment":[{"href":"https:\/\/medicinasinc.com\/es\/wp-json\/wp\/v2\/media?parent=5070"}],"wp:term":[{"taxonomy":"product_brand","embeddable":true,"href":"https:\/\/medicinasinc.com\/es\/wp-json\/wp\/v2\/product_brand?post=5070"},{"taxonomy":"product_cat","embeddable":true,"href":"https:\/\/medicinasinc.com\/es\/wp-json\/wp\/v2\/product_cat?post=5070"},{"taxonomy":"product_tag","embeddable":true,"href":"https:\/\/medicinasinc.com\/es\/wp-json\/wp\/v2\/product_tag?post=5070"}],"curies":[{"name":"wp","href":"https:\/\/api.w.org\/{rel}","templated":true}]}}