{"id":5069,"date":"2022-02-20T19:51:48","date_gmt":"2022-02-20T19:51:48","guid":{"rendered":"https:\/\/medicinasinc.com\/es\/?post_type=product&#038;p=5069"},"modified":"2022-03-22T00:56:30","modified_gmt":"2022-03-22T00:56:30","slug":"comprar-super-sour-diesel","status":"publish","type":"product","link":"https:\/\/medicinasinc.com\/es\/product\/comprar-super-sour-diesel\/","title":{"rendered":"Comprar Super Sour Diesel"},"content":{"rendered":"<p>Marihuana Super Sour Diesel a la venta online.<\/p>\n<p>Marihuana Super Sour Diesel a la venta online.<\/p>\n<p>El contenido de THC sativa de la variedad de marihuana super sour diesel est\u00e1 entre el 18 y el 24 por ciento.<\/p>\n<p>Efectos<br \/> Cerebral, Energizante, Euforia, Feliz<br \/> Puede aliviar<br \/> ADD\/ADHD, Dolor cr\u00f3nico, Depresi\u00f3n, Presi\u00f3n ocular, Fatiga, Fibromialgia, P\u00e9rdida del apetito, Migra\u00f1as, Estr\u00e9s<br \/> Sabores<br \/> C\u00edtricos, Diesel, Especiados, Dulces<br \/> Aromas<br \/> Diesel, Herbal, Picante, Agrio, Especiado<\/p>\n","protected":false},"excerpt":{"rendered":"<div class=\"woocommerce-product-details__short-description\">\n<p>Super Sour Diesel AAAA es una variedad de marihuana creada a partir del cruce de Super Silver Haze con Sour Diesel.<\/p>\n<p>Marihuana Super Sour Diesel a la venta online. <\/p>\n<p>Comprar hierba en l\u00ednea. Venta de marihuana. Compre marihuana medicinal de alta calidad y variedades de cannabis en l\u00ednea.<\/p>\n<\/p><\/div>\n","protected":false},"featured_media":5087,"comment_status":"open","ping_status":"closed","template":"","meta":[],"product_brand":[],"product_cat":[778],"product_tag":[1030,1032,1027,1028,1029,1025,1026,1031],"class_list":{"0":"post-5069","1":"product","2":"type-product","3":"status-publish","4":"has-post-thumbnail","6":"product_cat-hierba-para-la-venta","7":"product_tag-super-sour-diesel-cepa","8":"product_tag-super-sour-diesel-vs-sour-diesel","9":"product_tag-super-sour-diesel-efectos","10":"product_tag-super-sour-diesel-precio","11":"product_tag-super-sour-diesel-semillas","12":"product_tag-super-sour-diesel-allbud","13":"product_tag-super-sour-diesel-cdb","14":"product_tag-super-sour-diesel-terpenos","16":"first","17":"instock","18":"shipping-taxable","19":"purchasable","20":"product-type-variable","21":"has-default-attributes"},"yoast_head":"<!-- This site is optimized with the Yoast SEO plugin v27.2 - https:\/\/yoast.com\/product\/yoast-seo-wordpress\/ -->\n<title>Comprar Super Sour Diesel - Best Best Global Meds<\/title>\n<meta name=\"description\" content=\"Compre Super Sour Diesel AAAA a la venta en el mejor dispensario m\u00e9dico recreativo, variedad de marihuana hecha cruzando Super Silver Haze con Sour Diesel.\" \/>\n<meta name=\"robots\" content=\"index, follow, max-snippet:-1, max-image-preview:large, max-video-preview:-1\" \/>\n<link rel=\"canonical\" href=\"https:\/\/medicinasinc.com\/es\/product\/comprar-super-sour-diesel\/\" \/>\n<meta property=\"og:locale\" content=\"es_ES\" \/>\n<meta property=\"og:type\" content=\"article\" \/>\n<meta property=\"og:title\" content=\"Comprar Super Sour Diesel - Best Best Global Meds\" \/>\n<meta property=\"og:description\" content=\"Compre Super Sour Diesel AAAA a la venta en el mejor dispensario m\u00e9dico recreativo, variedad de marihuana hecha cruzando Super Silver Haze con Sour Diesel.\" \/>\n<meta property=\"og:url\" content=\"https:\/\/medicinasinc.com\/es\/product\/comprar-super-sour-diesel\/\" \/>\n<meta property=\"og:site_name\" content=\"Medicinas Inc\" \/>\n<meta property=\"article:modified_time\" content=\"2022-03-22T00:56:30+00:00\" \/>\n<meta property=\"og:image\" content=\"https:\/\/medicinasinc.com\/es\/wp-content\/uploads\/sites\/15\/2022\/02\/Buy-Super-Sour-Diesel-scaled-1.jpg\" \/>\n\t<meta property=\"og:image:width\" content=\"1920\" \/>\n\t<meta property=\"og:image:height\" content=\"2560\" \/>\n\t<meta property=\"og:image:type\" content=\"image\/jpeg\" \/>\n<meta name=\"twitter:card\" content=\"summary_large_image\" \/>\n<meta name=\"twitter:label1\" content=\"Tiempo de lectura\" \/>\n\t<meta name=\"twitter:data1\" content=\"1 minuto\" \/>\n<script type=\"application\/ld+json\" class=\"yoast-schema-graph\">{\"@context\":\"https:\/\/schema.org\",\"@graph\":[{\"@type\":\"WebPage\",\"@id\":\"https:\/\/medicinasinc.com\/es\/product\/comprar-super-sour-diesel\/\",\"url\":\"https:\/\/medicinasinc.com\/es\/product\/comprar-super-sour-diesel\/\",\"name\":\"Comprar Super Sour Diesel - Best Best Global Meds\",\"isPartOf\":{\"@id\":\"https:\/\/medicinasinc.com\/es\/#website\"},\"primaryImageOfPage\":{\"@id\":\"https:\/\/medicinasinc.com\/es\/product\/comprar-super-sour-diesel\/#primaryimage\"},\"image\":{\"@id\":\"https:\/\/medicinasinc.com\/es\/product\/comprar-super-sour-diesel\/#primaryimage\"},\"thumbnailUrl\":\"https:\/\/medicinasinc.com\/es\/wp-content\/uploads\/sites\/15\/2022\/02\/Buy-Super-Sour-Diesel-scaled-1.jpg\",\"datePublished\":\"2022-02-20T19:51:48+00:00\",\"dateModified\":\"2022-03-22T00:56:30+00:00\",\"description\":\"Compre Super Sour Diesel AAAA a la venta en el mejor dispensario m\u00e9dico recreativo, variedad de marihuana hecha cruzando Super Silver Haze con Sour Diesel.\",\"breadcrumb\":{\"@id\":\"https:\/\/medicinasinc.com\/es\/product\/comprar-super-sour-diesel\/#breadcrumb\"},\"inLanguage\":\"es\",\"potentialAction\":[{\"@type\":\"ReadAction\",\"target\":[\"https:\/\/medicinasinc.com\/es\/product\/comprar-super-sour-diesel\/\"]}]},{\"@type\":\"ImageObject\",\"inLanguage\":\"es\",\"@id\":\"https:\/\/medicinasinc.com\/es\/product\/comprar-super-sour-diesel\/#primaryimage\",\"url\":\"https:\/\/medicinasinc.com\/es\/wp-content\/uploads\/sites\/15\/2022\/02\/Buy-Super-Sour-Diesel-scaled-1.jpg\",\"contentUrl\":\"https:\/\/medicinasinc.com\/es\/wp-content\/uploads\/sites\/15\/2022\/02\/Buy-Super-Sour-Diesel-scaled-1.jpg\",\"width\":1920,\"height\":2560},{\"@type\":\"BreadcrumbList\",\"@id\":\"https:\/\/medicinasinc.com\/es\/product\/comprar-super-sour-diesel\/#breadcrumb\",\"itemListElement\":[{\"@type\":\"ListItem\",\"position\":1,\"name\":\"Tienda\",\"item\":\"https:\/\/medicinasinc.com\/es\/tienda\/\"},{\"@type\":\"ListItem\",\"position\":2,\"name\":\"Comprar Super Sour Diesel\"}]},{\"@type\":\"WebSite\",\"@id\":\"https:\/\/medicinasinc.com\/es\/#website\",\"url\":\"https:\/\/medicinasinc.com\/es\/\",\"name\":\"Medicinas Inc\",\"description\":\"Cl\u00ednica M\u00e9dica de Salud\",\"potentialAction\":[{\"@type\":\"SearchAction\",\"target\":{\"@type\":\"EntryPoint\",\"urlTemplate\":\"https:\/\/medicinasinc.com\/es\/?s={search_term_string}\"},\"query-input\":{\"@type\":\"PropertyValueSpecification\",\"valueRequired\":true,\"valueName\":\"search_term_string\"}}],\"inLanguage\":\"es\"}]}<\/script>\n<!-- \/ Yoast SEO plugin. -->","yoast_head_json":{"title":"Comprar Super Sour Diesel - Best Best Global Meds","description":"Compre Super Sour Diesel AAAA a la venta en el mejor dispensario m\u00e9dico recreativo, variedad de marihuana hecha cruzando Super Silver Haze con Sour Diesel.","robots":{"index":"index","follow":"follow","max-snippet":"max-snippet:-1","max-image-preview":"max-image-preview:large","max-video-preview":"max-video-preview:-1"},"canonical":"https:\/\/medicinasinc.com\/es\/product\/comprar-super-sour-diesel\/","og_locale":"es_ES","og_type":"article","og_title":"Comprar Super Sour Diesel - Best Best Global Meds","og_description":"Compre Super Sour Diesel AAAA a la venta en el mejor dispensario m\u00e9dico recreativo, variedad de marihuana hecha cruzando Super Silver Haze con Sour Diesel.","og_url":"https:\/\/medicinasinc.com\/es\/product\/comprar-super-sour-diesel\/","og_site_name":"Medicinas Inc","article_modified_time":"2022-03-22T00:56:30+00:00","og_image":[{"width":1920,"height":2560,"url":"https:\/\/medicinasinc.com\/es\/wp-content\/uploads\/sites\/15\/2022\/02\/Buy-Super-Sour-Diesel-scaled-1.jpg","type":"image\/jpeg"}],"twitter_card":"summary_large_image","twitter_misc":{"Tiempo de lectura":"1 minuto"},"schema":{"@context":"https:\/\/schema.org","@graph":[{"@type":"WebPage","@id":"https:\/\/medicinasinc.com\/es\/product\/comprar-super-sour-diesel\/","url":"https:\/\/medicinasinc.com\/es\/product\/comprar-super-sour-diesel\/","name":"Comprar Super Sour Diesel - Best Best Global Meds","isPartOf":{"@id":"https:\/\/medicinasinc.com\/es\/#website"},"primaryImageOfPage":{"@id":"https:\/\/medicinasinc.com\/es\/product\/comprar-super-sour-diesel\/#primaryimage"},"image":{"@id":"https:\/\/medicinasinc.com\/es\/product\/comprar-super-sour-diesel\/#primaryimage"},"thumbnailUrl":"https:\/\/medicinasinc.com\/es\/wp-content\/uploads\/sites\/15\/2022\/02\/Buy-Super-Sour-Diesel-scaled-1.jpg","datePublished":"2022-02-20T19:51:48+00:00","dateModified":"2022-03-22T00:56:30+00:00","description":"Compre Super Sour Diesel AAAA a la venta en el mejor dispensario m\u00e9dico recreativo, variedad de marihuana hecha cruzando Super Silver Haze con Sour Diesel.","breadcrumb":{"@id":"https:\/\/medicinasinc.com\/es\/product\/comprar-super-sour-diesel\/#breadcrumb"},"inLanguage":"es","potentialAction":[{"@type":"ReadAction","target":["https:\/\/medicinasinc.com\/es\/product\/comprar-super-sour-diesel\/"]}]},{"@type":"ImageObject","inLanguage":"es","@id":"https:\/\/medicinasinc.com\/es\/product\/comprar-super-sour-diesel\/#primaryimage","url":"https:\/\/medicinasinc.com\/es\/wp-content\/uploads\/sites\/15\/2022\/02\/Buy-Super-Sour-Diesel-scaled-1.jpg","contentUrl":"https:\/\/medicinasinc.com\/es\/wp-content\/uploads\/sites\/15\/2022\/02\/Buy-Super-Sour-Diesel-scaled-1.jpg","width":1920,"height":2560},{"@type":"BreadcrumbList","@id":"https:\/\/medicinasinc.com\/es\/product\/comprar-super-sour-diesel\/#breadcrumb","itemListElement":[{"@type":"ListItem","position":1,"name":"Tienda","item":"https:\/\/medicinasinc.com\/es\/tienda\/"},{"@type":"ListItem","position":2,"name":"Comprar Super Sour Diesel"}]},{"@type":"WebSite","@id":"https:\/\/medicinasinc.com\/es\/#website","url":"https:\/\/medicinasinc.com\/es\/","name":"Medicinas Inc","description":"Cl\u00ednica M\u00e9dica de Salud","potentialAction":[{"@type":"SearchAction","target":{"@type":"EntryPoint","urlTemplate":"https:\/\/medicinasinc.com\/es\/?s={search_term_string}"},"query-input":{"@type":"PropertyValueSpecification","valueRequired":true,"valueName":"search_term_string"}}],"inLanguage":"es"}]}},"_links":{"self":[{"href":"https:\/\/medicinasinc.com\/es\/wp-json\/wp\/v2\/product\/5069","targetHints":{"allow":["GET"]}}],"collection":[{"href":"https:\/\/medicinasinc.com\/es\/wp-json\/wp\/v2\/product"}],"about":[{"href":"https:\/\/medicinasinc.com\/es\/wp-json\/wp\/v2\/types\/product"}],"replies":[{"embeddable":true,"href":"https:\/\/medicinasinc.com\/es\/wp-json\/wp\/v2\/comments?post=5069"}],"wp:featuredmedia":[{"embeddable":true,"href":"https:\/\/medicinasinc.com\/es\/wp-json\/wp\/v2\/media\/5087"}],"wp:attachment":[{"href":"https:\/\/medicinasinc.com\/es\/wp-json\/wp\/v2\/media?parent=5069"}],"wp:term":[{"taxonomy":"product_brand","embeddable":true,"href":"https:\/\/medicinasinc.com\/es\/wp-json\/wp\/v2\/product_brand?post=5069"},{"taxonomy":"product_cat","embeddable":true,"href":"https:\/\/medicinasinc.com\/es\/wp-json\/wp\/v2\/product_cat?post=5069"},{"taxonomy":"product_tag","embeddable":true,"href":"https:\/\/medicinasinc.com\/es\/wp-json\/wp\/v2\/product_tag?post=5069"}],"curies":[{"name":"wp","href":"https:\/\/api.w.org\/{rel}","templated":true}]}}