{"id":5068,"date":"2022-02-20T19:50:54","date_gmt":"2022-02-20T19:50:54","guid":{"rendered":"https:\/\/medicinasinc.com\/es\/?post_type=product&#038;p=5068"},"modified":"2022-03-22T00:56:42","modified_gmt":"2022-03-22T00:56:42","slug":"comprar-super-limon-haze","status":"publish","type":"product","link":"https:\/\/medicinasinc.com\/es\/product\/comprar-super-limon-haze\/","title":{"rendered":"Comprar Super Lemon Haze"},"content":{"rendered":"<p>Compra en l\u00ednea de Super Lamon Haze<\/p>\n<p>Esta deliciosa variedad de lim\u00f3n es una variedad de buen rendimiento que es adecuada para cualquier grupo de veteranos. Super Lemon Haze es una de las cepas m\u00e1s populares, especialmente entre los entusiastas de la India, y los ha convertido con \u00e9xito en sativas. Sin duda, la Super Lemon Haze es \u00fanica. Esta ganadora de la Cannabis Cup es un cruce entre Lemon Skunk y Super Silver Haze, lo que la convierte en una variedad de pedigr\u00ed y una de las mejores sativas disponibles en la actualidad. Puede comprar Super Lamon Haze en l\u00ednea y encontrarla a la venta en l\u00ednea. Este h\u00edbrido de dominancia sativa realmente hace honor a su nombre, con un poderoso aroma limonico que huele incre\u00edble. Super Lemon Haze comienza de forma lenta pero constante, llegando a un tremendo subid\u00f3n euf\u00f3rico que te hace querer saltar de tu silla de emoci\u00f3n. Esta cepa tambi\u00e9n es una versi\u00f3n m\u00e9dica popular, ya que puede usarse para tratar una amplia variedad de dolencias.<\/p>\n<p>Efectos<\/p>\n<p>Todos estos efectos s\u00faper sativos se basan en la energ\u00eda. Sin embargo, la caracter\u00edstica principal es que es un excelente intento cotidiano debido a su capacidad para hacerlo efectivo y ocasionalmente innovador. La Super Lemon Haze es capaz de calmarte lo suficiente como para hacerte sentir bien. La Super Lemon Haze es la compa\u00f1era ideal para los despreocupados. Si tienes un largo d\u00eda por delante y necesitas hacer las cosas bien, esta sativa es el camino a seguir.<br \/> Tendr\u00e1s una libra de este delicioso cogollo para todos en la sala, y otra para levantarte. Super Lemon Haze no impone ning\u00fan impacto en las empresas emergentes. Su efecto puede producir un subid\u00f3n cerebral agradable, que te permite pensar con m\u00e1s claridad y recordar informaci\u00f3n que de otro modo podr\u00edas olvidar. Adem\u00e1s, se cree que esta presi\u00f3n te hace sentir un poco juguet\u00f3n, lo cual es ideal para una noche rom\u00e1ntica. El aroma: un capullo fragante deber\u00eda evocar im\u00e1genes de c\u00edtricos. Super Lemon Haze tiene un sabor dulce a lim\u00f3n con un toque especiado y un aroma extremadamente \u00e1cido. El dulce sabor a lim\u00f3n se equilibra con un toque terroso y especiado, creando una experiencia maravillosa. Super Lemon Haze tiene un olor extremadamente agradable. Esta sativa tiene un aroma agradable y refrescante, y el toque terroso a lim\u00f3n deber\u00eda permanecer en tu lengua. Es como si estuvieras inhalando un caramelo con un distintivo trasfondo herbal.<\/p>\n<p>Ventajas m\u00e9dicas<\/p>\n<p>Super Lemon Haze se sugiere para una variedad de dolencias y s\u00edntomas. El cansancio cr\u00f3nico se combate f\u00e1cilmente con esta potente variedad debido a su capacidad para infundir un estado mental elevado y estable que te estimula incluso a hacer cosas. Adem\u00e1s, esta cepa es buena para combatir el estr\u00e9s y la tristeza. Super Lemon Haze tiene la capacidad de tratar una variedad de angustias asociadas con un estilo de vida de alto estr\u00e9s, y puede liberarse f\u00e1cilmente de dolores y molestias menores como migra\u00f1as, dolores de cabeza, articulaciones y espasmos musculares. Super Lemon Haze es un analg\u00e9sico confiable para todo uso que relaja y hormiguea el cuerpo, disimulando cualquier otro problema f\u00edsico que pueda ocurrir. El sabor y el aroma estimulantes contribuyen a su atractivo, haci\u00e9ndolo agradable incluso para las personas que probablemente no consumir\u00e1n cannabis para tratar su dolencia.<\/p>\n","protected":false},"excerpt":{"rendered":"<div class=\"woocommerce-product-details__short-description\">\n<p>Compra la variedad de marihuana Super Lemon Haze en Reino Unido y Europa. Es un fuerte h\u00edbrido de dominancia sativa dulce y c\u00edtrica. Esta flor es el resultado de un cruce entre lemon skunk y silver haze.<\/p>\n<p>Compra online de la variedad de marihuana Super Lemon Haze.<\/p>\n<p>Super Lemon Haze es un h\u00edbrido Sativa Dominante &#8211; 80% Sativa \/ 20% Indica. El contenido de THC Indica es del 25 %, el contenido de CBD es del 1 % y el contenido de CBN es del 2 %.<\/p>\n<\/p><\/div>\n","protected":false},"featured_media":5085,"comment_status":"open","ping_status":"closed","template":"","meta":[],"product_brand":[],"product_cat":[778],"product_tag":[1023,1019,486,1022,1024,487,1021,1020],"class_list":{"0":"post-5068","1":"product","2":"type-product","3":"status-publish","4":"has-post-thumbnail","6":"product_cat-hierba-para-la-venta","7":"product_tag-super-lemon-haze-efectos","8":"product_tag-es-super-lemon-haze-psicodlico","9":"product_tag-super-limon-haze-precio","10":"product_tag-super-lemon-haze-semillas-autoflorecientes","11":"product_tag-super-lemon-haze-seeds-usa","12":"product_tag-super-limon-haze-semillas","13":"product_tag-super-lemon-haze-autofloreciente","14":"product_tag-venta-de-semillas-de-limon-haze","16":"first","17":"instock","18":"shipping-taxable","19":"purchasable","20":"product-type-variable","21":"has-default-attributes"},"yoast_head":"<!-- This site is optimized with the Yoast SEO plugin v27.3 - https:\/\/yoast.com\/product\/yoast-seo-wordpress\/ -->\n<title>Comprar Super Lemon Haze - Best Best Global Meds<\/title>\n<meta name=\"description\" content=\"Compre la variedad de marihuana Super Lemon Haze del Reino Unido, Europa, c\u00edtrico picante y dulce h\u00edbrido con dominancia Sativa. Esta flor es un cruce de lemon skunk &amp; neblina plateada.\" \/>\n<meta name=\"robots\" content=\"index, follow, max-snippet:-1, max-image-preview:large, max-video-preview:-1\" \/>\n<link rel=\"canonical\" href=\"https:\/\/medicinasinc.com\/es\/product\/comprar-super-limon-haze\/\" \/>\n<meta property=\"og:locale\" content=\"es_ES\" \/>\n<meta property=\"og:type\" content=\"article\" \/>\n<meta property=\"og:title\" content=\"Comprar Super Lemon Haze - Best Best Global Meds\" \/>\n<meta property=\"og:description\" content=\"Compre la variedad de marihuana Super Lemon Haze del Reino Unido, Europa, c\u00edtrico picante y dulce h\u00edbrido con dominancia Sativa. Esta flor es un cruce de lemon skunk &amp; neblina plateada.\" \/>\n<meta property=\"og:url\" content=\"https:\/\/medicinasinc.com\/es\/product\/comprar-super-limon-haze\/\" \/>\n<meta property=\"og:site_name\" content=\"Medicinas Inc\" \/>\n<meta property=\"article:modified_time\" content=\"2022-03-22T00:56:42+00:00\" \/>\n<meta property=\"og:image\" content=\"https:\/\/medicinasinc.com\/es\/wp-content\/uploads\/sites\/15\/2022\/02\/Buy-Super-Lemon-Haze.jpg\" \/>\n\t<meta property=\"og:image:width\" content=\"1080\" \/>\n\t<meta property=\"og:image:height\" content=\"1080\" \/>\n\t<meta property=\"og:image:type\" content=\"image\/jpeg\" \/>\n<meta name=\"twitter:card\" content=\"summary_large_image\" \/>\n<meta name=\"twitter:label1\" content=\"Tiempo de lectura\" \/>\n\t<meta name=\"twitter:data1\" content=\"3 minutos\" \/>\n<script type=\"application\/ld+json\" class=\"yoast-schema-graph\">{\"@context\":\"https:\\\/\\\/schema.org\",\"@graph\":[{\"@type\":\"WebPage\",\"@id\":\"https:\\\/\\\/medicinasinc.com\\\/es\\\/product\\\/comprar-super-limon-haze\\\/\",\"url\":\"https:\\\/\\\/medicinasinc.com\\\/es\\\/product\\\/comprar-super-limon-haze\\\/\",\"name\":\"Comprar Super Lemon Haze - Best Best Global Meds\",\"isPartOf\":{\"@id\":\"https:\\\/\\\/medicinasinc.com\\\/es\\\/#website\"},\"primaryImageOfPage\":{\"@id\":\"https:\\\/\\\/medicinasinc.com\\\/es\\\/product\\\/comprar-super-limon-haze\\\/#primaryimage\"},\"image\":{\"@id\":\"https:\\\/\\\/medicinasinc.com\\\/es\\\/product\\\/comprar-super-limon-haze\\\/#primaryimage\"},\"thumbnailUrl\":\"https:\\\/\\\/medicinasinc.com\\\/es\\\/wp-content\\\/uploads\\\/sites\\\/15\\\/2022\\\/02\\\/Buy-Super-Lemon-Haze.jpg\",\"datePublished\":\"2022-02-20T19:50:54+00:00\",\"dateModified\":\"2022-03-22T00:56:42+00:00\",\"description\":\"Compre la variedad de marihuana Super Lemon Haze del Reino Unido, Europa, c\u00edtrico picante y dulce h\u00edbrido con dominancia Sativa. Esta flor es un cruce de lemon skunk &amp; neblina plateada.\",\"breadcrumb\":{\"@id\":\"https:\\\/\\\/medicinasinc.com\\\/es\\\/product\\\/comprar-super-limon-haze\\\/#breadcrumb\"},\"inLanguage\":\"es\",\"potentialAction\":[{\"@type\":\"ReadAction\",\"target\":[\"https:\\\/\\\/medicinasinc.com\\\/es\\\/product\\\/comprar-super-limon-haze\\\/\"]}]},{\"@type\":\"ImageObject\",\"inLanguage\":\"es\",\"@id\":\"https:\\\/\\\/medicinasinc.com\\\/es\\\/product\\\/comprar-super-limon-haze\\\/#primaryimage\",\"url\":\"https:\\\/\\\/medicinasinc.com\\\/es\\\/wp-content\\\/uploads\\\/sites\\\/15\\\/2022\\\/02\\\/Buy-Super-Lemon-Haze.jpg\",\"contentUrl\":\"https:\\\/\\\/medicinasinc.com\\\/es\\\/wp-content\\\/uploads\\\/sites\\\/15\\\/2022\\\/02\\\/Buy-Super-Lemon-Haze.jpg\",\"width\":1080,\"height\":1080},{\"@type\":\"BreadcrumbList\",\"@id\":\"https:\\\/\\\/medicinasinc.com\\\/es\\\/product\\\/comprar-super-limon-haze\\\/#breadcrumb\",\"itemListElement\":[{\"@type\":\"ListItem\",\"position\":1,\"name\":\"Tienda\",\"item\":\"https:\\\/\\\/medicinasinc.com\\\/es\\\/tienda\\\/\"},{\"@type\":\"ListItem\",\"position\":2,\"name\":\"Comprar Super Lemon Haze\"}]},{\"@type\":\"WebSite\",\"@id\":\"https:\\\/\\\/medicinasinc.com\\\/es\\\/#website\",\"url\":\"https:\\\/\\\/medicinasinc.com\\\/es\\\/\",\"name\":\"Medicinas Inc\",\"description\":\"Cl\u00ednica M\u00e9dica de Salud\",\"potentialAction\":[{\"@type\":\"SearchAction\",\"target\":{\"@type\":\"EntryPoint\",\"urlTemplate\":\"https:\\\/\\\/medicinasinc.com\\\/es\\\/?s={search_term_string}\"},\"query-input\":{\"@type\":\"PropertyValueSpecification\",\"valueRequired\":true,\"valueName\":\"search_term_string\"}}],\"inLanguage\":\"es\"}]}<\/script>\n<!-- \/ Yoast SEO plugin. -->","yoast_head_json":{"title":"Comprar Super Lemon Haze - Best Best Global Meds","description":"Compre la variedad de marihuana Super Lemon Haze del Reino Unido, Europa, c\u00edtrico picante y dulce h\u00edbrido con dominancia Sativa. Esta flor es un cruce de lemon skunk &amp; neblina plateada.","robots":{"index":"index","follow":"follow","max-snippet":"max-snippet:-1","max-image-preview":"max-image-preview:large","max-video-preview":"max-video-preview:-1"},"canonical":"https:\/\/medicinasinc.com\/es\/product\/comprar-super-limon-haze\/","og_locale":"es_ES","og_type":"article","og_title":"Comprar Super Lemon Haze - Best Best Global Meds","og_description":"Compre la variedad de marihuana Super Lemon Haze del Reino Unido, Europa, c\u00edtrico picante y dulce h\u00edbrido con dominancia Sativa. Esta flor es un cruce de lemon skunk &amp; neblina plateada.","og_url":"https:\/\/medicinasinc.com\/es\/product\/comprar-super-limon-haze\/","og_site_name":"Medicinas Inc","article_modified_time":"2022-03-22T00:56:42+00:00","og_image":[{"width":1080,"height":1080,"url":"https:\/\/medicinasinc.com\/es\/wp-content\/uploads\/sites\/15\/2022\/02\/Buy-Super-Lemon-Haze.jpg","type":"image\/jpeg"}],"twitter_card":"summary_large_image","twitter_misc":{"Tiempo de lectura":"3 minutos"},"schema":{"@context":"https:\/\/schema.org","@graph":[{"@type":"WebPage","@id":"https:\/\/medicinasinc.com\/es\/product\/comprar-super-limon-haze\/","url":"https:\/\/medicinasinc.com\/es\/product\/comprar-super-limon-haze\/","name":"Comprar Super Lemon Haze - Best Best Global Meds","isPartOf":{"@id":"https:\/\/medicinasinc.com\/es\/#website"},"primaryImageOfPage":{"@id":"https:\/\/medicinasinc.com\/es\/product\/comprar-super-limon-haze\/#primaryimage"},"image":{"@id":"https:\/\/medicinasinc.com\/es\/product\/comprar-super-limon-haze\/#primaryimage"},"thumbnailUrl":"https:\/\/medicinasinc.com\/es\/wp-content\/uploads\/sites\/15\/2022\/02\/Buy-Super-Lemon-Haze.jpg","datePublished":"2022-02-20T19:50:54+00:00","dateModified":"2022-03-22T00:56:42+00:00","description":"Compre la variedad de marihuana Super Lemon Haze del Reino Unido, Europa, c\u00edtrico picante y dulce h\u00edbrido con dominancia Sativa. Esta flor es un cruce de lemon skunk &amp; neblina plateada.","breadcrumb":{"@id":"https:\/\/medicinasinc.com\/es\/product\/comprar-super-limon-haze\/#breadcrumb"},"inLanguage":"es","potentialAction":[{"@type":"ReadAction","target":["https:\/\/medicinasinc.com\/es\/product\/comprar-super-limon-haze\/"]}]},{"@type":"ImageObject","inLanguage":"es","@id":"https:\/\/medicinasinc.com\/es\/product\/comprar-super-limon-haze\/#primaryimage","url":"https:\/\/medicinasinc.com\/es\/wp-content\/uploads\/sites\/15\/2022\/02\/Buy-Super-Lemon-Haze.jpg","contentUrl":"https:\/\/medicinasinc.com\/es\/wp-content\/uploads\/sites\/15\/2022\/02\/Buy-Super-Lemon-Haze.jpg","width":1080,"height":1080},{"@type":"BreadcrumbList","@id":"https:\/\/medicinasinc.com\/es\/product\/comprar-super-limon-haze\/#breadcrumb","itemListElement":[{"@type":"ListItem","position":1,"name":"Tienda","item":"https:\/\/medicinasinc.com\/es\/tienda\/"},{"@type":"ListItem","position":2,"name":"Comprar Super Lemon Haze"}]},{"@type":"WebSite","@id":"https:\/\/medicinasinc.com\/es\/#website","url":"https:\/\/medicinasinc.com\/es\/","name":"Medicinas Inc","description":"Cl\u00ednica M\u00e9dica de Salud","potentialAction":[{"@type":"SearchAction","target":{"@type":"EntryPoint","urlTemplate":"https:\/\/medicinasinc.com\/es\/?s={search_term_string}"},"query-input":{"@type":"PropertyValueSpecification","valueRequired":true,"valueName":"search_term_string"}}],"inLanguage":"es"}]}},"_links":{"self":[{"href":"https:\/\/medicinasinc.com\/es\/wp-json\/wp\/v2\/product\/5068","targetHints":{"allow":["GET"]}}],"collection":[{"href":"https:\/\/medicinasinc.com\/es\/wp-json\/wp\/v2\/product"}],"about":[{"href":"https:\/\/medicinasinc.com\/es\/wp-json\/wp\/v2\/types\/product"}],"replies":[{"embeddable":true,"href":"https:\/\/medicinasinc.com\/es\/wp-json\/wp\/v2\/comments?post=5068"}],"wp:featuredmedia":[{"embeddable":true,"href":"https:\/\/medicinasinc.com\/es\/wp-json\/wp\/v2\/media\/5085"}],"wp:attachment":[{"href":"https:\/\/medicinasinc.com\/es\/wp-json\/wp\/v2\/media?parent=5068"}],"wp:term":[{"taxonomy":"product_brand","embeddable":true,"href":"https:\/\/medicinasinc.com\/es\/wp-json\/wp\/v2\/product_brand?post=5068"},{"taxonomy":"product_cat","embeddable":true,"href":"https:\/\/medicinasinc.com\/es\/wp-json\/wp\/v2\/product_cat?post=5068"},{"taxonomy":"product_tag","embeddable":true,"href":"https:\/\/medicinasinc.com\/es\/wp-json\/wp\/v2\/product_tag?post=5068"}],"curies":[{"name":"wp","href":"https:\/\/api.w.org\/{rel}","templated":true}]}}