{"id":5066,"date":"2022-02-20T19:49:25","date_gmt":"2022-02-20T19:49:25","guid":{"rendered":"https:\/\/medicinasinc.com\/es\/?post_type=product&#038;p=5066"},"modified":"2022-03-22T00:56:53","modified_gmt":"2022-03-22T00:56:53","slug":"comprar-snoops-dream-marihuana","status":"publish","type":"product","link":"https:\/\/medicinasinc.com\/es\/product\/comprar-snoops-dream-marihuana\/","title":{"rendered":"Comprar marihuana Snoop&#8217;s Dream"},"content":{"rendered":"<p><strong>La variedad de marihuana Snoops Dream se puede comprar en l\u00ednea.<\/strong><\/p>\n<p>La variedad de marihuana Snoops Dream se puede comprar en l\u00ednea.<\/p>\n<p>Efectos<br \/> Creativo, Energizante , Euforia, Risitas, Feliz, Relajante, Edificante<br \/> Puede aliviar<br \/> Trastorno bipolar, Dolor cr\u00f3nico, Depresi\u00f3n, Fatiga, Dolores de cabeza, Insomnio, PMS, PTSD, Estr\u00e9s<br \/> Sabores<br \/> Berry, Ar\u00e1ndano, mantecoso, pino, azucarado, dulce, vainilla<\/p>\n","protected":false},"excerpt":{"rendered":"<p>Comprar la variedad de marihuana Dream de Snoops se puede comprar en l\u00ednea. Snoop&#8217;s Dream es una variedad de marihuana desarrollada por Snoop Dogg. H\u00edbrido &#8211; 50 % Sativa, 50 % Indica THC: 26 %<\/p>\n<p>Snoop&#8217;s Dream es una variedad de cannabis que lleva el nombre del artista de hip hop Snoop Dog. Ha mostrado un inter\u00e9s considerable en el sector de la marihuana.<\/p>\n<p>Snoop&#8217;s Dream es una variedad de marihuana desarrollada por Snoop Dogg. H\u00edbrido &#8211; 50% Sativa, 50% Indica Contenido de THC: 26%. Ofrecemos la posibilidad de comprar marihuana medicinal en l\u00ednea, cera y fragmentaci\u00f3n y hierba.<\/p>\n","protected":false},"featured_media":5083,"comment_status":"open","ping_status":"closed","template":"","meta":[],"product_brand":[],"product_cat":[778],"product_tag":[1012,1017,1013,1018,1014,1011,1015,1016],"class_list":{"0":"post-5066","1":"product","2":"type-product","3":"status-publish","4":"has-post-thumbnail","6":"product_cat-hierba-para-la-venta","7":"product_tag-cepa-de-perro-de-los-sueos","8":"product_tag-snoop-cepas","9":"product_tag-crecimiento-snoops-sueo","10":"product_tag-snoops-dream-wikileaf","11":"product_tag-hojas-por-snoop-cepas","12":"product_tag-precio-de-sueo-azul","13":"product_tag-master-kush-precio","14":"product_tag-snoop-dawg-cepa-redbud-roots","16":"first","17":"instock","18":"shipping-taxable","19":"purchasable","20":"product-type-variable","21":"has-default-attributes"},"yoast_head":"<!-- This site is optimized with the Yoast SEO plugin v27.3 - https:\/\/yoast.com\/product\/yoast-seo-wordpress\/ -->\n<title>Comprar marihuana Snoops Dream - Best Best Global Meds<\/title>\n<meta name=\"description\" content=\"Cruzando Blue Dream con Master Kush, dos variedades vibrantes y poderosas que se dice que son ... Esta es la mejor plataforma para comprar marihuana Snoop&#039;s Dream a la venta.\" \/>\n<meta name=\"robots\" content=\"index, follow, max-snippet:-1, max-image-preview:large, max-video-preview:-1\" \/>\n<link rel=\"canonical\" href=\"https:\/\/medicinasinc.com\/es\/product\/comprar-snoops-dream-marihuana\/\" \/>\n<meta property=\"og:locale\" content=\"es_ES\" \/>\n<meta property=\"og:type\" content=\"article\" \/>\n<meta property=\"og:title\" content=\"Comprar marihuana Snoops Dream - Best Best Global Meds\" \/>\n<meta property=\"og:description\" content=\"Cruzando Blue Dream con Master Kush, dos variedades vibrantes y poderosas que se dice que son ... Esta es la mejor plataforma para comprar marihuana Snoop&#039;s Dream a la venta.\" \/>\n<meta property=\"og:url\" content=\"https:\/\/medicinasinc.com\/es\/product\/comprar-snoops-dream-marihuana\/\" \/>\n<meta property=\"og:site_name\" content=\"Medicinas Inc\" \/>\n<meta property=\"article:modified_time\" content=\"2022-03-22T00:56:53+00:00\" \/>\n<meta property=\"og:image\" content=\"https:\/\/medicinasinc.com\/es\/wp-content\/uploads\/sites\/15\/2022\/02\/Buy-Snoops-Dream-Marijuana.jpg\" \/>\n\t<meta property=\"og:image:width\" content=\"2000\" \/>\n\t<meta property=\"og:image:height\" content=\"1333\" \/>\n\t<meta property=\"og:image:type\" content=\"image\/jpeg\" \/>\n<meta name=\"twitter:card\" content=\"summary_large_image\" \/>\n<meta name=\"twitter:label1\" content=\"Tiempo de lectura\" \/>\n\t<meta name=\"twitter:data1\" content=\"1 minuto\" \/>\n<script type=\"application\/ld+json\" class=\"yoast-schema-graph\">{\"@context\":\"https:\\\/\\\/schema.org\",\"@graph\":[{\"@type\":\"WebPage\",\"@id\":\"https:\\\/\\\/medicinasinc.com\\\/es\\\/product\\\/comprar-snoops-dream-marihuana\\\/\",\"url\":\"https:\\\/\\\/medicinasinc.com\\\/es\\\/product\\\/comprar-snoops-dream-marihuana\\\/\",\"name\":\"Comprar marihuana Snoops Dream - Best Best Global Meds\",\"isPartOf\":{\"@id\":\"https:\\\/\\\/medicinasinc.com\\\/es\\\/#website\"},\"primaryImageOfPage\":{\"@id\":\"https:\\\/\\\/medicinasinc.com\\\/es\\\/product\\\/comprar-snoops-dream-marihuana\\\/#primaryimage\"},\"image\":{\"@id\":\"https:\\\/\\\/medicinasinc.com\\\/es\\\/product\\\/comprar-snoops-dream-marihuana\\\/#primaryimage\"},\"thumbnailUrl\":\"https:\\\/\\\/medicinasinc.com\\\/es\\\/wp-content\\\/uploads\\\/sites\\\/15\\\/2022\\\/02\\\/Buy-Snoops-Dream-Marijuana.jpg\",\"datePublished\":\"2022-02-20T19:49:25+00:00\",\"dateModified\":\"2022-03-22T00:56:53+00:00\",\"description\":\"Cruzando Blue Dream con Master Kush, dos variedades vibrantes y poderosas que se dice que son ... Esta es la mejor plataforma para comprar marihuana Snoop's Dream a la venta.\",\"breadcrumb\":{\"@id\":\"https:\\\/\\\/medicinasinc.com\\\/es\\\/product\\\/comprar-snoops-dream-marihuana\\\/#breadcrumb\"},\"inLanguage\":\"es\",\"potentialAction\":[{\"@type\":\"ReadAction\",\"target\":[\"https:\\\/\\\/medicinasinc.com\\\/es\\\/product\\\/comprar-snoops-dream-marihuana\\\/\"]}]},{\"@type\":\"ImageObject\",\"inLanguage\":\"es\",\"@id\":\"https:\\\/\\\/medicinasinc.com\\\/es\\\/product\\\/comprar-snoops-dream-marihuana\\\/#primaryimage\",\"url\":\"https:\\\/\\\/medicinasinc.com\\\/es\\\/wp-content\\\/uploads\\\/sites\\\/15\\\/2022\\\/02\\\/Buy-Snoops-Dream-Marijuana.jpg\",\"contentUrl\":\"https:\\\/\\\/medicinasinc.com\\\/es\\\/wp-content\\\/uploads\\\/sites\\\/15\\\/2022\\\/02\\\/Buy-Snoops-Dream-Marijuana.jpg\",\"width\":2000,\"height\":1333},{\"@type\":\"BreadcrumbList\",\"@id\":\"https:\\\/\\\/medicinasinc.com\\\/es\\\/product\\\/comprar-snoops-dream-marihuana\\\/#breadcrumb\",\"itemListElement\":[{\"@type\":\"ListItem\",\"position\":1,\"name\":\"Tienda\",\"item\":\"https:\\\/\\\/medicinasinc.com\\\/es\\\/tienda\\\/\"},{\"@type\":\"ListItem\",\"position\":2,\"name\":\"Comprar marihuana Snoop&#8217;s Dream\"}]},{\"@type\":\"WebSite\",\"@id\":\"https:\\\/\\\/medicinasinc.com\\\/es\\\/#website\",\"url\":\"https:\\\/\\\/medicinasinc.com\\\/es\\\/\",\"name\":\"Medicinas Inc\",\"description\":\"Cl\u00ednica M\u00e9dica de Salud\",\"potentialAction\":[{\"@type\":\"SearchAction\",\"target\":{\"@type\":\"EntryPoint\",\"urlTemplate\":\"https:\\\/\\\/medicinasinc.com\\\/es\\\/?s={search_term_string}\"},\"query-input\":{\"@type\":\"PropertyValueSpecification\",\"valueRequired\":true,\"valueName\":\"search_term_string\"}}],\"inLanguage\":\"es\"}]}<\/script>\n<!-- \/ Yoast SEO plugin. -->","yoast_head_json":{"title":"Comprar marihuana Snoops Dream - Best Best Global Meds","description":"Cruzando Blue Dream con Master Kush, dos variedades vibrantes y poderosas que se dice que son ... Esta es la mejor plataforma para comprar marihuana Snoop's Dream a la venta.","robots":{"index":"index","follow":"follow","max-snippet":"max-snippet:-1","max-image-preview":"max-image-preview:large","max-video-preview":"max-video-preview:-1"},"canonical":"https:\/\/medicinasinc.com\/es\/product\/comprar-snoops-dream-marihuana\/","og_locale":"es_ES","og_type":"article","og_title":"Comprar marihuana Snoops Dream - Best Best Global Meds","og_description":"Cruzando Blue Dream con Master Kush, dos variedades vibrantes y poderosas que se dice que son ... Esta es la mejor plataforma para comprar marihuana Snoop's Dream a la venta.","og_url":"https:\/\/medicinasinc.com\/es\/product\/comprar-snoops-dream-marihuana\/","og_site_name":"Medicinas Inc","article_modified_time":"2022-03-22T00:56:53+00:00","og_image":[{"width":2000,"height":1333,"url":"https:\/\/medicinasinc.com\/es\/wp-content\/uploads\/sites\/15\/2022\/02\/Buy-Snoops-Dream-Marijuana.jpg","type":"image\/jpeg"}],"twitter_card":"summary_large_image","twitter_misc":{"Tiempo de lectura":"1 minuto"},"schema":{"@context":"https:\/\/schema.org","@graph":[{"@type":"WebPage","@id":"https:\/\/medicinasinc.com\/es\/product\/comprar-snoops-dream-marihuana\/","url":"https:\/\/medicinasinc.com\/es\/product\/comprar-snoops-dream-marihuana\/","name":"Comprar marihuana Snoops Dream - Best Best Global Meds","isPartOf":{"@id":"https:\/\/medicinasinc.com\/es\/#website"},"primaryImageOfPage":{"@id":"https:\/\/medicinasinc.com\/es\/product\/comprar-snoops-dream-marihuana\/#primaryimage"},"image":{"@id":"https:\/\/medicinasinc.com\/es\/product\/comprar-snoops-dream-marihuana\/#primaryimage"},"thumbnailUrl":"https:\/\/medicinasinc.com\/es\/wp-content\/uploads\/sites\/15\/2022\/02\/Buy-Snoops-Dream-Marijuana.jpg","datePublished":"2022-02-20T19:49:25+00:00","dateModified":"2022-03-22T00:56:53+00:00","description":"Cruzando Blue Dream con Master Kush, dos variedades vibrantes y poderosas que se dice que son ... Esta es la mejor plataforma para comprar marihuana Snoop's Dream a la venta.","breadcrumb":{"@id":"https:\/\/medicinasinc.com\/es\/product\/comprar-snoops-dream-marihuana\/#breadcrumb"},"inLanguage":"es","potentialAction":[{"@type":"ReadAction","target":["https:\/\/medicinasinc.com\/es\/product\/comprar-snoops-dream-marihuana\/"]}]},{"@type":"ImageObject","inLanguage":"es","@id":"https:\/\/medicinasinc.com\/es\/product\/comprar-snoops-dream-marihuana\/#primaryimage","url":"https:\/\/medicinasinc.com\/es\/wp-content\/uploads\/sites\/15\/2022\/02\/Buy-Snoops-Dream-Marijuana.jpg","contentUrl":"https:\/\/medicinasinc.com\/es\/wp-content\/uploads\/sites\/15\/2022\/02\/Buy-Snoops-Dream-Marijuana.jpg","width":2000,"height":1333},{"@type":"BreadcrumbList","@id":"https:\/\/medicinasinc.com\/es\/product\/comprar-snoops-dream-marihuana\/#breadcrumb","itemListElement":[{"@type":"ListItem","position":1,"name":"Tienda","item":"https:\/\/medicinasinc.com\/es\/tienda\/"},{"@type":"ListItem","position":2,"name":"Comprar marihuana Snoop&#8217;s Dream"}]},{"@type":"WebSite","@id":"https:\/\/medicinasinc.com\/es\/#website","url":"https:\/\/medicinasinc.com\/es\/","name":"Medicinas Inc","description":"Cl\u00ednica M\u00e9dica de Salud","potentialAction":[{"@type":"SearchAction","target":{"@type":"EntryPoint","urlTemplate":"https:\/\/medicinasinc.com\/es\/?s={search_term_string}"},"query-input":{"@type":"PropertyValueSpecification","valueRequired":true,"valueName":"search_term_string"}}],"inLanguage":"es"}]}},"_links":{"self":[{"href":"https:\/\/medicinasinc.com\/es\/wp-json\/wp\/v2\/product\/5066","targetHints":{"allow":["GET"]}}],"collection":[{"href":"https:\/\/medicinasinc.com\/es\/wp-json\/wp\/v2\/product"}],"about":[{"href":"https:\/\/medicinasinc.com\/es\/wp-json\/wp\/v2\/types\/product"}],"replies":[{"embeddable":true,"href":"https:\/\/medicinasinc.com\/es\/wp-json\/wp\/v2\/comments?post=5066"}],"wp:featuredmedia":[{"embeddable":true,"href":"https:\/\/medicinasinc.com\/es\/wp-json\/wp\/v2\/media\/5083"}],"wp:attachment":[{"href":"https:\/\/medicinasinc.com\/es\/wp-json\/wp\/v2\/media?parent=5066"}],"wp:term":[{"taxonomy":"product_brand","embeddable":true,"href":"https:\/\/medicinasinc.com\/es\/wp-json\/wp\/v2\/product_brand?post=5066"},{"taxonomy":"product_cat","embeddable":true,"href":"https:\/\/medicinasinc.com\/es\/wp-json\/wp\/v2\/product_cat?post=5066"},{"taxonomy":"product_tag","embeddable":true,"href":"https:\/\/medicinasinc.com\/es\/wp-json\/wp\/v2\/product_tag?post=5066"}],"curies":[{"name":"wp","href":"https:\/\/api.w.org\/{rel}","templated":true}]}}