{"id":5047,"date":"2022-02-20T19:35:13","date_gmt":"2022-02-20T19:35:13","guid":{"rendered":"https:\/\/medicinasinc.com\/es\/?post_type=product&#038;p=5047"},"modified":"2022-03-22T00:57:02","modified_gmt":"2022-03-22T00:57:02","slug":"comprar-purple-dragon-marihuana-aaaa","status":"publish","type":"product","link":"https:\/\/medicinasinc.com\/es\/product\/comprar-purple-dragon-marihuana-aaaa\/","title":{"rendered":"Comprar marihuana Purple Dragon (AAAAA)"},"content":{"rendered":"<p>Cannabis Purple Dragon (AAAAA) &#8211; 30% Sativa \/ 60% Indica<\/p>\n<p>Purple Dragon es una variedad h\u00edbrida con indica dominante creada a partir del cruce de la potente Purple Urkle con la Blue Dragon. Purple Dragon da un subid\u00f3n equilibrado que alivia y relaja la mente y el cuerpo. Esta cepa genera un aroma que es bastante inusual, combinando salvia almizclada con un sabor floral distintivo que perdura en el paladar. Despu\u00e9s de inhalar esta cepa, la mente se energiza y una fuerte euforia disipa r\u00e1pidamente la preocupaci\u00f3n y la depresi\u00f3n. Purple Dragon primero ofrece a los usuarios una claridad mental estimulante y estimulante; sin embargo, estos beneficios se desvanecen gradualmente para dejar a los usuarios horas de alivio del dolor y sedaci\u00f3n. Los dolores y molestias corporales generales disminuir\u00e1n a medida que el cuerpo del usuario entre gradualmente en un estado de relajaci\u00f3n que se siente tanto f\u00edsica como mentalmente. Purple Dragon es una opci\u00f3n de tratamiento \u00fatil para una variedad de enfermedades, que incluyen ansiedad, depresi\u00f3n, trastornos del estado de \u00e1nimo, agotamiento f\u00edsico, migra\u00f1as\/dolores de cabeza, dolor cr\u00f3nico y p\u00e9rdida de apetito.<\/p>\n<div class=\"product-next-previous\">\n<div class=\"product-prev\"><\/div><\/div>\n","protected":false},"excerpt":{"rendered":"<p>Purple Dragon Crassula (Crassula multicava) es una suculenta impresionante y colorida que tiene grandes &amp; # 8230; Compre tres o m\u00e1s art\u00edculos y rec\u00edbalos por $10.80 cada uno.<\/p>\n<ul>\n<li>\u00a1AAAAA representa lo mejor de lo mejor!<\/li>\n<li>Cont\u00e1ctenos para pedidos al por mayor<\/li>\n<li>En todo el mundo env\u00edo.<\/li>\n<\/ul>\n","protected":false},"featured_media":5067,"comment_status":"open","ping_status":"closed","template":"","meta":[],"product_brand":[],"product_cat":[778],"product_tag":[1010,1006,1007,1008,1009],"class_list":{"0":"post-5047","1":"product","2":"type-product","3":"status-publish","4":"has-post-thumbnail","6":"product_cat-hierba-para-la-venta","7":"product_tag-peluche-dragon-morado-grande","8":"product_tag-nombres-de-dragones-verdes-y-morados","9":"product_tag-purple-and-green-dragon-cartoon","10":"product_tag-purple-dragon-shears-reviews","11":"product_tag-sitio-web-de-cizallas-de-dragn-prpura","13":"first","14":"instock","15":"shipping-taxable","16":"purchasable","17":"product-type-variable","18":"has-default-attributes"},"yoast_head":"<!-- This site is optimized with the Yoast SEO plugin v27.3 - https:\/\/yoast.com\/product\/yoast-seo-wordpress\/ -->\n<title>Comprar Purple Dragon (AAAAA) - Best Best Global Meds<\/title>\n<meta name=\"description\" content=\"Comprar variedad de marihuana Purple Dragon. Et\u00e9reo y surrealista, el drag\u00f3n p\u00farpura es el guardi\u00e1n de los cristales sobrenaturales. Pintado digitalmente por Tobias Vyseri.\" \/>\n<meta name=\"robots\" content=\"index, follow, max-snippet:-1, max-image-preview:large, max-video-preview:-1\" \/>\n<link rel=\"canonical\" href=\"https:\/\/medicinasinc.com\/es\/product\/comprar-purple-dragon-marihuana-aaaa\/\" \/>\n<meta property=\"og:locale\" content=\"es_ES\" \/>\n<meta property=\"og:type\" content=\"article\" \/>\n<meta property=\"og:title\" content=\"Comprar Purple Dragon (AAAAA) - Best Best Global Meds\" \/>\n<meta property=\"og:description\" content=\"Comprar variedad de marihuana Purple Dragon. Et\u00e9reo y surrealista, el drag\u00f3n p\u00farpura es el guardi\u00e1n de los cristales sobrenaturales. Pintado digitalmente por Tobias Vyseri.\" \/>\n<meta property=\"og:url\" content=\"https:\/\/medicinasinc.com\/es\/product\/comprar-purple-dragon-marihuana-aaaa\/\" \/>\n<meta property=\"og:site_name\" content=\"Medicinas Inc\" \/>\n<meta property=\"article:modified_time\" content=\"2022-03-22T00:57:02+00:00\" \/>\n<meta property=\"og:image\" content=\"https:\/\/medicinasinc.com\/es\/wp-content\/uploads\/sites\/15\/2022\/02\/Buy-Purple-Dragon.jpg\" \/>\n\t<meta property=\"og:image:width\" content=\"541\" \/>\n\t<meta property=\"og:image:height\" content=\"459\" \/>\n\t<meta property=\"og:image:type\" content=\"image\/jpeg\" \/>\n<meta name=\"twitter:card\" content=\"summary_large_image\" \/>\n<meta name=\"twitter:label1\" content=\"Tiempo de lectura\" \/>\n\t<meta name=\"twitter:data1\" content=\"1 minuto\" \/>\n<script type=\"application\/ld+json\" class=\"yoast-schema-graph\">{\"@context\":\"https:\\\/\\\/schema.org\",\"@graph\":[{\"@type\":\"WebPage\",\"@id\":\"https:\\\/\\\/medicinasinc.com\\\/es\\\/product\\\/comprar-purple-dragon-marihuana-aaaa\\\/\",\"url\":\"https:\\\/\\\/medicinasinc.com\\\/es\\\/product\\\/comprar-purple-dragon-marihuana-aaaa\\\/\",\"name\":\"Comprar Purple Dragon (AAAAA) - Best Best Global Meds\",\"isPartOf\":{\"@id\":\"https:\\\/\\\/medicinasinc.com\\\/es\\\/#website\"},\"primaryImageOfPage\":{\"@id\":\"https:\\\/\\\/medicinasinc.com\\\/es\\\/product\\\/comprar-purple-dragon-marihuana-aaaa\\\/#primaryimage\"},\"image\":{\"@id\":\"https:\\\/\\\/medicinasinc.com\\\/es\\\/product\\\/comprar-purple-dragon-marihuana-aaaa\\\/#primaryimage\"},\"thumbnailUrl\":\"https:\\\/\\\/medicinasinc.com\\\/es\\\/wp-content\\\/uploads\\\/sites\\\/15\\\/2022\\\/02\\\/Buy-Purple-Dragon.jpg\",\"datePublished\":\"2022-02-20T19:35:13+00:00\",\"dateModified\":\"2022-03-22T00:57:02+00:00\",\"description\":\"Comprar variedad de marihuana Purple Dragon. Et\u00e9reo y surrealista, el drag\u00f3n p\u00farpura es el guardi\u00e1n de los cristales sobrenaturales. Pintado digitalmente por Tobias Vyseri.\",\"breadcrumb\":{\"@id\":\"https:\\\/\\\/medicinasinc.com\\\/es\\\/product\\\/comprar-purple-dragon-marihuana-aaaa\\\/#breadcrumb\"},\"inLanguage\":\"es\",\"potentialAction\":[{\"@type\":\"ReadAction\",\"target\":[\"https:\\\/\\\/medicinasinc.com\\\/es\\\/product\\\/comprar-purple-dragon-marihuana-aaaa\\\/\"]}]},{\"@type\":\"ImageObject\",\"inLanguage\":\"es\",\"@id\":\"https:\\\/\\\/medicinasinc.com\\\/es\\\/product\\\/comprar-purple-dragon-marihuana-aaaa\\\/#primaryimage\",\"url\":\"https:\\\/\\\/medicinasinc.com\\\/es\\\/wp-content\\\/uploads\\\/sites\\\/15\\\/2022\\\/02\\\/Buy-Purple-Dragon.jpg\",\"contentUrl\":\"https:\\\/\\\/medicinasinc.com\\\/es\\\/wp-content\\\/uploads\\\/sites\\\/15\\\/2022\\\/02\\\/Buy-Purple-Dragon.jpg\",\"width\":541,\"height\":459},{\"@type\":\"BreadcrumbList\",\"@id\":\"https:\\\/\\\/medicinasinc.com\\\/es\\\/product\\\/comprar-purple-dragon-marihuana-aaaa\\\/#breadcrumb\",\"itemListElement\":[{\"@type\":\"ListItem\",\"position\":1,\"name\":\"Tienda\",\"item\":\"https:\\\/\\\/medicinasinc.com\\\/es\\\/tienda\\\/\"},{\"@type\":\"ListItem\",\"position\":2,\"name\":\"Comprar marihuana Purple Dragon (AAAAA)\"}]},{\"@type\":\"WebSite\",\"@id\":\"https:\\\/\\\/medicinasinc.com\\\/es\\\/#website\",\"url\":\"https:\\\/\\\/medicinasinc.com\\\/es\\\/\",\"name\":\"Medicinas Inc\",\"description\":\"Cl\u00ednica M\u00e9dica de Salud\",\"potentialAction\":[{\"@type\":\"SearchAction\",\"target\":{\"@type\":\"EntryPoint\",\"urlTemplate\":\"https:\\\/\\\/medicinasinc.com\\\/es\\\/?s={search_term_string}\"},\"query-input\":{\"@type\":\"PropertyValueSpecification\",\"valueRequired\":true,\"valueName\":\"search_term_string\"}}],\"inLanguage\":\"es\"}]}<\/script>\n<!-- \/ Yoast SEO plugin. -->","yoast_head_json":{"title":"Comprar Purple Dragon (AAAAA) - Best Best Global Meds","description":"Comprar variedad de marihuana Purple Dragon. Et\u00e9reo y surrealista, el drag\u00f3n p\u00farpura es el guardi\u00e1n de los cristales sobrenaturales. Pintado digitalmente por Tobias Vyseri.","robots":{"index":"index","follow":"follow","max-snippet":"max-snippet:-1","max-image-preview":"max-image-preview:large","max-video-preview":"max-video-preview:-1"},"canonical":"https:\/\/medicinasinc.com\/es\/product\/comprar-purple-dragon-marihuana-aaaa\/","og_locale":"es_ES","og_type":"article","og_title":"Comprar Purple Dragon (AAAAA) - Best Best Global Meds","og_description":"Comprar variedad de marihuana Purple Dragon. Et\u00e9reo y surrealista, el drag\u00f3n p\u00farpura es el guardi\u00e1n de los cristales sobrenaturales. Pintado digitalmente por Tobias Vyseri.","og_url":"https:\/\/medicinasinc.com\/es\/product\/comprar-purple-dragon-marihuana-aaaa\/","og_site_name":"Medicinas Inc","article_modified_time":"2022-03-22T00:57:02+00:00","og_image":[{"width":541,"height":459,"url":"https:\/\/medicinasinc.com\/es\/wp-content\/uploads\/sites\/15\/2022\/02\/Buy-Purple-Dragon.jpg","type":"image\/jpeg"}],"twitter_card":"summary_large_image","twitter_misc":{"Tiempo de lectura":"1 minuto"},"schema":{"@context":"https:\/\/schema.org","@graph":[{"@type":"WebPage","@id":"https:\/\/medicinasinc.com\/es\/product\/comprar-purple-dragon-marihuana-aaaa\/","url":"https:\/\/medicinasinc.com\/es\/product\/comprar-purple-dragon-marihuana-aaaa\/","name":"Comprar Purple Dragon (AAAAA) - Best Best Global Meds","isPartOf":{"@id":"https:\/\/medicinasinc.com\/es\/#website"},"primaryImageOfPage":{"@id":"https:\/\/medicinasinc.com\/es\/product\/comprar-purple-dragon-marihuana-aaaa\/#primaryimage"},"image":{"@id":"https:\/\/medicinasinc.com\/es\/product\/comprar-purple-dragon-marihuana-aaaa\/#primaryimage"},"thumbnailUrl":"https:\/\/medicinasinc.com\/es\/wp-content\/uploads\/sites\/15\/2022\/02\/Buy-Purple-Dragon.jpg","datePublished":"2022-02-20T19:35:13+00:00","dateModified":"2022-03-22T00:57:02+00:00","description":"Comprar variedad de marihuana Purple Dragon. Et\u00e9reo y surrealista, el drag\u00f3n p\u00farpura es el guardi\u00e1n de los cristales sobrenaturales. Pintado digitalmente por Tobias Vyseri.","breadcrumb":{"@id":"https:\/\/medicinasinc.com\/es\/product\/comprar-purple-dragon-marihuana-aaaa\/#breadcrumb"},"inLanguage":"es","potentialAction":[{"@type":"ReadAction","target":["https:\/\/medicinasinc.com\/es\/product\/comprar-purple-dragon-marihuana-aaaa\/"]}]},{"@type":"ImageObject","inLanguage":"es","@id":"https:\/\/medicinasinc.com\/es\/product\/comprar-purple-dragon-marihuana-aaaa\/#primaryimage","url":"https:\/\/medicinasinc.com\/es\/wp-content\/uploads\/sites\/15\/2022\/02\/Buy-Purple-Dragon.jpg","contentUrl":"https:\/\/medicinasinc.com\/es\/wp-content\/uploads\/sites\/15\/2022\/02\/Buy-Purple-Dragon.jpg","width":541,"height":459},{"@type":"BreadcrumbList","@id":"https:\/\/medicinasinc.com\/es\/product\/comprar-purple-dragon-marihuana-aaaa\/#breadcrumb","itemListElement":[{"@type":"ListItem","position":1,"name":"Tienda","item":"https:\/\/medicinasinc.com\/es\/tienda\/"},{"@type":"ListItem","position":2,"name":"Comprar marihuana Purple Dragon (AAAAA)"}]},{"@type":"WebSite","@id":"https:\/\/medicinasinc.com\/es\/#website","url":"https:\/\/medicinasinc.com\/es\/","name":"Medicinas Inc","description":"Cl\u00ednica M\u00e9dica de Salud","potentialAction":[{"@type":"SearchAction","target":{"@type":"EntryPoint","urlTemplate":"https:\/\/medicinasinc.com\/es\/?s={search_term_string}"},"query-input":{"@type":"PropertyValueSpecification","valueRequired":true,"valueName":"search_term_string"}}],"inLanguage":"es"}]}},"_links":{"self":[{"href":"https:\/\/medicinasinc.com\/es\/wp-json\/wp\/v2\/product\/5047","targetHints":{"allow":["GET"]}}],"collection":[{"href":"https:\/\/medicinasinc.com\/es\/wp-json\/wp\/v2\/product"}],"about":[{"href":"https:\/\/medicinasinc.com\/es\/wp-json\/wp\/v2\/types\/product"}],"replies":[{"embeddable":true,"href":"https:\/\/medicinasinc.com\/es\/wp-json\/wp\/v2\/comments?post=5047"}],"wp:featuredmedia":[{"embeddable":true,"href":"https:\/\/medicinasinc.com\/es\/wp-json\/wp\/v2\/media\/5067"}],"wp:attachment":[{"href":"https:\/\/medicinasinc.com\/es\/wp-json\/wp\/v2\/media?parent=5047"}],"wp:term":[{"taxonomy":"product_brand","embeddable":true,"href":"https:\/\/medicinasinc.com\/es\/wp-json\/wp\/v2\/product_brand?post=5047"},{"taxonomy":"product_cat","embeddable":true,"href":"https:\/\/medicinasinc.com\/es\/wp-json\/wp\/v2\/product_cat?post=5047"},{"taxonomy":"product_tag","embeddable":true,"href":"https:\/\/medicinasinc.com\/es\/wp-json\/wp\/v2\/product_tag?post=5047"}],"curies":[{"name":"wp","href":"https:\/\/api.w.org\/{rel}","templated":true}]}}