{"id":5046,"date":"2022-02-20T19:34:10","date_gmt":"2022-02-20T19:34:10","guid":{"rendered":"https:\/\/medicinasinc.com\/es\/?post_type=product&#038;p=5046"},"modified":"2022-03-22T00:57:11","modified_gmt":"2022-03-22T00:57:11","slug":"comprar-fondue-de-chocolate-cepa","status":"publish","type":"product","link":"https:\/\/medicinasinc.com\/es\/product\/comprar-fondue-de-chocolate-cepa\/","title":{"rendered":"Comprar cepa de fondue de chocolate"},"content":{"rendered":"<p>Informaci\u00f3n sobre la variedad Chocolate Fondue<\/p>\n<p>Chocolate Fondue es un cruce con dominancia Sativa desarrollado por DNA Genetics que combina los poderes elevadores de Chocolope con los efectos calmantes y sabores \u00fanicos de Exodus Cheese.<\/p>\n<p>Los efectos de la fondue de chocolate calman el cuerpo y aquietan la mente, llev\u00e1ndote a un estado de conciencia placentero. Esta variedad de cannabis es excelente de d\u00eda o de noche debido a su diversidad de fragancias y sabores dulces.<\/p>\n<p>Propiedades medicinales de la variedad Chocolate Fondue<\/p>\n<p>Hay numerosas razones para usar variedades de cannabis. Las siguientes son las seis razones principales para considerar emplearlos. \u00a1Naturalmente, cuanto mayor sea la potencia, m\u00e1s fuerte ser\u00e1 el subid\u00f3n!<\/p>\n<p>1 \u2013 Alivia el dolor cr\u00f3nico<\/p>\n<p>El cannabis contiene una composici\u00f3n qu\u00edmica que ayuda a reducir el dolor. Generalmente, el color del cannabis tambi\u00e9n indica su potencia. Numerosas personas han descubierto que esto es cierto.<\/p>\n<p>2 &#8211; Aumento de la capacidad de los pulmones<\/p>\n<p>\u00bfEs usted consciente? Fumar cannabis es muy superior a fumar cigarrillos. Adem\u00e1s, te ayudar\u00e1 a aumentar la capacidad pulmonar.<\/p>\n<p>3 \u2013 Obesidad<\/p>\n<p>La gran mayor\u00eda de los usuarios de marihuana no son obesos. Esto se debe a que el uso regular de esta flor de marihuana te ayudar\u00e1 a controlar tu consumo de calor\u00edas.<\/p>\n<p>4 \u2013 Prevenci\u00f3n de la diabetes<\/p>\n<p>Una vez que te diagnostiquen diabetes, la tendr\u00e1s por el resto de tu vida. la vida. Simplemente puede controlar sus niveles de az\u00facar en la sangre para que no sigan aumentando.<\/p>\n<p>\u00a1El cannabis puede ayudar a estabilizar el az\u00facar en la sangre y reducir la presi\u00f3n arterial!<\/p>\n<p>5 \u2013 Ayuda a las personas deprimidas<\/p>\n<p>Algunas personas est\u00e1n deprimidas sin ser conscientes de ello. El cannabis puede ayudar a calmar su estado de \u00e1nimo en caso de depresi\u00f3n.<\/p>\n<p>D\u00f3nde comprar una variedad de fondue de chocolate en Canad\u00e1<\/p>\n<p>Si bien hay otros dispensarios en Canad\u00e1 donde puede obtener fondue de chocolate hierba, nuestro dispensario en Mail Order Marijuana ofrece algunos de los productos de la m\u00e1s alta calidad disponibles.<\/p>\n<p>\u00a1Le garantizamos que recibir\u00e1 productos de alta calidad o le reembolsaremos su dinero!<\/p>\n<p>Adem\u00e1s , \u00a1los pedidos de m\u00e1s de $100 reciben env\u00edo gratis!<\/p>\n","protected":false},"excerpt":{"rendered":"<div class=\"woocommerce-product-details__short-description\">\n<p>Compre variedad para fondue de chocolate de calidad en l\u00ednea. Chocolate Fondue Strain es un h\u00edbrido sativa dominante: 80 % Sativa\/20 % Indica THC: 17 %<\/p>\n<\/p><\/div>\n","protected":false},"featured_media":5065,"comment_status":"open","ping_status":"closed","template":"","meta":[],"product_brand":[],"product_cat":[778],"product_tag":[1005,1004],"class_list":{"0":"post-5046","1":"product","2":"type-product","3":"status-publish","4":"has-post-thumbnail","6":"product_cat-hierba-para-la-venta","7":"product_tag-cepa-de-dulce-de-chocolate","8":"product_tag-cheese-fondue-strain","10":"first","11":"instock","12":"shipping-taxable","13":"purchasable","14":"product-type-variable","15":"has-default-attributes"},"yoast_head":"<!-- This site is optimized with the Yoast SEO plugin v27.2 - https:\/\/yoast.com\/product\/yoast-seo-wordpress\/ -->\n<title>Comprar cepa de fondue de chocolate de calidad en l\u00ednea - Best Global Meds<\/title>\n<meta name=\"description\" content=\"Comprar variedad de fondue de chocolate de calidad en l\u00ednea. Chocolate Fondue Strain es un h\u00edbrido sativa dominante - 80% Sativa \/ 20% Indica THC: 17%\" \/>\n<meta name=\"robots\" content=\"index, follow, max-snippet:-1, max-image-preview:large, max-video-preview:-1\" \/>\n<link rel=\"canonical\" href=\"https:\/\/medicinasinc.com\/es\/product\/comprar-fondue-de-chocolate-cepa\/\" \/>\n<meta property=\"og:locale\" content=\"es_ES\" \/>\n<meta property=\"og:type\" content=\"article\" \/>\n<meta property=\"og:title\" content=\"Comprar cepa de fondue de chocolate de calidad en l\u00ednea - Best Global Meds\" \/>\n<meta property=\"og:description\" content=\"Comprar variedad de fondue de chocolate de calidad en l\u00ednea. Chocolate Fondue Strain es un h\u00edbrido sativa dominante - 80% Sativa \/ 20% Indica THC: 17%\" \/>\n<meta property=\"og:url\" content=\"https:\/\/medicinasinc.com\/es\/product\/comprar-fondue-de-chocolate-cepa\/\" \/>\n<meta property=\"og:site_name\" content=\"Medicinas Inc\" \/>\n<meta property=\"article:modified_time\" content=\"2022-03-22T00:57:11+00:00\" \/>\n<meta property=\"og:image\" content=\"https:\/\/medicinasinc.com\/es\/wp-content\/uploads\/sites\/15\/2022\/02\/Buy-Quality-Chocolate-Fondue.jpg\" \/>\n\t<meta property=\"og:image:width\" content=\"667\" \/>\n\t<meta property=\"og:image:height\" content=\"1000\" \/>\n\t<meta property=\"og:image:type\" content=\"image\/jpeg\" \/>\n<meta name=\"twitter:card\" content=\"summary_large_image\" \/>\n<meta name=\"twitter:label1\" content=\"Tiempo de lectura\" \/>\n\t<meta name=\"twitter:data1\" content=\"2 minutos\" \/>\n<script type=\"application\/ld+json\" class=\"yoast-schema-graph\">{\"@context\":\"https:\/\/schema.org\",\"@graph\":[{\"@type\":\"WebPage\",\"@id\":\"https:\/\/medicinasinc.com\/es\/product\/comprar-fondue-de-chocolate-cepa\/\",\"url\":\"https:\/\/medicinasinc.com\/es\/product\/comprar-fondue-de-chocolate-cepa\/\",\"name\":\"Comprar cepa de fondue de chocolate de calidad en l\u00ednea - Best Global Meds\",\"isPartOf\":{\"@id\":\"https:\/\/medicinasinc.com\/es\/#website\"},\"primaryImageOfPage\":{\"@id\":\"https:\/\/medicinasinc.com\/es\/product\/comprar-fondue-de-chocolate-cepa\/#primaryimage\"},\"image\":{\"@id\":\"https:\/\/medicinasinc.com\/es\/product\/comprar-fondue-de-chocolate-cepa\/#primaryimage\"},\"thumbnailUrl\":\"https:\/\/medicinasinc.com\/es\/wp-content\/uploads\/sites\/15\/2022\/02\/Buy-Quality-Chocolate-Fondue.jpg\",\"datePublished\":\"2022-02-20T19:34:10+00:00\",\"dateModified\":\"2022-03-22T00:57:11+00:00\",\"description\":\"Comprar variedad de fondue de chocolate de calidad en l\u00ednea. Chocolate Fondue Strain es un h\u00edbrido sativa dominante - 80% Sativa \/ 20% Indica THC: 17%\",\"breadcrumb\":{\"@id\":\"https:\/\/medicinasinc.com\/es\/product\/comprar-fondue-de-chocolate-cepa\/#breadcrumb\"},\"inLanguage\":\"es\",\"potentialAction\":[{\"@type\":\"ReadAction\",\"target\":[\"https:\/\/medicinasinc.com\/es\/product\/comprar-fondue-de-chocolate-cepa\/\"]}]},{\"@type\":\"ImageObject\",\"inLanguage\":\"es\",\"@id\":\"https:\/\/medicinasinc.com\/es\/product\/comprar-fondue-de-chocolate-cepa\/#primaryimage\",\"url\":\"https:\/\/medicinasinc.com\/es\/wp-content\/uploads\/sites\/15\/2022\/02\/Buy-Quality-Chocolate-Fondue.jpg\",\"contentUrl\":\"https:\/\/medicinasinc.com\/es\/wp-content\/uploads\/sites\/15\/2022\/02\/Buy-Quality-Chocolate-Fondue.jpg\",\"width\":667,\"height\":1000},{\"@type\":\"BreadcrumbList\",\"@id\":\"https:\/\/medicinasinc.com\/es\/product\/comprar-fondue-de-chocolate-cepa\/#breadcrumb\",\"itemListElement\":[{\"@type\":\"ListItem\",\"position\":1,\"name\":\"Tienda\",\"item\":\"https:\/\/medicinasinc.com\/es\/tienda\/\"},{\"@type\":\"ListItem\",\"position\":2,\"name\":\"Comprar cepa de fondue de chocolate\"}]},{\"@type\":\"WebSite\",\"@id\":\"https:\/\/medicinasinc.com\/es\/#website\",\"url\":\"https:\/\/medicinasinc.com\/es\/\",\"name\":\"Medicinas Inc\",\"description\":\"Cl\u00ednica M\u00e9dica de Salud\",\"potentialAction\":[{\"@type\":\"SearchAction\",\"target\":{\"@type\":\"EntryPoint\",\"urlTemplate\":\"https:\/\/medicinasinc.com\/es\/?s={search_term_string}\"},\"query-input\":{\"@type\":\"PropertyValueSpecification\",\"valueRequired\":true,\"valueName\":\"search_term_string\"}}],\"inLanguage\":\"es\"}]}<\/script>\n<!-- \/ Yoast SEO plugin. -->","yoast_head_json":{"title":"Comprar cepa de fondue de chocolate de calidad en l\u00ednea - Best Global Meds","description":"Comprar variedad de fondue de chocolate de calidad en l\u00ednea. Chocolate Fondue Strain es un h\u00edbrido sativa dominante - 80% Sativa \/ 20% Indica THC: 17%","robots":{"index":"index","follow":"follow","max-snippet":"max-snippet:-1","max-image-preview":"max-image-preview:large","max-video-preview":"max-video-preview:-1"},"canonical":"https:\/\/medicinasinc.com\/es\/product\/comprar-fondue-de-chocolate-cepa\/","og_locale":"es_ES","og_type":"article","og_title":"Comprar cepa de fondue de chocolate de calidad en l\u00ednea - Best Global Meds","og_description":"Comprar variedad de fondue de chocolate de calidad en l\u00ednea. Chocolate Fondue Strain es un h\u00edbrido sativa dominante - 80% Sativa \/ 20% Indica THC: 17%","og_url":"https:\/\/medicinasinc.com\/es\/product\/comprar-fondue-de-chocolate-cepa\/","og_site_name":"Medicinas Inc","article_modified_time":"2022-03-22T00:57:11+00:00","og_image":[{"width":667,"height":1000,"url":"https:\/\/medicinasinc.com\/es\/wp-content\/uploads\/sites\/15\/2022\/02\/Buy-Quality-Chocolate-Fondue.jpg","type":"image\/jpeg"}],"twitter_card":"summary_large_image","twitter_misc":{"Tiempo de lectura":"2 minutos"},"schema":{"@context":"https:\/\/schema.org","@graph":[{"@type":"WebPage","@id":"https:\/\/medicinasinc.com\/es\/product\/comprar-fondue-de-chocolate-cepa\/","url":"https:\/\/medicinasinc.com\/es\/product\/comprar-fondue-de-chocolate-cepa\/","name":"Comprar cepa de fondue de chocolate de calidad en l\u00ednea - Best Global Meds","isPartOf":{"@id":"https:\/\/medicinasinc.com\/es\/#website"},"primaryImageOfPage":{"@id":"https:\/\/medicinasinc.com\/es\/product\/comprar-fondue-de-chocolate-cepa\/#primaryimage"},"image":{"@id":"https:\/\/medicinasinc.com\/es\/product\/comprar-fondue-de-chocolate-cepa\/#primaryimage"},"thumbnailUrl":"https:\/\/medicinasinc.com\/es\/wp-content\/uploads\/sites\/15\/2022\/02\/Buy-Quality-Chocolate-Fondue.jpg","datePublished":"2022-02-20T19:34:10+00:00","dateModified":"2022-03-22T00:57:11+00:00","description":"Comprar variedad de fondue de chocolate de calidad en l\u00ednea. Chocolate Fondue Strain es un h\u00edbrido sativa dominante - 80% Sativa \/ 20% Indica THC: 17%","breadcrumb":{"@id":"https:\/\/medicinasinc.com\/es\/product\/comprar-fondue-de-chocolate-cepa\/#breadcrumb"},"inLanguage":"es","potentialAction":[{"@type":"ReadAction","target":["https:\/\/medicinasinc.com\/es\/product\/comprar-fondue-de-chocolate-cepa\/"]}]},{"@type":"ImageObject","inLanguage":"es","@id":"https:\/\/medicinasinc.com\/es\/product\/comprar-fondue-de-chocolate-cepa\/#primaryimage","url":"https:\/\/medicinasinc.com\/es\/wp-content\/uploads\/sites\/15\/2022\/02\/Buy-Quality-Chocolate-Fondue.jpg","contentUrl":"https:\/\/medicinasinc.com\/es\/wp-content\/uploads\/sites\/15\/2022\/02\/Buy-Quality-Chocolate-Fondue.jpg","width":667,"height":1000},{"@type":"BreadcrumbList","@id":"https:\/\/medicinasinc.com\/es\/product\/comprar-fondue-de-chocolate-cepa\/#breadcrumb","itemListElement":[{"@type":"ListItem","position":1,"name":"Tienda","item":"https:\/\/medicinasinc.com\/es\/tienda\/"},{"@type":"ListItem","position":2,"name":"Comprar cepa de fondue de chocolate"}]},{"@type":"WebSite","@id":"https:\/\/medicinasinc.com\/es\/#website","url":"https:\/\/medicinasinc.com\/es\/","name":"Medicinas Inc","description":"Cl\u00ednica M\u00e9dica de Salud","potentialAction":[{"@type":"SearchAction","target":{"@type":"EntryPoint","urlTemplate":"https:\/\/medicinasinc.com\/es\/?s={search_term_string}"},"query-input":{"@type":"PropertyValueSpecification","valueRequired":true,"valueName":"search_term_string"}}],"inLanguage":"es"}]}},"_links":{"self":[{"href":"https:\/\/medicinasinc.com\/es\/wp-json\/wp\/v2\/product\/5046","targetHints":{"allow":["GET"]}}],"collection":[{"href":"https:\/\/medicinasinc.com\/es\/wp-json\/wp\/v2\/product"}],"about":[{"href":"https:\/\/medicinasinc.com\/es\/wp-json\/wp\/v2\/types\/product"}],"replies":[{"embeddable":true,"href":"https:\/\/medicinasinc.com\/es\/wp-json\/wp\/v2\/comments?post=5046"}],"wp:featuredmedia":[{"embeddable":true,"href":"https:\/\/medicinasinc.com\/es\/wp-json\/wp\/v2\/media\/5065"}],"wp:attachment":[{"href":"https:\/\/medicinasinc.com\/es\/wp-json\/wp\/v2\/media?parent=5046"}],"wp:term":[{"taxonomy":"product_brand","embeddable":true,"href":"https:\/\/medicinasinc.com\/es\/wp-json\/wp\/v2\/product_brand?post=5046"},{"taxonomy":"product_cat","embeddable":true,"href":"https:\/\/medicinasinc.com\/es\/wp-json\/wp\/v2\/product_cat?post=5046"},{"taxonomy":"product_tag","embeddable":true,"href":"https:\/\/medicinasinc.com\/es\/wp-json\/wp\/v2\/product_tag?post=5046"}],"curies":[{"name":"wp","href":"https:\/\/api.w.org\/{rel}","templated":true}]}}