{"id":5045,"date":"2022-02-20T19:32:59","date_gmt":"2022-02-20T19:32:59","guid":{"rendered":"https:\/\/medicinasinc.com\/es\/?post_type=product&#038;p=5045"},"modified":"2022-03-22T00:57:25","modified_gmt":"2022-03-22T00:57:25","slug":"comprar-montana-rocosa-arandano","status":"publish","type":"product","link":"https:\/\/medicinasinc.com\/es\/product\/comprar-montana-rocosa-arandano\/","title":{"rendered":"Comprar Ar\u00e1ndano de las Monta\u00f1as Rocosas"},"content":{"rendered":"<h1><a href=\"https:\/\/www.bestglobalmeds.com\/product\/marijuana\/rocky-mountain\/\">Comprar Rocky Mountain Blueberry<\/a> Variedad<\/h1>\n<p>Rocky Mountain Blueberry es indica dominante H\u00edbrido \u2013 70% Indica \/ 30% Sativa THC: 15% \u2013 18%<\/p>\n<p>Efectos<br \/> Estimulado, Creativo, Energizante, Feliz, Motivador, Relajante<br \/> Puede aliviar<br \/> La depresi\u00f3n , Fatiga, Glaucoma, Dolores de cabeza, Estr\u00e9s<br \/> Sabores<br \/> Bayas, Caramelo, Afrutado, Dulce<br \/> Aromas<br \/> Bayas, Ar\u00e1ndano, Terroso, Hierbas, Dulce<\/p>\n<p>Rocoso Mountain Blueberry es una cepa h\u00edbrida predominantemente \u00edndica creada a partir de las incre\u00edblemente sabrosas cepas Shishkaberry y Blueberry. Esta cepa es bien conocida por su sabor seductor, \u00a1similar a los deliciosos ar\u00e1ndanos reci\u00e9n recogidos o a un jugoso caramelo con sabor a ar\u00e1ndanos! El aroma es igualmente delicioso, con notas terrosas de ar\u00e1ndanos, pino fresco y una pizca de lim\u00f3n. El subid\u00f3n de Rocky Mountain Blueberry es tan dulce como su sabor, con efectos estimulantes y vigorizantes que son ideales para prepararse para una aventura al aire libre. Se sentir\u00e1 c\u00f3modo pero preparado para salir a caminar, nadar, correr o cualquier otra cosa que se le ocurra mientras est\u00e1 afuera. Este estado de \u00e1nimo puede ser un poco de hormigueo a veces, haci\u00e9ndote sentir un poco ansioso y un poco excitado. Se informa que Rocky Mountain Blueberry es ideal para tratar dolencias como agotamiento, depresi\u00f3n, dolores de cabeza o migra\u00f1as, y glaucoma o presi\u00f3n ocular alta debido a estos efectos y a su significativo contenido promedio de THC del 15-18 por ciento. Cogollos de color verde oliva oscuro con matices azules y una capa de tricomas de color lavanda intenso caracterizan este cogollo.<\/p>\n","protected":false},"excerpt":{"rendered":"<div class=\"woocommerce-product-details__short-description\">\n<p>Compra en l\u00ednea de Rocky Mountain Blueberry Strain. Rocky Mountain Blueberry es un h\u00edbrido Indica dominante &#8211; 70% Indica \/ 30% Sativa. Contenido de THC de sativa: 15 %\u201318 %<\/p>\n<p>Rocky Mountain Blueberry es una cepa h\u00edbrida \u00edndica dominante creada a partir de los padres incre\u00edblemente sabrosos Shishkaberry X Blueberry.<\/p>\n<\/p><\/div>\n","protected":false},"featured_media":5063,"comment_status":"open","ping_status":"closed","template":"","meta":[],"product_brand":[],"product_cat":[778],"product_tag":[996,1002,997,999,1001,1000,1003,998],"class_list":{"0":"post-5045","1":"product","2":"type-product","3":"status-publish","4":"has-post-thumbnail","6":"product_cat-hierba-para-la-venta","7":"product_tag-blueberry-strain-allbud","8":"product_tag-shazam-cepa-hojas","9":"product_tag-mikado-strain-leafly","10":"product_tag-montaa-y","11":"product_tag-rocky-mountain-high-strain","12":"product_tag-tensin-de-fuego-en-las-montaas-rocosas","13":"product_tag-variedad-de-bayas-suizas","14":"product_tag-variedad-mountain-berry-kush","16":"first","17":"instock","18":"shipping-taxable","19":"purchasable","20":"product-type-variable","21":"has-default-attributes"},"yoast_head":"<!-- This site is optimized with the Yoast SEO plugin v27.2 - https:\/\/yoast.com\/product\/yoast-seo-wordpress\/ -->\n<title>Compre la variedad Rocky Mountain Blueberry - Best Global Meds<\/title>\n<meta name=\"description\" content=\"Comprar variedad Rocky Mountain Blueberry Rocky Mountain Blueberry es un h\u00edbrido predominantemente \u00edndica: 70 % \u00edndica \/ 30 % sativa THC: 15 % - 18 % Efectos excitantes, creativos.\" \/>\n<meta name=\"robots\" content=\"index, follow, max-snippet:-1, max-image-preview:large, max-video-preview:-1\" \/>\n<link rel=\"canonical\" href=\"https:\/\/medicinasinc.com\/es\/product\/comprar-montana-rocosa-arandano\/\" \/>\n<meta property=\"og:locale\" content=\"es_ES\" \/>\n<meta property=\"og:type\" content=\"article\" \/>\n<meta property=\"og:title\" content=\"Compre la variedad Rocky Mountain Blueberry - Best Global Meds\" \/>\n<meta property=\"og:description\" content=\"Comprar variedad Rocky Mountain Blueberry Rocky Mountain Blueberry es un h\u00edbrido predominantemente \u00edndica: 70 % \u00edndica \/ 30 % sativa THC: 15 % - 18 % Efectos excitantes, creativos.\" \/>\n<meta property=\"og:url\" content=\"https:\/\/medicinasinc.com\/es\/product\/comprar-montana-rocosa-arandano\/\" \/>\n<meta property=\"og:site_name\" content=\"Medicinas Inc\" \/>\n<meta property=\"article:modified_time\" content=\"2022-03-22T00:57:25+00:00\" \/>\n<meta property=\"og:image\" content=\"https:\/\/medicinasinc.com\/es\/wp-content\/uploads\/sites\/15\/2022\/02\/Buy-Rocky-Mountain-Blueberry.jpg\" \/>\n\t<meta property=\"og:image:width\" content=\"1200\" \/>\n\t<meta property=\"og:image:height\" content=\"630\" \/>\n\t<meta property=\"og:image:type\" content=\"image\/jpeg\" \/>\n<meta name=\"twitter:card\" content=\"summary_large_image\" \/>\n<meta name=\"twitter:label1\" content=\"Tiempo de lectura\" \/>\n\t<meta name=\"twitter:data1\" content=\"1 minuto\" \/>\n<script type=\"application\/ld+json\" class=\"yoast-schema-graph\">{\"@context\":\"https:\/\/schema.org\",\"@graph\":[{\"@type\":\"WebPage\",\"@id\":\"https:\/\/medicinasinc.com\/es\/product\/comprar-montana-rocosa-arandano\/\",\"url\":\"https:\/\/medicinasinc.com\/es\/product\/comprar-montana-rocosa-arandano\/\",\"name\":\"Compre la variedad Rocky Mountain Blueberry - Best Global Meds\",\"isPartOf\":{\"@id\":\"https:\/\/medicinasinc.com\/es\/#website\"},\"primaryImageOfPage\":{\"@id\":\"https:\/\/medicinasinc.com\/es\/product\/comprar-montana-rocosa-arandano\/#primaryimage\"},\"image\":{\"@id\":\"https:\/\/medicinasinc.com\/es\/product\/comprar-montana-rocosa-arandano\/#primaryimage\"},\"thumbnailUrl\":\"https:\/\/medicinasinc.com\/es\/wp-content\/uploads\/sites\/15\/2022\/02\/Buy-Rocky-Mountain-Blueberry.jpg\",\"datePublished\":\"2022-02-20T19:32:59+00:00\",\"dateModified\":\"2022-03-22T00:57:25+00:00\",\"description\":\"Comprar variedad Rocky Mountain Blueberry Rocky Mountain Blueberry es un h\u00edbrido predominantemente \u00edndica: 70 % \u00edndica \/ 30 % sativa THC: 15 % - 18 % Efectos excitantes, creativos.\",\"breadcrumb\":{\"@id\":\"https:\/\/medicinasinc.com\/es\/product\/comprar-montana-rocosa-arandano\/#breadcrumb\"},\"inLanguage\":\"es\",\"potentialAction\":[{\"@type\":\"ReadAction\",\"target\":[\"https:\/\/medicinasinc.com\/es\/product\/comprar-montana-rocosa-arandano\/\"]}]},{\"@type\":\"ImageObject\",\"inLanguage\":\"es\",\"@id\":\"https:\/\/medicinasinc.com\/es\/product\/comprar-montana-rocosa-arandano\/#primaryimage\",\"url\":\"https:\/\/medicinasinc.com\/es\/wp-content\/uploads\/sites\/15\/2022\/02\/Buy-Rocky-Mountain-Blueberry.jpg\",\"contentUrl\":\"https:\/\/medicinasinc.com\/es\/wp-content\/uploads\/sites\/15\/2022\/02\/Buy-Rocky-Mountain-Blueberry.jpg\",\"width\":1200,\"height\":630},{\"@type\":\"BreadcrumbList\",\"@id\":\"https:\/\/medicinasinc.com\/es\/product\/comprar-montana-rocosa-arandano\/#breadcrumb\",\"itemListElement\":[{\"@type\":\"ListItem\",\"position\":1,\"name\":\"Tienda\",\"item\":\"https:\/\/medicinasinc.com\/es\/tienda\/\"},{\"@type\":\"ListItem\",\"position\":2,\"name\":\"Comprar Ar\u00e1ndano de las Monta\u00f1as Rocosas\"}]},{\"@type\":\"WebSite\",\"@id\":\"https:\/\/medicinasinc.com\/es\/#website\",\"url\":\"https:\/\/medicinasinc.com\/es\/\",\"name\":\"Medicinas Inc\",\"description\":\"Cl\u00ednica M\u00e9dica de Salud\",\"potentialAction\":[{\"@type\":\"SearchAction\",\"target\":{\"@type\":\"EntryPoint\",\"urlTemplate\":\"https:\/\/medicinasinc.com\/es\/?s={search_term_string}\"},\"query-input\":{\"@type\":\"PropertyValueSpecification\",\"valueRequired\":true,\"valueName\":\"search_term_string\"}}],\"inLanguage\":\"es\"}]}<\/script>\n<!-- \/ Yoast SEO plugin. -->","yoast_head_json":{"title":"Compre la variedad Rocky Mountain Blueberry - Best Global Meds","description":"Comprar variedad Rocky Mountain Blueberry Rocky Mountain Blueberry es un h\u00edbrido predominantemente \u00edndica: 70 % \u00edndica \/ 30 % sativa THC: 15 % - 18 % Efectos excitantes, creativos.","robots":{"index":"index","follow":"follow","max-snippet":"max-snippet:-1","max-image-preview":"max-image-preview:large","max-video-preview":"max-video-preview:-1"},"canonical":"https:\/\/medicinasinc.com\/es\/product\/comprar-montana-rocosa-arandano\/","og_locale":"es_ES","og_type":"article","og_title":"Compre la variedad Rocky Mountain Blueberry - Best Global Meds","og_description":"Comprar variedad Rocky Mountain Blueberry Rocky Mountain Blueberry es un h\u00edbrido predominantemente \u00edndica: 70 % \u00edndica \/ 30 % sativa THC: 15 % - 18 % Efectos excitantes, creativos.","og_url":"https:\/\/medicinasinc.com\/es\/product\/comprar-montana-rocosa-arandano\/","og_site_name":"Medicinas Inc","article_modified_time":"2022-03-22T00:57:25+00:00","og_image":[{"width":1200,"height":630,"url":"https:\/\/medicinasinc.com\/es\/wp-content\/uploads\/sites\/15\/2022\/02\/Buy-Rocky-Mountain-Blueberry.jpg","type":"image\/jpeg"}],"twitter_card":"summary_large_image","twitter_misc":{"Tiempo de lectura":"1 minuto"},"schema":{"@context":"https:\/\/schema.org","@graph":[{"@type":"WebPage","@id":"https:\/\/medicinasinc.com\/es\/product\/comprar-montana-rocosa-arandano\/","url":"https:\/\/medicinasinc.com\/es\/product\/comprar-montana-rocosa-arandano\/","name":"Compre la variedad Rocky Mountain Blueberry - Best Global Meds","isPartOf":{"@id":"https:\/\/medicinasinc.com\/es\/#website"},"primaryImageOfPage":{"@id":"https:\/\/medicinasinc.com\/es\/product\/comprar-montana-rocosa-arandano\/#primaryimage"},"image":{"@id":"https:\/\/medicinasinc.com\/es\/product\/comprar-montana-rocosa-arandano\/#primaryimage"},"thumbnailUrl":"https:\/\/medicinasinc.com\/es\/wp-content\/uploads\/sites\/15\/2022\/02\/Buy-Rocky-Mountain-Blueberry.jpg","datePublished":"2022-02-20T19:32:59+00:00","dateModified":"2022-03-22T00:57:25+00:00","description":"Comprar variedad Rocky Mountain Blueberry Rocky Mountain Blueberry es un h\u00edbrido predominantemente \u00edndica: 70 % \u00edndica \/ 30 % sativa THC: 15 % - 18 % Efectos excitantes, creativos.","breadcrumb":{"@id":"https:\/\/medicinasinc.com\/es\/product\/comprar-montana-rocosa-arandano\/#breadcrumb"},"inLanguage":"es","potentialAction":[{"@type":"ReadAction","target":["https:\/\/medicinasinc.com\/es\/product\/comprar-montana-rocosa-arandano\/"]}]},{"@type":"ImageObject","inLanguage":"es","@id":"https:\/\/medicinasinc.com\/es\/product\/comprar-montana-rocosa-arandano\/#primaryimage","url":"https:\/\/medicinasinc.com\/es\/wp-content\/uploads\/sites\/15\/2022\/02\/Buy-Rocky-Mountain-Blueberry.jpg","contentUrl":"https:\/\/medicinasinc.com\/es\/wp-content\/uploads\/sites\/15\/2022\/02\/Buy-Rocky-Mountain-Blueberry.jpg","width":1200,"height":630},{"@type":"BreadcrumbList","@id":"https:\/\/medicinasinc.com\/es\/product\/comprar-montana-rocosa-arandano\/#breadcrumb","itemListElement":[{"@type":"ListItem","position":1,"name":"Tienda","item":"https:\/\/medicinasinc.com\/es\/tienda\/"},{"@type":"ListItem","position":2,"name":"Comprar Ar\u00e1ndano de las Monta\u00f1as Rocosas"}]},{"@type":"WebSite","@id":"https:\/\/medicinasinc.com\/es\/#website","url":"https:\/\/medicinasinc.com\/es\/","name":"Medicinas Inc","description":"Cl\u00ednica M\u00e9dica de Salud","potentialAction":[{"@type":"SearchAction","target":{"@type":"EntryPoint","urlTemplate":"https:\/\/medicinasinc.com\/es\/?s={search_term_string}"},"query-input":{"@type":"PropertyValueSpecification","valueRequired":true,"valueName":"search_term_string"}}],"inLanguage":"es"}]}},"_links":{"self":[{"href":"https:\/\/medicinasinc.com\/es\/wp-json\/wp\/v2\/product\/5045","targetHints":{"allow":["GET"]}}],"collection":[{"href":"https:\/\/medicinasinc.com\/es\/wp-json\/wp\/v2\/product"}],"about":[{"href":"https:\/\/medicinasinc.com\/es\/wp-json\/wp\/v2\/types\/product"}],"replies":[{"embeddable":true,"href":"https:\/\/medicinasinc.com\/es\/wp-json\/wp\/v2\/comments?post=5045"}],"wp:featuredmedia":[{"embeddable":true,"href":"https:\/\/medicinasinc.com\/es\/wp-json\/wp\/v2\/media\/5063"}],"wp:attachment":[{"href":"https:\/\/medicinasinc.com\/es\/wp-json\/wp\/v2\/media?parent=5045"}],"wp:term":[{"taxonomy":"product_brand","embeddable":true,"href":"https:\/\/medicinasinc.com\/es\/wp-json\/wp\/v2\/product_brand?post=5045"},{"taxonomy":"product_cat","embeddable":true,"href":"https:\/\/medicinasinc.com\/es\/wp-json\/wp\/v2\/product_cat?post=5045"},{"taxonomy":"product_tag","embeddable":true,"href":"https:\/\/medicinasinc.com\/es\/wp-json\/wp\/v2\/product_tag?post=5045"}],"curies":[{"name":"wp","href":"https:\/\/api.w.org\/{rel}","templated":true}]}}