{"id":5044,"date":"2022-02-20T19:31:39","date_gmt":"2022-02-20T19:31:39","guid":{"rendered":"https:\/\/medicinasinc.com\/es\/?post_type=product&#038;p=5044"},"modified":"2022-03-22T00:57:36","modified_gmt":"2022-03-22T00:57:36","slug":"comprar-purple-wreck-marijuana","status":"publish","type":"product","link":"https:\/\/medicinasinc.com\/es\/product\/comprar-purple-wreck-marijuana\/","title":{"rendered":"Comprar marihuana Purple Wreck"},"content":{"rendered":"<div class=\"et_pb_column et_pb_column_3_8 et_pb_column_inner et_pb_column_inner_4 \">\n<div class=\"et_pb_module et_pb_text et_pb_text_6 et_pb_bg_layout_light et_pb_text_align_left\">\n<div class=\"et_pb_text_inner\">\n<p>P\u00farpura para Saleck Mari&gt; Variedad h\u00edbrida de dominancia \u00edndica que tiene la capacidad de sorprender incluso al consumidor de cannabis m\u00e1s experimentado. Purple Wreck es una mezcla entre la extremadamente popular sativa Trainwreck y la colorida y arom\u00e1tica Purple Urkle. Fue creado por DNA Genetics, los famosos criadores detr\u00e1s de Chocolope y LA Confidential. Purple Wreck es una excelente opci\u00f3n para el consumo al final del d\u00eda debido a su cuerpo fuerte y calmante y su sabor audaz. Analytical 360, un centro de pruebas de cannabis, descubri\u00f3 que las muestras de la cepa conten\u00edan niveles de THC que oscilaban entre el 10 % y un asombroso 31 %.<\/p>\n<p>La Purple Wreck se distingue por sus flores enormes y perfectamente formadas. Estos cogollos tienen la apariencia de \u00e1rboles de Navidad en miniatura, estrech\u00e1ndose desde una base ancha hasta una punta puntiaguda. Su estructura parece ser un cruce entre \u00edndica y sativa, aunque compacta y densa por dentro, las hojas se extienden en espiral hacia afuera con una textura esponjosa por fuera. La verdadera estrella de la variedad son estas hojas, que deslumbran a los consumidores con una combinaci\u00f3n moteada de verde oliva, morado y violeta. Estos tonos p\u00farpura son causados \u200b\u200bpor un clima m\u00e1s fr\u00edo que el promedio que activa los pigmentos de antocianina en el ADN de la cepa. Finalmente, pegajosos tricomas blancos cubren toda la superficie de estas enormes pepitas, d\u00e1ndoles una apariencia h\u00fameda y escarchada.<\/p>\n<p>Los h\u00edbridos de cannabis son un cruce entre variedades \u00edndica y sativa. Si bien las conversaciones sobre las variedades de cannabis tienden a centrarse en las distinciones entre sativa e indica, este es solo un aspecto de la imagen. De hecho, la mayor\u00eda de los cultivares de marihuana disponibles en la actualidad no son sativas puras. Por lo general, ser\u00e1n h\u00edbridos de dominancia \u00edndica o sativa, o una combinaci\u00f3n 50\/50 de los dos. Compra de naufragio p\u00farpura en l\u00ednea<\/p>\n<p>Compra de naufragio p\u00farpura en l\u00ednea<\/p>\n<\/p><\/div><\/div><\/div>\n<div class=\"product-next-previous\">\n<div class=\"product- anterior\"><\/div><\/div>\n","protected":false},"excerpt":{"rendered":"<p>Naufragio p\u00farpura &#8211; Comprar Purple Wreck en l\u00ednea &#8211; Purple Wreck es un h\u00edbrido \u00edndica dominante que tiene la capacidad de sorprender incluso al consumidor de cannabis m\u00e1s experimentado.<\/p>\n<p>La variedad de marihuana Purple Wreck se puede comprar en l\u00ednea.<\/p>\n<p>La marihuana Purple Wreck es una Indica cepa de marihuana. H\u00edbrido dominante &#8211; 60 % Indica \/ 40 % Sativa Contenido de THC de sativa: 18\u201325 %<\/p>\n<p>1 oz. pedido m\u00ednimo<\/p>\n<p>&nbsp;<\/p>\n","protected":false},"featured_media":5061,"comment_status":"open","ping_status":"closed","template":"","meta":[],"product_brand":[],"product_cat":[778],"product_tag":[991,992,995,988,989,993,994,990],"class_list":{"0":"post-5044","1":"product","2":"type-product","3":"status-publish","4":"has-post-thumbnail","6":"product_cat-hierba-para-la-venta","7":"product_tag-prpura-naufragio-hojas","8":"product_tag-purple-wreck-sativa-o-indica","9":"product_tag-precio-de-la-tensin-del-tren-naufragio","10":"product_tag-prpura-tren-naufragio-precio","11":"product_tag-purple-trainwreck-strain-effects","12":"product_tag-purple-wreck-strain-allbud","13":"product_tag-purple-wreck-strain-reserva-privada","14":"product_tag-revisin-de-la-variedad-purple-trainwreck-strain","16":"first","17":"instock","18":"shipping-taxable","19":"purchasable","20":"product-type-simple"},"yoast_head":"<!-- This site is optimized with the Yoast SEO plugin v27.3 - https:\/\/yoast.com\/product\/yoast-seo-wordpress\/ -->\n<title>Comprar marihuana Purple Wreck - Best Best Global Meds<\/title>\n<meta name=\"description\" content=\"Compre marihuana Purple Wreck en l\u00ednea: Purple Wreck es un h\u00edbrido \u00edndica dominante con el poder de impresionar incluso a los consumidores de cannabis experimentados.\" \/>\n<meta name=\"robots\" content=\"index, follow, max-snippet:-1, max-image-preview:large, max-video-preview:-1\" \/>\n<link rel=\"canonical\" href=\"https:\/\/medicinasinc.com\/es\/product\/comprar-purple-wreck-marijuana\/\" \/>\n<meta property=\"og:locale\" content=\"es_ES\" \/>\n<meta property=\"og:type\" content=\"article\" \/>\n<meta property=\"og:title\" content=\"Comprar marihuana Purple Wreck - Best Best Global Meds\" \/>\n<meta property=\"og:description\" content=\"Compre marihuana Purple Wreck en l\u00ednea: Purple Wreck es un h\u00edbrido \u00edndica dominante con el poder de impresionar incluso a los consumidores de cannabis experimentados.\" \/>\n<meta property=\"og:url\" content=\"https:\/\/medicinasinc.com\/es\/product\/comprar-purple-wreck-marijuana\/\" \/>\n<meta property=\"og:site_name\" content=\"Medicinas Inc\" \/>\n<meta property=\"article:modified_time\" content=\"2022-03-22T00:57:36+00:00\" \/>\n<meta property=\"og:image\" content=\"https:\/\/medicinasinc.com\/es\/wp-content\/uploads\/sites\/15\/2022\/02\/Buy-Purple-Wreck-Marijuana-1.jpg\" \/>\n\t<meta property=\"og:image:width\" content=\"1245\" \/>\n\t<meta property=\"og:image:height\" content=\"1024\" \/>\n\t<meta property=\"og:image:type\" content=\"image\/jpeg\" \/>\n<meta name=\"twitter:card\" content=\"summary_large_image\" \/>\n<meta name=\"twitter:label1\" content=\"Tiempo de lectura\" \/>\n\t<meta name=\"twitter:data1\" content=\"2 minutos\" \/>\n<script type=\"application\/ld+json\" class=\"yoast-schema-graph\">{\"@context\":\"https:\\\/\\\/schema.org\",\"@graph\":[{\"@type\":\"WebPage\",\"@id\":\"https:\\\/\\\/medicinasinc.com\\\/es\\\/product\\\/comprar-purple-wreck-marijuana\\\/\",\"url\":\"https:\\\/\\\/medicinasinc.com\\\/es\\\/product\\\/comprar-purple-wreck-marijuana\\\/\",\"name\":\"Comprar marihuana Purple Wreck - Best Best Global Meds\",\"isPartOf\":{\"@id\":\"https:\\\/\\\/medicinasinc.com\\\/es\\\/#website\"},\"primaryImageOfPage\":{\"@id\":\"https:\\\/\\\/medicinasinc.com\\\/es\\\/product\\\/comprar-purple-wreck-marijuana\\\/#primaryimage\"},\"image\":{\"@id\":\"https:\\\/\\\/medicinasinc.com\\\/es\\\/product\\\/comprar-purple-wreck-marijuana\\\/#primaryimage\"},\"thumbnailUrl\":\"https:\\\/\\\/medicinasinc.com\\\/es\\\/wp-content\\\/uploads\\\/sites\\\/15\\\/2022\\\/02\\\/Buy-Purple-Wreck-Marijuana-1.jpg\",\"datePublished\":\"2022-02-20T19:31:39+00:00\",\"dateModified\":\"2022-03-22T00:57:36+00:00\",\"description\":\"Compre marihuana Purple Wreck en l\u00ednea: Purple Wreck es un h\u00edbrido \u00edndica dominante con el poder de impresionar incluso a los consumidores de cannabis experimentados.\",\"breadcrumb\":{\"@id\":\"https:\\\/\\\/medicinasinc.com\\\/es\\\/product\\\/comprar-purple-wreck-marijuana\\\/#breadcrumb\"},\"inLanguage\":\"es\",\"potentialAction\":[{\"@type\":\"ReadAction\",\"target\":[\"https:\\\/\\\/medicinasinc.com\\\/es\\\/product\\\/comprar-purple-wreck-marijuana\\\/\"]}]},{\"@type\":\"ImageObject\",\"inLanguage\":\"es\",\"@id\":\"https:\\\/\\\/medicinasinc.com\\\/es\\\/product\\\/comprar-purple-wreck-marijuana\\\/#primaryimage\",\"url\":\"https:\\\/\\\/medicinasinc.com\\\/es\\\/wp-content\\\/uploads\\\/sites\\\/15\\\/2022\\\/02\\\/Buy-Purple-Wreck-Marijuana-1.jpg\",\"contentUrl\":\"https:\\\/\\\/medicinasinc.com\\\/es\\\/wp-content\\\/uploads\\\/sites\\\/15\\\/2022\\\/02\\\/Buy-Purple-Wreck-Marijuana-1.jpg\",\"width\":1245,\"height\":1024},{\"@type\":\"BreadcrumbList\",\"@id\":\"https:\\\/\\\/medicinasinc.com\\\/es\\\/product\\\/comprar-purple-wreck-marijuana\\\/#breadcrumb\",\"itemListElement\":[{\"@type\":\"ListItem\",\"position\":1,\"name\":\"Tienda\",\"item\":\"https:\\\/\\\/medicinasinc.com\\\/es\\\/tienda\\\/\"},{\"@type\":\"ListItem\",\"position\":2,\"name\":\"Comprar marihuana Purple Wreck\"}]},{\"@type\":\"WebSite\",\"@id\":\"https:\\\/\\\/medicinasinc.com\\\/es\\\/#website\",\"url\":\"https:\\\/\\\/medicinasinc.com\\\/es\\\/\",\"name\":\"Medicinas Inc\",\"description\":\"Cl\u00ednica M\u00e9dica de Salud\",\"potentialAction\":[{\"@type\":\"SearchAction\",\"target\":{\"@type\":\"EntryPoint\",\"urlTemplate\":\"https:\\\/\\\/medicinasinc.com\\\/es\\\/?s={search_term_string}\"},\"query-input\":{\"@type\":\"PropertyValueSpecification\",\"valueRequired\":true,\"valueName\":\"search_term_string\"}}],\"inLanguage\":\"es\"}]}<\/script>\n<!-- \/ Yoast SEO plugin. -->","yoast_head_json":{"title":"Comprar marihuana Purple Wreck - Best Best Global Meds","description":"Compre marihuana Purple Wreck en l\u00ednea: Purple Wreck es un h\u00edbrido \u00edndica dominante con el poder de impresionar incluso a los consumidores de cannabis experimentados.","robots":{"index":"index","follow":"follow","max-snippet":"max-snippet:-1","max-image-preview":"max-image-preview:large","max-video-preview":"max-video-preview:-1"},"canonical":"https:\/\/medicinasinc.com\/es\/product\/comprar-purple-wreck-marijuana\/","og_locale":"es_ES","og_type":"article","og_title":"Comprar marihuana Purple Wreck - Best Best Global Meds","og_description":"Compre marihuana Purple Wreck en l\u00ednea: Purple Wreck es un h\u00edbrido \u00edndica dominante con el poder de impresionar incluso a los consumidores de cannabis experimentados.","og_url":"https:\/\/medicinasinc.com\/es\/product\/comprar-purple-wreck-marijuana\/","og_site_name":"Medicinas Inc","article_modified_time":"2022-03-22T00:57:36+00:00","og_image":[{"width":1245,"height":1024,"url":"https:\/\/medicinasinc.com\/es\/wp-content\/uploads\/sites\/15\/2022\/02\/Buy-Purple-Wreck-Marijuana-1.jpg","type":"image\/jpeg"}],"twitter_card":"summary_large_image","twitter_misc":{"Tiempo de lectura":"2 minutos"},"schema":{"@context":"https:\/\/schema.org","@graph":[{"@type":"WebPage","@id":"https:\/\/medicinasinc.com\/es\/product\/comprar-purple-wreck-marijuana\/","url":"https:\/\/medicinasinc.com\/es\/product\/comprar-purple-wreck-marijuana\/","name":"Comprar marihuana Purple Wreck - Best Best Global Meds","isPartOf":{"@id":"https:\/\/medicinasinc.com\/es\/#website"},"primaryImageOfPage":{"@id":"https:\/\/medicinasinc.com\/es\/product\/comprar-purple-wreck-marijuana\/#primaryimage"},"image":{"@id":"https:\/\/medicinasinc.com\/es\/product\/comprar-purple-wreck-marijuana\/#primaryimage"},"thumbnailUrl":"https:\/\/medicinasinc.com\/es\/wp-content\/uploads\/sites\/15\/2022\/02\/Buy-Purple-Wreck-Marijuana-1.jpg","datePublished":"2022-02-20T19:31:39+00:00","dateModified":"2022-03-22T00:57:36+00:00","description":"Compre marihuana Purple Wreck en l\u00ednea: Purple Wreck es un h\u00edbrido \u00edndica dominante con el poder de impresionar incluso a los consumidores de cannabis experimentados.","breadcrumb":{"@id":"https:\/\/medicinasinc.com\/es\/product\/comprar-purple-wreck-marijuana\/#breadcrumb"},"inLanguage":"es","potentialAction":[{"@type":"ReadAction","target":["https:\/\/medicinasinc.com\/es\/product\/comprar-purple-wreck-marijuana\/"]}]},{"@type":"ImageObject","inLanguage":"es","@id":"https:\/\/medicinasinc.com\/es\/product\/comprar-purple-wreck-marijuana\/#primaryimage","url":"https:\/\/medicinasinc.com\/es\/wp-content\/uploads\/sites\/15\/2022\/02\/Buy-Purple-Wreck-Marijuana-1.jpg","contentUrl":"https:\/\/medicinasinc.com\/es\/wp-content\/uploads\/sites\/15\/2022\/02\/Buy-Purple-Wreck-Marijuana-1.jpg","width":1245,"height":1024},{"@type":"BreadcrumbList","@id":"https:\/\/medicinasinc.com\/es\/product\/comprar-purple-wreck-marijuana\/#breadcrumb","itemListElement":[{"@type":"ListItem","position":1,"name":"Tienda","item":"https:\/\/medicinasinc.com\/es\/tienda\/"},{"@type":"ListItem","position":2,"name":"Comprar marihuana Purple Wreck"}]},{"@type":"WebSite","@id":"https:\/\/medicinasinc.com\/es\/#website","url":"https:\/\/medicinasinc.com\/es\/","name":"Medicinas Inc","description":"Cl\u00ednica M\u00e9dica de Salud","potentialAction":[{"@type":"SearchAction","target":{"@type":"EntryPoint","urlTemplate":"https:\/\/medicinasinc.com\/es\/?s={search_term_string}"},"query-input":{"@type":"PropertyValueSpecification","valueRequired":true,"valueName":"search_term_string"}}],"inLanguage":"es"}]}},"_links":{"self":[{"href":"https:\/\/medicinasinc.com\/es\/wp-json\/wp\/v2\/product\/5044","targetHints":{"allow":["GET"]}}],"collection":[{"href":"https:\/\/medicinasinc.com\/es\/wp-json\/wp\/v2\/product"}],"about":[{"href":"https:\/\/medicinasinc.com\/es\/wp-json\/wp\/v2\/types\/product"}],"replies":[{"embeddable":true,"href":"https:\/\/medicinasinc.com\/es\/wp-json\/wp\/v2\/comments?post=5044"}],"wp:featuredmedia":[{"embeddable":true,"href":"https:\/\/medicinasinc.com\/es\/wp-json\/wp\/v2\/media\/5061"}],"wp:attachment":[{"href":"https:\/\/medicinasinc.com\/es\/wp-json\/wp\/v2\/media?parent=5044"}],"wp:term":[{"taxonomy":"product_brand","embeddable":true,"href":"https:\/\/medicinasinc.com\/es\/wp-json\/wp\/v2\/product_brand?post=5044"},{"taxonomy":"product_cat","embeddable":true,"href":"https:\/\/medicinasinc.com\/es\/wp-json\/wp\/v2\/product_cat?post=5044"},{"taxonomy":"product_tag","embeddable":true,"href":"https:\/\/medicinasinc.com\/es\/wp-json\/wp\/v2\/product_tag?post=5044"}],"curies":[{"name":"wp","href":"https:\/\/api.w.org\/{rel}","templated":true}]}}