{"id":5037,"date":"2022-02-20T19:24:52","date_gmt":"2022-02-20T19:24:52","guid":{"rendered":"https:\/\/medicinasinc.com\/es\/?post_type=product&#038;p=5037"},"modified":"2022-03-22T00:57:46","modified_gmt":"2022-03-22T00:57:46","slug":"comprar-nirvana-especial-cannabis","status":"publish","type":"product","link":"https:\/\/medicinasinc.com\/es\/product\/comprar-nirvana-especial-cannabis\/","title":{"rendered":"Comprar Cannabis Especial de Nirvana"},"content":{"rendered":"<p>Nirvana Special es una cepa h\u00edbrida sativa dominante \u00fanica (75 % sativa\/25 % indica) producida al mezclar las ic\u00f3nicas cepas Jock Horror y Oaxacan Sativa. Este apacible cogollo gan\u00f3 la Copa HighLife 2008 en \u00c1msterdam, llev\u00e1ndose a casa la medalla de oro a Mejor Bio en general. Con su potente subid\u00f3n funcional pero creativo y su impresionante contenido medio de THC del 26-27 por ciento, \u00a1no es de extra\u00f1ar que Nirvana Special sea una variedad tan popular! El subid\u00f3n de Nirvana Special comienza con una explosi\u00f3n de energ\u00eda elevada que te deja sinti\u00e9ndote alegre y motivado. Te sentir\u00e1s vigorizado y extremadamente creativo, lo que lo hace excelente para cualquier tarea mental que tengas entre manos o simplemente para salir al aire libre. Estos efectos, junto con el alto contenido de THC, hacen que Nirvana Special sea ideal para tratar la fatiga cr\u00f3nica, la depresi\u00f3n, el estr\u00e9s cr\u00f3nico, el insomnio y la p\u00e9rdida de apetito. Este cogollo tiene un sabor skunk dulce y afrutado con una exhalaci\u00f3n bastante \u00e1cida. El aroma es algo skunk y arom\u00e1tico, con un fuerte matiz agridulce afrutado. Los cogollos de Nirvana Special son esponjosos cogollos de color verde menta con forma de palomitas de ma\u00edz cubiertos de tricomas cristalinos color arena p\u00e1lida.<\/p>\n<p>H\u00edbrido de dominancia sativa: 75 % Sativa \/ 25 % Indica<\/p>\n<p>THC: 26-27 % <\/p>\n<p>Uso com\u00fan: Depresi\u00f3n, Fatiga, Insomnio, P\u00e9rdida del apetito, Estr\u00e9s<\/p>\n<p>Efectos: Creativo, Energizante, Feliz, Motivador, Edificante<\/p>\n","protected":false},"excerpt":{"rendered":"<p>Nirvana Special Cannabis Strain USA. Se trata de una rara variedad h\u00edbrida dominante (75 % sativa\/25 % indica).<em>Comprar Nirvana Special Cannabis<\/em>\u00a0Cepa.<\/p>\n","protected":false},"featured_media":5054,"comment_status":"open","ping_status":"closed","template":"","meta":[],"product_brand":[],"product_cat":[778],"product_tag":[],"class_list":{"0":"post-5037","1":"product","2":"type-product","3":"status-publish","4":"has-post-thumbnail","6":"product_cat-hierba-para-la-venta","8":"first","9":"instock","10":"shipping-taxable","11":"purchasable","12":"product-type-variable","13":"has-default-attributes"},"yoast_head":"<!-- This site is optimized with the Yoast SEO plugin v27.3 - https:\/\/yoast.com\/product\/yoast-seo-wordpress\/ -->\n<title>Comprar Nirvana Special Cannabis - Best Best Global Meds<\/title>\n<meta name=\"description\" content=\"Nirvana Special Cannabis Strain EE. UU. Esta es una rara cepa h\u00edbrida dominante (75% sativa\/25% indica). Compre Nirvana Special Cannabis Strain.\" \/>\n<meta name=\"robots\" content=\"index, follow, max-snippet:-1, max-image-preview:large, max-video-preview:-1\" \/>\n<link rel=\"canonical\" href=\"https:\/\/medicinasinc.com\/es\/product\/comprar-nirvana-especial-cannabis\/\" \/>\n<meta property=\"og:locale\" content=\"es_ES\" \/>\n<meta property=\"og:type\" content=\"article\" \/>\n<meta property=\"og:title\" content=\"Comprar Nirvana Special Cannabis - Best Best Global Meds\" \/>\n<meta property=\"og:description\" content=\"Nirvana Special Cannabis Strain EE. UU. Esta es una rara cepa h\u00edbrida dominante (75% sativa\/25% indica). Compre Nirvana Special Cannabis Strain.\" \/>\n<meta property=\"og:url\" content=\"https:\/\/medicinasinc.com\/es\/product\/comprar-nirvana-especial-cannabis\/\" \/>\n<meta property=\"og:site_name\" content=\"Medicinas Inc\" \/>\n<meta property=\"article:modified_time\" content=\"2022-03-22T00:57:46+00:00\" \/>\n<meta property=\"og:image\" content=\"https:\/\/medicinasinc.com\/es\/wp-content\/uploads\/sites\/15\/2022\/02\/Buy-Nirvana-Special-Cannabis.jpg\" \/>\n\t<meta property=\"og:image:width\" content=\"1920\" \/>\n\t<meta property=\"og:image:height\" content=\"1920\" \/>\n\t<meta property=\"og:image:type\" content=\"image\/jpeg\" \/>\n<meta name=\"twitter:card\" content=\"summary_large_image\" \/>\n<meta name=\"twitter:label1\" content=\"Tiempo de lectura\" \/>\n\t<meta name=\"twitter:data1\" content=\"1 minuto\" \/>\n<script type=\"application\/ld+json\" class=\"yoast-schema-graph\">{\"@context\":\"https:\\\/\\\/schema.org\",\"@graph\":[{\"@type\":\"WebPage\",\"@id\":\"https:\\\/\\\/medicinasinc.com\\\/es\\\/product\\\/comprar-nirvana-especial-cannabis\\\/\",\"url\":\"https:\\\/\\\/medicinasinc.com\\\/es\\\/product\\\/comprar-nirvana-especial-cannabis\\\/\",\"name\":\"Comprar Nirvana Special Cannabis - Best Best Global Meds\",\"isPartOf\":{\"@id\":\"https:\\\/\\\/medicinasinc.com\\\/es\\\/#website\"},\"primaryImageOfPage\":{\"@id\":\"https:\\\/\\\/medicinasinc.com\\\/es\\\/product\\\/comprar-nirvana-especial-cannabis\\\/#primaryimage\"},\"image\":{\"@id\":\"https:\\\/\\\/medicinasinc.com\\\/es\\\/product\\\/comprar-nirvana-especial-cannabis\\\/#primaryimage\"},\"thumbnailUrl\":\"https:\\\/\\\/medicinasinc.com\\\/es\\\/wp-content\\\/uploads\\\/sites\\\/15\\\/2022\\\/02\\\/Buy-Nirvana-Special-Cannabis.jpg\",\"datePublished\":\"2022-02-20T19:24:52+00:00\",\"dateModified\":\"2022-03-22T00:57:46+00:00\",\"description\":\"Nirvana Special Cannabis Strain EE. UU. Esta es una rara cepa h\u00edbrida dominante (75% sativa\\\/25% indica). Compre Nirvana Special Cannabis Strain.\",\"breadcrumb\":{\"@id\":\"https:\\\/\\\/medicinasinc.com\\\/es\\\/product\\\/comprar-nirvana-especial-cannabis\\\/#breadcrumb\"},\"inLanguage\":\"es\",\"potentialAction\":[{\"@type\":\"ReadAction\",\"target\":[\"https:\\\/\\\/medicinasinc.com\\\/es\\\/product\\\/comprar-nirvana-especial-cannabis\\\/\"]}]},{\"@type\":\"ImageObject\",\"inLanguage\":\"es\",\"@id\":\"https:\\\/\\\/medicinasinc.com\\\/es\\\/product\\\/comprar-nirvana-especial-cannabis\\\/#primaryimage\",\"url\":\"https:\\\/\\\/medicinasinc.com\\\/es\\\/wp-content\\\/uploads\\\/sites\\\/15\\\/2022\\\/02\\\/Buy-Nirvana-Special-Cannabis.jpg\",\"contentUrl\":\"https:\\\/\\\/medicinasinc.com\\\/es\\\/wp-content\\\/uploads\\\/sites\\\/15\\\/2022\\\/02\\\/Buy-Nirvana-Special-Cannabis.jpg\",\"width\":1920,\"height\":1920},{\"@type\":\"BreadcrumbList\",\"@id\":\"https:\\\/\\\/medicinasinc.com\\\/es\\\/product\\\/comprar-nirvana-especial-cannabis\\\/#breadcrumb\",\"itemListElement\":[{\"@type\":\"ListItem\",\"position\":1,\"name\":\"Tienda\",\"item\":\"https:\\\/\\\/medicinasinc.com\\\/es\\\/tienda\\\/\"},{\"@type\":\"ListItem\",\"position\":2,\"name\":\"Comprar Cannabis Especial de Nirvana\"}]},{\"@type\":\"WebSite\",\"@id\":\"https:\\\/\\\/medicinasinc.com\\\/es\\\/#website\",\"url\":\"https:\\\/\\\/medicinasinc.com\\\/es\\\/\",\"name\":\"Medicinas Inc\",\"description\":\"Cl\u00ednica M\u00e9dica de Salud\",\"potentialAction\":[{\"@type\":\"SearchAction\",\"target\":{\"@type\":\"EntryPoint\",\"urlTemplate\":\"https:\\\/\\\/medicinasinc.com\\\/es\\\/?s={search_term_string}\"},\"query-input\":{\"@type\":\"PropertyValueSpecification\",\"valueRequired\":true,\"valueName\":\"search_term_string\"}}],\"inLanguage\":\"es\"}]}<\/script>\n<!-- \/ Yoast SEO plugin. -->","yoast_head_json":{"title":"Comprar Nirvana Special Cannabis - Best Best Global Meds","description":"Nirvana Special Cannabis Strain EE. UU. Esta es una rara cepa h\u00edbrida dominante (75% sativa\/25% indica). Compre Nirvana Special Cannabis Strain.","robots":{"index":"index","follow":"follow","max-snippet":"max-snippet:-1","max-image-preview":"max-image-preview:large","max-video-preview":"max-video-preview:-1"},"canonical":"https:\/\/medicinasinc.com\/es\/product\/comprar-nirvana-especial-cannabis\/","og_locale":"es_ES","og_type":"article","og_title":"Comprar Nirvana Special Cannabis - Best Best Global Meds","og_description":"Nirvana Special Cannabis Strain EE. UU. Esta es una rara cepa h\u00edbrida dominante (75% sativa\/25% indica). Compre Nirvana Special Cannabis Strain.","og_url":"https:\/\/medicinasinc.com\/es\/product\/comprar-nirvana-especial-cannabis\/","og_site_name":"Medicinas Inc","article_modified_time":"2022-03-22T00:57:46+00:00","og_image":[{"width":1920,"height":1920,"url":"https:\/\/medicinasinc.com\/es\/wp-content\/uploads\/sites\/15\/2022\/02\/Buy-Nirvana-Special-Cannabis.jpg","type":"image\/jpeg"}],"twitter_card":"summary_large_image","twitter_misc":{"Tiempo de lectura":"1 minuto"},"schema":{"@context":"https:\/\/schema.org","@graph":[{"@type":"WebPage","@id":"https:\/\/medicinasinc.com\/es\/product\/comprar-nirvana-especial-cannabis\/","url":"https:\/\/medicinasinc.com\/es\/product\/comprar-nirvana-especial-cannabis\/","name":"Comprar Nirvana Special Cannabis - Best Best Global Meds","isPartOf":{"@id":"https:\/\/medicinasinc.com\/es\/#website"},"primaryImageOfPage":{"@id":"https:\/\/medicinasinc.com\/es\/product\/comprar-nirvana-especial-cannabis\/#primaryimage"},"image":{"@id":"https:\/\/medicinasinc.com\/es\/product\/comprar-nirvana-especial-cannabis\/#primaryimage"},"thumbnailUrl":"https:\/\/medicinasinc.com\/es\/wp-content\/uploads\/sites\/15\/2022\/02\/Buy-Nirvana-Special-Cannabis.jpg","datePublished":"2022-02-20T19:24:52+00:00","dateModified":"2022-03-22T00:57:46+00:00","description":"Nirvana Special Cannabis Strain EE. UU. Esta es una rara cepa h\u00edbrida dominante (75% sativa\/25% indica). Compre Nirvana Special Cannabis Strain.","breadcrumb":{"@id":"https:\/\/medicinasinc.com\/es\/product\/comprar-nirvana-especial-cannabis\/#breadcrumb"},"inLanguage":"es","potentialAction":[{"@type":"ReadAction","target":["https:\/\/medicinasinc.com\/es\/product\/comprar-nirvana-especial-cannabis\/"]}]},{"@type":"ImageObject","inLanguage":"es","@id":"https:\/\/medicinasinc.com\/es\/product\/comprar-nirvana-especial-cannabis\/#primaryimage","url":"https:\/\/medicinasinc.com\/es\/wp-content\/uploads\/sites\/15\/2022\/02\/Buy-Nirvana-Special-Cannabis.jpg","contentUrl":"https:\/\/medicinasinc.com\/es\/wp-content\/uploads\/sites\/15\/2022\/02\/Buy-Nirvana-Special-Cannabis.jpg","width":1920,"height":1920},{"@type":"BreadcrumbList","@id":"https:\/\/medicinasinc.com\/es\/product\/comprar-nirvana-especial-cannabis\/#breadcrumb","itemListElement":[{"@type":"ListItem","position":1,"name":"Tienda","item":"https:\/\/medicinasinc.com\/es\/tienda\/"},{"@type":"ListItem","position":2,"name":"Comprar Cannabis Especial de Nirvana"}]},{"@type":"WebSite","@id":"https:\/\/medicinasinc.com\/es\/#website","url":"https:\/\/medicinasinc.com\/es\/","name":"Medicinas Inc","description":"Cl\u00ednica M\u00e9dica de Salud","potentialAction":[{"@type":"SearchAction","target":{"@type":"EntryPoint","urlTemplate":"https:\/\/medicinasinc.com\/es\/?s={search_term_string}"},"query-input":{"@type":"PropertyValueSpecification","valueRequired":true,"valueName":"search_term_string"}}],"inLanguage":"es"}]}},"_links":{"self":[{"href":"https:\/\/medicinasinc.com\/es\/wp-json\/wp\/v2\/product\/5037","targetHints":{"allow":["GET"]}}],"collection":[{"href":"https:\/\/medicinasinc.com\/es\/wp-json\/wp\/v2\/product"}],"about":[{"href":"https:\/\/medicinasinc.com\/es\/wp-json\/wp\/v2\/types\/product"}],"replies":[{"embeddable":true,"href":"https:\/\/medicinasinc.com\/es\/wp-json\/wp\/v2\/comments?post=5037"}],"wp:featuredmedia":[{"embeddable":true,"href":"https:\/\/medicinasinc.com\/es\/wp-json\/wp\/v2\/media\/5054"}],"wp:attachment":[{"href":"https:\/\/medicinasinc.com\/es\/wp-json\/wp\/v2\/media?parent=5037"}],"wp:term":[{"taxonomy":"product_brand","embeddable":true,"href":"https:\/\/medicinasinc.com\/es\/wp-json\/wp\/v2\/product_brand?post=5037"},{"taxonomy":"product_cat","embeddable":true,"href":"https:\/\/medicinasinc.com\/es\/wp-json\/wp\/v2\/product_cat?post=5037"},{"taxonomy":"product_tag","embeddable":true,"href":"https:\/\/medicinasinc.com\/es\/wp-json\/wp\/v2\/product_tag?post=5037"}],"curies":[{"name":"wp","href":"https:\/\/api.w.org\/{rel}","templated":true}]}}