{"id":5020,"date":"2022-02-20T19:11:16","date_gmt":"2022-02-20T19:11:16","guid":{"rendered":"https:\/\/medicinasinc.com\/es\/?post_type=product&#038;p=5020"},"modified":"2022-03-22T00:57:54","modified_gmt":"2022-03-22T00:57:54","slug":"comprar-madre-de-dragones-marihuana","status":"publish","type":"product","link":"https:\/\/medicinasinc.com\/es\/product\/comprar-madre-de-dragones-marihuana\/","title":{"rendered":"Comprar Marihuana Madre de Dragones"},"content":{"rendered":"<p>Compra de marihuana Mother of Dragons<\/p>\n<p>Mother of Dragons es una cepa h\u00edbrida uniformemente equilibrada (50 por ciento Indica\/50 por ciento Sativa) muy rara con ascendencia desconocida debido al secreto del criador y una falta general de conocimiento sobre su or\u00edgenes. Nombrada en honor a la famosa Daenerys Targaryen de Game of Thrones, esta variedad rara tiene un sabor ardiente que prender\u00e1 fuego a tus papilas gustativas. El aroma es una combinaci\u00f3n hecha en el cielo, con un fuerte y penetrante trasfondo kushy skunky y un impacto herb\u00e1ceo muy especiado que se libera a medida que se queman los cogollos. Despu\u00e9s de unas pocas caladas, el subid\u00f3n de Mother of Dragons te dejar\u00e1 levantado y tus pensamientos volar\u00e1n durante horas y horas. Comienza con una influencia cerebral que transporta tu mente a un estado de \u00e9xtasis perfecto y tu esp\u00edritu a un estado de pura alegr\u00eda. Mientras tu mente y esp\u00edritu vuelan por el cielo, tu cuerpo experimentar\u00e1 un leve nivel de relajaci\u00f3n, lo que puede dejar a algunos con una sensaci\u00f3n de somnolencia. Se sabe que este estado de \u00e1nimo causa ansiedad en algunas personas, as\u00ed que ev\u00edtelo si es propenso a ello. Mother of Dragons es una alternativa ideal para las personas que sufren de estr\u00e9s cr\u00f3nico, tristeza, cambios de humor y dolor cr\u00f3nico debido a estos efectos adem\u00e1s de su alto contenido promedio de THC del 23-28 por ciento. Este cogollo se compone de cogollos de color verde bosque en forma de uva cubiertos con pelos de color \u00e1mbar peludos y tricomas de deslumbrantes cristales de color \u00e1mbar.<\/p>\n<p>Compra marihuana Mother of Dragons ahora en el dispensario de cannabis en l\u00ednea de Tegridy Farms<\/p>\n","protected":false},"excerpt":{"rendered":"<div class=\"woocommerce-product-details__short-description\">\n<p>Compre marihuana Mother of Dragons a bajo precio en l\u00ednea. La marihuana Mother of Dragons es H\u00edbrida \u2013 50% Sativa\/50% Indica THC: 23% \u2013 28%<\/p>\n<div class=\"woocommerce-product-details__short-description\">\n<p><strong>Tama\u00f1o del cogollo<\/strong>: Peque\u00f1a \u2013 Mediana<br \/> <strong>Tipo de cepa<\/strong>: 40% Indica 60% Sativa<br \/> <strong>Textura<\/strong>: Normal \u2013 Pegajosa<br \/> <strong>Sabor: Hierbas | Dulce<br \/> <strong>Uso m\u00e9dico<\/strong>: Ansiedad | Dolor Cr\u00f3nico | depresi\u00f3n | Estr\u00e9s<br \/> <strong>Contenido de THC<\/strong>: 26 % Prueba m\u00e1s alta\u00a0<strong>CBD<\/strong>: &gt;1 %<\/p>\n<\/p><\/div>\n<p class=\"existencias agotadas existencias\"> <\/div>\n","protected":false},"featured_media":5038,"comment_status":"open","ping_status":"closed","template":"","meta":[],"product_brand":[],"product_cat":[778],"product_tag":[977,615,965,455,967,968,461,971,975,978,964,961,962,963,973,966,972,974,969,970,987,480,985,986,960,982,981,980,983,976,979,984],"class_list":{"0":"post-5020","1":"product","2":"type-product","3":"status-publish","4":"has-post-thumbnail","6":"product_cat-hierba-para-la-venta","7":"product_tag-se-puede-comprar-semillas-de-marihuana-online","8":"product_tag-buy-cannabis-oil-online","9":"product_tag-buy-marijuana","10":"product_tag-buy-marijuana-online","11":"product_tag-buy-marijuana-seeds-online","12":"product_tag-buy-marijuana-seeds-online-canada","13":"product_tag-buy-medical-marijuana-online","14":"product_tag-buy-online-actavis-cough-syrup","15":"product_tag-can-you-buy","16":"product_tag-como-comprar-marihuana-online","17":"product_tag-comprar-codena-pobre-en-lnea","18":"product_tag-comprar-actavis-jarabe","19":"product_tag-comprar-jarabe-para-la-tos-con-codeina","20":"product_tag-comprar-marihuana-ilegal-online","21":"product_tag-comprar-seguro-marihuana-medicinal-online","22":"product_tag-comprar-marihuana-online-canada","23":"product_tag-comprar-marihuana-real-online","24":"product_tag-comprar-marihuana-sintetica-online","25":"product_tag-comprar-semillas-de-marihuana-online-usa","26":"product_tag-comprar-nirvana-especial-variedad-de-marihuana-online","27":"product_tag-donde-comprar-aceite-de-cdb-cerca-de-mi","28":"product_tag-donde-comprar-marihuana-online","29":"product_tag-donde-puedo-comprar-marihuana-online","30":"product_tag-donde-puedo-comprar-semillas-de-marihuana-online","31":"product_tag-mejor-lugar-para-comprar-semillas-de-marihuana-online","32":"product_tag-online-legalmente","33":"product_tag-marihuana-medicina-online","34":"product_tag-marihuana-online-comprar-cannabis","35":"product_tag-pedir-codena-jarabe-para-la-tos-online","36":"product_tag-puedes-comprar-marihuana-online","37":"product_tag-venta-de-aceites-de-marihuana-para-vapear","38":"product_tag-venta-de-jarabe-de-codena-y-prometazina","40":"first","41":"instock","42":"shipping-taxable","43":"purchasable","44":"product-type-variable","45":"has-default-attributes"},"yoast_head":"<!-- This site is optimized with the Yoast SEO plugin v27.3 - https:\/\/yoast.com\/product\/yoast-seo-wordpress\/ -->\n<title>Comprar marihuana Mother of Dragons - Best Global Meds<\/title>\n<meta name=\"description\" content=\"Comprar marihuana Mother of Dragons online barata. La marihuana Mother of Dragons es H\u00edbrida \u2013 50% Sativa \/50% Indica THC: 23% \u2013 28%\" \/>\n<meta name=\"robots\" content=\"index, follow, max-snippet:-1, max-image-preview:large, max-video-preview:-1\" \/>\n<link rel=\"canonical\" href=\"https:\/\/medicinasinc.com\/es\/product\/comprar-madre-de-dragones-marihuana\/\" \/>\n<meta property=\"og:locale\" content=\"es_ES\" \/>\n<meta property=\"og:type\" content=\"article\" \/>\n<meta property=\"og:title\" content=\"Comprar marihuana Mother of Dragons - Best Global Meds\" \/>\n<meta property=\"og:description\" content=\"Comprar marihuana Mother of Dragons online barata. La marihuana Mother of Dragons es H\u00edbrida \u2013 50% Sativa \/50% Indica THC: 23% \u2013 28%\" \/>\n<meta property=\"og:url\" content=\"https:\/\/medicinasinc.com\/es\/product\/comprar-madre-de-dragones-marihuana\/\" \/>\n<meta property=\"og:site_name\" content=\"Medicinas Inc\" \/>\n<meta property=\"article:modified_time\" content=\"2022-03-22T00:57:54+00:00\" \/>\n<meta property=\"og:image\" content=\"https:\/\/medicinasinc.com\/es\/wp-content\/uploads\/sites\/15\/2022\/02\/Buy-Mother-of-Dragons-Marijuana.jpg\" \/>\n\t<meta property=\"og:image:width\" content=\"1000\" \/>\n\t<meta property=\"og:image:height\" content=\"1000\" \/>\n\t<meta property=\"og:image:type\" content=\"image\/jpeg\" \/>\n<meta name=\"twitter:card\" content=\"summary_large_image\" \/>\n<meta name=\"twitter:label1\" content=\"Tiempo de lectura\" \/>\n\t<meta name=\"twitter:data1\" content=\"2 minutos\" \/>\n<script type=\"application\/ld+json\" class=\"yoast-schema-graph\">{\"@context\":\"https:\\\/\\\/schema.org\",\"@graph\":[{\"@type\":\"WebPage\",\"@id\":\"https:\\\/\\\/medicinasinc.com\\\/es\\\/product\\\/comprar-madre-de-dragones-marihuana\\\/\",\"url\":\"https:\\\/\\\/medicinasinc.com\\\/es\\\/product\\\/comprar-madre-de-dragones-marihuana\\\/\",\"name\":\"Comprar marihuana Mother of Dragons - Best Global Meds\",\"isPartOf\":{\"@id\":\"https:\\\/\\\/medicinasinc.com\\\/es\\\/#website\"},\"primaryImageOfPage\":{\"@id\":\"https:\\\/\\\/medicinasinc.com\\\/es\\\/product\\\/comprar-madre-de-dragones-marihuana\\\/#primaryimage\"},\"image\":{\"@id\":\"https:\\\/\\\/medicinasinc.com\\\/es\\\/product\\\/comprar-madre-de-dragones-marihuana\\\/#primaryimage\"},\"thumbnailUrl\":\"https:\\\/\\\/medicinasinc.com\\\/es\\\/wp-content\\\/uploads\\\/sites\\\/15\\\/2022\\\/02\\\/Buy-Mother-of-Dragons-Marijuana.jpg\",\"datePublished\":\"2022-02-20T19:11:16+00:00\",\"dateModified\":\"2022-03-22T00:57:54+00:00\",\"description\":\"Comprar marihuana Mother of Dragons online barata. La marihuana Mother of Dragons es H\u00edbrida \u2013 50% Sativa \\\/50% Indica THC: 23% \u2013 28%\",\"breadcrumb\":{\"@id\":\"https:\\\/\\\/medicinasinc.com\\\/es\\\/product\\\/comprar-madre-de-dragones-marihuana\\\/#breadcrumb\"},\"inLanguage\":\"es\",\"potentialAction\":[{\"@type\":\"ReadAction\",\"target\":[\"https:\\\/\\\/medicinasinc.com\\\/es\\\/product\\\/comprar-madre-de-dragones-marihuana\\\/\"]}]},{\"@type\":\"ImageObject\",\"inLanguage\":\"es\",\"@id\":\"https:\\\/\\\/medicinasinc.com\\\/es\\\/product\\\/comprar-madre-de-dragones-marihuana\\\/#primaryimage\",\"url\":\"https:\\\/\\\/medicinasinc.com\\\/es\\\/wp-content\\\/uploads\\\/sites\\\/15\\\/2022\\\/02\\\/Buy-Mother-of-Dragons-Marijuana.jpg\",\"contentUrl\":\"https:\\\/\\\/medicinasinc.com\\\/es\\\/wp-content\\\/uploads\\\/sites\\\/15\\\/2022\\\/02\\\/Buy-Mother-of-Dragons-Marijuana.jpg\",\"width\":1000,\"height\":1000},{\"@type\":\"BreadcrumbList\",\"@id\":\"https:\\\/\\\/medicinasinc.com\\\/es\\\/product\\\/comprar-madre-de-dragones-marihuana\\\/#breadcrumb\",\"itemListElement\":[{\"@type\":\"ListItem\",\"position\":1,\"name\":\"Tienda\",\"item\":\"https:\\\/\\\/medicinasinc.com\\\/es\\\/tienda\\\/\"},{\"@type\":\"ListItem\",\"position\":2,\"name\":\"Comprar Marihuana Madre de Dragones\"}]},{\"@type\":\"WebSite\",\"@id\":\"https:\\\/\\\/medicinasinc.com\\\/es\\\/#website\",\"url\":\"https:\\\/\\\/medicinasinc.com\\\/es\\\/\",\"name\":\"Medicinas Inc\",\"description\":\"Cl\u00ednica M\u00e9dica de Salud\",\"potentialAction\":[{\"@type\":\"SearchAction\",\"target\":{\"@type\":\"EntryPoint\",\"urlTemplate\":\"https:\\\/\\\/medicinasinc.com\\\/es\\\/?s={search_term_string}\"},\"query-input\":{\"@type\":\"PropertyValueSpecification\",\"valueRequired\":true,\"valueName\":\"search_term_string\"}}],\"inLanguage\":\"es\"}]}<\/script>\n<!-- \/ Yoast SEO plugin. -->","yoast_head_json":{"title":"Comprar marihuana Mother of Dragons - Best Global Meds","description":"Comprar marihuana Mother of Dragons online barata. La marihuana Mother of Dragons es H\u00edbrida \u2013 50% Sativa \/50% Indica THC: 23% \u2013 28%","robots":{"index":"index","follow":"follow","max-snippet":"max-snippet:-1","max-image-preview":"max-image-preview:large","max-video-preview":"max-video-preview:-1"},"canonical":"https:\/\/medicinasinc.com\/es\/product\/comprar-madre-de-dragones-marihuana\/","og_locale":"es_ES","og_type":"article","og_title":"Comprar marihuana Mother of Dragons - Best Global Meds","og_description":"Comprar marihuana Mother of Dragons online barata. La marihuana Mother of Dragons es H\u00edbrida \u2013 50% Sativa \/50% Indica THC: 23% \u2013 28%","og_url":"https:\/\/medicinasinc.com\/es\/product\/comprar-madre-de-dragones-marihuana\/","og_site_name":"Medicinas Inc","article_modified_time":"2022-03-22T00:57:54+00:00","og_image":[{"width":1000,"height":1000,"url":"https:\/\/medicinasinc.com\/es\/wp-content\/uploads\/sites\/15\/2022\/02\/Buy-Mother-of-Dragons-Marijuana.jpg","type":"image\/jpeg"}],"twitter_card":"summary_large_image","twitter_misc":{"Tiempo de lectura":"2 minutos"},"schema":{"@context":"https:\/\/schema.org","@graph":[{"@type":"WebPage","@id":"https:\/\/medicinasinc.com\/es\/product\/comprar-madre-de-dragones-marihuana\/","url":"https:\/\/medicinasinc.com\/es\/product\/comprar-madre-de-dragones-marihuana\/","name":"Comprar marihuana Mother of Dragons - Best Global Meds","isPartOf":{"@id":"https:\/\/medicinasinc.com\/es\/#website"},"primaryImageOfPage":{"@id":"https:\/\/medicinasinc.com\/es\/product\/comprar-madre-de-dragones-marihuana\/#primaryimage"},"image":{"@id":"https:\/\/medicinasinc.com\/es\/product\/comprar-madre-de-dragones-marihuana\/#primaryimage"},"thumbnailUrl":"https:\/\/medicinasinc.com\/es\/wp-content\/uploads\/sites\/15\/2022\/02\/Buy-Mother-of-Dragons-Marijuana.jpg","datePublished":"2022-02-20T19:11:16+00:00","dateModified":"2022-03-22T00:57:54+00:00","description":"Comprar marihuana Mother of Dragons online barata. La marihuana Mother of Dragons es H\u00edbrida \u2013 50% Sativa \/50% Indica THC: 23% \u2013 28%","breadcrumb":{"@id":"https:\/\/medicinasinc.com\/es\/product\/comprar-madre-de-dragones-marihuana\/#breadcrumb"},"inLanguage":"es","potentialAction":[{"@type":"ReadAction","target":["https:\/\/medicinasinc.com\/es\/product\/comprar-madre-de-dragones-marihuana\/"]}]},{"@type":"ImageObject","inLanguage":"es","@id":"https:\/\/medicinasinc.com\/es\/product\/comprar-madre-de-dragones-marihuana\/#primaryimage","url":"https:\/\/medicinasinc.com\/es\/wp-content\/uploads\/sites\/15\/2022\/02\/Buy-Mother-of-Dragons-Marijuana.jpg","contentUrl":"https:\/\/medicinasinc.com\/es\/wp-content\/uploads\/sites\/15\/2022\/02\/Buy-Mother-of-Dragons-Marijuana.jpg","width":1000,"height":1000},{"@type":"BreadcrumbList","@id":"https:\/\/medicinasinc.com\/es\/product\/comprar-madre-de-dragones-marihuana\/#breadcrumb","itemListElement":[{"@type":"ListItem","position":1,"name":"Tienda","item":"https:\/\/medicinasinc.com\/es\/tienda\/"},{"@type":"ListItem","position":2,"name":"Comprar Marihuana Madre de Dragones"}]},{"@type":"WebSite","@id":"https:\/\/medicinasinc.com\/es\/#website","url":"https:\/\/medicinasinc.com\/es\/","name":"Medicinas Inc","description":"Cl\u00ednica M\u00e9dica de Salud","potentialAction":[{"@type":"SearchAction","target":{"@type":"EntryPoint","urlTemplate":"https:\/\/medicinasinc.com\/es\/?s={search_term_string}"},"query-input":{"@type":"PropertyValueSpecification","valueRequired":true,"valueName":"search_term_string"}}],"inLanguage":"es"}]}},"_links":{"self":[{"href":"https:\/\/medicinasinc.com\/es\/wp-json\/wp\/v2\/product\/5020","targetHints":{"allow":["GET"]}}],"collection":[{"href":"https:\/\/medicinasinc.com\/es\/wp-json\/wp\/v2\/product"}],"about":[{"href":"https:\/\/medicinasinc.com\/es\/wp-json\/wp\/v2\/types\/product"}],"replies":[{"embeddable":true,"href":"https:\/\/medicinasinc.com\/es\/wp-json\/wp\/v2\/comments?post=5020"}],"wp:featuredmedia":[{"embeddable":true,"href":"https:\/\/medicinasinc.com\/es\/wp-json\/wp\/v2\/media\/5038"}],"wp:attachment":[{"href":"https:\/\/medicinasinc.com\/es\/wp-json\/wp\/v2\/media?parent=5020"}],"wp:term":[{"taxonomy":"product_brand","embeddable":true,"href":"https:\/\/medicinasinc.com\/es\/wp-json\/wp\/v2\/product_brand?post=5020"},{"taxonomy":"product_cat","embeddable":true,"href":"https:\/\/medicinasinc.com\/es\/wp-json\/wp\/v2\/product_cat?post=5020"},{"taxonomy":"product_tag","embeddable":true,"href":"https:\/\/medicinasinc.com\/es\/wp-json\/wp\/v2\/product_tag?post=5020"}],"curies":[{"name":"wp","href":"https:\/\/api.w.org\/{rel}","templated":true}]}}