{"id":5019,"date":"2022-02-20T19:10:26","date_gmt":"2022-02-20T19:10:26","guid":{"rendered":"https:\/\/medicinasinc.com\/es\/?post_type=product&#038;p=5019"},"modified":"2022-03-22T00:58:07","modified_gmt":"2022-03-22T00:58:07","slug":"amnesia-neblina","status":"publish","type":"product","link":"https:\/\/medicinasinc.com\/es\/product\/amnesia-neblina\/","title":{"rendered":"neblina de amnesia"},"content":{"rendered":"<p>Amnesia Haze Strain Compra en l\u00ednea<\/p>\n<p>Amnesia Haze Strain Online es un h\u00edbrido con dominancia Sativa creado al cruzar Haze con varias cepas aut\u00f3ctonas distintas del mundo, incluidas Thai, Hawaiian y Afghani. La proporci\u00f3n de sativa a indica es de aproximadamente 80:20. El THC es bastante alto, superando el 22% en ciertas pruebas, pero el CBD es significativamente menos potente, con un poco menos del 1%. El subid\u00f3n es euf\u00f3rico y creativo, con un impulso de \u00e1nimo psicoactivo y un caso de risitas. Amnesia Haze tiene un sabor afrutado a hach\u00eds y un aroma dulce y terroso con toques de pimienta ardiente. Los cogollos son de color verde p\u00e1lido con filamentos de color marr\u00f3n m\u00e1s oscuro y una superficie cubierta de tricomas. Es una excelente alternativa para el alivio de la ansiedad y la depresi\u00f3n, as\u00ed como para la fatiga, los s\u00edntomas del TDAH, las migra\u00f1as, los cambios de humor y el dolor f\u00edsico.<\/p>\n<p>\u00a1Compre en l\u00ednea en Best Global Meds a un precio econ\u00f3mico!<\/p>\n<p>En Best Global Meds ofrecemos flores de marihuana amnesia haze a un precio razonable. Amnesia haze es un h\u00edbrido de dominancia Sativa hecho de las dos cepas principales de cannabis, Sativa e Indica. Se utiliza para una variedad de aplicaciones terap\u00e9uticas y recreativas. Amnesia Haze es una excelente alternativa para concentrarse en el trabajo en un lugar remoto. Con notas terrosas de lim\u00f3n y c\u00edtricos, Amnesia Haze es la variedad ideal para empezar el d\u00eda con una sonrisa.<\/p>\n<div class=\"product-next-previous\">\n<div class=\"product-prev\"><\/div><\/div>\n","protected":false},"excerpt":{"rendered":"<p>Amnesia Haze a la venta en l\u00ednea en el Reino Unido y Europa, Amnesia Haze es una de las favoritas en Europa. Es mejor reservar esta Sativa muy psicod\u00e9lica para consumidores experimentados.<\/p>\n<p>Amnesia Haze es posiblemente la variedad m\u00e1s popular del mundo.<\/p>\n<p>Amnesia Haze es una variedad h\u00edbrida extremadamente embriagadora y psicod\u00e9lica. <\/p>\n","protected":false},"featured_media":5036,"comment_status":"open","ping_status":"closed","template":"","meta":[],"product_brand":[],"product_cat":[778],"product_tag":[956,957,959,958],"class_list":{"0":"post-5019","1":"product","2":"type-product","3":"status-publish","4":"has-post-thumbnail","6":"product_cat-hierba-para-la-venta","7":"product_tag-amnesia","8":"product_tag-buy-amnesia-haze-online","9":"product_tag-donde-comprar-amnesia-haze-cepa-online","10":"product_tag-marijuana","12":"first","13":"instock","14":"shipping-taxable","15":"purchasable","16":"product-type-variable","17":"has-default-attributes"},"yoast_head":"<!-- This site is optimized with the Yoast SEO plugin v27.3 - https:\/\/yoast.com\/product\/yoast-seo-wordpress\/ -->\n<title>Amnesia Haze - Amnesia Haze Weed Strains - Best Best Global Meds<\/title>\n<meta name=\"description\" content=\"Comprar Amnesia Haze A la venta Reino Unido, Europa en l\u00ednea, Amnesia Haze es un favorito europeo. Esta cepa intensamente psicod\u00e9lica es una Sativa que es mejor dejarla en manos de consumidores experimentados.\" \/>\n<meta name=\"robots\" content=\"index, follow, max-snippet:-1, max-image-preview:large, max-video-preview:-1\" \/>\n<link rel=\"canonical\" href=\"https:\/\/medicinasinc.com\/es\/product\/amnesia-neblina\/\" \/>\n<meta property=\"og:locale\" content=\"es_ES\" \/>\n<meta property=\"og:type\" content=\"article\" \/>\n<meta property=\"og:title\" content=\"Amnesia Haze - Amnesia Haze Weed Strains - Best Best Global Meds\" \/>\n<meta property=\"og:description\" content=\"Comprar Amnesia Haze A la venta Reino Unido, Europa en l\u00ednea, Amnesia Haze es un favorito europeo. Esta cepa intensamente psicod\u00e9lica es una Sativa que es mejor dejarla en manos de consumidores experimentados.\" \/>\n<meta property=\"og:url\" content=\"https:\/\/medicinasinc.com\/es\/product\/amnesia-neblina\/\" \/>\n<meta property=\"og:site_name\" content=\"Medicinas Inc\" \/>\n<meta property=\"article:modified_time\" content=\"2022-03-22T00:58:07+00:00\" \/>\n<meta property=\"og:image\" content=\"https:\/\/medicinasinc.com\/es\/wp-content\/uploads\/sites\/15\/2022\/02\/Buy-Amnesia-Haze.jpg\" \/>\n\t<meta property=\"og:image:width\" content=\"1159\" \/>\n\t<meta property=\"og:image:height\" content=\"1043\" \/>\n\t<meta property=\"og:image:type\" content=\"image\/jpeg\" \/>\n<meta name=\"twitter:card\" content=\"summary_large_image\" \/>\n<meta name=\"twitter:label1\" content=\"Tiempo de lectura\" \/>\n\t<meta name=\"twitter:data1\" content=\"1 minuto\" \/>\n<script type=\"application\/ld+json\" class=\"yoast-schema-graph\">{\"@context\":\"https:\\\/\\\/schema.org\",\"@graph\":[{\"@type\":\"WebPage\",\"@id\":\"https:\\\/\\\/medicinasinc.com\\\/es\\\/product\\\/amnesia-neblina\\\/\",\"url\":\"https:\\\/\\\/medicinasinc.com\\\/es\\\/product\\\/amnesia-neblina\\\/\",\"name\":\"Amnesia Haze - Amnesia Haze Weed Strains - Best Best Global Meds\",\"isPartOf\":{\"@id\":\"https:\\\/\\\/medicinasinc.com\\\/es\\\/#website\"},\"primaryImageOfPage\":{\"@id\":\"https:\\\/\\\/medicinasinc.com\\\/es\\\/product\\\/amnesia-neblina\\\/#primaryimage\"},\"image\":{\"@id\":\"https:\\\/\\\/medicinasinc.com\\\/es\\\/product\\\/amnesia-neblina\\\/#primaryimage\"},\"thumbnailUrl\":\"https:\\\/\\\/medicinasinc.com\\\/es\\\/wp-content\\\/uploads\\\/sites\\\/15\\\/2022\\\/02\\\/Buy-Amnesia-Haze.jpg\",\"datePublished\":\"2022-02-20T19:10:26+00:00\",\"dateModified\":\"2022-03-22T00:58:07+00:00\",\"description\":\"Comprar Amnesia Haze A la venta Reino Unido, Europa en l\u00ednea, Amnesia Haze es un favorito europeo. Esta cepa intensamente psicod\u00e9lica es una Sativa que es mejor dejarla en manos de consumidores experimentados.\",\"breadcrumb\":{\"@id\":\"https:\\\/\\\/medicinasinc.com\\\/es\\\/product\\\/amnesia-neblina\\\/#breadcrumb\"},\"inLanguage\":\"es\",\"potentialAction\":[{\"@type\":\"ReadAction\",\"target\":[\"https:\\\/\\\/medicinasinc.com\\\/es\\\/product\\\/amnesia-neblina\\\/\"]}]},{\"@type\":\"ImageObject\",\"inLanguage\":\"es\",\"@id\":\"https:\\\/\\\/medicinasinc.com\\\/es\\\/product\\\/amnesia-neblina\\\/#primaryimage\",\"url\":\"https:\\\/\\\/medicinasinc.com\\\/es\\\/wp-content\\\/uploads\\\/sites\\\/15\\\/2022\\\/02\\\/Buy-Amnesia-Haze.jpg\",\"contentUrl\":\"https:\\\/\\\/medicinasinc.com\\\/es\\\/wp-content\\\/uploads\\\/sites\\\/15\\\/2022\\\/02\\\/Buy-Amnesia-Haze.jpg\",\"width\":1159,\"height\":1043},{\"@type\":\"BreadcrumbList\",\"@id\":\"https:\\\/\\\/medicinasinc.com\\\/es\\\/product\\\/amnesia-neblina\\\/#breadcrumb\",\"itemListElement\":[{\"@type\":\"ListItem\",\"position\":1,\"name\":\"Tienda\",\"item\":\"https:\\\/\\\/medicinasinc.com\\\/es\\\/tienda\\\/\"},{\"@type\":\"ListItem\",\"position\":2,\"name\":\"neblina de amnesia\"}]},{\"@type\":\"WebSite\",\"@id\":\"https:\\\/\\\/medicinasinc.com\\\/es\\\/#website\",\"url\":\"https:\\\/\\\/medicinasinc.com\\\/es\\\/\",\"name\":\"Medicinas Inc\",\"description\":\"Cl\u00ednica M\u00e9dica de Salud\",\"potentialAction\":[{\"@type\":\"SearchAction\",\"target\":{\"@type\":\"EntryPoint\",\"urlTemplate\":\"https:\\\/\\\/medicinasinc.com\\\/es\\\/?s={search_term_string}\"},\"query-input\":{\"@type\":\"PropertyValueSpecification\",\"valueRequired\":true,\"valueName\":\"search_term_string\"}}],\"inLanguage\":\"es\"}]}<\/script>\n<!-- \/ Yoast SEO plugin. -->","yoast_head_json":{"title":"Amnesia Haze - Amnesia Haze Weed Strains - Best Best Global Meds","description":"Comprar Amnesia Haze A la venta Reino Unido, Europa en l\u00ednea, Amnesia Haze es un favorito europeo. Esta cepa intensamente psicod\u00e9lica es una Sativa que es mejor dejarla en manos de consumidores experimentados.","robots":{"index":"index","follow":"follow","max-snippet":"max-snippet:-1","max-image-preview":"max-image-preview:large","max-video-preview":"max-video-preview:-1"},"canonical":"https:\/\/medicinasinc.com\/es\/product\/amnesia-neblina\/","og_locale":"es_ES","og_type":"article","og_title":"Amnesia Haze - Amnesia Haze Weed Strains - Best Best Global Meds","og_description":"Comprar Amnesia Haze A la venta Reino Unido, Europa en l\u00ednea, Amnesia Haze es un favorito europeo. Esta cepa intensamente psicod\u00e9lica es una Sativa que es mejor dejarla en manos de consumidores experimentados.","og_url":"https:\/\/medicinasinc.com\/es\/product\/amnesia-neblina\/","og_site_name":"Medicinas Inc","article_modified_time":"2022-03-22T00:58:07+00:00","og_image":[{"width":1159,"height":1043,"url":"https:\/\/medicinasinc.com\/es\/wp-content\/uploads\/sites\/15\/2022\/02\/Buy-Amnesia-Haze.jpg","type":"image\/jpeg"}],"twitter_card":"summary_large_image","twitter_misc":{"Tiempo de lectura":"1 minuto"},"schema":{"@context":"https:\/\/schema.org","@graph":[{"@type":"WebPage","@id":"https:\/\/medicinasinc.com\/es\/product\/amnesia-neblina\/","url":"https:\/\/medicinasinc.com\/es\/product\/amnesia-neblina\/","name":"Amnesia Haze - Amnesia Haze Weed Strains - Best Best Global Meds","isPartOf":{"@id":"https:\/\/medicinasinc.com\/es\/#website"},"primaryImageOfPage":{"@id":"https:\/\/medicinasinc.com\/es\/product\/amnesia-neblina\/#primaryimage"},"image":{"@id":"https:\/\/medicinasinc.com\/es\/product\/amnesia-neblina\/#primaryimage"},"thumbnailUrl":"https:\/\/medicinasinc.com\/es\/wp-content\/uploads\/sites\/15\/2022\/02\/Buy-Amnesia-Haze.jpg","datePublished":"2022-02-20T19:10:26+00:00","dateModified":"2022-03-22T00:58:07+00:00","description":"Comprar Amnesia Haze A la venta Reino Unido, Europa en l\u00ednea, Amnesia Haze es un favorito europeo. Esta cepa intensamente psicod\u00e9lica es una Sativa que es mejor dejarla en manos de consumidores experimentados.","breadcrumb":{"@id":"https:\/\/medicinasinc.com\/es\/product\/amnesia-neblina\/#breadcrumb"},"inLanguage":"es","potentialAction":[{"@type":"ReadAction","target":["https:\/\/medicinasinc.com\/es\/product\/amnesia-neblina\/"]}]},{"@type":"ImageObject","inLanguage":"es","@id":"https:\/\/medicinasinc.com\/es\/product\/amnesia-neblina\/#primaryimage","url":"https:\/\/medicinasinc.com\/es\/wp-content\/uploads\/sites\/15\/2022\/02\/Buy-Amnesia-Haze.jpg","contentUrl":"https:\/\/medicinasinc.com\/es\/wp-content\/uploads\/sites\/15\/2022\/02\/Buy-Amnesia-Haze.jpg","width":1159,"height":1043},{"@type":"BreadcrumbList","@id":"https:\/\/medicinasinc.com\/es\/product\/amnesia-neblina\/#breadcrumb","itemListElement":[{"@type":"ListItem","position":1,"name":"Tienda","item":"https:\/\/medicinasinc.com\/es\/tienda\/"},{"@type":"ListItem","position":2,"name":"neblina de amnesia"}]},{"@type":"WebSite","@id":"https:\/\/medicinasinc.com\/es\/#website","url":"https:\/\/medicinasinc.com\/es\/","name":"Medicinas Inc","description":"Cl\u00ednica M\u00e9dica de Salud","potentialAction":[{"@type":"SearchAction","target":{"@type":"EntryPoint","urlTemplate":"https:\/\/medicinasinc.com\/es\/?s={search_term_string}"},"query-input":{"@type":"PropertyValueSpecification","valueRequired":true,"valueName":"search_term_string"}}],"inLanguage":"es"}]}},"_links":{"self":[{"href":"https:\/\/medicinasinc.com\/es\/wp-json\/wp\/v2\/product\/5019","targetHints":{"allow":["GET"]}}],"collection":[{"href":"https:\/\/medicinasinc.com\/es\/wp-json\/wp\/v2\/product"}],"about":[{"href":"https:\/\/medicinasinc.com\/es\/wp-json\/wp\/v2\/types\/product"}],"replies":[{"embeddable":true,"href":"https:\/\/medicinasinc.com\/es\/wp-json\/wp\/v2\/comments?post=5019"}],"wp:featuredmedia":[{"embeddable":true,"href":"https:\/\/medicinasinc.com\/es\/wp-json\/wp\/v2\/media\/5036"}],"wp:attachment":[{"href":"https:\/\/medicinasinc.com\/es\/wp-json\/wp\/v2\/media?parent=5019"}],"wp:term":[{"taxonomy":"product_brand","embeddable":true,"href":"https:\/\/medicinasinc.com\/es\/wp-json\/wp\/v2\/product_brand?post=5019"},{"taxonomy":"product_cat","embeddable":true,"href":"https:\/\/medicinasinc.com\/es\/wp-json\/wp\/v2\/product_cat?post=5019"},{"taxonomy":"product_tag","embeddable":true,"href":"https:\/\/medicinasinc.com\/es\/wp-json\/wp\/v2\/product_tag?post=5019"}],"curies":[{"name":"wp","href":"https:\/\/api.w.org\/{rel}","templated":true}]}}