{"id":4996,"date":"2022-02-20T18:53:00","date_gmt":"2022-02-20T18:53:00","guid":{"rendered":"https:\/\/medicinasinc.com\/es\/?post_type=product&#038;p=4996"},"modified":"2022-03-22T00:58:43","modified_gmt":"2022-03-22T00:58:43","slug":"comprar-limon-skunk","status":"publish","type":"product","link":"https:\/\/medicinasinc.com\/es\/product\/comprar-limon-skunk\/","title":{"rendered":"Comprar Lemon Skunk"},"content":{"rendered":"<p>Lemon Skunk est\u00e1 disponible en el dispensario de marihuana en l\u00ednea de Chronic Post.<\/p>\n<p>ChronicPost Lemon Skunk es un h\u00edbrido Sativa ganador de m\u00faltiples premios con sabor a lim\u00f3n y un contenido de THC de hasta el 22%. En 2009, se incluy\u00f3 en la clasificaci\u00f3n de High Times de las diez mejores cepas.<\/p>\n<p>El contenido de THC de Lemon Skunk oscila entre el 14 y el 15 % de media y se ha probado que alcanza el 22 % de THC. Se sabe que su subid\u00f3n estimula la funci\u00f3n cerebral, lo que resulta en una mayor creatividad y envuelve al usuario en un subid\u00f3n alegre y energizante. Numerosos revisores han caracterizado su subid\u00f3n de Lemon Skunk como introspectivo, que provoca pensamientos y mejora la inventiva. Despu\u00e9s de una o dos horas, los componentes \u00edndica de la cepa comienzan a hacer efecto, dejando al consumidor un poco cansado a medida que desaparecen los efectos cerebrales.<\/p>\n<p>Lemon Skunk es una planta algo alta y productiva que es exactamente lo que la su nombre lo indica: una variante de Skunk con un fuerte tinte c\u00edtrico con un efecto potente y calmante. Posee los cogollos de color verde lima caracter\u00edsticos y los pistilos de color naranja vivo de Skunk, lo que da como resultado colas escarchadas, densas y en forma de lanza.<\/p>\n","protected":false},"excerpt":{"rendered":"<div class=\"woocommerce-product-details__short-description\">\n<p>La Lemon Skunk contiene una cantidad moderada de THC y muy poco CBD. Descubre m\u00e1s sobre Lemon Skunk de DNA Genetics y haz tu compra con Tokyo Smoke hoy.<\/p>\n<p>Lemon Skunk Weed a la venta en l\u00ednea. Lemon Kush es una mezcla entre Master Kush y Lemon Joy y produce un rendimiento de bajo a moderado. Recomendado para pacientes con VIH\/SIDA, glaucoma, enfermedad de Parkinson, ansiedad y dolor cr\u00f3nico<\/p>\n<p><strong>Tama\u00f1o del cogollo:\u00a0<\/strong>Peque\u00f1o<br \/> <strong>Textura:\u00a0<\/strong>Seco<br \/> <strong>Sabores:\u00a0<\/strong>Lim\u00f3n \/ C\u00edtricos \/ Fresco<br \/> <strong>Uso com\u00fan:<\/strong>\u00a0Dolor \/ Apetito \/ Depresi\u00f3n<br \/> <strong><a href=\"https:\/\/www.bestglobalmeds.com\/product\/marijuana\/lemon-skunk\/\">THC<\/a>:<\/strong>\u00a022%\u00a0 \u00a0<strong><a href=\"https:\/\/www.bestglobalmeds. com\/product\/marijuana\/lemon-skunk\/\">CBD<\/a>: &lt;<\/strong>1 %<\/p>\n<\/p><\/div>\n","protected":false},"featured_media":5013,"comment_status":"open","ping_status":"closed","template":"","meta":[],"product_brand":[],"product_cat":[778],"product_tag":[932,934,933,937,938,939,935,936],"class_list":{"0":"post-4996","1":"product","2":"type-product","3":"status-publish","4":"has-post-thumbnail","6":"product_cat-hierba-para-la-venta","7":"product_tag-best-lemon-skunk-seeds","8":"product_tag-cartucho-mofeta-limon","9":"product_tag-lemon-skunk-auto","10":"product_tag-lemon-skunk-indica-o-sativa","11":"product_tag-lemon-skunk-price","12":"product_tag-lemon-skunk-taste","13":"product_tag-lemon-skunk-cdb","14":"product_tag-lemon-skunk-greenhouse-seeds-resea","16":"first","17":"instock","18":"shipping-taxable","19":"purchasable","20":"product-type-variable","21":"has-default-attributes"},"yoast_head":"<!-- This site is optimized with the Yoast SEO plugin v27.3 - https:\/\/yoast.com\/product\/yoast-seo-wordpress\/ -->\n<title>Comprar Lemon Skunk - Best Best Global Meds<\/title>\n<meta name=\"description\" content=\"Compra Lemon Skunk Weed online. Lemon Kush es un cruce entre Master Kush y Lemon Joy, tiene un rendimiento bajo a medio. Recomendado para pacientes con VIH\/SIDA, glaucoma, Parkinson, ansiedad, dolor cr\u00f3nico\u2026\" \/>\n<meta name=\"robots\" content=\"index, follow, max-snippet:-1, max-image-preview:large, max-video-preview:-1\" \/>\n<link rel=\"canonical\" href=\"https:\/\/medicinasinc.com\/es\/product\/comprar-limon-skunk\/\" \/>\n<meta property=\"og:locale\" content=\"es_ES\" \/>\n<meta property=\"og:type\" content=\"article\" \/>\n<meta property=\"og:title\" content=\"Comprar Lemon Skunk - Best Best Global Meds\" \/>\n<meta property=\"og:description\" content=\"Compra Lemon Skunk Weed online. Lemon Kush es un cruce entre Master Kush y Lemon Joy, tiene un rendimiento bajo a medio. Recomendado para pacientes con VIH\/SIDA, glaucoma, Parkinson, ansiedad, dolor cr\u00f3nico\u2026\" \/>\n<meta property=\"og:url\" content=\"https:\/\/medicinasinc.com\/es\/product\/comprar-limon-skunk\/\" \/>\n<meta property=\"og:site_name\" content=\"Medicinas Inc\" \/>\n<meta property=\"article:modified_time\" content=\"2022-03-22T00:58:43+00:00\" \/>\n<meta property=\"og:image\" content=\"https:\/\/medicinasinc.com\/es\/wp-content\/uploads\/sites\/15\/2022\/02\/Buy-Lemon-Skunk.jpg\" \/>\n\t<meta property=\"og:image:width\" content=\"2403\" \/>\n\t<meta property=\"og:image:height\" content=\"2403\" \/>\n\t<meta property=\"og:image:type\" content=\"image\/jpeg\" \/>\n<meta name=\"twitter:card\" content=\"summary_large_image\" \/>\n<meta name=\"twitter:label1\" content=\"Tiempo de lectura\" \/>\n\t<meta name=\"twitter:data1\" content=\"1 minuto\" \/>\n<script type=\"application\/ld+json\" class=\"yoast-schema-graph\">{\"@context\":\"https:\\\/\\\/schema.org\",\"@graph\":[{\"@type\":\"WebPage\",\"@id\":\"https:\\\/\\\/medicinasinc.com\\\/es\\\/product\\\/comprar-limon-skunk\\\/\",\"url\":\"https:\\\/\\\/medicinasinc.com\\\/es\\\/product\\\/comprar-limon-skunk\\\/\",\"name\":\"Comprar Lemon Skunk - Best Best Global Meds\",\"isPartOf\":{\"@id\":\"https:\\\/\\\/medicinasinc.com\\\/es\\\/#website\"},\"primaryImageOfPage\":{\"@id\":\"https:\\\/\\\/medicinasinc.com\\\/es\\\/product\\\/comprar-limon-skunk\\\/#primaryimage\"},\"image\":{\"@id\":\"https:\\\/\\\/medicinasinc.com\\\/es\\\/product\\\/comprar-limon-skunk\\\/#primaryimage\"},\"thumbnailUrl\":\"https:\\\/\\\/medicinasinc.com\\\/es\\\/wp-content\\\/uploads\\\/sites\\\/15\\\/2022\\\/02\\\/Buy-Lemon-Skunk.jpg\",\"datePublished\":\"2022-02-20T18:53:00+00:00\",\"dateModified\":\"2022-03-22T00:58:43+00:00\",\"description\":\"Compra Lemon Skunk Weed online. Lemon Kush es un cruce entre Master Kush y Lemon Joy, tiene un rendimiento bajo a medio. Recomendado para pacientes con VIH\\\/SIDA, glaucoma, Parkinson, ansiedad, dolor cr\u00f3nico\u2026\",\"breadcrumb\":{\"@id\":\"https:\\\/\\\/medicinasinc.com\\\/es\\\/product\\\/comprar-limon-skunk\\\/#breadcrumb\"},\"inLanguage\":\"es\",\"potentialAction\":[{\"@type\":\"ReadAction\",\"target\":[\"https:\\\/\\\/medicinasinc.com\\\/es\\\/product\\\/comprar-limon-skunk\\\/\"]}]},{\"@type\":\"ImageObject\",\"inLanguage\":\"es\",\"@id\":\"https:\\\/\\\/medicinasinc.com\\\/es\\\/product\\\/comprar-limon-skunk\\\/#primaryimage\",\"url\":\"https:\\\/\\\/medicinasinc.com\\\/es\\\/wp-content\\\/uploads\\\/sites\\\/15\\\/2022\\\/02\\\/Buy-Lemon-Skunk.jpg\",\"contentUrl\":\"https:\\\/\\\/medicinasinc.com\\\/es\\\/wp-content\\\/uploads\\\/sites\\\/15\\\/2022\\\/02\\\/Buy-Lemon-Skunk.jpg\",\"width\":2403,\"height\":2403},{\"@type\":\"BreadcrumbList\",\"@id\":\"https:\\\/\\\/medicinasinc.com\\\/es\\\/product\\\/comprar-limon-skunk\\\/#breadcrumb\",\"itemListElement\":[{\"@type\":\"ListItem\",\"position\":1,\"name\":\"Tienda\",\"item\":\"https:\\\/\\\/medicinasinc.com\\\/es\\\/tienda\\\/\"},{\"@type\":\"ListItem\",\"position\":2,\"name\":\"Comprar Lemon Skunk\"}]},{\"@type\":\"WebSite\",\"@id\":\"https:\\\/\\\/medicinasinc.com\\\/es\\\/#website\",\"url\":\"https:\\\/\\\/medicinasinc.com\\\/es\\\/\",\"name\":\"Medicinas Inc\",\"description\":\"Cl\u00ednica M\u00e9dica de Salud\",\"potentialAction\":[{\"@type\":\"SearchAction\",\"target\":{\"@type\":\"EntryPoint\",\"urlTemplate\":\"https:\\\/\\\/medicinasinc.com\\\/es\\\/?s={search_term_string}\"},\"query-input\":{\"@type\":\"PropertyValueSpecification\",\"valueRequired\":true,\"valueName\":\"search_term_string\"}}],\"inLanguage\":\"es\"}]}<\/script>\n<!-- \/ Yoast SEO plugin. -->","yoast_head_json":{"title":"Comprar Lemon Skunk - Best Best Global Meds","description":"Compra Lemon Skunk Weed online. Lemon Kush es un cruce entre Master Kush y Lemon Joy, tiene un rendimiento bajo a medio. Recomendado para pacientes con VIH\/SIDA, glaucoma, Parkinson, ansiedad, dolor cr\u00f3nico\u2026","robots":{"index":"index","follow":"follow","max-snippet":"max-snippet:-1","max-image-preview":"max-image-preview:large","max-video-preview":"max-video-preview:-1"},"canonical":"https:\/\/medicinasinc.com\/es\/product\/comprar-limon-skunk\/","og_locale":"es_ES","og_type":"article","og_title":"Comprar Lemon Skunk - Best Best Global Meds","og_description":"Compra Lemon Skunk Weed online. Lemon Kush es un cruce entre Master Kush y Lemon Joy, tiene un rendimiento bajo a medio. Recomendado para pacientes con VIH\/SIDA, glaucoma, Parkinson, ansiedad, dolor cr\u00f3nico\u2026","og_url":"https:\/\/medicinasinc.com\/es\/product\/comprar-limon-skunk\/","og_site_name":"Medicinas Inc","article_modified_time":"2022-03-22T00:58:43+00:00","og_image":[{"width":2403,"height":2403,"url":"https:\/\/medicinasinc.com\/es\/wp-content\/uploads\/sites\/15\/2022\/02\/Buy-Lemon-Skunk.jpg","type":"image\/jpeg"}],"twitter_card":"summary_large_image","twitter_misc":{"Tiempo de lectura":"1 minuto"},"schema":{"@context":"https:\/\/schema.org","@graph":[{"@type":"WebPage","@id":"https:\/\/medicinasinc.com\/es\/product\/comprar-limon-skunk\/","url":"https:\/\/medicinasinc.com\/es\/product\/comprar-limon-skunk\/","name":"Comprar Lemon Skunk - Best Best Global Meds","isPartOf":{"@id":"https:\/\/medicinasinc.com\/es\/#website"},"primaryImageOfPage":{"@id":"https:\/\/medicinasinc.com\/es\/product\/comprar-limon-skunk\/#primaryimage"},"image":{"@id":"https:\/\/medicinasinc.com\/es\/product\/comprar-limon-skunk\/#primaryimage"},"thumbnailUrl":"https:\/\/medicinasinc.com\/es\/wp-content\/uploads\/sites\/15\/2022\/02\/Buy-Lemon-Skunk.jpg","datePublished":"2022-02-20T18:53:00+00:00","dateModified":"2022-03-22T00:58:43+00:00","description":"Compra Lemon Skunk Weed online. Lemon Kush es un cruce entre Master Kush y Lemon Joy, tiene un rendimiento bajo a medio. Recomendado para pacientes con VIH\/SIDA, glaucoma, Parkinson, ansiedad, dolor cr\u00f3nico\u2026","breadcrumb":{"@id":"https:\/\/medicinasinc.com\/es\/product\/comprar-limon-skunk\/#breadcrumb"},"inLanguage":"es","potentialAction":[{"@type":"ReadAction","target":["https:\/\/medicinasinc.com\/es\/product\/comprar-limon-skunk\/"]}]},{"@type":"ImageObject","inLanguage":"es","@id":"https:\/\/medicinasinc.com\/es\/product\/comprar-limon-skunk\/#primaryimage","url":"https:\/\/medicinasinc.com\/es\/wp-content\/uploads\/sites\/15\/2022\/02\/Buy-Lemon-Skunk.jpg","contentUrl":"https:\/\/medicinasinc.com\/es\/wp-content\/uploads\/sites\/15\/2022\/02\/Buy-Lemon-Skunk.jpg","width":2403,"height":2403},{"@type":"BreadcrumbList","@id":"https:\/\/medicinasinc.com\/es\/product\/comprar-limon-skunk\/#breadcrumb","itemListElement":[{"@type":"ListItem","position":1,"name":"Tienda","item":"https:\/\/medicinasinc.com\/es\/tienda\/"},{"@type":"ListItem","position":2,"name":"Comprar Lemon Skunk"}]},{"@type":"WebSite","@id":"https:\/\/medicinasinc.com\/es\/#website","url":"https:\/\/medicinasinc.com\/es\/","name":"Medicinas Inc","description":"Cl\u00ednica M\u00e9dica de Salud","potentialAction":[{"@type":"SearchAction","target":{"@type":"EntryPoint","urlTemplate":"https:\/\/medicinasinc.com\/es\/?s={search_term_string}"},"query-input":{"@type":"PropertyValueSpecification","valueRequired":true,"valueName":"search_term_string"}}],"inLanguage":"es"}]}},"_links":{"self":[{"href":"https:\/\/medicinasinc.com\/es\/wp-json\/wp\/v2\/product\/4996","targetHints":{"allow":["GET"]}}],"collection":[{"href":"https:\/\/medicinasinc.com\/es\/wp-json\/wp\/v2\/product"}],"about":[{"href":"https:\/\/medicinasinc.com\/es\/wp-json\/wp\/v2\/types\/product"}],"replies":[{"embeddable":true,"href":"https:\/\/medicinasinc.com\/es\/wp-json\/wp\/v2\/comments?post=4996"}],"wp:featuredmedia":[{"embeddable":true,"href":"https:\/\/medicinasinc.com\/es\/wp-json\/wp\/v2\/media\/5013"}],"wp:attachment":[{"href":"https:\/\/medicinasinc.com\/es\/wp-json\/wp\/v2\/media?parent=4996"}],"wp:term":[{"taxonomy":"product_brand","embeddable":true,"href":"https:\/\/medicinasinc.com\/es\/wp-json\/wp\/v2\/product_brand?post=4996"},{"taxonomy":"product_cat","embeddable":true,"href":"https:\/\/medicinasinc.com\/es\/wp-json\/wp\/v2\/product_cat?post=4996"},{"taxonomy":"product_tag","embeddable":true,"href":"https:\/\/medicinasinc.com\/es\/wp-json\/wp\/v2\/product_tag?post=4996"}],"curies":[{"name":"wp","href":"https:\/\/api.w.org\/{rel}","templated":true}]}}