{"id":4971,"date":"2022-02-20T18:31:57","date_gmt":"2022-02-20T18:31:57","guid":{"rendered":"https:\/\/medicinasinc.com\/es\/?post_type=product&#038;p=4971"},"modified":"2022-03-22T00:59:03","modified_gmt":"2022-03-22T00:59:03","slug":"comprar-khalifa-kush","status":"publish","type":"product","link":"https:\/\/medicinasinc.com\/es\/product\/comprar-khalifa-kush\/","title":{"rendered":"Comprar Khalifa Kush"},"content":{"rendered":"<p>Compra en l\u00ednea de marihuana Khalifa Kush.<\/p>\n<p>Compra en l\u00ednea de marihuana Khalifa Kush.<\/p>\n<p>Efectos cerebrales, creativos, euf\u00f3ricos y relajantes<br \/> Puede ayudar en el alivio de Sabores de artritis, dolor cr\u00f3nico, depresi\u00f3n, fatiga, dolores de cabeza, p\u00e9rdida de apetito, migra\u00f1as, n\u00e1useas, trastorno de estr\u00e9s postraum\u00e1tico y estr\u00e9s<br \/> Lim\u00f3n, c\u00edtricos, pino y dulce<\/p>\n","protected":false},"excerpt":{"rendered":"<p>Compra en l\u00ednea de Khalifa Kush Khalifa Kush a la venta en l\u00ednea El mejor cannabis medicinal de Khalifa a la venta en mi vecindario Comprar marihuana medicinal en l\u00ednea Comprar marihuana medicinal en l\u00ednea.<\/p>\n<p>\u00bfQu\u00e9 debe saber antes de comprar Wiz Khalifa OG? Wiz Khalifa OG, a menudo conocida como Khalifa Kush, es una variedad h\u00edbrida de cannabis. \u00a1C\u00f3mpralo online!<\/p>\n<p>El sabor y el aroma de khalifa kush son c\u00edtricos y a pino. Cuando se usa con fines m\u00e9dicos, la khalifa kush puede ser eficaz para la fatiga, la tensi\u00f3n, la ansiedad y la depresi\u00f3n, mientras que el alto contenido de CBD es excelente para los trastornos m\u00e1s graves. La concentraci\u00f3n de THC de khalifa kush oscila entre el 15 % y el 29 %.<\/p>\n<p>Gen\u00e9tica h\u00edbrida OG Lemon x Earthy x Pine Kush Felicidad \u00d7 Euforia x Relajaci\u00f3n x Creatividad x Edificante<\/p>\n<p>Compra online de Khalifa Marihuana Kush.<\/p>\n<p>Un h\u00edbrido dominante &#8211; 80 % Indica\/20 % Sativa THC: 24-26 %<\/p>\n","protected":false},"featured_media":4985,"comment_status":"open","ping_status":"closed","template":"","meta":[],"product_brand":[],"product_cat":[778],"product_tag":[],"class_list":{"0":"post-4971","1":"product","2":"type-product","3":"status-publish","4":"has-post-thumbnail","6":"product_cat-hierba-para-la-venta","8":"first","9":"instock","10":"shipping-taxable","11":"purchasable","12":"product-type-variable","13":"has-default-attributes"},"yoast_head":"<!-- This site is optimized with the Yoast SEO plugin v27.3 - https:\/\/yoast.com\/product\/yoast-seo-wordpress\/ -->\n<title>Comprar marihuana Khalifa Kush en l\u00ednea - Best Best Global Meds<\/title>\n<meta name=\"description\" content=\"Comprar Khalifa Kush en l\u00ednea Khalifa Kush a la venta en l\u00ednea El mejor cannabis medicinal de Khalifa a la venta cerca de m\u00ed Comprar cannabis medicinal en l\u00ednea Comprar marihuana medicinal en l\u00ednea.\" \/>\n<meta name=\"robots\" content=\"index, follow, max-snippet:-1, max-image-preview:large, max-video-preview:-1\" \/>\n<link rel=\"canonical\" href=\"https:\/\/medicinasinc.com\/es\/product\/comprar-khalifa-kush\/\" \/>\n<meta property=\"og:locale\" content=\"es_ES\" \/>\n<meta property=\"og:type\" content=\"article\" \/>\n<meta property=\"og:title\" content=\"Comprar marihuana Khalifa Kush en l\u00ednea - Best Best Global Meds\" \/>\n<meta property=\"og:description\" content=\"Comprar Khalifa Kush en l\u00ednea Khalifa Kush a la venta en l\u00ednea El mejor cannabis medicinal de Khalifa a la venta cerca de m\u00ed Comprar cannabis medicinal en l\u00ednea Comprar marihuana medicinal en l\u00ednea.\" \/>\n<meta property=\"og:url\" content=\"https:\/\/medicinasinc.com\/es\/product\/comprar-khalifa-kush\/\" \/>\n<meta property=\"og:site_name\" content=\"Medicinas Inc\" \/>\n<meta property=\"article:modified_time\" content=\"2022-03-22T00:59:03+00:00\" \/>\n<meta property=\"og:image\" content=\"https:\/\/medicinasinc.com\/es\/wp-content\/uploads\/sites\/15\/2022\/02\/Buy-Khalifa-Kush.jpeg\" \/>\n\t<meta property=\"og:image:width\" content=\"1141\" \/>\n\t<meta property=\"og:image:height\" content=\"1064\" \/>\n\t<meta property=\"og:image:type\" content=\"image\/jpeg\" \/>\n<meta name=\"twitter:card\" content=\"summary_large_image\" \/>\n<meta name=\"twitter:label1\" content=\"Tiempo de lectura\" \/>\n\t<meta name=\"twitter:data1\" content=\"1 minuto\" \/>\n<script type=\"application\/ld+json\" class=\"yoast-schema-graph\">{\"@context\":\"https:\\\/\\\/schema.org\",\"@graph\":[{\"@type\":\"WebPage\",\"@id\":\"https:\\\/\\\/medicinasinc.com\\\/es\\\/product\\\/comprar-khalifa-kush\\\/\",\"url\":\"https:\\\/\\\/medicinasinc.com\\\/es\\\/product\\\/comprar-khalifa-kush\\\/\",\"name\":\"Comprar marihuana Khalifa Kush en l\u00ednea - Best Best Global Meds\",\"isPartOf\":{\"@id\":\"https:\\\/\\\/medicinasinc.com\\\/es\\\/#website\"},\"primaryImageOfPage\":{\"@id\":\"https:\\\/\\\/medicinasinc.com\\\/es\\\/product\\\/comprar-khalifa-kush\\\/#primaryimage\"},\"image\":{\"@id\":\"https:\\\/\\\/medicinasinc.com\\\/es\\\/product\\\/comprar-khalifa-kush\\\/#primaryimage\"},\"thumbnailUrl\":\"https:\\\/\\\/medicinasinc.com\\\/es\\\/wp-content\\\/uploads\\\/sites\\\/15\\\/2022\\\/02\\\/Buy-Khalifa-Kush.jpeg\",\"datePublished\":\"2022-02-20T18:31:57+00:00\",\"dateModified\":\"2022-03-22T00:59:03+00:00\",\"description\":\"Comprar Khalifa Kush en l\u00ednea Khalifa Kush a la venta en l\u00ednea El mejor cannabis medicinal de Khalifa a la venta cerca de m\u00ed Comprar cannabis medicinal en l\u00ednea Comprar marihuana medicinal en l\u00ednea.\",\"breadcrumb\":{\"@id\":\"https:\\\/\\\/medicinasinc.com\\\/es\\\/product\\\/comprar-khalifa-kush\\\/#breadcrumb\"},\"inLanguage\":\"es\",\"potentialAction\":[{\"@type\":\"ReadAction\",\"target\":[\"https:\\\/\\\/medicinasinc.com\\\/es\\\/product\\\/comprar-khalifa-kush\\\/\"]}]},{\"@type\":\"ImageObject\",\"inLanguage\":\"es\",\"@id\":\"https:\\\/\\\/medicinasinc.com\\\/es\\\/product\\\/comprar-khalifa-kush\\\/#primaryimage\",\"url\":\"https:\\\/\\\/medicinasinc.com\\\/es\\\/wp-content\\\/uploads\\\/sites\\\/15\\\/2022\\\/02\\\/Buy-Khalifa-Kush.jpeg\",\"contentUrl\":\"https:\\\/\\\/medicinasinc.com\\\/es\\\/wp-content\\\/uploads\\\/sites\\\/15\\\/2022\\\/02\\\/Buy-Khalifa-Kush.jpeg\",\"width\":1141,\"height\":1064},{\"@type\":\"BreadcrumbList\",\"@id\":\"https:\\\/\\\/medicinasinc.com\\\/es\\\/product\\\/comprar-khalifa-kush\\\/#breadcrumb\",\"itemListElement\":[{\"@type\":\"ListItem\",\"position\":1,\"name\":\"Tienda\",\"item\":\"https:\\\/\\\/medicinasinc.com\\\/es\\\/tienda\\\/\"},{\"@type\":\"ListItem\",\"position\":2,\"name\":\"Comprar Khalifa Kush\"}]},{\"@type\":\"WebSite\",\"@id\":\"https:\\\/\\\/medicinasinc.com\\\/es\\\/#website\",\"url\":\"https:\\\/\\\/medicinasinc.com\\\/es\\\/\",\"name\":\"Medicinas Inc\",\"description\":\"Cl\u00ednica M\u00e9dica de Salud\",\"potentialAction\":[{\"@type\":\"SearchAction\",\"target\":{\"@type\":\"EntryPoint\",\"urlTemplate\":\"https:\\\/\\\/medicinasinc.com\\\/es\\\/?s={search_term_string}\"},\"query-input\":{\"@type\":\"PropertyValueSpecification\",\"valueRequired\":true,\"valueName\":\"search_term_string\"}}],\"inLanguage\":\"es\"}]}<\/script>\n<!-- \/ Yoast SEO plugin. -->","yoast_head_json":{"title":"Comprar marihuana Khalifa Kush en l\u00ednea - Best Best Global Meds","description":"Comprar Khalifa Kush en l\u00ednea Khalifa Kush a la venta en l\u00ednea El mejor cannabis medicinal de Khalifa a la venta cerca de m\u00ed Comprar cannabis medicinal en l\u00ednea Comprar marihuana medicinal en l\u00ednea.","robots":{"index":"index","follow":"follow","max-snippet":"max-snippet:-1","max-image-preview":"max-image-preview:large","max-video-preview":"max-video-preview:-1"},"canonical":"https:\/\/medicinasinc.com\/es\/product\/comprar-khalifa-kush\/","og_locale":"es_ES","og_type":"article","og_title":"Comprar marihuana Khalifa Kush en l\u00ednea - Best Best Global Meds","og_description":"Comprar Khalifa Kush en l\u00ednea Khalifa Kush a la venta en l\u00ednea El mejor cannabis medicinal de Khalifa a la venta cerca de m\u00ed Comprar cannabis medicinal en l\u00ednea Comprar marihuana medicinal en l\u00ednea.","og_url":"https:\/\/medicinasinc.com\/es\/product\/comprar-khalifa-kush\/","og_site_name":"Medicinas Inc","article_modified_time":"2022-03-22T00:59:03+00:00","og_image":[{"width":1141,"height":1064,"url":"https:\/\/medicinasinc.com\/es\/wp-content\/uploads\/sites\/15\/2022\/02\/Buy-Khalifa-Kush.jpeg","type":"image\/jpeg"}],"twitter_card":"summary_large_image","twitter_misc":{"Tiempo de lectura":"1 minuto"},"schema":{"@context":"https:\/\/schema.org","@graph":[{"@type":"WebPage","@id":"https:\/\/medicinasinc.com\/es\/product\/comprar-khalifa-kush\/","url":"https:\/\/medicinasinc.com\/es\/product\/comprar-khalifa-kush\/","name":"Comprar marihuana Khalifa Kush en l\u00ednea - Best Best Global Meds","isPartOf":{"@id":"https:\/\/medicinasinc.com\/es\/#website"},"primaryImageOfPage":{"@id":"https:\/\/medicinasinc.com\/es\/product\/comprar-khalifa-kush\/#primaryimage"},"image":{"@id":"https:\/\/medicinasinc.com\/es\/product\/comprar-khalifa-kush\/#primaryimage"},"thumbnailUrl":"https:\/\/medicinasinc.com\/es\/wp-content\/uploads\/sites\/15\/2022\/02\/Buy-Khalifa-Kush.jpeg","datePublished":"2022-02-20T18:31:57+00:00","dateModified":"2022-03-22T00:59:03+00:00","description":"Comprar Khalifa Kush en l\u00ednea Khalifa Kush a la venta en l\u00ednea El mejor cannabis medicinal de Khalifa a la venta cerca de m\u00ed Comprar cannabis medicinal en l\u00ednea Comprar marihuana medicinal en l\u00ednea.","breadcrumb":{"@id":"https:\/\/medicinasinc.com\/es\/product\/comprar-khalifa-kush\/#breadcrumb"},"inLanguage":"es","potentialAction":[{"@type":"ReadAction","target":["https:\/\/medicinasinc.com\/es\/product\/comprar-khalifa-kush\/"]}]},{"@type":"ImageObject","inLanguage":"es","@id":"https:\/\/medicinasinc.com\/es\/product\/comprar-khalifa-kush\/#primaryimage","url":"https:\/\/medicinasinc.com\/es\/wp-content\/uploads\/sites\/15\/2022\/02\/Buy-Khalifa-Kush.jpeg","contentUrl":"https:\/\/medicinasinc.com\/es\/wp-content\/uploads\/sites\/15\/2022\/02\/Buy-Khalifa-Kush.jpeg","width":1141,"height":1064},{"@type":"BreadcrumbList","@id":"https:\/\/medicinasinc.com\/es\/product\/comprar-khalifa-kush\/#breadcrumb","itemListElement":[{"@type":"ListItem","position":1,"name":"Tienda","item":"https:\/\/medicinasinc.com\/es\/tienda\/"},{"@type":"ListItem","position":2,"name":"Comprar Khalifa Kush"}]},{"@type":"WebSite","@id":"https:\/\/medicinasinc.com\/es\/#website","url":"https:\/\/medicinasinc.com\/es\/","name":"Medicinas Inc","description":"Cl\u00ednica M\u00e9dica de Salud","potentialAction":[{"@type":"SearchAction","target":{"@type":"EntryPoint","urlTemplate":"https:\/\/medicinasinc.com\/es\/?s={search_term_string}"},"query-input":{"@type":"PropertyValueSpecification","valueRequired":true,"valueName":"search_term_string"}}],"inLanguage":"es"}]}},"_links":{"self":[{"href":"https:\/\/medicinasinc.com\/es\/wp-json\/wp\/v2\/product\/4971","targetHints":{"allow":["GET"]}}],"collection":[{"href":"https:\/\/medicinasinc.com\/es\/wp-json\/wp\/v2\/product"}],"about":[{"href":"https:\/\/medicinasinc.com\/es\/wp-json\/wp\/v2\/types\/product"}],"replies":[{"embeddable":true,"href":"https:\/\/medicinasinc.com\/es\/wp-json\/wp\/v2\/comments?post=4971"}],"wp:featuredmedia":[{"embeddable":true,"href":"https:\/\/medicinasinc.com\/es\/wp-json\/wp\/v2\/media\/4985"}],"wp:attachment":[{"href":"https:\/\/medicinasinc.com\/es\/wp-json\/wp\/v2\/media?parent=4971"}],"wp:term":[{"taxonomy":"product_brand","embeddable":true,"href":"https:\/\/medicinasinc.com\/es\/wp-json\/wp\/v2\/product_brand?post=4971"},{"taxonomy":"product_cat","embeddable":true,"href":"https:\/\/medicinasinc.com\/es\/wp-json\/wp\/v2\/product_cat?post=4971"},{"taxonomy":"product_tag","embeddable":true,"href":"https:\/\/medicinasinc.com\/es\/wp-json\/wp\/v2\/product_tag?post=4971"}],"curies":[{"name":"wp","href":"https:\/\/api.w.org\/{rel}","templated":true}]}}