{"id":4970,"date":"2022-02-20T18:30:09","date_gmt":"2022-02-20T18:30:09","guid":{"rendered":"https:\/\/medicinasinc.com\/es\/?post_type=product&#038;p=4970"},"modified":"2022-03-22T00:59:12","modified_gmt":"2022-03-22T00:59:12","slug":"comprar-jesus-y-hierba","status":"publish","type":"product","link":"https:\/\/medicinasinc.com\/es\/product\/comprar-jesus-y-hierba\/","title":{"rendered":"Comprar hierba de Jes\u00fas OG"},"content":{"rendered":"<p>La variedad de marihuana Jesus OG se puede comprar en l\u00ednea. Jesus OG es un H\u00edbrido Sativa Dominante &#8211; 80 por ciento Sativa. Sativa\/20 % Indica THC: 21 % &#8211; 25 %<\/p>\n<p>Los efectos energizantes, euf\u00f3ricos, enfocados, alegres y edificantes pueden aliviar el ADD\/ADHD, el trastorno bipolar, el dolor cr\u00f3nico, la depresi\u00f3n, la fatiga, los dolores de cabeza, las migra\u00f1as, N\u00e1useas, TEPT y estr\u00e9s Sabores<br \/> Lim\u00f3n, agujas de pino, dulce y \u00e1cido<br \/> Aromas<br \/> Lim\u00f3n, picante y dulce<\/p>\n","protected":false},"excerpt":{"rendered":"<p>Compra online la variedad de marihuana Jesus OG. La variedad de marihuana Jesus og es un H\u00edbrido Sativa Dominante &#8211; 80 % Sativa \/ 20 % Indica THC: 21 % \u2013 25 %<\/p>\n","protected":false},"featured_media":4983,"comment_status":"open","ping_status":"closed","template":"","meta":[],"product_brand":[],"product_cat":[778],"product_tag":[614,886,887,890,891,893,894,455,459,896,897,898,900,470,902,473,903,477,913,914,892,626,899,889,895,901,906,907,910,912,908,909,911,905,915,916,917,918,919,885,920,921,922,904,888,923],"class_list":{"0":"post-4970","1":"product","2":"type-product","3":"status-publish","4":"has-post-thumbnail","6":"product_cat-hierba-para-la-venta","7":"product_tag-best-online-dispensary","8":"product_tag-best-online-dispensary-canada","9":"product_tag-bipolar-disorder","10":"product_tag-buy-ahoe-hydro-og-indica","11":"product_tag-buy-gelato-marijuana-online","12":"product_tag-buy-jesus-og-marijuana-strain-online","13":"product_tag-buy-khalifa-kush-marijuana","14":"product_tag-buy-marijuana-online","15":"product_tag-buy-marijuana-online-usa","16":"product_tag-buy-medical-cannabis-oil-online","17":"product_tag-buy-my-weed-online-review","18":"product_tag-buy-presidential-kush-strain","19":"product_tag-buy-recreational-weed-online","20":"product_tag-buy-weed-online","21":"product_tag-buy-weed-online-buy-marijuana-online","22":"product_tag-buy-weed-online-europe","23":"product_tag-buy-weed-onlne-uk","24":"product_tag-buying-weed-online","25":"product_tag-cepas-de-malezas-de-dispensario","26":"product_tag-comestibles-online-sin-tarjeta-medica","27":"product_tag-comprar-hierba-ilegal-online","28":"product_tag-comprar-legal-hierba-online","29":"product_tag-comprar-verdadera-hierba-online","30":"product_tag-comprar-ace-killer-y-marihuana","31":"product_tag-comprar-marihuana-online-sin-tarjeta-medica","32":"product_tag-comprar-skunk-online-es","33":"product_tag-dawg-cookies-indica-strain","34":"product_tag-depresin","35":"product_tag-dispensaries-that-ship-out-of-state","36":"product_tag-dispensario-cerca-de-mi-recreativo","37":"product_tag-dispensarios-cerca-de-mi-abierto-ahora","38":"product_tag-dispensarios-que-no-requieren-tarjeta-medica-cerca-de-mi","39":"product_tag-dispensary-near-me-open-late","40":"product_tag-dolor-crnico","41":"product_tag-fatiga","42":"product_tag-jesus-og-feminized-seeds","43":"product_tag-jesus-og-seeds","44":"product_tag-jesus-og-strain","45":"product_tag-limn-y-autofloreciente","46":"product_tag-mejores-variedades-de-marihuana","47":"product_tag-pacific-seed-bank-autoflower","48":"product_tag-semillas-de-platino-y-kush","49":"product_tag-tga-subcool-jesus-og","50":"product_tag-charlottes-web-cannabis-cepa","51":"product_tag-variedad-de-marihuana-blue-dream","52":"product_tag-yoda-og-breeder","54":"first","55":"instock","56":"shipping-taxable","57":"purchasable","58":"product-type-variable","59":"has-default-attributes"},"yoast_head":"<!-- This site is optimized with the Yoast SEO plugin v27.3 - https:\/\/yoast.com\/product\/yoast-seo-wordpress\/ -->\n<title>Comprar variedad de marihuana Jesus OG Weed - Best Global Meds<\/title>\n<meta name=\"description\" content=\"Comprar Cepa de Marihuana Jesus OG en venta Online. La variedad de marihuana Jesus og es Sativa Dominant Hybrid - 80% Sativa \/ 20% Indica THC: 21% - 25%\" \/>\n<meta name=\"robots\" content=\"index, follow, max-snippet:-1, max-image-preview:large, max-video-preview:-1\" \/>\n<link rel=\"canonical\" href=\"https:\/\/medicinasinc.com\/es\/product\/comprar-jesus-y-hierba\/\" \/>\n<meta property=\"og:locale\" content=\"es_ES\" \/>\n<meta property=\"og:type\" content=\"article\" \/>\n<meta property=\"og:title\" content=\"Comprar variedad de marihuana Jesus OG Weed - Best Global Meds\" \/>\n<meta property=\"og:description\" content=\"Comprar Cepa de Marihuana Jesus OG en venta Online. La variedad de marihuana Jesus og es Sativa Dominant Hybrid - 80% Sativa \/ 20% Indica THC: 21% - 25%\" \/>\n<meta property=\"og:url\" content=\"https:\/\/medicinasinc.com\/es\/product\/comprar-jesus-y-hierba\/\" \/>\n<meta property=\"og:site_name\" content=\"Medicinas Inc\" \/>\n<meta property=\"article:modified_time\" content=\"2022-03-22T00:59:12+00:00\" \/>\n<meta property=\"og:image\" content=\"https:\/\/medicinasinc.com\/es\/wp-content\/uploads\/sites\/15\/2022\/02\/buy-Jesus-OG.png\" \/>\n\t<meta property=\"og:image:width\" content=\"600\" \/>\n\t<meta property=\"og:image:height\" content=\"600\" \/>\n\t<meta property=\"og:image:type\" content=\"image\/png\" \/>\n<meta name=\"twitter:card\" content=\"summary_large_image\" \/>\n<meta name=\"twitter:label1\" content=\"Tiempo de lectura\" \/>\n\t<meta name=\"twitter:data1\" content=\"1 minuto\" \/>\n<script type=\"application\/ld+json\" class=\"yoast-schema-graph\">{\"@context\":\"https:\\\/\\\/schema.org\",\"@graph\":[{\"@type\":\"WebPage\",\"@id\":\"https:\\\/\\\/medicinasinc.com\\\/es\\\/product\\\/comprar-jesus-y-hierba\\\/\",\"url\":\"https:\\\/\\\/medicinasinc.com\\\/es\\\/product\\\/comprar-jesus-y-hierba\\\/\",\"name\":\"Comprar variedad de marihuana Jesus OG Weed - Best Global Meds\",\"isPartOf\":{\"@id\":\"https:\\\/\\\/medicinasinc.com\\\/es\\\/#website\"},\"primaryImageOfPage\":{\"@id\":\"https:\\\/\\\/medicinasinc.com\\\/es\\\/product\\\/comprar-jesus-y-hierba\\\/#primaryimage\"},\"image\":{\"@id\":\"https:\\\/\\\/medicinasinc.com\\\/es\\\/product\\\/comprar-jesus-y-hierba\\\/#primaryimage\"},\"thumbnailUrl\":\"https:\\\/\\\/medicinasinc.com\\\/es\\\/wp-content\\\/uploads\\\/sites\\\/15\\\/2022\\\/02\\\/buy-Jesus-OG.png\",\"datePublished\":\"2022-02-20T18:30:09+00:00\",\"dateModified\":\"2022-03-22T00:59:12+00:00\",\"description\":\"Comprar Cepa de Marihuana Jesus OG en venta Online. La variedad de marihuana Jesus og es Sativa Dominant Hybrid - 80% Sativa \\\/ 20% Indica THC: 21% - 25%\",\"breadcrumb\":{\"@id\":\"https:\\\/\\\/medicinasinc.com\\\/es\\\/product\\\/comprar-jesus-y-hierba\\\/#breadcrumb\"},\"inLanguage\":\"es\",\"potentialAction\":[{\"@type\":\"ReadAction\",\"target\":[\"https:\\\/\\\/medicinasinc.com\\\/es\\\/product\\\/comprar-jesus-y-hierba\\\/\"]}]},{\"@type\":\"ImageObject\",\"inLanguage\":\"es\",\"@id\":\"https:\\\/\\\/medicinasinc.com\\\/es\\\/product\\\/comprar-jesus-y-hierba\\\/#primaryimage\",\"url\":\"https:\\\/\\\/medicinasinc.com\\\/es\\\/wp-content\\\/uploads\\\/sites\\\/15\\\/2022\\\/02\\\/buy-Jesus-OG.png\",\"contentUrl\":\"https:\\\/\\\/medicinasinc.com\\\/es\\\/wp-content\\\/uploads\\\/sites\\\/15\\\/2022\\\/02\\\/buy-Jesus-OG.png\",\"width\":600,\"height\":600},{\"@type\":\"BreadcrumbList\",\"@id\":\"https:\\\/\\\/medicinasinc.com\\\/es\\\/product\\\/comprar-jesus-y-hierba\\\/#breadcrumb\",\"itemListElement\":[{\"@type\":\"ListItem\",\"position\":1,\"name\":\"Tienda\",\"item\":\"https:\\\/\\\/medicinasinc.com\\\/es\\\/tienda\\\/\"},{\"@type\":\"ListItem\",\"position\":2,\"name\":\"Comprar hierba de Jes\u00fas OG\"}]},{\"@type\":\"WebSite\",\"@id\":\"https:\\\/\\\/medicinasinc.com\\\/es\\\/#website\",\"url\":\"https:\\\/\\\/medicinasinc.com\\\/es\\\/\",\"name\":\"Medicinas Inc\",\"description\":\"Cl\u00ednica M\u00e9dica de Salud\",\"potentialAction\":[{\"@type\":\"SearchAction\",\"target\":{\"@type\":\"EntryPoint\",\"urlTemplate\":\"https:\\\/\\\/medicinasinc.com\\\/es\\\/?s={search_term_string}\"},\"query-input\":{\"@type\":\"PropertyValueSpecification\",\"valueRequired\":true,\"valueName\":\"search_term_string\"}}],\"inLanguage\":\"es\"}]}<\/script>\n<!-- \/ Yoast SEO plugin. -->","yoast_head_json":{"title":"Comprar variedad de marihuana Jesus OG Weed - Best Global Meds","description":"Comprar Cepa de Marihuana Jesus OG en venta Online. La variedad de marihuana Jesus og es Sativa Dominant Hybrid - 80% Sativa \/ 20% Indica THC: 21% - 25%","robots":{"index":"index","follow":"follow","max-snippet":"max-snippet:-1","max-image-preview":"max-image-preview:large","max-video-preview":"max-video-preview:-1"},"canonical":"https:\/\/medicinasinc.com\/es\/product\/comprar-jesus-y-hierba\/","og_locale":"es_ES","og_type":"article","og_title":"Comprar variedad de marihuana Jesus OG Weed - Best Global Meds","og_description":"Comprar Cepa de Marihuana Jesus OG en venta Online. La variedad de marihuana Jesus og es Sativa Dominant Hybrid - 80% Sativa \/ 20% Indica THC: 21% - 25%","og_url":"https:\/\/medicinasinc.com\/es\/product\/comprar-jesus-y-hierba\/","og_site_name":"Medicinas Inc","article_modified_time":"2022-03-22T00:59:12+00:00","og_image":[{"width":600,"height":600,"url":"https:\/\/medicinasinc.com\/es\/wp-content\/uploads\/sites\/15\/2022\/02\/buy-Jesus-OG.png","type":"image\/png"}],"twitter_card":"summary_large_image","twitter_misc":{"Tiempo de lectura":"1 minuto"},"schema":{"@context":"https:\/\/schema.org","@graph":[{"@type":"WebPage","@id":"https:\/\/medicinasinc.com\/es\/product\/comprar-jesus-y-hierba\/","url":"https:\/\/medicinasinc.com\/es\/product\/comprar-jesus-y-hierba\/","name":"Comprar variedad de marihuana Jesus OG Weed - Best Global Meds","isPartOf":{"@id":"https:\/\/medicinasinc.com\/es\/#website"},"primaryImageOfPage":{"@id":"https:\/\/medicinasinc.com\/es\/product\/comprar-jesus-y-hierba\/#primaryimage"},"image":{"@id":"https:\/\/medicinasinc.com\/es\/product\/comprar-jesus-y-hierba\/#primaryimage"},"thumbnailUrl":"https:\/\/medicinasinc.com\/es\/wp-content\/uploads\/sites\/15\/2022\/02\/buy-Jesus-OG.png","datePublished":"2022-02-20T18:30:09+00:00","dateModified":"2022-03-22T00:59:12+00:00","description":"Comprar Cepa de Marihuana Jesus OG en venta Online. La variedad de marihuana Jesus og es Sativa Dominant Hybrid - 80% Sativa \/ 20% Indica THC: 21% - 25%","breadcrumb":{"@id":"https:\/\/medicinasinc.com\/es\/product\/comprar-jesus-y-hierba\/#breadcrumb"},"inLanguage":"es","potentialAction":[{"@type":"ReadAction","target":["https:\/\/medicinasinc.com\/es\/product\/comprar-jesus-y-hierba\/"]}]},{"@type":"ImageObject","inLanguage":"es","@id":"https:\/\/medicinasinc.com\/es\/product\/comprar-jesus-y-hierba\/#primaryimage","url":"https:\/\/medicinasinc.com\/es\/wp-content\/uploads\/sites\/15\/2022\/02\/buy-Jesus-OG.png","contentUrl":"https:\/\/medicinasinc.com\/es\/wp-content\/uploads\/sites\/15\/2022\/02\/buy-Jesus-OG.png","width":600,"height":600},{"@type":"BreadcrumbList","@id":"https:\/\/medicinasinc.com\/es\/product\/comprar-jesus-y-hierba\/#breadcrumb","itemListElement":[{"@type":"ListItem","position":1,"name":"Tienda","item":"https:\/\/medicinasinc.com\/es\/tienda\/"},{"@type":"ListItem","position":2,"name":"Comprar hierba de Jes\u00fas OG"}]},{"@type":"WebSite","@id":"https:\/\/medicinasinc.com\/es\/#website","url":"https:\/\/medicinasinc.com\/es\/","name":"Medicinas Inc","description":"Cl\u00ednica M\u00e9dica de Salud","potentialAction":[{"@type":"SearchAction","target":{"@type":"EntryPoint","urlTemplate":"https:\/\/medicinasinc.com\/es\/?s={search_term_string}"},"query-input":{"@type":"PropertyValueSpecification","valueRequired":true,"valueName":"search_term_string"}}],"inLanguage":"es"}]}},"_links":{"self":[{"href":"https:\/\/medicinasinc.com\/es\/wp-json\/wp\/v2\/product\/4970","targetHints":{"allow":["GET"]}}],"collection":[{"href":"https:\/\/medicinasinc.com\/es\/wp-json\/wp\/v2\/product"}],"about":[{"href":"https:\/\/medicinasinc.com\/es\/wp-json\/wp\/v2\/types\/product"}],"replies":[{"embeddable":true,"href":"https:\/\/medicinasinc.com\/es\/wp-json\/wp\/v2\/comments?post=4970"}],"wp:featuredmedia":[{"embeddable":true,"href":"https:\/\/medicinasinc.com\/es\/wp-json\/wp\/v2\/media\/4983"}],"wp:attachment":[{"href":"https:\/\/medicinasinc.com\/es\/wp-json\/wp\/v2\/media?parent=4970"}],"wp:term":[{"taxonomy":"product_brand","embeddable":true,"href":"https:\/\/medicinasinc.com\/es\/wp-json\/wp\/v2\/product_brand?post=4970"},{"taxonomy":"product_cat","embeddable":true,"href":"https:\/\/medicinasinc.com\/es\/wp-json\/wp\/v2\/product_cat?post=4970"},{"taxonomy":"product_tag","embeddable":true,"href":"https:\/\/medicinasinc.com\/es\/wp-json\/wp\/v2\/product_tag?post=4970"}],"curies":[{"name":"wp","href":"https:\/\/api.w.org\/{rel}","templated":true}]}}