{"id":4955,"date":"2022-02-20T18:16:15","date_gmt":"2022-02-20T18:16:15","guid":{"rendered":"https:\/\/medicinasinc.com\/es\/?post_type=product&#038;p=4955"},"modified":"2022-03-22T00:59:32","modified_gmt":"2022-03-22T00:59:32","slug":"comprar-marihuana-hawaiana","status":"publish","type":"product","link":"https:\/\/medicinasinc.com\/es\/product\/comprar-marihuana-hawaiana\/","title":{"rendered":"Comprar marihuana hawaiana"},"content":{"rendered":"<p>Compra en l\u00ednea de marihuana \u00edndica hawaiana.<\/p>\n<p>Compra en l\u00ednea de marihuana \u00edndica hawaiana.<\/p>\n<p>Efectos<br \/> Cerebral, relajante y edificante pueden ayudar a aliviar el dolor cr\u00f3nico , Depresi\u00f3n, Fatiga, Migra\u00f1as y Espasmos Musculares<br \/> Sabores<br \/> Mentol, C\u00edtrico, Dulce, Tr\u00f3pico<\/p>\n","protected":false},"excerpt":{"rendered":"<p>Compre marihuana \u00edndica hawaiana en l\u00ednea en el Reino Unido y Europa. H\u00edbrido de cannabis Indica hawaiana &#8211; 60% \u00cdndica \/ 40% Sativa.<\/p>\n","protected":false},"featured_media":4969,"comment_status":"open","ping_status":"closed","template":"","meta":[],"product_brand":[],"product_cat":[778],"product_tag":[846,847,849,850,843,844,845,851,848],"class_list":{"0":"post-4955","1":"product","2":"type-product","3":"status-publish","4":"has-post-thumbnail","6":"product_cat-hierba-para-la-venta","7":"product_tag-cuanto-tarda-en-obtener-la-tarjeta-329-hawaii","8":"product_tag-maui-dispensario","9":"product_tag-dispensario-recreativo-honolulu","10":"product_tag-dispensario-recreativo-maui-hawaii","11":"product_tag-does-hawaii-accept-out-of-state-mmj-cards","12":"product_tag-hawaii","13":"product_tag-hawaii-329-card-rules","14":"product_tag-weedmaps-hawaii","15":"product_tag-qualifying-conditions-for-medical-card-in-hawaii","17":"first","18":"instock","19":"shipping-taxable","20":"purchasable","21":"product-type-variable","22":"has-default-attributes"},"yoast_head":"<!-- This site is optimized with the Yoast SEO plugin v27.3 - https:\/\/yoast.com\/product\/yoast-seo-wordpress\/ -->\n<title>Comprar marihuana hawaiana - Best Best Global Meds<\/title>\n<meta name=\"description\" content=\"Comprar marihuana Hawaiian Indica a la venta en el Reino Unido, Europa en l\u00ednea. H\u00edbrido de marihuana Hawaiian Indica \u2013 60% Indica \/ 40% Sativa.\" \/>\n<meta name=\"robots\" content=\"index, follow, max-snippet:-1, max-image-preview:large, max-video-preview:-1\" \/>\n<link rel=\"canonical\" href=\"https:\/\/medicinasinc.com\/es\/product\/comprar-marihuana-hawaiana\/\" \/>\n<meta property=\"og:locale\" content=\"es_ES\" \/>\n<meta property=\"og:type\" content=\"article\" \/>\n<meta property=\"og:title\" content=\"Comprar marihuana hawaiana - Best Best Global Meds\" \/>\n<meta property=\"og:description\" content=\"Comprar marihuana Hawaiian Indica a la venta en el Reino Unido, Europa en l\u00ednea. H\u00edbrido de marihuana Hawaiian Indica \u2013 60% Indica \/ 40% Sativa.\" \/>\n<meta property=\"og:url\" content=\"https:\/\/medicinasinc.com\/es\/product\/comprar-marihuana-hawaiana\/\" \/>\n<meta property=\"og:site_name\" content=\"Medicinas Inc\" \/>\n<meta property=\"article:modified_time\" content=\"2022-03-22T00:59:32+00:00\" \/>\n<meta property=\"og:image\" content=\"https:\/\/medicinasinc.com\/es\/wp-content\/uploads\/sites\/15\/2022\/02\/Buy-Hawaiian-Marijuana.jpg\" \/>\n\t<meta property=\"og:image:width\" content=\"233\" \/>\n\t<meta property=\"og:image:height\" content=\"217\" \/>\n\t<meta property=\"og:image:type\" content=\"image\/jpeg\" \/>\n<meta name=\"twitter:card\" content=\"summary_large_image\" \/>\n<meta name=\"twitter:label1\" content=\"Tiempo de lectura\" \/>\n\t<meta name=\"twitter:data1\" content=\"1 minuto\" \/>\n<script type=\"application\/ld+json\" class=\"yoast-schema-graph\">{\"@context\":\"https:\\\/\\\/schema.org\",\"@graph\":[{\"@type\":\"WebPage\",\"@id\":\"https:\\\/\\\/medicinasinc.com\\\/es\\\/product\\\/comprar-marihuana-hawaiana\\\/\",\"url\":\"https:\\\/\\\/medicinasinc.com\\\/es\\\/product\\\/comprar-marihuana-hawaiana\\\/\",\"name\":\"Comprar marihuana hawaiana - Best Best Global Meds\",\"isPartOf\":{\"@id\":\"https:\\\/\\\/medicinasinc.com\\\/es\\\/#website\"},\"primaryImageOfPage\":{\"@id\":\"https:\\\/\\\/medicinasinc.com\\\/es\\\/product\\\/comprar-marihuana-hawaiana\\\/#primaryimage\"},\"image\":{\"@id\":\"https:\\\/\\\/medicinasinc.com\\\/es\\\/product\\\/comprar-marihuana-hawaiana\\\/#primaryimage\"},\"thumbnailUrl\":\"https:\\\/\\\/medicinasinc.com\\\/es\\\/wp-content\\\/uploads\\\/sites\\\/15\\\/2022\\\/02\\\/Buy-Hawaiian-Marijuana.jpg\",\"datePublished\":\"2022-02-20T18:16:15+00:00\",\"dateModified\":\"2022-03-22T00:59:32+00:00\",\"description\":\"Comprar marihuana Hawaiian Indica a la venta en el Reino Unido, Europa en l\u00ednea. H\u00edbrido de marihuana Hawaiian Indica \u2013 60% Indica \\\/ 40% Sativa.\",\"breadcrumb\":{\"@id\":\"https:\\\/\\\/medicinasinc.com\\\/es\\\/product\\\/comprar-marihuana-hawaiana\\\/#breadcrumb\"},\"inLanguage\":\"es\",\"potentialAction\":[{\"@type\":\"ReadAction\",\"target\":[\"https:\\\/\\\/medicinasinc.com\\\/es\\\/product\\\/comprar-marihuana-hawaiana\\\/\"]}]},{\"@type\":\"ImageObject\",\"inLanguage\":\"es\",\"@id\":\"https:\\\/\\\/medicinasinc.com\\\/es\\\/product\\\/comprar-marihuana-hawaiana\\\/#primaryimage\",\"url\":\"https:\\\/\\\/medicinasinc.com\\\/es\\\/wp-content\\\/uploads\\\/sites\\\/15\\\/2022\\\/02\\\/Buy-Hawaiian-Marijuana.jpg\",\"contentUrl\":\"https:\\\/\\\/medicinasinc.com\\\/es\\\/wp-content\\\/uploads\\\/sites\\\/15\\\/2022\\\/02\\\/Buy-Hawaiian-Marijuana.jpg\",\"width\":233,\"height\":217},{\"@type\":\"BreadcrumbList\",\"@id\":\"https:\\\/\\\/medicinasinc.com\\\/es\\\/product\\\/comprar-marihuana-hawaiana\\\/#breadcrumb\",\"itemListElement\":[{\"@type\":\"ListItem\",\"position\":1,\"name\":\"Tienda\",\"item\":\"https:\\\/\\\/medicinasinc.com\\\/es\\\/tienda\\\/\"},{\"@type\":\"ListItem\",\"position\":2,\"name\":\"Comprar marihuana hawaiana\"}]},{\"@type\":\"WebSite\",\"@id\":\"https:\\\/\\\/medicinasinc.com\\\/es\\\/#website\",\"url\":\"https:\\\/\\\/medicinasinc.com\\\/es\\\/\",\"name\":\"Medicinas Inc\",\"description\":\"Cl\u00ednica M\u00e9dica de Salud\",\"potentialAction\":[{\"@type\":\"SearchAction\",\"target\":{\"@type\":\"EntryPoint\",\"urlTemplate\":\"https:\\\/\\\/medicinasinc.com\\\/es\\\/?s={search_term_string}\"},\"query-input\":{\"@type\":\"PropertyValueSpecification\",\"valueRequired\":true,\"valueName\":\"search_term_string\"}}],\"inLanguage\":\"es\"}]}<\/script>\n<!-- \/ Yoast SEO plugin. -->","yoast_head_json":{"title":"Comprar marihuana hawaiana - Best Best Global Meds","description":"Comprar marihuana Hawaiian Indica a la venta en el Reino Unido, Europa en l\u00ednea. H\u00edbrido de marihuana Hawaiian Indica \u2013 60% Indica \/ 40% Sativa.","robots":{"index":"index","follow":"follow","max-snippet":"max-snippet:-1","max-image-preview":"max-image-preview:large","max-video-preview":"max-video-preview:-1"},"canonical":"https:\/\/medicinasinc.com\/es\/product\/comprar-marihuana-hawaiana\/","og_locale":"es_ES","og_type":"article","og_title":"Comprar marihuana hawaiana - Best Best Global Meds","og_description":"Comprar marihuana Hawaiian Indica a la venta en el Reino Unido, Europa en l\u00ednea. H\u00edbrido de marihuana Hawaiian Indica \u2013 60% Indica \/ 40% Sativa.","og_url":"https:\/\/medicinasinc.com\/es\/product\/comprar-marihuana-hawaiana\/","og_site_name":"Medicinas Inc","article_modified_time":"2022-03-22T00:59:32+00:00","og_image":[{"width":233,"height":217,"url":"https:\/\/medicinasinc.com\/es\/wp-content\/uploads\/sites\/15\/2022\/02\/Buy-Hawaiian-Marijuana.jpg","type":"image\/jpeg"}],"twitter_card":"summary_large_image","twitter_misc":{"Tiempo de lectura":"1 minuto"},"schema":{"@context":"https:\/\/schema.org","@graph":[{"@type":"WebPage","@id":"https:\/\/medicinasinc.com\/es\/product\/comprar-marihuana-hawaiana\/","url":"https:\/\/medicinasinc.com\/es\/product\/comprar-marihuana-hawaiana\/","name":"Comprar marihuana hawaiana - Best Best Global Meds","isPartOf":{"@id":"https:\/\/medicinasinc.com\/es\/#website"},"primaryImageOfPage":{"@id":"https:\/\/medicinasinc.com\/es\/product\/comprar-marihuana-hawaiana\/#primaryimage"},"image":{"@id":"https:\/\/medicinasinc.com\/es\/product\/comprar-marihuana-hawaiana\/#primaryimage"},"thumbnailUrl":"https:\/\/medicinasinc.com\/es\/wp-content\/uploads\/sites\/15\/2022\/02\/Buy-Hawaiian-Marijuana.jpg","datePublished":"2022-02-20T18:16:15+00:00","dateModified":"2022-03-22T00:59:32+00:00","description":"Comprar marihuana Hawaiian Indica a la venta en el Reino Unido, Europa en l\u00ednea. H\u00edbrido de marihuana Hawaiian Indica \u2013 60% Indica \/ 40% Sativa.","breadcrumb":{"@id":"https:\/\/medicinasinc.com\/es\/product\/comprar-marihuana-hawaiana\/#breadcrumb"},"inLanguage":"es","potentialAction":[{"@type":"ReadAction","target":["https:\/\/medicinasinc.com\/es\/product\/comprar-marihuana-hawaiana\/"]}]},{"@type":"ImageObject","inLanguage":"es","@id":"https:\/\/medicinasinc.com\/es\/product\/comprar-marihuana-hawaiana\/#primaryimage","url":"https:\/\/medicinasinc.com\/es\/wp-content\/uploads\/sites\/15\/2022\/02\/Buy-Hawaiian-Marijuana.jpg","contentUrl":"https:\/\/medicinasinc.com\/es\/wp-content\/uploads\/sites\/15\/2022\/02\/Buy-Hawaiian-Marijuana.jpg","width":233,"height":217},{"@type":"BreadcrumbList","@id":"https:\/\/medicinasinc.com\/es\/product\/comprar-marihuana-hawaiana\/#breadcrumb","itemListElement":[{"@type":"ListItem","position":1,"name":"Tienda","item":"https:\/\/medicinasinc.com\/es\/tienda\/"},{"@type":"ListItem","position":2,"name":"Comprar marihuana hawaiana"}]},{"@type":"WebSite","@id":"https:\/\/medicinasinc.com\/es\/#website","url":"https:\/\/medicinasinc.com\/es\/","name":"Medicinas Inc","description":"Cl\u00ednica M\u00e9dica de Salud","potentialAction":[{"@type":"SearchAction","target":{"@type":"EntryPoint","urlTemplate":"https:\/\/medicinasinc.com\/es\/?s={search_term_string}"},"query-input":{"@type":"PropertyValueSpecification","valueRequired":true,"valueName":"search_term_string"}}],"inLanguage":"es"}]}},"_links":{"self":[{"href":"https:\/\/medicinasinc.com\/es\/wp-json\/wp\/v2\/product\/4955","targetHints":{"allow":["GET"]}}],"collection":[{"href":"https:\/\/medicinasinc.com\/es\/wp-json\/wp\/v2\/product"}],"about":[{"href":"https:\/\/medicinasinc.com\/es\/wp-json\/wp\/v2\/types\/product"}],"replies":[{"embeddable":true,"href":"https:\/\/medicinasinc.com\/es\/wp-json\/wp\/v2\/comments?post=4955"}],"wp:featuredmedia":[{"embeddable":true,"href":"https:\/\/medicinasinc.com\/es\/wp-json\/wp\/v2\/media\/4969"}],"wp:attachment":[{"href":"https:\/\/medicinasinc.com\/es\/wp-json\/wp\/v2\/media?parent=4955"}],"wp:term":[{"taxonomy":"product_brand","embeddable":true,"href":"https:\/\/medicinasinc.com\/es\/wp-json\/wp\/v2\/product_brand?post=4955"},{"taxonomy":"product_cat","embeddable":true,"href":"https:\/\/medicinasinc.com\/es\/wp-json\/wp\/v2\/product_cat?post=4955"},{"taxonomy":"product_tag","embeddable":true,"href":"https:\/\/medicinasinc.com\/es\/wp-json\/wp\/v2\/product_tag?post=4955"}],"curies":[{"name":"wp","href":"https:\/\/api.w.org\/{rel}","templated":true}]}}