{"id":4953,"date":"2022-02-20T18:14:51","date_gmt":"2022-02-20T18:14:51","guid":{"rendered":"https:\/\/medicinasinc.com\/es\/?post_type=product&#038;p=4953"},"modified":"2022-03-22T00:59:42","modified_gmt":"2022-03-22T00:59:42","slug":"comprar-grandaddy-purple-strain","status":"publish","type":"product","link":"https:\/\/medicinasinc.com\/es\/product\/comprar-grandaddy-purple-strain\/","title":{"rendered":"Comprar Granddaddy Purple Strain"},"content":{"rendered":"<p>Compre marihuana Granddaddy Purple en l\u00ednea.<\/p>\n<p>Compre marihuana Granddaddy Purple en l\u00ednea.<\/p>\n<p>La variedad de marihuana Granddaddy Purple es un h\u00edbrido: la variedad de marihuana Granddaddy Purple es un h\u00edbrido: 50% Sativa \/ 50 % Indica THC: 20 %\u201327 %, CBD: 1 %<\/p>\n<p>Efectos cerebrales, de euforia, felices, hambrientos y relajantes<br \/> Puede ayudar en el alivio de la artritis, el dolor cr\u00f3nico, la depresi\u00f3n, el insomnio, P\u00e9rdida de apetito, migra\u00f1as, espasmos musculares, trastorno de estr\u00e9s postraum\u00e1tico y sabores de estr\u00e9s<br \/> Afrutado, uva, pino y dulce<\/p>\n","protected":false},"excerpt":{"rendered":"<p>\u00bfQu\u00e9 debes saber antes de comprar Granddaddy Purple? Tambi\u00e9n conocida como GDP, esta variedad es un conocido cruce Indica de Purple Urkle y Big Bud.<\/p>\n<p>Compre Granddaddy Purple Marijuana Online.<\/p>\n<p>La mejor marihuana de pedidos por correo de Canad\u00e1 ! \u00bfEst\u00e1 interesado en comprar marihuana medicinal en l\u00ednea en Canad\u00e1?<\/p>\n<p>&nbsp;<\/p>\n<p>&nbsp;<\/p>\n","protected":false},"featured_media":4967,"comment_status":"open","ping_status":"closed","template":"","meta":[],"product_brand":[],"product_cat":[778],"product_tag":[839,835,837,838,840,841,836,842],"class_list":{"0":"post-4953","1":"product","2":"type-product","3":"status-publish","4":"has-post-thumbnail","6":"product_cat-hierba-para-la-venta","7":"product_tag-abuelo-morado-cerca-de-mi","8":"product_tag-grand-daddy-purp-cart","9":"product_tag-grand-daddy-morado-aceite","10":"product_tag-grand-daddy-purple-strain-indica-or-sativa","11":"product_tag-fotos-de-la-cepa-purpura-del-abuelo","12":"product_tag-prpura-kush","13":"product_tag-grand-daddy-purp-precios","14":"product_tag-prpura-urkle","16":"first","17":"instock","18":"shipping-taxable","19":"purchasable","20":"product-type-simple"},"yoast_head":"<!-- This site is optimized with the Yoast SEO plugin v27.3 - https:\/\/yoast.com\/product\/yoast-seo-wordpress\/ -->\n<title>Comprar Granddaddy Purple Strain - Best Global Meds<\/title>\n<meta name=\"description\" content=\"\u00bfQu\u00e9 saber antes de comprar la variedad Granddaddy Purple? Adem\u00e1s, conocida como GDP, esta variedad es un famoso cruce Indica entre Purple Urkle y Big Bud.\" \/>\n<meta name=\"robots\" content=\"index, follow, max-snippet:-1, max-image-preview:large, max-video-preview:-1\" \/>\n<link rel=\"canonical\" href=\"https:\/\/medicinasinc.com\/es\/product\/comprar-grandaddy-purple-strain\/\" \/>\n<meta property=\"og:locale\" content=\"es_ES\" \/>\n<meta property=\"og:type\" content=\"article\" \/>\n<meta property=\"og:title\" content=\"Comprar Granddaddy Purple Strain - Best Global Meds\" \/>\n<meta property=\"og:description\" content=\"\u00bfQu\u00e9 saber antes de comprar la variedad Granddaddy Purple? Adem\u00e1s, conocida como GDP, esta variedad es un famoso cruce Indica entre Purple Urkle y Big Bud.\" \/>\n<meta property=\"og:url\" content=\"https:\/\/medicinasinc.com\/es\/product\/comprar-grandaddy-purple-strain\/\" \/>\n<meta property=\"og:site_name\" content=\"Medicinas Inc\" \/>\n<meta property=\"article:modified_time\" content=\"2022-03-22T00:59:42+00:00\" \/>\n<meta property=\"og:image\" content=\"https:\/\/medicinasinc.com\/es\/wp-content\/uploads\/sites\/15\/2022\/02\/Buy-Granddaddy-Purple-Strain.jpg\" \/>\n\t<meta property=\"og:image:width\" content=\"1822\" \/>\n\t<meta property=\"og:image:height\" content=\"2429\" \/>\n\t<meta property=\"og:image:type\" content=\"image\/jpeg\" \/>\n<meta name=\"twitter:card\" content=\"summary_large_image\" \/>\n<meta name=\"twitter:label1\" content=\"Tiempo de lectura\" \/>\n\t<meta name=\"twitter:data1\" content=\"1 minuto\" \/>\n<script type=\"application\/ld+json\" class=\"yoast-schema-graph\">{\"@context\":\"https:\\\/\\\/schema.org\",\"@graph\":[{\"@type\":\"WebPage\",\"@id\":\"https:\\\/\\\/medicinasinc.com\\\/es\\\/product\\\/comprar-grandaddy-purple-strain\\\/\",\"url\":\"https:\\\/\\\/medicinasinc.com\\\/es\\\/product\\\/comprar-grandaddy-purple-strain\\\/\",\"name\":\"Comprar Granddaddy Purple Strain - Best Global Meds\",\"isPartOf\":{\"@id\":\"https:\\\/\\\/medicinasinc.com\\\/es\\\/#website\"},\"primaryImageOfPage\":{\"@id\":\"https:\\\/\\\/medicinasinc.com\\\/es\\\/product\\\/comprar-grandaddy-purple-strain\\\/#primaryimage\"},\"image\":{\"@id\":\"https:\\\/\\\/medicinasinc.com\\\/es\\\/product\\\/comprar-grandaddy-purple-strain\\\/#primaryimage\"},\"thumbnailUrl\":\"https:\\\/\\\/medicinasinc.com\\\/es\\\/wp-content\\\/uploads\\\/sites\\\/15\\\/2022\\\/02\\\/Buy-Granddaddy-Purple-Strain.jpg\",\"datePublished\":\"2022-02-20T18:14:51+00:00\",\"dateModified\":\"2022-03-22T00:59:42+00:00\",\"description\":\"\u00bfQu\u00e9 saber antes de comprar la variedad Granddaddy Purple? Adem\u00e1s, conocida como GDP, esta variedad es un famoso cruce Indica entre Purple Urkle y Big Bud.\",\"breadcrumb\":{\"@id\":\"https:\\\/\\\/medicinasinc.com\\\/es\\\/product\\\/comprar-grandaddy-purple-strain\\\/#breadcrumb\"},\"inLanguage\":\"es\",\"potentialAction\":[{\"@type\":\"ReadAction\",\"target\":[\"https:\\\/\\\/medicinasinc.com\\\/es\\\/product\\\/comprar-grandaddy-purple-strain\\\/\"]}]},{\"@type\":\"ImageObject\",\"inLanguage\":\"es\",\"@id\":\"https:\\\/\\\/medicinasinc.com\\\/es\\\/product\\\/comprar-grandaddy-purple-strain\\\/#primaryimage\",\"url\":\"https:\\\/\\\/medicinasinc.com\\\/es\\\/wp-content\\\/uploads\\\/sites\\\/15\\\/2022\\\/02\\\/Buy-Granddaddy-Purple-Strain.jpg\",\"contentUrl\":\"https:\\\/\\\/medicinasinc.com\\\/es\\\/wp-content\\\/uploads\\\/sites\\\/15\\\/2022\\\/02\\\/Buy-Granddaddy-Purple-Strain.jpg\",\"width\":1822,\"height\":2429},{\"@type\":\"BreadcrumbList\",\"@id\":\"https:\\\/\\\/medicinasinc.com\\\/es\\\/product\\\/comprar-grandaddy-purple-strain\\\/#breadcrumb\",\"itemListElement\":[{\"@type\":\"ListItem\",\"position\":1,\"name\":\"Tienda\",\"item\":\"https:\\\/\\\/medicinasinc.com\\\/es\\\/tienda\\\/\"},{\"@type\":\"ListItem\",\"position\":2,\"name\":\"Comprar Granddaddy Purple Strain\"}]},{\"@type\":\"WebSite\",\"@id\":\"https:\\\/\\\/medicinasinc.com\\\/es\\\/#website\",\"url\":\"https:\\\/\\\/medicinasinc.com\\\/es\\\/\",\"name\":\"Medicinas Inc\",\"description\":\"Cl\u00ednica M\u00e9dica de Salud\",\"potentialAction\":[{\"@type\":\"SearchAction\",\"target\":{\"@type\":\"EntryPoint\",\"urlTemplate\":\"https:\\\/\\\/medicinasinc.com\\\/es\\\/?s={search_term_string}\"},\"query-input\":{\"@type\":\"PropertyValueSpecification\",\"valueRequired\":true,\"valueName\":\"search_term_string\"}}],\"inLanguage\":\"es\"}]}<\/script>\n<!-- \/ Yoast SEO plugin. -->","yoast_head_json":{"title":"Comprar Granddaddy Purple Strain - Best Global Meds","description":"\u00bfQu\u00e9 saber antes de comprar la variedad Granddaddy Purple? Adem\u00e1s, conocida como GDP, esta variedad es un famoso cruce Indica entre Purple Urkle y Big Bud.","robots":{"index":"index","follow":"follow","max-snippet":"max-snippet:-1","max-image-preview":"max-image-preview:large","max-video-preview":"max-video-preview:-1"},"canonical":"https:\/\/medicinasinc.com\/es\/product\/comprar-grandaddy-purple-strain\/","og_locale":"es_ES","og_type":"article","og_title":"Comprar Granddaddy Purple Strain - Best Global Meds","og_description":"\u00bfQu\u00e9 saber antes de comprar la variedad Granddaddy Purple? Adem\u00e1s, conocida como GDP, esta variedad es un famoso cruce Indica entre Purple Urkle y Big Bud.","og_url":"https:\/\/medicinasinc.com\/es\/product\/comprar-grandaddy-purple-strain\/","og_site_name":"Medicinas Inc","article_modified_time":"2022-03-22T00:59:42+00:00","og_image":[{"width":1822,"height":2429,"url":"https:\/\/medicinasinc.com\/es\/wp-content\/uploads\/sites\/15\/2022\/02\/Buy-Granddaddy-Purple-Strain.jpg","type":"image\/jpeg"}],"twitter_card":"summary_large_image","twitter_misc":{"Tiempo de lectura":"1 minuto"},"schema":{"@context":"https:\/\/schema.org","@graph":[{"@type":"WebPage","@id":"https:\/\/medicinasinc.com\/es\/product\/comprar-grandaddy-purple-strain\/","url":"https:\/\/medicinasinc.com\/es\/product\/comprar-grandaddy-purple-strain\/","name":"Comprar Granddaddy Purple Strain - Best Global Meds","isPartOf":{"@id":"https:\/\/medicinasinc.com\/es\/#website"},"primaryImageOfPage":{"@id":"https:\/\/medicinasinc.com\/es\/product\/comprar-grandaddy-purple-strain\/#primaryimage"},"image":{"@id":"https:\/\/medicinasinc.com\/es\/product\/comprar-grandaddy-purple-strain\/#primaryimage"},"thumbnailUrl":"https:\/\/medicinasinc.com\/es\/wp-content\/uploads\/sites\/15\/2022\/02\/Buy-Granddaddy-Purple-Strain.jpg","datePublished":"2022-02-20T18:14:51+00:00","dateModified":"2022-03-22T00:59:42+00:00","description":"\u00bfQu\u00e9 saber antes de comprar la variedad Granddaddy Purple? Adem\u00e1s, conocida como GDP, esta variedad es un famoso cruce Indica entre Purple Urkle y Big Bud.","breadcrumb":{"@id":"https:\/\/medicinasinc.com\/es\/product\/comprar-grandaddy-purple-strain\/#breadcrumb"},"inLanguage":"es","potentialAction":[{"@type":"ReadAction","target":["https:\/\/medicinasinc.com\/es\/product\/comprar-grandaddy-purple-strain\/"]}]},{"@type":"ImageObject","inLanguage":"es","@id":"https:\/\/medicinasinc.com\/es\/product\/comprar-grandaddy-purple-strain\/#primaryimage","url":"https:\/\/medicinasinc.com\/es\/wp-content\/uploads\/sites\/15\/2022\/02\/Buy-Granddaddy-Purple-Strain.jpg","contentUrl":"https:\/\/medicinasinc.com\/es\/wp-content\/uploads\/sites\/15\/2022\/02\/Buy-Granddaddy-Purple-Strain.jpg","width":1822,"height":2429},{"@type":"BreadcrumbList","@id":"https:\/\/medicinasinc.com\/es\/product\/comprar-grandaddy-purple-strain\/#breadcrumb","itemListElement":[{"@type":"ListItem","position":1,"name":"Tienda","item":"https:\/\/medicinasinc.com\/es\/tienda\/"},{"@type":"ListItem","position":2,"name":"Comprar Granddaddy Purple Strain"}]},{"@type":"WebSite","@id":"https:\/\/medicinasinc.com\/es\/#website","url":"https:\/\/medicinasinc.com\/es\/","name":"Medicinas Inc","description":"Cl\u00ednica M\u00e9dica de Salud","potentialAction":[{"@type":"SearchAction","target":{"@type":"EntryPoint","urlTemplate":"https:\/\/medicinasinc.com\/es\/?s={search_term_string}"},"query-input":{"@type":"PropertyValueSpecification","valueRequired":true,"valueName":"search_term_string"}}],"inLanguage":"es"}]}},"_links":{"self":[{"href":"https:\/\/medicinasinc.com\/es\/wp-json\/wp\/v2\/product\/4953","targetHints":{"allow":["GET"]}}],"collection":[{"href":"https:\/\/medicinasinc.com\/es\/wp-json\/wp\/v2\/product"}],"about":[{"href":"https:\/\/medicinasinc.com\/es\/wp-json\/wp\/v2\/types\/product"}],"replies":[{"embeddable":true,"href":"https:\/\/medicinasinc.com\/es\/wp-json\/wp\/v2\/comments?post=4953"}],"wp:featuredmedia":[{"embeddable":true,"href":"https:\/\/medicinasinc.com\/es\/wp-json\/wp\/v2\/media\/4967"}],"wp:attachment":[{"href":"https:\/\/medicinasinc.com\/es\/wp-json\/wp\/v2\/media?parent=4953"}],"wp:term":[{"taxonomy":"product_brand","embeddable":true,"href":"https:\/\/medicinasinc.com\/es\/wp-json\/wp\/v2\/product_brand?post=4953"},{"taxonomy":"product_cat","embeddable":true,"href":"https:\/\/medicinasinc.com\/es\/wp-json\/wp\/v2\/product_cat?post=4953"},{"taxonomy":"product_tag","embeddable":true,"href":"https:\/\/medicinasinc.com\/es\/wp-json\/wp\/v2\/product_tag?post=4953"}],"curies":[{"name":"wp","href":"https:\/\/api.w.org\/{rel}","templated":true}]}}