{"id":4946,"date":"2022-02-20T18:08:57","date_gmt":"2022-02-20T18:08:57","guid":{"rendered":"https:\/\/medicinasinc.com\/es\/?post_type=product&#038;p=4946"},"modified":"2022-03-22T00:59:54","modified_gmt":"2022-03-22T00:59:54","slug":"comprar-gorila-galleta-marihuana","status":"publish","type":"product","link":"https:\/\/medicinasinc.com\/es\/product\/comprar-gorila-galleta-marihuana\/","title":{"rendered":"Comprar marihuana Gorilla Biscuit"},"content":{"rendered":"<h1><\/h1>\n<p>Compra online de la variedad de marihuana Gorilla Biscuit.<\/p>\n<p>Compra online de la variedad de marihuana Gorilla Biscuit.<\/p>\n<p>La marihuana de gorilla biscuits es indica. H\u00edbrido dominante: 60 % Indica \/ 40 % Sativa Contenido de THC de sativa: 15 %\u201320 %<\/p>\n<p>Excitaci\u00f3n, euforia, hambre, relajaci\u00f3n y somnolencia<br \/> Puede ayudar en el tratamiento de la anorexia y los calambres , Depresi\u00f3n, Insomnio y Estr\u00e9s<br \/> Aromas de caf\u00e9, lim\u00f3n y pino<br \/> Terroso, picante y especiado<\/p>\n<p>Gorilla Biscuit de Seeds of Compassion es un corte derivado de la India dominante de la uni\u00f3n de los fenotipos Trementine y Stardawg IX de Sensi Star. Esta mezcla inusual y bastante antigua lleva el nombre de metacualona, \u200b\u200ba menudo conocida como quaaludes, una droga con un efecto calmante y ex\u00f3tico en el cuerpo. Sus posesiones contin\u00faan de manera igualmente calmante, dejando los ap\u00e9ndices pesados \u200b\u200by sueltos. Gorilla Biscuit tiene un fuerte perfil de terpenos, con un fuerte aroma a sol de pino y granos de caf\u00e9.<\/p>\n<p>Variedad Gorilla Biscuits: una verdadera cepa para fumetas, el subid\u00f3n de Gorilla OG se desarrolla gradualmente y llega a un estado de \u00e9xtasis que dura un per\u00edodo prolongado de tiempo. Una vez que sus pertenencias se apoderen por completo de tus pensamientos y tu cuerpo, es posible que tus reflexiones no sean tan claras como lo eran hace unas horas. El aspecto m\u00e1s visible de su experiencia ser\u00e1 la firme impresi\u00f3n de la cerradura del asiento de dos plazas, lo que har\u00e1 que sea dif\u00edcil satisfacer cualquier antojo furtivo. Nuestra propuesta es avanzar m\u00e1s all\u00e1 del tiempo con un barrido, una almohadilla y una gran cantidad de comida contenida dentro del alcance del brazo. Esta mezcla inusual y bastante antigua lleva el nombre de metacualona, \u200b\u200ba menudo conocida como quaaludes, una droga con un efecto calmante y ex\u00f3tico en el cuerpo. Sus posesiones contin\u00faan de manera igualmente calmante, dejando los ap\u00e9ndices pesados \u200b\u200by sueltos. Gorilla Biscuit tiene un perfil de terpenos robusto, con un fuerte aroma a sol de pino y caf\u00e9 bourbon.<\/p>\n","protected":false},"excerpt":{"rendered":"<p>Compra online la variedad de marihuana Gorilla Biscuit. Con m\u00e1s de 15 a\u00f1os de experiencia en el sector de la marihuana medicinal, somos el l\u00edder en Canad\u00e1 en pedidos por correo de cannabis.<\/p>\n","protected":false},"featured_media":4960,"comment_status":"open","ping_status":"closed","template":"","meta":[],"product_brand":[],"product_cat":[778],"product_tag":[827,828,830,833,829,831,832,834],"class_list":{"0":"post-4946","1":"product","2":"type-product","3":"status-publish","4":"has-post-thumbnail","6":"product_cat-hierba-para-la-venta","7":"product_tag-biscuit-strain","8":"product_tag-cepa-bizkitz","9":"product_tag-ecto-cooler-cepa","10":"product_tag-uva-cooler-cepa","11":"product_tag-naranja-california-cepa","12":"product_tag-gorila-galletas-droga","13":"product_tag-gorilla-biscuits-merch","14":"product_tag-sugar-biscuits-strain","16":"first","17":"instock","18":"shipping-taxable","19":"purchasable","20":"product-type-variable","21":"has-default-attributes"},"yoast_head":"<!-- This site is optimized with the Yoast SEO plugin v27.3 - https:\/\/yoast.com\/product\/yoast-seo-wordpress\/ -->\n<title>Comprar marihuana Gorilla Biscuit - Best Best Global Meds<\/title>\n<meta name=\"description\" content=\"Comprar Variedad de Marihuana Gorilla Biscuit en venta Online. El l\u00edder en pedidos por correo de cannabis en Canad\u00e1 con m\u00e1s de 15 a\u00f1os de experiencia en la industria de la marihuana medicinal.\" \/>\n<meta name=\"robots\" content=\"index, follow, max-snippet:-1, max-image-preview:large, max-video-preview:-1\" \/>\n<link rel=\"canonical\" href=\"https:\/\/medicinasinc.com\/es\/product\/comprar-gorila-galleta-marihuana\/\" \/>\n<meta property=\"og:locale\" content=\"es_ES\" \/>\n<meta property=\"og:type\" content=\"article\" \/>\n<meta property=\"og:title\" content=\"Comprar marihuana Gorilla Biscuit - Best Best Global Meds\" \/>\n<meta property=\"og:description\" content=\"Comprar Variedad de Marihuana Gorilla Biscuit en venta Online. El l\u00edder en pedidos por correo de cannabis en Canad\u00e1 con m\u00e1s de 15 a\u00f1os de experiencia en la industria de la marihuana medicinal.\" \/>\n<meta property=\"og:url\" content=\"https:\/\/medicinasinc.com\/es\/product\/comprar-gorila-galleta-marihuana\/\" \/>\n<meta property=\"og:site_name\" content=\"Medicinas Inc\" \/>\n<meta property=\"article:modified_time\" content=\"2022-03-22T00:59:54+00:00\" \/>\n<meta property=\"og:image\" content=\"https:\/\/medicinasinc.com\/es\/wp-content\/uploads\/sites\/15\/2022\/02\/Buy-Gorilla-Biscuit-Marijuana.jpg\" \/>\n\t<meta property=\"og:image:width\" content=\"420\" \/>\n\t<meta property=\"og:image:height\" content=\"630\" \/>\n\t<meta property=\"og:image:type\" content=\"image\/jpeg\" \/>\n<meta name=\"twitter:card\" content=\"summary_large_image\" \/>\n<meta name=\"twitter:label1\" content=\"Tiempo de lectura\" \/>\n\t<meta name=\"twitter:data1\" content=\"2 minutos\" \/>\n<script type=\"application\/ld+json\" class=\"yoast-schema-graph\">{\"@context\":\"https:\\\/\\\/schema.org\",\"@graph\":[{\"@type\":\"WebPage\",\"@id\":\"https:\\\/\\\/medicinasinc.com\\\/es\\\/product\\\/comprar-gorila-galleta-marihuana\\\/\",\"url\":\"https:\\\/\\\/medicinasinc.com\\\/es\\\/product\\\/comprar-gorila-galleta-marihuana\\\/\",\"name\":\"Comprar marihuana Gorilla Biscuit - Best Best Global Meds\",\"isPartOf\":{\"@id\":\"https:\\\/\\\/medicinasinc.com\\\/es\\\/#website\"},\"primaryImageOfPage\":{\"@id\":\"https:\\\/\\\/medicinasinc.com\\\/es\\\/product\\\/comprar-gorila-galleta-marihuana\\\/#primaryimage\"},\"image\":{\"@id\":\"https:\\\/\\\/medicinasinc.com\\\/es\\\/product\\\/comprar-gorila-galleta-marihuana\\\/#primaryimage\"},\"thumbnailUrl\":\"https:\\\/\\\/medicinasinc.com\\\/es\\\/wp-content\\\/uploads\\\/sites\\\/15\\\/2022\\\/02\\\/Buy-Gorilla-Biscuit-Marijuana.jpg\",\"datePublished\":\"2022-02-20T18:08:57+00:00\",\"dateModified\":\"2022-03-22T00:59:54+00:00\",\"description\":\"Comprar Variedad de Marihuana Gorilla Biscuit en venta Online. El l\u00edder en pedidos por correo de cannabis en Canad\u00e1 con m\u00e1s de 15 a\u00f1os de experiencia en la industria de la marihuana medicinal.\",\"breadcrumb\":{\"@id\":\"https:\\\/\\\/medicinasinc.com\\\/es\\\/product\\\/comprar-gorila-galleta-marihuana\\\/#breadcrumb\"},\"inLanguage\":\"es\",\"potentialAction\":[{\"@type\":\"ReadAction\",\"target\":[\"https:\\\/\\\/medicinasinc.com\\\/es\\\/product\\\/comprar-gorila-galleta-marihuana\\\/\"]}]},{\"@type\":\"ImageObject\",\"inLanguage\":\"es\",\"@id\":\"https:\\\/\\\/medicinasinc.com\\\/es\\\/product\\\/comprar-gorila-galleta-marihuana\\\/#primaryimage\",\"url\":\"https:\\\/\\\/medicinasinc.com\\\/es\\\/wp-content\\\/uploads\\\/sites\\\/15\\\/2022\\\/02\\\/Buy-Gorilla-Biscuit-Marijuana.jpg\",\"contentUrl\":\"https:\\\/\\\/medicinasinc.com\\\/es\\\/wp-content\\\/uploads\\\/sites\\\/15\\\/2022\\\/02\\\/Buy-Gorilla-Biscuit-Marijuana.jpg\",\"width\":420,\"height\":630},{\"@type\":\"BreadcrumbList\",\"@id\":\"https:\\\/\\\/medicinasinc.com\\\/es\\\/product\\\/comprar-gorila-galleta-marihuana\\\/#breadcrumb\",\"itemListElement\":[{\"@type\":\"ListItem\",\"position\":1,\"name\":\"Tienda\",\"item\":\"https:\\\/\\\/medicinasinc.com\\\/es\\\/tienda\\\/\"},{\"@type\":\"ListItem\",\"position\":2,\"name\":\"Comprar marihuana Gorilla Biscuit\"}]},{\"@type\":\"WebSite\",\"@id\":\"https:\\\/\\\/medicinasinc.com\\\/es\\\/#website\",\"url\":\"https:\\\/\\\/medicinasinc.com\\\/es\\\/\",\"name\":\"Medicinas Inc\",\"description\":\"Cl\u00ednica M\u00e9dica de Salud\",\"potentialAction\":[{\"@type\":\"SearchAction\",\"target\":{\"@type\":\"EntryPoint\",\"urlTemplate\":\"https:\\\/\\\/medicinasinc.com\\\/es\\\/?s={search_term_string}\"},\"query-input\":{\"@type\":\"PropertyValueSpecification\",\"valueRequired\":true,\"valueName\":\"search_term_string\"}}],\"inLanguage\":\"es\"}]}<\/script>\n<!-- \/ Yoast SEO plugin. -->","yoast_head_json":{"title":"Comprar marihuana Gorilla Biscuit - Best Best Global Meds","description":"Comprar Variedad de Marihuana Gorilla Biscuit en venta Online. El l\u00edder en pedidos por correo de cannabis en Canad\u00e1 con m\u00e1s de 15 a\u00f1os de experiencia en la industria de la marihuana medicinal.","robots":{"index":"index","follow":"follow","max-snippet":"max-snippet:-1","max-image-preview":"max-image-preview:large","max-video-preview":"max-video-preview:-1"},"canonical":"https:\/\/medicinasinc.com\/es\/product\/comprar-gorila-galleta-marihuana\/","og_locale":"es_ES","og_type":"article","og_title":"Comprar marihuana Gorilla Biscuit - Best Best Global Meds","og_description":"Comprar Variedad de Marihuana Gorilla Biscuit en venta Online. El l\u00edder en pedidos por correo de cannabis en Canad\u00e1 con m\u00e1s de 15 a\u00f1os de experiencia en la industria de la marihuana medicinal.","og_url":"https:\/\/medicinasinc.com\/es\/product\/comprar-gorila-galleta-marihuana\/","og_site_name":"Medicinas Inc","article_modified_time":"2022-03-22T00:59:54+00:00","og_image":[{"width":420,"height":630,"url":"https:\/\/medicinasinc.com\/es\/wp-content\/uploads\/sites\/15\/2022\/02\/Buy-Gorilla-Biscuit-Marijuana.jpg","type":"image\/jpeg"}],"twitter_card":"summary_large_image","twitter_misc":{"Tiempo de lectura":"2 minutos"},"schema":{"@context":"https:\/\/schema.org","@graph":[{"@type":"WebPage","@id":"https:\/\/medicinasinc.com\/es\/product\/comprar-gorila-galleta-marihuana\/","url":"https:\/\/medicinasinc.com\/es\/product\/comprar-gorila-galleta-marihuana\/","name":"Comprar marihuana Gorilla Biscuit - Best Best Global Meds","isPartOf":{"@id":"https:\/\/medicinasinc.com\/es\/#website"},"primaryImageOfPage":{"@id":"https:\/\/medicinasinc.com\/es\/product\/comprar-gorila-galleta-marihuana\/#primaryimage"},"image":{"@id":"https:\/\/medicinasinc.com\/es\/product\/comprar-gorila-galleta-marihuana\/#primaryimage"},"thumbnailUrl":"https:\/\/medicinasinc.com\/es\/wp-content\/uploads\/sites\/15\/2022\/02\/Buy-Gorilla-Biscuit-Marijuana.jpg","datePublished":"2022-02-20T18:08:57+00:00","dateModified":"2022-03-22T00:59:54+00:00","description":"Comprar Variedad de Marihuana Gorilla Biscuit en venta Online. El l\u00edder en pedidos por correo de cannabis en Canad\u00e1 con m\u00e1s de 15 a\u00f1os de experiencia en la industria de la marihuana medicinal.","breadcrumb":{"@id":"https:\/\/medicinasinc.com\/es\/product\/comprar-gorila-galleta-marihuana\/#breadcrumb"},"inLanguage":"es","potentialAction":[{"@type":"ReadAction","target":["https:\/\/medicinasinc.com\/es\/product\/comprar-gorila-galleta-marihuana\/"]}]},{"@type":"ImageObject","inLanguage":"es","@id":"https:\/\/medicinasinc.com\/es\/product\/comprar-gorila-galleta-marihuana\/#primaryimage","url":"https:\/\/medicinasinc.com\/es\/wp-content\/uploads\/sites\/15\/2022\/02\/Buy-Gorilla-Biscuit-Marijuana.jpg","contentUrl":"https:\/\/medicinasinc.com\/es\/wp-content\/uploads\/sites\/15\/2022\/02\/Buy-Gorilla-Biscuit-Marijuana.jpg","width":420,"height":630},{"@type":"BreadcrumbList","@id":"https:\/\/medicinasinc.com\/es\/product\/comprar-gorila-galleta-marihuana\/#breadcrumb","itemListElement":[{"@type":"ListItem","position":1,"name":"Tienda","item":"https:\/\/medicinasinc.com\/es\/tienda\/"},{"@type":"ListItem","position":2,"name":"Comprar marihuana Gorilla Biscuit"}]},{"@type":"WebSite","@id":"https:\/\/medicinasinc.com\/es\/#website","url":"https:\/\/medicinasinc.com\/es\/","name":"Medicinas Inc","description":"Cl\u00ednica M\u00e9dica de Salud","potentialAction":[{"@type":"SearchAction","target":{"@type":"EntryPoint","urlTemplate":"https:\/\/medicinasinc.com\/es\/?s={search_term_string}"},"query-input":{"@type":"PropertyValueSpecification","valueRequired":true,"valueName":"search_term_string"}}],"inLanguage":"es"}]}},"_links":{"self":[{"href":"https:\/\/medicinasinc.com\/es\/wp-json\/wp\/v2\/product\/4946","targetHints":{"allow":["GET"]}}],"collection":[{"href":"https:\/\/medicinasinc.com\/es\/wp-json\/wp\/v2\/product"}],"about":[{"href":"https:\/\/medicinasinc.com\/es\/wp-json\/wp\/v2\/types\/product"}],"replies":[{"embeddable":true,"href":"https:\/\/medicinasinc.com\/es\/wp-json\/wp\/v2\/comments?post=4946"}],"wp:featuredmedia":[{"embeddable":true,"href":"https:\/\/medicinasinc.com\/es\/wp-json\/wp\/v2\/media\/4960"}],"wp:attachment":[{"href":"https:\/\/medicinasinc.com\/es\/wp-json\/wp\/v2\/media?parent=4946"}],"wp:term":[{"taxonomy":"product_brand","embeddable":true,"href":"https:\/\/medicinasinc.com\/es\/wp-json\/wp\/v2\/product_brand?post=4946"},{"taxonomy":"product_cat","embeddable":true,"href":"https:\/\/medicinasinc.com\/es\/wp-json\/wp\/v2\/product_cat?post=4946"},{"taxonomy":"product_tag","embeddable":true,"href":"https:\/\/medicinasinc.com\/es\/wp-json\/wp\/v2\/product_tag?post=4946"}],"curies":[{"name":"wp","href":"https:\/\/api.w.org\/{rel}","templated":true}]}}