{"id":4940,"date":"2022-02-20T18:04:10","date_gmt":"2022-02-20T18:04:10","guid":{"rendered":"https:\/\/medicinasinc.com\/es\/?post_type=product&#038;p=4940"},"modified":"2022-03-22T01:00:07","modified_gmt":"2022-03-22T01:00:07","slug":"comprar-durban-veneno-marihuana","status":"publish","type":"product","link":"https:\/\/medicinasinc.com\/es\/product\/comprar-durban-veneno-marihuana\/","title":{"rendered":"Comprar marihuana Durban Poison"},"content":{"rendered":"<p>Compra en l\u00ednea de la cepa de marihuana Durban Poison<\/p>\n<p>Esta cepa altamente potente dar\u00e1 un golpe severo al cerebro. Durban Poison es una variedad sativa pura que es un querido descendiente endog\u00e1mico de una variedad sativa sudafricana. En la d\u00e9cada de 1970, Ed Rosenthal, un activista cann\u00e1bico estadounidense, identific\u00f3 la cepa original y la introdujo en los Estados Unidos. Ha sido un favorito desde hace mucho tiempo entre los fumetas y los pacientes de marihuana medicinal en esta ciudad. La Durban Poison tiene un contenido de THC de hasta el 24 %, lo que la convierte en una de las cepas m\u00e1s potentes disponibles. Esta cepa produce un subid\u00f3n mental potente y agradable que es ideal para actividades creativas y actividades diurnas. Junto con la boca seca, la paranoia es un posible efecto adverso. Durban Poison es un poderoso tratamiento para la depresi\u00f3n y la ansiedad, as\u00ed como para el dolor cr\u00f3nico y las n\u00e1useas. Esta variedad es buena para crear concentrados debido a la abundancia de grandes tricomas en el cogollo. El aroma y el sabor predominantes de Durban Poison son terrosos y dulces, con un ligero aroma a pino. Los cogollos son redondos y gruesos, cubiertos de abundantes tricomas. Esta variedad es ideal para per\u00edodos de actividad f\u00edsica, tareas dom\u00e9sticas y otras actividades diurnas.<\/p>\n","protected":false},"excerpt":{"rendered":"<div class=\"woocommerce-product-details__short-description\">\n<p>Durban Poison tiene un contenido de THC de hasta el 24 %, lo que lo convierte en uno de los mejores del mundo. que estas tiendas venden algunas de estas cepas \u00fanicas.<\/p>\n<p>La cepa Durban Poison se ha ganado el atractivo mundial debido a su agradable aroma y efectos energizantes y estimulantes. Por favor, vis\u00edtenos.<\/p>\n<p>La cepa de marihuana Durban Poison se puede comprar en l\u00ednea. Durban Poison es una cepa de cannabis aut\u00f3ctona sativa africana. Excelente para pacientes que buscan una tensi\u00f3n cerebral robusta que ayude en la lucha contra el estr\u00e9s y el cansancio.<\/p>\n<\/p><\/div>\n","protected":false},"featured_media":4954,"comment_status":"open","ping_status":"closed","template":"","meta":[],"product_brand":[],"product_cat":[778],"product_tag":[819,820,821,822,826,823,824,825],"class_list":{"0":"post-4940","1":"product","2":"type-product","3":"status-publish","4":"has-post-thumbnail","6":"product_cat-hierba-para-la-venta","7":"product_tag-best-durban-poison-seeds","8":"product_tag-durban-poison-autoflower","9":"product_tag-durban-poison-crosses","10":"product_tag-durban-poison-grow","11":"product_tag-es-durban-lo-mismo-que-durban-poison","12":"product_tag-historia-del-veneno-de-durban","13":"product_tag-durban-poison-seeds-sudfrica","14":"product_tag-durban-poison-veg-time","16":"first","17":"instock","18":"shipping-taxable","19":"purchasable","20":"product-type-variable","21":"has-default-attributes"},"yoast_head":"<!-- This site is optimized with the Yoast SEO plugin v27.3 - https:\/\/yoast.com\/product\/yoast-seo-wordpress\/ -->\n<title>Comprar Durban Poison Marijuana - Best Best Global Meds<\/title>\n<meta name=\"description\" content=\"Compre la variedad Durban Poison a la venta en l\u00ednea, ha ganado popularidad en todo el mundo por su olor dulce y sus efectos energ\u00e9ticos y estimulantes. Por favor vis\u00edtenos.\" \/>\n<meta name=\"robots\" content=\"index, follow, max-snippet:-1, max-image-preview:large, max-video-preview:-1\" \/>\n<link rel=\"canonical\" href=\"https:\/\/medicinasinc.com\/es\/product\/comprar-durban-veneno-marihuana\/\" \/>\n<meta property=\"og:locale\" content=\"es_ES\" \/>\n<meta property=\"og:type\" content=\"article\" \/>\n<meta property=\"og:title\" content=\"Comprar Durban Poison Marijuana - Best Best Global Meds\" \/>\n<meta property=\"og:description\" content=\"Compre la variedad Durban Poison a la venta en l\u00ednea, ha ganado popularidad en todo el mundo por su olor dulce y sus efectos energ\u00e9ticos y estimulantes. Por favor vis\u00edtenos.\" \/>\n<meta property=\"og:url\" content=\"https:\/\/medicinasinc.com\/es\/product\/comprar-durban-veneno-marihuana\/\" \/>\n<meta property=\"og:site_name\" content=\"Medicinas Inc\" \/>\n<meta property=\"article:modified_time\" content=\"2022-03-22T01:00:07+00:00\" \/>\n<meta property=\"og:image\" content=\"https:\/\/medicinasinc.com\/es\/wp-content\/uploads\/sites\/15\/2022\/02\/Buy-Durban-Poison-Marijuana.jpg\" \/>\n\t<meta property=\"og:image:width\" content=\"225\" \/>\n\t<meta property=\"og:image:height\" content=\"225\" \/>\n\t<meta property=\"og:image:type\" content=\"image\/jpeg\" \/>\n<meta name=\"twitter:card\" content=\"summary_large_image\" \/>\n<meta name=\"twitter:label1\" content=\"Tiempo de lectura\" \/>\n\t<meta name=\"twitter:data1\" content=\"1 minuto\" \/>\n<script type=\"application\/ld+json\" class=\"yoast-schema-graph\">{\"@context\":\"https:\\\/\\\/schema.org\",\"@graph\":[{\"@type\":\"WebPage\",\"@id\":\"https:\\\/\\\/medicinasinc.com\\\/es\\\/product\\\/comprar-durban-veneno-marihuana\\\/\",\"url\":\"https:\\\/\\\/medicinasinc.com\\\/es\\\/product\\\/comprar-durban-veneno-marihuana\\\/\",\"name\":\"Comprar Durban Poison Marijuana - Best Best Global Meds\",\"isPartOf\":{\"@id\":\"https:\\\/\\\/medicinasinc.com\\\/es\\\/#website\"},\"primaryImageOfPage\":{\"@id\":\"https:\\\/\\\/medicinasinc.com\\\/es\\\/product\\\/comprar-durban-veneno-marihuana\\\/#primaryimage\"},\"image\":{\"@id\":\"https:\\\/\\\/medicinasinc.com\\\/es\\\/product\\\/comprar-durban-veneno-marihuana\\\/#primaryimage\"},\"thumbnailUrl\":\"https:\\\/\\\/medicinasinc.com\\\/es\\\/wp-content\\\/uploads\\\/sites\\\/15\\\/2022\\\/02\\\/Buy-Durban-Poison-Marijuana.jpg\",\"datePublished\":\"2022-02-20T18:04:10+00:00\",\"dateModified\":\"2022-03-22T01:00:07+00:00\",\"description\":\"Compre la variedad Durban Poison a la venta en l\u00ednea, ha ganado popularidad en todo el mundo por su olor dulce y sus efectos energ\u00e9ticos y estimulantes. Por favor vis\u00edtenos.\",\"breadcrumb\":{\"@id\":\"https:\\\/\\\/medicinasinc.com\\\/es\\\/product\\\/comprar-durban-veneno-marihuana\\\/#breadcrumb\"},\"inLanguage\":\"es\",\"potentialAction\":[{\"@type\":\"ReadAction\",\"target\":[\"https:\\\/\\\/medicinasinc.com\\\/es\\\/product\\\/comprar-durban-veneno-marihuana\\\/\"]}]},{\"@type\":\"ImageObject\",\"inLanguage\":\"es\",\"@id\":\"https:\\\/\\\/medicinasinc.com\\\/es\\\/product\\\/comprar-durban-veneno-marihuana\\\/#primaryimage\",\"url\":\"https:\\\/\\\/medicinasinc.com\\\/es\\\/wp-content\\\/uploads\\\/sites\\\/15\\\/2022\\\/02\\\/Buy-Durban-Poison-Marijuana.jpg\",\"contentUrl\":\"https:\\\/\\\/medicinasinc.com\\\/es\\\/wp-content\\\/uploads\\\/sites\\\/15\\\/2022\\\/02\\\/Buy-Durban-Poison-Marijuana.jpg\",\"width\":225,\"height\":225},{\"@type\":\"BreadcrumbList\",\"@id\":\"https:\\\/\\\/medicinasinc.com\\\/es\\\/product\\\/comprar-durban-veneno-marihuana\\\/#breadcrumb\",\"itemListElement\":[{\"@type\":\"ListItem\",\"position\":1,\"name\":\"Tienda\",\"item\":\"https:\\\/\\\/medicinasinc.com\\\/es\\\/tienda\\\/\"},{\"@type\":\"ListItem\",\"position\":2,\"name\":\"Comprar marihuana Durban Poison\"}]},{\"@type\":\"WebSite\",\"@id\":\"https:\\\/\\\/medicinasinc.com\\\/es\\\/#website\",\"url\":\"https:\\\/\\\/medicinasinc.com\\\/es\\\/\",\"name\":\"Medicinas Inc\",\"description\":\"Cl\u00ednica M\u00e9dica de Salud\",\"potentialAction\":[{\"@type\":\"SearchAction\",\"target\":{\"@type\":\"EntryPoint\",\"urlTemplate\":\"https:\\\/\\\/medicinasinc.com\\\/es\\\/?s={search_term_string}\"},\"query-input\":{\"@type\":\"PropertyValueSpecification\",\"valueRequired\":true,\"valueName\":\"search_term_string\"}}],\"inLanguage\":\"es\"}]}<\/script>\n<!-- \/ Yoast SEO plugin. -->","yoast_head_json":{"title":"Comprar Durban Poison Marijuana - Best Best Global Meds","description":"Compre la variedad Durban Poison a la venta en l\u00ednea, ha ganado popularidad en todo el mundo por su olor dulce y sus efectos energ\u00e9ticos y estimulantes. Por favor vis\u00edtenos.","robots":{"index":"index","follow":"follow","max-snippet":"max-snippet:-1","max-image-preview":"max-image-preview:large","max-video-preview":"max-video-preview:-1"},"canonical":"https:\/\/medicinasinc.com\/es\/product\/comprar-durban-veneno-marihuana\/","og_locale":"es_ES","og_type":"article","og_title":"Comprar Durban Poison Marijuana - Best Best Global Meds","og_description":"Compre la variedad Durban Poison a la venta en l\u00ednea, ha ganado popularidad en todo el mundo por su olor dulce y sus efectos energ\u00e9ticos y estimulantes. Por favor vis\u00edtenos.","og_url":"https:\/\/medicinasinc.com\/es\/product\/comprar-durban-veneno-marihuana\/","og_site_name":"Medicinas Inc","article_modified_time":"2022-03-22T01:00:07+00:00","og_image":[{"width":225,"height":225,"url":"https:\/\/medicinasinc.com\/es\/wp-content\/uploads\/sites\/15\/2022\/02\/Buy-Durban-Poison-Marijuana.jpg","type":"image\/jpeg"}],"twitter_card":"summary_large_image","twitter_misc":{"Tiempo de lectura":"1 minuto"},"schema":{"@context":"https:\/\/schema.org","@graph":[{"@type":"WebPage","@id":"https:\/\/medicinasinc.com\/es\/product\/comprar-durban-veneno-marihuana\/","url":"https:\/\/medicinasinc.com\/es\/product\/comprar-durban-veneno-marihuana\/","name":"Comprar Durban Poison Marijuana - Best Best Global Meds","isPartOf":{"@id":"https:\/\/medicinasinc.com\/es\/#website"},"primaryImageOfPage":{"@id":"https:\/\/medicinasinc.com\/es\/product\/comprar-durban-veneno-marihuana\/#primaryimage"},"image":{"@id":"https:\/\/medicinasinc.com\/es\/product\/comprar-durban-veneno-marihuana\/#primaryimage"},"thumbnailUrl":"https:\/\/medicinasinc.com\/es\/wp-content\/uploads\/sites\/15\/2022\/02\/Buy-Durban-Poison-Marijuana.jpg","datePublished":"2022-02-20T18:04:10+00:00","dateModified":"2022-03-22T01:00:07+00:00","description":"Compre la variedad Durban Poison a la venta en l\u00ednea, ha ganado popularidad en todo el mundo por su olor dulce y sus efectos energ\u00e9ticos y estimulantes. Por favor vis\u00edtenos.","breadcrumb":{"@id":"https:\/\/medicinasinc.com\/es\/product\/comprar-durban-veneno-marihuana\/#breadcrumb"},"inLanguage":"es","potentialAction":[{"@type":"ReadAction","target":["https:\/\/medicinasinc.com\/es\/product\/comprar-durban-veneno-marihuana\/"]}]},{"@type":"ImageObject","inLanguage":"es","@id":"https:\/\/medicinasinc.com\/es\/product\/comprar-durban-veneno-marihuana\/#primaryimage","url":"https:\/\/medicinasinc.com\/es\/wp-content\/uploads\/sites\/15\/2022\/02\/Buy-Durban-Poison-Marijuana.jpg","contentUrl":"https:\/\/medicinasinc.com\/es\/wp-content\/uploads\/sites\/15\/2022\/02\/Buy-Durban-Poison-Marijuana.jpg","width":225,"height":225},{"@type":"BreadcrumbList","@id":"https:\/\/medicinasinc.com\/es\/product\/comprar-durban-veneno-marihuana\/#breadcrumb","itemListElement":[{"@type":"ListItem","position":1,"name":"Tienda","item":"https:\/\/medicinasinc.com\/es\/tienda\/"},{"@type":"ListItem","position":2,"name":"Comprar marihuana Durban Poison"}]},{"@type":"WebSite","@id":"https:\/\/medicinasinc.com\/es\/#website","url":"https:\/\/medicinasinc.com\/es\/","name":"Medicinas Inc","description":"Cl\u00ednica M\u00e9dica de Salud","potentialAction":[{"@type":"SearchAction","target":{"@type":"EntryPoint","urlTemplate":"https:\/\/medicinasinc.com\/es\/?s={search_term_string}"},"query-input":{"@type":"PropertyValueSpecification","valueRequired":true,"valueName":"search_term_string"}}],"inLanguage":"es"}]}},"_links":{"self":[{"href":"https:\/\/medicinasinc.com\/es\/wp-json\/wp\/v2\/product\/4940","targetHints":{"allow":["GET"]}}],"collection":[{"href":"https:\/\/medicinasinc.com\/es\/wp-json\/wp\/v2\/product"}],"about":[{"href":"https:\/\/medicinasinc.com\/es\/wp-json\/wp\/v2\/types\/product"}],"replies":[{"embeddable":true,"href":"https:\/\/medicinasinc.com\/es\/wp-json\/wp\/v2\/comments?post=4940"}],"wp:featuredmedia":[{"embeddable":true,"href":"https:\/\/medicinasinc.com\/es\/wp-json\/wp\/v2\/media\/4954"}],"wp:attachment":[{"href":"https:\/\/medicinasinc.com\/es\/wp-json\/wp\/v2\/media?parent=4940"}],"wp:term":[{"taxonomy":"product_brand","embeddable":true,"href":"https:\/\/medicinasinc.com\/es\/wp-json\/wp\/v2\/product_brand?post=4940"},{"taxonomy":"product_cat","embeddable":true,"href":"https:\/\/medicinasinc.com\/es\/wp-json\/wp\/v2\/product_cat?post=4940"},{"taxonomy":"product_tag","embeddable":true,"href":"https:\/\/medicinasinc.com\/es\/wp-json\/wp\/v2\/product_tag?post=4940"}],"curies":[{"name":"wp","href":"https:\/\/api.w.org\/{rel}","templated":true}]}}