{"id":4928,"date":"2022-02-20T17:53:26","date_gmt":"2022-02-20T17:53:26","guid":{"rendered":"https:\/\/medicinasinc.com\/es\/?post_type=product&#038;p=4928"},"modified":"2022-03-22T01:00:24","modified_gmt":"2022-03-22T01:00:24","slug":"comprar-galletas-helado","status":"publish","type":"product","link":"https:\/\/medicinasinc.com\/es\/product\/comprar-galletas-helado\/","title":{"rendered":"Comprar Galletas Gelato"},"content":{"rendered":"<p>Cookies Gelato es la descendencia de dos ilustres variedades de marihuana. Hered\u00f3 una incre\u00edble cantidad de potencia, un sabor dulce y una incre\u00edble cantidad de productividad. Y Cali Bliss ha optimizado cada uno de estos elementos. Este es ahora el n\u00famero 2 y se ha mejorado significativamente. Adem\u00e1s, se utiliza un 25 % de THC en lugar de un 23 % de THC.<\/p>\n<p>Para empezar, nos gustar\u00eda ofrecer algo de contexto a los cultivadores de esta encantadora variedad Cookies Gelato. Cali Bliss es un equipo de productores relativamente nuevo. Estos son grandes bateadores, y nos ha llevado alrededor de un a\u00f1o y medio almacenar algunas de sus cepas. Hemos tenido la suerte de adquirir tres de ellos a partir de ahora. Est\u00e1n dedicados a la aut\u00e9ntica gen\u00e9tica de California, pero con un giro. Ciertas cepas tardan a\u00f1os en desarrollarse hasta el punto en que estos muchachos est\u00e1n satisfechos.<\/p>\n<p>\u00abA medida que consume m\u00e1s cannabis, su tolerancia aumenta. Para los principiantes, no se necesita mucho para colocarse. Unas pocas bocanadas de una cepa d\u00e9bil ser\u00e1 suficiente. Despu\u00e9s de varios a\u00f1os, sin embargo, los fumadores experimentados requieren marihuana m\u00e1s fuerte para lograr los mismos efectos. Una de estas cepas es Cookies Gelato. Ella entrega una dosis monstruosa de THC que transporta instant\u00e1neamente la mente a un estado alterado de conciencia y mantiene durante horas\u00bb.<\/p>\n<p>Los poderosos efectos de la Cookies Gelato son el resultado de sus poderosas cepas parentales Girl Scout Cookies and Gelato. Este d\u00fao din\u00e1mico, sin embargo, es conocido por algo m\u00e1s que su fuerza bruta. Como sus nombres lo indican, ambas tienen perfiles de terpenos dulces y azucarados. Cookies Gelato encarna las mejores caracter\u00edsticas de estas dos variedades legendarias.<\/p>\n<p>Los cogollos de este tipo son escasos y peque\u00f1os (esto est\u00e1 determinado gen\u00e9ticamente, no hay forma de evitarlo). Pelusa y suavidad adicionales. Es decir, el cogollo en s\u00ed tiene m\u00e1s espacio de aire. Esto puede provocar una quemadura m\u00e1s r\u00e1pida y una sensaci\u00f3n m\u00e1s dura si no se tiene en cuenta. Por lo tanto, simplemente aseg\u00farese de que est\u00e9 bien empaquetado para eliminar cualquier espacio de aire. Cuando lies un porro o fumes un bol, empaqu\u00e9talo herm\u00e9ticamente. Esta es la naturaleza de la variedad.<\/p>\n<p>\u00bfQU\u00c9 SIGNIFICA EL N\u00daMERO DOS?<\/p>\n<p>\u2013 Efectos extensos (m\u00e1s refinados)<\/p>\n<p>\u2013 Sabor mejorado (perfil de terpenos m\u00e1s refinado) <\/p>\n<p>\u2013 Mayor contenido de THC (sol\u00eda ser del 23 por ciento, ahora es del 25 por ciento)<\/p>\n<p>\u2013 Adem\u00e1s, mejor cura y recorte<\/p>\n<p>EFECTOS:<\/p>\n<p>Creativo, alegre y euf\u00f3rico<\/p>\n<p>M\u00c9DICO:<\/p>\n<p>Ansiedad, estr\u00e9s y dolor cr\u00f3nico<\/p>\n<p>THC:<\/p>\n<p>25 % <\/p>\n<div class=\"producto-siguiente-anterior\">\n<div class=\"producto-anterior\"><\/div><\/div>\n","protected":false},"excerpt":{"rendered":"<p>Comprar Helado de Galletas de Marihuana en venta online. Chem Willie es un H\u00edbrido Sativa Dominante &#8211; 70% Sativa y 30% Indica. Indica THC: 15 %<\/p>\n","protected":false},"featured_media":4941,"comment_status":"open","ping_status":"closed","template":"","meta":[],"product_brand":[],"product_cat":[778],"product_tag":[803,804,808,806,805,810,809,807],"class_list":{"0":"post-4928","1":"product","2":"type-product","3":"status-publish","4":"has-post-thumbnail","6":"product_cat-hierba-para-la-venta","7":"product_tag-cookies-gelato-42","8":"product_tag-cookies-gelato-41","9":"product_tag-helado-galletas-y-nata","10":"product_tag-cookies-gelato-grow-diary","11":"product_tag-galletas-gelato-tiempo-de-floracion","12":"product_tag-gelato-cookies-strain-wikileaf","13":"product_tag-gelato-cookies-cepa-allbud","14":"product_tag-galletas-helado-rendimiento","16":"first","17":"instock","18":"shipping-taxable","19":"purchasable","20":"product-type-variable","21":"has-default-attributes"},"yoast_head":"<!-- This site is optimized with the Yoast SEO plugin v27.3 - https:\/\/yoast.com\/product\/yoast-seo-wordpress\/ -->\n<title>Comprar Cookies Gelato - Cookies Gelato a la venta - Best Best Global Meds<\/title>\n<meta name=\"description\" content=\"Comprar Cookies Gelato Marihuana en venta Online. Chem willie es Sativa Dominant Hybrid \u2013 70% Sativa \/ 30% Indica THC: 15%\" \/>\n<meta name=\"robots\" content=\"index, follow, max-snippet:-1, max-image-preview:large, max-video-preview:-1\" \/>\n<link rel=\"canonical\" href=\"https:\/\/medicinasinc.com\/es\/product\/comprar-galletas-helado\/\" \/>\n<meta property=\"og:locale\" content=\"es_ES\" \/>\n<meta property=\"og:type\" content=\"article\" \/>\n<meta property=\"og:title\" content=\"Comprar Cookies Gelato - Cookies Gelato a la venta - Best Best Global Meds\" \/>\n<meta property=\"og:description\" content=\"Comprar Cookies Gelato Marihuana en venta Online. Chem willie es Sativa Dominant Hybrid \u2013 70% Sativa \/ 30% Indica THC: 15%\" \/>\n<meta property=\"og:url\" content=\"https:\/\/medicinasinc.com\/es\/product\/comprar-galletas-helado\/\" \/>\n<meta property=\"og:site_name\" content=\"Medicinas Inc\" \/>\n<meta property=\"article:modified_time\" content=\"2022-03-22T01:00:24+00:00\" \/>\n<meta property=\"og:image\" content=\"https:\/\/medicinasinc.com\/es\/wp-content\/uploads\/sites\/15\/2022\/02\/Buy-Cookies-Gelato.jpg\" \/>\n\t<meta property=\"og:image:width\" content=\"420\" \/>\n\t<meta property=\"og:image:height\" content=\"630\" \/>\n\t<meta property=\"og:image:type\" content=\"image\/jpeg\" \/>\n<meta name=\"twitter:card\" content=\"summary_large_image\" \/>\n<meta name=\"twitter:label1\" content=\"Tiempo de lectura\" \/>\n\t<meta name=\"twitter:data1\" content=\"2 minutos\" \/>\n<script type=\"application\/ld+json\" class=\"yoast-schema-graph\">{\"@context\":\"https:\\\/\\\/schema.org\",\"@graph\":[{\"@type\":\"WebPage\",\"@id\":\"https:\\\/\\\/medicinasinc.com\\\/es\\\/product\\\/comprar-galletas-helado\\\/\",\"url\":\"https:\\\/\\\/medicinasinc.com\\\/es\\\/product\\\/comprar-galletas-helado\\\/\",\"name\":\"Comprar Cookies Gelato - Cookies Gelato a la venta - Best Best Global Meds\",\"isPartOf\":{\"@id\":\"https:\\\/\\\/medicinasinc.com\\\/es\\\/#website\"},\"primaryImageOfPage\":{\"@id\":\"https:\\\/\\\/medicinasinc.com\\\/es\\\/product\\\/comprar-galletas-helado\\\/#primaryimage\"},\"image\":{\"@id\":\"https:\\\/\\\/medicinasinc.com\\\/es\\\/product\\\/comprar-galletas-helado\\\/#primaryimage\"},\"thumbnailUrl\":\"https:\\\/\\\/medicinasinc.com\\\/es\\\/wp-content\\\/uploads\\\/sites\\\/15\\\/2022\\\/02\\\/Buy-Cookies-Gelato.jpg\",\"datePublished\":\"2022-02-20T17:53:26+00:00\",\"dateModified\":\"2022-03-22T01:00:24+00:00\",\"description\":\"Comprar Cookies Gelato Marihuana en venta Online. Chem willie es Sativa Dominant Hybrid \u2013 70% Sativa \\\/ 30% Indica THC: 15%\",\"breadcrumb\":{\"@id\":\"https:\\\/\\\/medicinasinc.com\\\/es\\\/product\\\/comprar-galletas-helado\\\/#breadcrumb\"},\"inLanguage\":\"es\",\"potentialAction\":[{\"@type\":\"ReadAction\",\"target\":[\"https:\\\/\\\/medicinasinc.com\\\/es\\\/product\\\/comprar-galletas-helado\\\/\"]}]},{\"@type\":\"ImageObject\",\"inLanguage\":\"es\",\"@id\":\"https:\\\/\\\/medicinasinc.com\\\/es\\\/product\\\/comprar-galletas-helado\\\/#primaryimage\",\"url\":\"https:\\\/\\\/medicinasinc.com\\\/es\\\/wp-content\\\/uploads\\\/sites\\\/15\\\/2022\\\/02\\\/Buy-Cookies-Gelato.jpg\",\"contentUrl\":\"https:\\\/\\\/medicinasinc.com\\\/es\\\/wp-content\\\/uploads\\\/sites\\\/15\\\/2022\\\/02\\\/Buy-Cookies-Gelato.jpg\",\"width\":420,\"height\":630},{\"@type\":\"BreadcrumbList\",\"@id\":\"https:\\\/\\\/medicinasinc.com\\\/es\\\/product\\\/comprar-galletas-helado\\\/#breadcrumb\",\"itemListElement\":[{\"@type\":\"ListItem\",\"position\":1,\"name\":\"Tienda\",\"item\":\"https:\\\/\\\/medicinasinc.com\\\/es\\\/tienda\\\/\"},{\"@type\":\"ListItem\",\"position\":2,\"name\":\"Comprar Galletas Gelato\"}]},{\"@type\":\"WebSite\",\"@id\":\"https:\\\/\\\/medicinasinc.com\\\/es\\\/#website\",\"url\":\"https:\\\/\\\/medicinasinc.com\\\/es\\\/\",\"name\":\"Medicinas Inc\",\"description\":\"Cl\u00ednica M\u00e9dica de Salud\",\"potentialAction\":[{\"@type\":\"SearchAction\",\"target\":{\"@type\":\"EntryPoint\",\"urlTemplate\":\"https:\\\/\\\/medicinasinc.com\\\/es\\\/?s={search_term_string}\"},\"query-input\":{\"@type\":\"PropertyValueSpecification\",\"valueRequired\":true,\"valueName\":\"search_term_string\"}}],\"inLanguage\":\"es\"}]}<\/script>\n<!-- \/ Yoast SEO plugin. -->","yoast_head_json":{"title":"Comprar Cookies Gelato - Cookies Gelato a la venta - Best Best Global Meds","description":"Comprar Cookies Gelato Marihuana en venta Online. Chem willie es Sativa Dominant Hybrid \u2013 70% Sativa \/ 30% Indica THC: 15%","robots":{"index":"index","follow":"follow","max-snippet":"max-snippet:-1","max-image-preview":"max-image-preview:large","max-video-preview":"max-video-preview:-1"},"canonical":"https:\/\/medicinasinc.com\/es\/product\/comprar-galletas-helado\/","og_locale":"es_ES","og_type":"article","og_title":"Comprar Cookies Gelato - Cookies Gelato a la venta - Best Best Global Meds","og_description":"Comprar Cookies Gelato Marihuana en venta Online. Chem willie es Sativa Dominant Hybrid \u2013 70% Sativa \/ 30% Indica THC: 15%","og_url":"https:\/\/medicinasinc.com\/es\/product\/comprar-galletas-helado\/","og_site_name":"Medicinas Inc","article_modified_time":"2022-03-22T01:00:24+00:00","og_image":[{"width":420,"height":630,"url":"https:\/\/medicinasinc.com\/es\/wp-content\/uploads\/sites\/15\/2022\/02\/Buy-Cookies-Gelato.jpg","type":"image\/jpeg"}],"twitter_card":"summary_large_image","twitter_misc":{"Tiempo de lectura":"2 minutos"},"schema":{"@context":"https:\/\/schema.org","@graph":[{"@type":"WebPage","@id":"https:\/\/medicinasinc.com\/es\/product\/comprar-galletas-helado\/","url":"https:\/\/medicinasinc.com\/es\/product\/comprar-galletas-helado\/","name":"Comprar Cookies Gelato - Cookies Gelato a la venta - Best Best Global Meds","isPartOf":{"@id":"https:\/\/medicinasinc.com\/es\/#website"},"primaryImageOfPage":{"@id":"https:\/\/medicinasinc.com\/es\/product\/comprar-galletas-helado\/#primaryimage"},"image":{"@id":"https:\/\/medicinasinc.com\/es\/product\/comprar-galletas-helado\/#primaryimage"},"thumbnailUrl":"https:\/\/medicinasinc.com\/es\/wp-content\/uploads\/sites\/15\/2022\/02\/Buy-Cookies-Gelato.jpg","datePublished":"2022-02-20T17:53:26+00:00","dateModified":"2022-03-22T01:00:24+00:00","description":"Comprar Cookies Gelato Marihuana en venta Online. Chem willie es Sativa Dominant Hybrid \u2013 70% Sativa \/ 30% Indica THC: 15%","breadcrumb":{"@id":"https:\/\/medicinasinc.com\/es\/product\/comprar-galletas-helado\/#breadcrumb"},"inLanguage":"es","potentialAction":[{"@type":"ReadAction","target":["https:\/\/medicinasinc.com\/es\/product\/comprar-galletas-helado\/"]}]},{"@type":"ImageObject","inLanguage":"es","@id":"https:\/\/medicinasinc.com\/es\/product\/comprar-galletas-helado\/#primaryimage","url":"https:\/\/medicinasinc.com\/es\/wp-content\/uploads\/sites\/15\/2022\/02\/Buy-Cookies-Gelato.jpg","contentUrl":"https:\/\/medicinasinc.com\/es\/wp-content\/uploads\/sites\/15\/2022\/02\/Buy-Cookies-Gelato.jpg","width":420,"height":630},{"@type":"BreadcrumbList","@id":"https:\/\/medicinasinc.com\/es\/product\/comprar-galletas-helado\/#breadcrumb","itemListElement":[{"@type":"ListItem","position":1,"name":"Tienda","item":"https:\/\/medicinasinc.com\/es\/tienda\/"},{"@type":"ListItem","position":2,"name":"Comprar Galletas Gelato"}]},{"@type":"WebSite","@id":"https:\/\/medicinasinc.com\/es\/#website","url":"https:\/\/medicinasinc.com\/es\/","name":"Medicinas Inc","description":"Cl\u00ednica M\u00e9dica de Salud","potentialAction":[{"@type":"SearchAction","target":{"@type":"EntryPoint","urlTemplate":"https:\/\/medicinasinc.com\/es\/?s={search_term_string}"},"query-input":{"@type":"PropertyValueSpecification","valueRequired":true,"valueName":"search_term_string"}}],"inLanguage":"es"}]}},"_links":{"self":[{"href":"https:\/\/medicinasinc.com\/es\/wp-json\/wp\/v2\/product\/4928","targetHints":{"allow":["GET"]}}],"collection":[{"href":"https:\/\/medicinasinc.com\/es\/wp-json\/wp\/v2\/product"}],"about":[{"href":"https:\/\/medicinasinc.com\/es\/wp-json\/wp\/v2\/types\/product"}],"replies":[{"embeddable":true,"href":"https:\/\/medicinasinc.com\/es\/wp-json\/wp\/v2\/comments?post=4928"}],"wp:featuredmedia":[{"embeddable":true,"href":"https:\/\/medicinasinc.com\/es\/wp-json\/wp\/v2\/media\/4941"}],"wp:attachment":[{"href":"https:\/\/medicinasinc.com\/es\/wp-json\/wp\/v2\/media?parent=4928"}],"wp:term":[{"taxonomy":"product_brand","embeddable":true,"href":"https:\/\/medicinasinc.com\/es\/wp-json\/wp\/v2\/product_brand?post=4928"},{"taxonomy":"product_cat","embeddable":true,"href":"https:\/\/medicinasinc.com\/es\/wp-json\/wp\/v2\/product_cat?post=4928"},{"taxonomy":"product_tag","embeddable":true,"href":"https:\/\/medicinasinc.com\/es\/wp-json\/wp\/v2\/product_tag?post=4928"}],"curies":[{"name":"wp","href":"https:\/\/api.w.org\/{rel}","templated":true}]}}