{"id":4927,"date":"2022-02-20T17:52:26","date_gmt":"2022-02-20T17:52:26","guid":{"rendered":"https:\/\/medicinasinc.com\/es\/?post_type=product&#038;p=4927"},"modified":"2022-03-22T01:00:33","modified_gmt":"2022-03-22T01:00:33","slug":"comprar-hulkberry-marihuana","status":"publish","type":"product","link":"https:\/\/medicinasinc.com\/es\/product\/comprar-hulkberry-marihuana\/","title":{"rendered":"Comprar marihuana HulkBerry"},"content":{"rendered":"<p>Compra en l\u00ednea de HulkBerry 27 por ciento de THC Weed<\/p>\n<p>HulkBerry es una cepa 65 por ciento Sativa dominante derivada de un cruce entre Strawberry Diesel y OG Kush. Con un enorme contenido de THC del 27%, esta variedad es muy recomendable para fumadores experimentados; los novicios pueden perderse en sus propias mentes. El dominio Sativa mantiene el subid\u00f3n centrado por completo en el cerebro, dej\u00e1ndote con una sensaci\u00f3n de claridad y energ\u00eda, mientras que los cogollos recubiertos de resina y los aromas afrutados mantienen tu nariz y papilas gustativas ocupadas.<\/p>\n<p>A pesar de la potencia de la cepa, un est\u00e1ndar El ciclo de luz 12-12 producir\u00e1 cogollos h\u00famedos en 9-10 semanas. HulkBerry es un entusiasta de SOG o ScrOG.<\/p>\n<div class=\"product-next-previous\">\n<div class=\"product-prev\"><\/div><\/div>\n","protected":false},"excerpt":{"rendered":"<p>Comprar marihuana HulkBerry Kush online. HulkBerry Kush es una variedad predominantemente sativa. H\u00edbrido Dominante \u2013 70% Sativa \/ 30% Indica Contenido de THC indica: 21% \u2013 25%<\/p>\n","protected":false},"featured_media":4939,"comment_status":"open","ping_status":"closed","template":"","meta":[],"product_brand":[],"product_cat":[778],"product_tag":[801,796,800,795,798,797,802,799],"class_list":{"0":"post-4927","1":"product","2":"type-product","3":"status-publish","4":"has-post-thumbnail","6":"product_cat-hierba-para-la-venta","7":"product_tag-hulkberry-cepa-cerca-de-m","8":"product_tag-hulkberry-grow-diary","9":"product_tag-hulkberry-strain-effects","10":"product_tag-hulkberry-automtico","11":"product_tag-hulkberry-cultivo-al-aire-libre","12":"product_tag-hulkberry-hojas","13":"product_tag-hulkberry-strain-review","14":"product_tag-revisinn-de-hulkberry","16":"first","17":"instock","18":"shipping-taxable","19":"purchasable","20":"product-type-variable","21":"has-default-attributes"},"yoast_head":"<!-- This site is optimized with the Yoast SEO plugin v27.3 - https:\/\/yoast.com\/product\/yoast-seo-wordpress\/ -->\n<title>Comprar marihuana HulkBerry Kush - Best Best Global Meds<\/title>\n<meta name=\"description\" content=\"Comprar Marihuana HulkBerry Kush en venta Online. HulkBerry Kush es un H\u00edbrido Sativa Dominante \u2013 70% Sativa \/ 30% Indica THC: 21% \u2013 25%\" \/>\n<meta name=\"robots\" content=\"index, follow, max-snippet:-1, max-image-preview:large, max-video-preview:-1\" \/>\n<link rel=\"canonical\" href=\"https:\/\/medicinasinc.com\/es\/product\/comprar-hulkberry-marihuana\/\" \/>\n<meta property=\"og:locale\" content=\"es_ES\" \/>\n<meta property=\"og:type\" content=\"article\" \/>\n<meta property=\"og:title\" content=\"Comprar marihuana HulkBerry Kush - Best Best Global Meds\" \/>\n<meta property=\"og:description\" content=\"Comprar Marihuana HulkBerry Kush en venta Online. HulkBerry Kush es un H\u00edbrido Sativa Dominante \u2013 70% Sativa \/ 30% Indica THC: 21% \u2013 25%\" \/>\n<meta property=\"og:url\" content=\"https:\/\/medicinasinc.com\/es\/product\/comprar-hulkberry-marihuana\/\" \/>\n<meta property=\"og:site_name\" content=\"Medicinas Inc\" \/>\n<meta property=\"article:modified_time\" content=\"2022-03-22T01:00:33+00:00\" \/>\n<meta property=\"og:image\" content=\"https:\/\/medicinasinc.com\/es\/wp-content\/uploads\/sites\/15\/2022\/02\/Buy-HulkBerry-Marijuana.jpg\" \/>\n\t<meta property=\"og:image:width\" content=\"2560\" \/>\n\t<meta property=\"og:image:height\" content=\"1920\" \/>\n\t<meta property=\"og:image:type\" content=\"image\/jpeg\" \/>\n<meta name=\"twitter:card\" content=\"summary_large_image\" \/>\n<meta name=\"twitter:label1\" content=\"Tiempo de lectura\" \/>\n\t<meta name=\"twitter:data1\" content=\"1 minuto\" \/>\n<script type=\"application\/ld+json\" class=\"yoast-schema-graph\">{\"@context\":\"https:\\\/\\\/schema.org\",\"@graph\":[{\"@type\":\"WebPage\",\"@id\":\"https:\\\/\\\/medicinasinc.com\\\/es\\\/product\\\/comprar-hulkberry-marihuana\\\/\",\"url\":\"https:\\\/\\\/medicinasinc.com\\\/es\\\/product\\\/comprar-hulkberry-marihuana\\\/\",\"name\":\"Comprar marihuana HulkBerry Kush - Best Best Global Meds\",\"isPartOf\":{\"@id\":\"https:\\\/\\\/medicinasinc.com\\\/es\\\/#website\"},\"primaryImageOfPage\":{\"@id\":\"https:\\\/\\\/medicinasinc.com\\\/es\\\/product\\\/comprar-hulkberry-marihuana\\\/#primaryimage\"},\"image\":{\"@id\":\"https:\\\/\\\/medicinasinc.com\\\/es\\\/product\\\/comprar-hulkberry-marihuana\\\/#primaryimage\"},\"thumbnailUrl\":\"https:\\\/\\\/medicinasinc.com\\\/es\\\/wp-content\\\/uploads\\\/sites\\\/15\\\/2022\\\/02\\\/Buy-HulkBerry-Marijuana.jpg\",\"datePublished\":\"2022-02-20T17:52:26+00:00\",\"dateModified\":\"2022-03-22T01:00:33+00:00\",\"description\":\"Comprar Marihuana HulkBerry Kush en venta Online. HulkBerry Kush es un H\u00edbrido Sativa Dominante \u2013 70% Sativa \\\/ 30% Indica THC: 21% \u2013 25%\",\"breadcrumb\":{\"@id\":\"https:\\\/\\\/medicinasinc.com\\\/es\\\/product\\\/comprar-hulkberry-marihuana\\\/#breadcrumb\"},\"inLanguage\":\"es\",\"potentialAction\":[{\"@type\":\"ReadAction\",\"target\":[\"https:\\\/\\\/medicinasinc.com\\\/es\\\/product\\\/comprar-hulkberry-marihuana\\\/\"]}]},{\"@type\":\"ImageObject\",\"inLanguage\":\"es\",\"@id\":\"https:\\\/\\\/medicinasinc.com\\\/es\\\/product\\\/comprar-hulkberry-marihuana\\\/#primaryimage\",\"url\":\"https:\\\/\\\/medicinasinc.com\\\/es\\\/wp-content\\\/uploads\\\/sites\\\/15\\\/2022\\\/02\\\/Buy-HulkBerry-Marijuana.jpg\",\"contentUrl\":\"https:\\\/\\\/medicinasinc.com\\\/es\\\/wp-content\\\/uploads\\\/sites\\\/15\\\/2022\\\/02\\\/Buy-HulkBerry-Marijuana.jpg\",\"width\":2560,\"height\":1920},{\"@type\":\"BreadcrumbList\",\"@id\":\"https:\\\/\\\/medicinasinc.com\\\/es\\\/product\\\/comprar-hulkberry-marihuana\\\/#breadcrumb\",\"itemListElement\":[{\"@type\":\"ListItem\",\"position\":1,\"name\":\"Tienda\",\"item\":\"https:\\\/\\\/medicinasinc.com\\\/es\\\/tienda\\\/\"},{\"@type\":\"ListItem\",\"position\":2,\"name\":\"Comprar marihuana HulkBerry\"}]},{\"@type\":\"WebSite\",\"@id\":\"https:\\\/\\\/medicinasinc.com\\\/es\\\/#website\",\"url\":\"https:\\\/\\\/medicinasinc.com\\\/es\\\/\",\"name\":\"Medicinas Inc\",\"description\":\"Cl\u00ednica M\u00e9dica de Salud\",\"potentialAction\":[{\"@type\":\"SearchAction\",\"target\":{\"@type\":\"EntryPoint\",\"urlTemplate\":\"https:\\\/\\\/medicinasinc.com\\\/es\\\/?s={search_term_string}\"},\"query-input\":{\"@type\":\"PropertyValueSpecification\",\"valueRequired\":true,\"valueName\":\"search_term_string\"}}],\"inLanguage\":\"es\"}]}<\/script>\n<!-- \/ Yoast SEO plugin. -->","yoast_head_json":{"title":"Comprar marihuana HulkBerry Kush - Best Best Global Meds","description":"Comprar Marihuana HulkBerry Kush en venta Online. HulkBerry Kush es un H\u00edbrido Sativa Dominante \u2013 70% Sativa \/ 30% Indica THC: 21% \u2013 25%","robots":{"index":"index","follow":"follow","max-snippet":"max-snippet:-1","max-image-preview":"max-image-preview:large","max-video-preview":"max-video-preview:-1"},"canonical":"https:\/\/medicinasinc.com\/es\/product\/comprar-hulkberry-marihuana\/","og_locale":"es_ES","og_type":"article","og_title":"Comprar marihuana HulkBerry Kush - Best Best Global Meds","og_description":"Comprar Marihuana HulkBerry Kush en venta Online. HulkBerry Kush es un H\u00edbrido Sativa Dominante \u2013 70% Sativa \/ 30% Indica THC: 21% \u2013 25%","og_url":"https:\/\/medicinasinc.com\/es\/product\/comprar-hulkberry-marihuana\/","og_site_name":"Medicinas Inc","article_modified_time":"2022-03-22T01:00:33+00:00","og_image":[{"width":2560,"height":1920,"url":"https:\/\/medicinasinc.com\/es\/wp-content\/uploads\/sites\/15\/2022\/02\/Buy-HulkBerry-Marijuana.jpg","type":"image\/jpeg"}],"twitter_card":"summary_large_image","twitter_misc":{"Tiempo de lectura":"1 minuto"},"schema":{"@context":"https:\/\/schema.org","@graph":[{"@type":"WebPage","@id":"https:\/\/medicinasinc.com\/es\/product\/comprar-hulkberry-marihuana\/","url":"https:\/\/medicinasinc.com\/es\/product\/comprar-hulkberry-marihuana\/","name":"Comprar marihuana HulkBerry Kush - Best Best Global Meds","isPartOf":{"@id":"https:\/\/medicinasinc.com\/es\/#website"},"primaryImageOfPage":{"@id":"https:\/\/medicinasinc.com\/es\/product\/comprar-hulkberry-marihuana\/#primaryimage"},"image":{"@id":"https:\/\/medicinasinc.com\/es\/product\/comprar-hulkberry-marihuana\/#primaryimage"},"thumbnailUrl":"https:\/\/medicinasinc.com\/es\/wp-content\/uploads\/sites\/15\/2022\/02\/Buy-HulkBerry-Marijuana.jpg","datePublished":"2022-02-20T17:52:26+00:00","dateModified":"2022-03-22T01:00:33+00:00","description":"Comprar Marihuana HulkBerry Kush en venta Online. HulkBerry Kush es un H\u00edbrido Sativa Dominante \u2013 70% Sativa \/ 30% Indica THC: 21% \u2013 25%","breadcrumb":{"@id":"https:\/\/medicinasinc.com\/es\/product\/comprar-hulkberry-marihuana\/#breadcrumb"},"inLanguage":"es","potentialAction":[{"@type":"ReadAction","target":["https:\/\/medicinasinc.com\/es\/product\/comprar-hulkberry-marihuana\/"]}]},{"@type":"ImageObject","inLanguage":"es","@id":"https:\/\/medicinasinc.com\/es\/product\/comprar-hulkberry-marihuana\/#primaryimage","url":"https:\/\/medicinasinc.com\/es\/wp-content\/uploads\/sites\/15\/2022\/02\/Buy-HulkBerry-Marijuana.jpg","contentUrl":"https:\/\/medicinasinc.com\/es\/wp-content\/uploads\/sites\/15\/2022\/02\/Buy-HulkBerry-Marijuana.jpg","width":2560,"height":1920},{"@type":"BreadcrumbList","@id":"https:\/\/medicinasinc.com\/es\/product\/comprar-hulkberry-marihuana\/#breadcrumb","itemListElement":[{"@type":"ListItem","position":1,"name":"Tienda","item":"https:\/\/medicinasinc.com\/es\/tienda\/"},{"@type":"ListItem","position":2,"name":"Comprar marihuana HulkBerry"}]},{"@type":"WebSite","@id":"https:\/\/medicinasinc.com\/es\/#website","url":"https:\/\/medicinasinc.com\/es\/","name":"Medicinas Inc","description":"Cl\u00ednica M\u00e9dica de Salud","potentialAction":[{"@type":"SearchAction","target":{"@type":"EntryPoint","urlTemplate":"https:\/\/medicinasinc.com\/es\/?s={search_term_string}"},"query-input":{"@type":"PropertyValueSpecification","valueRequired":true,"valueName":"search_term_string"}}],"inLanguage":"es"}]}},"_links":{"self":[{"href":"https:\/\/medicinasinc.com\/es\/wp-json\/wp\/v2\/product\/4927","targetHints":{"allow":["GET"]}}],"collection":[{"href":"https:\/\/medicinasinc.com\/es\/wp-json\/wp\/v2\/product"}],"about":[{"href":"https:\/\/medicinasinc.com\/es\/wp-json\/wp\/v2\/types\/product"}],"replies":[{"embeddable":true,"href":"https:\/\/medicinasinc.com\/es\/wp-json\/wp\/v2\/comments?post=4927"}],"wp:featuredmedia":[{"embeddable":true,"href":"https:\/\/medicinasinc.com\/es\/wp-json\/wp\/v2\/media\/4939"}],"wp:attachment":[{"href":"https:\/\/medicinasinc.com\/es\/wp-json\/wp\/v2\/media?parent=4927"}],"wp:term":[{"taxonomy":"product_brand","embeddable":true,"href":"https:\/\/medicinasinc.com\/es\/wp-json\/wp\/v2\/product_brand?post=4927"},{"taxonomy":"product_cat","embeddable":true,"href":"https:\/\/medicinasinc.com\/es\/wp-json\/wp\/v2\/product_cat?post=4927"},{"taxonomy":"product_tag","embeddable":true,"href":"https:\/\/medicinasinc.com\/es\/wp-json\/wp\/v2\/product_tag?post=4927"}],"curies":[{"name":"wp","href":"https:\/\/api.w.org\/{rel}","templated":true}]}}