{"id":4908,"date":"2022-02-20T17:37:57","date_gmt":"2022-02-20T17:37:57","guid":{"rendered":"https:\/\/medicinasinc.com\/es\/?post_type=product&#038;p=4908"},"modified":"2022-03-22T01:01:03","modified_gmt":"2022-03-22T01:01:03","slug":"comprar-cepa-triple-g","status":"publish","type":"product","link":"https:\/\/medicinasinc.com\/es\/product\/comprar-cepa-triple-g\/","title":{"rendered":"Comprar cepa Triple G"},"content":{"rendered":"<p>Acerca de esta variedad h\u00edbrida<\/p>\n<p>Triple G, tambi\u00e9n conocida como Ghost OG, produce cogollos que son fragantes, tropicales, pero ligeramente skunk, con matices frescos y terrosos. Debido a su dominancia \u00edndica, algunos cogollos pueden exhibir tonos morados profundos y tentadores. Cuando se fuma o se vaporiza, el sabor se inclina hacia un sabor dulce pero parecido a la lima.<\/p>\n<p>Los niveles de THC suelen oscilar entre bajos y mediados de los veinte, y muchos revisores elogian el potencial de esta cepa para aliviar el dolor asociado con una variedad de condiciones y s\u00edntomas, incluyendo molestias en la columna.<\/p>\n<p>Adem\u00e1s, los fan\u00e1ticos de Triple G han declarado que es una variedad excelente para calmar los nervios, aliviar el estr\u00e9s psicol\u00f3gico y permitir que la mente descanse de la avalancha de pensamientos que mantenernos despiertos por la noche.<\/p>\n<p>Esta variedad \u00edndica dominante puede inducir el hambre o la sedaci\u00f3n, as\u00ed que tenga a mano algunos refrigerios saludables y un lugar c\u00f3modo para descansar o dormir cerca.<\/p>\n<p>Comprar Blue Dream Sativa AA con env\u00edo gratuito a cualquier lugar de CEurope. BudStars es la tienda de marihuana en l\u00ednea n\u00famero 1 del mundo. Recibe importantes descuentos en tu compra inicial.<\/p>\n<p>La variedad Blue Dream Sativa se puede comprar en l\u00ednea.<\/p>\n<p>Puedes comprar marihuana en l\u00ednea con o sin una tarjeta de marihuana medicinal. Marihuana por correo.<\/p>\n","protected":false},"excerpt":{"rendered":"<p>Comprar La variedad Triple G a la venta es un h\u00edbrido y un cruce entre dos variedades legendarias en la comunidad cann\u00e1bica: Gorilla Glue y Gelato.<\/p>\n<table>\n<caption>Cannabinoid Lab Data<\/caption>\n<thead>\n<tr>\n<th>Cannabinoide<\/th>\n<th>Cantidad<\/th>\n<\/tr>\n<\/thead>\n<tbody>\n<tr>\n<td>THC:<\/td>\n<td>21,69 %<\/td>\n<\/tr>\n<tr>\n<td>\u03949-THC:<\/td>\n<td>1,04 %<\/td>\n<\/tr>\n<tr>\n<td>THC-A:<\/td>\n<td>23,54 % <\/td>\n<\/tr>\n<\/tbody>\n<\/table>\n<p>&nbsp;<\/p>\n<table>\n<caption>Datos de laboratorio de terpenos<\/caption>\n<thead>\n<tr>\n<th>Terpeno<\/th>\n<th>Cantidad<\/th>\n<\/tr>\n<\/thead>\n<tbody>\n<tr>\n<td>Limonene:<\/td>\n<td>0.68%<\/td>\n<\/tr>\n<tr>\n<td>Beta cariofileno:<\/td>\n<td>0,27 %<\/td>\n<\/tr>\n<tr>\n<td>Beta mirceno:<\/td>\n<td>0,22 %<\/td>\n<\/tr>\n","protected":false},"featured_media":4922,"comment_status":"open","ping_status":"closed","template":"","meta":[],"product_brand":[],"product_cat":[778],"product_tag":[791,793,790,787,789,794,792,788],"class_list":{"0":"post-4908","1":"product","2":"type-product","3":"status-publish","4":"has-post-thumbnail","6":"product_cat-hierba-para-la-venta","7":"product_tag-triple-g-cepa-allbud","8":"product_tag-triple-g-cepa-hojas","9":"product_tag-triple-g-grow-diary","10":"product_tag-ggg-strain","11":"product_tag-la-patron-cepa-hojas","12":"product_tag-cepa-triple-g-cerca-de-m","13":"product_tag-triple-g-cepa-tiempo-de-floracion","14":"product_tag-variedad-hulkberry","16":"first","17":"instock","18":"shipping-taxable","19":"purchasable","20":"product-type-variable","21":"has-default-attributes"},"yoast_head":"<!-- This site is optimized with the Yoast SEO plugin v27.3 - https:\/\/yoast.com\/product\/yoast-seo-wordpress\/ -->\n<title>Comprar Triple G Strain - Best Best Global Meds<\/title>\n<meta name=\"description\" content=\"Comprar La cepa Triple G a la venta es un h\u00edbrido y un cruce entre dos poderosas cepas que se han convertido en nombres familiares en la comunidad cann\u00e1bica: Gorilla Glue y Gelato.\" \/>\n<meta name=\"robots\" content=\"index, follow, max-snippet:-1, max-image-preview:large, max-video-preview:-1\" \/>\n<link rel=\"canonical\" href=\"https:\/\/medicinasinc.com\/es\/product\/comprar-cepa-triple-g\/\" \/>\n<meta property=\"og:locale\" content=\"es_ES\" \/>\n<meta property=\"og:type\" content=\"article\" \/>\n<meta property=\"og:title\" content=\"Comprar Triple G Strain - Best Best Global Meds\" \/>\n<meta property=\"og:description\" content=\"Comprar La cepa Triple G a la venta es un h\u00edbrido y un cruce entre dos poderosas cepas que se han convertido en nombres familiares en la comunidad cann\u00e1bica: Gorilla Glue y Gelato.\" \/>\n<meta property=\"og:url\" content=\"https:\/\/medicinasinc.com\/es\/product\/comprar-cepa-triple-g\/\" \/>\n<meta property=\"og:site_name\" content=\"Medicinas Inc\" \/>\n<meta property=\"article:modified_time\" content=\"2022-03-22T01:01:03+00:00\" \/>\n<meta property=\"og:image\" content=\"https:\/\/medicinasinc.com\/es\/wp-content\/uploads\/sites\/15\/2022\/02\/Buy-Triple-G-Strain-1.jpg\" \/>\n\t<meta property=\"og:image:width\" content=\"800\" \/>\n\t<meta property=\"og:image:height\" content=\"800\" \/>\n\t<meta property=\"og:image:type\" content=\"image\/jpeg\" \/>\n<meta name=\"twitter:card\" content=\"summary_large_image\" \/>\n<meta name=\"twitter:label1\" content=\"Tiempo de lectura\" \/>\n\t<meta name=\"twitter:data1\" content=\"1 minuto\" \/>\n<script type=\"application\/ld+json\" class=\"yoast-schema-graph\">{\"@context\":\"https:\\\/\\\/schema.org\",\"@graph\":[{\"@type\":\"WebPage\",\"@id\":\"https:\\\/\\\/medicinasinc.com\\\/es\\\/product\\\/comprar-cepa-triple-g\\\/\",\"url\":\"https:\\\/\\\/medicinasinc.com\\\/es\\\/product\\\/comprar-cepa-triple-g\\\/\",\"name\":\"Comprar Triple G Strain - Best Best Global Meds\",\"isPartOf\":{\"@id\":\"https:\\\/\\\/medicinasinc.com\\\/es\\\/#website\"},\"primaryImageOfPage\":{\"@id\":\"https:\\\/\\\/medicinasinc.com\\\/es\\\/product\\\/comprar-cepa-triple-g\\\/#primaryimage\"},\"image\":{\"@id\":\"https:\\\/\\\/medicinasinc.com\\\/es\\\/product\\\/comprar-cepa-triple-g\\\/#primaryimage\"},\"thumbnailUrl\":\"https:\\\/\\\/medicinasinc.com\\\/es\\\/wp-content\\\/uploads\\\/sites\\\/15\\\/2022\\\/02\\\/Buy-Triple-G-Strain-1.jpg\",\"datePublished\":\"2022-02-20T17:37:57+00:00\",\"dateModified\":\"2022-03-22T01:01:03+00:00\",\"description\":\"Comprar La cepa Triple G a la venta es un h\u00edbrido y un cruce entre dos poderosas cepas que se han convertido en nombres familiares en la comunidad cann\u00e1bica: Gorilla Glue y Gelato.\",\"breadcrumb\":{\"@id\":\"https:\\\/\\\/medicinasinc.com\\\/es\\\/product\\\/comprar-cepa-triple-g\\\/#breadcrumb\"},\"inLanguage\":\"es\",\"potentialAction\":[{\"@type\":\"ReadAction\",\"target\":[\"https:\\\/\\\/medicinasinc.com\\\/es\\\/product\\\/comprar-cepa-triple-g\\\/\"]}]},{\"@type\":\"ImageObject\",\"inLanguage\":\"es\",\"@id\":\"https:\\\/\\\/medicinasinc.com\\\/es\\\/product\\\/comprar-cepa-triple-g\\\/#primaryimage\",\"url\":\"https:\\\/\\\/medicinasinc.com\\\/es\\\/wp-content\\\/uploads\\\/sites\\\/15\\\/2022\\\/02\\\/Buy-Triple-G-Strain-1.jpg\",\"contentUrl\":\"https:\\\/\\\/medicinasinc.com\\\/es\\\/wp-content\\\/uploads\\\/sites\\\/15\\\/2022\\\/02\\\/Buy-Triple-G-Strain-1.jpg\",\"width\":800,\"height\":800},{\"@type\":\"BreadcrumbList\",\"@id\":\"https:\\\/\\\/medicinasinc.com\\\/es\\\/product\\\/comprar-cepa-triple-g\\\/#breadcrumb\",\"itemListElement\":[{\"@type\":\"ListItem\",\"position\":1,\"name\":\"Tienda\",\"item\":\"https:\\\/\\\/medicinasinc.com\\\/es\\\/tienda\\\/\"},{\"@type\":\"ListItem\",\"position\":2,\"name\":\"Comprar cepa Triple G\"}]},{\"@type\":\"WebSite\",\"@id\":\"https:\\\/\\\/medicinasinc.com\\\/es\\\/#website\",\"url\":\"https:\\\/\\\/medicinasinc.com\\\/es\\\/\",\"name\":\"Medicinas Inc\",\"description\":\"Cl\u00ednica M\u00e9dica de Salud\",\"potentialAction\":[{\"@type\":\"SearchAction\",\"target\":{\"@type\":\"EntryPoint\",\"urlTemplate\":\"https:\\\/\\\/medicinasinc.com\\\/es\\\/?s={search_term_string}\"},\"query-input\":{\"@type\":\"PropertyValueSpecification\",\"valueRequired\":true,\"valueName\":\"search_term_string\"}}],\"inLanguage\":\"es\"}]}<\/script>\n<!-- \/ Yoast SEO plugin. -->","yoast_head_json":{"title":"Comprar Triple G Strain - Best Best Global Meds","description":"Comprar La cepa Triple G a la venta es un h\u00edbrido y un cruce entre dos poderosas cepas que se han convertido en nombres familiares en la comunidad cann\u00e1bica: Gorilla Glue y Gelato.","robots":{"index":"index","follow":"follow","max-snippet":"max-snippet:-1","max-image-preview":"max-image-preview:large","max-video-preview":"max-video-preview:-1"},"canonical":"https:\/\/medicinasinc.com\/es\/product\/comprar-cepa-triple-g\/","og_locale":"es_ES","og_type":"article","og_title":"Comprar Triple G Strain - Best Best Global Meds","og_description":"Comprar La cepa Triple G a la venta es un h\u00edbrido y un cruce entre dos poderosas cepas que se han convertido en nombres familiares en la comunidad cann\u00e1bica: Gorilla Glue y Gelato.","og_url":"https:\/\/medicinasinc.com\/es\/product\/comprar-cepa-triple-g\/","og_site_name":"Medicinas Inc","article_modified_time":"2022-03-22T01:01:03+00:00","og_image":[{"width":800,"height":800,"url":"https:\/\/medicinasinc.com\/es\/wp-content\/uploads\/sites\/15\/2022\/02\/Buy-Triple-G-Strain-1.jpg","type":"image\/jpeg"}],"twitter_card":"summary_large_image","twitter_misc":{"Tiempo de lectura":"1 minuto"},"schema":{"@context":"https:\/\/schema.org","@graph":[{"@type":"WebPage","@id":"https:\/\/medicinasinc.com\/es\/product\/comprar-cepa-triple-g\/","url":"https:\/\/medicinasinc.com\/es\/product\/comprar-cepa-triple-g\/","name":"Comprar Triple G Strain - Best Best Global Meds","isPartOf":{"@id":"https:\/\/medicinasinc.com\/es\/#website"},"primaryImageOfPage":{"@id":"https:\/\/medicinasinc.com\/es\/product\/comprar-cepa-triple-g\/#primaryimage"},"image":{"@id":"https:\/\/medicinasinc.com\/es\/product\/comprar-cepa-triple-g\/#primaryimage"},"thumbnailUrl":"https:\/\/medicinasinc.com\/es\/wp-content\/uploads\/sites\/15\/2022\/02\/Buy-Triple-G-Strain-1.jpg","datePublished":"2022-02-20T17:37:57+00:00","dateModified":"2022-03-22T01:01:03+00:00","description":"Comprar La cepa Triple G a la venta es un h\u00edbrido y un cruce entre dos poderosas cepas que se han convertido en nombres familiares en la comunidad cann\u00e1bica: Gorilla Glue y Gelato.","breadcrumb":{"@id":"https:\/\/medicinasinc.com\/es\/product\/comprar-cepa-triple-g\/#breadcrumb"},"inLanguage":"es","potentialAction":[{"@type":"ReadAction","target":["https:\/\/medicinasinc.com\/es\/product\/comprar-cepa-triple-g\/"]}]},{"@type":"ImageObject","inLanguage":"es","@id":"https:\/\/medicinasinc.com\/es\/product\/comprar-cepa-triple-g\/#primaryimage","url":"https:\/\/medicinasinc.com\/es\/wp-content\/uploads\/sites\/15\/2022\/02\/Buy-Triple-G-Strain-1.jpg","contentUrl":"https:\/\/medicinasinc.com\/es\/wp-content\/uploads\/sites\/15\/2022\/02\/Buy-Triple-G-Strain-1.jpg","width":800,"height":800},{"@type":"BreadcrumbList","@id":"https:\/\/medicinasinc.com\/es\/product\/comprar-cepa-triple-g\/#breadcrumb","itemListElement":[{"@type":"ListItem","position":1,"name":"Tienda","item":"https:\/\/medicinasinc.com\/es\/tienda\/"},{"@type":"ListItem","position":2,"name":"Comprar cepa Triple G"}]},{"@type":"WebSite","@id":"https:\/\/medicinasinc.com\/es\/#website","url":"https:\/\/medicinasinc.com\/es\/","name":"Medicinas Inc","description":"Cl\u00ednica M\u00e9dica de Salud","potentialAction":[{"@type":"SearchAction","target":{"@type":"EntryPoint","urlTemplate":"https:\/\/medicinasinc.com\/es\/?s={search_term_string}"},"query-input":{"@type":"PropertyValueSpecification","valueRequired":true,"valueName":"search_term_string"}}],"inLanguage":"es"}]}},"_links":{"self":[{"href":"https:\/\/medicinasinc.com\/es\/wp-json\/wp\/v2\/product\/4908","targetHints":{"allow":["GET"]}}],"collection":[{"href":"https:\/\/medicinasinc.com\/es\/wp-json\/wp\/v2\/product"}],"about":[{"href":"https:\/\/medicinasinc.com\/es\/wp-json\/wp\/v2\/types\/product"}],"replies":[{"embeddable":true,"href":"https:\/\/medicinasinc.com\/es\/wp-json\/wp\/v2\/comments?post=4908"}],"wp:featuredmedia":[{"embeddable":true,"href":"https:\/\/medicinasinc.com\/es\/wp-json\/wp\/v2\/media\/4922"}],"wp:attachment":[{"href":"https:\/\/medicinasinc.com\/es\/wp-json\/wp\/v2\/media?parent=4908"}],"wp:term":[{"taxonomy":"product_brand","embeddable":true,"href":"https:\/\/medicinasinc.com\/es\/wp-json\/wp\/v2\/product_brand?post=4908"},{"taxonomy":"product_cat","embeddable":true,"href":"https:\/\/medicinasinc.com\/es\/wp-json\/wp\/v2\/product_cat?post=4908"},{"taxonomy":"product_tag","embeddable":true,"href":"https:\/\/medicinasinc.com\/es\/wp-json\/wp\/v2\/product_tag?post=4908"}],"curies":[{"name":"wp","href":"https:\/\/api.w.org\/{rel}","templated":true}]}}