{"id":4896,"date":"2022-02-20T17:28:28","date_gmt":"2022-02-20T17:28:28","guid":{"rendered":"https:\/\/medicinasinc.com\/es\/?post_type=product&#038;p=4896"},"modified":"2022-03-22T01:01:12","modified_gmt":"2022-03-22T01:01:12","slug":"comprar-apollo-11-marihuana","status":"publish","type":"product","link":"https:\/\/medicinasinc.com\/es\/product\/comprar-apollo-11-marihuana\/","title":{"rendered":"Comprar marihuana Apolo 11"},"content":{"rendered":"<div class=\"woocommerce-tabs wc-tabs-wrapper\">\n<div id=\"tab-description\" class=\"woocommerce-Tabs-panel woocommerce-Tabs-panel--panel de descripci\u00f3n entrada-contenido wc-tab\" role=\"tabpanel\" aria-labelledby=\"tab-title-description\">\n<p>COMPRAR LA VARIEDAD DE MARIHUANA APOLLO 11<\/p>\n<p>Apollo 11 es una cepa de cannabis h\u00edbrida muy potente con fuertes efectos cerebrales que pueden hacer que tu cabeza se sienta como si est\u00e1 a punto de aterrizar en la luna. La variedad de marihuana Apollo 11 tiene un efecto calmante y una fuerte sensaci\u00f3n de relajaci\u00f3n f\u00edsica. Los cogollos son alargados, de color verde p\u00e1lido y extremadamente resinosos.<\/p>\n<p>\u00bfC\u00d3MO USAR LA VARIEDAD DE MARIHUANA APOLLO 11?<\/p>\n<p>Apollo 11 es adecuada para fumar en un porro, bong, pipa o cazoleta. <\/p>\n<p>Los cannabinoides se absorben en el torrente sangu\u00edneo a medida que el humo ingresa a los pulmones. El deleite de esta tarde es energizante y creativo, y puede ayudarlo a desconectarse de la charla mental y concentrarse en lo que est\u00e1 directamente frente a usted.<\/p>\n<p>\u00bfCU\u00c1LES SON LOS EFECTOS SECUNDARIOS DE LA VARIEDAD DE MARIHUANA APOLLO 11?<\/p>\n<p>Despu\u00e9s de fumar Apollo 11, puede encontrar las siguientes dificultades:<br \/> \u2022 Mareos \u2022 P\u00e9rdida del conocimiento \u2022 Boca seca \u2022 Ojos secos \u2022 P\u00e9rdida del apetito<\/p>\n<p>\u00bfCU\u00c1LES SON LAS INTERACCIONES DE LA CEPA DE MARIHUANA APOLLO 11?<\/p>\n<p>Interacci\u00f3n de enfermedades:<br \/> \u2022 Problemas cardiovasculares<br \/> \u2022 Dificultades sexuales<\/p>\n<p>Las interacciones entre alimentos y medicamentos incluyen lo siguiente: \u2022 Alcohol \u2022 Esteroides<\/p>\n<p>QU\u00c9 \u00bfES EL MEJOR LUGAR PARA COMPRAR LA VARIEDAD DE MARIHUANA APOLLO 11?<\/p>\n<p>Cannabis OTC Provider es la mejor farmacia en l\u00ednea que vende solo productos genuinos y de alta calidad. Puede comprar Apollo 11 Cannabis en l\u00ednea. Compra la cepa Apollo 11 a los mejores precios disponibles aqu\u00ed.<\/p>\n<\/p><\/div><\/div>\n","protected":false},"excerpt":{"rendered":"<div class=\"woocommerce-product-details__short-description\">\n<p>Compra la cepa de marihuana Apollo 11. Esta flor psicoactiva tiene un alto contenido de THC y te pondr\u00e1 de humor para el amor.<\/p>\n<p>Compra 1\/2 onza de la cepa de marihuana Apollo 11. Apollo 11 es una variedad sativa dominante que presenta cogollos largos de color verde brillante que est\u00e1n cubiertos de pelos largos y p\u00e1lidos. Los cogollos son extremadamente resinosos, dando como resultado una sensaci\u00f3n pegajosa en la mano. Cannabis a la venta, donde conseguir marihuana de la misi\u00f3n Apolo 11.<\/p>\n<\/p><\/div>\n","protected":false},"featured_media":4911,"comment_status":"open","ping_status":"closed","template":"","meta":[],"product_brand":[],"product_cat":[778],"product_tag":[],"class_list":{"0":"post-4896","1":"product","2":"type-product","3":"status-publish","4":"has-post-thumbnail","6":"product_cat-hierba-para-la-venta","8":"first","9":"instock","10":"shipping-taxable","11":"purchasable","12":"product-type-variable","13":"has-default-attributes"},"yoast_head":"<!-- This site is optimized with the Yoast SEO plugin v27.3 - https:\/\/yoast.com\/product\/yoast-seo-wordpress\/ -->\n<title>Comprar marihuana Apollo 11 - Best Best Global Meds<\/title>\n<meta name=\"description\" content=\"Comprar Cepa de marihuana Apollo 11 en venta. Con un alto contenido de THC, esta flor psicoactiva te dejar\u00e1 con ganas de amar\" \/>\n<meta name=\"robots\" content=\"index, follow, max-snippet:-1, max-image-preview:large, max-video-preview:-1\" \/>\n<link rel=\"canonical\" href=\"https:\/\/medicinasinc.com\/es\/product\/comprar-apollo-11-marihuana\/\" \/>\n<meta property=\"og:locale\" content=\"es_ES\" \/>\n<meta property=\"og:type\" content=\"article\" \/>\n<meta property=\"og:title\" content=\"Comprar marihuana Apollo 11 - Best Best Global Meds\" \/>\n<meta property=\"og:description\" content=\"Comprar Cepa de marihuana Apollo 11 en venta. Con un alto contenido de THC, esta flor psicoactiva te dejar\u00e1 con ganas de amar\" \/>\n<meta property=\"og:url\" content=\"https:\/\/medicinasinc.com\/es\/product\/comprar-apollo-11-marihuana\/\" \/>\n<meta property=\"og:site_name\" content=\"Medicinas Inc\" \/>\n<meta property=\"article:modified_time\" content=\"2022-03-22T01:01:12+00:00\" \/>\n<meta property=\"og:image\" content=\"https:\/\/medicinasinc.com\/es\/wp-content\/uploads\/sites\/15\/2022\/02\/Buy-Apollo-11-Marijuana-1.jpg\" \/>\n\t<meta property=\"og:image:width\" content=\"243\" \/>\n\t<meta property=\"og:image:height\" content=\"207\" \/>\n\t<meta property=\"og:image:type\" content=\"image\/jpeg\" \/>\n<meta name=\"twitter:card\" content=\"summary_large_image\" \/>\n<meta name=\"twitter:label1\" content=\"Tiempo de lectura\" \/>\n\t<meta name=\"twitter:data1\" content=\"1 minuto\" \/>\n<script type=\"application\/ld+json\" class=\"yoast-schema-graph\">{\"@context\":\"https:\\\/\\\/schema.org\",\"@graph\":[{\"@type\":\"WebPage\",\"@id\":\"https:\\\/\\\/medicinasinc.com\\\/es\\\/product\\\/comprar-apollo-11-marihuana\\\/\",\"url\":\"https:\\\/\\\/medicinasinc.com\\\/es\\\/product\\\/comprar-apollo-11-marihuana\\\/\",\"name\":\"Comprar marihuana Apollo 11 - Best Best Global Meds\",\"isPartOf\":{\"@id\":\"https:\\\/\\\/medicinasinc.com\\\/es\\\/#website\"},\"primaryImageOfPage\":{\"@id\":\"https:\\\/\\\/medicinasinc.com\\\/es\\\/product\\\/comprar-apollo-11-marihuana\\\/#primaryimage\"},\"image\":{\"@id\":\"https:\\\/\\\/medicinasinc.com\\\/es\\\/product\\\/comprar-apollo-11-marihuana\\\/#primaryimage\"},\"thumbnailUrl\":\"https:\\\/\\\/medicinasinc.com\\\/es\\\/wp-content\\\/uploads\\\/sites\\\/15\\\/2022\\\/02\\\/Buy-Apollo-11-Marijuana-1.jpg\",\"datePublished\":\"2022-02-20T17:28:28+00:00\",\"dateModified\":\"2022-03-22T01:01:12+00:00\",\"description\":\"Comprar Cepa de marihuana Apollo 11 en venta. Con un alto contenido de THC, esta flor psicoactiva te dejar\u00e1 con ganas de amar\",\"breadcrumb\":{\"@id\":\"https:\\\/\\\/medicinasinc.com\\\/es\\\/product\\\/comprar-apollo-11-marihuana\\\/#breadcrumb\"},\"inLanguage\":\"es\",\"potentialAction\":[{\"@type\":\"ReadAction\",\"target\":[\"https:\\\/\\\/medicinasinc.com\\\/es\\\/product\\\/comprar-apollo-11-marihuana\\\/\"]}]},{\"@type\":\"ImageObject\",\"inLanguage\":\"es\",\"@id\":\"https:\\\/\\\/medicinasinc.com\\\/es\\\/product\\\/comprar-apollo-11-marihuana\\\/#primaryimage\",\"url\":\"https:\\\/\\\/medicinasinc.com\\\/es\\\/wp-content\\\/uploads\\\/sites\\\/15\\\/2022\\\/02\\\/Buy-Apollo-11-Marijuana-1.jpg\",\"contentUrl\":\"https:\\\/\\\/medicinasinc.com\\\/es\\\/wp-content\\\/uploads\\\/sites\\\/15\\\/2022\\\/02\\\/Buy-Apollo-11-Marijuana-1.jpg\",\"width\":243,\"height\":207},{\"@type\":\"BreadcrumbList\",\"@id\":\"https:\\\/\\\/medicinasinc.com\\\/es\\\/product\\\/comprar-apollo-11-marihuana\\\/#breadcrumb\",\"itemListElement\":[{\"@type\":\"ListItem\",\"position\":1,\"name\":\"Tienda\",\"item\":\"https:\\\/\\\/medicinasinc.com\\\/es\\\/tienda\\\/\"},{\"@type\":\"ListItem\",\"position\":2,\"name\":\"Comprar marihuana Apolo 11\"}]},{\"@type\":\"WebSite\",\"@id\":\"https:\\\/\\\/medicinasinc.com\\\/es\\\/#website\",\"url\":\"https:\\\/\\\/medicinasinc.com\\\/es\\\/\",\"name\":\"Medicinas Inc\",\"description\":\"Cl\u00ednica M\u00e9dica de Salud\",\"potentialAction\":[{\"@type\":\"SearchAction\",\"target\":{\"@type\":\"EntryPoint\",\"urlTemplate\":\"https:\\\/\\\/medicinasinc.com\\\/es\\\/?s={search_term_string}\"},\"query-input\":{\"@type\":\"PropertyValueSpecification\",\"valueRequired\":true,\"valueName\":\"search_term_string\"}}],\"inLanguage\":\"es\"}]}<\/script>\n<!-- \/ Yoast SEO plugin. -->","yoast_head_json":{"title":"Comprar marihuana Apollo 11 - Best Best Global Meds","description":"Comprar Cepa de marihuana Apollo 11 en venta. Con un alto contenido de THC, esta flor psicoactiva te dejar\u00e1 con ganas de amar","robots":{"index":"index","follow":"follow","max-snippet":"max-snippet:-1","max-image-preview":"max-image-preview:large","max-video-preview":"max-video-preview:-1"},"canonical":"https:\/\/medicinasinc.com\/es\/product\/comprar-apollo-11-marihuana\/","og_locale":"es_ES","og_type":"article","og_title":"Comprar marihuana Apollo 11 - Best Best Global Meds","og_description":"Comprar Cepa de marihuana Apollo 11 en venta. Con un alto contenido de THC, esta flor psicoactiva te dejar\u00e1 con ganas de amar","og_url":"https:\/\/medicinasinc.com\/es\/product\/comprar-apollo-11-marihuana\/","og_site_name":"Medicinas Inc","article_modified_time":"2022-03-22T01:01:12+00:00","og_image":[{"width":243,"height":207,"url":"https:\/\/medicinasinc.com\/es\/wp-content\/uploads\/sites\/15\/2022\/02\/Buy-Apollo-11-Marijuana-1.jpg","type":"image\/jpeg"}],"twitter_card":"summary_large_image","twitter_misc":{"Tiempo de lectura":"1 minuto"},"schema":{"@context":"https:\/\/schema.org","@graph":[{"@type":"WebPage","@id":"https:\/\/medicinasinc.com\/es\/product\/comprar-apollo-11-marihuana\/","url":"https:\/\/medicinasinc.com\/es\/product\/comprar-apollo-11-marihuana\/","name":"Comprar marihuana Apollo 11 - Best Best Global Meds","isPartOf":{"@id":"https:\/\/medicinasinc.com\/es\/#website"},"primaryImageOfPage":{"@id":"https:\/\/medicinasinc.com\/es\/product\/comprar-apollo-11-marihuana\/#primaryimage"},"image":{"@id":"https:\/\/medicinasinc.com\/es\/product\/comprar-apollo-11-marihuana\/#primaryimage"},"thumbnailUrl":"https:\/\/medicinasinc.com\/es\/wp-content\/uploads\/sites\/15\/2022\/02\/Buy-Apollo-11-Marijuana-1.jpg","datePublished":"2022-02-20T17:28:28+00:00","dateModified":"2022-03-22T01:01:12+00:00","description":"Comprar Cepa de marihuana Apollo 11 en venta. Con un alto contenido de THC, esta flor psicoactiva te dejar\u00e1 con ganas de amar","breadcrumb":{"@id":"https:\/\/medicinasinc.com\/es\/product\/comprar-apollo-11-marihuana\/#breadcrumb"},"inLanguage":"es","potentialAction":[{"@type":"ReadAction","target":["https:\/\/medicinasinc.com\/es\/product\/comprar-apollo-11-marihuana\/"]}]},{"@type":"ImageObject","inLanguage":"es","@id":"https:\/\/medicinasinc.com\/es\/product\/comprar-apollo-11-marihuana\/#primaryimage","url":"https:\/\/medicinasinc.com\/es\/wp-content\/uploads\/sites\/15\/2022\/02\/Buy-Apollo-11-Marijuana-1.jpg","contentUrl":"https:\/\/medicinasinc.com\/es\/wp-content\/uploads\/sites\/15\/2022\/02\/Buy-Apollo-11-Marijuana-1.jpg","width":243,"height":207},{"@type":"BreadcrumbList","@id":"https:\/\/medicinasinc.com\/es\/product\/comprar-apollo-11-marihuana\/#breadcrumb","itemListElement":[{"@type":"ListItem","position":1,"name":"Tienda","item":"https:\/\/medicinasinc.com\/es\/tienda\/"},{"@type":"ListItem","position":2,"name":"Comprar marihuana Apolo 11"}]},{"@type":"WebSite","@id":"https:\/\/medicinasinc.com\/es\/#website","url":"https:\/\/medicinasinc.com\/es\/","name":"Medicinas Inc","description":"Cl\u00ednica M\u00e9dica de Salud","potentialAction":[{"@type":"SearchAction","target":{"@type":"EntryPoint","urlTemplate":"https:\/\/medicinasinc.com\/es\/?s={search_term_string}"},"query-input":{"@type":"PropertyValueSpecification","valueRequired":true,"valueName":"search_term_string"}}],"inLanguage":"es"}]}},"_links":{"self":[{"href":"https:\/\/medicinasinc.com\/es\/wp-json\/wp\/v2\/product\/4896","targetHints":{"allow":["GET"]}}],"collection":[{"href":"https:\/\/medicinasinc.com\/es\/wp-json\/wp\/v2\/product"}],"about":[{"href":"https:\/\/medicinasinc.com\/es\/wp-json\/wp\/v2\/types\/product"}],"replies":[{"embeddable":true,"href":"https:\/\/medicinasinc.com\/es\/wp-json\/wp\/v2\/comments?post=4896"}],"wp:featuredmedia":[{"embeddable":true,"href":"https:\/\/medicinasinc.com\/es\/wp-json\/wp\/v2\/media\/4911"}],"wp:attachment":[{"href":"https:\/\/medicinasinc.com\/es\/wp-json\/wp\/v2\/media?parent=4896"}],"wp:term":[{"taxonomy":"product_brand","embeddable":true,"href":"https:\/\/medicinasinc.com\/es\/wp-json\/wp\/v2\/product_brand?post=4896"},{"taxonomy":"product_cat","embeddable":true,"href":"https:\/\/medicinasinc.com\/es\/wp-json\/wp\/v2\/product_cat?post=4896"},{"taxonomy":"product_tag","embeddable":true,"href":"https:\/\/medicinasinc.com\/es\/wp-json\/wp\/v2\/product_tag?post=4896"}],"curies":[{"name":"wp","href":"https:\/\/api.w.org\/{rel}","templated":true}]}}