{"id":4884,"date":"2022-02-20T17:19:27","date_gmt":"2022-02-20T17:19:27","guid":{"rendered":"https:\/\/medicinasinc.com\/es\/?post_type=product&#038;p=4884"},"modified":"2022-03-22T01:01:34","modified_gmt":"2022-03-22T01:01:34","slug":"comprar-viuda-blanca-destrozar","status":"publish","type":"product","link":"https:\/\/medicinasinc.com\/es\/product\/comprar-viuda-blanca-destrozar\/","title":{"rendered":"Comprar White Widow Shatter"},"content":{"rendered":"<p>COMPRE EN L\u00cdNEA DESDE LA MEJOR TIENDA ONLINE WHITE WIDOW SHATTER<\/p>\n<p>Si desea comprar White Widow Shatter en l\u00ednea, comun\u00edquese con MJ Online Bud Store. Ofrecemos los mejores precios en White Widow Shatter. Como la mejor tienda en el mercado en l\u00ednea de los Estados Unidos de Am\u00e9rica, el Reino Unido, Canad\u00e1, Alemania y Australia, no pasamos por alto ning\u00fan aspecto del cumplimiento de los requisitos especificados por los clientes al realizar un pedido en l\u00ednea de White Widow Shatter.<\/p>\n<p>\u00bfPor qu\u00e9 las personas deber\u00edan usar White Widow Shatter?<\/p>\n<p>White Widow Shatter es una cepa h\u00edbrida legendaria que es adorada en todo el mundo. Esta variedad se produce exclusivamente mediante el cruce de una Sativa Landrace brasile\u00f1a con una Indica del sur de la India. Su color es \u00e1mbar oscuro. Este concentrado tiene una textura extremadamente crujiente, lo que lo hace muy f\u00e1cil de usar. Cuando se fuma, esta variedad proporciona una experiencia cann\u00e1bica tradicional. Contiene entre un 75% y un 80% de THC. Adem\u00e1s, es conocido por ser un excelente dab matutino o diurno. El sabor de esta cepa es t\u00edpicamente terroso, amaderado y floral.<\/p>\n<p>Es una cepa muy conocida por sus efectos euf\u00f3ricos y cerebrales.<br \/>Proporciona un subid\u00f3n cerebral instant\u00e1neo y euf\u00f3rico.<br \/> Induce una fuerte euforia, lo que da como resultado una mayor creatividad.<br \/> Alivia el dolor y promueve la m\u00e1xima tranquilidad.<br \/> Es una cepa ideal para el dolor, el estr\u00e9s, la depresi\u00f3n y la fatiga de leves a moderados.<br \/> Promueve actividades como el trabajo moderado o la actividad f\u00edsica, la interacci\u00f3n social, la recreaci\u00f3n y los esfuerzos creativos.<br \/> \u00bfCu\u00e1l es la mejor tienda en l\u00ednea para comprar White Widow Shatter?<\/p>\n<p>Se puede comprar White Widow Shatter en nada menos que MJ Online Bud Store. Recibir\u00e1 su pedido en l\u00ednea de White Widow Shatter en un corto per\u00edodo de tiempo. Ordene White Widow Shatter en l\u00ednea hoy y con\u00e9ctese con los mejores vendedores y proveedores en nuestro dispensario en l\u00ednea.<\/p>\n","protected":false},"excerpt":{"rendered":"<p>Si desea comprar White Widow Shatter a la venta en l\u00ednea, p\u00f3ngase en contacto con la tienda en l\u00ednea de bestglobalmeds. Tenemos White Widow Shatter a la venta a los mejores precios.<\/p>\n<p>&nbsp;<\/p>\n<ul>\n<li>Env\u00edos a todo el mundo<\/li>\n<li><strong>Grado: AAAAA<\/strong> <\/li>\n<li><strong>Cont\u00e1ctenos<\/strong>\u00a0para pedidos m\u00e1s grandes<\/li>\n<\/ul>\n","protected":false},"featured_media":4899,"comment_status":"open","ping_status":"closed","template":"","meta":[],"product_brand":[],"product_cat":[777],"product_tag":[],"class_list":{"0":"post-4884","1":"product","2":"type-product","3":"status-publish","4":"has-post-thumbnail","6":"product_cat-comprar-destrozar","8":"first","9":"instock","10":"shipping-taxable","11":"purchasable","12":"product-type-variable","13":"has-default-attributes"},"yoast_head":"<!-- This site is optimized with the Yoast SEO plugin v27.3 - https:\/\/yoast.com\/product\/yoast-seo-wordpress\/ -->\n<title>Comprar White Widow Shatter - Best Best Global Meds<\/title>\n<meta name=\"description\" content=\"Si desea comprar White Widow Shatter a la venta en l\u00ednea, p\u00f3ngase en contacto con la tienda en l\u00ednea bestglobalmeds. Tenemos White Widow Shatter a la venta a los mejores precios.\" \/>\n<meta name=\"robots\" content=\"index, follow, max-snippet:-1, max-image-preview:large, max-video-preview:-1\" \/>\n<link rel=\"canonical\" href=\"https:\/\/medicinasinc.com\/es\/product\/comprar-viuda-blanca-destrozar\/\" \/>\n<meta property=\"og:locale\" content=\"es_ES\" \/>\n<meta property=\"og:type\" content=\"article\" \/>\n<meta property=\"og:title\" content=\"Comprar White Widow Shatter - Best Best Global Meds\" \/>\n<meta property=\"og:description\" content=\"Si desea comprar White Widow Shatter a la venta en l\u00ednea, p\u00f3ngase en contacto con la tienda en l\u00ednea bestglobalmeds. Tenemos White Widow Shatter a la venta a los mejores precios.\" \/>\n<meta property=\"og:url\" content=\"https:\/\/medicinasinc.com\/es\/product\/comprar-viuda-blanca-destrozar\/\" \/>\n<meta property=\"og:site_name\" content=\"Medicinas Inc\" \/>\n<meta property=\"article:modified_time\" content=\"2022-03-22T01:01:34+00:00\" \/>\n<meta property=\"og:image\" content=\"https:\/\/medicinasinc.com\/es\/wp-content\/uploads\/sites\/15\/2022\/02\/Buy-White-Widow-Shatter.jpg\" \/>\n\t<meta property=\"og:image:width\" content=\"600\" \/>\n\t<meta property=\"og:image:height\" content=\"600\" \/>\n\t<meta property=\"og:image:type\" content=\"image\/jpeg\" \/>\n<meta name=\"twitter:card\" content=\"summary_large_image\" \/>\n<script type=\"application\/ld+json\" class=\"yoast-schema-graph\">{\"@context\":\"https:\\\/\\\/schema.org\",\"@graph\":[{\"@type\":\"WebPage\",\"@id\":\"https:\\\/\\\/medicinasinc.com\\\/es\\\/product\\\/comprar-viuda-blanca-destrozar\\\/\",\"url\":\"https:\\\/\\\/medicinasinc.com\\\/es\\\/product\\\/comprar-viuda-blanca-destrozar\\\/\",\"name\":\"Comprar White Widow Shatter - Best Best Global Meds\",\"isPartOf\":{\"@id\":\"https:\\\/\\\/medicinasinc.com\\\/es\\\/#website\"},\"primaryImageOfPage\":{\"@id\":\"https:\\\/\\\/medicinasinc.com\\\/es\\\/product\\\/comprar-viuda-blanca-destrozar\\\/#primaryimage\"},\"image\":{\"@id\":\"https:\\\/\\\/medicinasinc.com\\\/es\\\/product\\\/comprar-viuda-blanca-destrozar\\\/#primaryimage\"},\"thumbnailUrl\":\"https:\\\/\\\/medicinasinc.com\\\/es\\\/wp-content\\\/uploads\\\/sites\\\/15\\\/2022\\\/02\\\/Buy-White-Widow-Shatter.jpg\",\"datePublished\":\"2022-02-20T17:19:27+00:00\",\"dateModified\":\"2022-03-22T01:01:34+00:00\",\"description\":\"Si desea comprar White Widow Shatter a la venta en l\u00ednea, p\u00f3ngase en contacto con la tienda en l\u00ednea bestglobalmeds. Tenemos White Widow Shatter a la venta a los mejores precios.\",\"breadcrumb\":{\"@id\":\"https:\\\/\\\/medicinasinc.com\\\/es\\\/product\\\/comprar-viuda-blanca-destrozar\\\/#breadcrumb\"},\"inLanguage\":\"es\",\"potentialAction\":[{\"@type\":\"ReadAction\",\"target\":[\"https:\\\/\\\/medicinasinc.com\\\/es\\\/product\\\/comprar-viuda-blanca-destrozar\\\/\"]}]},{\"@type\":\"ImageObject\",\"inLanguage\":\"es\",\"@id\":\"https:\\\/\\\/medicinasinc.com\\\/es\\\/product\\\/comprar-viuda-blanca-destrozar\\\/#primaryimage\",\"url\":\"https:\\\/\\\/medicinasinc.com\\\/es\\\/wp-content\\\/uploads\\\/sites\\\/15\\\/2022\\\/02\\\/Buy-White-Widow-Shatter.jpg\",\"contentUrl\":\"https:\\\/\\\/medicinasinc.com\\\/es\\\/wp-content\\\/uploads\\\/sites\\\/15\\\/2022\\\/02\\\/Buy-White-Widow-Shatter.jpg\",\"width\":600,\"height\":600},{\"@type\":\"BreadcrumbList\",\"@id\":\"https:\\\/\\\/medicinasinc.com\\\/es\\\/product\\\/comprar-viuda-blanca-destrozar\\\/#breadcrumb\",\"itemListElement\":[{\"@type\":\"ListItem\",\"position\":1,\"name\":\"Tienda\",\"item\":\"https:\\\/\\\/medicinasinc.com\\\/es\\\/tienda\\\/\"},{\"@type\":\"ListItem\",\"position\":2,\"name\":\"Comprar White Widow Shatter\"}]},{\"@type\":\"WebSite\",\"@id\":\"https:\\\/\\\/medicinasinc.com\\\/es\\\/#website\",\"url\":\"https:\\\/\\\/medicinasinc.com\\\/es\\\/\",\"name\":\"Medicinas Inc\",\"description\":\"Cl\u00ednica M\u00e9dica de Salud\",\"potentialAction\":[{\"@type\":\"SearchAction\",\"target\":{\"@type\":\"EntryPoint\",\"urlTemplate\":\"https:\\\/\\\/medicinasinc.com\\\/es\\\/?s={search_term_string}\"},\"query-input\":{\"@type\":\"PropertyValueSpecification\",\"valueRequired\":true,\"valueName\":\"search_term_string\"}}],\"inLanguage\":\"es\"}]}<\/script>\n<!-- \/ Yoast SEO plugin. -->","yoast_head_json":{"title":"Comprar White Widow Shatter - Best Best Global Meds","description":"Si desea comprar White Widow Shatter a la venta en l\u00ednea, p\u00f3ngase en contacto con la tienda en l\u00ednea bestglobalmeds. Tenemos White Widow Shatter a la venta a los mejores precios.","robots":{"index":"index","follow":"follow","max-snippet":"max-snippet:-1","max-image-preview":"max-image-preview:large","max-video-preview":"max-video-preview:-1"},"canonical":"https:\/\/medicinasinc.com\/es\/product\/comprar-viuda-blanca-destrozar\/","og_locale":"es_ES","og_type":"article","og_title":"Comprar White Widow Shatter - Best Best Global Meds","og_description":"Si desea comprar White Widow Shatter a la venta en l\u00ednea, p\u00f3ngase en contacto con la tienda en l\u00ednea bestglobalmeds. Tenemos White Widow Shatter a la venta a los mejores precios.","og_url":"https:\/\/medicinasinc.com\/es\/product\/comprar-viuda-blanca-destrozar\/","og_site_name":"Medicinas Inc","article_modified_time":"2022-03-22T01:01:34+00:00","og_image":[{"width":600,"height":600,"url":"https:\/\/medicinasinc.com\/es\/wp-content\/uploads\/sites\/15\/2022\/02\/Buy-White-Widow-Shatter.jpg","type":"image\/jpeg"}],"twitter_card":"summary_large_image","schema":{"@context":"https:\/\/schema.org","@graph":[{"@type":"WebPage","@id":"https:\/\/medicinasinc.com\/es\/product\/comprar-viuda-blanca-destrozar\/","url":"https:\/\/medicinasinc.com\/es\/product\/comprar-viuda-blanca-destrozar\/","name":"Comprar White Widow Shatter - Best Best Global Meds","isPartOf":{"@id":"https:\/\/medicinasinc.com\/es\/#website"},"primaryImageOfPage":{"@id":"https:\/\/medicinasinc.com\/es\/product\/comprar-viuda-blanca-destrozar\/#primaryimage"},"image":{"@id":"https:\/\/medicinasinc.com\/es\/product\/comprar-viuda-blanca-destrozar\/#primaryimage"},"thumbnailUrl":"https:\/\/medicinasinc.com\/es\/wp-content\/uploads\/sites\/15\/2022\/02\/Buy-White-Widow-Shatter.jpg","datePublished":"2022-02-20T17:19:27+00:00","dateModified":"2022-03-22T01:01:34+00:00","description":"Si desea comprar White Widow Shatter a la venta en l\u00ednea, p\u00f3ngase en contacto con la tienda en l\u00ednea bestglobalmeds. Tenemos White Widow Shatter a la venta a los mejores precios.","breadcrumb":{"@id":"https:\/\/medicinasinc.com\/es\/product\/comprar-viuda-blanca-destrozar\/#breadcrumb"},"inLanguage":"es","potentialAction":[{"@type":"ReadAction","target":["https:\/\/medicinasinc.com\/es\/product\/comprar-viuda-blanca-destrozar\/"]}]},{"@type":"ImageObject","inLanguage":"es","@id":"https:\/\/medicinasinc.com\/es\/product\/comprar-viuda-blanca-destrozar\/#primaryimage","url":"https:\/\/medicinasinc.com\/es\/wp-content\/uploads\/sites\/15\/2022\/02\/Buy-White-Widow-Shatter.jpg","contentUrl":"https:\/\/medicinasinc.com\/es\/wp-content\/uploads\/sites\/15\/2022\/02\/Buy-White-Widow-Shatter.jpg","width":600,"height":600},{"@type":"BreadcrumbList","@id":"https:\/\/medicinasinc.com\/es\/product\/comprar-viuda-blanca-destrozar\/#breadcrumb","itemListElement":[{"@type":"ListItem","position":1,"name":"Tienda","item":"https:\/\/medicinasinc.com\/es\/tienda\/"},{"@type":"ListItem","position":2,"name":"Comprar White Widow Shatter"}]},{"@type":"WebSite","@id":"https:\/\/medicinasinc.com\/es\/#website","url":"https:\/\/medicinasinc.com\/es\/","name":"Medicinas Inc","description":"Cl\u00ednica M\u00e9dica de Salud","potentialAction":[{"@type":"SearchAction","target":{"@type":"EntryPoint","urlTemplate":"https:\/\/medicinasinc.com\/es\/?s={search_term_string}"},"query-input":{"@type":"PropertyValueSpecification","valueRequired":true,"valueName":"search_term_string"}}],"inLanguage":"es"}]}},"_links":{"self":[{"href":"https:\/\/medicinasinc.com\/es\/wp-json\/wp\/v2\/product\/4884","targetHints":{"allow":["GET"]}}],"collection":[{"href":"https:\/\/medicinasinc.com\/es\/wp-json\/wp\/v2\/product"}],"about":[{"href":"https:\/\/medicinasinc.com\/es\/wp-json\/wp\/v2\/types\/product"}],"replies":[{"embeddable":true,"href":"https:\/\/medicinasinc.com\/es\/wp-json\/wp\/v2\/comments?post=4884"}],"wp:featuredmedia":[{"embeddable":true,"href":"https:\/\/medicinasinc.com\/es\/wp-json\/wp\/v2\/media\/4899"}],"wp:attachment":[{"href":"https:\/\/medicinasinc.com\/es\/wp-json\/wp\/v2\/media?parent=4884"}],"wp:term":[{"taxonomy":"product_brand","embeddable":true,"href":"https:\/\/medicinasinc.com\/es\/wp-json\/wp\/v2\/product_brand?post=4884"},{"taxonomy":"product_cat","embeddable":true,"href":"https:\/\/medicinasinc.com\/es\/wp-json\/wp\/v2\/product_cat?post=4884"},{"taxonomy":"product_tag","embeddable":true,"href":"https:\/\/medicinasinc.com\/es\/wp-json\/wp\/v2\/product_tag?post=4884"}],"curies":[{"name":"wp","href":"https:\/\/api.w.org\/{rel}","templated":true}]}}