{"id":4883,"date":"2022-02-20T17:18:33","date_gmt":"2022-02-20T17:18:33","guid":{"rendered":"https:\/\/medicinasinc.com\/es\/?post_type=product&#038;p=4883"},"modified":"2022-03-22T01:01:43","modified_gmt":"2022-03-22T01:01:43","slug":"comprar-sunset-sherbert-shatter","status":"publish","type":"product","link":"https:\/\/medicinasinc.com\/es\/product\/comprar-sunset-sherbert-shatter\/","title":{"rendered":"Comprar Sunset Sherbert Shatter"},"content":{"rendered":"<p>Comprar Sunset Sherbert Shatter \u2013 Premium Indica Dominant Hybrid \u2013 85 % Indica \/ 15 % Sativa<\/p>\n<p>Sunset Sherbert, tambi\u00e9n conocida como Sherbet, es la heredera aparente del trono de Girl Scout Cookie. Sunset Sherbert hered\u00f3 las caracter\u00edsticas gen\u00e9ticas de su padre Girl Scout Cookies, que inclu\u00eda OG Kush, Durban Poison y Cherry Pie en su linaje gen\u00e9tico. Esta gen\u00e9tica luego se cruz\u00f3 con Pink Panties, un padre \u00edndica. Sunset Sherbert combina un fuerte subid\u00f3n para todo el cuerpo con un vigorizante estallido de energ\u00eda creativa. Despu\u00e9s de fumar, los usuarios sentir\u00e1n una oleada inmediata de energ\u00eda, principalmente en la mente, que los har\u00e1 sentirse sociales y euf\u00f3ricos en cuesti\u00f3n de minutos. A medida que los efectos comienzan a surtir efecto, una suave sensaci\u00f3n de calor se extender\u00e1 por todo el cuerpo, envolviendo al usuario en una completa relajaci\u00f3n y felicidad dichosa. Sunset Sherbert se ha utilizado para tratar la depresi\u00f3n, el estr\u00e9s, la ansiedad y el dolor de leve a moderado debido a sus potentes efectos.<\/p>\n<p>&nbsp;<\/p>\n<p>Tenga en cuenta que, debido a circunstancias imprevistas, tales como el calor del verano, la humedad e incluso el tiempo, siempre existe la posibilidad de que el fragmento que pediste se transforme en cera o budder antes de que te alcance.<\/p>\n<p>Desafortunadamente, la conversi\u00f3n de fragmentos en budder de cera no es infrecuente cuando se expone al calor, pero esto de ninguna manera disminuye la seguridad o la potencia de su fragmentaci\u00f3n. De hecho, si esto ocurre, se potenciar\u00e1n los terpenos y los arom\u00e1ticos, lo que aumentar\u00e1 el sabor.<\/p>\n<p>No ofrecemos reembolsos ni cambios si tu fragmentaci\u00f3n se transforma en budder o cera.<\/p>\n<div class=\"producto-siguiente-anterior\">\n<div class=\"producto-anterior\"><\/div><\/div>\n","protected":false},"excerpt":{"rendered":"<p>Comprar Shatter &#8211; Sunset Sherbert est\u00e1 disponible para su compra en l\u00ednea en Europa y el Reino Unido en \u00a0best global meds. En Europa, puede encontrar Shatter &#8211; Productos de cannabis Sunset Sherbert.<\/p>\n<p>&nbsp;<\/p>\n<ul>\n<li>Env\u00edo mundial<\/li>\n<li><strong>Grado: AAAAA<\/strong><\/li>\n<li> <strong>Cont\u00e1ctenos<\/strong>\u00a0para pedidos m\u00e1s grandes<\/li>\n<\/ul>\n","protected":false},"featured_media":4897,"comment_status":"open","ping_status":"closed","template":"","meta":[],"product_brand":[],"product_cat":[777],"product_tag":[],"class_list":{"0":"post-4883","1":"product","2":"type-product","3":"status-publish","4":"has-post-thumbnail","6":"product_cat-comprar-destrozar","8":"first","9":"instock","10":"shipping-taxable","11":"purchasable","12":"product-type-variable","13":"has-default-attributes"},"yoast_head":"<!-- This site is optimized with the Yoast SEO plugin v27.3 - https:\/\/yoast.com\/product\/yoast-seo-wordpress\/ -->\n<title>Comprar Sunset Sherbert Shatter - Best Best Global Meds<\/title>\n<meta name=\"description\" content=\"Comprar Shatter - Sunset Sherbert a la venta en l\u00ednea Europa, Reino Unido en The global medicinas. Encuentre los productos de cannabis Shatter - Sunset Sherbert de la m\u00e1s alta calidad en Europa.\" \/>\n<meta name=\"robots\" content=\"index, follow, max-snippet:-1, max-image-preview:large, max-video-preview:-1\" \/>\n<link rel=\"canonical\" href=\"https:\/\/medicinasinc.com\/es\/product\/comprar-sunset-sherbert-shatter\/\" \/>\n<meta property=\"og:locale\" content=\"es_ES\" \/>\n<meta property=\"og:type\" content=\"article\" \/>\n<meta property=\"og:title\" content=\"Comprar Sunset Sherbert Shatter - Best Best Global Meds\" \/>\n<meta property=\"og:description\" content=\"Comprar Shatter - Sunset Sherbert a la venta en l\u00ednea Europa, Reino Unido en The global medicinas. Encuentre los productos de cannabis Shatter - Sunset Sherbert de la m\u00e1s alta calidad en Europa.\" \/>\n<meta property=\"og:url\" content=\"https:\/\/medicinasinc.com\/es\/product\/comprar-sunset-sherbert-shatter\/\" \/>\n<meta property=\"og:site_name\" content=\"Medicinas Inc\" \/>\n<meta property=\"article:modified_time\" content=\"2022-03-22T01:01:43+00:00\" \/>\n<meta property=\"og:image\" content=\"https:\/\/medicinasinc.com\/es\/wp-content\/uploads\/sites\/15\/2022\/02\/Buy-Sunset-Sherbert-Shatter.jpg\" \/>\n\t<meta property=\"og:image:width\" content=\"600\" \/>\n\t<meta property=\"og:image:height\" content=\"600\" \/>\n\t<meta property=\"og:image:type\" content=\"image\/jpeg\" \/>\n<meta name=\"twitter:card\" content=\"summary_large_image\" \/>\n<meta name=\"twitter:label1\" content=\"Tiempo de lectura\" \/>\n\t<meta name=\"twitter:data1\" content=\"2 minutos\" \/>\n<script type=\"application\/ld+json\" class=\"yoast-schema-graph\">{\"@context\":\"https:\\\/\\\/schema.org\",\"@graph\":[{\"@type\":\"WebPage\",\"@id\":\"https:\\\/\\\/medicinasinc.com\\\/es\\\/product\\\/comprar-sunset-sherbert-shatter\\\/\",\"url\":\"https:\\\/\\\/medicinasinc.com\\\/es\\\/product\\\/comprar-sunset-sherbert-shatter\\\/\",\"name\":\"Comprar Sunset Sherbert Shatter - Best Best Global Meds\",\"isPartOf\":{\"@id\":\"https:\\\/\\\/medicinasinc.com\\\/es\\\/#website\"},\"primaryImageOfPage\":{\"@id\":\"https:\\\/\\\/medicinasinc.com\\\/es\\\/product\\\/comprar-sunset-sherbert-shatter\\\/#primaryimage\"},\"image\":{\"@id\":\"https:\\\/\\\/medicinasinc.com\\\/es\\\/product\\\/comprar-sunset-sherbert-shatter\\\/#primaryimage\"},\"thumbnailUrl\":\"https:\\\/\\\/medicinasinc.com\\\/es\\\/wp-content\\\/uploads\\\/sites\\\/15\\\/2022\\\/02\\\/Buy-Sunset-Sherbert-Shatter.jpg\",\"datePublished\":\"2022-02-20T17:18:33+00:00\",\"dateModified\":\"2022-03-22T01:01:43+00:00\",\"description\":\"Comprar Shatter - Sunset Sherbert a la venta en l\u00ednea Europa, Reino Unido en The global medicinas. Encuentre los productos de cannabis Shatter - Sunset Sherbert de la m\u00e1s alta calidad en Europa.\",\"breadcrumb\":{\"@id\":\"https:\\\/\\\/medicinasinc.com\\\/es\\\/product\\\/comprar-sunset-sherbert-shatter\\\/#breadcrumb\"},\"inLanguage\":\"es\",\"potentialAction\":[{\"@type\":\"ReadAction\",\"target\":[\"https:\\\/\\\/medicinasinc.com\\\/es\\\/product\\\/comprar-sunset-sherbert-shatter\\\/\"]}]},{\"@type\":\"ImageObject\",\"inLanguage\":\"es\",\"@id\":\"https:\\\/\\\/medicinasinc.com\\\/es\\\/product\\\/comprar-sunset-sherbert-shatter\\\/#primaryimage\",\"url\":\"https:\\\/\\\/medicinasinc.com\\\/es\\\/wp-content\\\/uploads\\\/sites\\\/15\\\/2022\\\/02\\\/Buy-Sunset-Sherbert-Shatter.jpg\",\"contentUrl\":\"https:\\\/\\\/medicinasinc.com\\\/es\\\/wp-content\\\/uploads\\\/sites\\\/15\\\/2022\\\/02\\\/Buy-Sunset-Sherbert-Shatter.jpg\",\"width\":600,\"height\":600},{\"@type\":\"BreadcrumbList\",\"@id\":\"https:\\\/\\\/medicinasinc.com\\\/es\\\/product\\\/comprar-sunset-sherbert-shatter\\\/#breadcrumb\",\"itemListElement\":[{\"@type\":\"ListItem\",\"position\":1,\"name\":\"Tienda\",\"item\":\"https:\\\/\\\/medicinasinc.com\\\/es\\\/tienda\\\/\"},{\"@type\":\"ListItem\",\"position\":2,\"name\":\"Comprar Sunset Sherbert Shatter\"}]},{\"@type\":\"WebSite\",\"@id\":\"https:\\\/\\\/medicinasinc.com\\\/es\\\/#website\",\"url\":\"https:\\\/\\\/medicinasinc.com\\\/es\\\/\",\"name\":\"Medicinas Inc\",\"description\":\"Cl\u00ednica M\u00e9dica de Salud\",\"potentialAction\":[{\"@type\":\"SearchAction\",\"target\":{\"@type\":\"EntryPoint\",\"urlTemplate\":\"https:\\\/\\\/medicinasinc.com\\\/es\\\/?s={search_term_string}\"},\"query-input\":{\"@type\":\"PropertyValueSpecification\",\"valueRequired\":true,\"valueName\":\"search_term_string\"}}],\"inLanguage\":\"es\"}]}<\/script>\n<!-- \/ Yoast SEO plugin. -->","yoast_head_json":{"title":"Comprar Sunset Sherbert Shatter - Best Best Global Meds","description":"Comprar Shatter - Sunset Sherbert a la venta en l\u00ednea Europa, Reino Unido en The global medicinas. Encuentre los productos de cannabis Shatter - Sunset Sherbert de la m\u00e1s alta calidad en Europa.","robots":{"index":"index","follow":"follow","max-snippet":"max-snippet:-1","max-image-preview":"max-image-preview:large","max-video-preview":"max-video-preview:-1"},"canonical":"https:\/\/medicinasinc.com\/es\/product\/comprar-sunset-sherbert-shatter\/","og_locale":"es_ES","og_type":"article","og_title":"Comprar Sunset Sherbert Shatter - Best Best Global Meds","og_description":"Comprar Shatter - Sunset Sherbert a la venta en l\u00ednea Europa, Reino Unido en The global medicinas. Encuentre los productos de cannabis Shatter - Sunset Sherbert de la m\u00e1s alta calidad en Europa.","og_url":"https:\/\/medicinasinc.com\/es\/product\/comprar-sunset-sherbert-shatter\/","og_site_name":"Medicinas Inc","article_modified_time":"2022-03-22T01:01:43+00:00","og_image":[{"width":600,"height":600,"url":"https:\/\/medicinasinc.com\/es\/wp-content\/uploads\/sites\/15\/2022\/02\/Buy-Sunset-Sherbert-Shatter.jpg","type":"image\/jpeg"}],"twitter_card":"summary_large_image","twitter_misc":{"Tiempo de lectura":"2 minutos"},"schema":{"@context":"https:\/\/schema.org","@graph":[{"@type":"WebPage","@id":"https:\/\/medicinasinc.com\/es\/product\/comprar-sunset-sherbert-shatter\/","url":"https:\/\/medicinasinc.com\/es\/product\/comprar-sunset-sherbert-shatter\/","name":"Comprar Sunset Sherbert Shatter - Best Best Global Meds","isPartOf":{"@id":"https:\/\/medicinasinc.com\/es\/#website"},"primaryImageOfPage":{"@id":"https:\/\/medicinasinc.com\/es\/product\/comprar-sunset-sherbert-shatter\/#primaryimage"},"image":{"@id":"https:\/\/medicinasinc.com\/es\/product\/comprar-sunset-sherbert-shatter\/#primaryimage"},"thumbnailUrl":"https:\/\/medicinasinc.com\/es\/wp-content\/uploads\/sites\/15\/2022\/02\/Buy-Sunset-Sherbert-Shatter.jpg","datePublished":"2022-02-20T17:18:33+00:00","dateModified":"2022-03-22T01:01:43+00:00","description":"Comprar Shatter - Sunset Sherbert a la venta en l\u00ednea Europa, Reino Unido en The global medicinas. Encuentre los productos de cannabis Shatter - Sunset Sherbert de la m\u00e1s alta calidad en Europa.","breadcrumb":{"@id":"https:\/\/medicinasinc.com\/es\/product\/comprar-sunset-sherbert-shatter\/#breadcrumb"},"inLanguage":"es","potentialAction":[{"@type":"ReadAction","target":["https:\/\/medicinasinc.com\/es\/product\/comprar-sunset-sherbert-shatter\/"]}]},{"@type":"ImageObject","inLanguage":"es","@id":"https:\/\/medicinasinc.com\/es\/product\/comprar-sunset-sherbert-shatter\/#primaryimage","url":"https:\/\/medicinasinc.com\/es\/wp-content\/uploads\/sites\/15\/2022\/02\/Buy-Sunset-Sherbert-Shatter.jpg","contentUrl":"https:\/\/medicinasinc.com\/es\/wp-content\/uploads\/sites\/15\/2022\/02\/Buy-Sunset-Sherbert-Shatter.jpg","width":600,"height":600},{"@type":"BreadcrumbList","@id":"https:\/\/medicinasinc.com\/es\/product\/comprar-sunset-sherbert-shatter\/#breadcrumb","itemListElement":[{"@type":"ListItem","position":1,"name":"Tienda","item":"https:\/\/medicinasinc.com\/es\/tienda\/"},{"@type":"ListItem","position":2,"name":"Comprar Sunset Sherbert Shatter"}]},{"@type":"WebSite","@id":"https:\/\/medicinasinc.com\/es\/#website","url":"https:\/\/medicinasinc.com\/es\/","name":"Medicinas Inc","description":"Cl\u00ednica M\u00e9dica de Salud","potentialAction":[{"@type":"SearchAction","target":{"@type":"EntryPoint","urlTemplate":"https:\/\/medicinasinc.com\/es\/?s={search_term_string}"},"query-input":{"@type":"PropertyValueSpecification","valueRequired":true,"valueName":"search_term_string"}}],"inLanguage":"es"}]}},"_links":{"self":[{"href":"https:\/\/medicinasinc.com\/es\/wp-json\/wp\/v2\/product\/4883","targetHints":{"allow":["GET"]}}],"collection":[{"href":"https:\/\/medicinasinc.com\/es\/wp-json\/wp\/v2\/product"}],"about":[{"href":"https:\/\/medicinasinc.com\/es\/wp-json\/wp\/v2\/types\/product"}],"replies":[{"embeddable":true,"href":"https:\/\/medicinasinc.com\/es\/wp-json\/wp\/v2\/comments?post=4883"}],"wp:featuredmedia":[{"embeddable":true,"href":"https:\/\/medicinasinc.com\/es\/wp-json\/wp\/v2\/media\/4897"}],"wp:attachment":[{"href":"https:\/\/medicinasinc.com\/es\/wp-json\/wp\/v2\/media?parent=4883"}],"wp:term":[{"taxonomy":"product_brand","embeddable":true,"href":"https:\/\/medicinasinc.com\/es\/wp-json\/wp\/v2\/product_brand?post=4883"},{"taxonomy":"product_cat","embeddable":true,"href":"https:\/\/medicinasinc.com\/es\/wp-json\/wp\/v2\/product_cat?post=4883"},{"taxonomy":"product_tag","embeddable":true,"href":"https:\/\/medicinasinc.com\/es\/wp-json\/wp\/v2\/product_tag?post=4883"}],"curies":[{"name":"wp","href":"https:\/\/api.w.org\/{rel}","templated":true}]}}