{"id":4871,"date":"2022-02-20T17:08:15","date_gmt":"2022-02-20T17:08:15","guid":{"rendered":"https:\/\/medicinasinc.com\/es\/?post_type=product&#038;p=4871"},"modified":"2022-03-22T01:02:06","modified_gmt":"2022-03-22T01:02:06","slug":"comprar-blueberry-nuken-shatter-top-shelf","status":"publish","type":"product","link":"https:\/\/medicinasinc.com\/es\/product\/comprar-blueberry-nuken-shatter-top-shelf\/","title":{"rendered":"Comprar Blueberry Nuken Shatter \u2013 Estante superior"},"content":{"rendered":"<div class=\"descblock ff\">Nuken ofrece los beneficios medicinales de una \u00edndica sin la fatiga o la sedaci\u00f3n asociadas con las \u00edndicas. Nuken produce un subid\u00f3n corporal duradero y extremadamente relajante al tiempo que permite al usuario realizar tareas e interactuar con amigos. A medida que los efectos de la cepa se afiancen, los usuarios experimentar\u00e1n una ligera sensaci\u00f3n de calor que comienza en la columna y se extiende gradualmente por todo el cuerpo, aliviando cualquier dolor o molestia muscular. Estos efectos van acompa\u00f1ados de una intensa introspecci\u00f3n, lo que puede hacer que algunos usuarios novatos se sientan un poco desorientados. Nuken se ha utilizado para tratar el dolor cr\u00f3nico y la inflamaci\u00f3n, as\u00ed como la depresi\u00f3n leve, la ansiedad y el estr\u00e9s cr\u00f3nico.<\/div>\n<div class=\"product-next-previous\">\n<div class=\"product-prev\"><\/div><\/div>\n","protected":false},"excerpt":{"rendered":"<p>Compre Blueberry Nuken Shatter Reino Unido, Europa en l\u00ednea del dispensario de bestglobalmeds en l\u00ednea, EZ Weed Online Cannabis Dispensary.<\/p>\n<ul>\n<li>Env\u00edo a todo el mundo<\/li>\n<li><strong>Grado: AAAAA<\/strong><\/li>\n<li><strong>Cont\u00e1ctenos<\/strong>\u00a0para pedidos m\u00e1s grandes<\/li>\n<li>DPD Post Xpresspost Env\u00edo GRATIS para pedidos superiores a $200<\/li>\n<\/ul>\n","protected":false},"featured_media":4885,"comment_status":"open","ping_status":"closed","template":"","meta":[],"product_brand":[],"product_cat":[777],"product_tag":[],"class_list":{"0":"post-4871","1":"product","2":"type-product","3":"status-publish","4":"has-post-thumbnail","6":"product_cat-comprar-destrozar","8":"first","9":"instock","10":"shipping-taxable","11":"purchasable","12":"product-type-variable","13":"has-default-attributes"},"yoast_head":"<!-- This site is optimized with the Yoast SEO plugin v27.3 - https:\/\/yoast.com\/product\/yoast-seo-wordpress\/ -->\n<title>Comprar Blueberry Nuken Shatter \u2013 Top Shelf - Best Best Global Meds<\/title>\n<meta name=\"description\" content=\"Compre Blueberry Nuken Shatter Reino Unido, Europa en l\u00ednea en el dispensario n.\u00ba 1 de Canad\u00e1 en l\u00ednea, el mejor dispensario de cannabis en l\u00ednea de malezas globales.\" \/>\n<meta name=\"robots\" content=\"index, follow, max-snippet:-1, max-image-preview:large, max-video-preview:-1\" \/>\n<link rel=\"canonical\" href=\"https:\/\/medicinasinc.com\/es\/product\/comprar-blueberry-nuken-shatter-top-shelf\/\" \/>\n<meta property=\"og:locale\" content=\"es_ES\" \/>\n<meta property=\"og:type\" content=\"article\" \/>\n<meta property=\"og:title\" content=\"Comprar Blueberry Nuken Shatter \u2013 Top Shelf - Best Best Global Meds\" \/>\n<meta property=\"og:description\" content=\"Compre Blueberry Nuken Shatter Reino Unido, Europa en l\u00ednea en el dispensario n.\u00ba 1 de Canad\u00e1 en l\u00ednea, el mejor dispensario de cannabis en l\u00ednea de malezas globales.\" \/>\n<meta property=\"og:url\" content=\"https:\/\/medicinasinc.com\/es\/product\/comprar-blueberry-nuken-shatter-top-shelf\/\" \/>\n<meta property=\"og:site_name\" content=\"Medicinas Inc\" \/>\n<meta property=\"article:modified_time\" content=\"2022-03-22T01:02:06+00:00\" \/>\n<meta property=\"og:image\" content=\"https:\/\/medicinasinc.com\/es\/wp-content\/uploads\/sites\/15\/2022\/02\/Buy-Blueberry-Nuken-Shatter.jpg\" \/>\n\t<meta property=\"og:image:width\" content=\"600\" \/>\n\t<meta property=\"og:image:height\" content=\"600\" \/>\n\t<meta property=\"og:image:type\" content=\"image\/jpeg\" \/>\n<meta name=\"twitter:card\" content=\"summary_large_image\" \/>\n<meta name=\"twitter:label1\" content=\"Tiempo de lectura\" \/>\n\t<meta name=\"twitter:data1\" content=\"1 minuto\" \/>\n<script type=\"application\/ld+json\" class=\"yoast-schema-graph\">{\"@context\":\"https:\\\/\\\/schema.org\",\"@graph\":[{\"@type\":\"WebPage\",\"@id\":\"https:\\\/\\\/medicinasinc.com\\\/es\\\/product\\\/comprar-blueberry-nuken-shatter-top-shelf\\\/\",\"url\":\"https:\\\/\\\/medicinasinc.com\\\/es\\\/product\\\/comprar-blueberry-nuken-shatter-top-shelf\\\/\",\"name\":\"Comprar Blueberry Nuken Shatter \u2013 Top Shelf - Best Best Global Meds\",\"isPartOf\":{\"@id\":\"https:\\\/\\\/medicinasinc.com\\\/es\\\/#website\"},\"primaryImageOfPage\":{\"@id\":\"https:\\\/\\\/medicinasinc.com\\\/es\\\/product\\\/comprar-blueberry-nuken-shatter-top-shelf\\\/#primaryimage\"},\"image\":{\"@id\":\"https:\\\/\\\/medicinasinc.com\\\/es\\\/product\\\/comprar-blueberry-nuken-shatter-top-shelf\\\/#primaryimage\"},\"thumbnailUrl\":\"https:\\\/\\\/medicinasinc.com\\\/es\\\/wp-content\\\/uploads\\\/sites\\\/15\\\/2022\\\/02\\\/Buy-Blueberry-Nuken-Shatter.jpg\",\"datePublished\":\"2022-02-20T17:08:15+00:00\",\"dateModified\":\"2022-03-22T01:02:06+00:00\",\"description\":\"Compre Blueberry Nuken Shatter Reino Unido, Europa en l\u00ednea en el dispensario n.\u00ba 1 de Canad\u00e1 en l\u00ednea, el mejor dispensario de cannabis en l\u00ednea de malezas globales.\",\"breadcrumb\":{\"@id\":\"https:\\\/\\\/medicinasinc.com\\\/es\\\/product\\\/comprar-blueberry-nuken-shatter-top-shelf\\\/#breadcrumb\"},\"inLanguage\":\"es\",\"potentialAction\":[{\"@type\":\"ReadAction\",\"target\":[\"https:\\\/\\\/medicinasinc.com\\\/es\\\/product\\\/comprar-blueberry-nuken-shatter-top-shelf\\\/\"]}]},{\"@type\":\"ImageObject\",\"inLanguage\":\"es\",\"@id\":\"https:\\\/\\\/medicinasinc.com\\\/es\\\/product\\\/comprar-blueberry-nuken-shatter-top-shelf\\\/#primaryimage\",\"url\":\"https:\\\/\\\/medicinasinc.com\\\/es\\\/wp-content\\\/uploads\\\/sites\\\/15\\\/2022\\\/02\\\/Buy-Blueberry-Nuken-Shatter.jpg\",\"contentUrl\":\"https:\\\/\\\/medicinasinc.com\\\/es\\\/wp-content\\\/uploads\\\/sites\\\/15\\\/2022\\\/02\\\/Buy-Blueberry-Nuken-Shatter.jpg\",\"width\":600,\"height\":600},{\"@type\":\"BreadcrumbList\",\"@id\":\"https:\\\/\\\/medicinasinc.com\\\/es\\\/product\\\/comprar-blueberry-nuken-shatter-top-shelf\\\/#breadcrumb\",\"itemListElement\":[{\"@type\":\"ListItem\",\"position\":1,\"name\":\"Tienda\",\"item\":\"https:\\\/\\\/medicinasinc.com\\\/es\\\/tienda\\\/\"},{\"@type\":\"ListItem\",\"position\":2,\"name\":\"Comprar Blueberry Nuken Shatter \u2013 Estante superior\"}]},{\"@type\":\"WebSite\",\"@id\":\"https:\\\/\\\/medicinasinc.com\\\/es\\\/#website\",\"url\":\"https:\\\/\\\/medicinasinc.com\\\/es\\\/\",\"name\":\"Medicinas Inc\",\"description\":\"Cl\u00ednica M\u00e9dica de Salud\",\"potentialAction\":[{\"@type\":\"SearchAction\",\"target\":{\"@type\":\"EntryPoint\",\"urlTemplate\":\"https:\\\/\\\/medicinasinc.com\\\/es\\\/?s={search_term_string}\"},\"query-input\":{\"@type\":\"PropertyValueSpecification\",\"valueRequired\":true,\"valueName\":\"search_term_string\"}}],\"inLanguage\":\"es\"}]}<\/script>\n<!-- \/ Yoast SEO plugin. -->","yoast_head_json":{"title":"Comprar Blueberry Nuken Shatter \u2013 Top Shelf - Best Best Global Meds","description":"Compre Blueberry Nuken Shatter Reino Unido, Europa en l\u00ednea en el dispensario n.\u00ba 1 de Canad\u00e1 en l\u00ednea, el mejor dispensario de cannabis en l\u00ednea de malezas globales.","robots":{"index":"index","follow":"follow","max-snippet":"max-snippet:-1","max-image-preview":"max-image-preview:large","max-video-preview":"max-video-preview:-1"},"canonical":"https:\/\/medicinasinc.com\/es\/product\/comprar-blueberry-nuken-shatter-top-shelf\/","og_locale":"es_ES","og_type":"article","og_title":"Comprar Blueberry Nuken Shatter \u2013 Top Shelf - Best Best Global Meds","og_description":"Compre Blueberry Nuken Shatter Reino Unido, Europa en l\u00ednea en el dispensario n.\u00ba 1 de Canad\u00e1 en l\u00ednea, el mejor dispensario de cannabis en l\u00ednea de malezas globales.","og_url":"https:\/\/medicinasinc.com\/es\/product\/comprar-blueberry-nuken-shatter-top-shelf\/","og_site_name":"Medicinas Inc","article_modified_time":"2022-03-22T01:02:06+00:00","og_image":[{"width":600,"height":600,"url":"https:\/\/medicinasinc.com\/es\/wp-content\/uploads\/sites\/15\/2022\/02\/Buy-Blueberry-Nuken-Shatter.jpg","type":"image\/jpeg"}],"twitter_card":"summary_large_image","twitter_misc":{"Tiempo de lectura":"1 minuto"},"schema":{"@context":"https:\/\/schema.org","@graph":[{"@type":"WebPage","@id":"https:\/\/medicinasinc.com\/es\/product\/comprar-blueberry-nuken-shatter-top-shelf\/","url":"https:\/\/medicinasinc.com\/es\/product\/comprar-blueberry-nuken-shatter-top-shelf\/","name":"Comprar Blueberry Nuken Shatter \u2013 Top Shelf - Best Best Global Meds","isPartOf":{"@id":"https:\/\/medicinasinc.com\/es\/#website"},"primaryImageOfPage":{"@id":"https:\/\/medicinasinc.com\/es\/product\/comprar-blueberry-nuken-shatter-top-shelf\/#primaryimage"},"image":{"@id":"https:\/\/medicinasinc.com\/es\/product\/comprar-blueberry-nuken-shatter-top-shelf\/#primaryimage"},"thumbnailUrl":"https:\/\/medicinasinc.com\/es\/wp-content\/uploads\/sites\/15\/2022\/02\/Buy-Blueberry-Nuken-Shatter.jpg","datePublished":"2022-02-20T17:08:15+00:00","dateModified":"2022-03-22T01:02:06+00:00","description":"Compre Blueberry Nuken Shatter Reino Unido, Europa en l\u00ednea en el dispensario n.\u00ba 1 de Canad\u00e1 en l\u00ednea, el mejor dispensario de cannabis en l\u00ednea de malezas globales.","breadcrumb":{"@id":"https:\/\/medicinasinc.com\/es\/product\/comprar-blueberry-nuken-shatter-top-shelf\/#breadcrumb"},"inLanguage":"es","potentialAction":[{"@type":"ReadAction","target":["https:\/\/medicinasinc.com\/es\/product\/comprar-blueberry-nuken-shatter-top-shelf\/"]}]},{"@type":"ImageObject","inLanguage":"es","@id":"https:\/\/medicinasinc.com\/es\/product\/comprar-blueberry-nuken-shatter-top-shelf\/#primaryimage","url":"https:\/\/medicinasinc.com\/es\/wp-content\/uploads\/sites\/15\/2022\/02\/Buy-Blueberry-Nuken-Shatter.jpg","contentUrl":"https:\/\/medicinasinc.com\/es\/wp-content\/uploads\/sites\/15\/2022\/02\/Buy-Blueberry-Nuken-Shatter.jpg","width":600,"height":600},{"@type":"BreadcrumbList","@id":"https:\/\/medicinasinc.com\/es\/product\/comprar-blueberry-nuken-shatter-top-shelf\/#breadcrumb","itemListElement":[{"@type":"ListItem","position":1,"name":"Tienda","item":"https:\/\/medicinasinc.com\/es\/tienda\/"},{"@type":"ListItem","position":2,"name":"Comprar Blueberry Nuken Shatter \u2013 Estante superior"}]},{"@type":"WebSite","@id":"https:\/\/medicinasinc.com\/es\/#website","url":"https:\/\/medicinasinc.com\/es\/","name":"Medicinas Inc","description":"Cl\u00ednica M\u00e9dica de Salud","potentialAction":[{"@type":"SearchAction","target":{"@type":"EntryPoint","urlTemplate":"https:\/\/medicinasinc.com\/es\/?s={search_term_string}"},"query-input":{"@type":"PropertyValueSpecification","valueRequired":true,"valueName":"search_term_string"}}],"inLanguage":"es"}]}},"_links":{"self":[{"href":"https:\/\/medicinasinc.com\/es\/wp-json\/wp\/v2\/product\/4871","targetHints":{"allow":["GET"]}}],"collection":[{"href":"https:\/\/medicinasinc.com\/es\/wp-json\/wp\/v2\/product"}],"about":[{"href":"https:\/\/medicinasinc.com\/es\/wp-json\/wp\/v2\/types\/product"}],"replies":[{"embeddable":true,"href":"https:\/\/medicinasinc.com\/es\/wp-json\/wp\/v2\/comments?post=4871"}],"wp:featuredmedia":[{"embeddable":true,"href":"https:\/\/medicinasinc.com\/es\/wp-json\/wp\/v2\/media\/4885"}],"wp:attachment":[{"href":"https:\/\/medicinasinc.com\/es\/wp-json\/wp\/v2\/media?parent=4871"}],"wp:term":[{"taxonomy":"product_brand","embeddable":true,"href":"https:\/\/medicinasinc.com\/es\/wp-json\/wp\/v2\/product_brand?post=4871"},{"taxonomy":"product_cat","embeddable":true,"href":"https:\/\/medicinasinc.com\/es\/wp-json\/wp\/v2\/product_cat?post=4871"},{"taxonomy":"product_tag","embeddable":true,"href":"https:\/\/medicinasinc.com\/es\/wp-json\/wp\/v2\/product_tag?post=4871"}],"curies":[{"name":"wp","href":"https:\/\/api.w.org\/{rel}","templated":true}]}}