{"id":4861,"date":"2022-02-20T17:01:48","date_gmt":"2022-02-20T17:01:48","guid":{"rendered":"https:\/\/medicinasinc.com\/es\/?post_type=product&#038;p=4861"},"modified":"2022-03-22T01:02:16","modified_gmt":"2022-03-22T01:02:16","slug":"comprar-lsd-100mcg-blotters","status":"publish","type":"product","link":"https:\/\/medicinasinc.com\/es\/product\/comprar-lsd-100mcg-blotters\/","title":{"rendered":"Comprar LSD BLOTTERS 100mcg"},"content":{"rendered":"<p>Los BLOTTERS LSD de 100 mcg se pueden comprar en l\u00ednea.<\/p>\n<p>Los BLOTTERS LSD de 100 mcg se pueden comprar en l\u00ednea. Tambi\u00e9n vendemos pastillas de LSD. Para obtener informaci\u00f3n adicional sobre el LSD, visite esta p\u00e1gina.<\/p>\n<p>Compra en l\u00ednea de papel secante\/sal de LSD (dietilamida del \u00e1cido lis\u00e9rgico)<\/p>\n<p>&nbsp;<\/p>\n<p>LSD (dietilamida del \u00e1cido lis\u00e9rgico) La dietilamida \u00e1cida), abreviada como LSD o LSD-25, es una droga psicod\u00e9lica semisint\u00e9tica de la familia de las ergolinas conocida por sus efectos psicol\u00f3gicos. )<br \/> Productos qu\u00edmicos y amp; Polvos para investigaci\u00f3n<br \/> Marca no patentada<br \/> \u00c1cido, sales de ba\u00f1o, secante, papel secante, productos qu\u00edmicos, impactos, LSD, LSD-25, \u00e1cido lis\u00e9rgico, dietilamida del \u00e1cido lis\u00e9rgico, papel, productos qu\u00edmicos de investigaci\u00f3n y papeles secantes, \u00e1cido lis\u00e9rgico, dietilamida del \u00e1cido lis\u00e9rgico, sal, hoja<\/p>\n","protected":false},"excerpt":{"rendered":"<div class=\"woocommerce-product-details__short-description\">\n<p>LOS BLOTTERS LSD de 100 mcg se pueden comprar en l\u00ednea. Comprar LSD BLOTTERS polvo 100mcg al mejor precio | D\u00f3nde comprar LSD 100mcg BLOTTERS en polvo en l\u00ednea. Compra online de BLOTTERS de dietilamida de \u00e1cido lis\u00e9rgico &#8211; Secante LSD a la venta<\/p>\n<p>Los minoristas en l\u00ednea venden papel secante\/sal LSD (dietilamida del \u00e1cido lis\u00e9rgico).<br \/> El precio del producto es el siguiente: por hoja (papel secante)<\/p>\n<\/p><\/div>\n","protected":false},"featured_media":4876,"comment_status":"open","ping_status":"closed","template":"","meta":[],"product_brand":[],"product_cat":[703],"product_tag":[755,756,776,745,761,766,748,758,749,750,751,752,754,769,753,759,775,747,762,763,768,757,770,771,772,773,774,760,746,765,767,764],"class_list":{"0":"post-4861","1":"product","2":"type-product","3":"status-publish","4":"has-post-thumbnail","6":"product_cat-comprar-drogas-psicodelicas","7":"product_tag-cmo-puede-saber-si-su-blotter-lsd-es-real-o-uno-de-la-familia-2c","8":"product_tag-cmo-usar-una-ficha-secante-lsd","9":"product_tag-por-qu-lsd-blotter-tabs-tienen-diseos-en-ellos","10":"product_tag-1p-lsd-comprar-ee-uu","11":"product_tag-lsd-papel-secante-cido","12":"product_tag-lsd-blotter-almacenamiento","13":"product_tag-art-sheets-edible","14":"product_tag-lsd-blotter-arte-en-venta","15":"product_tag-blotter","16":"product_tag-blotter-acid-for-sale","17":"product_tag-buy-1-p-lsd","18":"product_tag-buy-lsd-blotter-sheets","19":"product_tag-comprar-lisergic-acid-dietilamida-blotter-list","20":"product_tag-lsd-tabs-comprar","21":"product_tag-comprar-lsd-blotters-legal-highs-online","22":"product_tag-lsd-blotter-costo","23":"product_tag-donde-puedo-comprar-papel-secante","24":"product_tag-are-lsd","25":"product_tag-lsd-blotter-sheet","26":"product_tag-lsd-blotter-sheets","27":"product_tag-lsd-blotters-dose","28":"product_tag-lsd-andra-sa-c2-b6kte-a-c2-a4ven-efter","29":"product_tag-lsd-para-comprar","30":"product_tag-lysergic-acid-diethylamide-blotterazzi","31":"product_tag-lysergic-acid-diethylamide-blottery","32":"product_tag-lysergic-acid-diethylamide-for-sale","33":"product_tag-lysergic-acid-diethylamide-street-names","34":"product_tag-lsd-blotter-hofmann","35":"product_tag-1p-lsd-blotter-100-mcg","36":"product_tag-lsd-blotter-sitio","37":"product_tag-lsd-blotter-tab-tamao","38":"product_tag-lsd-blotter-tienda","40":"first","41":"instock","42":"shipping-taxable","43":"purchasable","44":"product-type-variable","45":"has-default-attributes"},"yoast_head":"<!-- This site is optimized with the Yoast SEO plugin v27.3 - https:\/\/yoast.com\/product\/yoast-seo-wordpress\/ -->\n<title>Comprar LSD 100mcg BLOTTERS - Best Best Global Meds<\/title>\n<meta name=\"description\" content=\"Compre secantes LSD de 100 mcg en Europa, Reino Unido a la venta 1-propionil-LSD (tambi\u00e9n conocido como secantes 1P-LSD) a un excelente precio. \u00a1Haga clic en el sitio web para ordenar hoy!\" \/>\n<meta name=\"robots\" content=\"index, follow, max-snippet:-1, max-image-preview:large, max-video-preview:-1\" \/>\n<link rel=\"canonical\" href=\"https:\/\/medicinasinc.com\/es\/product\/comprar-lsd-100mcg-blotters\/\" \/>\n<meta property=\"og:locale\" content=\"es_ES\" \/>\n<meta property=\"og:type\" content=\"article\" \/>\n<meta property=\"og:title\" content=\"Comprar LSD 100mcg BLOTTERS - Best Best Global Meds\" \/>\n<meta property=\"og:description\" content=\"Compre secantes LSD de 100 mcg en Europa, Reino Unido a la venta 1-propionil-LSD (tambi\u00e9n conocido como secantes 1P-LSD) a un excelente precio. \u00a1Haga clic en el sitio web para ordenar hoy!\" \/>\n<meta property=\"og:url\" content=\"https:\/\/medicinasinc.com\/es\/product\/comprar-lsd-100mcg-blotters\/\" \/>\n<meta property=\"og:site_name\" content=\"Medicinas Inc\" \/>\n<meta property=\"article:modified_time\" content=\"2022-03-22T01:02:16+00:00\" \/>\n<meta property=\"og:image\" content=\"https:\/\/medicinasinc.com\/es\/wp-content\/uploads\/sites\/15\/2022\/02\/Buy-LSD-100mcg-blotters-1.jpg\" \/>\n\t<meta property=\"og:image:width\" content=\"960\" \/>\n\t<meta property=\"og:image:height\" content=\"720\" \/>\n\t<meta property=\"og:image:type\" content=\"image\/jpeg\" \/>\n<meta name=\"twitter:card\" content=\"summary_large_image\" \/>\n<meta name=\"twitter:label1\" content=\"Tiempo de lectura\" \/>\n\t<meta name=\"twitter:data1\" content=\"1 minuto\" \/>\n<script type=\"application\/ld+json\" class=\"yoast-schema-graph\">{\"@context\":\"https:\\\/\\\/schema.org\",\"@graph\":[{\"@type\":\"WebPage\",\"@id\":\"https:\\\/\\\/medicinasinc.com\\\/es\\\/product\\\/comprar-lsd-100mcg-blotters\\\/\",\"url\":\"https:\\\/\\\/medicinasinc.com\\\/es\\\/product\\\/comprar-lsd-100mcg-blotters\\\/\",\"name\":\"Comprar LSD 100mcg BLOTTERS - Best Best Global Meds\",\"isPartOf\":{\"@id\":\"https:\\\/\\\/medicinasinc.com\\\/es\\\/#website\"},\"primaryImageOfPage\":{\"@id\":\"https:\\\/\\\/medicinasinc.com\\\/es\\\/product\\\/comprar-lsd-100mcg-blotters\\\/#primaryimage\"},\"image\":{\"@id\":\"https:\\\/\\\/medicinasinc.com\\\/es\\\/product\\\/comprar-lsd-100mcg-blotters\\\/#primaryimage\"},\"thumbnailUrl\":\"https:\\\/\\\/medicinasinc.com\\\/es\\\/wp-content\\\/uploads\\\/sites\\\/15\\\/2022\\\/02\\\/Buy-LSD-100mcg-blotters-1.jpg\",\"datePublished\":\"2022-02-20T17:01:48+00:00\",\"dateModified\":\"2022-03-22T01:02:16+00:00\",\"description\":\"Compre secantes LSD de 100 mcg en Europa, Reino Unido a la venta 1-propionil-LSD (tambi\u00e9n conocido como secantes 1P-LSD) a un excelente precio. \u00a1Haga clic en el sitio web para ordenar hoy!\",\"breadcrumb\":{\"@id\":\"https:\\\/\\\/medicinasinc.com\\\/es\\\/product\\\/comprar-lsd-100mcg-blotters\\\/#breadcrumb\"},\"inLanguage\":\"es\",\"potentialAction\":[{\"@type\":\"ReadAction\",\"target\":[\"https:\\\/\\\/medicinasinc.com\\\/es\\\/product\\\/comprar-lsd-100mcg-blotters\\\/\"]}]},{\"@type\":\"ImageObject\",\"inLanguage\":\"es\",\"@id\":\"https:\\\/\\\/medicinasinc.com\\\/es\\\/product\\\/comprar-lsd-100mcg-blotters\\\/#primaryimage\",\"url\":\"https:\\\/\\\/medicinasinc.com\\\/es\\\/wp-content\\\/uploads\\\/sites\\\/15\\\/2022\\\/02\\\/Buy-LSD-100mcg-blotters-1.jpg\",\"contentUrl\":\"https:\\\/\\\/medicinasinc.com\\\/es\\\/wp-content\\\/uploads\\\/sites\\\/15\\\/2022\\\/02\\\/Buy-LSD-100mcg-blotters-1.jpg\",\"width\":960,\"height\":720},{\"@type\":\"BreadcrumbList\",\"@id\":\"https:\\\/\\\/medicinasinc.com\\\/es\\\/product\\\/comprar-lsd-100mcg-blotters\\\/#breadcrumb\",\"itemListElement\":[{\"@type\":\"ListItem\",\"position\":1,\"name\":\"Tienda\",\"item\":\"https:\\\/\\\/medicinasinc.com\\\/es\\\/tienda\\\/\"},{\"@type\":\"ListItem\",\"position\":2,\"name\":\"Comprar LSD BLOTTERS 100mcg\"}]},{\"@type\":\"WebSite\",\"@id\":\"https:\\\/\\\/medicinasinc.com\\\/es\\\/#website\",\"url\":\"https:\\\/\\\/medicinasinc.com\\\/es\\\/\",\"name\":\"Medicinas Inc\",\"description\":\"Cl\u00ednica M\u00e9dica de Salud\",\"potentialAction\":[{\"@type\":\"SearchAction\",\"target\":{\"@type\":\"EntryPoint\",\"urlTemplate\":\"https:\\\/\\\/medicinasinc.com\\\/es\\\/?s={search_term_string}\"},\"query-input\":{\"@type\":\"PropertyValueSpecification\",\"valueRequired\":true,\"valueName\":\"search_term_string\"}}],\"inLanguage\":\"es\"}]}<\/script>\n<!-- \/ Yoast SEO plugin. -->","yoast_head_json":{"title":"Comprar LSD 100mcg BLOTTERS - Best Best Global Meds","description":"Compre secantes LSD de 100 mcg en Europa, Reino Unido a la venta 1-propionil-LSD (tambi\u00e9n conocido como secantes 1P-LSD) a un excelente precio. \u00a1Haga clic en el sitio web para ordenar hoy!","robots":{"index":"index","follow":"follow","max-snippet":"max-snippet:-1","max-image-preview":"max-image-preview:large","max-video-preview":"max-video-preview:-1"},"canonical":"https:\/\/medicinasinc.com\/es\/product\/comprar-lsd-100mcg-blotters\/","og_locale":"es_ES","og_type":"article","og_title":"Comprar LSD 100mcg BLOTTERS - Best Best Global Meds","og_description":"Compre secantes LSD de 100 mcg en Europa, Reino Unido a la venta 1-propionil-LSD (tambi\u00e9n conocido como secantes 1P-LSD) a un excelente precio. \u00a1Haga clic en el sitio web para ordenar hoy!","og_url":"https:\/\/medicinasinc.com\/es\/product\/comprar-lsd-100mcg-blotters\/","og_site_name":"Medicinas Inc","article_modified_time":"2022-03-22T01:02:16+00:00","og_image":[{"width":960,"height":720,"url":"https:\/\/medicinasinc.com\/es\/wp-content\/uploads\/sites\/15\/2022\/02\/Buy-LSD-100mcg-blotters-1.jpg","type":"image\/jpeg"}],"twitter_card":"summary_large_image","twitter_misc":{"Tiempo de lectura":"1 minuto"},"schema":{"@context":"https:\/\/schema.org","@graph":[{"@type":"WebPage","@id":"https:\/\/medicinasinc.com\/es\/product\/comprar-lsd-100mcg-blotters\/","url":"https:\/\/medicinasinc.com\/es\/product\/comprar-lsd-100mcg-blotters\/","name":"Comprar LSD 100mcg BLOTTERS - Best Best Global Meds","isPartOf":{"@id":"https:\/\/medicinasinc.com\/es\/#website"},"primaryImageOfPage":{"@id":"https:\/\/medicinasinc.com\/es\/product\/comprar-lsd-100mcg-blotters\/#primaryimage"},"image":{"@id":"https:\/\/medicinasinc.com\/es\/product\/comprar-lsd-100mcg-blotters\/#primaryimage"},"thumbnailUrl":"https:\/\/medicinasinc.com\/es\/wp-content\/uploads\/sites\/15\/2022\/02\/Buy-LSD-100mcg-blotters-1.jpg","datePublished":"2022-02-20T17:01:48+00:00","dateModified":"2022-03-22T01:02:16+00:00","description":"Compre secantes LSD de 100 mcg en Europa, Reino Unido a la venta 1-propionil-LSD (tambi\u00e9n conocido como secantes 1P-LSD) a un excelente precio. \u00a1Haga clic en el sitio web para ordenar hoy!","breadcrumb":{"@id":"https:\/\/medicinasinc.com\/es\/product\/comprar-lsd-100mcg-blotters\/#breadcrumb"},"inLanguage":"es","potentialAction":[{"@type":"ReadAction","target":["https:\/\/medicinasinc.com\/es\/product\/comprar-lsd-100mcg-blotters\/"]}]},{"@type":"ImageObject","inLanguage":"es","@id":"https:\/\/medicinasinc.com\/es\/product\/comprar-lsd-100mcg-blotters\/#primaryimage","url":"https:\/\/medicinasinc.com\/es\/wp-content\/uploads\/sites\/15\/2022\/02\/Buy-LSD-100mcg-blotters-1.jpg","contentUrl":"https:\/\/medicinasinc.com\/es\/wp-content\/uploads\/sites\/15\/2022\/02\/Buy-LSD-100mcg-blotters-1.jpg","width":960,"height":720},{"@type":"BreadcrumbList","@id":"https:\/\/medicinasinc.com\/es\/product\/comprar-lsd-100mcg-blotters\/#breadcrumb","itemListElement":[{"@type":"ListItem","position":1,"name":"Tienda","item":"https:\/\/medicinasinc.com\/es\/tienda\/"},{"@type":"ListItem","position":2,"name":"Comprar LSD BLOTTERS 100mcg"}]},{"@type":"WebSite","@id":"https:\/\/medicinasinc.com\/es\/#website","url":"https:\/\/medicinasinc.com\/es\/","name":"Medicinas Inc","description":"Cl\u00ednica M\u00e9dica de Salud","potentialAction":[{"@type":"SearchAction","target":{"@type":"EntryPoint","urlTemplate":"https:\/\/medicinasinc.com\/es\/?s={search_term_string}"},"query-input":{"@type":"PropertyValueSpecification","valueRequired":true,"valueName":"search_term_string"}}],"inLanguage":"es"}]}},"_links":{"self":[{"href":"https:\/\/medicinasinc.com\/es\/wp-json\/wp\/v2\/product\/4861","targetHints":{"allow":["GET"]}}],"collection":[{"href":"https:\/\/medicinasinc.com\/es\/wp-json\/wp\/v2\/product"}],"about":[{"href":"https:\/\/medicinasinc.com\/es\/wp-json\/wp\/v2\/types\/product"}],"replies":[{"embeddable":true,"href":"https:\/\/medicinasinc.com\/es\/wp-json\/wp\/v2\/comments?post=4861"}],"wp:featuredmedia":[{"embeddable":true,"href":"https:\/\/medicinasinc.com\/es\/wp-json\/wp\/v2\/media\/4876"}],"wp:attachment":[{"href":"https:\/\/medicinasinc.com\/es\/wp-json\/wp\/v2\/media?parent=4861"}],"wp:term":[{"taxonomy":"product_brand","embeddable":true,"href":"https:\/\/medicinasinc.com\/es\/wp-json\/wp\/v2\/product_brand?post=4861"},{"taxonomy":"product_cat","embeddable":true,"href":"https:\/\/medicinasinc.com\/es\/wp-json\/wp\/v2\/product_cat?post=4861"},{"taxonomy":"product_tag","embeddable":true,"href":"https:\/\/medicinasinc.com\/es\/wp-json\/wp\/v2\/product_tag?post=4861"}],"curies":[{"name":"wp","href":"https:\/\/api.w.org\/{rel}","templated":true}]}}