{"id":4859,"date":"2022-02-20T17:00:55","date_gmt":"2022-02-20T17:00:55","guid":{"rendered":"https:\/\/medicinasinc.com\/es\/?post_type=product&#038;p=4859"},"modified":"2022-03-22T01:02:27","modified_gmt":"2022-03-22T01:02:27","slug":"comprar-calidad-al-lad-blotters","status":"publish","type":"product","link":"https:\/\/medicinasinc.com\/es\/product\/comprar-calidad-al-lad-blotters\/","title":{"rendered":"Comprar secantes AL-LAD de calidad"},"content":{"rendered":"<p>Compre secantes AL-LAD baratos en l\u00ednea. Papel secante AL-LAD de 150 mcg.<\/p>\n<p>\u00bfQu\u00e9 es exactamente AL-LAD?<\/p>\n<p>6-alilo-6-nor-<\/p>\n<p>AL-LAD, m\u00e1s com\u00fanmente conocido como LSD, es una droga psicod\u00e9lica con propiedades similares al LSD (dietilamida del \u00e1cido lis\u00e9rgico). Se sintetiz\u00f3 por primera vez en 1976 y desde entonces se ha convertido en una droga popular en el mercado de \u00abproductos qu\u00edmicos de investigaci\u00f3n\u00bb y \u00abnuevas sustancias psicoactivas\u00bb. AL-LAD produce un \u00abviaje\u00bb psicoactivo que es muy similar al del LSD.<\/p>\n<p>AL-LAD se utiliz\u00f3 por primera vez con fines recreativos en Irlanda y el Reino Unido. Apareci\u00f3 en el libro TIHKAL (triptaminas que he conocido y amado) de Alexander Shulgin de 1997. Como resultado, la popularidad de la droga se ha extendido a nivel mundial. Ahora, personas de todo el mundo, incluido Estados Unidos, est\u00e1n experimentando con la droga.<\/p>\n<p>El estado legal de AL-LAD es algo ambiguo. No est\u00e1 clasificada como sustancia controlada seg\u00fan la ley federal de los Estados Unidos. Sin embargo, es un an\u00e1logo del LSD, lo que significa que las ventas o la posesi\u00f3n con la intenci\u00f3n de distribuir pueden dar lugar a acciones judiciales en virtud de la Ley Federal An\u00e1loga.<\/p>\n<p>Los viajes de AL-LAD se parecen a los viajes de LSD en la mayor\u00eda de los sentidos. El f\u00e1rmaco se toma por v\u00eda oral, con frecuencia a trav\u00e9s de papeles secantes. Como resultado, los efectos comienzan a manifestarse veinte minutos a una hora despu\u00e9s del consumo. Los usuarios encontrar\u00e1n lo siguiente:<\/p>\n<p>Estimulaci\u00f3n o aumento de energ\u00eda<br \/> Euforia<br \/> Hormigueo o entumecimiento de las extremidades<br \/> Sensibilizaci\u00f3n<br \/> Desorientaci\u00f3n visual<br \/> Alucinaciones<\/p>\n<p>Entre los posibles efectos adversos del uso de AL-LAD se encuentran los siguientes:<br \/> Dificultad para concentrarse o pensar<br \/> Aumento del ritmo card\u00edaco<br \/> Fluctuaciones de temperatura en el cuerpo<br \/> N\u00e1useas<br \/> Delirios<br \/> Bucles de pensamiento negativo<br \/> Constricci\u00f3n de los vasos (estrechamiento de los vasos sangu\u00edneos)<br \/> Convulsiones<\/p>\n<p>El LSD es una de las sustancias psicod\u00e9licas m\u00e1s investigadas. A pesar de la etiqueta &#8216;medicamento de investigaci\u00f3n&#8217;, se ha realizado muy poca investigaci\u00f3n cient\u00edfica real sobre AL-LAD. Esto significa que la lista de consecuencias inmediatas puede no ser exhaustiva. Adem\u00e1s, hay poca o ninguna investigaci\u00f3n sobre los efectos a largo plazo de la droga.<\/p>\n<p>El abuso prolongado de alucin\u00f3genos puede tener una variedad de consecuencias negativas. HPPD es una condici\u00f3n en la que una persona experimenta flashbacks espont\u00e1neos de distorsiones visuales o alucinaciones. Este trastorno cr\u00f3nico se ha observado en personas que han consumido una variedad de sustancias alucin\u00f3genas, como LSD, hongos y DMT.<\/p>\n","protected":false},"excerpt":{"rendered":"<p>Compre secantes AL-LAD baratos para la venta en el Reino Unido, Europa en l\u00ednea. 6-alil-6-nor-LSD es una lisergamida psicod\u00e9lica tambi\u00e9n conocida como AL LAD (dietilamida del \u00e1cido lis\u00e9rgico). Secantes AL-LAD 150mcg.<\/p>\n<p>El pedido m\u00ednimo es de 15 secantes.<\/p>\n","protected":false},"featured_media":4874,"comment_status":"open","ping_status":"closed","template":"","meta":[],"product_brand":[],"product_cat":[703],"product_tag":[],"class_list":{"0":"post-4859","1":"product","2":"type-product","3":"status-publish","4":"has-post-thumbnail","6":"product_cat-comprar-drogas-psicodelicas","8":"first","9":"instock","10":"shipping-taxable","11":"purchasable","12":"product-type-variable","13":"has-default-attributes"},"yoast_head":"<!-- This site is optimized with the Yoast SEO plugin v27.3 - https:\/\/yoast.com\/product\/yoast-seo-wordpress\/ -->\n<title>Comprar secantes AL-LAD de calidad - Best Best Global Meds<\/title>\n<meta name=\"description\" content=\"Comprar secantes AL-LAD Baratos para la venta Reino Unido, Europa en l\u00ednea. 6-alil-6-nor-LSD es una lisergamida psicod\u00e9lica tambi\u00e9n conocida como AL LAD (dietilamida del \u00e1cido lis\u00e9rgico). Papel secante AL-LAD de 150 mcg.\" \/>\n<meta name=\"robots\" content=\"index, follow, max-snippet:-1, max-image-preview:large, max-video-preview:-1\" \/>\n<link rel=\"canonical\" href=\"https:\/\/medicinasinc.com\/es\/product\/comprar-calidad-al-lad-blotters\/\" \/>\n<meta property=\"og:locale\" content=\"es_ES\" \/>\n<meta property=\"og:type\" content=\"article\" \/>\n<meta property=\"og:title\" content=\"Comprar secantes AL-LAD de calidad - Best Best Global Meds\" \/>\n<meta property=\"og:description\" content=\"Comprar secantes AL-LAD Baratos para la venta Reino Unido, Europa en l\u00ednea. 6-alil-6-nor-LSD es una lisergamida psicod\u00e9lica tambi\u00e9n conocida como AL LAD (dietilamida del \u00e1cido lis\u00e9rgico). Papel secante AL-LAD de 150 mcg.\" \/>\n<meta property=\"og:url\" content=\"https:\/\/medicinasinc.com\/es\/product\/comprar-calidad-al-lad-blotters\/\" \/>\n<meta property=\"og:site_name\" content=\"Medicinas Inc\" \/>\n<meta property=\"article:modified_time\" content=\"2022-03-22T01:02:27+00:00\" \/>\n<meta property=\"og:image\" content=\"https:\/\/medicinasinc.com\/es\/wp-content\/uploads\/sites\/15\/2022\/02\/Buy-Quality-AL-LAD-blotters.jpg\" \/>\n\t<meta property=\"og:image:width\" content=\"225\" \/>\n\t<meta property=\"og:image:height\" content=\"225\" \/>\n\t<meta property=\"og:image:type\" content=\"image\/jpeg\" \/>\n<meta name=\"twitter:card\" content=\"summary_large_image\" \/>\n<meta name=\"twitter:label1\" content=\"Tiempo de lectura\" \/>\n\t<meta name=\"twitter:data1\" content=\"2 minutos\" \/>\n<script type=\"application\/ld+json\" class=\"yoast-schema-graph\">{\"@context\":\"https:\\\/\\\/schema.org\",\"@graph\":[{\"@type\":\"WebPage\",\"@id\":\"https:\\\/\\\/medicinasinc.com\\\/es\\\/product\\\/comprar-calidad-al-lad-blotters\\\/\",\"url\":\"https:\\\/\\\/medicinasinc.com\\\/es\\\/product\\\/comprar-calidad-al-lad-blotters\\\/\",\"name\":\"Comprar secantes AL-LAD de calidad - Best Best Global Meds\",\"isPartOf\":{\"@id\":\"https:\\\/\\\/medicinasinc.com\\\/es\\\/#website\"},\"primaryImageOfPage\":{\"@id\":\"https:\\\/\\\/medicinasinc.com\\\/es\\\/product\\\/comprar-calidad-al-lad-blotters\\\/#primaryimage\"},\"image\":{\"@id\":\"https:\\\/\\\/medicinasinc.com\\\/es\\\/product\\\/comprar-calidad-al-lad-blotters\\\/#primaryimage\"},\"thumbnailUrl\":\"https:\\\/\\\/medicinasinc.com\\\/es\\\/wp-content\\\/uploads\\\/sites\\\/15\\\/2022\\\/02\\\/Buy-Quality-AL-LAD-blotters.jpg\",\"datePublished\":\"2022-02-20T17:00:55+00:00\",\"dateModified\":\"2022-03-22T01:02:27+00:00\",\"description\":\"Comprar secantes AL-LAD Baratos para la venta Reino Unido, Europa en l\u00ednea. 6-alil-6-nor-LSD es una lisergamida psicod\u00e9lica tambi\u00e9n conocida como AL LAD (dietilamida del \u00e1cido lis\u00e9rgico). Papel secante AL-LAD de 150 mcg.\",\"breadcrumb\":{\"@id\":\"https:\\\/\\\/medicinasinc.com\\\/es\\\/product\\\/comprar-calidad-al-lad-blotters\\\/#breadcrumb\"},\"inLanguage\":\"es\",\"potentialAction\":[{\"@type\":\"ReadAction\",\"target\":[\"https:\\\/\\\/medicinasinc.com\\\/es\\\/product\\\/comprar-calidad-al-lad-blotters\\\/\"]}]},{\"@type\":\"ImageObject\",\"inLanguage\":\"es\",\"@id\":\"https:\\\/\\\/medicinasinc.com\\\/es\\\/product\\\/comprar-calidad-al-lad-blotters\\\/#primaryimage\",\"url\":\"https:\\\/\\\/medicinasinc.com\\\/es\\\/wp-content\\\/uploads\\\/sites\\\/15\\\/2022\\\/02\\\/Buy-Quality-AL-LAD-blotters.jpg\",\"contentUrl\":\"https:\\\/\\\/medicinasinc.com\\\/es\\\/wp-content\\\/uploads\\\/sites\\\/15\\\/2022\\\/02\\\/Buy-Quality-AL-LAD-blotters.jpg\",\"width\":225,\"height\":225},{\"@type\":\"BreadcrumbList\",\"@id\":\"https:\\\/\\\/medicinasinc.com\\\/es\\\/product\\\/comprar-calidad-al-lad-blotters\\\/#breadcrumb\",\"itemListElement\":[{\"@type\":\"ListItem\",\"position\":1,\"name\":\"Tienda\",\"item\":\"https:\\\/\\\/medicinasinc.com\\\/es\\\/tienda\\\/\"},{\"@type\":\"ListItem\",\"position\":2,\"name\":\"Comprar secantes AL-LAD de calidad\"}]},{\"@type\":\"WebSite\",\"@id\":\"https:\\\/\\\/medicinasinc.com\\\/es\\\/#website\",\"url\":\"https:\\\/\\\/medicinasinc.com\\\/es\\\/\",\"name\":\"Medicinas Inc\",\"description\":\"Cl\u00ednica M\u00e9dica de Salud\",\"potentialAction\":[{\"@type\":\"SearchAction\",\"target\":{\"@type\":\"EntryPoint\",\"urlTemplate\":\"https:\\\/\\\/medicinasinc.com\\\/es\\\/?s={search_term_string}\"},\"query-input\":{\"@type\":\"PropertyValueSpecification\",\"valueRequired\":true,\"valueName\":\"search_term_string\"}}],\"inLanguage\":\"es\"}]}<\/script>\n<!-- \/ Yoast SEO plugin. -->","yoast_head_json":{"title":"Comprar secantes AL-LAD de calidad - Best Best Global Meds","description":"Comprar secantes AL-LAD Baratos para la venta Reino Unido, Europa en l\u00ednea. 6-alil-6-nor-LSD es una lisergamida psicod\u00e9lica tambi\u00e9n conocida como AL LAD (dietilamida del \u00e1cido lis\u00e9rgico). Papel secante AL-LAD de 150 mcg.","robots":{"index":"index","follow":"follow","max-snippet":"max-snippet:-1","max-image-preview":"max-image-preview:large","max-video-preview":"max-video-preview:-1"},"canonical":"https:\/\/medicinasinc.com\/es\/product\/comprar-calidad-al-lad-blotters\/","og_locale":"es_ES","og_type":"article","og_title":"Comprar secantes AL-LAD de calidad - Best Best Global Meds","og_description":"Comprar secantes AL-LAD Baratos para la venta Reino Unido, Europa en l\u00ednea. 6-alil-6-nor-LSD es una lisergamida psicod\u00e9lica tambi\u00e9n conocida como AL LAD (dietilamida del \u00e1cido lis\u00e9rgico). Papel secante AL-LAD de 150 mcg.","og_url":"https:\/\/medicinasinc.com\/es\/product\/comprar-calidad-al-lad-blotters\/","og_site_name":"Medicinas Inc","article_modified_time":"2022-03-22T01:02:27+00:00","og_image":[{"width":225,"height":225,"url":"https:\/\/medicinasinc.com\/es\/wp-content\/uploads\/sites\/15\/2022\/02\/Buy-Quality-AL-LAD-blotters.jpg","type":"image\/jpeg"}],"twitter_card":"summary_large_image","twitter_misc":{"Tiempo de lectura":"2 minutos"},"schema":{"@context":"https:\/\/schema.org","@graph":[{"@type":"WebPage","@id":"https:\/\/medicinasinc.com\/es\/product\/comprar-calidad-al-lad-blotters\/","url":"https:\/\/medicinasinc.com\/es\/product\/comprar-calidad-al-lad-blotters\/","name":"Comprar secantes AL-LAD de calidad - Best Best Global Meds","isPartOf":{"@id":"https:\/\/medicinasinc.com\/es\/#website"},"primaryImageOfPage":{"@id":"https:\/\/medicinasinc.com\/es\/product\/comprar-calidad-al-lad-blotters\/#primaryimage"},"image":{"@id":"https:\/\/medicinasinc.com\/es\/product\/comprar-calidad-al-lad-blotters\/#primaryimage"},"thumbnailUrl":"https:\/\/medicinasinc.com\/es\/wp-content\/uploads\/sites\/15\/2022\/02\/Buy-Quality-AL-LAD-blotters.jpg","datePublished":"2022-02-20T17:00:55+00:00","dateModified":"2022-03-22T01:02:27+00:00","description":"Comprar secantes AL-LAD Baratos para la venta Reino Unido, Europa en l\u00ednea. 6-alil-6-nor-LSD es una lisergamida psicod\u00e9lica tambi\u00e9n conocida como AL LAD (dietilamida del \u00e1cido lis\u00e9rgico). Papel secante AL-LAD de 150 mcg.","breadcrumb":{"@id":"https:\/\/medicinasinc.com\/es\/product\/comprar-calidad-al-lad-blotters\/#breadcrumb"},"inLanguage":"es","potentialAction":[{"@type":"ReadAction","target":["https:\/\/medicinasinc.com\/es\/product\/comprar-calidad-al-lad-blotters\/"]}]},{"@type":"ImageObject","inLanguage":"es","@id":"https:\/\/medicinasinc.com\/es\/product\/comprar-calidad-al-lad-blotters\/#primaryimage","url":"https:\/\/medicinasinc.com\/es\/wp-content\/uploads\/sites\/15\/2022\/02\/Buy-Quality-AL-LAD-blotters.jpg","contentUrl":"https:\/\/medicinasinc.com\/es\/wp-content\/uploads\/sites\/15\/2022\/02\/Buy-Quality-AL-LAD-blotters.jpg","width":225,"height":225},{"@type":"BreadcrumbList","@id":"https:\/\/medicinasinc.com\/es\/product\/comprar-calidad-al-lad-blotters\/#breadcrumb","itemListElement":[{"@type":"ListItem","position":1,"name":"Tienda","item":"https:\/\/medicinasinc.com\/es\/tienda\/"},{"@type":"ListItem","position":2,"name":"Comprar secantes AL-LAD de calidad"}]},{"@type":"WebSite","@id":"https:\/\/medicinasinc.com\/es\/#website","url":"https:\/\/medicinasinc.com\/es\/","name":"Medicinas Inc","description":"Cl\u00ednica M\u00e9dica de Salud","potentialAction":[{"@type":"SearchAction","target":{"@type":"EntryPoint","urlTemplate":"https:\/\/medicinasinc.com\/es\/?s={search_term_string}"},"query-input":{"@type":"PropertyValueSpecification","valueRequired":true,"valueName":"search_term_string"}}],"inLanguage":"es"}]}},"_links":{"self":[{"href":"https:\/\/medicinasinc.com\/es\/wp-json\/wp\/v2\/product\/4859","targetHints":{"allow":["GET"]}}],"collection":[{"href":"https:\/\/medicinasinc.com\/es\/wp-json\/wp\/v2\/product"}],"about":[{"href":"https:\/\/medicinasinc.com\/es\/wp-json\/wp\/v2\/types\/product"}],"replies":[{"embeddable":true,"href":"https:\/\/medicinasinc.com\/es\/wp-json\/wp\/v2\/comments?post=4859"}],"wp:featuredmedia":[{"embeddable":true,"href":"https:\/\/medicinasinc.com\/es\/wp-json\/wp\/v2\/media\/4874"}],"wp:attachment":[{"href":"https:\/\/medicinasinc.com\/es\/wp-json\/wp\/v2\/media?parent=4859"}],"wp:term":[{"taxonomy":"product_brand","embeddable":true,"href":"https:\/\/medicinasinc.com\/es\/wp-json\/wp\/v2\/product_brand?post=4859"},{"taxonomy":"product_cat","embeddable":true,"href":"https:\/\/medicinasinc.com\/es\/wp-json\/wp\/v2\/product_cat?post=4859"},{"taxonomy":"product_tag","embeddable":true,"href":"https:\/\/medicinasinc.com\/es\/wp-json\/wp\/v2\/product_tag?post=4859"}],"curies":[{"name":"wp","href":"https:\/\/api.w.org\/{rel}","templated":true}]}}