{"id":4854,"date":"2022-02-20T16:56:44","date_gmt":"2022-02-20T16:56:44","guid":{"rendered":"https:\/\/medicinasinc.com\/es\/?post_type=product&#038;p=4854"},"modified":"2022-03-22T01:02:36","modified_gmt":"2022-03-22T01:02:36","slug":"comprar-lsd-liquido-200ug-drop","status":"publish","type":"product","link":"https:\/\/medicinasinc.com\/es\/product\/comprar-lsd-liquido-200ug-drop\/","title":{"rendered":"Comprar LSD l\u00edquido Gota 200ug"},"content":{"rendered":"<p>Comprar LSD l\u00edquido 200ug &amp; col\u00f3quelo en l\u00ednea a un precio de descuento.<\/p>\n<p>\u00bfQu\u00e9 es el LSD l\u00edquido?<\/p>\n<p>El LSD, o dietilamida del \u00e1cido lis\u00e9rgico, es una sustancia alucin\u00f3gena derivada de una sustancia qu\u00edmica que se encuentra en el hongo del centeno. Es mejor conocido por su uso en la contracultura de la d\u00e9cada de 1960, y su posterior prohibici\u00f3n le vali\u00f3 una reputaci\u00f3n predominantemente negativa.<\/p>\n<p>Albert Hofmann, un cient\u00edfico suizo, sintetiz\u00f3 LSD en 1938 en su laboratorio de Z\u00farich. En 1943, cuando una peque\u00f1a cantidad entr\u00f3 en contacto con su piel, descubri\u00f3 inesperadamente sus propiedades alucin\u00f3genas.<\/p>\n<p>Comprar LSD El LSD es un alucin\u00f3geno muy potente con enormes implicaciones terap\u00e9uticas, espirituales y culturales.<\/p>\n<p>Comprar LSD l\u00edquido 200ug &amp; caer en l\u00ednea a un precio de descuento &#8211; Farmacolog\u00eda<\/p>\n<p>Cuando se ingiere, el LSD act\u00faa como un activador del receptor 5-HT (serotonina) al mismo tiempo que aumenta significativamente los niveles de serotonina en el cerebro al inhibir los sistemas reguladores de la serotonina. Compra LSD l\u00edquido 200ug &amp; ca\u00edda en l\u00ednea a un precio de descuento. 200ug l\u00edquido LSD precio LSD LSD prefiere el subtipo 2A de los 15 receptores de serotonina que se encuentran en el cerebro (5-HT2A). El receptor 5-HT2A est\u00e1 involucrado en los procesos cognitivos de la corteza prefrontal. Esto es fundamental, ya que muchos de los beneficios del LSD se derivan de su participaci\u00f3n en la corteza prefrontal.<\/p>\n<p>\u00bfC\u00f3mo se sintetiza el LSD?<\/p>\n<p>La producci\u00f3n de LSD requiere un s\u00f3lido conocimiento pr\u00e1ctico de la qu\u00edmica org\u00e1nica, un laboratorio totalmente equipado (incluida la capacidad de esterilizar equipos y acceso a un cuarto oscuro), y varias sustancias qu\u00edmicas cuya venta actualmente est\u00e1 prohibida o est\u00e1n sujetas a un estrecho control por parte de la Agencia de Control de Drogas (DEA). A diferencia de las sustancias qu\u00edmicas que se usan para fabricar metanfetamina, no se encuentran en los art\u00edculos dom\u00e9sticos de uso com\u00fan.<\/p>\n<p>Se cree que la corteza prefrontal est\u00e1 involucrada en la planificaci\u00f3n del comportamiento cognitivo complejo, la expresi\u00f3n de la personalidad, la toma de decisiones y la moderaci\u00f3n del comportamiento social. . Compra LSD l\u00edquido 200ug &amp; ca\u00edda en l\u00ednea a un precio de descuento. Adem\u00e1s, es fundamental para la capacidad humana de procesar datos de todos los dem\u00e1s sistemas cerebrales y, como resultado, tomar decisiones dirigidas a objetivos.<\/p>\n<p>La dietilamida del \u00e1cido lis\u00e9rgico, m\u00e1s com\u00fanmente conocida como LSD, es una sustancia psicoactiva que altera la percepci\u00f3n y provoca alucinaciones.<\/p>\n","protected":false},"excerpt":{"rendered":"<p>LSD Liquid 200ug drop a la venta en Reino Unido, Europa al mejor precio del mercado. Todos nuestros productos est\u00e1n hechos con ingredientes totalmente naturales y libres de THC. \u00a1Haz tu pedido online ahora!<\/p>\n<p>Compra LSD l\u00edquida 200ug &amp; ca\u00edda en l\u00ednea a un precio de descuento. Comprar LSD es un proceso simple; est\u00e1 disponible en l\u00ednea en los Estados Unidos de Am\u00e9rica.<\/p>\n<p>Coste de 200ug &#8211; 350<\/p>\n<p>&nbsp;<\/p>\n<p>&nbsp;<\/p>\n","protected":false},"featured_media":4868,"comment_status":"open","ping_status":"closed","template":"","meta":[],"product_brand":[],"product_cat":[703],"product_tag":[],"class_list":{"0":"post-4854","1":"product","2":"type-product","3":"status-publish","4":"has-post-thumbnail","6":"product_cat-comprar-drogas-psicodelicas","8":"first","9":"instock","10":"shipping-taxable","11":"purchasable","12":"product-type-simple"},"yoast_head":"<!-- This site is optimized with the Yoast SEO plugin v27.3 - https:\/\/yoast.com\/product\/yoast-seo-wordpress\/ -->\n<title>Comprar LSD liquido 200ug Drop - Best Best Global Meds<\/title>\n<meta name=\"description\" content=\"Comprar LSD Liquid 200ug drop en Reino Unido, Europa a la venta al mejor precio del mercado. Todos nuestros productos est\u00e1n hechos con ingredientes naturales puros libres de THC. \u00a1Ordene en l\u00ednea ahora!\" \/>\n<meta name=\"robots\" content=\"index, follow, max-snippet:-1, max-image-preview:large, max-video-preview:-1\" \/>\n<link rel=\"canonical\" href=\"https:\/\/medicinasinc.com\/es\/product\/comprar-lsd-liquido-200ug-drop\/\" \/>\n<meta property=\"og:locale\" content=\"es_ES\" \/>\n<meta property=\"og:type\" content=\"article\" \/>\n<meta property=\"og:title\" content=\"Comprar LSD liquido 200ug Drop - Best Best Global Meds\" \/>\n<meta property=\"og:description\" content=\"Comprar LSD Liquid 200ug drop en Reino Unido, Europa a la venta al mejor precio del mercado. Todos nuestros productos est\u00e1n hechos con ingredientes naturales puros libres de THC. \u00a1Ordene en l\u00ednea ahora!\" \/>\n<meta property=\"og:url\" content=\"https:\/\/medicinasinc.com\/es\/product\/comprar-lsd-liquido-200ug-drop\/\" \/>\n<meta property=\"og:site_name\" content=\"Medicinas Inc\" \/>\n<meta property=\"article:modified_time\" content=\"2022-03-22T01:02:36+00:00\" \/>\n<meta property=\"og:image\" content=\"https:\/\/medicinasinc.com\/es\/wp-content\/uploads\/sites\/15\/2022\/02\/Buy-LSD-liquid-200ug-Drop.jpg\" \/>\n\t<meta property=\"og:image:width\" content=\"363\" \/>\n\t<meta property=\"og:image:height\" content=\"445\" \/>\n\t<meta property=\"og:image:type\" content=\"image\/jpeg\" \/>\n<meta name=\"twitter:card\" content=\"summary_large_image\" \/>\n<meta name=\"twitter:label1\" content=\"Tiempo de lectura\" \/>\n\t<meta name=\"twitter:data1\" content=\"2 minutos\" \/>\n<script type=\"application\/ld+json\" class=\"yoast-schema-graph\">{\"@context\":\"https:\\\/\\\/schema.org\",\"@graph\":[{\"@type\":\"WebPage\",\"@id\":\"https:\\\/\\\/medicinasinc.com\\\/es\\\/product\\\/comprar-lsd-liquido-200ug-drop\\\/\",\"url\":\"https:\\\/\\\/medicinasinc.com\\\/es\\\/product\\\/comprar-lsd-liquido-200ug-drop\\\/\",\"name\":\"Comprar LSD liquido 200ug Drop - Best Best Global Meds\",\"isPartOf\":{\"@id\":\"https:\\\/\\\/medicinasinc.com\\\/es\\\/#website\"},\"primaryImageOfPage\":{\"@id\":\"https:\\\/\\\/medicinasinc.com\\\/es\\\/product\\\/comprar-lsd-liquido-200ug-drop\\\/#primaryimage\"},\"image\":{\"@id\":\"https:\\\/\\\/medicinasinc.com\\\/es\\\/product\\\/comprar-lsd-liquido-200ug-drop\\\/#primaryimage\"},\"thumbnailUrl\":\"https:\\\/\\\/medicinasinc.com\\\/es\\\/wp-content\\\/uploads\\\/sites\\\/15\\\/2022\\\/02\\\/Buy-LSD-liquid-200ug-Drop.jpg\",\"datePublished\":\"2022-02-20T16:56:44+00:00\",\"dateModified\":\"2022-03-22T01:02:36+00:00\",\"description\":\"Comprar LSD Liquid 200ug drop en Reino Unido, Europa a la venta al mejor precio del mercado. Todos nuestros productos est\u00e1n hechos con ingredientes naturales puros libres de THC. \u00a1Ordene en l\u00ednea ahora!\",\"breadcrumb\":{\"@id\":\"https:\\\/\\\/medicinasinc.com\\\/es\\\/product\\\/comprar-lsd-liquido-200ug-drop\\\/#breadcrumb\"},\"inLanguage\":\"es\",\"potentialAction\":[{\"@type\":\"ReadAction\",\"target\":[\"https:\\\/\\\/medicinasinc.com\\\/es\\\/product\\\/comprar-lsd-liquido-200ug-drop\\\/\"]}]},{\"@type\":\"ImageObject\",\"inLanguage\":\"es\",\"@id\":\"https:\\\/\\\/medicinasinc.com\\\/es\\\/product\\\/comprar-lsd-liquido-200ug-drop\\\/#primaryimage\",\"url\":\"https:\\\/\\\/medicinasinc.com\\\/es\\\/wp-content\\\/uploads\\\/sites\\\/15\\\/2022\\\/02\\\/Buy-LSD-liquid-200ug-Drop.jpg\",\"contentUrl\":\"https:\\\/\\\/medicinasinc.com\\\/es\\\/wp-content\\\/uploads\\\/sites\\\/15\\\/2022\\\/02\\\/Buy-LSD-liquid-200ug-Drop.jpg\",\"width\":363,\"height\":445},{\"@type\":\"BreadcrumbList\",\"@id\":\"https:\\\/\\\/medicinasinc.com\\\/es\\\/product\\\/comprar-lsd-liquido-200ug-drop\\\/#breadcrumb\",\"itemListElement\":[{\"@type\":\"ListItem\",\"position\":1,\"name\":\"Tienda\",\"item\":\"https:\\\/\\\/medicinasinc.com\\\/es\\\/tienda\\\/\"},{\"@type\":\"ListItem\",\"position\":2,\"name\":\"Comprar LSD l\u00edquido Gota 200ug\"}]},{\"@type\":\"WebSite\",\"@id\":\"https:\\\/\\\/medicinasinc.com\\\/es\\\/#website\",\"url\":\"https:\\\/\\\/medicinasinc.com\\\/es\\\/\",\"name\":\"Medicinas Inc\",\"description\":\"Cl\u00ednica M\u00e9dica de Salud\",\"potentialAction\":[{\"@type\":\"SearchAction\",\"target\":{\"@type\":\"EntryPoint\",\"urlTemplate\":\"https:\\\/\\\/medicinasinc.com\\\/es\\\/?s={search_term_string}\"},\"query-input\":{\"@type\":\"PropertyValueSpecification\",\"valueRequired\":true,\"valueName\":\"search_term_string\"}}],\"inLanguage\":\"es\"}]}<\/script>\n<!-- \/ Yoast SEO plugin. -->","yoast_head_json":{"title":"Comprar LSD liquido 200ug Drop - Best Best Global Meds","description":"Comprar LSD Liquid 200ug drop en Reino Unido, Europa a la venta al mejor precio del mercado. Todos nuestros productos est\u00e1n hechos con ingredientes naturales puros libres de THC. \u00a1Ordene en l\u00ednea ahora!","robots":{"index":"index","follow":"follow","max-snippet":"max-snippet:-1","max-image-preview":"max-image-preview:large","max-video-preview":"max-video-preview:-1"},"canonical":"https:\/\/medicinasinc.com\/es\/product\/comprar-lsd-liquido-200ug-drop\/","og_locale":"es_ES","og_type":"article","og_title":"Comprar LSD liquido 200ug Drop - Best Best Global Meds","og_description":"Comprar LSD Liquid 200ug drop en Reino Unido, Europa a la venta al mejor precio del mercado. Todos nuestros productos est\u00e1n hechos con ingredientes naturales puros libres de THC. \u00a1Ordene en l\u00ednea ahora!","og_url":"https:\/\/medicinasinc.com\/es\/product\/comprar-lsd-liquido-200ug-drop\/","og_site_name":"Medicinas Inc","article_modified_time":"2022-03-22T01:02:36+00:00","og_image":[{"width":363,"height":445,"url":"https:\/\/medicinasinc.com\/es\/wp-content\/uploads\/sites\/15\/2022\/02\/Buy-LSD-liquid-200ug-Drop.jpg","type":"image\/jpeg"}],"twitter_card":"summary_large_image","twitter_misc":{"Tiempo de lectura":"2 minutos"},"schema":{"@context":"https:\/\/schema.org","@graph":[{"@type":"WebPage","@id":"https:\/\/medicinasinc.com\/es\/product\/comprar-lsd-liquido-200ug-drop\/","url":"https:\/\/medicinasinc.com\/es\/product\/comprar-lsd-liquido-200ug-drop\/","name":"Comprar LSD liquido 200ug Drop - Best Best Global Meds","isPartOf":{"@id":"https:\/\/medicinasinc.com\/es\/#website"},"primaryImageOfPage":{"@id":"https:\/\/medicinasinc.com\/es\/product\/comprar-lsd-liquido-200ug-drop\/#primaryimage"},"image":{"@id":"https:\/\/medicinasinc.com\/es\/product\/comprar-lsd-liquido-200ug-drop\/#primaryimage"},"thumbnailUrl":"https:\/\/medicinasinc.com\/es\/wp-content\/uploads\/sites\/15\/2022\/02\/Buy-LSD-liquid-200ug-Drop.jpg","datePublished":"2022-02-20T16:56:44+00:00","dateModified":"2022-03-22T01:02:36+00:00","description":"Comprar LSD Liquid 200ug drop en Reino Unido, Europa a la venta al mejor precio del mercado. Todos nuestros productos est\u00e1n hechos con ingredientes naturales puros libres de THC. \u00a1Ordene en l\u00ednea ahora!","breadcrumb":{"@id":"https:\/\/medicinasinc.com\/es\/product\/comprar-lsd-liquido-200ug-drop\/#breadcrumb"},"inLanguage":"es","potentialAction":[{"@type":"ReadAction","target":["https:\/\/medicinasinc.com\/es\/product\/comprar-lsd-liquido-200ug-drop\/"]}]},{"@type":"ImageObject","inLanguage":"es","@id":"https:\/\/medicinasinc.com\/es\/product\/comprar-lsd-liquido-200ug-drop\/#primaryimage","url":"https:\/\/medicinasinc.com\/es\/wp-content\/uploads\/sites\/15\/2022\/02\/Buy-LSD-liquid-200ug-Drop.jpg","contentUrl":"https:\/\/medicinasinc.com\/es\/wp-content\/uploads\/sites\/15\/2022\/02\/Buy-LSD-liquid-200ug-Drop.jpg","width":363,"height":445},{"@type":"BreadcrumbList","@id":"https:\/\/medicinasinc.com\/es\/product\/comprar-lsd-liquido-200ug-drop\/#breadcrumb","itemListElement":[{"@type":"ListItem","position":1,"name":"Tienda","item":"https:\/\/medicinasinc.com\/es\/tienda\/"},{"@type":"ListItem","position":2,"name":"Comprar LSD l\u00edquido Gota 200ug"}]},{"@type":"WebSite","@id":"https:\/\/medicinasinc.com\/es\/#website","url":"https:\/\/medicinasinc.com\/es\/","name":"Medicinas Inc","description":"Cl\u00ednica M\u00e9dica de Salud","potentialAction":[{"@type":"SearchAction","target":{"@type":"EntryPoint","urlTemplate":"https:\/\/medicinasinc.com\/es\/?s={search_term_string}"},"query-input":{"@type":"PropertyValueSpecification","valueRequired":true,"valueName":"search_term_string"}}],"inLanguage":"es"}]}},"_links":{"self":[{"href":"https:\/\/medicinasinc.com\/es\/wp-json\/wp\/v2\/product\/4854","targetHints":{"allow":["GET"]}}],"collection":[{"href":"https:\/\/medicinasinc.com\/es\/wp-json\/wp\/v2\/product"}],"about":[{"href":"https:\/\/medicinasinc.com\/es\/wp-json\/wp\/v2\/types\/product"}],"replies":[{"embeddable":true,"href":"https:\/\/medicinasinc.com\/es\/wp-json\/wp\/v2\/comments?post=4854"}],"wp:featuredmedia":[{"embeddable":true,"href":"https:\/\/medicinasinc.com\/es\/wp-json\/wp\/v2\/media\/4868"}],"wp:attachment":[{"href":"https:\/\/medicinasinc.com\/es\/wp-json\/wp\/v2\/media?parent=4854"}],"wp:term":[{"taxonomy":"product_brand","embeddable":true,"href":"https:\/\/medicinasinc.com\/es\/wp-json\/wp\/v2\/product_brand?post=4854"},{"taxonomy":"product_cat","embeddable":true,"href":"https:\/\/medicinasinc.com\/es\/wp-json\/wp\/v2\/product_cat?post=4854"},{"taxonomy":"product_tag","embeddable":true,"href":"https:\/\/medicinasinc.com\/es\/wp-json\/wp\/v2\/product_tag?post=4854"}],"curies":[{"name":"wp","href":"https:\/\/api.w.org\/{rel}","templated":true}]}}