{"id":4849,"date":"2022-02-20T16:51:26","date_gmt":"2022-02-20T16:51:26","guid":{"rendered":"https:\/\/medicinasinc.com\/es\/?post_type=product&#038;p=4849"},"modified":"2022-03-22T01:02:52","modified_gmt":"2022-03-22T01:02:52","slug":"comprar-ibogaina-en-polvo","status":"publish","type":"product","link":"https:\/\/medicinasinc.com\/es\/product\/comprar-ibogaina-en-polvo\/","title":{"rendered":"Comprar polvo de iboga\u00edna"},"content":{"rendered":"<p>Clorhidrato de iboga\u00edna<\/p>\n<p>La iboga\u00edna HCL es una sustancia psicoactiva natural que se encuentra en plantas que pertenecen a la familia Apocynaceae, incluidas Tabernanthe iboga, Voacanga africana y Tabernaemontana undulata.<\/p>\n<p>Es un psicod\u00e9lico disociativo. La investigaci\u00f3n preliminar indica que puede ser beneficioso en el tratamiento de la adicci\u00f3n a las drogas. La iboga\u00edna est\u00e1 disponible para su compra. La iboga\u00edna HCL se puede comprar en l\u00ednea. Polvo de clorhidrato de iboga\u00edna. La iboga\u00edna se puede comprar en l\u00ednea.<\/p>\n<p>Adem\u00e1s, a partir de 2016, existen numerosas formas de iboga\u00edna disponibles, que van desde el polvo de ra\u00edz, que contiene cantidades extremadamente peque\u00f1as de iboga\u00edna y tiene muy poco efecto cuando se usa para aliviar los opioides s\u00edntomas de abstinencia, a iboga\u00edna HCL altamente purificada, 99.7 por ciento pura. Iboga\u00edna HCL a la venta en l\u00ednea<\/p>\n<p>Clorhidrato de iboga\u00edna a la venta<\/p>\n<p>Para empezar, utilizamos 99,7 % de iboga\u00edna HCL de grado farmac\u00e9utico puro en el centro de tratamiento de iboga\u00edna de Meds Consulting. No utilizamos iboga\u00edna semisint\u00e9tica de bajo costo derivada de Voacanga africana, ni extractos de TA (alcaloide total) o PTA (alcaloide total purificado). La iboga\u00edna se puede comprar en l\u00ednea.<\/p>\n<p>Nuestras materias primas se originan en Camer\u00fan (no en Gab\u00f3n), a trav\u00e9s de una cooperativa de agricultores que ha estado cultivando iboga TA para nuestro uso desde mediados de la d\u00e9cada de 1990, utilizando una agricultura ecol\u00f3gica y sostenible. practicas No utilizamos materiales del mercado negro o gris que sean desconocidos en t\u00e9rminos de origen o pureza. La iboga\u00edna HCL se puede comprar en l\u00ednea.<\/p>\n<p>Nuestro clorhidrato de iboga\u00edna se fabric\u00f3 en un laboratorio que cumple con las cGMP y cumple con todas las pautas de la USFDA. Meds Consulting utiliza la iboga\u00edna HCL m\u00e1s pura disponible cuando utiliza productos qu\u00edmicos naturales; nuestros materiales tienen una pureza certificada del 99,7 % a trav\u00e9s de un ensayo de HPLC.<\/p>\n<p>Propiedades psicoactivas de la iboga\u00edna<\/p>\n<p>Para empezar, las propiedades psicoactivas de la iboga\u00edna producen una experiencia espiritual mejorada. El paciente obtiene una visi\u00f3n profunda, que le brinda claridad sobre su vida y lo motiva a realizar cambios psicol\u00f3gicos y vivir una vida libre de drogas. La iboga\u00edna est\u00e1 disponible para su compra.<\/p>\n<p>La iboga\u00edna tiene un potencial significativo para tratar las adicciones a las drogas duras como la hero\u00edna, la metadona, la coca\u00edna, el crack y el alcohol, seg\u00fan los estudios. Adem\u00e1s, existe evidencia de que es beneficioso en el tratamiento de la adicci\u00f3n al tabaco. La iboga\u00edna se puede comprar en l\u00ednea.<\/p>\n<p>Adem\u00e1s, la iboga\u00edna brinda oportunidades para la psicoterapia y la ense\u00f1anza espiritual. Adem\u00e1s, la iboga\u00edna se puede utilizar en psicoterapia para tratar los efectos de un trauma o condicionamiento. La iboga\u00edna est\u00e1 disponible para su compra.<\/p>\n<p>\u00bfEs la terapia efectiva y segura?<\/p>\n<p>Las personas ocasionalmente buscan iboga\u00edna para la venta con la esperanza de someterse a una terapia con iboga\u00edna para la adicci\u00f3n a los opi\u00e1ceos. Sin embargo, como ocurre con cualquier tratamiento, la terapia con iboga\u00edna no garantiza el \u00e9xito. El mejor polvo de clorhidrato de iboga\u00edna<\/p>\n<p>Adem\u00e1s, la terapia con HCL de iboga\u00edna puede usarse para ayudar a una persona a superar una adicci\u00f3n a los opi\u00e1ceos. La iboga\u00edna est\u00e1 disponible para su compra.<\/p>\n<p>Adem\u00e1s, la iboga\u00edna ayuda a restablecer los niveles qu\u00edmicos en el cerebro, pero el cerebro se vuelve f\u00edsicamente dependiente de la iboga\u00edna con relativa rapidez. Por lo tanto, si una persona consume una cantidad excesiva de iboga\u00edna a la vez, puede sufrir una sobredosis fatal. La iboga\u00edna se puede comprar en l\u00ednea.<\/p>\n<p>No todas las iboga\u00ednas son iguales. Diversos materiales pueden tener efectos marcadamente diferentes. Nuestra iboga\u00edna es id\u00e9ntica a la utilizada en todas las monograf\u00edas publicadas en revistas revisadas por pares hasta la fecha, lo que demuestra la supuesta capacidad de la iboga\u00edna para aliviar los s\u00edntomas de abstinencia asociados con los trastornos por abuso de varias sustancias. La iboga\u00edna se puede comprar en l\u00ednea.<\/p>\n<p>Proporcionamos el programa de desintoxicaci\u00f3n de iboga\u00edna m\u00e1s seguro y efectivo del mundo, utilizando el clorhidrato de iboga\u00edna m\u00e1s puro disponible en el planeta. Polvo de clorhidrato de iboga\u00edna.<\/p>\n","protected":false},"excerpt":{"rendered":"<div class=\"woocommerce-product-details__short-description\">\n<p>Compre iboga\u00edna en polvo de \u00c1frica en el Reino Unido, Europa a la venta desde el mejor sitio web, iboga\u00edna a la venta en l\u00ednea. Obtenga cortezas de ra\u00edz de Iboga, Ibogaine hcl, Iboga TA, c\u00e1psula de Ibogaine y voacanga en get ibogaine.<\/p>\n<p>Ibogaine HCL (clorhidrato) est\u00e1 aislado de nuestro extracto de Iboga TA y es ~95-99 % de Ibogaine HCL puro.<\/p>\n<\/p><\/div>\n","protected":false},"featured_media":4862,"comment_status":"open","ping_status":"closed","template":"","meta":[],"product_brand":[],"product_cat":[703],"product_tag":[727,728,729,730,737,726,731,732,738,740,733,734,736,741,725,742,735,744,739,743],"class_list":{"0":"post-4849","1":"product","2":"type-product","3":"status-publish","4":"has-post-thumbnail","6":"product_cat-comprar-drogas-psicodelicas","7":"product_tag-buy-iboga-root-back","8":"product_tag-buy-iboga-root-bark","9":"product_tag-buy-iboga-root-bark-chips","10":"product_tag-buy-iboga-root-bark-online","11":"product_tag-chips-de-corteza-de-raiz-de-iboga-a-la-venta","12":"product_tag-comprar-iboga","13":"product_tag-comprar-ibogana","14":"product_tag-comprar-ibogaina-online","15":"product_tag-corteza-de-raz-de-iboga-para-la-venta","16":"product_tag-corteza-de-raiz-de-iboga-en-venta-online","17":"product_tag-eboca","18":"product_tag-iboga-en-venta","19":"product_tag-iboga-root-back-for-sale","20":"product_tag-ibogaine-for-sale","21":"product_tag-madera-sagrada","22":"product_tag-orden-iboga-online","23":"product_tag-polvo-de-iboga","24":"product_tag-tabernanthe-iboga","25":"product_tag-corteza-de-raz-de-iboga-a-la-venta","26":"product_tag-puro-iboga-polvo-para-la-venta","28":"first","29":"instock","30":"shipping-taxable","31":"purchasable","32":"product-type-variable","33":"has-default-attributes"},"yoast_head":"<!-- This site is optimized with the Yoast SEO plugin v27.3 - https:\/\/yoast.com\/product\/yoast-seo-wordpress\/ -->\n<title>Comprar polvo de iboga\u00edna - Iboga en venta - Best Best Global Meds<\/title>\n<meta name=\"description\" content=\"Compre Iboga\u00edna en polvo de \u00c1frica en el Reino Unido, Europa a la venta desde el mejor sitio web, Iboga\u00edna a la venta en l\u00ednea. Obtenga cortezas de ra\u00edz de Iboga, Ibogaine hcl, Iboga TA, c\u00e1psula de Ibogaine y voacanga en get ibogaine.\" \/>\n<meta name=\"robots\" content=\"index, follow, max-snippet:-1, max-image-preview:large, max-video-preview:-1\" \/>\n<link rel=\"canonical\" href=\"https:\/\/medicinasinc.com\/es\/product\/comprar-ibogaina-en-polvo\/\" \/>\n<meta property=\"og:locale\" content=\"es_ES\" \/>\n<meta property=\"og:type\" content=\"article\" \/>\n<meta property=\"og:title\" content=\"Comprar polvo de iboga\u00edna - Iboga en venta - Best Best Global Meds\" \/>\n<meta property=\"og:description\" content=\"Compre Iboga\u00edna en polvo de \u00c1frica en el Reino Unido, Europa a la venta desde el mejor sitio web, Iboga\u00edna a la venta en l\u00ednea. Obtenga cortezas de ra\u00edz de Iboga, Ibogaine hcl, Iboga TA, c\u00e1psula de Ibogaine y voacanga en get ibogaine.\" \/>\n<meta property=\"og:url\" content=\"https:\/\/medicinasinc.com\/es\/product\/comprar-ibogaina-en-polvo\/\" \/>\n<meta property=\"og:site_name\" content=\"Medicinas Inc\" \/>\n<meta property=\"article:modified_time\" content=\"2022-03-22T01:02:52+00:00\" \/>\n<meta property=\"og:image\" content=\"https:\/\/medicinasinc.com\/es\/wp-content\/uploads\/sites\/15\/2022\/02\/Buy-Ibogaine-Powder.webp\" \/>\n\t<meta property=\"og:image:width\" content=\"400\" \/>\n\t<meta property=\"og:image:height\" content=\"533\" \/>\n\t<meta property=\"og:image:type\" content=\"image\/webp\" \/>\n<meta name=\"twitter:card\" content=\"summary_large_image\" \/>\n<meta name=\"twitter:label1\" content=\"Tiempo de lectura\" \/>\n\t<meta name=\"twitter:data1\" content=\"3 minutos\" \/>\n<script type=\"application\/ld+json\" class=\"yoast-schema-graph\">{\"@context\":\"https:\\\/\\\/schema.org\",\"@graph\":[{\"@type\":\"WebPage\",\"@id\":\"https:\\\/\\\/medicinasinc.com\\\/es\\\/product\\\/comprar-ibogaina-en-polvo\\\/\",\"url\":\"https:\\\/\\\/medicinasinc.com\\\/es\\\/product\\\/comprar-ibogaina-en-polvo\\\/\",\"name\":\"Comprar polvo de iboga\u00edna - Iboga en venta - Best Best Global Meds\",\"isPartOf\":{\"@id\":\"https:\\\/\\\/medicinasinc.com\\\/es\\\/#website\"},\"primaryImageOfPage\":{\"@id\":\"https:\\\/\\\/medicinasinc.com\\\/es\\\/product\\\/comprar-ibogaina-en-polvo\\\/#primaryimage\"},\"image\":{\"@id\":\"https:\\\/\\\/medicinasinc.com\\\/es\\\/product\\\/comprar-ibogaina-en-polvo\\\/#primaryimage\"},\"thumbnailUrl\":\"https:\\\/\\\/medicinasinc.com\\\/es\\\/wp-content\\\/uploads\\\/sites\\\/15\\\/2022\\\/02\\\/Buy-Ibogaine-Powder.webp\",\"datePublished\":\"2022-02-20T16:51:26+00:00\",\"dateModified\":\"2022-03-22T01:02:52+00:00\",\"description\":\"Compre Iboga\u00edna en polvo de \u00c1frica en el Reino Unido, Europa a la venta desde el mejor sitio web, Iboga\u00edna a la venta en l\u00ednea. Obtenga cortezas de ra\u00edz de Iboga, Ibogaine hcl, Iboga TA, c\u00e1psula de Ibogaine y voacanga en get ibogaine.\",\"breadcrumb\":{\"@id\":\"https:\\\/\\\/medicinasinc.com\\\/es\\\/product\\\/comprar-ibogaina-en-polvo\\\/#breadcrumb\"},\"inLanguage\":\"es\",\"potentialAction\":[{\"@type\":\"ReadAction\",\"target\":[\"https:\\\/\\\/medicinasinc.com\\\/es\\\/product\\\/comprar-ibogaina-en-polvo\\\/\"]}]},{\"@type\":\"ImageObject\",\"inLanguage\":\"es\",\"@id\":\"https:\\\/\\\/medicinasinc.com\\\/es\\\/product\\\/comprar-ibogaina-en-polvo\\\/#primaryimage\",\"url\":\"https:\\\/\\\/medicinasinc.com\\\/es\\\/wp-content\\\/uploads\\\/sites\\\/15\\\/2022\\\/02\\\/Buy-Ibogaine-Powder.webp\",\"contentUrl\":\"https:\\\/\\\/medicinasinc.com\\\/es\\\/wp-content\\\/uploads\\\/sites\\\/15\\\/2022\\\/02\\\/Buy-Ibogaine-Powder.webp\",\"width\":400,\"height\":533},{\"@type\":\"BreadcrumbList\",\"@id\":\"https:\\\/\\\/medicinasinc.com\\\/es\\\/product\\\/comprar-ibogaina-en-polvo\\\/#breadcrumb\",\"itemListElement\":[{\"@type\":\"ListItem\",\"position\":1,\"name\":\"Tienda\",\"item\":\"https:\\\/\\\/medicinasinc.com\\\/es\\\/tienda\\\/\"},{\"@type\":\"ListItem\",\"position\":2,\"name\":\"Comprar polvo de iboga\u00edna\"}]},{\"@type\":\"WebSite\",\"@id\":\"https:\\\/\\\/medicinasinc.com\\\/es\\\/#website\",\"url\":\"https:\\\/\\\/medicinasinc.com\\\/es\\\/\",\"name\":\"Medicinas Inc\",\"description\":\"Cl\u00ednica M\u00e9dica de Salud\",\"potentialAction\":[{\"@type\":\"SearchAction\",\"target\":{\"@type\":\"EntryPoint\",\"urlTemplate\":\"https:\\\/\\\/medicinasinc.com\\\/es\\\/?s={search_term_string}\"},\"query-input\":{\"@type\":\"PropertyValueSpecification\",\"valueRequired\":true,\"valueName\":\"search_term_string\"}}],\"inLanguage\":\"es\"}]}<\/script>\n<!-- \/ Yoast SEO plugin. -->","yoast_head_json":{"title":"Comprar polvo de iboga\u00edna - Iboga en venta - Best Best Global Meds","description":"Compre Iboga\u00edna en polvo de \u00c1frica en el Reino Unido, Europa a la venta desde el mejor sitio web, Iboga\u00edna a la venta en l\u00ednea. Obtenga cortezas de ra\u00edz de Iboga, Ibogaine hcl, Iboga TA, c\u00e1psula de Ibogaine y voacanga en get ibogaine.","robots":{"index":"index","follow":"follow","max-snippet":"max-snippet:-1","max-image-preview":"max-image-preview:large","max-video-preview":"max-video-preview:-1"},"canonical":"https:\/\/medicinasinc.com\/es\/product\/comprar-ibogaina-en-polvo\/","og_locale":"es_ES","og_type":"article","og_title":"Comprar polvo de iboga\u00edna - Iboga en venta - Best Best Global Meds","og_description":"Compre Iboga\u00edna en polvo de \u00c1frica en el Reino Unido, Europa a la venta desde el mejor sitio web, Iboga\u00edna a la venta en l\u00ednea. Obtenga cortezas de ra\u00edz de Iboga, Ibogaine hcl, Iboga TA, c\u00e1psula de Ibogaine y voacanga en get ibogaine.","og_url":"https:\/\/medicinasinc.com\/es\/product\/comprar-ibogaina-en-polvo\/","og_site_name":"Medicinas Inc","article_modified_time":"2022-03-22T01:02:52+00:00","og_image":[{"width":400,"height":533,"url":"https:\/\/medicinasinc.com\/es\/wp-content\/uploads\/sites\/15\/2022\/02\/Buy-Ibogaine-Powder.webp","type":"image\/webp"}],"twitter_card":"summary_large_image","twitter_misc":{"Tiempo de lectura":"3 minutos"},"schema":{"@context":"https:\/\/schema.org","@graph":[{"@type":"WebPage","@id":"https:\/\/medicinasinc.com\/es\/product\/comprar-ibogaina-en-polvo\/","url":"https:\/\/medicinasinc.com\/es\/product\/comprar-ibogaina-en-polvo\/","name":"Comprar polvo de iboga\u00edna - Iboga en venta - Best Best Global Meds","isPartOf":{"@id":"https:\/\/medicinasinc.com\/es\/#website"},"primaryImageOfPage":{"@id":"https:\/\/medicinasinc.com\/es\/product\/comprar-ibogaina-en-polvo\/#primaryimage"},"image":{"@id":"https:\/\/medicinasinc.com\/es\/product\/comprar-ibogaina-en-polvo\/#primaryimage"},"thumbnailUrl":"https:\/\/medicinasinc.com\/es\/wp-content\/uploads\/sites\/15\/2022\/02\/Buy-Ibogaine-Powder.webp","datePublished":"2022-02-20T16:51:26+00:00","dateModified":"2022-03-22T01:02:52+00:00","description":"Compre Iboga\u00edna en polvo de \u00c1frica en el Reino Unido, Europa a la venta desde el mejor sitio web, Iboga\u00edna a la venta en l\u00ednea. Obtenga cortezas de ra\u00edz de Iboga, Ibogaine hcl, Iboga TA, c\u00e1psula de Ibogaine y voacanga en get ibogaine.","breadcrumb":{"@id":"https:\/\/medicinasinc.com\/es\/product\/comprar-ibogaina-en-polvo\/#breadcrumb"},"inLanguage":"es","potentialAction":[{"@type":"ReadAction","target":["https:\/\/medicinasinc.com\/es\/product\/comprar-ibogaina-en-polvo\/"]}]},{"@type":"ImageObject","inLanguage":"es","@id":"https:\/\/medicinasinc.com\/es\/product\/comprar-ibogaina-en-polvo\/#primaryimage","url":"https:\/\/medicinasinc.com\/es\/wp-content\/uploads\/sites\/15\/2022\/02\/Buy-Ibogaine-Powder.webp","contentUrl":"https:\/\/medicinasinc.com\/es\/wp-content\/uploads\/sites\/15\/2022\/02\/Buy-Ibogaine-Powder.webp","width":400,"height":533},{"@type":"BreadcrumbList","@id":"https:\/\/medicinasinc.com\/es\/product\/comprar-ibogaina-en-polvo\/#breadcrumb","itemListElement":[{"@type":"ListItem","position":1,"name":"Tienda","item":"https:\/\/medicinasinc.com\/es\/tienda\/"},{"@type":"ListItem","position":2,"name":"Comprar polvo de iboga\u00edna"}]},{"@type":"WebSite","@id":"https:\/\/medicinasinc.com\/es\/#website","url":"https:\/\/medicinasinc.com\/es\/","name":"Medicinas Inc","description":"Cl\u00ednica M\u00e9dica de Salud","potentialAction":[{"@type":"SearchAction","target":{"@type":"EntryPoint","urlTemplate":"https:\/\/medicinasinc.com\/es\/?s={search_term_string}"},"query-input":{"@type":"PropertyValueSpecification","valueRequired":true,"valueName":"search_term_string"}}],"inLanguage":"es"}]}},"_links":{"self":[{"href":"https:\/\/medicinasinc.com\/es\/wp-json\/wp\/v2\/product\/4849","targetHints":{"allow":["GET"]}}],"collection":[{"href":"https:\/\/medicinasinc.com\/es\/wp-json\/wp\/v2\/product"}],"about":[{"href":"https:\/\/medicinasinc.com\/es\/wp-json\/wp\/v2\/types\/product"}],"replies":[{"embeddable":true,"href":"https:\/\/medicinasinc.com\/es\/wp-json\/wp\/v2\/comments?post=4849"}],"wp:featuredmedia":[{"embeddable":true,"href":"https:\/\/medicinasinc.com\/es\/wp-json\/wp\/v2\/media\/4862"}],"wp:attachment":[{"href":"https:\/\/medicinasinc.com\/es\/wp-json\/wp\/v2\/media?parent=4849"}],"wp:term":[{"taxonomy":"product_brand","embeddable":true,"href":"https:\/\/medicinasinc.com\/es\/wp-json\/wp\/v2\/product_brand?post=4849"},{"taxonomy":"product_cat","embeddable":true,"href":"https:\/\/medicinasinc.com\/es\/wp-json\/wp\/v2\/product_cat?post=4849"},{"taxonomy":"product_tag","embeddable":true,"href":"https:\/\/medicinasinc.com\/es\/wp-json\/wp\/v2\/product_tag?post=4849"}],"curies":[{"name":"wp","href":"https:\/\/api.w.org\/{rel}","templated":true}]}}