{"id":4848,"date":"2022-02-20T16:50:30","date_gmt":"2022-02-20T16:50:30","guid":{"rendered":"https:\/\/medicinasinc.com\/es\/?post_type=product&#038;p=4848"},"modified":"2022-03-22T01:03:01","modified_gmt":"2022-03-22T01:03:01","slug":"comprar-ketamina-en-polvo","status":"publish","type":"product","link":"https:\/\/medicinasinc.com\/es\/product\/comprar-ketamina-en-polvo\/","title":{"rendered":"Comprar ketamina en polvo"},"content":{"rendered":"<p>El polvo de ketamina se puede comprar en l\u00ednea.<\/p>\n<p>Compre polvo de ketamina para el control del dolor posoperatorio<br \/> El dolor posoperatorio ocurre despu\u00e9s de una cirug\u00eda mayor que incluye incisi\u00f3n e injerto. Puede persistir de dos a cinco d\u00edas, y es necesario un manejo adecuado para erradicarlo. Un control inadecuado puede resultar en inmovilidad, un tiempo m\u00e1s dif\u00edcil para recuperar la funci\u00f3n y una recuperaci\u00f3n retrasada. El objetivo es aliviar las molestias con el menor n\u00famero de efectos secundarios posibles. A pesar de los a\u00f1os de avances en el manejo del dolor, el soporte principal de la terapia posoperatoria sigue siendo la venta de anest\u00e9sicos como el polvo de ketamina. Se unen a los receptores del sistema nervioso central e inhiben la transmisi\u00f3n de se\u00f1ales de dolor. Tiene un inicio de acci\u00f3n r\u00e1pido y una duraci\u00f3n de efecto de una hora. Los responsables de administrar el medicamento deben asegurarse de que no ocurran interacciones letales.<\/p>\n<p>Best Global Meds: la \u00fanica fuente de ketamina en polvo asequible<br \/> Ahora se puede acceder a una amplia variedad de medicamentos recetados sin mover un pulgada de una ubicaci\u00f3n. En Best Global Meds, puede pedir Ketamina en polvo desde la comodidad de su hogar u oficina. Nos esforzamos por hacer que las compras en l\u00ednea sean simples y seguras para nuestros clientes. Es por eso que aceptamos una variedad de m\u00e9todos de pago, incluida la criptomoneda, y protegemos la informaci\u00f3n de su tarjeta de cr\u00e9dito a trav\u00e9s del cifrado de la tarjeta de cr\u00e9dito. Adem\u00e1s, el procedimiento de env\u00edo est\u00e1 libre de riesgos. Trabajamos con servicios de transporte acreditados para asegurar sus medicamentos y enviarlos directamente a su hogar.<\/p>\n<p>Si tiene alguna pregunta sobre nosotros o nuestros productos, comun\u00edquese con uno de nuestros ejecutivos. \u00a1Con gusto responderemos cualquier pregunta que puedas tener!<\/p>\n","protected":false},"excerpt":{"rendered":"<div class=\"woocommerce-product-details__short-description\">\n<p>Comprar ketamina en polvo Env\u00edo a la Uni\u00f3n Europea, pago v\u00eda Bitcoin. Ketamina en polvo con descuento &#8211; comprar productos qu\u00edmicos de investigaci\u00f3n en Europa. El minorista m\u00e1s grande de Europa de ketamina en polvo.<\/p>\n<p>La ketamina en polvo se puede comprar en l\u00ednea. Compre ketamina HCL en polvo en l\u00ednea \u2013 Compre ketamina en polvo en l\u00ednea \u2013 Pida ketamina en polvo<\/p>\n<\/p><\/div>\n","protected":false},"featured_media":4860,"comment_status":"open","ping_status":"closed","template":"","meta":[],"product_brand":[],"product_cat":[703],"product_tag":[],"class_list":{"0":"post-4848","1":"product","2":"type-product","3":"status-publish","4":"has-post-thumbnail","6":"product_cat-comprar-drogas-psicodelicas","8":"first","9":"instock","10":"shipping-taxable","11":"purchasable","12":"product-type-variable","13":"has-default-attributes"},"yoast_head":"<!-- This site is optimized with the Yoast SEO plugin v27.2 - https:\/\/yoast.com\/product\/yoast-seo-wordpress\/ -->\n<title>Comprar ketamina en polvo - Venta de ketamina en Europa - Best Best Global Meds<\/title>\n<meta name=\"description\" content=\"Compre ketamina en polvo para la venta Env\u00edo de la UE, pago de Bitcoin. Proveedor de polvo de ketamina barato: compre productos qu\u00edmicos de investigaci\u00f3n en Europa. Tienda de ketamina en polvo en Europa.\" \/>\n<meta name=\"robots\" content=\"index, follow, max-snippet:-1, max-image-preview:large, max-video-preview:-1\" \/>\n<link rel=\"canonical\" href=\"https:\/\/medicinasinc.com\/es\/product\/comprar-ketamina-en-polvo\/\" \/>\n<meta property=\"og:locale\" content=\"es_ES\" \/>\n<meta property=\"og:type\" content=\"article\" \/>\n<meta property=\"og:title\" content=\"Comprar ketamina en polvo - Venta de ketamina en Europa - Best Best Global Meds\" \/>\n<meta property=\"og:description\" content=\"Compre ketamina en polvo para la venta Env\u00edo de la UE, pago de Bitcoin. Proveedor de polvo de ketamina barato: compre productos qu\u00edmicos de investigaci\u00f3n en Europa. Tienda de ketamina en polvo en Europa.\" \/>\n<meta property=\"og:url\" content=\"https:\/\/medicinasinc.com\/es\/product\/comprar-ketamina-en-polvo\/\" \/>\n<meta property=\"og:site_name\" content=\"Medicinas Inc\" \/>\n<meta property=\"article:modified_time\" content=\"2022-03-22T01:03:01+00:00\" \/>\n<meta property=\"og:image\" content=\"https:\/\/medicinasinc.com\/es\/wp-content\/uploads\/sites\/15\/2022\/02\/Buy-Ketamine-powder.jpg\" \/>\n\t<meta property=\"og:image:width\" content=\"900\" \/>\n\t<meta property=\"og:image:height\" content=\"675\" \/>\n\t<meta property=\"og:image:type\" content=\"image\/jpeg\" \/>\n<meta name=\"twitter:card\" content=\"summary_large_image\" \/>\n<meta name=\"twitter:label1\" content=\"Tiempo de lectura\" \/>\n\t<meta name=\"twitter:data1\" content=\"2 minutos\" \/>\n<script type=\"application\/ld+json\" class=\"yoast-schema-graph\">{\"@context\":\"https:\/\/schema.org\",\"@graph\":[{\"@type\":\"WebPage\",\"@id\":\"https:\/\/medicinasinc.com\/es\/product\/comprar-ketamina-en-polvo\/\",\"url\":\"https:\/\/medicinasinc.com\/es\/product\/comprar-ketamina-en-polvo\/\",\"name\":\"Comprar ketamina en polvo - Venta de ketamina en Europa - Best Best Global Meds\",\"isPartOf\":{\"@id\":\"https:\/\/medicinasinc.com\/es\/#website\"},\"primaryImageOfPage\":{\"@id\":\"https:\/\/medicinasinc.com\/es\/product\/comprar-ketamina-en-polvo\/#primaryimage\"},\"image\":{\"@id\":\"https:\/\/medicinasinc.com\/es\/product\/comprar-ketamina-en-polvo\/#primaryimage\"},\"thumbnailUrl\":\"https:\/\/medicinasinc.com\/es\/wp-content\/uploads\/sites\/15\/2022\/02\/Buy-Ketamine-powder.jpg\",\"datePublished\":\"2022-02-20T16:50:30+00:00\",\"dateModified\":\"2022-03-22T01:03:01+00:00\",\"description\":\"Compre ketamina en polvo para la venta Env\u00edo de la UE, pago de Bitcoin. Proveedor de polvo de ketamina barato: compre productos qu\u00edmicos de investigaci\u00f3n en Europa. Tienda de ketamina en polvo en Europa.\",\"breadcrumb\":{\"@id\":\"https:\/\/medicinasinc.com\/es\/product\/comprar-ketamina-en-polvo\/#breadcrumb\"},\"inLanguage\":\"es\",\"potentialAction\":[{\"@type\":\"ReadAction\",\"target\":[\"https:\/\/medicinasinc.com\/es\/product\/comprar-ketamina-en-polvo\/\"]}]},{\"@type\":\"ImageObject\",\"inLanguage\":\"es\",\"@id\":\"https:\/\/medicinasinc.com\/es\/product\/comprar-ketamina-en-polvo\/#primaryimage\",\"url\":\"https:\/\/medicinasinc.com\/es\/wp-content\/uploads\/sites\/15\/2022\/02\/Buy-Ketamine-powder.jpg\",\"contentUrl\":\"https:\/\/medicinasinc.com\/es\/wp-content\/uploads\/sites\/15\/2022\/02\/Buy-Ketamine-powder.jpg\",\"width\":900,\"height\":675},{\"@type\":\"BreadcrumbList\",\"@id\":\"https:\/\/medicinasinc.com\/es\/product\/comprar-ketamina-en-polvo\/#breadcrumb\",\"itemListElement\":[{\"@type\":\"ListItem\",\"position\":1,\"name\":\"Tienda\",\"item\":\"https:\/\/medicinasinc.com\/es\/tienda\/\"},{\"@type\":\"ListItem\",\"position\":2,\"name\":\"Comprar ketamina en polvo\"}]},{\"@type\":\"WebSite\",\"@id\":\"https:\/\/medicinasinc.com\/es\/#website\",\"url\":\"https:\/\/medicinasinc.com\/es\/\",\"name\":\"Medicinas Inc\",\"description\":\"Cl\u00ednica M\u00e9dica de Salud\",\"potentialAction\":[{\"@type\":\"SearchAction\",\"target\":{\"@type\":\"EntryPoint\",\"urlTemplate\":\"https:\/\/medicinasinc.com\/es\/?s={search_term_string}\"},\"query-input\":{\"@type\":\"PropertyValueSpecification\",\"valueRequired\":true,\"valueName\":\"search_term_string\"}}],\"inLanguage\":\"es\"}]}<\/script>\n<!-- \/ Yoast SEO plugin. -->","yoast_head_json":{"title":"Comprar ketamina en polvo - Venta de ketamina en Europa - Best Best Global Meds","description":"Compre ketamina en polvo para la venta Env\u00edo de la UE, pago de Bitcoin. Proveedor de polvo de ketamina barato: compre productos qu\u00edmicos de investigaci\u00f3n en Europa. Tienda de ketamina en polvo en Europa.","robots":{"index":"index","follow":"follow","max-snippet":"max-snippet:-1","max-image-preview":"max-image-preview:large","max-video-preview":"max-video-preview:-1"},"canonical":"https:\/\/medicinasinc.com\/es\/product\/comprar-ketamina-en-polvo\/","og_locale":"es_ES","og_type":"article","og_title":"Comprar ketamina en polvo - Venta de ketamina en Europa - Best Best Global Meds","og_description":"Compre ketamina en polvo para la venta Env\u00edo de la UE, pago de Bitcoin. Proveedor de polvo de ketamina barato: compre productos qu\u00edmicos de investigaci\u00f3n en Europa. Tienda de ketamina en polvo en Europa.","og_url":"https:\/\/medicinasinc.com\/es\/product\/comprar-ketamina-en-polvo\/","og_site_name":"Medicinas Inc","article_modified_time":"2022-03-22T01:03:01+00:00","og_image":[{"width":900,"height":675,"url":"https:\/\/medicinasinc.com\/es\/wp-content\/uploads\/sites\/15\/2022\/02\/Buy-Ketamine-powder.jpg","type":"image\/jpeg"}],"twitter_card":"summary_large_image","twitter_misc":{"Tiempo de lectura":"2 minutos"},"schema":{"@context":"https:\/\/schema.org","@graph":[{"@type":"WebPage","@id":"https:\/\/medicinasinc.com\/es\/product\/comprar-ketamina-en-polvo\/","url":"https:\/\/medicinasinc.com\/es\/product\/comprar-ketamina-en-polvo\/","name":"Comprar ketamina en polvo - Venta de ketamina en Europa - Best Best Global Meds","isPartOf":{"@id":"https:\/\/medicinasinc.com\/es\/#website"},"primaryImageOfPage":{"@id":"https:\/\/medicinasinc.com\/es\/product\/comprar-ketamina-en-polvo\/#primaryimage"},"image":{"@id":"https:\/\/medicinasinc.com\/es\/product\/comprar-ketamina-en-polvo\/#primaryimage"},"thumbnailUrl":"https:\/\/medicinasinc.com\/es\/wp-content\/uploads\/sites\/15\/2022\/02\/Buy-Ketamine-powder.jpg","datePublished":"2022-02-20T16:50:30+00:00","dateModified":"2022-03-22T01:03:01+00:00","description":"Compre ketamina en polvo para la venta Env\u00edo de la UE, pago de Bitcoin. Proveedor de polvo de ketamina barato: compre productos qu\u00edmicos de investigaci\u00f3n en Europa. Tienda de ketamina en polvo en Europa.","breadcrumb":{"@id":"https:\/\/medicinasinc.com\/es\/product\/comprar-ketamina-en-polvo\/#breadcrumb"},"inLanguage":"es","potentialAction":[{"@type":"ReadAction","target":["https:\/\/medicinasinc.com\/es\/product\/comprar-ketamina-en-polvo\/"]}]},{"@type":"ImageObject","inLanguage":"es","@id":"https:\/\/medicinasinc.com\/es\/product\/comprar-ketamina-en-polvo\/#primaryimage","url":"https:\/\/medicinasinc.com\/es\/wp-content\/uploads\/sites\/15\/2022\/02\/Buy-Ketamine-powder.jpg","contentUrl":"https:\/\/medicinasinc.com\/es\/wp-content\/uploads\/sites\/15\/2022\/02\/Buy-Ketamine-powder.jpg","width":900,"height":675},{"@type":"BreadcrumbList","@id":"https:\/\/medicinasinc.com\/es\/product\/comprar-ketamina-en-polvo\/#breadcrumb","itemListElement":[{"@type":"ListItem","position":1,"name":"Tienda","item":"https:\/\/medicinasinc.com\/es\/tienda\/"},{"@type":"ListItem","position":2,"name":"Comprar ketamina en polvo"}]},{"@type":"WebSite","@id":"https:\/\/medicinasinc.com\/es\/#website","url":"https:\/\/medicinasinc.com\/es\/","name":"Medicinas Inc","description":"Cl\u00ednica M\u00e9dica de Salud","potentialAction":[{"@type":"SearchAction","target":{"@type":"EntryPoint","urlTemplate":"https:\/\/medicinasinc.com\/es\/?s={search_term_string}"},"query-input":{"@type":"PropertyValueSpecification","valueRequired":true,"valueName":"search_term_string"}}],"inLanguage":"es"}]}},"_links":{"self":[{"href":"https:\/\/medicinasinc.com\/es\/wp-json\/wp\/v2\/product\/4848","targetHints":{"allow":["GET"]}}],"collection":[{"href":"https:\/\/medicinasinc.com\/es\/wp-json\/wp\/v2\/product"}],"about":[{"href":"https:\/\/medicinasinc.com\/es\/wp-json\/wp\/v2\/types\/product"}],"replies":[{"embeddable":true,"href":"https:\/\/medicinasinc.com\/es\/wp-json\/wp\/v2\/comments?post=4848"}],"wp:featuredmedia":[{"embeddable":true,"href":"https:\/\/medicinasinc.com\/es\/wp-json\/wp\/v2\/media\/4860"}],"wp:attachment":[{"href":"https:\/\/medicinasinc.com\/es\/wp-json\/wp\/v2\/media?parent=4848"}],"wp:term":[{"taxonomy":"product_brand","embeddable":true,"href":"https:\/\/medicinasinc.com\/es\/wp-json\/wp\/v2\/product_brand?post=4848"},{"taxonomy":"product_cat","embeddable":true,"href":"https:\/\/medicinasinc.com\/es\/wp-json\/wp\/v2\/product_cat?post=4848"},{"taxonomy":"product_tag","embeddable":true,"href":"https:\/\/medicinasinc.com\/es\/wp-json\/wp\/v2\/product_tag?post=4848"}],"curies":[{"name":"wp","href":"https:\/\/api.w.org\/{rel}","templated":true}]}}